{"id":37498,"date":"2018-02-09T11:08:21","date_gmt":"2023-06-05T10:32:37","guid":{"rendered":"https:\/\/cardinal.pixel-tal.de\/klebebaender\/bez-kategorii\/specjalna-tasma-maskujaca-tesakrepp-4432\/"},"modified":"2025-07-03T15:15:22","modified_gmt":"2025-07-03T13:15:22","slug":"specjalna-tasma-maskujaca-tesa-4432","status":"publish","type":"product","link":"https:\/\/cardinal-tapes.com\/pl\/ta\u015bmy-samoprzylepne\/jednostronne-tasmy-samoprzylepne\/specjalna-tasma-maskujaca-tesa-4432\/","title":{"rendered":"Specjalna ta\u015bma maskuj\u0105ca tesakrepp\u00ae 4432"},"content":{"rendered":"<p><sup>tesakrepp\u00ae<\/sup> 4432 to specjalna ta\u015bma maskuj\u0105ca z mocnym, odpornym i stabilizowanym no\u015bnikiem papierowym oraz silnym klejem.<\/p>\n<p><strong>W\u0142a\u015bciwo\u015bci <\/strong><br \/>\n&#8211; Dobra przyczepno\u015b\u0107 do farb<br \/>\n&#8211; Odporno\u015b\u0107 na wysokie temperatury<\/p>\n<p><strong>Zastosowania<\/strong><br \/>\n&#8211; Stosowana jako materia\u0142 szablonowy do piaskowania szk\u0142a i kamienia<\/p>\n","protected":false},"excerpt":{"rendered":"<p>tesakrepp\u00ae 4432 to specjalna ta\u015bma maskuj\u0105ca z mocnym, odpornym i stabilizowanym no\u015bnikiem papierowym oraz silnym klejem. W\u0142a\u015bciwo\u015bci &#8211; Dobra przyczepno\u015b\u0107 do farb &#8211; Odporno\u015b\u0107 na wysokie temperatury Zastosowania &#8211; Stosowana jako materia\u0142 szablonowy do piaskowania szk\u0142a i kamienia<\/p>\n","protected":false},"featured_media":26070,"template":"","meta":{"_acf_changed":false},"pwb-brand":[2164],"product_brand":[],"product_cat":[1816],"product_tag":[],"class_list":{"0":"post-37498","1":"product","2":"type-product","3":"status-publish","4":"has-post-thumbnail","6":"pwb-brand-tesa-pl","7":"product_cat-jednostronne-tasmy-samoprzylepne","9":"first","10":"instock","11":"taxable","12":"shipping-taxable","13":"purchasable","14":"product-type-variable"},"acf":[],"yoast_head":"<!-- This site is optimized with the Yoast SEO plugin v27.3 - https:\/\/yoast.com\/product\/yoast-seo-wordpress\/ -->\n<title>Specjalna ta\u015bma maskuj\u0105ca Tesa 4432 | Cardinal TAPES<\/title>\n<meta name=\"description\" content=\"Tesa 4432 to specjalna ta\u015bma maskuj\u0105ca z mocnym, odpornym i stabilizowanym no\u015bnikiem papierowym oraz wysoce przylepn\u0105 mieszank\u0105.\" \/>\n<meta name=\"robots\" content=\"index, follow, max-snippet:-1, max-image-preview:large, max-video-preview:-1\" \/>\n<link rel=\"canonical\" href=\"https:\/\/cardinal-tapes.com\/pl\/ta\u015bmy-samoprzylepne\/jednostronne-tasmy-samoprzylepne\/specjalna-tasma-maskujaca-tesa-4432\/\" \/>\n<meta property=\"og:locale\" content=\"pl_PL\" \/>\n<meta property=\"og:type\" content=\"article\" \/>\n<meta property=\"og:title\" content=\"Specjalna ta\u015bma maskuj\u0105ca Tesa 4432 | Cardinal TAPES\" \/>\n<meta property=\"og:description\" content=\"Tesa 4432 to specjalna ta\u015bma maskuj\u0105ca z mocnym, odpornym i stabilizowanym no\u015bnikiem papierowym oraz wysoce przylepn\u0105 mieszank\u0105.\" \/>\n<meta property=\"og:url\" content=\"https:\/\/cardinal-tapes.com\/pl\/ta\u015bmy-samoprzylepne\/jednostronne-tasmy-samoprzylepne\/specjalna-tasma-maskujaca-tesa-4432\/\" \/>\n<meta property=\"og:site_name\" content=\"cardinal TAPES\" \/>\n<meta property=\"article:modified_time\" content=\"2025-07-03T13:15:22+00:00\" \/>\n<meta property=\"og:image\" content=\"https:\/\/cardinal-tapes.com\/wp-content\/uploads\/tesa-04432.jpg\" \/>\n\t<meta property=\"og:image:width\" content=\"600\" \/>\n\t<meta property=\"og:image:height\" content=\"600\" \/>\n\t<meta property=\"og:image:type\" content=\"image\/jpeg\" \/>\n<meta name=\"twitter:card\" content=\"summary_large_image\" \/>\n<script type=\"application\/ld+json\" class=\"yoast-schema-graph\">{\"@context\":\"https:\\\/\\\/schema.org\",\"@graph\":[{\"@type\":\"WebPage\",\"@id\":\"https:\\\/\\\/cardinal-tapes.com\\\/pl\\\/ta\u015bmy-samoprzylepne\\\/jednostronne-tasmy-samoprzylepne\\\/specjalna-tasma-maskujaca-tesa-4432\\\/\",\"url\":\"https:\\\/\\\/cardinal-tapes.com\\\/pl\\\/ta\u015bmy-samoprzylepne\\\/jednostronne-tasmy-samoprzylepne\\\/specjalna-tasma-maskujaca-tesa-4432\\\/\",\"name\":\"Specjalna ta\u015bma maskuj\u0105ca Tesa 4432 | Cardinal TAPES\",\"isPartOf\":{\"@id\":\"https:\\\/\\\/cardinal-tapes.com\\\/#website\"},\"primaryImageOfPage\":{\"@id\":\"https:\\\/\\\/cardinal-tapes.com\\\/pl\\\/ta\u015bmy-samoprzylepne\\\/jednostronne-tasmy-samoprzylepne\\\/specjalna-tasma-maskujaca-tesa-4432\\\/#primaryimage\"},\"image\":{\"@id\":\"https:\\\/\\\/cardinal-tapes.com\\\/pl\\\/ta\u015bmy-samoprzylepne\\\/jednostronne-tasmy-samoprzylepne\\\/specjalna-tasma-maskujaca-tesa-4432\\\/#primaryimage\"},\"thumbnailUrl\":\"https:\\\/\\\/cardinal-tapes.com\\\/wp-content\\\/uploads\\\/tesa-04432.jpg\",\"datePublished\":\"2023-06-05T10:32:37+00:00\",\"dateModified\":\"2025-07-03T13:15:22+00:00\",\"description\":\"Tesa 4432 to specjalna ta\u015bma maskuj\u0105ca z mocnym, odpornym i stabilizowanym no\u015bnikiem papierowym oraz wysoce przylepn\u0105 mieszank\u0105.\",\"breadcrumb\":{\"@id\":\"https:\\\/\\\/cardinal-tapes.com\\\/pl\\\/ta\u015bmy-samoprzylepne\\\/jednostronne-tasmy-samoprzylepne\\\/specjalna-tasma-maskujaca-tesa-4432\\\/#breadcrumb\"},\"inLanguage\":\"pl-PL\",\"potentialAction\":[{\"@type\":\"ReadAction\",\"target\":[\"https:\\\/\\\/cardinal-tapes.com\\\/pl\\\/ta\u015bmy-samoprzylepne\\\/jednostronne-tasmy-samoprzylepne\\\/specjalna-tasma-maskujaca-tesa-4432\\\/\"]}]},{\"@type\":\"ImageObject\",\"inLanguage\":\"pl-PL\",\"@id\":\"https:\\\/\\\/cardinal-tapes.com\\\/pl\\\/ta\u015bmy-samoprzylepne\\\/jednostronne-tasmy-samoprzylepne\\\/specjalna-tasma-maskujaca-tesa-4432\\\/#primaryimage\",\"url\":\"https:\\\/\\\/cardinal-tapes.com\\\/wp-content\\\/uploads\\\/tesa-04432.jpg\",\"contentUrl\":\"https:\\\/\\\/cardinal-tapes.com\\\/wp-content\\\/uploads\\\/tesa-04432.jpg\",\"width\":600,\"height\":600,\"caption\":\"tesa 4432\"},{\"@type\":\"BreadcrumbList\",\"@id\":\"https:\\\/\\\/cardinal-tapes.com\\\/pl\\\/ta\u015bmy-samoprzylepne\\\/jednostronne-tasmy-samoprzylepne\\\/specjalna-tasma-maskujaca-tesa-4432\\\/#breadcrumb\",\"itemListElement\":[{\"@type\":\"ListItem\",\"position\":1,\"name\":\"Startseite\",\"item\":\"https:\\\/\\\/cardinal-tapes.com\\\/pl\\\/strona-glowna\\\/\"},{\"@type\":\"ListItem\",\"position\":2,\"name\":\"Ta\u015bmy samoprzylepne\",\"item\":\"https:\\\/\\\/cardinal-tapes.com\\\/pl\\\/tasmy-samoprzylepne-pl\\\/\"},{\"@type\":\"ListItem\",\"position\":3,\"name\":\"Jednostronne ta\u015bmy samoprzylepne\",\"item\":\"https:\\\/\\\/cardinal-tapes.com\\\/pl\\\/kategoria\\\/jednostronne-tasmy-samoprzylepne\\\/\"},{\"@type\":\"ListItem\",\"position\":4,\"name\":\"Specjalna ta\u015bma maskuj\u0105ca tesakrepp\u00ae 4432\"}]},{\"@type\":\"WebSite\",\"@id\":\"https:\\\/\\\/cardinal-tapes.com\\\/#website\",\"url\":\"https:\\\/\\\/cardinal-tapes.com\\\/\",\"name\":\"cardinal TAPES\",\"description\":\"Klebetechnik aus Wuppertal\",\"potentialAction\":[{\"@type\":\"SearchAction\",\"target\":{\"@type\":\"EntryPoint\",\"urlTemplate\":\"https:\\\/\\\/cardinal-tapes.com\\\/?s={search_term_string}\"},\"query-input\":{\"@type\":\"PropertyValueSpecification\",\"valueRequired\":true,\"valueName\":\"search_term_string\"}}],\"inLanguage\":\"pl-PL\"}]}<\/script>\n<!-- \/ Yoast SEO plugin. -->","yoast_head_json":{"title":"Specjalna ta\u015bma maskuj\u0105ca Tesa 4432 | Cardinal TAPES","description":"Tesa 4432 to specjalna ta\u015bma maskuj\u0105ca z mocnym, odpornym i stabilizowanym no\u015bnikiem papierowym oraz wysoce przylepn\u0105 mieszank\u0105.","robots":{"index":"index","follow":"follow","max-snippet":"max-snippet:-1","max-image-preview":"max-image-preview:large","max-video-preview":"max-video-preview:-1"},"canonical":"https:\/\/cardinal-tapes.com\/pl\/ta\u015bmy-samoprzylepne\/jednostronne-tasmy-samoprzylepne\/specjalna-tasma-maskujaca-tesa-4432\/","og_locale":"pl_PL","og_type":"article","og_title":"Specjalna ta\u015bma maskuj\u0105ca Tesa 4432 | Cardinal TAPES","og_description":"Tesa 4432 to specjalna ta\u015bma maskuj\u0105ca z mocnym, odpornym i stabilizowanym no\u015bnikiem papierowym oraz wysoce przylepn\u0105 mieszank\u0105.","og_url":"https:\/\/cardinal-tapes.com\/pl\/ta\u015bmy-samoprzylepne\/jednostronne-tasmy-samoprzylepne\/specjalna-tasma-maskujaca-tesa-4432\/","og_site_name":"cardinal TAPES","article_modified_time":"2025-07-03T13:15:22+00:00","og_image":[{"width":600,"height":600,"url":"https:\/\/cardinal-tapes.com\/wp-content\/uploads\/tesa-04432.jpg","type":"image\/jpeg"}],"twitter_card":"summary_large_image","schema":{"@context":"https:\/\/schema.org","@graph":[{"@type":"WebPage","@id":"https:\/\/cardinal-tapes.com\/pl\/ta\u015bmy-samoprzylepne\/jednostronne-tasmy-samoprzylepne\/specjalna-tasma-maskujaca-tesa-4432\/","url":"https:\/\/cardinal-tapes.com\/pl\/ta\u015bmy-samoprzylepne\/jednostronne-tasmy-samoprzylepne\/specjalna-tasma-maskujaca-tesa-4432\/","name":"Specjalna ta\u015bma maskuj\u0105ca Tesa 4432 | Cardinal TAPES","isPartOf":{"@id":"https:\/\/cardinal-tapes.com\/#website"},"primaryImageOfPage":{"@id":"https:\/\/cardinal-tapes.com\/pl\/ta\u015bmy-samoprzylepne\/jednostronne-tasmy-samoprzylepne\/specjalna-tasma-maskujaca-tesa-4432\/#primaryimage"},"image":{"@id":"https:\/\/cardinal-tapes.com\/pl\/ta\u015bmy-samoprzylepne\/jednostronne-tasmy-samoprzylepne\/specjalna-tasma-maskujaca-tesa-4432\/#primaryimage"},"thumbnailUrl":"https:\/\/cardinal-tapes.com\/wp-content\/uploads\/tesa-04432.jpg","datePublished":"2023-06-05T10:32:37+00:00","dateModified":"2025-07-03T13:15:22+00:00","description":"Tesa 4432 to specjalna ta\u015bma maskuj\u0105ca z mocnym, odpornym i stabilizowanym no\u015bnikiem papierowym oraz wysoce przylepn\u0105 mieszank\u0105.","breadcrumb":{"@id":"https:\/\/cardinal-tapes.com\/pl\/ta\u015bmy-samoprzylepne\/jednostronne-tasmy-samoprzylepne\/specjalna-tasma-maskujaca-tesa-4432\/#breadcrumb"},"inLanguage":"pl-PL","potentialAction":[{"@type":"ReadAction","target":["https:\/\/cardinal-tapes.com\/pl\/ta\u015bmy-samoprzylepne\/jednostronne-tasmy-samoprzylepne\/specjalna-tasma-maskujaca-tesa-4432\/"]}]},{"@type":"ImageObject","inLanguage":"pl-PL","@id":"https:\/\/cardinal-tapes.com\/pl\/ta\u015bmy-samoprzylepne\/jednostronne-tasmy-samoprzylepne\/specjalna-tasma-maskujaca-tesa-4432\/#primaryimage","url":"https:\/\/cardinal-tapes.com\/wp-content\/uploads\/tesa-04432.jpg","contentUrl":"https:\/\/cardinal-tapes.com\/wp-content\/uploads\/tesa-04432.jpg","width":600,"height":600,"caption":"tesa 4432"},{"@type":"BreadcrumbList","@id":"https:\/\/cardinal-tapes.com\/pl\/ta\u015bmy-samoprzylepne\/jednostronne-tasmy-samoprzylepne\/specjalna-tasma-maskujaca-tesa-4432\/#breadcrumb","itemListElement":[{"@type":"ListItem","position":1,"name":"Startseite","item":"https:\/\/cardinal-tapes.com\/pl\/strona-glowna\/"},{"@type":"ListItem","position":2,"name":"Ta\u015bmy samoprzylepne","item":"https:\/\/cardinal-tapes.com\/pl\/tasmy-samoprzylepne-pl\/"},{"@type":"ListItem","position":3,"name":"Jednostronne ta\u015bmy samoprzylepne","item":"https:\/\/cardinal-tapes.com\/pl\/kategoria\/jednostronne-tasmy-samoprzylepne\/"},{"@type":"ListItem","position":4,"name":"Specjalna ta\u015bma maskuj\u0105ca tesakrepp\u00ae 4432"}]},{"@type":"WebSite","@id":"https:\/\/cardinal-tapes.com\/#website","url":"https:\/\/cardinal-tapes.com\/","name":"cardinal TAPES","description":"Klebetechnik aus Wuppertal","potentialAction":[{"@type":"SearchAction","target":{"@type":"EntryPoint","urlTemplate":"https:\/\/cardinal-tapes.com\/?s={search_term_string}"},"query-input":{"@type":"PropertyValueSpecification","valueRequired":true,"valueName":"search_term_string"}}],"inLanguage":"pl-PL"}]}},"brands":[{"id":2164,"name":"tesa","slug":"tesa-pl"}],"_links":{"self":[{"href":"https:\/\/cardinal-tapes.com\/pl\/wp-json\/wp\/v2\/product\/37498","targetHints":{"allow":["GET"]}}],"collection":[{"href":"https:\/\/cardinal-tapes.com\/pl\/wp-json\/wp\/v2\/product"}],"about":[{"href":"https:\/\/cardinal-tapes.com\/pl\/wp-json\/wp\/v2\/types\/product"}],"wp:featuredmedia":[{"embeddable":true,"href":"https:\/\/cardinal-tapes.com\/pl\/wp-json\/wp\/v2\/media\/26070"}],"wp:attachment":[{"href":"https:\/\/cardinal-tapes.com\/pl\/wp-json\/wp\/v2\/media?parent=37498"}],"wp:term":[{"taxonomy":"pwb-brand","embeddable":true,"href":"https:\/\/cardinal-tapes.com\/pl\/wp-json\/wp\/v2\/pwb-brand?post=37498"},{"taxonomy":"product_brand","embeddable":true,"href":"https:\/\/cardinal-tapes.com\/pl\/wp-json\/wp\/v2\/product_brand?post=37498"},{"taxonomy":"product_cat","embeddable":true,"href":"https:\/\/cardinal-tapes.com\/pl\/wp-json\/wp\/v2\/product_cat?post=37498"},{"taxonomy":"product_tag","embeddable":true,"href":"https:\/\/cardinal-tapes.com\/pl\/wp-json\/wp\/v2\/product_tag?post=37498"}],"curies":[{"name":"wp","href":"https:\/\/api.w.org\/{rel}","templated":true}]}}