{"id":75801,"date":"2023-12-07T13:54:08","date_gmt":"2023-12-07T12:54:08","guid":{"rendered":"https:\/\/cardinal-tapes.com\/firma\/zarzadzanie-jakoscia\/"},"modified":"2023-12-08T10:01:51","modified_gmt":"2023-12-08T09:01:51","slug":"zarzadzanie-jakoscia","status":"publish","type":"page","link":"https:\/\/cardinal-tapes.com\/pl\/firma\/zarzadzanie-jakoscia\/","title":{"rendered":"Zarz\u0105dzanie jako\u015bci\u0105"},"content":{"rendered":"\t\t\t<div class=\"headerimage-section has-video has-overlay \">\n\t\t\t\t\t\t\t\t\t\t\t\t\t\t\t\t<div class=\"headerimage__bg\">\n\t\t\t\t\t<video preload=\"none\"  autoplay muted loop playsinline width=\"1920px\" height=\"1080px\" class=\"px-lazy-video\">\n\t\t\t\t\t\t<source src=\"https:\/\/cardinal-tapes.com\/wp-content\/uploads\/cardinal_messmaschine_header_NEU.mp4\" type=\"video\/mp4\">\n\t\t\t\t\t<\/video>\n\t\t\t\t<\/div>\n\t\t\t\t\t\t\t\t<div class=\"container\">\n\t\t\t\t\t<div class=\"headerimage__inner\">\n\t\t\t\t\t\t<h1 class=\"headerimage__headline\">Zarz\u0105dzanie jako\u015bci\u0105<\/h1>\t\t\t\t\t\t<span class=\"headerimage__subheadline\">\u017badnych kompromis\u00f3w, \u017cadnych &quot;je\u015bli&quot; i &quot;ale<\/span>\t\t\t\t\t\t\t\t\t\t\t<\/div>\n\t\t\t\t\t\t\t\t\t<\/div>\n\t\t\t<\/div>\n\t\t\t\n<\/div><\/div><\/div><!-- close content main div --><\/div><\/div><div id='av_section_1'  class='avia-section av-2etn21h-1fc8d1f184b8d2bb0b46fe40a62c5a13 alternate_color avia-section-default avia-no-border-styling  avia-builder-el-1  el_after_pixel_headimage  el_before_av_section  avia-bg-style-scroll container_wrap fullsize'  ><div class='container av-section-cont-open' ><div class='template-page content  av-content-full alpha units'><div class='post-entry post-entry-type-page post-entry-75801'><div class='entry-content-wrapper clearfix'>\n<div  class='flex_column av-24w6efp-a4bea1db549e236c9dc11af299320493 av_one_half  avia-builder-el-2  el_before_av_one_half  avia-builder-el-first  first flex_column_div av-animated-generic left-to-right  '     ><p><div class=\"pxl-headline pxl-hl hl-wrap | hl-sub--bot hl--align-left hl--std-margin    \">\n        <div class=\"hl-inner\">\n            <h2 class=\"hl-main hl-line |  hl_main--default  \">Nasz standard jako\u015bci<\/h2>\n            <span class=\"hl-sub hl-line |  hl_sub--default  \">Podstawa sukcesu<\/span>\n    <\/div>\n<\/div>\n<br \/>\n<section  class='av_textblock_section av-lpv7cxaa-1e4bfa86394db620262e5a83c90f137b '   itemscope=\"itemscope\" itemtype=\"https:\/\/schema.org\/CreativeWork\" ><div class='avia_textblock'  itemprop=\"text\" ><p>Podstaw\u0105 naszego wieloletniego sukcesu jest trwa\u0142e zadowolenie naszych klient\u00f3w. Dlatego jako\u015b\u0107 naszych produkt\u00f3w i us\u0142ug jest dla nas priorytetem.<\/p>\n<p>Poddajemy nasze maszyny, produkty i procesy regularnym kontrolom w celu bezwarunkowego spe\u0142nienia tego wysokiego standardu. Stosowane s\u0105 najnowocze\u015bniejsze metody i systemy pomiarowe, a wdro\u017ceniem zajmuj\u0105 si\u0119 specjalnie przeszkoleni eksperci.<\/p>\n<\/div><\/section><\/p><\/div>\n<style type=\"text\/css\" data-created_by=\"avia_inline_auto\" id=\"style-css-av-1owt3f9-7aac9e62865fa6891365db0404eda8f3\">\n.flex_column.av-1owt3f9-7aac9e62865fa6891365db0404eda8f3{\nborder-radius:0px 0px 0px 0px;\npadding:0px 0px 0px 0px;\n}\n<\/style>\n<div  class='flex_column av-1owt3f9-7aac9e62865fa6891365db0404eda8f3 av_one_half  avia-builder-el-5  el_after_av_one_half  avia-builder-el-last  flex_column_div av-animated-generic right-to-left av-zero-column-padding  '     ><style type=\"text\/css\" data-created_by=\"avia_inline_auto\" id=\"style-css-av-1cuay51-69fcdb32f32709b3560b8bb8e5dff24f\">\n.avia-video.av-1cuay51-69fcdb32f32709b3560b8bb8e5dff24f{\nbackground-image:url(https:\/\/cardinal-tapes.com\/wp-content\/uploads\/cardinal_video_vermessung_poster.jpg);\n}\n<\/style>\n<div  class='avia-video av-1cuay51-69fcdb32f32709b3560b8bb8e5dff24f avia-video-16-9 av-preview-image avia-video-lightbox av-lazyload-video-embed avia-video-standard-html gradient-box-right'  itemprop=\"video\" itemtype=\"https:\/\/schema.org\/VideoObject\"  data-original_url='https:\/\/cardinal-tapes.com\/wp-content\/uploads\/cardinal_messmaschine_NEU.mp4'><script type='text\/html' class='av-video-tmpl'><a href='https:\/\/cardinal-tapes.com\/wp-content\/uploads\/cardinal_messmaschine_NEU.mp4' rel='lightbox' class='mfp-iframe lightbox-link'><\/a><\/script><div class=\"av-click-to-play-overlay play-lightbox\"><div class=\"avia_playpause_icon\"><\/div><\/div><\/div><\/div>\n\n<\/div><\/div><\/div><!-- close content main div --><\/div><\/div><div id='av_section_2'  class='avia-section av-lpv7fz6e-162bf12fe28c762bcaf5aca7f699dc31 main_color avia-section-default avia-no-border-styling  avia-builder-el-7  el_after_av_section  el_before_av_section  gradient-section avia-bg-style-scroll container_wrap fullsize'  ><div class='container av-section-cont-open' ><div class='template-page content  av-content-full alpha units'><div class='post-entry post-entry-type-page post-entry-75801'><div class='entry-content-wrapper clearfix'>\n<div  class='flex_column av-1x1qd1x-4f0644e3ebfab00072eacb52ce483323 av_two_third  avia-builder-el-8  el_before_av_one_third  avia-builder-el-first  first flex_column_div av-animated-generic left-to-right  '     ><p><div class=\"pxl-headline pxl-hl hl-wrap | hl-sub--bot hl--align-left hl--std-margin    \">\n        <div class=\"hl-inner\">\n            <h2 class=\"hl-main hl-line |  hl_main--default  \">Nasze certyfikaty<\/h2>\n            <span class=\"hl-sub hl-line |  hl_sub--default  \">Z mi\u0142o\u015bci do jako\u015bci i \u015brodowiska<\/span>\n    <\/div>\n<\/div>\n<br \/>\n<section  class='av_textblock_section av-1hy1bf9-5ad1865eae9b9cf0ebcfb030343f558c '   itemscope=\"itemscope\" itemtype=\"https:\/\/schema.org\/CreativeWork\" ><div class='avia_textblock'  itemprop=\"text\" ><p>Aby konsekwentnie spe\u0142nia\u0107 te wysokie wymagania, polegamy na nowoczesnych metodach produkcji, sprawdzonych i niezawodnych procesach oraz kompetentnych pracownikach. Zarz\u0105dzanie jako\u015bci\u0105 zgodnie z norm\u0105 ISO 9001 wprowadzili\u015bmy w 1998 roku. Od tego czasu regularnie udowadniamy ten standard poprzez oficjalne audyty. W 2023 r. po raz pierwszy otrzymali\u015bmy r\u00f3wnie\u017c certyfikat zgodno\u015bci z mi\u0119dzynarodow\u0105 norm\u0105 zarz\u0105dzania \u015brodowiskowego ISO 14001.<\/p>\n<\/div><\/section><br \/>\n<div  class='avia-button-wrap av-1ctcnkl-bf575ad41487b3470122025b5f1ce446-wrap avia-button-left  avia-builder-el-11  el_after_av_textblock  avia-builder-el-last '><a href='https:\/\/cardinal-tapes.com\/pl\/infothek\/pliki-do-pobrania\/'  class='avia-button av-1ctcnkl-bf575ad41487b3470122025b5f1ce446 avia-icon_select-no avia-size-medium avia-position-left avia-color-theme-color layout-border color-white'  ><span class='avia_iconbox_title' >Do certyfikat\u00f3w<\/span><\/a><\/div><\/p><\/div><div  class='flex_column av-uvyrth-2894a37bb49fce2d79d5b897eef8f6a4 av_one_third  avia-builder-el-12  el_after_av_two_third  avia-builder-el-last  vertical-align-center flex_column_div  '     ><style type=\"text\/css\" data-created_by=\"avia_inline_auto\" id=\"style-css-av-lpv8kcte-82472a539862e45385b27164546490fa\">\n.avia-image-container.av-lpv8kcte-82472a539862e45385b27164546490fa img.avia_image{\nbox-shadow:none;\n}\n.avia-image-container.av-lpv8kcte-82472a539862e45385b27164546490fa .av-image-caption-overlay-center{\ncolor:#ffffff;\n}\n<\/style>\n<div  class='avia-image-container av-lpv8kcte-82472a539862e45385b27164546490fa av-styling- avia-align-left  avia-builder-el-13  avia-builder-el-no-sibling '   itemprop=\"image\" itemscope=\"itemscope\" itemtype=\"https:\/\/schema.org\/ImageObject\" ><div class=\"avia-image-container-inner\"><div class=\"avia-image-overlay-wrap\"><img decoding=\"async\" fetchpriority=\"high\" class='wp-image-75765 avia-img-lazy-loading-not-75765 avia_image ' src=\"https:\/\/cardinal-tapes.com\/wp-content\/uploads\/cardinal-content-zertifikate-siegel.png\" alt='' title='cardinal-content-zertifikate-siegel'  height=\"188\" width=\"440\"  itemprop=\"thumbnailUrl\" srcset=\"https:\/\/cardinal-tapes.com\/wp-content\/uploads\/cardinal-content-zertifikate-siegel.png 440w, https:\/\/cardinal-tapes.com\/wp-content\/uploads\/cardinal-content-zertifikate-siegel-200x85.png 200w\" sizes=\"(max-width: 440px) 100vw, 440px\" \/><\/div><\/div><\/div><\/div><\/div><\/div><\/div><!-- close content main div --><\/div><\/div><div id='av_section_3'  class='avia-section av-3j34zf9-90bfc8698a06d49779994c0ce86330da alternate_color avia-section-default avia-no-border-styling  avia-builder-el-14  el_after_av_section  el_before_av_section  avia-bg-style-scroll container_wrap fullsize'  ><div class='container av-section-cont-open' ><div class='template-page content  av-content-full alpha units'><div class='post-entry post-entry-type-page post-entry-75801'><div class='entry-content-wrapper clearfix'>\n<div class='flex_column_table av-30l17th-dbbd631bdddfa861d1620c212836190d sc-av_one_third av-equal-height-column-flextable'><div  class='flex_column av-30l17th-dbbd631bdddfa861d1620c212836190d av_one_third  avia-builder-el-15  el_before_av_two_third  avia-builder-el-first  first flex_column_table_cell av-equal-height-column av-align-middle av-animated-generic left-to-right  '     ><style type=\"text\/css\" data-created_by=\"avia_inline_auto\" id=\"style-css-av-2ea8bpx-f0936ca3eb62f91c2fb643fdf17430a0\">\n.avia-image-container.av-2ea8bpx-f0936ca3eb62f91c2fb643fdf17430a0 img.avia_image{\nbox-shadow:none;\n}\n.avia-image-container.av-2ea8bpx-f0936ca3eb62f91c2fb643fdf17430a0 .av-image-caption-overlay-center{\ncolor:#ffffff;\n}\n<\/style>\n<div  class='avia-image-container av-2ea8bpx-f0936ca3eb62f91c2fb643fdf17430a0 av-styling-gradient-box-left avia-align-center  avia-builder-el-16  avia-builder-el-no-sibling '   itemprop=\"image\" itemscope=\"itemscope\" itemtype=\"https:\/\/schema.org\/ImageObject\" ><div class=\"avia-image-container-inner\"><div class=\"avia-image-overlay-wrap\"><img decoding=\"async\" fetchpriority=\"high\" class='wp-image-75774 avia-img-lazy-loading-not-75774 avia_image ' src=\"https:\/\/cardinal-tapes.com\/wp-content\/uploads\/cardinal-content-leitlinien.jpg\" alt='' title='cardinal-content-leitlinien'  height=\"780\" width=\"780\"  itemprop=\"thumbnailUrl\" srcset=\"https:\/\/cardinal-tapes.com\/wp-content\/uploads\/cardinal-content-leitlinien.jpg 780w, https:\/\/cardinal-tapes.com\/wp-content\/uploads\/cardinal-content-leitlinien-200x200.jpg 200w, https:\/\/cardinal-tapes.com\/wp-content\/uploads\/cardinal-content-leitlinien-564x564.jpg 564w, https:\/\/cardinal-tapes.com\/wp-content\/uploads\/cardinal-content-leitlinien-80x80.jpg 80w, https:\/\/cardinal-tapes.com\/wp-content\/uploads\/cardinal-content-leitlinien-768x768.jpg 768w, https:\/\/cardinal-tapes.com\/wp-content\/uploads\/cardinal-content-leitlinien-36x36.jpg 36w, https:\/\/cardinal-tapes.com\/wp-content\/uploads\/cardinal-content-leitlinien-180x180.jpg 180w, https:\/\/cardinal-tapes.com\/wp-content\/uploads\/cardinal-content-leitlinien-705x705.jpg 705w, https:\/\/cardinal-tapes.com\/wp-content\/uploads\/cardinal-content-leitlinien-120x120.jpg 120w, https:\/\/cardinal-tapes.com\/wp-content\/uploads\/cardinal-content-leitlinien-450x450.jpg 450w, https:\/\/cardinal-tapes.com\/wp-content\/uploads\/cardinal-content-leitlinien-100x100.jpg 100w\" sizes=\"(max-width: 780px) 100vw, 780px\" \/><\/div><\/div><\/div><\/div><div class='av-flex-placeholder'><\/div><div  class='flex_column av-1xm5j3p-fdd7a2f5219d10ee19114cf77ec43a57 av_two_third  avia-builder-el-17  el_after_av_one_third  avia-builder-el-last  flex_column_table_cell av-equal-height-column av-align-middle av-animated-generic right-to-left  '     ><p><div class=\"pxl-headline pxl-hl hl-wrap | hl-sub--bot hl--align-left hl--std-margin    \">\n        <div class=\"hl-inner\">\n            <h2 class=\"hl-main hl-line |  hl_main--default  \">Nasze wytyczne<\/h2>\n            <span class=\"hl-sub hl-line |  hl_sub--default  \">Nie pozostawiamy niczego przypadkowi<\/span>\n    <\/div>\n<\/div>\n<br \/>\n<section  class='av_textblock_section av-165njf9-bc2b70b22ba0a2916a6b8962cc40fc56 '   itemscope=\"itemscope\" itemtype=\"https:\/\/schema.org\/CreativeWork\" ><div class='avia_textblock'  itemprop=\"text\" ><p>Zapewnienie jako\u015bci naszych proces\u00f3w jest naszym najwy\u017cszym priorytetem. Dlatego poddajemy wszystkie produkty, maszyny i procesy ci\u0105g\u0142emu monitorowaniu. W tym celu wykorzystywane s\u0105 r\u00f3\u017cne procesy i technologie:<\/p>\n<\/div><\/section><br \/>\n<section  class='av_textblock_section av-lpv7lemu-4d8127f364d7d396afdfc51f542c2e33 '   itemscope=\"itemscope\" itemtype=\"https:\/\/schema.org\/CreativeWork\" ><div class='avia_textblock list-item-checkmark'  itemprop=\"text\" ><ul>\n<li>Kamery liniowe do monitorowania produkcji<\/li>\n<li>Sterowane numerycznie maszyny pomiarowe 2D i maszyny do testowania materia\u0142\u00f3w<\/li>\n<li>Precyzyjna kontrola cz\u0119\u015bci zgodnie z okre\u015blonymi standardami<\/li>\n<li>Wst\u0119pne testowanie produkt\u00f3w pod k\u0105tem przydatno\u015bci<\/li>\n<li>Zastosowanie niestandardowych szablon\u00f3w test\u00f3w<\/li>\n<\/ul>\n<\/div><\/section><\/p><\/div><\/div><!--close column table wrapper. Autoclose: 1 -->\n<\/p>\n<\/div><\/div><\/div><!-- close content main div --><\/div><\/div><div id='av_section_4'  class='avia-section av-1miw8tx-4506d9e61b8ddfdbbf90fa0bb86d5f97 main_color avia-section-default avia-no-border-styling  avia-builder-el-21  el_after_av_section  avia-builder-el-last  avia-bg-style-scroll container_wrap fullsize'  ><div class='container av-section-cont-open' ><div class='template-page content  av-content-full alpha units'><div class='post-entry post-entry-type-page post-entry-75801'><div class='entry-content-wrapper clearfix'>\n<div  class='flex_column av-1ctrnp1-25bb7f9fcd5c6738e4d3fb63ceb596cf av_two_third  avia-builder-el-22  el_before_av_one_third  avia-builder-el-first  first flex_column_div  '     ><p><div class=\"pxl-headline pxl-hl hl-wrap | hl-sub--bot hl--align-left hl--std-margin    \">\n        <div class=\"hl-inner\">\n            <h2 class=\"hl-main hl-line |  hl_main--default  \">Prototypowanie<\/h2>\n            <span class=\"hl-sub hl-line |  hl_sub--default  \">Podstawa najwy\u017cszej jako\u015bci produkt\u00f3w<\/span>\n    <\/div>\n<\/div>\n<br \/>\n<section  class='av_textblock_section av-lpv7pn1g-d1b57b2fef18ca4af61dc4896f0b6085 '   itemscope=\"itemscope\" itemtype=\"https:\/\/schema.org\/CreativeWork\" ><div class='avia_textblock'  itemprop=\"text\" ><p>Nasz proces rozpoczyna si\u0119 od zrozumienia Twoich wymaga\u0144 i specyfikacji oraz wsp\u00f3\u0142pracy z Tob\u0105 w celu stworzenia planu. Nast\u0119pnie przedstawimy Ci szereg opcji opartych na Twoich wymaganiach i dostarczymy pr\u00f3bki.<\/p>\n<p>Nasze ta\u015bmy s\u0105 wykonane z najnowszych materia\u0142\u00f3w i technologii, dzi\u0119ki czemu wytrzymuj\u0105 du\u017ce obci\u0105\u017cenia i dzia\u0142aj\u0105 przez d\u0142ugi czas.<\/p>\n<\/div><\/section><br \/>\n<div  class='avia-button-wrap av-lpv7py2y-454a0708dfe053ea58e6a824ca0f9461-wrap avia-button-left  avia-builder-el-25  el_after_av_textblock  avia-builder-el-last '><a href='#contactblock'  class='avia-button av-lpv7py2y-454a0708dfe053ea58e6a824ca0f9461 avia-icon_select-no avia-size-medium avia-position-left avia-color-theme-color layout-full color-red'  ><span class='avia_iconbox_title' >Kontakt<\/span><\/a><\/div><\/p><\/div><div  class='flex_column av-uqlvdh-b18132b5c48559295843d632ca612b12 av_one_third  avia-builder-el-26  el_after_av_two_third  avia-builder-el-last  flex_column_div  '     ><style type=\"text\/css\" data-created_by=\"avia_inline_auto\" id=\"style-css-av-lpv7rhr4-85a204f0659a13f15d01362f04e09f6e\">\n.avia-image-container.av-lpv7rhr4-85a204f0659a13f15d01362f04e09f6e img.avia_image{\nbox-shadow:none;\n}\n.avia-image-container.av-lpv7rhr4-85a204f0659a13f15d01362f04e09f6e .av-image-caption-overlay-center{\ncolor:#ffffff;\n}\n<\/style>\n<div  class='avia-image-container av-lpv7rhr4-85a204f0659a13f15d01362f04e09f6e av-styling- avia-align-center  avia-builder-el-27  avia-builder-el-no-sibling '   itemprop=\"image\" itemscope=\"itemscope\" itemtype=\"https:\/\/schema.org\/ImageObject\" ><div class=\"avia-image-container-inner\"><div class=\"avia-image-overlay-wrap\"><img decoding=\"async\" fetchpriority=\"high\" class='wp-image-75748 avia-img-lazy-loading-not-75748 avia_image ' src=\"https:\/\/cardinal-tapes.com\/wp-content\/uploads\/cardinal-content-prototyping.jpg\" alt='' title='cardinal-content-prototyping'  height=\"702\" width=\"700\"  itemprop=\"thumbnailUrl\" srcset=\"https:\/\/cardinal-tapes.com\/wp-content\/uploads\/cardinal-content-prototyping.jpg 700w, https:\/\/cardinal-tapes.com\/wp-content\/uploads\/cardinal-content-prototyping-200x200.jpg 200w, https:\/\/cardinal-tapes.com\/wp-content\/uploads\/cardinal-content-prototyping-562x564.jpg 562w, https:\/\/cardinal-tapes.com\/wp-content\/uploads\/cardinal-content-prototyping-80x80.jpg 80w, https:\/\/cardinal-tapes.com\/wp-content\/uploads\/cardinal-content-prototyping-36x36.jpg 36w, https:\/\/cardinal-tapes.com\/wp-content\/uploads\/cardinal-content-prototyping-180x180.jpg 180w, https:\/\/cardinal-tapes.com\/wp-content\/uploads\/cardinal-content-prototyping-120x120.jpg 120w, https:\/\/cardinal-tapes.com\/wp-content\/uploads\/cardinal-content-prototyping-450x451.jpg 450w, https:\/\/cardinal-tapes.com\/wp-content\/uploads\/cardinal-content-prototyping-100x100.jpg 100w\" sizes=\"(max-width: 700px) 100vw, 700px\" \/><\/div><\/div><\/div><\/div>\n\n","protected":false},"excerpt":{"rendered":"","protected":false},"author":1,"featured_media":0,"parent":30162,"menu_order":0,"comment_status":"closed","ping_status":"closed","template":"","meta":{"_acf_changed":false,"footnotes":""},"class_list":["post-75801","page","type-page","status-publish","hentry"],"acf":[],"yoast_head":"<!-- This site is optimized with the Yoast SEO plugin v27.3 - https:\/\/yoast.com\/product\/yoast-seo-wordpress\/ -->\n<title>Zarz\u0105dzanie jako\u015bci\u0105 - cardinal TAPES<\/title>\n<meta name=\"robots\" content=\"index, follow, max-snippet:-1, max-image-preview:large, max-video-preview:-1\" \/>\n<link rel=\"canonical\" href=\"https:\/\/cardinal-tapes.com\/pl\/firma\/zarzadzanie-jakoscia\/\" \/>\n<meta property=\"og:locale\" content=\"pl_PL\" \/>\n<meta property=\"og:type\" content=\"article\" \/>\n<meta property=\"og:title\" content=\"Zarz\u0105dzanie jako\u015bci\u0105 - cardinal TAPES\" \/>\n<meta property=\"og:url\" content=\"https:\/\/cardinal-tapes.com\/pl\/firma\/zarzadzanie-jakoscia\/\" \/>\n<meta property=\"og:site_name\" content=\"cardinal TAPES\" \/>\n<meta property=\"article:modified_time\" content=\"2023-12-08T09:01:51+00:00\" \/>\n<meta name=\"twitter:card\" content=\"summary_large_image\" \/>\n<meta name=\"twitter:label1\" content=\"Szacowany czas czytania\" \/>\n\t<meta name=\"twitter:data1\" content=\"38 minut\" \/>\n<script type=\"application\/ld+json\" class=\"yoast-schema-graph\">{\"@context\":\"https:\\\/\\\/schema.org\",\"@graph\":[{\"@type\":\"WebPage\",\"@id\":\"https:\\\/\\\/cardinal-tapes.com\\\/pl\\\/firma\\\/zarzadzanie-jakoscia\\\/\",\"url\":\"https:\\\/\\\/cardinal-tapes.com\\\/pl\\\/firma\\\/zarzadzanie-jakoscia\\\/\",\"name\":\"Zarz\u0105dzanie jako\u015bci\u0105 - cardinal TAPES\",\"isPartOf\":{\"@id\":\"https:\\\/\\\/cardinal-tapes.com\\\/#website\"},\"datePublished\":\"2023-12-07T12:54:08+00:00\",\"dateModified\":\"2023-12-08T09:01:51+00:00\",\"breadcrumb\":{\"@id\":\"https:\\\/\\\/cardinal-tapes.com\\\/pl\\\/firma\\\/zarzadzanie-jakoscia\\\/#breadcrumb\"},\"inLanguage\":\"pl-PL\",\"potentialAction\":[{\"@type\":\"ReadAction\",\"target\":[\"https:\\\/\\\/cardinal-tapes.com\\\/pl\\\/firma\\\/zarzadzanie-jakoscia\\\/\"]}]},{\"@type\":\"BreadcrumbList\",\"@id\":\"https:\\\/\\\/cardinal-tapes.com\\\/pl\\\/firma\\\/zarzadzanie-jakoscia\\\/#breadcrumb\",\"itemListElement\":[{\"@type\":\"ListItem\",\"position\":1,\"name\":\"Startseite\",\"item\":\"https:\\\/\\\/cardinal-tapes.com\\\/pl\\\/strona-glowna\\\/\"},{\"@type\":\"ListItem\",\"position\":2,\"name\":\"Firma\",\"item\":\"https:\\\/\\\/cardinal-tapes.com\\\/pl\\\/firma\\\/\"},{\"@type\":\"ListItem\",\"position\":3,\"name\":\"Zarz\u0105dzanie jako\u015bci\u0105\"}]},{\"@type\":\"WebSite\",\"@id\":\"https:\\\/\\\/cardinal-tapes.com\\\/#website\",\"url\":\"https:\\\/\\\/cardinal-tapes.com\\\/\",\"name\":\"cardinal TAPES\",\"description\":\"Klebetechnik aus Wuppertal\",\"potentialAction\":[{\"@type\":\"SearchAction\",\"target\":{\"@type\":\"EntryPoint\",\"urlTemplate\":\"https:\\\/\\\/cardinal-tapes.com\\\/?s={search_term_string}\"},\"query-input\":{\"@type\":\"PropertyValueSpecification\",\"valueRequired\":true,\"valueName\":\"search_term_string\"}}],\"inLanguage\":\"pl-PL\"}]}<\/script>\n<!-- \/ Yoast SEO plugin. -->","yoast_head_json":{"title":"Zarz\u0105dzanie jako\u015bci\u0105 - cardinal TAPES","robots":{"index":"index","follow":"follow","max-snippet":"max-snippet:-1","max-image-preview":"max-image-preview:large","max-video-preview":"max-video-preview:-1"},"canonical":"https:\/\/cardinal-tapes.com\/pl\/firma\/zarzadzanie-jakoscia\/","og_locale":"pl_PL","og_type":"article","og_title":"Zarz\u0105dzanie jako\u015bci\u0105 - cardinal TAPES","og_url":"https:\/\/cardinal-tapes.com\/pl\/firma\/zarzadzanie-jakoscia\/","og_site_name":"cardinal TAPES","article_modified_time":"2023-12-08T09:01:51+00:00","twitter_card":"summary_large_image","twitter_misc":{"Szacowany czas czytania":"38 minut"},"schema":{"@context":"https:\/\/schema.org","@graph":[{"@type":"WebPage","@id":"https:\/\/cardinal-tapes.com\/pl\/firma\/zarzadzanie-jakoscia\/","url":"https:\/\/cardinal-tapes.com\/pl\/firma\/zarzadzanie-jakoscia\/","name":"Zarz\u0105dzanie jako\u015bci\u0105 - cardinal TAPES","isPartOf":{"@id":"https:\/\/cardinal-tapes.com\/#website"},"datePublished":"2023-12-07T12:54:08+00:00","dateModified":"2023-12-08T09:01:51+00:00","breadcrumb":{"@id":"https:\/\/cardinal-tapes.com\/pl\/firma\/zarzadzanie-jakoscia\/#breadcrumb"},"inLanguage":"pl-PL","potentialAction":[{"@type":"ReadAction","target":["https:\/\/cardinal-tapes.com\/pl\/firma\/zarzadzanie-jakoscia\/"]}]},{"@type":"BreadcrumbList","@id":"https:\/\/cardinal-tapes.com\/pl\/firma\/zarzadzanie-jakoscia\/#breadcrumb","itemListElement":[{"@type":"ListItem","position":1,"name":"Startseite","item":"https:\/\/cardinal-tapes.com\/pl\/strona-glowna\/"},{"@type":"ListItem","position":2,"name":"Firma","item":"https:\/\/cardinal-tapes.com\/pl\/firma\/"},{"@type":"ListItem","position":3,"name":"Zarz\u0105dzanie jako\u015bci\u0105"}]},{"@type":"WebSite","@id":"https:\/\/cardinal-tapes.com\/#website","url":"https:\/\/cardinal-tapes.com\/","name":"cardinal TAPES","description":"Klebetechnik aus Wuppertal","potentialAction":[{"@type":"SearchAction","target":{"@type":"EntryPoint","urlTemplate":"https:\/\/cardinal-tapes.com\/?s={search_term_string}"},"query-input":{"@type":"PropertyValueSpecification","valueRequired":true,"valueName":"search_term_string"}}],"inLanguage":"pl-PL"}]}},"_links":{"self":[{"href":"https:\/\/cardinal-tapes.com\/pl\/wp-json\/wp\/v2\/pages\/75801","targetHints":{"allow":["GET"]}}],"collection":[{"href":"https:\/\/cardinal-tapes.com\/pl\/wp-json\/wp\/v2\/pages"}],"about":[{"href":"https:\/\/cardinal-tapes.com\/pl\/wp-json\/wp\/v2\/types\/page"}],"author":[{"embeddable":true,"href":"https:\/\/cardinal-tapes.com\/pl\/wp-json\/wp\/v2\/users\/1"}],"replies":[{"embeddable":true,"href":"https:\/\/cardinal-tapes.com\/pl\/wp-json\/wp\/v2\/comments?post=75801"}],"version-history":[{"count":0,"href":"https:\/\/cardinal-tapes.com\/pl\/wp-json\/wp\/v2\/pages\/75801\/revisions"}],"up":[{"embeddable":true,"href":"https:\/\/cardinal-tapes.com\/pl\/wp-json\/wp\/v2\/pages\/30162"}],"wp:attachment":[{"href":"https:\/\/cardinal-tapes.com\/pl\/wp-json\/wp\/v2\/media?parent=75801"}],"curies":[{"name":"wp","href":"https:\/\/api.w.org\/{rel}","templated":true}]}}