{"id":65679,"date":"2017-12-19T12:04:47","date_gmt":"2017-12-19T11:04:47","guid":{"rendered":"https:\/\/cardinal.pixel-tal.de\/tasmy-samoprzylepne-pl\/obszary-zastosowania\/produkcja-i-przetwarzanie-filmow\/"},"modified":"2023-06-16T16:09:13","modified_gmt":"2023-06-16T14:09:13","slug":"produkcja-i-przetwarzanie-filmow","status":"publish","type":"page","link":"https:\/\/cardinal-tapes.com\/pl\/tasmy-samoprzylepne-pl\/obszary-zastosowania\/produkcja-i-przetwarzanie-filmow\/","title":{"rendered":"Produkcja i przetwarzanie film\u00f3w"},"content":{"rendered":"\t\t\t<div class=\"headerimage-section has-image  \">\n\t\t\t\t\t\t\t\t\t\t\t\t<div class=\"headerimage__bg overlay\" style=\"background-image: url('https:\/\/cardinal-tapes.com\/wp-content\/uploads\/cardinal_kopfbild-folien-scaled.jpg'); background-repeat: no-repeat; background-position: center; background-size: cover;\"><\/div>\n\t\t\t\t\t\t\t\t\t\t\t\t<div class=\"container\">\n\t\t\t\t\t<div class=\"headerimage__inner\">\n\t\t\t\t\t\t<h1 class=\"headerimage__headline\">Ta\u015bmy klej\u0105ce i systemy klej\u0105ce<\/h1>\t\t\t\t\t\t<span class=\"headerimage__subheadline\">Dla szerokiego zakresu zastosowa\u0144<\/span>\t\t\t\t\t\t\t\t\t\t\t<\/div>\n\t\t\t\t\t\t\t\t\t<\/div>\n\t\t\t<\/div>\n\t\t\t\n<\/div><\/div><\/div><!-- close content main div --><\/div><\/div><div id='av_section_1'  class='avia-section av-12qiwk-cb074a015115448c7a0e4697cc3ded18 alternate_color avia-section-default avia-no-border-styling  avia-builder-el-1  el_after_pixel_headimage  el_before_av_section  avia-bg-style-scroll container_wrap fullsize'  ><div class='container av-section-cont-open' ><div class='template-page content  av-content-full alpha units'><div class='post-entry post-entry-type-page post-entry-65679'><div class='entry-content-wrapper clearfix'>\n<div  class='flex_column av-wglf0-8a1fcff5d385852f4ec20e993f5cb361 av_two_third  avia-builder-el-2  avia-builder-el-no-sibling  max-width-col two-third first flex_column_div av-animated-generic left-to-right  '     ><p><div class=\"pxl-headline pxl-hl hl-wrap | hl-sub--bot hl--align-left hl--std-margin    \">\n        <div class=\"hl-inner\">\n            <h2 class=\"hl-main hl-line |  hl_main--default  \">Ta\u015bmy samoprzylepne do produkcji i przetwarzania folii<\/h2>\n            <span class=\"hl-sub hl-line |  hl_sub--default  \">Wymagaj\u0105ce wymagania, niestandardowe rozwi\u0105zania <\/span>\n    <\/div>\n<\/div>\n<br \/>\n<section  class='av_textblock_section av-lhoxgm2h-b754a163c6f7680c0fb1d9c9d84c1db9 '   itemscope=\"itemscope\" itemtype=\"https:\/\/schema.org\/CreativeWork\" ><div class='avia_textblock'  itemprop=\"text\" ><p>Jako dystrybutor technicznych ta\u015bm samoprzylepnych, w cardinal TAPES jeste\u015bmy pewni jednego: ta\u015bma samoprzylepna to produkt do naprawd\u0119 ka\u017cdego zastosowania. Dzi\u0119ki naszemu asortymentowi produkt\u00f3w z r\u00f3\u017cnych obszar\u00f3w technologii klejenia gwarantujemy, \u017ce znajdziesz odpowiedni\u0105 ta\u015bm\u0119 samoprzylepn\u0105 dla swojej firmy do niemal ka\u017cdego zastosowania.<\/p>\n<p>Aby si\u0119 z nami skontaktowa\u0107, wystarczy skorzysta\u0107 z naszego formularza <a title=\"Zapytanie o produkt techniczne ta\u015bmy samoprzylepne cardinal TAPES\" href=\"\/ueber-cardinal\/kontakt\/\">zapytania o produkt<\/a> lub skontaktowa\u0107 si\u0119 z nami telefonicznie pod numerem <a class=\"telelink\" title=\"W przypadku dalszych pyta\u0144 prosimy o kontakt telefoniczny\" href=\"tel:+490202266850\" target=\"_blank\" rel=\"nofollow\">+49.202.266850<\/a>.<\/p>\n<\/div><\/section><\/p><\/div>\n\n<\/div><\/div><\/div><!-- close content main div --><\/div><\/div><div id='av_section_2'  class='avia-section av-rinjw-f7f43782769b6100513231999ac6ee84 main_color avia-section-default avia-no-border-styling  avia-builder-el-5  el_after_av_section  avia-builder-el-last  gradient-section avia-bg-style-scroll container_wrap fullsize'  ><div class='container av-section-cont-open' ><div class='template-page content  av-content-full alpha units'><div class='post-entry post-entry-type-page post-entry-65679'><div class='entry-content-wrapper clearfix'>\n<div  class='flex_column av-moc38-c2e3ffe426ef97e300fe0b8a342adf41 av_one_full  avia-builder-el-6  avia-builder-el-no-sibling  first flex_column_div av-animated-generic left-to-right  '     ><p><div class=\"pxl-headline pxl-hl hl-wrap | hl-sub--bot hl--align-left hl--no-margin    \">\n        <div class=\"hl-inner\">\n            <h2 class=\"hl-main hl-line |  hl_main--default  \">Najwa\u017cniejsze cechy produktu<\/h2>\n            <span class=\"hl-sub hl-line |  hl_sub--default  \">Innowacyjno\u015b\u0107 i wysoka jako\u015b\u0107<\/span>\n    <\/div>\n<\/div>\n<br \/>\n<div   data-autoplay=''  data-interval='5'  data-animation='fade'  data-hoverpause='1'  class='template-shop avia-content-slider avia-content-slider-active avia-product-slider1 avia-content-slider-even  avia-builder-el-8  el_after_pixel_sc_headline  el_before_av_button   shop_columns_4' ><div class='avia-content-slider-inner'><ul class=\"products slide-entry-wrap\"><li class=\"product type-product post-38459 status-publish first instock product_cat-produkcja-obrobka-aluminium product_cat-przemysl-elektryczny product_cat-produkcja-folii product_cat-przemysl-tworzyw-sztucznych product_cat-inzynieria-mechaniczna product_cat-przemysl-tekstylny product_cat-tasmy-dwustronnie-klejace has-post-thumbnail taxable shipping-taxable purchasable product-type-variable\">\n\t<div class='inner_product main_color wrapped_style noLightbox  av-product-class-no_button'><a href=\"https:\/\/cardinal-tapes.com\/pl\/ta\u015bmy-samoprzylepne\/obszary-zastosowan\/produkcja-obrobka-aluminium\/orabond-1358-papier-fleece-tasma-przylepna\/\" class=\"woocommerce-LoopProduct-link woocommerce-loop-product__link\"><div class=\"thumbnail_container\"><img decoding=\"async\" loading=\"lazy\" width=\"450\" height=\"450\" src=\"https:\/\/cardinal-tapes.com\/wp-content\/uploads\/1358gia-450x450.jpg\" class=\"wp-image-29194 avia-img-lazy-loading-29194 attachment-shop_catalog size-shop_catalog wp-post-image\" alt=\"ORABOND\u00ae 1358 papierowa ta\u015bma samoprzylepna z w\u0142\u00f3kniny - dwustronny, Papierowa w\u0142\u00f3knina, Akrylan dyspersyjny - Ilustracja 29194\" srcset=\"https:\/\/cardinal-tapes.com\/wp-content\/uploads\/1358gia-450x450.jpg 450w, https:\/\/cardinal-tapes.com\/wp-content\/uploads\/1358gia-80x80.jpg 80w, https:\/\/cardinal-tapes.com\/wp-content\/uploads\/1358gia-36x36.jpg 36w, https:\/\/cardinal-tapes.com\/wp-content\/uploads\/1358gia-180x180.jpg 180w, https:\/\/cardinal-tapes.com\/wp-content\/uploads\/1358gia-120x120.jpg 120w, https:\/\/cardinal-tapes.com\/wp-content\/uploads\/1358gia-100x100.jpg 100w\" sizes=\"auto, (max-width: 450px) 100vw, 450px\" \/><\/div><div class='inner_product_header'><div class='avia-arrow'><\/div><div class='inner_product_header_table'><div class='inner_product_header_cell'><span class=\"is-h2 woocommerce-loop-product__title\">ORABOND\u00ae 1358 papierowa ta\u015bma samoprzylepna z w\u0142\u00f3kniny<\/span>\t\t<div class=\"product-infos\">\n\t\t\t\t\t\t\t<span class='product-infos__item'><b>Pow\u0142oka:<\/b> dwustronny<\/span>\n\t\t\t\t\t\t\t\t\t\t<span class='product-infos__item'><b>Rodzaj materia\u0142u:<\/b> Papierowa w\u0142\u00f3knina<\/span>\n\t\t\t\t\t\t\t\t\t\t<span class='product-infos__item'><b>Producent:<\/b> ORAFOL<\/span>\n\t\t\t\t\t\t\t\t\t\t<span class='product-infos__item'><b>Cena na \u017c\u0105danie<\/b><\/span>\n\t\t\t\t\t<\/div>\n\t<\/div><\/div><\/div><\/a><\/div><\/li>\n<li class=\"product type-product post-38247 status-publish instock product_cat-produkcja-folii product_cat-inzynieria-mechaniczna product_cat-przemysl-tekstylny product_cat-tasmy-dwustronnie-klejace has-post-thumbnail taxable shipping-taxable purchasable product-type-variable\">\n\t<div class='inner_product main_color wrapped_style noLightbox  av-product-class-no_button'><a href=\"https:\/\/cardinal-tapes.com\/pl\/ta\u015bmy-samoprzylepne\/obszary-zastosowan\/produkcja-folii\/orabond-1399-papier-fleece-tasma-przylepna\/\" class=\"woocommerce-LoopProduct-link woocommerce-loop-product__link\"><div class=\"thumbnail_container\"><img decoding=\"async\" loading=\"lazy\" width=\"450\" height=\"450\" src=\"https:\/\/cardinal-tapes.com\/wp-content\/uploads\/1399b-450x450.jpg\" class=\"wp-image-29254 avia-img-lazy-loading-29254 attachment-shop_catalog size-shop_catalog wp-post-image\" alt=\"ORABOND\u00ae 1399 papierowa ta\u015bma samoprzylepna z w\u0142\u00f3kniny - dwustronny, Papierowa w\u0142\u00f3knina, Akryl - Ilustracja 29254\" srcset=\"https:\/\/cardinal-tapes.com\/wp-content\/uploads\/1399b-450x450.jpg 450w, https:\/\/cardinal-tapes.com\/wp-content\/uploads\/1399b-80x80.jpg 80w, https:\/\/cardinal-tapes.com\/wp-content\/uploads\/1399b-36x36.jpg 36w, https:\/\/cardinal-tapes.com\/wp-content\/uploads\/1399b-180x180.jpg 180w, https:\/\/cardinal-tapes.com\/wp-content\/uploads\/1399b-120x120.jpg 120w, https:\/\/cardinal-tapes.com\/wp-content\/uploads\/1399b-100x100.jpg 100w\" sizes=\"auto, (max-width: 450px) 100vw, 450px\" \/><\/div><div class='inner_product_header'><div class='avia-arrow'><\/div><div class='inner_product_header_table'><div class='inner_product_header_cell'><span class=\"is-h2 woocommerce-loop-product__title\">ORABOND\u00ae 1399 papierowa ta\u015bma samoprzylepna z w\u0142\u00f3kniny<\/span>\t\t<div class=\"product-infos\">\n\t\t\t\t\t\t\t<span class='product-infos__item'><b>Pow\u0142oka:<\/b> dwustronny<\/span>\n\t\t\t\t\t\t\t\t\t\t<span class='product-infos__item'><b>Rodzaj materia\u0142u:<\/b> Papierowa w\u0142\u00f3knina<\/span>\n\t\t\t\t\t\t\t\t\t\t<span class='product-infos__item'><b>Producent:<\/b> ORAFOL<\/span>\n\t\t\t\t\t\t\t\t\t\t<span class='product-infos__item'><b>Cena na \u017c\u0105danie<\/b><\/span>\n\t\t\t\t\t<\/div>\n\t<\/div><\/div><\/div><\/a><\/div><\/li>\n<li class=\"product type-product post-55300 status-publish instock product_cat-produkcja-obrobka-aluminium product_cat-przemysl-elektryczny product_cat-produkcja-folii product_cat-przemysl-tworzyw-sztucznych product_cat-inzynieria-mechaniczna product_cat-przemysl-tekstylny product_cat-tasmy-dwustronnie-klejace has-post-thumbnail taxable shipping-taxable purchasable product-type-variable\">\n\t<div class='inner_product main_color wrapped_style noLightbox  av-product-class-no_button'><a href=\"https:\/\/cardinal-tapes.com\/pl\/ta\u015bmy-samoprzylepne\/obszary-zastosowan\/produkcja-obrobka-aluminium\/ca-418-pet-adhesive-tape\/\" class=\"woocommerce-LoopProduct-link woocommerce-loop-product__link\"><div class=\"thumbnail_container\"><img decoding=\"async\" loading=\"lazy\" width=\"380\" height=\"380\" src=\"https:\/\/cardinal-tapes.com\/wp-content\/uploads\/ca_420_19x50mm.jpg\" class=\"wp-image-81357 avia-img-lazy-loading-81357 attachment-shop_catalog size-shop_catalog wp-post-image\" alt=\"Ta\u015bma samoprzylepna CA-418 PET - dwustronny, Folia PET, Rozpuszczalnik akrylanowy - Ilustracja 81357\" srcset=\"https:\/\/cardinal-tapes.com\/wp-content\/uploads\/ca_420_19x50mm.jpg 380w, https:\/\/cardinal-tapes.com\/wp-content\/uploads\/ca_420_19x50mm-200x200.jpg 200w, https:\/\/cardinal-tapes.com\/wp-content\/uploads\/ca_420_19x50mm-80x80.jpg 80w, https:\/\/cardinal-tapes.com\/wp-content\/uploads\/ca_420_19x50mm-36x36.jpg 36w, https:\/\/cardinal-tapes.com\/wp-content\/uploads\/ca_420_19x50mm-180x180.jpg 180w, https:\/\/cardinal-tapes.com\/wp-content\/uploads\/ca_420_19x50mm-120x120.jpg 120w, https:\/\/cardinal-tapes.com\/wp-content\/uploads\/ca_420_19x50mm-100x100.jpg 100w\" sizes=\"auto, (max-width: 380px) 100vw, 380px\" \/><\/div><div class='inner_product_header'><div class='avia-arrow'><\/div><div class='inner_product_header_table'><div class='inner_product_header_cell'><span class=\"is-h2 woocommerce-loop-product__title\">Ta\u015bma samoprzylepna CA-418 PET<\/span>\t\t<div class=\"product-infos\">\n\t\t\t\t\t\t\t<span class='product-infos__item'><b>Pow\u0142oka:<\/b> dwustronny<\/span>\n\t\t\t\t\t\t\t\t\t\t<span class='product-infos__item'><b>Rodzaj materia\u0142u:<\/b> Folia PET<\/span>\n\t\t\t\t\t\t\t\t\t\t<span class='product-infos__item'><b>Producent:<\/b> cardinal GmbH<\/span>\n\t\t\t\t\t\t\t\t\t\t<span class='product-infos__item'><b>Cena na \u017c\u0105danie<\/b><\/span>\n\t\t\t\t\t<\/div>\n\t<\/div><\/div><\/div><\/a><\/div><\/li>\n<li class=\"product type-product post-75160 status-publish last instock product_cat-produkcja-obrobka-aluminium product_cat-przemysl-elektryczny product_cat-produkcja-folii product_cat-ogrzewanie-i-klimatyzacja product_cat-przemysl-tworzyw-sztucznych product_cat-inzynieria-mechaniczna product_cat-wykonczenie-metalu product_cat-przemysl-tekstylny product_cat-tasmy-dwustronnie-klejace has-post-thumbnail taxable shipping-taxable purchasable product-type-variable\">\n\t<div class='inner_product main_color wrapped_style noLightbox  av-product-class-no_button'><a href=\"https:\/\/cardinal-tapes.com\/pl\/ta\u015bmy-samoprzylepne\/obszary-zastosowan\/produkcja-obrobka-aluminium\/tasma-samoprzylepna-ca-418-pet-pl\/\" class=\"woocommerce-LoopProduct-link woocommerce-loop-product__link\"><div class=\"thumbnail_container\"><img decoding=\"async\" loading=\"lazy\" width=\"380\" height=\"380\" src=\"https:\/\/cardinal-tapes.com\/wp-content\/uploads\/ca_420_19x50mm.jpg\" class=\"wp-image-81357 avia-img-lazy-loading-81357 attachment-shop_catalog size-shop_catalog wp-post-image\" alt=\"Ta\u015bma samoprzylepna CA-420 PET - dwustronny, Folia PET, Rozpuszczalnik akrylanowy - Ilustracja 81357\" srcset=\"https:\/\/cardinal-tapes.com\/wp-content\/uploads\/ca_420_19x50mm.jpg 380w, https:\/\/cardinal-tapes.com\/wp-content\/uploads\/ca_420_19x50mm-200x200.jpg 200w, https:\/\/cardinal-tapes.com\/wp-content\/uploads\/ca_420_19x50mm-80x80.jpg 80w, https:\/\/cardinal-tapes.com\/wp-content\/uploads\/ca_420_19x50mm-36x36.jpg 36w, https:\/\/cardinal-tapes.com\/wp-content\/uploads\/ca_420_19x50mm-180x180.jpg 180w, https:\/\/cardinal-tapes.com\/wp-content\/uploads\/ca_420_19x50mm-120x120.jpg 120w, https:\/\/cardinal-tapes.com\/wp-content\/uploads\/ca_420_19x50mm-100x100.jpg 100w\" sizes=\"auto, (max-width: 380px) 100vw, 380px\" \/><\/div><div class='inner_product_header'><div class='avia-arrow'><\/div><div class='inner_product_header_table'><div class='inner_product_header_cell'><span class=\"is-h2 woocommerce-loop-product__title\">Ta\u015bma samoprzylepna CA-420 PET<\/span>\t\t<div class=\"product-infos\">\n\t\t\t\t\t\t\t<span class='product-infos__item'><b>Pow\u0142oka:<\/b> dwustronny<\/span>\n\t\t\t\t\t\t\t\t\t\t<span class='product-infos__item'><b>Rodzaj materia\u0142u:<\/b> Folia PET<\/span>\n\t\t\t\t\t\t\t\t\t\t<span class='product-infos__item'><b>Producent:<\/b> cardinal GmbH<\/span>\n\t\t\t\t\t\t\t\t\t\t<span class='product-infos__item'><b>Cena na \u017c\u0105danie<\/b><\/span>\n\t\t\t\t\t<\/div>\n\t<\/div><\/div><\/div><\/a><\/div><\/li>\n<\/ul><\/div><\/div><div class=\"clear\"><\/div><br \/>\n<div  class='avia-button-wrap av-asgjg-177672d504e53c04361c62b6c5787f2c-wrap avia-button-left '><a href='https:\/\/cardinal-tapes.com\/pl\/tasmy-samoprzylepne-pl\/'  class='avia-button av-asgjg-177672d504e53c04361c62b6c5787f2c avia-icon_select-no avia-size-medium avia-position-left avia-color-theme-color layout-border color-white'  ><span class='avia_iconbox_title' >Wszystkie produkty<\/span><\/a><\/div><\/p><\/div>\n","protected":false},"excerpt":{"rendered":"","protected":false},"author":1,"featured_media":0,"parent":30840,"menu_order":18,"comment_status":"closed","ping_status":"closed","template":"","meta":{"_acf_changed":false,"footnotes":""},"class_list":["post-65679","page","type-page","status-publish","hentry"],"acf":[],"yoast_head":"<!-- This site is optimized with the Yoast SEO plugin v27.3 - https:\/\/yoast.com\/product\/yoast-seo-wordpress\/ -->\n<title>Ta\u015bmy klej\u0105ce do produkcji filmowej | cardinal TAPES<\/title>\n<meta name=\"description\" content=\"Dzi\u0119ki naszemu asortymentowi produkt\u00f3w z r\u00f3\u017cnych obszar\u00f3w technologii klejenia gwarantujemy, \u017ce znajdziesz odpowiedni\u0105 ta\u015bm\u0119 samoprzylepn\u0105 dla swojej firmy do niemal ka\u017cdego zastosowania.\" \/>\n<meta name=\"robots\" content=\"index, follow, max-snippet:-1, max-image-preview:large, max-video-preview:-1\" \/>\n<link rel=\"canonical\" href=\"https:\/\/cardinal-tapes.com\/pl\/tasmy-samoprzylepne-pl\/obszary-zastosowania\/produkcja-i-przetwarzanie-filmow\/\" \/>\n<meta property=\"og:locale\" content=\"pl_PL\" \/>\n<meta property=\"og:type\" content=\"article\" \/>\n<meta property=\"og:title\" content=\"Ta\u015bmy klej\u0105ce do produkcji filmowej | cardinal TAPES\" \/>\n<meta property=\"og:description\" content=\"Dzi\u0119ki naszemu asortymentowi produkt\u00f3w z r\u00f3\u017cnych obszar\u00f3w technologii klejenia gwarantujemy, \u017ce znajdziesz odpowiedni\u0105 ta\u015bm\u0119 samoprzylepn\u0105 dla swojej firmy do niemal ka\u017cdego zastosowania.\" \/>\n<meta property=\"og:url\" content=\"https:\/\/cardinal-tapes.com\/pl\/tasmy-samoprzylepne-pl\/obszary-zastosowania\/produkcja-i-przetwarzanie-filmow\/\" \/>\n<meta property=\"og:site_name\" content=\"cardinal TAPES\" \/>\n<meta property=\"article:modified_time\" content=\"2023-06-16T14:09:13+00:00\" \/>\n<meta name=\"twitter:card\" content=\"summary_large_image\" \/>\n<meta name=\"twitter:label1\" content=\"Szacowany czas czytania\" \/>\n\t<meta name=\"twitter:data1\" content=\"4 minuty\" \/>\n<script type=\"application\/ld+json\" class=\"yoast-schema-graph\">{\"@context\":\"https:\\\/\\\/schema.org\",\"@graph\":[{\"@type\":\"WebPage\",\"@id\":\"https:\\\/\\\/cardinal-tapes.com\\\/pl\\\/tasmy-samoprzylepne-pl\\\/obszary-zastosowania\\\/produkcja-i-przetwarzanie-filmow\\\/\",\"url\":\"https:\\\/\\\/cardinal-tapes.com\\\/pl\\\/tasmy-samoprzylepne-pl\\\/obszary-zastosowania\\\/produkcja-i-przetwarzanie-filmow\\\/\",\"name\":\"Ta\u015bmy klej\u0105ce do produkcji filmowej | cardinal TAPES\",\"isPartOf\":{\"@id\":\"https:\\\/\\\/cardinal-tapes.com\\\/#website\"},\"datePublished\":\"2017-12-19T11:04:47+00:00\",\"dateModified\":\"2023-06-16T14:09:13+00:00\",\"description\":\"Dzi\u0119ki naszemu asortymentowi produkt\u00f3w z r\u00f3\u017cnych obszar\u00f3w technologii klejenia gwarantujemy, \u017ce znajdziesz odpowiedni\u0105 ta\u015bm\u0119 samoprzylepn\u0105 dla swojej firmy do niemal ka\u017cdego zastosowania.\",\"breadcrumb\":{\"@id\":\"https:\\\/\\\/cardinal-tapes.com\\\/pl\\\/tasmy-samoprzylepne-pl\\\/obszary-zastosowania\\\/produkcja-i-przetwarzanie-filmow\\\/#breadcrumb\"},\"inLanguage\":\"pl-PL\",\"potentialAction\":[{\"@type\":\"ReadAction\",\"target\":[\"https:\\\/\\\/cardinal-tapes.com\\\/pl\\\/tasmy-samoprzylepne-pl\\\/obszary-zastosowania\\\/produkcja-i-przetwarzanie-filmow\\\/\"]}]},{\"@type\":\"BreadcrumbList\",\"@id\":\"https:\\\/\\\/cardinal-tapes.com\\\/pl\\\/tasmy-samoprzylepne-pl\\\/obszary-zastosowania\\\/produkcja-i-przetwarzanie-filmow\\\/#breadcrumb\",\"itemListElement\":[{\"@type\":\"ListItem\",\"position\":1,\"name\":\"Startseite\",\"item\":\"https:\\\/\\\/cardinal-tapes.com\\\/pl\\\/strona-glowna\\\/\"},{\"@type\":\"ListItem\",\"position\":2,\"name\":\"Ta\u015bmy samoprzylepne\",\"item\":\"https:\\\/\\\/cardinal-tapes.com\\\/pl\\\/tasmy-samoprzylepne-pl\\\/\"},{\"@type\":\"ListItem\",\"position\":3,\"name\":\"Obszary zastosowania\",\"item\":\"https:\\\/\\\/cardinal-tapes.com\\\/pl\\\/tasmy-samoprzylepne-pl__trashed\\\/obszary-zastosowania\\\/\"},{\"@type\":\"ListItem\",\"position\":4,\"name\":\"Produkcja i przetwarzanie film\u00f3w\"}]},{\"@type\":\"WebSite\",\"@id\":\"https:\\\/\\\/cardinal-tapes.com\\\/#website\",\"url\":\"https:\\\/\\\/cardinal-tapes.com\\\/\",\"name\":\"cardinal TAPES\",\"description\":\"Klebetechnik aus Wuppertal\",\"potentialAction\":[{\"@type\":\"SearchAction\",\"target\":{\"@type\":\"EntryPoint\",\"urlTemplate\":\"https:\\\/\\\/cardinal-tapes.com\\\/?s={search_term_string}\"},\"query-input\":{\"@type\":\"PropertyValueSpecification\",\"valueRequired\":true,\"valueName\":\"search_term_string\"}}],\"inLanguage\":\"pl-PL\"}]}<\/script>\n<!-- \/ Yoast SEO plugin. -->","yoast_head_json":{"title":"Ta\u015bmy klej\u0105ce do produkcji filmowej | cardinal TAPES","description":"Dzi\u0119ki naszemu asortymentowi produkt\u00f3w z r\u00f3\u017cnych obszar\u00f3w technologii klejenia gwarantujemy, \u017ce znajdziesz odpowiedni\u0105 ta\u015bm\u0119 samoprzylepn\u0105 dla swojej firmy do niemal ka\u017cdego zastosowania.","robots":{"index":"index","follow":"follow","max-snippet":"max-snippet:-1","max-image-preview":"max-image-preview:large","max-video-preview":"max-video-preview:-1"},"canonical":"https:\/\/cardinal-tapes.com\/pl\/tasmy-samoprzylepne-pl\/obszary-zastosowania\/produkcja-i-przetwarzanie-filmow\/","og_locale":"pl_PL","og_type":"article","og_title":"Ta\u015bmy klej\u0105ce do produkcji filmowej | cardinal TAPES","og_description":"Dzi\u0119ki naszemu asortymentowi produkt\u00f3w z r\u00f3\u017cnych obszar\u00f3w technologii klejenia gwarantujemy, \u017ce znajdziesz odpowiedni\u0105 ta\u015bm\u0119 samoprzylepn\u0105 dla swojej firmy do niemal ka\u017cdego zastosowania.","og_url":"https:\/\/cardinal-tapes.com\/pl\/tasmy-samoprzylepne-pl\/obszary-zastosowania\/produkcja-i-przetwarzanie-filmow\/","og_site_name":"cardinal TAPES","article_modified_time":"2023-06-16T14:09:13+00:00","twitter_card":"summary_large_image","twitter_misc":{"Szacowany czas czytania":"4 minuty"},"schema":{"@context":"https:\/\/schema.org","@graph":[{"@type":"WebPage","@id":"https:\/\/cardinal-tapes.com\/pl\/tasmy-samoprzylepne-pl\/obszary-zastosowania\/produkcja-i-przetwarzanie-filmow\/","url":"https:\/\/cardinal-tapes.com\/pl\/tasmy-samoprzylepne-pl\/obszary-zastosowania\/produkcja-i-przetwarzanie-filmow\/","name":"Ta\u015bmy klej\u0105ce do produkcji filmowej | cardinal TAPES","isPartOf":{"@id":"https:\/\/cardinal-tapes.com\/#website"},"datePublished":"2017-12-19T11:04:47+00:00","dateModified":"2023-06-16T14:09:13+00:00","description":"Dzi\u0119ki naszemu asortymentowi produkt\u00f3w z r\u00f3\u017cnych obszar\u00f3w technologii klejenia gwarantujemy, \u017ce znajdziesz odpowiedni\u0105 ta\u015bm\u0119 samoprzylepn\u0105 dla swojej firmy do niemal ka\u017cdego zastosowania.","breadcrumb":{"@id":"https:\/\/cardinal-tapes.com\/pl\/tasmy-samoprzylepne-pl\/obszary-zastosowania\/produkcja-i-przetwarzanie-filmow\/#breadcrumb"},"inLanguage":"pl-PL","potentialAction":[{"@type":"ReadAction","target":["https:\/\/cardinal-tapes.com\/pl\/tasmy-samoprzylepne-pl\/obszary-zastosowania\/produkcja-i-przetwarzanie-filmow\/"]}]},{"@type":"BreadcrumbList","@id":"https:\/\/cardinal-tapes.com\/pl\/tasmy-samoprzylepne-pl\/obszary-zastosowania\/produkcja-i-przetwarzanie-filmow\/#breadcrumb","itemListElement":[{"@type":"ListItem","position":1,"name":"Startseite","item":"https:\/\/cardinal-tapes.com\/pl\/strona-glowna\/"},{"@type":"ListItem","position":2,"name":"Ta\u015bmy samoprzylepne","item":"https:\/\/cardinal-tapes.com\/pl\/tasmy-samoprzylepne-pl\/"},{"@type":"ListItem","position":3,"name":"Obszary zastosowania","item":"https:\/\/cardinal-tapes.com\/pl\/tasmy-samoprzylepne-pl__trashed\/obszary-zastosowania\/"},{"@type":"ListItem","position":4,"name":"Produkcja i przetwarzanie film\u00f3w"}]},{"@type":"WebSite","@id":"https:\/\/cardinal-tapes.com\/#website","url":"https:\/\/cardinal-tapes.com\/","name":"cardinal TAPES","description":"Klebetechnik aus Wuppertal","potentialAction":[{"@type":"SearchAction","target":{"@type":"EntryPoint","urlTemplate":"https:\/\/cardinal-tapes.com\/?s={search_term_string}"},"query-input":{"@type":"PropertyValueSpecification","valueRequired":true,"valueName":"search_term_string"}}],"inLanguage":"pl-PL"}]}},"_links":{"self":[{"href":"https:\/\/cardinal-tapes.com\/pl\/wp-json\/wp\/v2\/pages\/65679","targetHints":{"allow":["GET"]}}],"collection":[{"href":"https:\/\/cardinal-tapes.com\/pl\/wp-json\/wp\/v2\/pages"}],"about":[{"href":"https:\/\/cardinal-tapes.com\/pl\/wp-json\/wp\/v2\/types\/page"}],"author":[{"embeddable":true,"href":"https:\/\/cardinal-tapes.com\/pl\/wp-json\/wp\/v2\/users\/1"}],"replies":[{"embeddable":true,"href":"https:\/\/cardinal-tapes.com\/pl\/wp-json\/wp\/v2\/comments?post=65679"}],"version-history":[{"count":0,"href":"https:\/\/cardinal-tapes.com\/pl\/wp-json\/wp\/v2\/pages\/65679\/revisions"}],"up":[{"embeddable":true,"href":"https:\/\/cardinal-tapes.com\/pl\/wp-json\/wp\/v2\/pages\/30840"}],"wp:attachment":[{"href":"https:\/\/cardinal-tapes.com\/pl\/wp-json\/wp\/v2\/media?parent=65679"}],"curies":[{"name":"wp","href":"https:\/\/api.w.org\/{rel}","templated":true}]}}