{"id":32198,"date":"2017-12-07T13:53:48","date_gmt":"2017-12-07T12:53:48","guid":{"rendered":"https:\/\/cardinal.pixel-tal.de\/tasmy-samoprzylepne\/obszary-zastosowania\/przemysl-papierniczy\/"},"modified":"2023-06-16T16:07:40","modified_gmt":"2023-06-16T14:07:40","slug":"przemysl-papierniczy","status":"publish","type":"page","link":"https:\/\/cardinal-tapes.com\/pl\/tasmy-samoprzylepne-pl\/obszary-zastosowania\/przemysl-papierniczy\/","title":{"rendered":"Przemys\u0142 papierniczy"},"content":{"rendered":"\t\t\t<div class=\"headerimage-section has-image  \">\n\t\t\t\t\t\t\t\t\t\t\t\t<div class=\"headerimage__bg overlay\" style=\"background-image: url('https:\/\/cardinal-tapes.com\/wp-content\/uploads\/cardinal_kopfbild_papierindustrie-scaled.jpg'); background-repeat: no-repeat; background-position: center; background-size: cover;\"><\/div>\n\t\t\t\t\t\t\t\t\t\t\t\t<div class=\"container\">\n\t\t\t\t\t<div class=\"headerimage__inner\">\n\t\t\t\t\t\t<h1 class=\"headerimage__headline\">Nasze ta\u015bmy klej\u0105ce i systemy klej\u0105ce<\/h1>\t\t\t\t\t\t<span class=\"headerimage__subheadline\">s\u0105 \u015bwietne nie tylko na papierze<\/span>\t\t\t\t\t\t\t\t\t\t\t<\/div>\n\t\t\t\t\t\t\t\t\t<\/div>\n\t\t\t<\/div>\n\t\t\t\n<\/div><\/div><\/div><!-- close content main div --><\/div><\/div><div id='av_section_1'  class='avia-section av-1l8u35-9df0382f473253ae1768df4c285c44a8 alternate_color avia-section-default avia-no-border-styling  avia-builder-el-1  el_after_pixel_headimage  el_before_av_section  avia-bg-style-scroll container_wrap fullsize'  ><div class='container av-section-cont-open' ><div class='template-page content  av-content-full alpha units'><div class='post-entry post-entry-type-page post-entry-32198'><div class='entry-content-wrapper clearfix'>\n<div  class='flex_column av-1fe3o1-94b2e759d48bcd6c14e3d0cfe2003e95 av_two_third  avia-builder-el-2  avia-builder-el-no-sibling  max-width-col two-third first flex_column_div av-animated-generic left-to-right  '     ><p><div class=\"pxl-headline pxl-hl hl-wrap | hl-sub--bot hl--align-left hl--std-margin    \">\n        <div class=\"hl-inner\">\n            <h2 class=\"hl-main hl-line |  hl_main--default  \">Ta\u015bmy samoprzylepne dla przemys\u0142u papierniczego<\/h2>\n            <span class=\"hl-sub hl-line |  hl_sub--default  \">Wymagaj\u0105ce wymagania, niestandardowe rozwi\u0105zania<\/span>\n    <\/div>\n<\/div>\n<br \/>\n<section  class='av_textblock_section av-lhouvxn6-c45c0c50e664ef550c54e186a68d66a1 '   itemscope=\"itemscope\" itemtype=\"https:\/\/schema.org\/CreativeWork\" ><div class='avia_textblock'  itemprop=\"text\" ><p>Jako wy\u0142\u0105czny dystrybutor produkt\u00f3w ORAFIX, oferujemy szerok\u0105 gam\u0119 produkt\u00f3w do wszystkich zastosowa\u0144 w przemy\u015ble papierniczym i poligraficznym. Rozpuszczalne w wodzie ta\u015bmy samoprzylepne ORAFIX\u00ae s\u0105 dost\u0119pne w wersji jednostronnie i dwustronnie klej\u0105cej.<\/p>\n<p>Aby sprosta\u0107 rosn\u0105cym wymaganiom naszych klient\u00f3w, zawsze staramy si\u0119 stale poszerza\u0107 nasz\u0105 <a title=\"Asortyment technicznych ta\u015bm samoprzylepnych\" href=\"\/klebebaender\/\">ofert\u0119 produkt\u00f3w<\/a> i optymalizowa\u0107 j\u0105 zgodnie z nowoczesnymi standardami rozwoju. Znajdziemy r\u00f3wnie\u017c optymalne rozwi\u0105zania dla Twoich indywidualnych \u017cycze\u0144. W razie jakichkolwiek pyta\u0144 ch\u0119tnie doradzimy osobi\u015bcie. Po prostu skontaktuj si\u0119 z nami lub skorzystaj z naszego <a title=\"Formularz zapytania online, aby uzyska\u0107 wi\u0119cej informacji na temat technicznych ta\u015bm samoprzylepnych\" href=\"\/ueber-cardinal\/kontakt\/\">formularza zapytania<\/a>, aby si\u0119 z nami skontaktowa\u0107. Czekamy na Ciebie!<\/p>\n<\/div><\/section><\/p><\/div>\n\n<\/div><\/div><\/div><!-- close content main div --><\/div><\/div><div id='av_section_2'  class='avia-section av-t96mh-5786654057242e16b2b1192b00eda1d3 main_color avia-section-default avia-no-border-styling  avia-builder-el-5  el_after_av_section  avia-builder-el-last  gradient-section avia-bg-style-scroll container_wrap fullsize'  ><div class='container av-section-cont-open' ><div class='template-page content  av-content-full alpha units'><div class='post-entry post-entry-type-page post-entry-32198'><div class='entry-content-wrapper clearfix'>\n<div  class='flex_column av-jqjqx-7b1654d1a70ca5e35e2a641c58414baf av_one_full  avia-builder-el-6  avia-builder-el-no-sibling  first flex_column_div av-animated-generic left-to-right  '     ><p><div class=\"pxl-headline pxl-hl hl-wrap | hl-sub--bot hl--align-left hl--no-margin    \">\n        <div class=\"hl-inner\">\n            <h2 class=\"hl-main hl-line |  hl_main--default  \">Najwa\u017cniejsze cechy produktu<\/h2>\n            <span class=\"hl-sub hl-line |  hl_sub--default  \">Innowacyjno\u015b\u0107 i wysoka jako\u015b\u0107<\/span>\n    <\/div>\n<\/div>\n<br \/>\n<div   data-autoplay=''  data-interval='5'  data-animation='fade'  data-hoverpause='1'  class='template-shop avia-content-slider avia-content-slider-active avia-product-slider1 avia-content-slider-even  avia-builder-el-8  el_after_pixel_sc_headline  el_before_av_button   shop_columns_4' ><div class='avia-content-slider-inner'><ul class=\"products slide-entry-wrap\"><li class=\"product type-product post-37533 status-publish first instock product_cat-druk-i-grafika product_cat-przemysl-papierniczy product_cat-przemysl-tekstylny product_cat-tasmy-dwustronnie-klejace has-post-thumbnail taxable shipping-taxable purchasable product-type-variable\">\n\t<div class='inner_product main_color wrapped_style noLightbox  av-product-class-no_button'><a href=\"https:\/\/cardinal-tapes.com\/pl\/ta\u015bmy-samoprzylepne\/obszary-zastosowan\/druk-i-grafika\/ca-43-papierowa-tasma-samoprzylepna-z-wlokniny\/\" class=\"woocommerce-LoopProduct-link woocommerce-loop-product__link\"><div class=\"thumbnail_container\"><img decoding=\"async\" loading=\"lazy\" width=\"450\" height=\"450\" src=\"https:\/\/cardinal-tapes.com\/wp-content\/uploads\/CA_43-2_retouched-450x450.jpg\" class=\"wp-image-27098 avia-img-lazy-loading-27098 attachment-shop_catalog size-shop_catalog wp-post-image\" alt=\"CA-43 Ta\u015bma samoprzylepna z w\u0142\u00f3kniny papierowej - dwustronny, Papierowa w\u0142\u00f3knina, Kauczuk syntetyczny - Ilustracja 27098\" srcset=\"https:\/\/cardinal-tapes.com\/wp-content\/uploads\/CA_43-2_retouched-450x450.jpg 450w, https:\/\/cardinal-tapes.com\/wp-content\/uploads\/CA_43-2_retouched-120x120.jpg 120w, https:\/\/cardinal-tapes.com\/wp-content\/uploads\/CA_43-2_retouched-80x80.jpg 80w, https:\/\/cardinal-tapes.com\/wp-content\/uploads\/CA_43-2_retouched-36x36.jpg 36w, https:\/\/cardinal-tapes.com\/wp-content\/uploads\/CA_43-2_retouched-180x180.jpg 180w, https:\/\/cardinal-tapes.com\/wp-content\/uploads\/CA_43-2_retouched-100x100.jpg 100w\" sizes=\"auto, (max-width: 450px) 100vw, 450px\" \/><\/div><div class='inner_product_header'><div class='avia-arrow'><\/div><div class='inner_product_header_table'><div class='inner_product_header_cell'><span class=\"is-h2 woocommerce-loop-product__title\">CA-43 Ta\u015bma samoprzylepna z w\u0142\u00f3kniny papierowej<\/span>\t\t<div class=\"product-infos\">\n\t\t\t\t\t\t\t<span class='product-infos__item'><b>Pow\u0142oka:<\/b> dwustronny<\/span>\n\t\t\t\t\t\t\t\t\t\t<span class='product-infos__item'><b>Rodzaj materia\u0142u:<\/b> Papierowa w\u0142\u00f3knina<\/span>\n\t\t\t\t\t\t\t\t\t\t<span class='product-infos__item'><b>Producent:<\/b> cardinal GmbH<\/span>\n\t\t\t\t\t\t\t\t\t\t<span class='product-infos__item'><b>Cena na \u017c\u0105danie<\/b><\/span>\n\t\t\t\t\t<\/div>\n\t<\/div><\/div><\/div><\/a><\/div><\/li>\n<li class=\"product type-product post-44314 status-publish instock product_cat-przemysl-papierniczy product_cat-tasmy-dwustronnie-klejace has-post-thumbnail taxable shipping-taxable purchasable product-type-variable\">\n\t<div class='inner_product main_color wrapped_style noLightbox  av-product-class-no_button'><a href=\"https:\/\/cardinal-tapes.com\/pl\/ta\u015bmy-samoprzylepne\/obszary-zastosowan\/przemysl-papierniczy\/ca-42-papierowa-tasma-samoprzylepna-z-wlokniny\/\" class=\"woocommerce-LoopProduct-link woocommerce-loop-product__link\"><div class=\"thumbnail_container\"><img decoding=\"async\" loading=\"lazy\" width=\"450\" height=\"450\" src=\"https:\/\/cardinal-tapes.com\/wp-content\/uploads\/CA_43-2_retouched-450x450.jpg\" class=\"wp-image-27098 avia-img-lazy-loading-27098 attachment-shop_catalog size-shop_catalog wp-post-image\" alt=\"CA-42 Ta\u015bma samoprzylepna z w\u0142\u00f3kniny papierowej - dwustronny, Papier, Akrylan dyspersyjny - Ilustracja 27098\" srcset=\"https:\/\/cardinal-tapes.com\/wp-content\/uploads\/CA_43-2_retouched-450x450.jpg 450w, https:\/\/cardinal-tapes.com\/wp-content\/uploads\/CA_43-2_retouched-120x120.jpg 120w, https:\/\/cardinal-tapes.com\/wp-content\/uploads\/CA_43-2_retouched-80x80.jpg 80w, https:\/\/cardinal-tapes.com\/wp-content\/uploads\/CA_43-2_retouched-36x36.jpg 36w, https:\/\/cardinal-tapes.com\/wp-content\/uploads\/CA_43-2_retouched-180x180.jpg 180w, https:\/\/cardinal-tapes.com\/wp-content\/uploads\/CA_43-2_retouched-100x100.jpg 100w\" sizes=\"auto, (max-width: 450px) 100vw, 450px\" \/><\/div><div class='inner_product_header'><div class='avia-arrow'><\/div><div class='inner_product_header_table'><div class='inner_product_header_cell'><span class=\"is-h2 woocommerce-loop-product__title\">CA-42 Ta\u015bma samoprzylepna z w\u0142\u00f3kniny papierowej<\/span>\t\t<div class=\"product-infos\">\n\t\t\t\t\t\t\t<span class='product-infos__item'><b>Pow\u0142oka:<\/b> dwustronny<\/span>\n\t\t\t\t\t\t\t\t\t\t<span class='product-infos__item'><b>Rodzaj materia\u0142u:<\/b> Papier<\/span>\n\t\t\t\t\t\t\t\t\t\t<span class='product-infos__item'><b>Producent:<\/b> cardinal GmbH<\/span>\n\t\t\t\t\t\t\t\t\t\t<span class='product-infos__item'><b>Cena na \u017c\u0105danie<\/b><\/span>\n\t\t\t\t\t<\/div>\n\t<\/div><\/div><\/div><\/a><\/div><\/li>\n<li class=\"product type-product post-44338 status-publish instock product_cat-przemysl-papierniczy product_cat-tasmy-dwustronnie-klejace has-post-thumbnail taxable shipping-taxable purchasable product-type-variable\">\n\t<div class='inner_product main_color wrapped_style noLightbox  av-product-class-no_button'><a href=\"https:\/\/cardinal-tapes.com\/pl\/ta\u015bmy-samoprzylepne\/obszary-zastosowan\/przemysl-papierniczy\/ca-44-pv1-papier-fleece-tasma-przylepna\/\" class=\"woocommerce-LoopProduct-link woocommerce-loop-product__link\"><div class=\"thumbnail_container\"><img decoding=\"async\" loading=\"lazy\" width=\"450\" height=\"450\" src=\"https:\/\/cardinal-tapes.com\/wp-content\/uploads\/CA_43-2_retouched-450x450.jpg\" class=\"wp-image-27098 avia-img-lazy-loading-27098 attachment-shop_catalog size-shop_catalog wp-post-image\" alt=\"CA-44 PV1 papierowa ta\u015bma samoprzylepna z w\u0142\u00f3kniny - dwustronny, Papierowa w\u0142\u00f3knina, Akrylan dyspersyjny - Ilustracja 27098\" srcset=\"https:\/\/cardinal-tapes.com\/wp-content\/uploads\/CA_43-2_retouched-450x450.jpg 450w, https:\/\/cardinal-tapes.com\/wp-content\/uploads\/CA_43-2_retouched-120x120.jpg 120w, https:\/\/cardinal-tapes.com\/wp-content\/uploads\/CA_43-2_retouched-80x80.jpg 80w, https:\/\/cardinal-tapes.com\/wp-content\/uploads\/CA_43-2_retouched-36x36.jpg 36w, https:\/\/cardinal-tapes.com\/wp-content\/uploads\/CA_43-2_retouched-180x180.jpg 180w, https:\/\/cardinal-tapes.com\/wp-content\/uploads\/CA_43-2_retouched-100x100.jpg 100w\" sizes=\"auto, (max-width: 450px) 100vw, 450px\" \/><\/div><div class='inner_product_header'><div class='avia-arrow'><\/div><div class='inner_product_header_table'><div class='inner_product_header_cell'><span class=\"is-h2 woocommerce-loop-product__title\">CA-44 PV1 papierowa ta\u015bma samoprzylepna z w\u0142\u00f3kniny<\/span>\t\t<div class=\"product-infos\">\n\t\t\t\t\t\t\t<span class='product-infos__item'><b>Pow\u0142oka:<\/b> dwustronny<\/span>\n\t\t\t\t\t\t\t\t\t\t<span class='product-infos__item'><b>Rodzaj materia\u0142u:<\/b> Papierowa w\u0142\u00f3knina<\/span>\n\t\t\t\t\t\t\t\t\t\t<span class='product-infos__item'><b>Producent:<\/b> cardinal GmbH<\/span>\n\t\t\t\t\t\t\t\t\t\t<span class='product-infos__item'><b>Cena na \u017c\u0105danie<\/b><\/span>\n\t\t\t\t\t<\/div>\n\t<\/div><\/div><\/div><\/a><\/div><\/li>\n<li class=\"product type-product post-51620 status-publish last instock product_cat-przemysl-papierniczy product_cat-systemy-rozkrecania product_cat-jednostronne-tasmy-samoprzylepne has-post-thumbnail taxable shipping-taxable purchasable product-type-variable\">\n\t<div class='inner_product main_color wrapped_style noLightbox  av-product-class-no_button'><a href=\"https:\/\/cardinal-tapes.com\/pl\/ta\u015bmy-samoprzylepne\/obszary-zastosowan\/przemysl-papierniczy\/ca-100-power-band-for-turn-up-systems\/\" class=\"woocommerce-LoopProduct-link woocommerce-loop-product__link\"><div class=\"thumbnail_container\"><img decoding=\"async\" loading=\"lazy\" width=\"450\" height=\"450\" src=\"https:\/\/cardinal-tapes.com\/wp-content\/uploads\/ki_turnup_baender_weiss-450x450.jpg\" class=\"wp-image-27306 avia-img-lazy-loading-27306 attachment-shop_catalog size-shop_catalog wp-post-image\" alt=\"CA-100 Kraftband dla SYSTEM\u00d3W TURN-UP - jednostronny, Kraftband, bez kleju - Ilustracja 27306\" srcset=\"https:\/\/cardinal-tapes.com\/wp-content\/uploads\/ki_turnup_baender_weiss-450x450.jpg 450w, https:\/\/cardinal-tapes.com\/wp-content\/uploads\/ki_turnup_baender_weiss-120x120.jpg 120w, https:\/\/cardinal-tapes.com\/wp-content\/uploads\/ki_turnup_baender_weiss-80x80.jpg 80w, https:\/\/cardinal-tapes.com\/wp-content\/uploads\/ki_turnup_baender_weiss-36x36.jpg 36w, https:\/\/cardinal-tapes.com\/wp-content\/uploads\/ki_turnup_baender_weiss-180x180.jpg 180w, https:\/\/cardinal-tapes.com\/wp-content\/uploads\/ki_turnup_baender_weiss-100x100.jpg 100w\" sizes=\"auto, (max-width: 450px) 100vw, 450px\" \/><\/div><div class='inner_product_header'><div class='avia-arrow'><\/div><div class='inner_product_header_table'><div class='inner_product_header_cell'><span class=\"is-h2 woocommerce-loop-product__title\">CA-100 Kraftband dla SYSTEM\u00d3W TURN-UP<\/span>\t\t<div class=\"product-infos\">\n\t\t\t\t\t\t\t<span class='product-infos__item'><b>Pow\u0142oka:<\/b> jednostronny<\/span>\n\t\t\t\t\t\t\t\t\t\t<span class='product-infos__item'><b>Rodzaj materia\u0142u:<\/b> Kraftband<\/span>\n\t\t\t\t\t\t\t\t\t\t<span class='product-infos__item'><b>Producent:<\/b> cardinal GmbH<\/span>\n\t\t\t\t\t\t\t\t\t\t<span class='product-infos__item'><b>Cena na \u017c\u0105danie<\/b><\/span>\n\t\t\t\t\t<\/div>\n\t<\/div><\/div><\/div><\/a><\/div><\/li>\n<\/ul><\/div><\/div><div class=\"clear\"><\/div><br \/>\n<div  class='avia-button-wrap av-90m89-007b5f8e0208a716e76d014f9af49fe0-wrap avia-button-left '><a href='https:\/\/cardinal-tapes.com\/pl\/tasmy-samoprzylepne-pl\/'  class='avia-button av-90m89-007b5f8e0208a716e76d014f9af49fe0 avia-icon_select-no avia-size-medium avia-position-left avia-color-theme-color layout-border color-white'  ><span class='avia_iconbox_title' >Wszystkie produkty<\/span><\/a><\/div><\/p><\/div>\n","protected":false},"excerpt":{"rendered":"","protected":false},"author":1,"featured_media":0,"parent":30840,"menu_order":3,"comment_status":"closed","ping_status":"closed","template":"","meta":{"_acf_changed":false,"footnotes":""},"class_list":["post-32198","page","type-page","status-publish","hentry"],"acf":[],"yoast_head":"<!-- This site is optimized with the Yoast SEO plugin v27.3 - https:\/\/yoast.com\/product\/yoast-seo-wordpress\/ -->\n<title>Ta\u015bmy klej\u0105ce do produkcji papieru | Cardinal Tapes<\/title>\n<meta name=\"description\" content=\"Tutaj dowiesz si\u0119 wszystkiego o specjalnych w\u0142a\u015bciwo\u015bciach ta\u015bm samoprzylepnych dla przemys\u0142u papierniczego. Mamy odpowiednie produkty spe\u0142niaj\u0105ce Twoje wymagania.\" \/>\n<meta name=\"robots\" content=\"index, follow, max-snippet:-1, max-image-preview:large, max-video-preview:-1\" \/>\n<link rel=\"canonical\" href=\"https:\/\/cardinal-tapes.com\/pl\/tasmy-samoprzylepne-pl\/obszary-zastosowania\/przemysl-papierniczy\/\" \/>\n<meta property=\"og:locale\" content=\"pl_PL\" \/>\n<meta property=\"og:type\" content=\"article\" \/>\n<meta property=\"og:title\" content=\"Ta\u015bmy klej\u0105ce do produkcji papieru | Cardinal Tapes\" \/>\n<meta property=\"og:description\" content=\"Tutaj dowiesz si\u0119 wszystkiego o specjalnych w\u0142a\u015bciwo\u015bciach ta\u015bm samoprzylepnych dla przemys\u0142u papierniczego. Mamy odpowiednie produkty spe\u0142niaj\u0105ce Twoje wymagania.\" \/>\n<meta property=\"og:url\" content=\"https:\/\/cardinal-tapes.com\/pl\/tasmy-samoprzylepne-pl\/obszary-zastosowania\/przemysl-papierniczy\/\" \/>\n<meta property=\"og:site_name\" content=\"cardinal TAPES\" \/>\n<meta property=\"article:modified_time\" content=\"2023-06-16T14:07:40+00:00\" \/>\n<meta name=\"twitter:card\" content=\"summary_large_image\" \/>\n<meta name=\"twitter:label1\" content=\"Szacowany czas czytania\" \/>\n\t<meta name=\"twitter:data1\" content=\"4 minuty\" \/>\n<script type=\"application\/ld+json\" class=\"yoast-schema-graph\">{\"@context\":\"https:\\\/\\\/schema.org\",\"@graph\":[{\"@type\":\"WebPage\",\"@id\":\"https:\\\/\\\/cardinal-tapes.com\\\/pl\\\/tasmy-samoprzylepne-pl\\\/obszary-zastosowania\\\/przemysl-papierniczy\\\/\",\"url\":\"https:\\\/\\\/cardinal-tapes.com\\\/pl\\\/tasmy-samoprzylepne-pl\\\/obszary-zastosowania\\\/przemysl-papierniczy\\\/\",\"name\":\"Ta\u015bmy klej\u0105ce do produkcji papieru | Cardinal Tapes\",\"isPartOf\":{\"@id\":\"https:\\\/\\\/cardinal-tapes.com\\\/#website\"},\"datePublished\":\"2017-12-07T12:53:48+00:00\",\"dateModified\":\"2023-06-16T14:07:40+00:00\",\"description\":\"Tutaj dowiesz si\u0119 wszystkiego o specjalnych w\u0142a\u015bciwo\u015bciach ta\u015bm samoprzylepnych dla przemys\u0142u papierniczego. Mamy odpowiednie produkty spe\u0142niaj\u0105ce Twoje wymagania.\",\"breadcrumb\":{\"@id\":\"https:\\\/\\\/cardinal-tapes.com\\\/pl\\\/tasmy-samoprzylepne-pl\\\/obszary-zastosowania\\\/przemysl-papierniczy\\\/#breadcrumb\"},\"inLanguage\":\"pl-PL\",\"potentialAction\":[{\"@type\":\"ReadAction\",\"target\":[\"https:\\\/\\\/cardinal-tapes.com\\\/pl\\\/tasmy-samoprzylepne-pl\\\/obszary-zastosowania\\\/przemysl-papierniczy\\\/\"]}]},{\"@type\":\"BreadcrumbList\",\"@id\":\"https:\\\/\\\/cardinal-tapes.com\\\/pl\\\/tasmy-samoprzylepne-pl\\\/obszary-zastosowania\\\/przemysl-papierniczy\\\/#breadcrumb\",\"itemListElement\":[{\"@type\":\"ListItem\",\"position\":1,\"name\":\"Startseite\",\"item\":\"https:\\\/\\\/cardinal-tapes.com\\\/pl\\\/strona-glowna\\\/\"},{\"@type\":\"ListItem\",\"position\":2,\"name\":\"Ta\u015bmy samoprzylepne\",\"item\":\"https:\\\/\\\/cardinal-tapes.com\\\/pl\\\/tasmy-samoprzylepne-pl\\\/\"},{\"@type\":\"ListItem\",\"position\":3,\"name\":\"Obszary zastosowania\",\"item\":\"https:\\\/\\\/cardinal-tapes.com\\\/pl\\\/tasmy-samoprzylepne-pl__trashed\\\/obszary-zastosowania\\\/\"},{\"@type\":\"ListItem\",\"position\":4,\"name\":\"Przemys\u0142 papierniczy\"}]},{\"@type\":\"WebSite\",\"@id\":\"https:\\\/\\\/cardinal-tapes.com\\\/#website\",\"url\":\"https:\\\/\\\/cardinal-tapes.com\\\/\",\"name\":\"cardinal TAPES\",\"description\":\"Klebetechnik aus Wuppertal\",\"potentialAction\":[{\"@type\":\"SearchAction\",\"target\":{\"@type\":\"EntryPoint\",\"urlTemplate\":\"https:\\\/\\\/cardinal-tapes.com\\\/?s={search_term_string}\"},\"query-input\":{\"@type\":\"PropertyValueSpecification\",\"valueRequired\":true,\"valueName\":\"search_term_string\"}}],\"inLanguage\":\"pl-PL\"}]}<\/script>\n<!-- \/ Yoast SEO plugin. -->","yoast_head_json":{"title":"Ta\u015bmy klej\u0105ce do produkcji papieru | Cardinal Tapes","description":"Tutaj dowiesz si\u0119 wszystkiego o specjalnych w\u0142a\u015bciwo\u015bciach ta\u015bm samoprzylepnych dla przemys\u0142u papierniczego. Mamy odpowiednie produkty spe\u0142niaj\u0105ce Twoje wymagania.","robots":{"index":"index","follow":"follow","max-snippet":"max-snippet:-1","max-image-preview":"max-image-preview:large","max-video-preview":"max-video-preview:-1"},"canonical":"https:\/\/cardinal-tapes.com\/pl\/tasmy-samoprzylepne-pl\/obszary-zastosowania\/przemysl-papierniczy\/","og_locale":"pl_PL","og_type":"article","og_title":"Ta\u015bmy klej\u0105ce do produkcji papieru | Cardinal Tapes","og_description":"Tutaj dowiesz si\u0119 wszystkiego o specjalnych w\u0142a\u015bciwo\u015bciach ta\u015bm samoprzylepnych dla przemys\u0142u papierniczego. Mamy odpowiednie produkty spe\u0142niaj\u0105ce Twoje wymagania.","og_url":"https:\/\/cardinal-tapes.com\/pl\/tasmy-samoprzylepne-pl\/obszary-zastosowania\/przemysl-papierniczy\/","og_site_name":"cardinal TAPES","article_modified_time":"2023-06-16T14:07:40+00:00","twitter_card":"summary_large_image","twitter_misc":{"Szacowany czas czytania":"4 minuty"},"schema":{"@context":"https:\/\/schema.org","@graph":[{"@type":"WebPage","@id":"https:\/\/cardinal-tapes.com\/pl\/tasmy-samoprzylepne-pl\/obszary-zastosowania\/przemysl-papierniczy\/","url":"https:\/\/cardinal-tapes.com\/pl\/tasmy-samoprzylepne-pl\/obszary-zastosowania\/przemysl-papierniczy\/","name":"Ta\u015bmy klej\u0105ce do produkcji papieru | Cardinal Tapes","isPartOf":{"@id":"https:\/\/cardinal-tapes.com\/#website"},"datePublished":"2017-12-07T12:53:48+00:00","dateModified":"2023-06-16T14:07:40+00:00","description":"Tutaj dowiesz si\u0119 wszystkiego o specjalnych w\u0142a\u015bciwo\u015bciach ta\u015bm samoprzylepnych dla przemys\u0142u papierniczego. Mamy odpowiednie produkty spe\u0142niaj\u0105ce Twoje wymagania.","breadcrumb":{"@id":"https:\/\/cardinal-tapes.com\/pl\/tasmy-samoprzylepne-pl\/obszary-zastosowania\/przemysl-papierniczy\/#breadcrumb"},"inLanguage":"pl-PL","potentialAction":[{"@type":"ReadAction","target":["https:\/\/cardinal-tapes.com\/pl\/tasmy-samoprzylepne-pl\/obszary-zastosowania\/przemysl-papierniczy\/"]}]},{"@type":"BreadcrumbList","@id":"https:\/\/cardinal-tapes.com\/pl\/tasmy-samoprzylepne-pl\/obszary-zastosowania\/przemysl-papierniczy\/#breadcrumb","itemListElement":[{"@type":"ListItem","position":1,"name":"Startseite","item":"https:\/\/cardinal-tapes.com\/pl\/strona-glowna\/"},{"@type":"ListItem","position":2,"name":"Ta\u015bmy samoprzylepne","item":"https:\/\/cardinal-tapes.com\/pl\/tasmy-samoprzylepne-pl\/"},{"@type":"ListItem","position":3,"name":"Obszary zastosowania","item":"https:\/\/cardinal-tapes.com\/pl\/tasmy-samoprzylepne-pl__trashed\/obszary-zastosowania\/"},{"@type":"ListItem","position":4,"name":"Przemys\u0142 papierniczy"}]},{"@type":"WebSite","@id":"https:\/\/cardinal-tapes.com\/#website","url":"https:\/\/cardinal-tapes.com\/","name":"cardinal TAPES","description":"Klebetechnik aus Wuppertal","potentialAction":[{"@type":"SearchAction","target":{"@type":"EntryPoint","urlTemplate":"https:\/\/cardinal-tapes.com\/?s={search_term_string}"},"query-input":{"@type":"PropertyValueSpecification","valueRequired":true,"valueName":"search_term_string"}}],"inLanguage":"pl-PL"}]}},"_links":{"self":[{"href":"https:\/\/cardinal-tapes.com\/pl\/wp-json\/wp\/v2\/pages\/32198","targetHints":{"allow":["GET"]}}],"collection":[{"href":"https:\/\/cardinal-tapes.com\/pl\/wp-json\/wp\/v2\/pages"}],"about":[{"href":"https:\/\/cardinal-tapes.com\/pl\/wp-json\/wp\/v2\/types\/page"}],"author":[{"embeddable":true,"href":"https:\/\/cardinal-tapes.com\/pl\/wp-json\/wp\/v2\/users\/1"}],"replies":[{"embeddable":true,"href":"https:\/\/cardinal-tapes.com\/pl\/wp-json\/wp\/v2\/comments?post=32198"}],"version-history":[{"count":0,"href":"https:\/\/cardinal-tapes.com\/pl\/wp-json\/wp\/v2\/pages\/32198\/revisions"}],"up":[{"embeddable":true,"href":"https:\/\/cardinal-tapes.com\/pl\/wp-json\/wp\/v2\/pages\/30840"}],"wp:attachment":[{"href":"https:\/\/cardinal-tapes.com\/pl\/wp-json\/wp\/v2\/media?parent=32198"}],"curies":[{"name":"wp","href":"https:\/\/api.w.org\/{rel}","templated":true}]}}