{"id":32175,"date":"2017-12-07T13:51:52","date_gmt":"2017-12-07T12:51:52","guid":{"rendered":"https:\/\/cardinal.pixel-tal.de\/tasmy-samoprzylepne\/obszary-zastosowania\/branza-reklamowa\/"},"modified":"2023-06-16T16:04:07","modified_gmt":"2023-06-16T14:04:07","slug":"branza-reklamowa","status":"publish","type":"page","link":"https:\/\/cardinal-tapes.com\/pl\/tasmy-samoprzylepne-pl\/obszary-zastosowania\/branza-reklamowa\/","title":{"rendered":"Bran\u017ca reklamowa"},"content":{"rendered":"\t\t\t<div class=\"headerimage-section has-image  \">\n\t\t\t\t\t\t\t\t\t\t\t\t<div class=\"headerimage__bg overlay\" style=\"background-image: url('https:\/\/cardinal-tapes.com\/wp-content\/uploads\/cardinal_kopfbild_werbeindustrie-scaled.jpg'); background-repeat: no-repeat; background-position: center; background-size: cover;\"><\/div>\n\t\t\t\t\t\t\t\t\t\t\t\t<div class=\"container\">\n\t\t\t\t\t<div class=\"headerimage__inner\">\n\t\t\t\t\t\t<h1 class=\"headerimage__headline\">Ta\u015bmy klej\u0105ce i systemy klej\u0105ce<\/h1>\t\t\t\t\t\t<span class=\"headerimage__subheadline\">Jak reklama si\u0119 trzyma<\/span>\t\t\t\t\t\t\t\t\t\t\t<\/div>\n\t\t\t\t\t\t\t\t\t<\/div>\n\t\t\t<\/div>\n\t\t\t\n<\/div><\/div><\/div><!-- close content main div --><\/div><\/div><div id='av_section_1'  class='avia-section av-8gbin-1e7a90f864ca3b70fe88dc16aebfa543 alternate_color avia-section-default avia-no-border-styling  avia-builder-el-1  el_after_pixel_headimage  el_before_av_section  avia-bg-style-scroll container_wrap fullsize'  ><div class='container av-section-cont-open' ><div class='template-page content  av-content-full alpha units'><div class='post-entry post-entry-type-page post-entry-32175'><div class='entry-content-wrapper clearfix'>\n\n<style type=\"text\/css\" data-created_by=\"avia_inline_auto\" id=\"style-css-av-8vkwf-aa12b7040c2710355fb879aeddbe89a5\">\n.flex_column.av-8vkwf-aa12b7040c2710355fb879aeddbe89a5{\nborder-radius:0px 0px 0px 0px;\npadding:0px 0px 0px 0px;\n}\n<\/style>\n<div  class='flex_column av-8vkwf-aa12b7040c2710355fb879aeddbe89a5 av_two_third  avia-builder-el-2  avia-builder-el-no-sibling  max-width-col two-third first flex_column_div av-animated-generic left-to-right av-zero-column-padding  '     ><p><div class=\"pxl-headline pxl-hl hl-wrap | hl-sub--bot hl--align-left hl--std-margin    \">\n        <div class=\"hl-inner\">\n            <h2 class=\"hl-main hl-line |  hl_main--default  \">Nasze produkty dla bran\u017cy reklamowej<\/h2>\n            <span class=\"hl-sub hl-line |  hl_sub--default  \">Wymagaj\u0105ce wymagania, niestandardowe rozwi\u0105zania <\/span>\n    <\/div>\n<\/div>\n<br \/>\n<section  class='av_textblock_section av-22pv5b-4a24a96d642674ec10e09150698904e8 '   itemscope=\"itemscope\" itemtype=\"https:\/\/schema.org\/CreativeWork\" ><div class='avia_textblock'  itemprop=\"text\" ><div class=\"element-container element-text clearfix\">\n<p>Cardinal TAPES, Tw\u00f3j partner w zakresie gotowych ta\u015bm samoprzylepnych, obs\u0142uguje r\u00f3wnie\u017c bran\u017c\u0119 reklamow\u0105 dzi\u0119ki najnowocze\u015bniejszej technologii klejenia. Stale poszerzamy zakres naszych us\u0142ug o nowe warianty produkt\u00f3w. Szczeg\u00f3lnie w bran\u017cy reklamowej wa\u017cne jest spe\u0142nianie wyj\u0105tkowych wymaga\u0144 i \u017cycze\u0144. Dzi\u0119ki specjalistom, know-how i profesjonalizmowi nie pozostawiamy nic do \u017cyczenia i oferujemy naszym klientom wykrawane, <a title=\"Cardinal GmbH z Wuppertalu zajmuje si\u0119 dystrybucj\u0105 dwustronnych ta\u015bm samoprzylepnych\" href=\"https:\/\/cardinal-tapes.com\/pl\/kategoria\/tasmy-dwustronnie-klejace\/\">jednostronne<\/a> i <a title=\"Cardinal GmbH z Wuppertalu zajmuje si\u0119 dystrybucj\u0105 dwustronnych ta\u015bm samoprzylepnych\" href=\"https:\/\/cardinal-tapes.com\/pl\/kategoria\/tasmy-dwustronnie-klejace\/\">dwustronne ta\u015bmy samoprzylepne<\/a> o r\u00f3\u017cnych szeroko\u015bciach i rozmiarach rdzenia od jednego do trzech cali. Z nami mo\u017cliwe jest wykrawanie dowolnych kszta\u0142t\u00f3w &#8211; ju\u017c teraz dowiedz si\u0119 wi\u0119cej o naszej ofercie us\u0142ug w zakresie <a title=\"Cardinal GmbH jest partnerem w zakresie konwersji i ci\u0119cia ta\u015bm\" href=\"https:\/\/cardinal-tapes.com\/pl\/opakowanie\/\">konwersji i ci\u0119cia ta\u015bm<\/a>.<\/p>\n<p>Je\u015bli nie znajdziesz tutaj odpowiedniego rozwi\u0105zania dla swoich specjalnych wymaga\u0144, skontaktuj si\u0119 z nami <a class=\"telelink\" title=\"Kontakt telefoniczny z Cardinal GmbH z Wuppertalu\" href=\"\/ueber-cardinal\/kontakt\/\">osobi\u015bcie<\/a>.<\/p>\n<\/div>\n<\/div><\/section><\/p><\/div>\n\n<\/div><\/div><\/div><!-- close content main div --><\/div><\/div><div id='av_section_2'  class='avia-section av-swa47-54901207a03f7dbf60c6ff680cd5c610 main_color avia-section-default avia-no-border-styling  avia-builder-el-5  el_after_av_section  avia-builder-el-last  gradient-section avia-bg-style-scroll container_wrap fullsize'  ><div class='container av-section-cont-open' ><div class='template-page content  av-content-full alpha units'><div class='post-entry post-entry-type-page post-entry-32175'><div class='entry-content-wrapper clearfix'>\n<div  class='flex_column av-kbbfj-4a451bf1e4aef6225b7d8ba3e82768ed av_one_full  avia-builder-el-6  avia-builder-el-no-sibling  first flex_column_div av-animated-generic left-to-right  '     ><p><div class=\"pxl-headline pxl-hl hl-wrap | hl-sub--bot hl--align-left hl--no-margin    \">\n        <div class=\"hl-inner\">\n            <h2 class=\"hl-main hl-line |  hl_main--default  \">Najwa\u017cniejsze cechy produktu<\/h2>\n            <span class=\"hl-sub hl-line |  hl_sub--default  \">Innowacyjno\u015b\u0107 i wysoka jako\u015b\u0107<\/span>\n    <\/div>\n<\/div>\n<br \/>\n<div   data-autoplay=''  data-interval='5'  data-animation='fade'  data-hoverpause='1'  class='template-shop avia-content-slider avia-content-slider-active avia-product-slider1 avia-content-slider-even  avia-builder-el-8  el_after_pixel_sc_headline  el_before_av_button   shop_columns_4' ><div class='avia-content-slider-inner'><ul class=\"products slide-entry-wrap\"><li class=\"product type-product post-37533 status-publish first instock product_cat-druk-i-grafika product_cat-przemysl-papierniczy product_cat-przemysl-tekstylny product_cat-tasmy-dwustronnie-klejace has-post-thumbnail taxable shipping-taxable purchasable product-type-variable\">\n\t<div class='inner_product main_color wrapped_style noLightbox  av-product-class-no_button'><a href=\"https:\/\/cardinal-tapes.com\/pl\/ta\u015bmy-samoprzylepne\/obszary-zastosowan\/druk-i-grafika\/ca-43-papierowa-tasma-samoprzylepna-z-wlokniny\/\" class=\"woocommerce-LoopProduct-link woocommerce-loop-product__link\"><div class=\"thumbnail_container\"><img decoding=\"async\" loading=\"lazy\" width=\"450\" height=\"450\" src=\"https:\/\/cardinal-tapes.com\/wp-content\/uploads\/CA_43-2_retouched-450x450.jpg\" class=\"wp-image-27098 avia-img-lazy-loading-27098 attachment-shop_catalog size-shop_catalog wp-post-image\" alt=\"CA-43 Ta\u015bma samoprzylepna z w\u0142\u00f3kniny papierowej - dwustronny, Papierowa w\u0142\u00f3knina, Kauczuk syntetyczny - Ilustracja 27098\" srcset=\"https:\/\/cardinal-tapes.com\/wp-content\/uploads\/CA_43-2_retouched-450x450.jpg 450w, https:\/\/cardinal-tapes.com\/wp-content\/uploads\/CA_43-2_retouched-120x120.jpg 120w, https:\/\/cardinal-tapes.com\/wp-content\/uploads\/CA_43-2_retouched-80x80.jpg 80w, https:\/\/cardinal-tapes.com\/wp-content\/uploads\/CA_43-2_retouched-36x36.jpg 36w, https:\/\/cardinal-tapes.com\/wp-content\/uploads\/CA_43-2_retouched-180x180.jpg 180w, https:\/\/cardinal-tapes.com\/wp-content\/uploads\/CA_43-2_retouched-100x100.jpg 100w\" sizes=\"auto, (max-width: 450px) 100vw, 450px\" \/><\/div><div class='inner_product_header'><div class='avia-arrow'><\/div><div class='inner_product_header_table'><div class='inner_product_header_cell'><span class=\"is-h2 woocommerce-loop-product__title\">CA-43 Ta\u015bma samoprzylepna z w\u0142\u00f3kniny papierowej<\/span>\t\t<div class=\"product-infos\">\n\t\t\t\t\t\t\t<span class='product-infos__item'><b>Pow\u0142oka:<\/b> dwustronny<\/span>\n\t\t\t\t\t\t\t\t\t\t<span class='product-infos__item'><b>Rodzaj materia\u0142u:<\/b> Papierowa w\u0142\u00f3knina<\/span>\n\t\t\t\t\t\t\t\t\t\t<span class='product-infos__item'><b>Producent:<\/b> cardinal GmbH<\/span>\n\t\t\t\t\t\t\t\t\t\t<span class='product-infos__item'><b>Cena na \u017c\u0105danie<\/b><\/span>\n\t\t\t\t\t<\/div>\n\t<\/div><\/div><\/div><\/a><\/div><\/li>\n<li class=\"product type-product post-46087 status-publish instock product_cat-przemysl-tekstylny product_cat-tasma-samoprzylepna-z-wlokniny product_cat-tasmy-dwustronnie-klejace product_cat-druk-i-grafika product_cat-tasma-do-laczenia has-post-thumbnail taxable shipping-taxable purchasable product-type-variable\">\n\t<div class='inner_product main_color wrapped_style noLightbox  av-product-class-no_button'><a href=\"https:\/\/cardinal-tapes.com\/pl\/ta\u015bmy-samoprzylepne\/obszary-zastosowan\/druk-i-grafika\/ca-438-papierowa-tasma-samoprzylepna-z-wlokniny\/\" class=\"woocommerce-LoopProduct-link woocommerce-loop-product__link\"><div class=\"thumbnail_container\"><img decoding=\"async\" loading=\"lazy\" width=\"450\" height=\"450\" src=\"https:\/\/cardinal-tapes.com\/wp-content\/uploads\/CA_438_retouched-450x450.jpg\" class=\"wp-image-27130 avia-img-lazy-loading-27130 attachment-shop_catalog size-shop_catalog wp-post-image\" alt=\"CA-438 Ta\u015bma samoprzylepna z w\u0142\u00f3kniny papierowej - dwustronny, Papier, Rozpuszczalnik akrylanowy - Ilustracja 27130\" srcset=\"https:\/\/cardinal-tapes.com\/wp-content\/uploads\/CA_438_retouched-450x450.jpg 450w, https:\/\/cardinal-tapes.com\/wp-content\/uploads\/CA_438_retouched-120x120.jpg 120w, https:\/\/cardinal-tapes.com\/wp-content\/uploads\/CA_438_retouched-80x80.jpg 80w, https:\/\/cardinal-tapes.com\/wp-content\/uploads\/CA_438_retouched-36x36.jpg 36w, https:\/\/cardinal-tapes.com\/wp-content\/uploads\/CA_438_retouched-180x180.jpg 180w, https:\/\/cardinal-tapes.com\/wp-content\/uploads\/CA_438_retouched-100x100.jpg 100w\" sizes=\"auto, (max-width: 450px) 100vw, 450px\" \/><\/div><div class='inner_product_header'><div class='avia-arrow'><\/div><div class='inner_product_header_table'><div class='inner_product_header_cell'><span class=\"is-h2 woocommerce-loop-product__title\">CA-438 Ta\u015bma samoprzylepna z w\u0142\u00f3kniny papierowej<\/span>\t\t<div class=\"product-infos\">\n\t\t\t\t\t\t\t<span class='product-infos__item'><b>Pow\u0142oka:<\/b> dwustronny<\/span>\n\t\t\t\t\t\t\t\t\t\t<span class='product-infos__item'><b>Rodzaj materia\u0142u:<\/b> Papier<\/span>\n\t\t\t\t\t\t\t\t\t\t<span class='product-infos__item'><b>Producent:<\/b> cardinal GmbH<\/span>\n\t\t\t\t\t\t\t\t\t\t<span class='product-infos__item'><b>Cena na \u017c\u0105danie<\/b><\/span>\n\t\t\t\t\t<\/div>\n\t<\/div><\/div><\/div><\/a><\/div><\/li>\n<li class=\"product type-product post-43674 status-publish instock product_cat-druk-i-grafika product_cat-przemysl-papierniczy product_cat-tasma-do-laczenia product_cat-tasma-samoprzylepna-z-wlokniny product_cat-tasmy-dwustronnie-klejace has-post-thumbnail taxable shipping-taxable purchasable product-type-variable\">\n\t<div class='inner_product main_color wrapped_style noLightbox  av-product-class-no_button'><a href=\"https:\/\/cardinal-tapes.com\/pl\/ta\u015bmy-samoprzylepne\/obszary-zastosowan\/druk-i-grafika\/ca-440-papierowa-tasma-samoprzylepna-z-wlokniny\/\" class=\"woocommerce-LoopProduct-link woocommerce-loop-product__link\"><div class=\"thumbnail_container\"><img decoding=\"async\" loading=\"lazy\" width=\"450\" height=\"450\" src=\"https:\/\/cardinal-tapes.com\/wp-content\/uploads\/CA-440-450x450.jpg\" class=\"wp-image-28894 avia-img-lazy-loading-28894 attachment-shop_catalog size-shop_catalog wp-post-image\" alt=\"CA-440 Ta\u015bma samoprzylepna z w\u0142\u00f3kniny papierowej - dwustronny, Papierowa w\u0142\u00f3knina, Rozpuszczalnik akrylanowy - Ilustracja 28894\" srcset=\"https:\/\/cardinal-tapes.com\/wp-content\/uploads\/CA-440-450x450.jpg 450w, https:\/\/cardinal-tapes.com\/wp-content\/uploads\/CA-440-120x120.jpg 120w, https:\/\/cardinal-tapes.com\/wp-content\/uploads\/CA-440-80x80.jpg 80w, https:\/\/cardinal-tapes.com\/wp-content\/uploads\/CA-440-36x36.jpg 36w, https:\/\/cardinal-tapes.com\/wp-content\/uploads\/CA-440-180x180.jpg 180w, https:\/\/cardinal-tapes.com\/wp-content\/uploads\/CA-440-100x100.jpg 100w\" sizes=\"auto, (max-width: 450px) 100vw, 450px\" \/><\/div><div class='inner_product_header'><div class='avia-arrow'><\/div><div class='inner_product_header_table'><div class='inner_product_header_cell'><span class=\"is-h2 woocommerce-loop-product__title\">CA-440 Ta\u015bma samoprzylepna z w\u0142\u00f3kniny papierowej<\/span>\t\t<div class=\"product-infos\">\n\t\t\t\t\t\t\t<span class='product-infos__item'><b>Pow\u0142oka:<\/b> dwustronny<\/span>\n\t\t\t\t\t\t\t\t\t\t<span class='product-infos__item'><b>Rodzaj materia\u0142u:<\/b> Papierowa w\u0142\u00f3knina<\/span>\n\t\t\t\t\t\t\t\t\t\t<span class='product-infos__item'><b>Producent:<\/b> cardinal GmbH<\/span>\n\t\t\t\t\t\t\t\t\t\t<span class='product-infos__item'><b>Cena na \u017c\u0105danie<\/b><\/span>\n\t\t\t\t\t<\/div>\n\t<\/div><\/div><\/div><\/a><\/div><\/li>\n<li class=\"product type-product post-51671 status-publish last instock product_cat-druk-i-grafika product_cat-tasmy-dwustronnie-klejace has-post-thumbnail taxable shipping-taxable purchasable product-type-variable\">\n\t<div class='inner_product main_color wrapped_style noLightbox  av-product-class-no_button'><a href=\"https:\/\/cardinal-tapes.com\/pl\/ta\u015bmy-samoprzylepne\/obszary-zastosowan\/druk-i-grafika\/3m-904-filmy-przylepne-bez-nosnikow\/\" class=\"woocommerce-LoopProduct-link woocommerce-loop-product__link\"><div class=\"thumbnail_container\"><img decoding=\"async\" loading=\"lazy\" width=\"450\" height=\"450\" src=\"https:\/\/cardinal-tapes.com\/wp-content\/uploads\/3M-atg-904-450x450.jpg\" class=\"wp-image-27310 avia-img-lazy-loading-27310 attachment-shop_catalog size-shop_catalog wp-post-image\" alt=\"3M\u2122 Scotch\u00ae ATG Transfer Tape 904 - dwustronny, Akryl, Akryl - Ilustracja 27310\" srcset=\"https:\/\/cardinal-tapes.com\/wp-content\/uploads\/3M-atg-904-450x450.jpg 450w, https:\/\/cardinal-tapes.com\/wp-content\/uploads\/3M-atg-904-120x120.jpg 120w, https:\/\/cardinal-tapes.com\/wp-content\/uploads\/3M-atg-904-80x80.jpg 80w, https:\/\/cardinal-tapes.com\/wp-content\/uploads\/3M-atg-904-36x36.jpg 36w, https:\/\/cardinal-tapes.com\/wp-content\/uploads\/3M-atg-904-180x180.jpg 180w, https:\/\/cardinal-tapes.com\/wp-content\/uploads\/3M-atg-904-100x100.jpg 100w\" sizes=\"auto, (max-width: 450px) 100vw, 450px\" \/><\/div><div class='inner_product_header'><div class='avia-arrow'><\/div><div class='inner_product_header_table'><div class='inner_product_header_cell'><span class=\"is-h2 woocommerce-loop-product__title\">3M\u2122 Scotch\u00ae ATG Transfer Tape 904<\/span>\t\t<div class=\"product-infos\">\n\t\t\t\t\t\t\t<span class='product-infos__item'><b>Pow\u0142oka:<\/b> dwustronny<\/span>\n\t\t\t\t\t\t\t\t\t\t<span class='product-infos__item'><b>Rodzaj materia\u0142u:<\/b> Akryl<\/span>\n\t\t\t\t\t\t\t\t\t\t<span class='product-infos__item'><b>Producent:<\/b> 3M<\/span>\n\t\t\t\t\t\t\t\t\t\t<span class='product-infos__item'><b>Cena na \u017c\u0105danie<\/b><\/span>\n\t\t\t\t\t<\/div>\n\t<\/div><\/div><\/div><\/a><\/div><\/li>\n<\/ul><\/div><\/div><div class=\"clear\"><\/div><br \/>\n<div  class='avia-button-wrap av-7mecv-d8382241de59b89dc3aa5a2b6d849730-wrap avia-button-left '><a href='https:\/\/cardinal-tapes.com\/pl\/tasmy-samoprzylepne-pl\/'  class='avia-button av-7mecv-d8382241de59b89dc3aa5a2b6d849730 avia-icon_select-no avia-size-medium avia-position-left avia-color-theme-color layout-border color-white'  ><span class='avia_iconbox_title' >Wszystkie produkty<\/span><\/a><\/div><\/p><\/div>\n","protected":false},"excerpt":{"rendered":"","protected":false},"author":1,"featured_media":0,"parent":30840,"menu_order":0,"comment_status":"closed","ping_status":"closed","template":"","meta":{"_acf_changed":false,"footnotes":""},"class_list":["post-32175","page","type-page","status-publish","hentry"],"acf":[],"yoast_head":"<!-- This site is optimized with the Yoast SEO plugin v27.3 - https:\/\/yoast.com\/product\/yoast-seo-wordpress\/ -->\n<title>Ta\u015bmy samoprzylepne dla bran\u017cy reklamowej | Cardinal Tapes<\/title>\n<meta name=\"description\" content=\"Cardinal TAPES, Tw\u00f3j partner w zakresie gotowych ta\u015bm samoprzylepnych, obs\u0142uguje r\u00f3wnie\u017c bran\u017c\u0119 reklamow\u0105 dzi\u0119ki najnowocze\u015bniejszej technologii klejenia. Wi\u0119cej informacji tutaj.\" \/>\n<meta name=\"robots\" content=\"index, follow, max-snippet:-1, max-image-preview:large, max-video-preview:-1\" \/>\n<link rel=\"canonical\" href=\"https:\/\/cardinal-tapes.com\/pl\/tasmy-samoprzylepne-pl\/obszary-zastosowania\/branza-reklamowa\/\" \/>\n<meta property=\"og:locale\" content=\"pl_PL\" \/>\n<meta property=\"og:type\" content=\"article\" \/>\n<meta property=\"og:title\" content=\"Ta\u015bmy samoprzylepne dla bran\u017cy reklamowej | Cardinal Tapes\" \/>\n<meta property=\"og:description\" content=\"Cardinal TAPES, Tw\u00f3j partner w zakresie gotowych ta\u015bm samoprzylepnych, obs\u0142uguje r\u00f3wnie\u017c bran\u017c\u0119 reklamow\u0105 dzi\u0119ki najnowocze\u015bniejszej technologii klejenia. Wi\u0119cej informacji tutaj.\" \/>\n<meta property=\"og:url\" content=\"https:\/\/cardinal-tapes.com\/pl\/tasmy-samoprzylepne-pl\/obszary-zastosowania\/branza-reklamowa\/\" \/>\n<meta property=\"og:site_name\" content=\"cardinal TAPES\" \/>\n<meta property=\"article:modified_time\" content=\"2023-06-16T14:04:07+00:00\" \/>\n<meta name=\"twitter:card\" content=\"summary_large_image\" \/>\n<meta name=\"twitter:label1\" content=\"Szacowany czas czytania\" \/>\n\t<meta name=\"twitter:data1\" content=\"4 minuty\" \/>\n<script type=\"application\/ld+json\" class=\"yoast-schema-graph\">{\"@context\":\"https:\\\/\\\/schema.org\",\"@graph\":[{\"@type\":\"WebPage\",\"@id\":\"https:\\\/\\\/cardinal-tapes.com\\\/pl\\\/tasmy-samoprzylepne-pl\\\/obszary-zastosowania\\\/branza-reklamowa\\\/\",\"url\":\"https:\\\/\\\/cardinal-tapes.com\\\/pl\\\/tasmy-samoprzylepne-pl\\\/obszary-zastosowania\\\/branza-reklamowa\\\/\",\"name\":\"Ta\u015bmy samoprzylepne dla bran\u017cy reklamowej | Cardinal Tapes\",\"isPartOf\":{\"@id\":\"https:\\\/\\\/cardinal-tapes.com\\\/#website\"},\"datePublished\":\"2017-12-07T12:51:52+00:00\",\"dateModified\":\"2023-06-16T14:04:07+00:00\",\"description\":\"Cardinal TAPES, Tw\u00f3j partner w zakresie gotowych ta\u015bm samoprzylepnych, obs\u0142uguje r\u00f3wnie\u017c bran\u017c\u0119 reklamow\u0105 dzi\u0119ki najnowocze\u015bniejszej technologii klejenia. Wi\u0119cej informacji tutaj.\",\"breadcrumb\":{\"@id\":\"https:\\\/\\\/cardinal-tapes.com\\\/pl\\\/tasmy-samoprzylepne-pl\\\/obszary-zastosowania\\\/branza-reklamowa\\\/#breadcrumb\"},\"inLanguage\":\"pl-PL\",\"potentialAction\":[{\"@type\":\"ReadAction\",\"target\":[\"https:\\\/\\\/cardinal-tapes.com\\\/pl\\\/tasmy-samoprzylepne-pl\\\/obszary-zastosowania\\\/branza-reklamowa\\\/\"]}]},{\"@type\":\"BreadcrumbList\",\"@id\":\"https:\\\/\\\/cardinal-tapes.com\\\/pl\\\/tasmy-samoprzylepne-pl\\\/obszary-zastosowania\\\/branza-reklamowa\\\/#breadcrumb\",\"itemListElement\":[{\"@type\":\"ListItem\",\"position\":1,\"name\":\"Startseite\",\"item\":\"https:\\\/\\\/cardinal-tapes.com\\\/pl\\\/strona-glowna\\\/\"},{\"@type\":\"ListItem\",\"position\":2,\"name\":\"Ta\u015bmy samoprzylepne\",\"item\":\"https:\\\/\\\/cardinal-tapes.com\\\/pl\\\/tasmy-samoprzylepne-pl\\\/\"},{\"@type\":\"ListItem\",\"position\":3,\"name\":\"Obszary zastosowania\",\"item\":\"https:\\\/\\\/cardinal-tapes.com\\\/pl\\\/tasmy-samoprzylepne-pl__trashed\\\/obszary-zastosowania\\\/\"},{\"@type\":\"ListItem\",\"position\":4,\"name\":\"Bran\u017ca reklamowa\"}]},{\"@type\":\"WebSite\",\"@id\":\"https:\\\/\\\/cardinal-tapes.com\\\/#website\",\"url\":\"https:\\\/\\\/cardinal-tapes.com\\\/\",\"name\":\"cardinal TAPES\",\"description\":\"Klebetechnik aus Wuppertal\",\"potentialAction\":[{\"@type\":\"SearchAction\",\"target\":{\"@type\":\"EntryPoint\",\"urlTemplate\":\"https:\\\/\\\/cardinal-tapes.com\\\/?s={search_term_string}\"},\"query-input\":{\"@type\":\"PropertyValueSpecification\",\"valueRequired\":true,\"valueName\":\"search_term_string\"}}],\"inLanguage\":\"pl-PL\"}]}<\/script>\n<!-- \/ Yoast SEO plugin. -->","yoast_head_json":{"title":"Ta\u015bmy samoprzylepne dla bran\u017cy reklamowej | Cardinal Tapes","description":"Cardinal TAPES, Tw\u00f3j partner w zakresie gotowych ta\u015bm samoprzylepnych, obs\u0142uguje r\u00f3wnie\u017c bran\u017c\u0119 reklamow\u0105 dzi\u0119ki najnowocze\u015bniejszej technologii klejenia. Wi\u0119cej informacji tutaj.","robots":{"index":"index","follow":"follow","max-snippet":"max-snippet:-1","max-image-preview":"max-image-preview:large","max-video-preview":"max-video-preview:-1"},"canonical":"https:\/\/cardinal-tapes.com\/pl\/tasmy-samoprzylepne-pl\/obszary-zastosowania\/branza-reklamowa\/","og_locale":"pl_PL","og_type":"article","og_title":"Ta\u015bmy samoprzylepne dla bran\u017cy reklamowej | Cardinal Tapes","og_description":"Cardinal TAPES, Tw\u00f3j partner w zakresie gotowych ta\u015bm samoprzylepnych, obs\u0142uguje r\u00f3wnie\u017c bran\u017c\u0119 reklamow\u0105 dzi\u0119ki najnowocze\u015bniejszej technologii klejenia. Wi\u0119cej informacji tutaj.","og_url":"https:\/\/cardinal-tapes.com\/pl\/tasmy-samoprzylepne-pl\/obszary-zastosowania\/branza-reklamowa\/","og_site_name":"cardinal TAPES","article_modified_time":"2023-06-16T14:04:07+00:00","twitter_card":"summary_large_image","twitter_misc":{"Szacowany czas czytania":"4 minuty"},"schema":{"@context":"https:\/\/schema.org","@graph":[{"@type":"WebPage","@id":"https:\/\/cardinal-tapes.com\/pl\/tasmy-samoprzylepne-pl\/obszary-zastosowania\/branza-reklamowa\/","url":"https:\/\/cardinal-tapes.com\/pl\/tasmy-samoprzylepne-pl\/obszary-zastosowania\/branza-reklamowa\/","name":"Ta\u015bmy samoprzylepne dla bran\u017cy reklamowej | Cardinal Tapes","isPartOf":{"@id":"https:\/\/cardinal-tapes.com\/#website"},"datePublished":"2017-12-07T12:51:52+00:00","dateModified":"2023-06-16T14:04:07+00:00","description":"Cardinal TAPES, Tw\u00f3j partner w zakresie gotowych ta\u015bm samoprzylepnych, obs\u0142uguje r\u00f3wnie\u017c bran\u017c\u0119 reklamow\u0105 dzi\u0119ki najnowocze\u015bniejszej technologii klejenia. Wi\u0119cej informacji tutaj.","breadcrumb":{"@id":"https:\/\/cardinal-tapes.com\/pl\/tasmy-samoprzylepne-pl\/obszary-zastosowania\/branza-reklamowa\/#breadcrumb"},"inLanguage":"pl-PL","potentialAction":[{"@type":"ReadAction","target":["https:\/\/cardinal-tapes.com\/pl\/tasmy-samoprzylepne-pl\/obszary-zastosowania\/branza-reklamowa\/"]}]},{"@type":"BreadcrumbList","@id":"https:\/\/cardinal-tapes.com\/pl\/tasmy-samoprzylepne-pl\/obszary-zastosowania\/branza-reklamowa\/#breadcrumb","itemListElement":[{"@type":"ListItem","position":1,"name":"Startseite","item":"https:\/\/cardinal-tapes.com\/pl\/strona-glowna\/"},{"@type":"ListItem","position":2,"name":"Ta\u015bmy samoprzylepne","item":"https:\/\/cardinal-tapes.com\/pl\/tasmy-samoprzylepne-pl\/"},{"@type":"ListItem","position":3,"name":"Obszary zastosowania","item":"https:\/\/cardinal-tapes.com\/pl\/tasmy-samoprzylepne-pl__trashed\/obszary-zastosowania\/"},{"@type":"ListItem","position":4,"name":"Bran\u017ca reklamowa"}]},{"@type":"WebSite","@id":"https:\/\/cardinal-tapes.com\/#website","url":"https:\/\/cardinal-tapes.com\/","name":"cardinal TAPES","description":"Klebetechnik aus Wuppertal","potentialAction":[{"@type":"SearchAction","target":{"@type":"EntryPoint","urlTemplate":"https:\/\/cardinal-tapes.com\/?s={search_term_string}"},"query-input":{"@type":"PropertyValueSpecification","valueRequired":true,"valueName":"search_term_string"}}],"inLanguage":"pl-PL"}]}},"_links":{"self":[{"href":"https:\/\/cardinal-tapes.com\/pl\/wp-json\/wp\/v2\/pages\/32175","targetHints":{"allow":["GET"]}}],"collection":[{"href":"https:\/\/cardinal-tapes.com\/pl\/wp-json\/wp\/v2\/pages"}],"about":[{"href":"https:\/\/cardinal-tapes.com\/pl\/wp-json\/wp\/v2\/types\/page"}],"author":[{"embeddable":true,"href":"https:\/\/cardinal-tapes.com\/pl\/wp-json\/wp\/v2\/users\/1"}],"replies":[{"embeddable":true,"href":"https:\/\/cardinal-tapes.com\/pl\/wp-json\/wp\/v2\/comments?post=32175"}],"version-history":[{"count":0,"href":"https:\/\/cardinal-tapes.com\/pl\/wp-json\/wp\/v2\/pages\/32175\/revisions"}],"up":[{"embeddable":true,"href":"https:\/\/cardinal-tapes.com\/pl\/wp-json\/wp\/v2\/pages\/30840"}],"wp:attachment":[{"href":"https:\/\/cardinal-tapes.com\/pl\/wp-json\/wp\/v2\/media?parent=32175"}],"curies":[{"name":"wp","href":"https:\/\/api.w.org\/{rel}","templated":true}]}}