{"id":31900,"date":"2017-12-07T14:36:37","date_gmt":"2017-12-07T13:36:37","guid":{"rendered":"https:\/\/cardinal.pixel-tal.de\/tasmy-samoprzylepne\/obszary-zastosowania\/przemysl-meblarski\/"},"modified":"2023-06-16T16:32:33","modified_gmt":"2023-06-16T14:32:33","slug":"przemysl-meblarski","status":"publish","type":"page","link":"https:\/\/cardinal-tapes.com\/pl\/tasmy-samoprzylepne-pl\/obszary-zastosowania\/przemysl-meblarski\/","title":{"rendered":"Przemys\u0142 meblarski"},"content":{"rendered":"\t\t\t<div class=\"headerimage-section has-image  \">\n\t\t\t\t\t\t\t\t\t\t\t\t<div class=\"headerimage__bg overlay\" style=\"background-image: url('https:\/\/cardinal-tapes.com\/wp-content\/uploads\/cardinal_kopfbild_moebelindustrie-scaled.jpg'); background-repeat: no-repeat; background-position: center; background-size: cover;\"><\/div>\n\t\t\t\t\t\t\t\t\t\t\t\t<div class=\"container\">\n\t\t\t\t\t<div class=\"headerimage__inner\">\n\t\t\t\t\t\t<h1 class=\"headerimage__headline\">Ta\u015bmy klej\u0105ce i systemy klej\u0105ce<\/h1>\t\t\t\t\t\t<span class=\"headerimage__subheadline\">gwarancja bezpiecznego transportu<\/span>\t\t\t\t\t\t\t\t\t\t\t<\/div>\n\t\t\t\t\t\t\t\t\t<\/div>\n\t\t\t<\/div>\n\t\t\t\n<\/div><\/div><\/div><!-- close content main div --><\/div><\/div><div id='av_section_1'  class='avia-section av-141vor-1191c4760a9c62ca71b27067aa2b8cbc alternate_color avia-section-default avia-no-border-styling  avia-builder-el-1  el_after_pixel_headimage  el_before_av_section  avia-bg-style-scroll container_wrap fullsize'  ><div class='container av-section-cont-open' ><div class='template-page content  av-content-full alpha units'><div class='post-entry post-entry-type-page post-entry-31900'><div class='entry-content-wrapper clearfix'>\n<div  class='flex_column av-v4jsb-e8ca46acb719c38af470bc2bcd22b4b2 av_two_third  avia-builder-el-2  avia-builder-el-no-sibling  max-width-col two-third first flex_column_div av-animated-generic left-to-right  '     ><p><div class=\"pxl-headline pxl-hl hl-wrap | hl-sub--bot hl--align-left hl--std-margin    \">\n        <div class=\"hl-inner\">\n            <h2 class=\"hl-main hl-line |  hl_main--default  \">Ta\u015bmy klej\u0105ce dla przemys\u0142u meblarskiego<\/h2>\n            <span class=\"hl-sub hl-line |  hl_sub--default  \">Wymagaj\u0105ce wymagania, niestandardowe rozwi\u0105zania <\/span>\n    <\/div>\n<\/div>\n<br \/>\n<section  class='av_textblock_section av-lhov47xr-79cf85501edab1173d0b0f74dd62f3c7 '   itemscope=\"itemscope\" itemtype=\"https:\/\/schema.org\/CreativeWork\" ><div class='avia_textblock'  itemprop=\"text\" ><p>W przemy\u015ble meblarskim trwa\u0142e ta\u015bmy samoprzylepne s\u0105 szczeg\u00f3lnie poszukiwane w transporcie. Ta\u015bmy samoprzylepne s\u0105 cz\u0119sto u\u017cywane do zabezpieczania mebli podczas transportu, ale tak\u017ce do ochrony ram drzwi i okien przed brudem i uszkodzeniami.<\/p>\n<p>Odpowiednie ta\u015bmy samoprzylepne mo\u017cna rozpozna\u0107 po tym, \u017ce niezawodnie przylegaj\u0105 do impregnowanych, malowanych i niemalowanych powierzchni. Szczeg\u00f3lnie w bran\u017cy meblarskiej konieczne jest ustalenie, jakie zadania ma spe\u0142nia\u0107 po\u017c\u0105dana ta\u015bma samoprzylepna. Czy transportowane meble maj\u0105 g\u0142adk\u0105 czy chropowat\u0105 powierzchni\u0119? Czy powinna istnie\u0107 mo\u017cliwo\u015b\u0107 ponownej zmiany po\u0142o\u017cenia ta\u015bmy? W takim przypadku zalecamy ta\u015bmy samoprzylepne ze s\u0142abym klejem, aby chroni\u0107 pod\u0142o\u017ce mebla, a tak\u017ce u\u0142atwi\u0107 usuwanie ta\u015bm.<\/p>\n<p>Jako profesjonalny partner handlowy r\u00f3\u017cnych marek uwa\u017camy, \u017ce naszym obowi\u0105zkiem jest bardzo dobrze zna\u0107 w\u0142a\u015bciwo\u015bci naszych ta\u015bm samoprzylepnych i by\u0107 w stanie doradza\u0107 naszym klientom w spos\u00f3b jak najbardziej satysfakcjonuj\u0105cy. Rynek <a title=\"Cardinal GmbH - Tw\u00f3j partner w zakresie technologii \u0142\u0105czenia\" href=\"\/klebebaender\/\">ta\u015bm samoprzylepnych<\/a> i <a title=\"Kliknij tutaj, aby uzyska\u0107 wi\u0119cej informacji o klejach w p\u0142ynie\" href=\"\/?product_cat=kleb-und-dichtmassen\" target=\"_blank\" rel=\"nofollow\">klej\u00f3w w p\u0142ynie<\/a> oferuje szerok\u0105 gam\u0119 najnowocze\u015bniejszych technologii klejenia.<\/p>\n<p>W razie jakichkolwiek pyta\u0144 ch\u0119tnie doradzimy osobi\u015bcie. Skontaktuj si\u0119 z nami <a class=\"telelink\" title=\"Kontakt telefoniczny Cardinal GmbH\" href=\"tel:+490202266850\" target=\"_blank\" rel=\"nofollow\"> telefonicznie<\/a> lub skorzystaj z <a title=\"Skorzystaj z naszego formularza kontaktowego, aby uzyska\u0107 profesjonaln\u0105 porad\u0119\" href=\"\/ueber-cardinal\/kontakt\/\">formularza zapytania<\/a>. Czekamy na Ciebie!<\/p>\n<\/div><\/section><\/p><\/div>\n\n<\/div><\/div><\/div><!-- close content main div --><\/div><\/div><div id='av_section_2'  class='avia-section av-s37tv-8a3aebdec115c65fda902e46d67a76b8 main_color avia-section-default avia-no-border-styling  avia-builder-el-5  el_after_av_section  avia-builder-el-last  gradient-section avia-bg-style-scroll container_wrap fullsize'  ><div class='container av-section-cont-open' ><div class='template-page content  av-content-full alpha units'><div class='post-entry post-entry-type-page post-entry-31900'><div class='entry-content-wrapper clearfix'>\n<div  class='flex_column av-2bt97-b7ce5c1029baf2b42a23d49df63aa047 av_one_full  avia-builder-el-6  avia-builder-el-no-sibling  first flex_column_div av-animated-generic left-to-right  '     ><p><div class=\"pxl-headline pxl-hl hl-wrap | hl-sub--bot hl--align-left hl--no-margin    \">\n        <div class=\"hl-inner\">\n            <h2 class=\"hl-main hl-line |  hl_main--default  \">Najwa\u017cniejsze cechy produktu<\/h2>\n            <span class=\"hl-sub hl-line |  hl_sub--default  \">Innowacyjno\u015b\u0107 i wysoka jako\u015b\u0107<\/span>\n    <\/div>\n<\/div>\n<br \/>\n<div   data-autoplay=''  data-interval='5'  data-animation='fade'  data-hoverpause='1'  class='template-shop avia-content-slider avia-content-slider-active avia-product-slider1 avia-content-slider-even  avia-builder-el-8  el_after_pixel_sc_headline  el_before_av_button   shop_columns_4' ><div class='avia-content-slider-inner'><ul class=\"products slide-entry-wrap\"><li class=\"product type-product post-55848 status-publish first instock product_cat-obszary-zastosowan product_cat-ogrzewanie-i-klimatyzacja product_cat-inzynieria-mechaniczna product_cat-przemysl-meblarski product_cat-tasma-papierowa product_cat-stal-i-szklo product_cat-jednostronne-tasmy-samoprzylepne has-post-thumbnail taxable shipping-taxable purchasable product-type-variable\">\n\t<div class='inner_product main_color wrapped_style noLightbox  av-product-class-no_button'><a href=\"https:\/\/cardinal-tapes.com\/pl\/ta\u015bmy-samoprzylepne\/obszary-zastosowan\/ogrzewanie-i-klimatyzacja\/tasma-krepowa-ca-12\/\" class=\"woocommerce-LoopProduct-link woocommerce-loop-product__link\"><div class=\"thumbnail_container\"><img decoding=\"async\" loading=\"lazy\" width=\"450\" height=\"450\" src=\"https:\/\/cardinal-tapes.com\/wp-content\/uploads\/CA_11-12-450x450.jpg\" class=\"wp-image-26822 avia-img-lazy-loading-26822 attachment-shop_catalog size-shop_catalog wp-post-image\" alt=\"CA-12 p\u0142aska ta\u015bma krepowa - jednostronny, Papier, Kauczuk naturalny - Ilustracja 26822\" srcset=\"https:\/\/cardinal-tapes.com\/wp-content\/uploads\/CA_11-12-450x450.jpg 450w, https:\/\/cardinal-tapes.com\/wp-content\/uploads\/CA_11-12-120x120.jpg 120w, https:\/\/cardinal-tapes.com\/wp-content\/uploads\/CA_11-12-80x80.jpg 80w, https:\/\/cardinal-tapes.com\/wp-content\/uploads\/CA_11-12-200x200.jpg 200w, https:\/\/cardinal-tapes.com\/wp-content\/uploads\/CA_11-12-768x768.jpg 768w, https:\/\/cardinal-tapes.com\/wp-content\/uploads\/CA_11-12-1030x1030.jpg 1030w, https:\/\/cardinal-tapes.com\/wp-content\/uploads\/CA_11-12-36x36.jpg 36w, https:\/\/cardinal-tapes.com\/wp-content\/uploads\/CA_11-12-180x180.jpg 180w, https:\/\/cardinal-tapes.com\/wp-content\/uploads\/CA_11-12-705x705.jpg 705w, https:\/\/cardinal-tapes.com\/wp-content\/uploads\/CA_11-12-100x100.jpg 100w, https:\/\/cardinal-tapes.com\/wp-content\/uploads\/CA_11-12.jpg 1400w\" sizes=\"auto, (max-width: 450px) 100vw, 450px\" \/><\/div><div class='inner_product_header'><div class='avia-arrow'><\/div><div class='inner_product_header_table'><div class='inner_product_header_cell'><span class=\"is-h2 woocommerce-loop-product__title\">CA-12 p\u0142aska ta\u015bma krepowa<\/span>\t\t<div class=\"product-infos\">\n\t\t\t\t\t\t\t<span class='product-infos__item'><b>Pow\u0142oka:<\/b> jednostronny<\/span>\n\t\t\t\t\t\t\t\t\t\t<span class='product-infos__item'><b>Rodzaj materia\u0142u:<\/b> Papier<\/span>\n\t\t\t\t\t\t\t\t\t\t<span class='product-infos__item'><b>Producent:<\/b> cardinal GmbH<\/span>\n\t\t\t\t\t\t\t\t\t\t<span class='product-infos__item'><b>Cena na \u017c\u0105danie<\/b><\/span>\n\t\t\t\t\t<\/div>\n\t<\/div><\/div><\/div><\/a><\/div><\/li>\n<li class=\"product type-product post-59000 status-publish instock product_cat-produkcja-obrobka-aluminium product_cat-przemysl-motoryzacyjny product_cat-przemysl-elektryczny product_cat-produkcja-folii product_cat-przemysl-tworzyw-sztucznych product_cat-inzynieria-mechaniczna product_cat-przemysl-meblarski product_cat-news_tesa product_cat-przemysl-tekstylny product_cat-tasmy-dwustronnie-klejace has-post-thumbnail taxable shipping-taxable purchasable product-type-variable\">\n\t<div class='inner_product main_color wrapped_style noLightbox  av-product-class-no_button'><a href=\"https:\/\/cardinal-tapes.com\/pl\/ta\u015bmy-samoprzylepne\/obszary-zastosowan\/produkcja-obrobka-aluminium\/tasma-dwustronnie-klejaca-tesa-4965\/\" class=\"woocommerce-LoopProduct-link woocommerce-loop-product__link\"><div class=\"thumbnail_container\"><img decoding=\"async\" loading=\"lazy\" width=\"450\" height=\"450\" src=\"https:\/\/cardinal-tapes.com\/wp-content\/uploads\/medium-11168653-450x450.jpg\" class=\"wp-image-76427 avia-img-lazy-loading-76427 attachment-shop_catalog size-shop_catalog wp-post-image\" alt=\"Dwustronna ta\u015bma klej\u0105ca tesafix\u00ae 4965 Next Gen - dwustronny, Folia PET, Akryl - Ilustracja 76427\" srcset=\"https:\/\/cardinal-tapes.com\/wp-content\/uploads\/medium-11168653-450x450.jpg 450w, https:\/\/cardinal-tapes.com\/wp-content\/uploads\/medium-11168653-100x100.jpg 100w, https:\/\/cardinal-tapes.com\/wp-content\/uploads\/medium-11168653-200x200.jpg 200w, https:\/\/cardinal-tapes.com\/wp-content\/uploads\/medium-11168653-564x564.jpg 564w, https:\/\/cardinal-tapes.com\/wp-content\/uploads\/medium-11168653-80x80.jpg 80w, https:\/\/cardinal-tapes.com\/wp-content\/uploads\/medium-11168653-768x768.jpg 768w, https:\/\/cardinal-tapes.com\/wp-content\/uploads\/medium-11168653-1536x1536.jpg 1536w, https:\/\/cardinal-tapes.com\/wp-content\/uploads\/medium-11168653-2048x2048.jpg 2048w, https:\/\/cardinal-tapes.com\/wp-content\/uploads\/medium-11168653-36x36.jpg 36w, https:\/\/cardinal-tapes.com\/wp-content\/uploads\/medium-11168653-180x180.jpg 180w, https:\/\/cardinal-tapes.com\/wp-content\/uploads\/medium-11168653-1500x1500.jpg 1500w, https:\/\/cardinal-tapes.com\/wp-content\/uploads\/medium-11168653-705x705.jpg 705w, https:\/\/cardinal-tapes.com\/wp-content\/uploads\/medium-11168653-120x120.jpg 120w\" sizes=\"auto, (max-width: 450px) 100vw, 450px\" \/><\/div><div class='inner_product_header'><div class='avia-arrow'><\/div><div class='inner_product_header_table'><div class='inner_product_header_cell'><span class=\"is-h2 woocommerce-loop-product__title\">Dwustronna ta\u015bma klej\u0105ca tesafix\u00ae 4965 Next Gen<\/span>\t\t<div class=\"product-infos\">\n\t\t\t\t\t\t\t<span class='product-infos__item'><b>Pow\u0142oka:<\/b> dwustronny<\/span>\n\t\t\t\t\t\t\t\t\t\t<span class='product-infos__item'><b>Rodzaj materia\u0142u:<\/b> Folia PET<\/span>\n\t\t\t\t\t\t\t\t\t\t<span class='product-infos__item'><b>Producent:<\/b> tesa<\/span>\n\t\t\t\t\t\t\t\t\t\t<span class='product-infos__item'><b>Cena na \u017c\u0105danie<\/b><\/span>\n\t\t\t\t\t<\/div>\n\t<\/div><\/div><\/div><\/a><\/div><\/li>\n<li class=\"product type-product post-37573 status-publish instock product_cat-przemysl-meblarski product_cat-tasmy-dwustronnie-klejace has-post-thumbnail taxable shipping-taxable purchasable product-type-variable\">\n\t<div class='inner_product main_color wrapped_style noLightbox  av-product-class-no_button'><a href=\"https:\/\/cardinal-tapes.com\/pl\/ta\u015bmy-samoprzylepne\/obszary-zastosowan\/przemysl-meblarski\/tesa-4976-dwustronna-piankowa-tasma-przylepna\/\" class=\"woocommerce-LoopProduct-link woocommerce-loop-product__link\"><div class=\"thumbnail_container\"><img decoding=\"async\" loading=\"lazy\" width=\"450\" height=\"450\" src=\"https:\/\/cardinal-tapes.com\/wp-content\/uploads\/tesa-04976-450x450.jpg\" class=\"wp-image-26110 avia-img-lazy-loading-26110 attachment-shop_catalog size-shop_catalog wp-post-image\" alt=\"tesafix\u00ae 4976 Dwustronnie klej\u0105ca ta\u015bma piankowa PUR - dwustronny, Pianka PU, Akryl - Ilustracja 26110\" srcset=\"https:\/\/cardinal-tapes.com\/wp-content\/uploads\/tesa-04976-450x450.jpg 450w, https:\/\/cardinal-tapes.com\/wp-content\/uploads\/tesa-04976-120x120.jpg 120w, https:\/\/cardinal-tapes.com\/wp-content\/uploads\/tesa-04976-80x80.jpg 80w, https:\/\/cardinal-tapes.com\/wp-content\/uploads\/tesa-04976-200x200.jpg 200w, https:\/\/cardinal-tapes.com\/wp-content\/uploads\/tesa-04976-36x36.jpg 36w, https:\/\/cardinal-tapes.com\/wp-content\/uploads\/tesa-04976-180x180.jpg 180w, https:\/\/cardinal-tapes.com\/wp-content\/uploads\/tesa-04976-100x100.jpg 100w, https:\/\/cardinal-tapes.com\/wp-content\/uploads\/tesa-04976.jpg 600w\" sizes=\"auto, (max-width: 450px) 100vw, 450px\" \/><\/div><div class='inner_product_header'><div class='avia-arrow'><\/div><div class='inner_product_header_table'><div class='inner_product_header_cell'><span class=\"is-h2 woocommerce-loop-product__title\">tesafix\u00ae 4976 Dwustronnie klej\u0105ca ta\u015bma piankowa PUR<\/span>\t\t<div class=\"product-infos\">\n\t\t\t\t\t\t\t<span class='product-infos__item'><b>Pow\u0142oka:<\/b> dwustronny<\/span>\n\t\t\t\t\t\t\t\t\t\t<span class='product-infos__item'><b>Rodzaj materia\u0142u:<\/b> Pianka PU<\/span>\n\t\t\t\t\t\t\t\t\t\t<span class='product-infos__item'><b>Producent:<\/b> tesa<\/span>\n\t\t\t\t\t\t\t\t\t\t<span class='product-infos__item'><b>Cena na \u017c\u0105danie<\/b><\/span>\n\t\t\t\t\t<\/div>\n\t<\/div><\/div><\/div><\/a><\/div><\/li>\n<li class=\"product type-product post-53067 status-publish last instock product_cat-systemy-pakowania product_cat-przemysl-meblarski product_cat-sektor-transportowy product_cat-jednostronne-tasmy-samoprzylepne product_cat-folia-pvc has-post-thumbnail taxable shipping-taxable purchasable product-type-variable\">\n\t<div class='inner_product main_color wrapped_style noLightbox  av-product-class-no_button'><a href=\"https:\/\/cardinal-tapes.com\/pl\/ta\u015bmy-samoprzylepne\/jednostronne-tasmy-samoprzylepne\/folia-pvc\/tesa-4104-pvc-klebeband\/\" class=\"woocommerce-LoopProduct-link woocommerce-loop-product__link\"><div class=\"thumbnail_container\"><img decoding=\"async\" loading=\"lazy\" width=\"450\" height=\"450\" src=\"https:\/\/cardinal-tapes.com\/wp-content\/uploads\/tesa-04104-450x450.jpg\" class=\"wp-image-26186 avia-img-lazy-loading-26186 attachment-shop_catalog size-shop_catalog wp-post-image\" alt=\"Ta\u015bma samoprzylepna tesafilm\u00ae 4104 PVC - jednostronny, Folia PVC, Kauczuk naturalny - Ilustracja 26186\" srcset=\"https:\/\/cardinal-tapes.com\/wp-content\/uploads\/tesa-04104-450x450.jpg 450w, https:\/\/cardinal-tapes.com\/wp-content\/uploads\/tesa-04104-120x120.jpg 120w, https:\/\/cardinal-tapes.com\/wp-content\/uploads\/tesa-04104-80x80.jpg 80w, https:\/\/cardinal-tapes.com\/wp-content\/uploads\/tesa-04104-200x200.jpg 200w, https:\/\/cardinal-tapes.com\/wp-content\/uploads\/tesa-04104-36x36.jpg 36w, https:\/\/cardinal-tapes.com\/wp-content\/uploads\/tesa-04104-180x180.jpg 180w, https:\/\/cardinal-tapes.com\/wp-content\/uploads\/tesa-04104-100x100.jpg 100w, https:\/\/cardinal-tapes.com\/wp-content\/uploads\/tesa-04104.jpg 600w\" sizes=\"auto, (max-width: 450px) 100vw, 450px\" \/><\/div><div class='inner_product_header'><div class='avia-arrow'><\/div><div class='inner_product_header_table'><div class='inner_product_header_cell'><span class=\"is-h2 woocommerce-loop-product__title\">Ta\u015bma samoprzylepna tesafilm\u00ae 4104 PVC<\/span>\t\t<div class=\"product-infos\">\n\t\t\t\t\t\t\t<span class='product-infos__item'><b>Pow\u0142oka:<\/b> jednostronny<\/span>\n\t\t\t\t\t\t\t\t\t\t<span class='product-infos__item'><b>Rodzaj materia\u0142u:<\/b> Folia PVC<\/span>\n\t\t\t\t\t\t\t\t\t\t<span class='product-infos__item'><b>Producent:<\/b> tesa<\/span>\n\t\t\t\t\t\t\t\t\t\t<span class='product-infos__item'><b>Cena na \u017c\u0105danie<\/b><\/span>\n\t\t\t\t\t<\/div>\n\t<\/div><\/div><\/div><\/a><\/div><\/li>\n<\/ul><\/div><\/div><div class=\"clear\"><\/div><br \/>\n<div  class='avia-button-wrap av-809lf-917992892bbd5ae559bdaed4321537cc-wrap avia-button-left '><a href='https:\/\/cardinal-tapes.com\/pl\/tasmy-samoprzylepne-pl\/'  class='avia-button av-809lf-917992892bbd5ae559bdaed4321537cc avia-icon_select-no avia-size-medium avia-position-left avia-color-theme-color layout-border color-white'  ><span class='avia_iconbox_title' >Wszystkie produkty<\/span><\/a><\/div><\/p><\/div>\n","protected":false},"excerpt":{"rendered":"","protected":false},"author":1,"featured_media":0,"parent":30840,"menu_order":5,"comment_status":"closed","ping_status":"closed","template":"","meta":{"_acf_changed":false,"footnotes":""},"class_list":["post-31900","page","type-page","status-publish","hentry"],"acf":[],"yoast_head":"<!-- This site is optimized with the Yoast SEO plugin v27.3 - https:\/\/yoast.com\/product\/yoast-seo-wordpress\/ -->\n<title>Ta\u015bmy klej\u0105ce dla przemys\u0142u meblarskiego | Cardinal Tapes<\/title>\n<meta name=\"description\" content=\"W przemy\u015ble meblarskim trwa\u0142e ta\u015bmy samoprzylepne s\u0105 szczeg\u00f3lnie poszukiwane w transporcie. Dowiedz si\u0119 wi\u0119cej o specjalnych wymaganiach.\" \/>\n<meta name=\"robots\" content=\"index, follow, max-snippet:-1, max-image-preview:large, max-video-preview:-1\" \/>\n<link rel=\"canonical\" href=\"https:\/\/cardinal-tapes.com\/pl\/tasmy-samoprzylepne-pl\/obszary-zastosowania\/przemysl-meblarski\/\" \/>\n<meta property=\"og:locale\" content=\"pl_PL\" \/>\n<meta property=\"og:type\" content=\"article\" \/>\n<meta property=\"og:title\" content=\"Ta\u015bmy klej\u0105ce dla przemys\u0142u meblarskiego | Cardinal Tapes\" \/>\n<meta property=\"og:description\" content=\"W przemy\u015ble meblarskim trwa\u0142e ta\u015bmy samoprzylepne s\u0105 szczeg\u00f3lnie poszukiwane w transporcie. Dowiedz si\u0119 wi\u0119cej o specjalnych wymaganiach.\" \/>\n<meta property=\"og:url\" content=\"https:\/\/cardinal-tapes.com\/pl\/tasmy-samoprzylepne-pl\/obszary-zastosowania\/przemysl-meblarski\/\" \/>\n<meta property=\"og:site_name\" content=\"cardinal TAPES\" \/>\n<meta property=\"article:modified_time\" content=\"2023-06-16T14:32:33+00:00\" \/>\n<meta name=\"twitter:card\" content=\"summary_large_image\" \/>\n<meta name=\"twitter:label1\" content=\"Szacowany czas czytania\" \/>\n\t<meta name=\"twitter:data1\" content=\"4 minuty\" \/>\n<script type=\"application\/ld+json\" class=\"yoast-schema-graph\">{\"@context\":\"https:\\\/\\\/schema.org\",\"@graph\":[{\"@type\":\"WebPage\",\"@id\":\"https:\\\/\\\/cardinal-tapes.com\\\/pl\\\/tasmy-samoprzylepne-pl\\\/obszary-zastosowania\\\/przemysl-meblarski\\\/\",\"url\":\"https:\\\/\\\/cardinal-tapes.com\\\/pl\\\/tasmy-samoprzylepne-pl\\\/obszary-zastosowania\\\/przemysl-meblarski\\\/\",\"name\":\"Ta\u015bmy klej\u0105ce dla przemys\u0142u meblarskiego | Cardinal Tapes\",\"isPartOf\":{\"@id\":\"https:\\\/\\\/cardinal-tapes.com\\\/#website\"},\"datePublished\":\"2017-12-07T13:36:37+00:00\",\"dateModified\":\"2023-06-16T14:32:33+00:00\",\"description\":\"W przemy\u015ble meblarskim trwa\u0142e ta\u015bmy samoprzylepne s\u0105 szczeg\u00f3lnie poszukiwane w transporcie. Dowiedz si\u0119 wi\u0119cej o specjalnych wymaganiach.\",\"breadcrumb\":{\"@id\":\"https:\\\/\\\/cardinal-tapes.com\\\/pl\\\/tasmy-samoprzylepne-pl\\\/obszary-zastosowania\\\/przemysl-meblarski\\\/#breadcrumb\"},\"inLanguage\":\"pl-PL\",\"potentialAction\":[{\"@type\":\"ReadAction\",\"target\":[\"https:\\\/\\\/cardinal-tapes.com\\\/pl\\\/tasmy-samoprzylepne-pl\\\/obszary-zastosowania\\\/przemysl-meblarski\\\/\"]}]},{\"@type\":\"BreadcrumbList\",\"@id\":\"https:\\\/\\\/cardinal-tapes.com\\\/pl\\\/tasmy-samoprzylepne-pl\\\/obszary-zastosowania\\\/przemysl-meblarski\\\/#breadcrumb\",\"itemListElement\":[{\"@type\":\"ListItem\",\"position\":1,\"name\":\"Startseite\",\"item\":\"https:\\\/\\\/cardinal-tapes.com\\\/pl\\\/strona-glowna\\\/\"},{\"@type\":\"ListItem\",\"position\":2,\"name\":\"Ta\u015bmy samoprzylepne\",\"item\":\"https:\\\/\\\/cardinal-tapes.com\\\/pl\\\/tasmy-samoprzylepne-pl\\\/\"},{\"@type\":\"ListItem\",\"position\":3,\"name\":\"Obszary zastosowania\",\"item\":\"https:\\\/\\\/cardinal-tapes.com\\\/pl\\\/tasmy-samoprzylepne-pl__trashed\\\/obszary-zastosowania\\\/\"},{\"@type\":\"ListItem\",\"position\":4,\"name\":\"Przemys\u0142 meblarski\"}]},{\"@type\":\"WebSite\",\"@id\":\"https:\\\/\\\/cardinal-tapes.com\\\/#website\",\"url\":\"https:\\\/\\\/cardinal-tapes.com\\\/\",\"name\":\"cardinal TAPES\",\"description\":\"Klebetechnik aus Wuppertal\",\"potentialAction\":[{\"@type\":\"SearchAction\",\"target\":{\"@type\":\"EntryPoint\",\"urlTemplate\":\"https:\\\/\\\/cardinal-tapes.com\\\/?s={search_term_string}\"},\"query-input\":{\"@type\":\"PropertyValueSpecification\",\"valueRequired\":true,\"valueName\":\"search_term_string\"}}],\"inLanguage\":\"pl-PL\"}]}<\/script>\n<!-- \/ Yoast SEO plugin. -->","yoast_head_json":{"title":"Ta\u015bmy klej\u0105ce dla przemys\u0142u meblarskiego | Cardinal Tapes","description":"W przemy\u015ble meblarskim trwa\u0142e ta\u015bmy samoprzylepne s\u0105 szczeg\u00f3lnie poszukiwane w transporcie. Dowiedz si\u0119 wi\u0119cej o specjalnych wymaganiach.","robots":{"index":"index","follow":"follow","max-snippet":"max-snippet:-1","max-image-preview":"max-image-preview:large","max-video-preview":"max-video-preview:-1"},"canonical":"https:\/\/cardinal-tapes.com\/pl\/tasmy-samoprzylepne-pl\/obszary-zastosowania\/przemysl-meblarski\/","og_locale":"pl_PL","og_type":"article","og_title":"Ta\u015bmy klej\u0105ce dla przemys\u0142u meblarskiego | Cardinal Tapes","og_description":"W przemy\u015ble meblarskim trwa\u0142e ta\u015bmy samoprzylepne s\u0105 szczeg\u00f3lnie poszukiwane w transporcie. Dowiedz si\u0119 wi\u0119cej o specjalnych wymaganiach.","og_url":"https:\/\/cardinal-tapes.com\/pl\/tasmy-samoprzylepne-pl\/obszary-zastosowania\/przemysl-meblarski\/","og_site_name":"cardinal TAPES","article_modified_time":"2023-06-16T14:32:33+00:00","twitter_card":"summary_large_image","twitter_misc":{"Szacowany czas czytania":"4 minuty"},"schema":{"@context":"https:\/\/schema.org","@graph":[{"@type":"WebPage","@id":"https:\/\/cardinal-tapes.com\/pl\/tasmy-samoprzylepne-pl\/obszary-zastosowania\/przemysl-meblarski\/","url":"https:\/\/cardinal-tapes.com\/pl\/tasmy-samoprzylepne-pl\/obszary-zastosowania\/przemysl-meblarski\/","name":"Ta\u015bmy klej\u0105ce dla przemys\u0142u meblarskiego | Cardinal Tapes","isPartOf":{"@id":"https:\/\/cardinal-tapes.com\/#website"},"datePublished":"2017-12-07T13:36:37+00:00","dateModified":"2023-06-16T14:32:33+00:00","description":"W przemy\u015ble meblarskim trwa\u0142e ta\u015bmy samoprzylepne s\u0105 szczeg\u00f3lnie poszukiwane w transporcie. Dowiedz si\u0119 wi\u0119cej o specjalnych wymaganiach.","breadcrumb":{"@id":"https:\/\/cardinal-tapes.com\/pl\/tasmy-samoprzylepne-pl\/obszary-zastosowania\/przemysl-meblarski\/#breadcrumb"},"inLanguage":"pl-PL","potentialAction":[{"@type":"ReadAction","target":["https:\/\/cardinal-tapes.com\/pl\/tasmy-samoprzylepne-pl\/obszary-zastosowania\/przemysl-meblarski\/"]}]},{"@type":"BreadcrumbList","@id":"https:\/\/cardinal-tapes.com\/pl\/tasmy-samoprzylepne-pl\/obszary-zastosowania\/przemysl-meblarski\/#breadcrumb","itemListElement":[{"@type":"ListItem","position":1,"name":"Startseite","item":"https:\/\/cardinal-tapes.com\/pl\/strona-glowna\/"},{"@type":"ListItem","position":2,"name":"Ta\u015bmy samoprzylepne","item":"https:\/\/cardinal-tapes.com\/pl\/tasmy-samoprzylepne-pl\/"},{"@type":"ListItem","position":3,"name":"Obszary zastosowania","item":"https:\/\/cardinal-tapes.com\/pl\/tasmy-samoprzylepne-pl__trashed\/obszary-zastosowania\/"},{"@type":"ListItem","position":4,"name":"Przemys\u0142 meblarski"}]},{"@type":"WebSite","@id":"https:\/\/cardinal-tapes.com\/#website","url":"https:\/\/cardinal-tapes.com\/","name":"cardinal TAPES","description":"Klebetechnik aus Wuppertal","potentialAction":[{"@type":"SearchAction","target":{"@type":"EntryPoint","urlTemplate":"https:\/\/cardinal-tapes.com\/?s={search_term_string}"},"query-input":{"@type":"PropertyValueSpecification","valueRequired":true,"valueName":"search_term_string"}}],"inLanguage":"pl-PL"}]}},"_links":{"self":[{"href":"https:\/\/cardinal-tapes.com\/pl\/wp-json\/wp\/v2\/pages\/31900","targetHints":{"allow":["GET"]}}],"collection":[{"href":"https:\/\/cardinal-tapes.com\/pl\/wp-json\/wp\/v2\/pages"}],"about":[{"href":"https:\/\/cardinal-tapes.com\/pl\/wp-json\/wp\/v2\/types\/page"}],"author":[{"embeddable":true,"href":"https:\/\/cardinal-tapes.com\/pl\/wp-json\/wp\/v2\/users\/1"}],"replies":[{"embeddable":true,"href":"https:\/\/cardinal-tapes.com\/pl\/wp-json\/wp\/v2\/comments?post=31900"}],"version-history":[{"count":0,"href":"https:\/\/cardinal-tapes.com\/pl\/wp-json\/wp\/v2\/pages\/31900\/revisions"}],"up":[{"embeddable":true,"href":"https:\/\/cardinal-tapes.com\/pl\/wp-json\/wp\/v2\/pages\/30840"}],"wp:attachment":[{"href":"https:\/\/cardinal-tapes.com\/pl\/wp-json\/wp\/v2\/media?parent=31900"}],"curies":[{"name":"wp","href":"https:\/\/api.w.org\/{rel}","templated":true}]}}