{"id":31897,"date":"2023-06-02T11:00:22","date_gmt":"2023-06-02T09:00:22","guid":{"rendered":"https:\/\/cardinal.pixel-tal.de\/tasmy-samoprzylepne\/tasma-klejaca-abc\/tasmy-samoprzylepne-ze-stali-nierdzewnej\/"},"modified":"2023-06-02T11:12:19","modified_gmt":"2023-06-02T09:12:19","slug":"tasmy-samoprzylepne-ze-stali-nierdzewnej","status":"publish","type":"page","link":"https:\/\/cardinal-tapes.com\/pl\/tasmy-samoprzylepne-pl\/tasma-klejaca-abc\/tasmy-samoprzylepne-ze-stali-nierdzewnej\/","title":{"rendered":"Ta\u015bmy samoprzylepne ze stali nierdzewnej"},"content":{"rendered":"<div id='av_section_1'  class='avia-section av-828d2c-95bb43aaac6e88d2b9833aae4a663172 alternate_color avia-section-default avia-no-border-styling  avia-builder-el-0  avia-builder-el-no-sibling  avia-bg-style-scroll container_wrap fullsize'  ><div class='container av-section-cont-open' ><main  role=\"main\" itemprop=\"mainContentOfPage\"  class='template-page content  av-content-full alpha units'><div class='post-entry post-entry-type-page post-entry-31897'><div class='entry-content-wrapper clearfix'>\n<div  class='flex_column av-5y7y9g-0f82f12b83a1348fcd151994b79a228f av_one_full  avia-builder-el-1  el_before_av_one_half  avia-builder-el-first  first flex_column_div  '     ><div class=\"pxl-headline pxl-hl hl-wrap | hl-sub--off hl--align-left hl--no-margin    \">\n        <div class=\"hl-inner\">\n            <h2 class=\"hl-main hl-line |  hl_main--default  \">Ta\u015bmy samoprzylepne ze stali nierdzewnej<\/h2>\n            \n    <\/div>\n<\/div><\/div><div  class='flex_column av-3qhsn8-8c914ba876b1a949c8b4a0ef8dba0b52 av_one_half  avia-builder-el-3  el_after_av_one_full  el_before_av_one_half  first flex_column_div  column-top-margin'     ><section  class='av_textblock_section av-6j2jv8-07b02b044d3702a69bce94a65f3d7287 '   itemscope=\"itemscope\" itemtype=\"https:\/\/schema.org\/CreativeWork\" ><div class='avia_textblock'  itemprop=\"text\" ><p>Ta\u015bmy samoprzylepne ze stali nierdzewnej s\u0105 stosowane w przypadku specjalnych wymaga\u0144. Ta\u015bmy samoprzylepne maj\u0105 ogromne znaczenie zw\u0142aszcza w przypadku uszczelniania lub zabezpieczania powierzchni ze stali nierdzewnej. W\u0142a\u015bciwo\u015bci te s\u0105 szczeg\u00f3lnie wa\u017cne w <a href=\"https:\/\/cardinal-tapes.com\/pl\/tasmy-samoprzylepne\/obszary-zastosowania\/wykonczenie-metalu\/\">obr\u00f3bce metali<\/a>, ale tak\u017ce w wielu innych dziedzinach.<\/p>\n<\/div><\/section><\/div><div  class='flex_column av-345m10-bad35f5ee0334d1a7dacaa33260fa5f6 av_one_half  avia-builder-el-5  el_after_av_one_half  avia-builder-el-last  flex_column_div  column-top-margin'     ><section  class='av_textblock_section av-39lihw-f035db51393580342fe6cf97eeba16b3 '   itemscope=\"itemscope\" itemtype=\"https:\/\/schema.org\/CreativeWork\" ><div class='avia_textblock small'  itemprop=\"text\" ><h4>Cechy szczeg\u00f3lne ta\u015bm samoprzylepnych ze stali nierdzewnej<\/h4>\n<p>Najwa\u017cniejsze w\u0142a\u015bciwo\u015bci ta\u015bm samoprzylepnych ze stali nierdzewnej to odporno\u015b\u0107 na korozj\u0119 i dobra przyczepno\u015b\u0107 do metali. Mog\u0105 by\u0107 stosowane na przyk\u0142ad podczas szlifowania metali, chroni\u0105c w ten spos\u00f3b r\u00f3\u017cne obszary materia\u0142u. Ta\u015bma samoprzylepna odgrywa r\u00f3wnie\u017c wa\u017cn\u0105 rol\u0119 podczas mocowania element\u00f3w ze stali nierdzewnej.<\/p>\n<p>W naszym sklepie znajdziesz r\u00f3\u017cne ta\u015bmy samoprzylepne do metalu i stali nierdzewnej. Je\u015bli s\u0105 Pa\u0144stwo zainteresowani ta\u015bmami ze stali nierdzewnej spoza naszego asortymentu lub je\u015bli potrzebuj\u0105 Pa\u0144stwo <a href=\"https:\/\/cardinal-tapes.com\/pl\/opakowanie\/\">ta\u015bm<\/a>do wykonania, prosimy o kontakt. Nasi do\u015bwiadczeni eksperci dok\u0142adnie znaj\u0105 indywidualne wymagania r\u00f3\u017cnych sektor\u00f3w i bran\u017c.<\/p>\n<\/div><\/section><\/div>\n\n","protected":false},"excerpt":{"rendered":"","protected":false},"author":1,"featured_media":0,"parent":30844,"menu_order":35,"comment_status":"closed","ping_status":"closed","template":"","meta":{"_acf_changed":false,"footnotes":""},"class_list":["post-31897","page","type-page","status-publish","hentry"],"acf":[],"yoast_head":"<!-- This site is optimized with the Yoast SEO plugin v27.3 - https:\/\/yoast.com\/product\/yoast-seo-wordpress\/ -->\n<title>Ta\u015bmy samoprzylepne ze stali nierdzewnej - cardinal TAPES<\/title>\n<meta name=\"description\" content=\"Ta\u015bmy samoprzylepne ze stali nierdzewnej s\u0105 stosowane w przypadku specjalnych wymaga\u0144. Ta\u015bmy samoprzylepne maj\u0105 ogromne znaczenie zw\u0142aszcza w przypadku uszczelniania powierzchni ze stali nierdzewnej.\" \/>\n<meta name=\"robots\" content=\"index, follow, max-snippet:-1, max-image-preview:large, max-video-preview:-1\" \/>\n<link rel=\"canonical\" href=\"https:\/\/cardinal-tapes.com\/pl\/tasmy-samoprzylepne-pl__trashed\/tasma-klejaca-abc\/tasmy-samoprzylepne-ze-stali-nierdzewnej\/\" \/>\n<meta property=\"og:locale\" content=\"pl_PL\" \/>\n<meta property=\"og:type\" content=\"article\" \/>\n<meta property=\"og:title\" content=\"Ta\u015bmy samoprzylepne ze stali nierdzewnej - cardinal TAPES\" \/>\n<meta property=\"og:description\" content=\"Ta\u015bmy samoprzylepne ze stali nierdzewnej s\u0105 stosowane w przypadku specjalnych wymaga\u0144. Ta\u015bmy samoprzylepne maj\u0105 ogromne znaczenie zw\u0142aszcza w przypadku uszczelniania powierzchni ze stali nierdzewnej.\" \/>\n<meta property=\"og:url\" content=\"https:\/\/cardinal-tapes.com\/pl\/tasmy-samoprzylepne-pl__trashed\/tasma-klejaca-abc\/tasmy-samoprzylepne-ze-stali-nierdzewnej\/\" \/>\n<meta property=\"og:site_name\" content=\"cardinal TAPES\" \/>\n<meta property=\"article:modified_time\" content=\"2023-06-02T09:12:19+00:00\" \/>\n<meta name=\"twitter:card\" content=\"summary_large_image\" \/>\n<meta name=\"twitter:label1\" content=\"Szacowany czas czytania\" \/>\n\t<meta name=\"twitter:data1\" content=\"9 minut\" \/>\n<script type=\"application\/ld+json\" class=\"yoast-schema-graph\">{\"@context\":\"https:\\\/\\\/schema.org\",\"@graph\":[{\"@type\":\"WebPage\",\"@id\":\"https:\\\/\\\/cardinal-tapes.com\\\/pl\\\/tasmy-samoprzylepne-pl__trashed\\\/tasma-klejaca-abc\\\/tasmy-samoprzylepne-ze-stali-nierdzewnej\\\/\",\"url\":\"https:\\\/\\\/cardinal-tapes.com\\\/pl\\\/tasmy-samoprzylepne-pl__trashed\\\/tasma-klejaca-abc\\\/tasmy-samoprzylepne-ze-stali-nierdzewnej\\\/\",\"name\":\"Ta\u015bmy samoprzylepne ze stali nierdzewnej - cardinal TAPES\",\"isPartOf\":{\"@id\":\"https:\\\/\\\/cardinal-tapes.com\\\/#website\"},\"datePublished\":\"2023-06-02T09:00:22+00:00\",\"dateModified\":\"2023-06-02T09:12:19+00:00\",\"description\":\"Ta\u015bmy samoprzylepne ze stali nierdzewnej s\u0105 stosowane w przypadku specjalnych wymaga\u0144. Ta\u015bmy samoprzylepne maj\u0105 ogromne znaczenie zw\u0142aszcza w przypadku uszczelniania powierzchni ze stali nierdzewnej.\",\"breadcrumb\":{\"@id\":\"https:\\\/\\\/cardinal-tapes.com\\\/pl\\\/tasmy-samoprzylepne-pl__trashed\\\/tasma-klejaca-abc\\\/tasmy-samoprzylepne-ze-stali-nierdzewnej\\\/#breadcrumb\"},\"inLanguage\":\"pl-PL\",\"potentialAction\":[{\"@type\":\"ReadAction\",\"target\":[\"https:\\\/\\\/cardinal-tapes.com\\\/pl\\\/tasmy-samoprzylepne-pl__trashed\\\/tasma-klejaca-abc\\\/tasmy-samoprzylepne-ze-stali-nierdzewnej\\\/\"]}]},{\"@type\":\"BreadcrumbList\",\"@id\":\"https:\\\/\\\/cardinal-tapes.com\\\/pl\\\/tasmy-samoprzylepne-pl__trashed\\\/tasma-klejaca-abc\\\/tasmy-samoprzylepne-ze-stali-nierdzewnej\\\/#breadcrumb\",\"itemListElement\":[{\"@type\":\"ListItem\",\"position\":1,\"name\":\"Startseite\",\"item\":\"https:\\\/\\\/cardinal-tapes.com\\\/pl\\\/strona-glowna\\\/\"},{\"@type\":\"ListItem\",\"position\":2,\"name\":\"Ta\u015bma klej\u0105ca ABC\",\"item\":\"https:\\\/\\\/cardinal-tapes.com\\\/pl\\\/tasmy-samoprzylepne-pl__trashed\\\/tasma-klejaca-abc\\\/\"},{\"@type\":\"ListItem\",\"position\":3,\"name\":\"Ta\u015bmy samoprzylepne ze stali nierdzewnej\"}]},{\"@type\":\"WebSite\",\"@id\":\"https:\\\/\\\/cardinal-tapes.com\\\/#website\",\"url\":\"https:\\\/\\\/cardinal-tapes.com\\\/\",\"name\":\"cardinal TAPES\",\"description\":\"Klebetechnik aus Wuppertal\",\"potentialAction\":[{\"@type\":\"SearchAction\",\"target\":{\"@type\":\"EntryPoint\",\"urlTemplate\":\"https:\\\/\\\/cardinal-tapes.com\\\/?s={search_term_string}\"},\"query-input\":{\"@type\":\"PropertyValueSpecification\",\"valueRequired\":true,\"valueName\":\"search_term_string\"}}],\"inLanguage\":\"pl-PL\"}]}<\/script>\n<!-- \/ Yoast SEO plugin. -->","yoast_head_json":{"title":"Ta\u015bmy samoprzylepne ze stali nierdzewnej - cardinal TAPES","description":"Ta\u015bmy samoprzylepne ze stali nierdzewnej s\u0105 stosowane w przypadku specjalnych wymaga\u0144. Ta\u015bmy samoprzylepne maj\u0105 ogromne znaczenie zw\u0142aszcza w przypadku uszczelniania powierzchni ze stali nierdzewnej.","robots":{"index":"index","follow":"follow","max-snippet":"max-snippet:-1","max-image-preview":"max-image-preview:large","max-video-preview":"max-video-preview:-1"},"canonical":"https:\/\/cardinal-tapes.com\/pl\/tasmy-samoprzylepne-pl__trashed\/tasma-klejaca-abc\/tasmy-samoprzylepne-ze-stali-nierdzewnej\/","og_locale":"pl_PL","og_type":"article","og_title":"Ta\u015bmy samoprzylepne ze stali nierdzewnej - cardinal TAPES","og_description":"Ta\u015bmy samoprzylepne ze stali nierdzewnej s\u0105 stosowane w przypadku specjalnych wymaga\u0144. Ta\u015bmy samoprzylepne maj\u0105 ogromne znaczenie zw\u0142aszcza w przypadku uszczelniania powierzchni ze stali nierdzewnej.","og_url":"https:\/\/cardinal-tapes.com\/pl\/tasmy-samoprzylepne-pl__trashed\/tasma-klejaca-abc\/tasmy-samoprzylepne-ze-stali-nierdzewnej\/","og_site_name":"cardinal TAPES","article_modified_time":"2023-06-02T09:12:19+00:00","twitter_card":"summary_large_image","twitter_misc":{"Szacowany czas czytania":"9 minut"},"schema":{"@context":"https:\/\/schema.org","@graph":[{"@type":"WebPage","@id":"https:\/\/cardinal-tapes.com\/pl\/tasmy-samoprzylepne-pl__trashed\/tasma-klejaca-abc\/tasmy-samoprzylepne-ze-stali-nierdzewnej\/","url":"https:\/\/cardinal-tapes.com\/pl\/tasmy-samoprzylepne-pl__trashed\/tasma-klejaca-abc\/tasmy-samoprzylepne-ze-stali-nierdzewnej\/","name":"Ta\u015bmy samoprzylepne ze stali nierdzewnej - cardinal TAPES","isPartOf":{"@id":"https:\/\/cardinal-tapes.com\/#website"},"datePublished":"2023-06-02T09:00:22+00:00","dateModified":"2023-06-02T09:12:19+00:00","description":"Ta\u015bmy samoprzylepne ze stali nierdzewnej s\u0105 stosowane w przypadku specjalnych wymaga\u0144. Ta\u015bmy samoprzylepne maj\u0105 ogromne znaczenie zw\u0142aszcza w przypadku uszczelniania powierzchni ze stali nierdzewnej.","breadcrumb":{"@id":"https:\/\/cardinal-tapes.com\/pl\/tasmy-samoprzylepne-pl__trashed\/tasma-klejaca-abc\/tasmy-samoprzylepne-ze-stali-nierdzewnej\/#breadcrumb"},"inLanguage":"pl-PL","potentialAction":[{"@type":"ReadAction","target":["https:\/\/cardinal-tapes.com\/pl\/tasmy-samoprzylepne-pl__trashed\/tasma-klejaca-abc\/tasmy-samoprzylepne-ze-stali-nierdzewnej\/"]}]},{"@type":"BreadcrumbList","@id":"https:\/\/cardinal-tapes.com\/pl\/tasmy-samoprzylepne-pl__trashed\/tasma-klejaca-abc\/tasmy-samoprzylepne-ze-stali-nierdzewnej\/#breadcrumb","itemListElement":[{"@type":"ListItem","position":1,"name":"Startseite","item":"https:\/\/cardinal-tapes.com\/pl\/strona-glowna\/"},{"@type":"ListItem","position":2,"name":"Ta\u015bma klej\u0105ca ABC","item":"https:\/\/cardinal-tapes.com\/pl\/tasmy-samoprzylepne-pl__trashed\/tasma-klejaca-abc\/"},{"@type":"ListItem","position":3,"name":"Ta\u015bmy samoprzylepne ze stali nierdzewnej"}]},{"@type":"WebSite","@id":"https:\/\/cardinal-tapes.com\/#website","url":"https:\/\/cardinal-tapes.com\/","name":"cardinal TAPES","description":"Klebetechnik aus Wuppertal","potentialAction":[{"@type":"SearchAction","target":{"@type":"EntryPoint","urlTemplate":"https:\/\/cardinal-tapes.com\/?s={search_term_string}"},"query-input":{"@type":"PropertyValueSpecification","valueRequired":true,"valueName":"search_term_string"}}],"inLanguage":"pl-PL"}]}},"_links":{"self":[{"href":"https:\/\/cardinal-tapes.com\/pl\/wp-json\/wp\/v2\/pages\/31897","targetHints":{"allow":["GET"]}}],"collection":[{"href":"https:\/\/cardinal-tapes.com\/pl\/wp-json\/wp\/v2\/pages"}],"about":[{"href":"https:\/\/cardinal-tapes.com\/pl\/wp-json\/wp\/v2\/types\/page"}],"author":[{"embeddable":true,"href":"https:\/\/cardinal-tapes.com\/pl\/wp-json\/wp\/v2\/users\/1"}],"replies":[{"embeddable":true,"href":"https:\/\/cardinal-tapes.com\/pl\/wp-json\/wp\/v2\/comments?post=31897"}],"version-history":[{"count":0,"href":"https:\/\/cardinal-tapes.com\/pl\/wp-json\/wp\/v2\/pages\/31897\/revisions"}],"up":[{"embeddable":true,"href":"https:\/\/cardinal-tapes.com\/pl\/wp-json\/wp\/v2\/pages\/30844"}],"wp:attachment":[{"href":"https:\/\/cardinal-tapes.com\/pl\/wp-json\/wp\/v2\/media?parent=31897"}],"curies":[{"name":"wp","href":"https:\/\/api.w.org\/{rel}","templated":true}]}}