{"id":31885,"date":"2023-06-02T11:00:22","date_gmt":"2023-06-02T09:00:22","guid":{"rendered":"https:\/\/cardinal.pixel-tal.de\/tasmy-samoprzylepne\/tasma-klejaca-abc\/tasmy-laczace\/"},"modified":"2023-06-14T10:47:24","modified_gmt":"2023-06-14T08:47:24","slug":"tasmy-laczace","status":"publish","type":"page","link":"https:\/\/cardinal-tapes.com\/pl\/tasmy-samoprzylepne-pl\/tasma-klejaca-abc\/tasmy-laczace\/","title":{"rendered":"Ta\u015bmy \u0142\u0105cz\u0105ce"},"content":{"rendered":"<div id='av_section_1'  class='avia-section av-cf11r4-78ea89c911d3b94087a64883c4a07227 alternate_color avia-section-default avia-no-border-styling  avia-builder-el-0  el_before_av_section  avia-builder-el-first  avia-bg-style-scroll container_wrap fullsize'  ><div class='container av-section-cont-open' ><main  role=\"main\" itemprop=\"mainContentOfPage\"  class='template-page content  av-content-full alpha units'><div class='post-entry post-entry-type-page post-entry-31885'><div class='entry-content-wrapper clearfix'>\n<div  class='flex_column av-anbo0w-6e95f4ab7b25a13b1062d61678ead910 av_one_full  avia-builder-el-1  el_before_av_one_half  avia-builder-el-first  first flex_column_div  '     ><div class=\"pxl-headline pxl-hl hl-wrap | hl-sub--off hl--align-left hl--no-margin    \">\n        <div class=\"hl-inner\">\n            <h2 class=\"hl-main hl-line |  hl_main--default  \">Ta\u015bmy \u0142\u0105cz\u0105ce<\/h2>\n            \n    <\/div>\n<\/div><\/div><div  class='flex_column av-uu71c-11523b1f5b4835471c91f14657f1fd65 av_one_half  avia-builder-el-3  el_after_av_one_full  el_before_av_one_half  first flex_column_div  column-top-margin'     ><section  class='av_textblock_section av-13arjk-2386dc7fe07f812bbbfcddbfb8e735c8 '   itemscope=\"itemscope\" itemtype=\"https:\/\/schema.org\/CreativeWork\" ><div class='avia_textblock'  itemprop=\"text\" ><p>\u0141\u0105czenie jest stosowane g\u0142\u00f3wnie w <a href=\"\/klebebaender\/anwendungsgebiete\/papierherstellung\/\">przemy\u015ble papierniczym<\/a>. W tym procesie wst\u0119gi papieru lub folii s\u0105 \u0142\u0105czone ze sob\u0105 za pomoc\u0105 ta\u015bm samoprzylepnych. W tym celu stosuje si\u0119 tak zwane ta\u015bmy \u0142\u0105cz\u0105ce. Ten rodzaj <a href=\"\/klebebaender\/\">ta\u015bmy samoprzylepnej<\/a> charakteryzuje si\u0119 szczeg\u00f3lnie wysok\u0105 wytrzyma\u0142o\u015bci\u0105 na zrywanie w kierunku wzd\u0142u\u017cnym i poprzecznym, wysok\u0105 wytrzyma\u0142o\u015bci\u0105 na \u015bcinanie i dobr\u0105 odporno\u015bci\u0105 na starzenie. Ta\u015bmy do \u0142\u0105czenia mog\u0105 by\u0107 dostarczane zar\u00f3wno jedno-, jak i dwustronnie.<\/p>\n<\/div><\/section><\/div><div  class='flex_column av-t71eo-3c11e1bf146e597108a89503bd728212 av_one_half  avia-builder-el-5  el_after_av_one_half  avia-builder-el-last  flex_column_div  column-top-margin'     ><section  class='av_textblock_section av-7h7q80-205c07b6560ce53991676da3bc6cfd6c '   itemscope=\"itemscope\" itemtype=\"https:\/\/schema.org\/CreativeWork\" ><div class='avia_textblock'  itemprop=\"text\" ><h4>Nasze ta\u015bmy do \u0142\u0105czenia<\/h4>\n<p>Dzi\u0119ki naszemu wieloletniemu do\u015bwiadczeniu z przyjemno\u015bci\u0105 doradzimy w zakresie naszych ta\u015bm do \u0142\u0105czenia. Stale poszerzamy nasz asortyment na naszej stronie internetowej, dzi\u0119ki czemu mo\u017cemy zaoferowa\u0107 wiele r\u00f3\u017cnych rodzaj\u00f3w ta\u015bm samoprzylepnych. Ponadto montujemy ta\u015bmy do \u0142\u0105czenia, dzi\u0119ki czemu mo\u017cemy by\u0107 odpowiednim partnerem nawet w przypadku specjalnych wymaga\u0144. Skontaktuj si\u0119 z naszymi ekspertami lub zapytaj nas bezpo\u015brednio za po\u015brednictwem naszego zapytania o produkt, je\u015bli ta\u015bma do \u0142\u0105czenia nie jest dost\u0119pna na naszej stronie.<\/p>\n<\/div><\/section><\/div>\n\n<\/div><\/div><\/main><!-- close content main element --><\/div><\/div><div id='av_section_2'  class='avia-section av-5u6llc-33e94062c9129357f24adc08fa58c1f9 main_color avia-section-default avia-no-border-styling  avia-builder-el-7  el_after_av_section  avia-builder-el-last  gradient-section avia-bg-style-scroll container_wrap fullsize'  ><div class='container av-section-cont-open' ><div class='template-page content  av-content-full alpha units'><div class='post-entry post-entry-type-page post-entry-31885'><div class='entry-content-wrapper clearfix'>\n<div  class='flex_column av-3xybo0-ddcd01781ae3ad6afc1faeb236282f21 av_one_full  avia-builder-el-8  avia-builder-el-no-sibling  first flex_column_div  '     ><p><div class=\"pxl-headline pxl-hl hl-wrap | hl-sub--off hl--align-left hl--no-margin    \">\n        <div class=\"hl-inner\">\n            <h2 class=\"hl-main hl-line |  hl_main--default  \">Interesuj\u0105ce produkty<\/h2>\n            \n    <\/div>\n<\/div>\n<br \/>\n<div   data-autoplay=''  data-interval='5'  data-animation='fade'  data-hoverpause='1'  class='template-shop avia-content-slider avia-content-slider-active avia-product-slider1 avia-content-slider-even  avia-builder-el-10  el_after_pixel_sc_headline  el_before_av_button   shop_columns_4' ><div class='avia-content-slider-inner'><ul class=\"products slide-entry-wrap\"><li class=\"product type-product post-41367 status-publish first instock product_cat-tasma-do-laczenia product_cat-przemysl-tekstylny product_cat-tasma-samoprzylepna-z-wlokniny product_cat-tasmy-dwustronnie-klejace has-post-thumbnail taxable shipping-taxable purchasable product-type-variable\">\n\t<div class='inner_product main_color wrapped_style noLightbox  av-product-class-no_button'><a href=\"https:\/\/cardinal-tapes.com\/pl\/ta\u015bmy-samoprzylepne\/obszary-zastosowan\/tasma-do-laczenia\/ca-412-pv4-pet-adhesive-tape-strong-open-weak\/\" class=\"woocommerce-LoopProduct-link woocommerce-loop-product__link\"><div class=\"thumbnail_container\"><img decoding=\"async\" loading=\"lazy\" width=\"450\" height=\"450\" src=\"https:\/\/cardinal-tapes.com\/wp-content\/uploads\/CA_438_retouched-450x450.jpg\" class=\"wp-image-27130 avia-img-lazy-loading-27130 attachment-shop_catalog size-shop_catalog wp-post-image\" alt=\"CA-412 PV4 Ta\u015bma PET, mocna (otwarta) \/ s\u0142aba - dwustronny, Folia poliestrowa, Akryl - Ilustracja 27130\" srcset=\"https:\/\/cardinal-tapes.com\/wp-content\/uploads\/CA_438_retouched-450x450.jpg 450w, https:\/\/cardinal-tapes.com\/wp-content\/uploads\/CA_438_retouched-120x120.jpg 120w, https:\/\/cardinal-tapes.com\/wp-content\/uploads\/CA_438_retouched-80x80.jpg 80w, https:\/\/cardinal-tapes.com\/wp-content\/uploads\/CA_438_retouched-36x36.jpg 36w, https:\/\/cardinal-tapes.com\/wp-content\/uploads\/CA_438_retouched-180x180.jpg 180w, https:\/\/cardinal-tapes.com\/wp-content\/uploads\/CA_438_retouched-100x100.jpg 100w\" sizes=\"auto, (max-width: 450px) 100vw, 450px\" \/><\/div><div class='inner_product_header'><div class='avia-arrow'><\/div><div class='inner_product_header_table'><div class='inner_product_header_cell'><span class=\"is-h2 woocommerce-loop-product__title\">CA-412 PV4 Ta\u015bma PET, mocna (otwarta) \/ s\u0142aba<\/span>\t\t<div class=\"product-infos\">\n\t\t\t\t\t\t\t<span class='product-infos__item'><b>Pow\u0142oka:<\/b> dwustronny<\/span>\n\t\t\t\t\t\t\t\t\t\t<span class='product-infos__item'><b>Rodzaj materia\u0142u:<\/b> Folia poliestrowa<\/span>\n\t\t\t\t\t\t\t\t\t\t<span class='product-infos__item'><b>Producent:<\/b> cardinal GmbH<\/span>\n\t\t\t\t\t\t\t\t\t\t<span class='product-infos__item'><b>Cena na \u017c\u0105danie<\/b><\/span>\n\t\t\t\t\t<\/div>\n\t<\/div><\/div><\/div><\/a><\/div><\/li>\n<li class=\"product type-product post-46087 status-publish instock product_cat-tasma-samoprzylepna-z-wlokniny product_cat-tasmy-dwustronnie-klejace product_cat-druk-i-grafika product_cat-tasma-do-laczenia product_cat-przemysl-tekstylny has-post-thumbnail taxable shipping-taxable purchasable product-type-variable\">\n\t<div class='inner_product main_color wrapped_style noLightbox  av-product-class-no_button'><a href=\"https:\/\/cardinal-tapes.com\/pl\/ta\u015bmy-samoprzylepne\/obszary-zastosowan\/druk-i-grafika\/ca-438-papierowa-tasma-samoprzylepna-z-wlokniny\/\" class=\"woocommerce-LoopProduct-link woocommerce-loop-product__link\"><div class=\"thumbnail_container\"><img decoding=\"async\" loading=\"lazy\" width=\"450\" height=\"450\" src=\"https:\/\/cardinal-tapes.com\/wp-content\/uploads\/CA_438_retouched-450x450.jpg\" class=\"wp-image-27130 avia-img-lazy-loading-27130 attachment-shop_catalog size-shop_catalog wp-post-image\" alt=\"CA-438 Ta\u015bma samoprzylepna z w\u0142\u00f3kniny papierowej - dwustronny, Papier, Rozpuszczalnik akrylanowy - Ilustracja 27130\" srcset=\"https:\/\/cardinal-tapes.com\/wp-content\/uploads\/CA_438_retouched-450x450.jpg 450w, https:\/\/cardinal-tapes.com\/wp-content\/uploads\/CA_438_retouched-120x120.jpg 120w, https:\/\/cardinal-tapes.com\/wp-content\/uploads\/CA_438_retouched-80x80.jpg 80w, https:\/\/cardinal-tapes.com\/wp-content\/uploads\/CA_438_retouched-36x36.jpg 36w, https:\/\/cardinal-tapes.com\/wp-content\/uploads\/CA_438_retouched-180x180.jpg 180w, https:\/\/cardinal-tapes.com\/wp-content\/uploads\/CA_438_retouched-100x100.jpg 100w\" sizes=\"auto, (max-width: 450px) 100vw, 450px\" \/><\/div><div class='inner_product_header'><div class='avia-arrow'><\/div><div class='inner_product_header_table'><div class='inner_product_header_cell'><span class=\"is-h2 woocommerce-loop-product__title\">CA-438 Ta\u015bma samoprzylepna z w\u0142\u00f3kniny papierowej<\/span>\t\t<div class=\"product-infos\">\n\t\t\t\t\t\t\t<span class='product-infos__item'><b>Pow\u0142oka:<\/b> dwustronny<\/span>\n\t\t\t\t\t\t\t\t\t\t<span class='product-infos__item'><b>Rodzaj materia\u0142u:<\/b> Papier<\/span>\n\t\t\t\t\t\t\t\t\t\t<span class='product-infos__item'><b>Producent:<\/b> cardinal GmbH<\/span>\n\t\t\t\t\t\t\t\t\t\t<span class='product-infos__item'><b>Cena na \u017c\u0105danie<\/b><\/span>\n\t\t\t\t\t<\/div>\n\t<\/div><\/div><\/div><\/a><\/div><\/li>\n<li class=\"product type-product post-43674 status-publish instock product_cat-przemysl-papierniczy product_cat-tasma-do-laczenia product_cat-tasma-samoprzylepna-z-wlokniny product_cat-tasmy-dwustronnie-klejace product_cat-druk-i-grafika has-post-thumbnail taxable shipping-taxable purchasable product-type-variable\">\n\t<div class='inner_product main_color wrapped_style noLightbox  av-product-class-no_button'><a href=\"https:\/\/cardinal-tapes.com\/pl\/ta\u015bmy-samoprzylepne\/obszary-zastosowan\/druk-i-grafika\/ca-440-papierowa-tasma-samoprzylepna-z-wlokniny\/\" class=\"woocommerce-LoopProduct-link woocommerce-loop-product__link\"><div class=\"thumbnail_container\"><img decoding=\"async\" loading=\"lazy\" width=\"450\" height=\"450\" src=\"https:\/\/cardinal-tapes.com\/wp-content\/uploads\/CA-440-450x450.jpg\" class=\"wp-image-28894 avia-img-lazy-loading-28894 attachment-shop_catalog size-shop_catalog wp-post-image\" alt=\"CA-440 Ta\u015bma samoprzylepna z w\u0142\u00f3kniny papierowej - dwustronny, Papierowa w\u0142\u00f3knina, Rozpuszczalnik akrylanowy - Ilustracja 28894\" srcset=\"https:\/\/cardinal-tapes.com\/wp-content\/uploads\/CA-440-450x450.jpg 450w, https:\/\/cardinal-tapes.com\/wp-content\/uploads\/CA-440-120x120.jpg 120w, https:\/\/cardinal-tapes.com\/wp-content\/uploads\/CA-440-80x80.jpg 80w, https:\/\/cardinal-tapes.com\/wp-content\/uploads\/CA-440-36x36.jpg 36w, https:\/\/cardinal-tapes.com\/wp-content\/uploads\/CA-440-180x180.jpg 180w, https:\/\/cardinal-tapes.com\/wp-content\/uploads\/CA-440-100x100.jpg 100w\" sizes=\"auto, (max-width: 450px) 100vw, 450px\" \/><\/div><div class='inner_product_header'><div class='avia-arrow'><\/div><div class='inner_product_header_table'><div class='inner_product_header_cell'><span class=\"is-h2 woocommerce-loop-product__title\">CA-440 Ta\u015bma samoprzylepna z w\u0142\u00f3kniny papierowej<\/span>\t\t<div class=\"product-infos\">\n\t\t\t\t\t\t\t<span class='product-infos__item'><b>Pow\u0142oka:<\/b> dwustronny<\/span>\n\t\t\t\t\t\t\t\t\t\t<span class='product-infos__item'><b>Rodzaj materia\u0142u:<\/b> Papierowa w\u0142\u00f3knina<\/span>\n\t\t\t\t\t\t\t\t\t\t<span class='product-infos__item'><b>Producent:<\/b> cardinal GmbH<\/span>\n\t\t\t\t\t\t\t\t\t\t<span class='product-infos__item'><b>Cena na \u017c\u0105danie<\/b><\/span>\n\t\t\t\t\t<\/div>\n\t<\/div><\/div><\/div><\/a><\/div><\/li>\n<\/ul><\/div><\/div><div class=\"clear\"><\/div><br \/>\n<div  class='avia-button-wrap av-3412sw-6f9c191a9e93b353f74475ef3c9ed282-wrap avia-button-left '><a href='https:\/\/cardinal-tapes.com\/klebebaender\/'  class='avia-button av-3412sw-6f9c191a9e93b353f74475ef3c9ed282 avia-icon_select-no avia-size-medium avia-position-left avia-color-theme-color layout-border color-white'  ><span class='avia_iconbox_title' >Wszystkie produkty<\/span><\/a><\/div><\/p><\/div>\n","protected":false},"excerpt":{"rendered":"","protected":false},"author":1,"featured_media":0,"parent":30844,"menu_order":32,"comment_status":"closed","ping_status":"closed","template":"","meta":{"_acf_changed":false,"footnotes":""},"class_list":["post-31885","page","type-page","status-publish","hentry"],"acf":[],"yoast_head":"<!-- This site is optimized with the Yoast SEO plugin v27.3 - https:\/\/yoast.com\/product\/yoast-seo-wordpress\/ -->\n<title>Ta\u015bmy \u0142\u0105cz\u0105ce - cardinal TAPES<\/title>\n<meta name=\"description\" content=\"\u0141\u0105czenie jest stosowane g\u0142\u00f3wnie w przemy\u015ble papierniczym. W tym procesie wst\u0119gi papieru lub folii s\u0105 \u0142\u0105czone ze sob\u0105 za pomoc\u0105 ta\u015bm samoprzylepnych. W tym celu stosuje si\u0119 tak zwane ta\u015bmy \u0142\u0105cz\u0105ce.\" \/>\n<meta name=\"robots\" content=\"index, follow, max-snippet:-1, max-image-preview:large, max-video-preview:-1\" \/>\n<link rel=\"canonical\" href=\"https:\/\/cardinal-tapes.com\/pl\/tasmy-samoprzylepne-pl\/tasma-klejaca-abc\/tasmy-laczace\/\" \/>\n<meta property=\"og:locale\" content=\"pl_PL\" \/>\n<meta property=\"og:type\" content=\"article\" \/>\n<meta property=\"og:title\" content=\"Ta\u015bmy \u0142\u0105cz\u0105ce - cardinal TAPES\" \/>\n<meta property=\"og:description\" content=\"\u0141\u0105czenie jest stosowane g\u0142\u00f3wnie w przemy\u015ble papierniczym. W tym procesie wst\u0119gi papieru lub folii s\u0105 \u0142\u0105czone ze sob\u0105 za pomoc\u0105 ta\u015bm samoprzylepnych. W tym celu stosuje si\u0119 tak zwane ta\u015bmy \u0142\u0105cz\u0105ce.\" \/>\n<meta property=\"og:url\" content=\"https:\/\/cardinal-tapes.com\/pl\/tasmy-samoprzylepne-pl\/tasma-klejaca-abc\/tasmy-laczace\/\" \/>\n<meta property=\"og:site_name\" content=\"cardinal TAPES\" \/>\n<meta property=\"article:modified_time\" content=\"2023-06-14T08:47:24+00:00\" \/>\n<meta name=\"twitter:card\" content=\"summary_large_image\" \/>\n<meta name=\"twitter:label1\" content=\"Szacowany czas czytania\" \/>\n\t<meta name=\"twitter:data1\" content=\"14 minut\" \/>\n<script type=\"application\/ld+json\" class=\"yoast-schema-graph\">{\"@context\":\"https:\\\/\\\/schema.org\",\"@graph\":[{\"@type\":\"WebPage\",\"@id\":\"https:\\\/\\\/cardinal-tapes.com\\\/pl\\\/tasmy-samoprzylepne-pl\\\/tasma-klejaca-abc\\\/tasmy-laczace\\\/\",\"url\":\"https:\\\/\\\/cardinal-tapes.com\\\/pl\\\/tasmy-samoprzylepne-pl\\\/tasma-klejaca-abc\\\/tasmy-laczace\\\/\",\"name\":\"Ta\u015bmy \u0142\u0105cz\u0105ce - cardinal TAPES\",\"isPartOf\":{\"@id\":\"https:\\\/\\\/cardinal-tapes.com\\\/#website\"},\"datePublished\":\"2023-06-02T09:00:22+00:00\",\"dateModified\":\"2023-06-14T08:47:24+00:00\",\"description\":\"\u0141\u0105czenie jest stosowane g\u0142\u00f3wnie w przemy\u015ble papierniczym. W tym procesie wst\u0119gi papieru lub folii s\u0105 \u0142\u0105czone ze sob\u0105 za pomoc\u0105 ta\u015bm samoprzylepnych. W tym celu stosuje si\u0119 tak zwane ta\u015bmy \u0142\u0105cz\u0105ce.\",\"breadcrumb\":{\"@id\":\"https:\\\/\\\/cardinal-tapes.com\\\/pl\\\/tasmy-samoprzylepne-pl\\\/tasma-klejaca-abc\\\/tasmy-laczace\\\/#breadcrumb\"},\"inLanguage\":\"pl-PL\",\"potentialAction\":[{\"@type\":\"ReadAction\",\"target\":[\"https:\\\/\\\/cardinal-tapes.com\\\/pl\\\/tasmy-samoprzylepne-pl\\\/tasma-klejaca-abc\\\/tasmy-laczace\\\/\"]}]},{\"@type\":\"BreadcrumbList\",\"@id\":\"https:\\\/\\\/cardinal-tapes.com\\\/pl\\\/tasmy-samoprzylepne-pl\\\/tasma-klejaca-abc\\\/tasmy-laczace\\\/#breadcrumb\",\"itemListElement\":[{\"@type\":\"ListItem\",\"position\":1,\"name\":\"Startseite\",\"item\":\"https:\\\/\\\/cardinal-tapes.com\\\/pl\\\/strona-glowna\\\/\"},{\"@type\":\"ListItem\",\"position\":2,\"name\":\"Ta\u015bmy samoprzylepne\",\"item\":\"https:\\\/\\\/cardinal-tapes.com\\\/pl\\\/tasmy-samoprzylepne-pl\\\/\"},{\"@type\":\"ListItem\",\"position\":3,\"name\":\"Ta\u015bma klej\u0105ca ABC\",\"item\":\"https:\\\/\\\/cardinal-tapes.com\\\/pl\\\/tasmy-samoprzylepne-pl__trashed\\\/tasma-klejaca-abc\\\/\"},{\"@type\":\"ListItem\",\"position\":4,\"name\":\"Ta\u015bmy \u0142\u0105cz\u0105ce\"}]},{\"@type\":\"WebSite\",\"@id\":\"https:\\\/\\\/cardinal-tapes.com\\\/#website\",\"url\":\"https:\\\/\\\/cardinal-tapes.com\\\/\",\"name\":\"cardinal TAPES\",\"description\":\"Klebetechnik aus Wuppertal\",\"potentialAction\":[{\"@type\":\"SearchAction\",\"target\":{\"@type\":\"EntryPoint\",\"urlTemplate\":\"https:\\\/\\\/cardinal-tapes.com\\\/?s={search_term_string}\"},\"query-input\":{\"@type\":\"PropertyValueSpecification\",\"valueRequired\":true,\"valueName\":\"search_term_string\"}}],\"inLanguage\":\"pl-PL\"}]}<\/script>\n<!-- \/ Yoast SEO plugin. -->","yoast_head_json":{"title":"Ta\u015bmy \u0142\u0105cz\u0105ce - cardinal TAPES","description":"\u0141\u0105czenie jest stosowane g\u0142\u00f3wnie w przemy\u015ble papierniczym. W tym procesie wst\u0119gi papieru lub folii s\u0105 \u0142\u0105czone ze sob\u0105 za pomoc\u0105 ta\u015bm samoprzylepnych. W tym celu stosuje si\u0119 tak zwane ta\u015bmy \u0142\u0105cz\u0105ce.","robots":{"index":"index","follow":"follow","max-snippet":"max-snippet:-1","max-image-preview":"max-image-preview:large","max-video-preview":"max-video-preview:-1"},"canonical":"https:\/\/cardinal-tapes.com\/pl\/tasmy-samoprzylepne-pl\/tasma-klejaca-abc\/tasmy-laczace\/","og_locale":"pl_PL","og_type":"article","og_title":"Ta\u015bmy \u0142\u0105cz\u0105ce - cardinal TAPES","og_description":"\u0141\u0105czenie jest stosowane g\u0142\u00f3wnie w przemy\u015ble papierniczym. W tym procesie wst\u0119gi papieru lub folii s\u0105 \u0142\u0105czone ze sob\u0105 za pomoc\u0105 ta\u015bm samoprzylepnych. W tym celu stosuje si\u0119 tak zwane ta\u015bmy \u0142\u0105cz\u0105ce.","og_url":"https:\/\/cardinal-tapes.com\/pl\/tasmy-samoprzylepne-pl\/tasma-klejaca-abc\/tasmy-laczace\/","og_site_name":"cardinal TAPES","article_modified_time":"2023-06-14T08:47:24+00:00","twitter_card":"summary_large_image","twitter_misc":{"Szacowany czas czytania":"14 minut"},"schema":{"@context":"https:\/\/schema.org","@graph":[{"@type":"WebPage","@id":"https:\/\/cardinal-tapes.com\/pl\/tasmy-samoprzylepne-pl\/tasma-klejaca-abc\/tasmy-laczace\/","url":"https:\/\/cardinal-tapes.com\/pl\/tasmy-samoprzylepne-pl\/tasma-klejaca-abc\/tasmy-laczace\/","name":"Ta\u015bmy \u0142\u0105cz\u0105ce - cardinal TAPES","isPartOf":{"@id":"https:\/\/cardinal-tapes.com\/#website"},"datePublished":"2023-06-02T09:00:22+00:00","dateModified":"2023-06-14T08:47:24+00:00","description":"\u0141\u0105czenie jest stosowane g\u0142\u00f3wnie w przemy\u015ble papierniczym. W tym procesie wst\u0119gi papieru lub folii s\u0105 \u0142\u0105czone ze sob\u0105 za pomoc\u0105 ta\u015bm samoprzylepnych. W tym celu stosuje si\u0119 tak zwane ta\u015bmy \u0142\u0105cz\u0105ce.","breadcrumb":{"@id":"https:\/\/cardinal-tapes.com\/pl\/tasmy-samoprzylepne-pl\/tasma-klejaca-abc\/tasmy-laczace\/#breadcrumb"},"inLanguage":"pl-PL","potentialAction":[{"@type":"ReadAction","target":["https:\/\/cardinal-tapes.com\/pl\/tasmy-samoprzylepne-pl\/tasma-klejaca-abc\/tasmy-laczace\/"]}]},{"@type":"BreadcrumbList","@id":"https:\/\/cardinal-tapes.com\/pl\/tasmy-samoprzylepne-pl\/tasma-klejaca-abc\/tasmy-laczace\/#breadcrumb","itemListElement":[{"@type":"ListItem","position":1,"name":"Startseite","item":"https:\/\/cardinal-tapes.com\/pl\/strona-glowna\/"},{"@type":"ListItem","position":2,"name":"Ta\u015bmy samoprzylepne","item":"https:\/\/cardinal-tapes.com\/pl\/tasmy-samoprzylepne-pl\/"},{"@type":"ListItem","position":3,"name":"Ta\u015bma klej\u0105ca ABC","item":"https:\/\/cardinal-tapes.com\/pl\/tasmy-samoprzylepne-pl__trashed\/tasma-klejaca-abc\/"},{"@type":"ListItem","position":4,"name":"Ta\u015bmy \u0142\u0105cz\u0105ce"}]},{"@type":"WebSite","@id":"https:\/\/cardinal-tapes.com\/#website","url":"https:\/\/cardinal-tapes.com\/","name":"cardinal TAPES","description":"Klebetechnik aus Wuppertal","potentialAction":[{"@type":"SearchAction","target":{"@type":"EntryPoint","urlTemplate":"https:\/\/cardinal-tapes.com\/?s={search_term_string}"},"query-input":{"@type":"PropertyValueSpecification","valueRequired":true,"valueName":"search_term_string"}}],"inLanguage":"pl-PL"}]}},"_links":{"self":[{"href":"https:\/\/cardinal-tapes.com\/pl\/wp-json\/wp\/v2\/pages\/31885","targetHints":{"allow":["GET"]}}],"collection":[{"href":"https:\/\/cardinal-tapes.com\/pl\/wp-json\/wp\/v2\/pages"}],"about":[{"href":"https:\/\/cardinal-tapes.com\/pl\/wp-json\/wp\/v2\/types\/page"}],"author":[{"embeddable":true,"href":"https:\/\/cardinal-tapes.com\/pl\/wp-json\/wp\/v2\/users\/1"}],"replies":[{"embeddable":true,"href":"https:\/\/cardinal-tapes.com\/pl\/wp-json\/wp\/v2\/comments?post=31885"}],"version-history":[{"count":0,"href":"https:\/\/cardinal-tapes.com\/pl\/wp-json\/wp\/v2\/pages\/31885\/revisions"}],"up":[{"embeddable":true,"href":"https:\/\/cardinal-tapes.com\/pl\/wp-json\/wp\/v2\/pages\/30844"}],"wp:attachment":[{"href":"https:\/\/cardinal-tapes.com\/pl\/wp-json\/wp\/v2\/media?parent=31885"}],"curies":[{"name":"wp","href":"https:\/\/api.w.org\/{rel}","templated":true}]}}