{"id":31853,"date":"2018-04-23T10:56:51","date_gmt":"2018-04-23T08:56:51","guid":{"rendered":"https:\/\/cardinal.pixel-tal.de\/tasmy-samoprzylepne\/tasma-klejaca-abc\/tasmy-montazowe-do-plyt\/"},"modified":"2023-06-02T11:12:27","modified_gmt":"2023-06-02T09:12:27","slug":"tasmy-montazowe-do-plyt","status":"publish","type":"page","link":"https:\/\/cardinal-tapes.com\/pl\/tasmy-samoprzylepne-pl\/tasma-klejaca-abc\/tasmy-montazowe-do-plyt\/","title":{"rendered":"Ta\u015bmy monta\u017cowe do p\u0142yt"},"content":{"rendered":"<div id='av_section_1'  class='avia-section av-50eta-4959056e20e58c3603a4f2c694fbb69b alternate_color avia-section-default avia-no-border-styling  avia-builder-el-0  avia-builder-el-no-sibling  avia-bg-style-scroll container_wrap fullsize'  ><div class='container av-section-cont-open' ><main  role=\"main\" itemprop=\"mainContentOfPage\"  class='template-page content  av-content-full alpha units'><div class='post-entry post-entry-type-page post-entry-31853'><div class='entry-content-wrapper clearfix'>\n<div  class='flex_column av-c7rcge-7467d36b7f5ecfc08366afac746daa85 av_one_full  avia-builder-el-1  el_before_av_one_half  avia-builder-el-first  first flex_column_div  '     ><div class=\"pxl-headline pxl-hl hl-wrap | hl-sub--bot hl--align-left hl--no-margin    \">\n        <div class=\"hl-inner\">\n            <h2 class=\"hl-main hl-line |  hl_main--default  \">Ta\u015bmy monta\u017cowe do p\u0142yt<\/h2>\n            \n    <\/div>\n<\/div><\/div><div  class='flex_column av-aob8vy-24ca10505b0b7b7a81ef26da3054f71d av_one_half  avia-builder-el-3  el_after_av_one_full  el_before_av_one_half  first flex_column_div  column-top-margin'     ><section  class='av_textblock_section av-auil0e-33d3f23e305fbeeb9ac9b8445457e4ae '   itemscope=\"itemscope\" itemtype=\"https:\/\/schema.org\/CreativeWork\" ><div class='avia_textblock'  itemprop=\"text\" ><p>Ta\u015bmy do mocowania p\u0142yt to ta\u015bmy samoprzylepne stosowane w <a href=\"https:\/\/cardinal-tapes.com\/klebebaender\/anwendungsgebiete\/druck-und-grafikindustrie\/\">przemy\u015ble drukarskim<\/a> do mocowania p\u0142yt. Termin klisza odnosi si\u0119 do p\u0142yty drukarskiej u\u017cywanej w przemy\u015ble poligraficznym i produkowanej maszynowo w procesie typograficznym. Klisze s\u0105 r\u00f3wnie\u017c stosowane w t\u0142oczeniu na \u015blepo, t\u0142oczeniu reliefowym i druku typograficznym. W tym procesie ta\u015bma monta\u017cowa p\u0142yty mocuje p\u0142yt\u0119 do no\u015bnika.<\/p>\n<\/div><\/section><\/div><div  class='flex_column av-9ep0im-952dada90b4c54def5d5f34933ce596a av_one_half  avia-builder-el-5  el_after_av_one_half  avia-builder-el-last  flex_column_div  column-top-margin'     ><section  class='av_textblock_section av-6uuwge-9637ed9112e0c1e26153fc1ac0a15ade '   itemscope=\"itemscope\" itemtype=\"https:\/\/schema.org\/CreativeWork\" ><div class='avia_textblock'  itemprop=\"text\" ><h4>Cechy szczeg\u00f3lne i zastosowania ta\u015bm do monta\u017cu p\u0142yt<\/h4>\n<p>Ta\u015bmy do mocowania p\u0142yt, jak opisano, s\u0105 stosowane w r\u00f3\u017cnych projektach, zw\u0142aszcza w przemy\u015ble poligraficznym. Najwa\u017cniejszymi w\u0142a\u015bciwo\u015bciami ta\u015bm do monta\u017cu p\u0142yt s\u0105 zatem ich wysoka i dwustronna si\u0142a klejenia. Ponadto ta\u015bma monta\u017cowa do p\u0142yt powinna by\u0107 \u0142atwa w obs\u0142udze, aby przetwarzanie by\u0142o szybkie, proste i precyzyjne.<\/p>\n<p>Poniewa\u017c w bran\u017cy druku i wyt\u0142aczania istnieje wiele r\u00f3\u017cnych wymaga\u0144, w naszym sklepie posiadamy szereg r\u00f3\u017cnych ta\u015bm do mocowania p\u0142yt, kt\u00f3re z przyjemno\u015bci\u0105 dostosujemy do potrzeb klienta. <a href=\"\/ueber-cardinal\/kontakt\/\">Nasi eksperci ch\u0119tnie doradz\u0105<\/a> w zakresie r\u00f3\u017cnych opcji.<\/p>\n<\/div><\/section><\/div>\n","protected":false},"excerpt":{"rendered":"","protected":false},"author":1,"featured_media":0,"parent":30844,"menu_order":17,"comment_status":"closed","ping_status":"closed","template":"","meta":{"_acf_changed":false,"footnotes":""},"class_list":["post-31853","page","type-page","status-publish","hentry"],"acf":[],"yoast_head":"<!-- This site is optimized with the Yoast SEO plugin v27.3 - https:\/\/yoast.com\/product\/yoast-seo-wordpress\/ -->\n<title>Ta\u015bmy monta\u017cowe do p\u0142yt - cardinal TAPES<\/title>\n<meta name=\"description\" content=\"Ta\u015bmy do mocowania p\u0142yt to ta\u015bmy samoprzylepne stosowane w przemy\u015ble drukarskim do mocowania p\u0142yt. Wi\u0119cej informacji na temat ta\u015bmy mo\u017cna znale\u017a\u0107 tutaj.\" \/>\n<meta name=\"robots\" content=\"index, follow, max-snippet:-1, max-image-preview:large, max-video-preview:-1\" \/>\n<link rel=\"canonical\" href=\"https:\/\/cardinal-tapes.com\/pl\/tasmy-samoprzylepne-pl\/tasma-klejaca-abc\/tasmy-montazowe-do-plyt\/\" \/>\n<meta property=\"og:locale\" content=\"pl_PL\" \/>\n<meta property=\"og:type\" content=\"article\" \/>\n<meta property=\"og:title\" content=\"Ta\u015bmy monta\u017cowe do p\u0142yt - cardinal TAPES\" \/>\n<meta property=\"og:description\" content=\"Ta\u015bmy do mocowania p\u0142yt to ta\u015bmy samoprzylepne stosowane w przemy\u015ble drukarskim do mocowania p\u0142yt. Wi\u0119cej informacji na temat ta\u015bmy mo\u017cna znale\u017a\u0107 tutaj.\" \/>\n<meta property=\"og:url\" content=\"https:\/\/cardinal-tapes.com\/pl\/tasmy-samoprzylepne-pl\/tasma-klejaca-abc\/tasmy-montazowe-do-plyt\/\" \/>\n<meta property=\"og:site_name\" content=\"cardinal TAPES\" \/>\n<meta property=\"article:modified_time\" content=\"2023-06-02T09:12:27+00:00\" \/>\n<meta name=\"twitter:card\" content=\"summary_large_image\" \/>\n<meta name=\"twitter:label1\" content=\"Szacowany czas czytania\" \/>\n\t<meta name=\"twitter:data1\" content=\"9 minut\" \/>\n<script type=\"application\/ld+json\" class=\"yoast-schema-graph\">{\"@context\":\"https:\\\/\\\/schema.org\",\"@graph\":[{\"@type\":\"WebPage\",\"@id\":\"https:\\\/\\\/cardinal-tapes.com\\\/pl\\\/tasmy-samoprzylepne-pl\\\/tasma-klejaca-abc\\\/tasmy-montazowe-do-plyt\\\/\",\"url\":\"https:\\\/\\\/cardinal-tapes.com\\\/pl\\\/tasmy-samoprzylepne-pl\\\/tasma-klejaca-abc\\\/tasmy-montazowe-do-plyt\\\/\",\"name\":\"Ta\u015bmy monta\u017cowe do p\u0142yt - cardinal TAPES\",\"isPartOf\":{\"@id\":\"https:\\\/\\\/cardinal-tapes.com\\\/#website\"},\"datePublished\":\"2018-04-23T08:56:51+00:00\",\"dateModified\":\"2023-06-02T09:12:27+00:00\",\"description\":\"Ta\u015bmy do mocowania p\u0142yt to ta\u015bmy samoprzylepne stosowane w przemy\u015ble drukarskim do mocowania p\u0142yt. Wi\u0119cej informacji na temat ta\u015bmy mo\u017cna znale\u017a\u0107 tutaj.\",\"breadcrumb\":{\"@id\":\"https:\\\/\\\/cardinal-tapes.com\\\/pl\\\/tasmy-samoprzylepne-pl\\\/tasma-klejaca-abc\\\/tasmy-montazowe-do-plyt\\\/#breadcrumb\"},\"inLanguage\":\"pl-PL\",\"potentialAction\":[{\"@type\":\"ReadAction\",\"target\":[\"https:\\\/\\\/cardinal-tapes.com\\\/pl\\\/tasmy-samoprzylepne-pl\\\/tasma-klejaca-abc\\\/tasmy-montazowe-do-plyt\\\/\"]}]},{\"@type\":\"BreadcrumbList\",\"@id\":\"https:\\\/\\\/cardinal-tapes.com\\\/pl\\\/tasmy-samoprzylepne-pl\\\/tasma-klejaca-abc\\\/tasmy-montazowe-do-plyt\\\/#breadcrumb\",\"itemListElement\":[{\"@type\":\"ListItem\",\"position\":1,\"name\":\"Startseite\",\"item\":\"https:\\\/\\\/cardinal-tapes.com\\\/pl\\\/strona-glowna\\\/\"},{\"@type\":\"ListItem\",\"position\":2,\"name\":\"Ta\u015bmy samoprzylepne\",\"item\":\"https:\\\/\\\/cardinal-tapes.com\\\/pl\\\/tasmy-samoprzylepne-pl\\\/\"},{\"@type\":\"ListItem\",\"position\":3,\"name\":\"Ta\u015bma klej\u0105ca ABC\",\"item\":\"https:\\\/\\\/cardinal-tapes.com\\\/pl\\\/tasmy-samoprzylepne-pl__trashed\\\/tasma-klejaca-abc\\\/\"},{\"@type\":\"ListItem\",\"position\":4,\"name\":\"Ta\u015bmy monta\u017cowe do p\u0142yt\"}]},{\"@type\":\"WebSite\",\"@id\":\"https:\\\/\\\/cardinal-tapes.com\\\/#website\",\"url\":\"https:\\\/\\\/cardinal-tapes.com\\\/\",\"name\":\"cardinal TAPES\",\"description\":\"Klebetechnik aus Wuppertal\",\"potentialAction\":[{\"@type\":\"SearchAction\",\"target\":{\"@type\":\"EntryPoint\",\"urlTemplate\":\"https:\\\/\\\/cardinal-tapes.com\\\/?s={search_term_string}\"},\"query-input\":{\"@type\":\"PropertyValueSpecification\",\"valueRequired\":true,\"valueName\":\"search_term_string\"}}],\"inLanguage\":\"pl-PL\"}]}<\/script>\n<!-- \/ Yoast SEO plugin. -->","yoast_head_json":{"title":"Ta\u015bmy monta\u017cowe do p\u0142yt - cardinal TAPES","description":"Ta\u015bmy do mocowania p\u0142yt to ta\u015bmy samoprzylepne stosowane w przemy\u015ble drukarskim do mocowania p\u0142yt. Wi\u0119cej informacji na temat ta\u015bmy mo\u017cna znale\u017a\u0107 tutaj.","robots":{"index":"index","follow":"follow","max-snippet":"max-snippet:-1","max-image-preview":"max-image-preview:large","max-video-preview":"max-video-preview:-1"},"canonical":"https:\/\/cardinal-tapes.com\/pl\/tasmy-samoprzylepne-pl\/tasma-klejaca-abc\/tasmy-montazowe-do-plyt\/","og_locale":"pl_PL","og_type":"article","og_title":"Ta\u015bmy monta\u017cowe do p\u0142yt - cardinal TAPES","og_description":"Ta\u015bmy do mocowania p\u0142yt to ta\u015bmy samoprzylepne stosowane w przemy\u015ble drukarskim do mocowania p\u0142yt. Wi\u0119cej informacji na temat ta\u015bmy mo\u017cna znale\u017a\u0107 tutaj.","og_url":"https:\/\/cardinal-tapes.com\/pl\/tasmy-samoprzylepne-pl\/tasma-klejaca-abc\/tasmy-montazowe-do-plyt\/","og_site_name":"cardinal TAPES","article_modified_time":"2023-06-02T09:12:27+00:00","twitter_card":"summary_large_image","twitter_misc":{"Szacowany czas czytania":"9 minut"},"schema":{"@context":"https:\/\/schema.org","@graph":[{"@type":"WebPage","@id":"https:\/\/cardinal-tapes.com\/pl\/tasmy-samoprzylepne-pl\/tasma-klejaca-abc\/tasmy-montazowe-do-plyt\/","url":"https:\/\/cardinal-tapes.com\/pl\/tasmy-samoprzylepne-pl\/tasma-klejaca-abc\/tasmy-montazowe-do-plyt\/","name":"Ta\u015bmy monta\u017cowe do p\u0142yt - cardinal TAPES","isPartOf":{"@id":"https:\/\/cardinal-tapes.com\/#website"},"datePublished":"2018-04-23T08:56:51+00:00","dateModified":"2023-06-02T09:12:27+00:00","description":"Ta\u015bmy do mocowania p\u0142yt to ta\u015bmy samoprzylepne stosowane w przemy\u015ble drukarskim do mocowania p\u0142yt. Wi\u0119cej informacji na temat ta\u015bmy mo\u017cna znale\u017a\u0107 tutaj.","breadcrumb":{"@id":"https:\/\/cardinal-tapes.com\/pl\/tasmy-samoprzylepne-pl\/tasma-klejaca-abc\/tasmy-montazowe-do-plyt\/#breadcrumb"},"inLanguage":"pl-PL","potentialAction":[{"@type":"ReadAction","target":["https:\/\/cardinal-tapes.com\/pl\/tasmy-samoprzylepne-pl\/tasma-klejaca-abc\/tasmy-montazowe-do-plyt\/"]}]},{"@type":"BreadcrumbList","@id":"https:\/\/cardinal-tapes.com\/pl\/tasmy-samoprzylepne-pl\/tasma-klejaca-abc\/tasmy-montazowe-do-plyt\/#breadcrumb","itemListElement":[{"@type":"ListItem","position":1,"name":"Startseite","item":"https:\/\/cardinal-tapes.com\/pl\/strona-glowna\/"},{"@type":"ListItem","position":2,"name":"Ta\u015bmy samoprzylepne","item":"https:\/\/cardinal-tapes.com\/pl\/tasmy-samoprzylepne-pl\/"},{"@type":"ListItem","position":3,"name":"Ta\u015bma klej\u0105ca ABC","item":"https:\/\/cardinal-tapes.com\/pl\/tasmy-samoprzylepne-pl__trashed\/tasma-klejaca-abc\/"},{"@type":"ListItem","position":4,"name":"Ta\u015bmy monta\u017cowe do p\u0142yt"}]},{"@type":"WebSite","@id":"https:\/\/cardinal-tapes.com\/#website","url":"https:\/\/cardinal-tapes.com\/","name":"cardinal TAPES","description":"Klebetechnik aus Wuppertal","potentialAction":[{"@type":"SearchAction","target":{"@type":"EntryPoint","urlTemplate":"https:\/\/cardinal-tapes.com\/?s={search_term_string}"},"query-input":{"@type":"PropertyValueSpecification","valueRequired":true,"valueName":"search_term_string"}}],"inLanguage":"pl-PL"}]}},"_links":{"self":[{"href":"https:\/\/cardinal-tapes.com\/pl\/wp-json\/wp\/v2\/pages\/31853","targetHints":{"allow":["GET"]}}],"collection":[{"href":"https:\/\/cardinal-tapes.com\/pl\/wp-json\/wp\/v2\/pages"}],"about":[{"href":"https:\/\/cardinal-tapes.com\/pl\/wp-json\/wp\/v2\/types\/page"}],"author":[{"embeddable":true,"href":"https:\/\/cardinal-tapes.com\/pl\/wp-json\/wp\/v2\/users\/1"}],"replies":[{"embeddable":true,"href":"https:\/\/cardinal-tapes.com\/pl\/wp-json\/wp\/v2\/comments?post=31853"}],"version-history":[{"count":0,"href":"https:\/\/cardinal-tapes.com\/pl\/wp-json\/wp\/v2\/pages\/31853\/revisions"}],"up":[{"embeddable":true,"href":"https:\/\/cardinal-tapes.com\/pl\/wp-json\/wp\/v2\/pages\/30844"}],"wp:attachment":[{"href":"https:\/\/cardinal-tapes.com\/pl\/wp-json\/wp\/v2\/media?parent=31853"}],"curies":[{"name":"wp","href":"https:\/\/api.w.org\/{rel}","templated":true}]}}