{"id":31826,"date":"2017-12-19T12:01:46","date_gmt":"2017-12-19T11:01:46","guid":{"rendered":"https:\/\/cardinal.pixel-tal.de\/tasmy-samoprzylepne\/obszary-zastosowania\/przemysl-wlokienniczy\/"},"modified":"2023-06-16T15:59:04","modified_gmt":"2023-06-16T13:59:04","slug":"przemysl-wlokienniczy","status":"publish","type":"page","link":"https:\/\/cardinal-tapes.com\/pl\/tasmy-samoprzylepne-pl\/obszary-zastosowania\/przemysl-wlokienniczy\/","title":{"rendered":"Przemys\u0142 w\u0142\u00f3kienniczy"},"content":{"rendered":"\t\t\t<div class=\"headerimage-section has-image  \">\n\t\t\t\t\t\t\t\t\t\t\t\t<div class=\"headerimage__bg overlay\" style=\"background-image: url('https:\/\/cardinal-tapes.com\/wp-content\/uploads\/cardinal_kopfbild-textilindustrie-scaled.jpg'); background-repeat: no-repeat; background-position: center; background-size: cover;\"><\/div>\n\t\t\t\t\t\t\t\t\t\t\t\t<div class=\"container\">\n\t\t\t\t\t<div class=\"headerimage__inner\">\n\t\t\t\t\t\t<h1 class=\"headerimage__headline\">Ta\u015bmy klej\u0105ce i systemy klej\u0105ce<\/h1>\t\t\t\t\t\t<span class=\"headerimage__subheadline\">dla skutecznej reklamy tekstylnej i opakowa\u0144<\/span>\t\t\t\t\t\t\t\t\t\t\t<\/div>\n\t\t\t\t\t\t\t\t\t<\/div>\n\t\t\t<\/div>\n\t\t\t\n<\/div><\/div><\/div><!-- close content main div --><\/div><\/div><div id='av_section_1'  class='avia-section av-12nlyk-1323df2c4694a7d1dcc690ef979b9541 alternate_color avia-section-default avia-no-border-styling  avia-builder-el-1  el_after_pixel_headimage  el_before_av_section  avia-bg-style-scroll container_wrap fullsize'  ><div class='container av-section-cont-open' ><div class='template-page content  av-content-full alpha units'><div class='post-entry post-entry-type-page post-entry-31826'><div class='entry-content-wrapper clearfix'>\n<div  class='flex_column av-vncxw-ffa7c2038280ec1475e15b60866b9a9b av_two_third  avia-builder-el-2  avia-builder-el-no-sibling  max-width-col two-third first flex_column_div av-animated-generic left-to-right  '     ><p><div class=\"pxl-headline pxl-hl hl-wrap | hl-sub--bot hl--align-left hl--std-margin    \">\n        <div class=\"hl-inner\">\n            <h2 class=\"hl-main hl-line |  hl_main--default  \">Ta\u015bmy samoprzylepne dla przemys\u0142u tekstylnego<\/h2>\n            <span class=\"hl-sub hl-line |  hl_sub--default  \">Wymagaj\u0105ce wymagania, niestandardowe rozwi\u0105zania <\/span>\n    <\/div>\n<\/div>\n<br \/>\n<section  class='av_textblock_section av-lhox4mdg-a0f08b0e7b974d510d5ae102b31e8f1c '   itemscope=\"itemscope\" itemtype=\"https:\/\/schema.org\/CreativeWork\" ><div class='avia_textblock'  itemprop=\"text\" ><p>Gotowa technologia klejenia firmy <a title=\"Dowiedz si\u0119 wi\u0119cej o Cardinal GmbH z Wuppertalu ju\u017c teraz\" href=\"\/ueber-cardinal\/unternehmen\/\">cardinal<\/a> GmbH zosta\u0142a zaprojektowana tak, aby wytrzyma\u0107 specjalne obci\u0105\u017cenia. Ta\u015bmy samoprzylepne z nadrukiem s\u0105 najcz\u0119\u015bciej poszukiwane w przemy\u015ble tekstylnym. Mo\u017cliwe jest drukowanie logo, motyw\u00f3w lub reklam na ta\u015bmach u\u017cywanych do pakowania. Ponadto istnieje mo\u017cliwo\u015b\u0107 drukowania ta\u015bm z numerami taryf celnych lub has\u0142ami takimi jak &#8220;Uwaga delikatne&#8221;.<\/p>\n<p>Skorzystaj z naszego <a href=\"\/ueber-cardinal\/kontakt\/\">formularza zapytania<\/a> lub skontaktuj si\u0119 z nami <a class=\"telelink\" title=\"Porady telefoniczne udzielane przez nasz profesjonalny personel\" href=\"tel:+490202266850\" target=\"_blank\" rel=\"nofollow\">osobi\u015bcie<\/a>. Nasz asortyment produkt\u00f3w jest stale poszerzany i aktualizowany zgodnie z najnowszymi osi\u0105gni\u0119ciami. Zawsze mamy ambicj\u0119, aby znale\u017a\u0107 optymaln\u0105 technik\u0119 klejenia dla Twoich indywidualnych \u017cycze\u0144.<\/p>\n<\/div><\/section><\/p><\/div>\n\n<\/div><\/div><\/div><!-- close content main div --><\/div><\/div><div id='av_section_2'  class='avia-section av-tdfv8-6fcf10deb1dd84f9a133e7637381df7a main_color avia-section-default avia-no-border-styling  avia-builder-el-5  el_after_av_section  avia-builder-el-last  gradient-section avia-bg-style-scroll container_wrap fullsize'  ><div class='container av-section-cont-open' ><div class='template-page content  av-content-full alpha units'><div class='post-entry post-entry-type-page post-entry-31826'><div class='entry-content-wrapper clearfix'>\n<div  class='flex_column av-ix9fg-cdbf796f36b4e3a706f2eb358b6a3fe4 av_one_full  avia-builder-el-6  avia-builder-el-no-sibling  first flex_column_div av-animated-generic left-to-right  '     ><p><div class=\"pxl-headline pxl-hl hl-wrap | hl-sub--bot hl--align-left hl--no-margin    \">\n        <div class=\"hl-inner\">\n            <h2 class=\"hl-main hl-line |  hl_main--default  \">Najwa\u017cniejsze cechy produktu<\/h2>\n            <span class=\"hl-sub hl-line |  hl_sub--default  \">Innowacyjno\u015b\u0107 i wysoka jako\u015b\u0107<\/span>\n    <\/div>\n<\/div>\n<br \/>\n<div   data-autoplay=''  data-interval='5'  data-animation='fade'  data-hoverpause='1'  class='template-shop avia-content-slider avia-content-slider-active avia-product-slider1 avia-content-slider-even  avia-builder-el-8  el_after_pixel_sc_headline  el_before_av_button   shop_columns_4' ><div class='avia-content-slider-inner'><ul class=\"products slide-entry-wrap\"><li class=\"product type-product post-37533 status-publish first instock product_cat-druk-i-grafika product_cat-przemysl-papierniczy product_cat-przemysl-tekstylny product_cat-tasmy-dwustronnie-klejace has-post-thumbnail taxable shipping-taxable purchasable product-type-variable\">\n\t<div class='inner_product main_color wrapped_style noLightbox  av-product-class-no_button'><a href=\"https:\/\/cardinal-tapes.com\/pl\/ta\u015bmy-samoprzylepne\/obszary-zastosowan\/druk-i-grafika\/ca-43-papierowa-tasma-samoprzylepna-z-wlokniny\/\" class=\"woocommerce-LoopProduct-link woocommerce-loop-product__link\"><div class=\"thumbnail_container\"><img decoding=\"async\" loading=\"lazy\" width=\"450\" height=\"450\" src=\"https:\/\/cardinal-tapes.com\/wp-content\/uploads\/CA_43-2_retouched-450x450.jpg\" class=\"wp-image-27098 avia-img-lazy-loading-27098 attachment-shop_catalog size-shop_catalog wp-post-image\" alt=\"CA-43 Ta\u015bma samoprzylepna z w\u0142\u00f3kniny papierowej - dwustronny, Papierowa w\u0142\u00f3knina, Kauczuk syntetyczny - Ilustracja 27098\" srcset=\"https:\/\/cardinal-tapes.com\/wp-content\/uploads\/CA_43-2_retouched-450x450.jpg 450w, https:\/\/cardinal-tapes.com\/wp-content\/uploads\/CA_43-2_retouched-120x120.jpg 120w, https:\/\/cardinal-tapes.com\/wp-content\/uploads\/CA_43-2_retouched-80x80.jpg 80w, https:\/\/cardinal-tapes.com\/wp-content\/uploads\/CA_43-2_retouched-36x36.jpg 36w, https:\/\/cardinal-tapes.com\/wp-content\/uploads\/CA_43-2_retouched-180x180.jpg 180w, https:\/\/cardinal-tapes.com\/wp-content\/uploads\/CA_43-2_retouched-100x100.jpg 100w\" sizes=\"auto, (max-width: 450px) 100vw, 450px\" \/><\/div><div class='inner_product_header'><div class='avia-arrow'><\/div><div class='inner_product_header_table'><div class='inner_product_header_cell'><span class=\"is-h2 woocommerce-loop-product__title\">CA-43 Ta\u015bma samoprzylepna z w\u0142\u00f3kniny papierowej<\/span>\t\t<div class=\"product-infos\">\n\t\t\t\t\t\t\t<span class='product-infos__item'><b>Pow\u0142oka:<\/b> dwustronny<\/span>\n\t\t\t\t\t\t\t\t\t\t<span class='product-infos__item'><b>Rodzaj materia\u0142u:<\/b> Papierowa w\u0142\u00f3knina<\/span>\n\t\t\t\t\t\t\t\t\t\t<span class='product-infos__item'><b>Producent:<\/b> cardinal GmbH<\/span>\n\t\t\t\t\t\t\t\t\t\t<span class='product-infos__item'><b>Cena na \u017c\u0105danie<\/b><\/span>\n\t\t\t\t\t<\/div>\n\t<\/div><\/div><\/div><\/a><\/div><\/li>\n<li class=\"product type-product post-55820 status-publish instock product_cat-tasma-klejaca-do-tkanin product_cat-przemysl-tekstylny product_cat-jednostronne-tasmy-samoprzylepne has-post-thumbnail taxable shipping-taxable purchasable product-type-variable\">\n\t<div class='inner_product main_color wrapped_style noLightbox  av-product-class-no_button'><a href=\"https:\/\/cardinal-tapes.com\/pl\/ta\u015bmy-samoprzylepne\/obszary-zastosowan\/tasma-klejaca-do-tkanin\/ca-32-uncoated-fabric-adhesive-tape\/\" class=\"woocommerce-LoopProduct-link woocommerce-loop-product__link\"><div class=\"thumbnail_container\"><img decoding=\"async\" loading=\"lazy\" width=\"450\" height=\"450\" src=\"https:\/\/cardinal-tapes.com\/wp-content\/uploads\/CA_32_02-2-450x450.jpg\" class=\"wp-image-26854 avia-img-lazy-loading-26854 attachment-shop_catalog size-shop_catalog wp-post-image\" alt=\"CA-32 Ta\u015bma tkaninowa niepowlekana - jednostronny, Tkanina, Kauczuk syntetyczny - Ilustracja 26854\" srcset=\"https:\/\/cardinal-tapes.com\/wp-content\/uploads\/CA_32_02-2-450x450.jpg 450w, https:\/\/cardinal-tapes.com\/wp-content\/uploads\/CA_32_02-2-120x120.jpg 120w, https:\/\/cardinal-tapes.com\/wp-content\/uploads\/CA_32_02-2-80x80.jpg 80w, https:\/\/cardinal-tapes.com\/wp-content\/uploads\/CA_32_02-2-200x200.jpg 200w, https:\/\/cardinal-tapes.com\/wp-content\/uploads\/CA_32_02-2-768x768.jpg 768w, https:\/\/cardinal-tapes.com\/wp-content\/uploads\/CA_32_02-2-1030x1030.jpg 1030w, https:\/\/cardinal-tapes.com\/wp-content\/uploads\/CA_32_02-2-36x36.jpg 36w, https:\/\/cardinal-tapes.com\/wp-content\/uploads\/CA_32_02-2-180x180.jpg 180w, https:\/\/cardinal-tapes.com\/wp-content\/uploads\/CA_32_02-2-705x705.jpg 705w, https:\/\/cardinal-tapes.com\/wp-content\/uploads\/CA_32_02-2-100x100.jpg 100w, https:\/\/cardinal-tapes.com\/wp-content\/uploads\/CA_32_02-2.jpg 1400w\" sizes=\"auto, (max-width: 450px) 100vw, 450px\" \/><\/div><div class='inner_product_header'><div class='avia-arrow'><\/div><div class='inner_product_header_table'><div class='inner_product_header_cell'><span class=\"is-h2 woocommerce-loop-product__title\">CA-32 Ta\u015bma tkaninowa niepowlekana<\/span>\t\t<div class=\"product-infos\">\n\t\t\t\t\t\t\t<span class='product-infos__item'><b>Pow\u0142oka:<\/b> jednostronny<\/span>\n\t\t\t\t\t\t\t\t\t\t<span class='product-infos__item'><b>Rodzaj materia\u0142u:<\/b> Tkanina<\/span>\n\t\t\t\t\t\t\t\t\t\t<span class='product-infos__item'><b>Producent:<\/b> cardinal GmbH<\/span>\n\t\t\t\t\t\t\t\t\t\t<span class='product-infos__item'><b>Cena na \u017c\u0105danie<\/b><\/span>\n\t\t\t\t\t<\/div>\n\t<\/div><\/div><\/div><\/a><\/div><\/li>\n<li class=\"product type-product post-55831 status-publish instock product_cat-przemysl-betonowy product_cat-tasma-klejaca-do-tkanin product_cat-przemysl-tekstylny product_cat-jednostronne-tasmy-samoprzylepne product_cat-tasma-gaffer product_cat-przemysl-budowlany has-post-thumbnail taxable shipping-taxable purchasable product-type-variable\">\n\t<div class='inner_product main_color wrapped_style noLightbox  av-product-class-no_button'><a href=\"https:\/\/cardinal-tapes.com\/pl\/ta\u015bmy-samoprzylepne\/jednostronne-tasmy-samoprzylepne\/tasma-gaffer\/ca-34-pe-coated-fabric-adhesive-tape\/\" class=\"woocommerce-LoopProduct-link woocommerce-loop-product__link\"><div class=\"thumbnail_container\"><img decoding=\"async\" loading=\"lazy\" width=\"450\" height=\"450\" src=\"https:\/\/cardinal-tapes.com\/wp-content\/uploads\/CA_34_02_retouched-450x450.jpg\" class=\"wp-image-26858 avia-img-lazy-loading-26858 attachment-shop_catalog size-shop_catalog wp-post-image\" alt=\"CA-34 Ta\u015bma samoprzylepna z tkaniny powlekanej PE - jednostronny, Tkanina, Kauczuk naturalny - Ilustracja 26858\" srcset=\"https:\/\/cardinal-tapes.com\/wp-content\/uploads\/CA_34_02_retouched-450x450.jpg 450w, https:\/\/cardinal-tapes.com\/wp-content\/uploads\/CA_34_02_retouched-120x120.jpg 120w, https:\/\/cardinal-tapes.com\/wp-content\/uploads\/CA_34_02_retouched-80x80.jpg 80w, https:\/\/cardinal-tapes.com\/wp-content\/uploads\/CA_34_02_retouched-36x36.jpg 36w, https:\/\/cardinal-tapes.com\/wp-content\/uploads\/CA_34_02_retouched-180x180.jpg 180w, https:\/\/cardinal-tapes.com\/wp-content\/uploads\/CA_34_02_retouched-100x100.jpg 100w\" sizes=\"auto, (max-width: 450px) 100vw, 450px\" \/><\/div><div class='inner_product_header'><div class='avia-arrow'><\/div><div class='inner_product_header_table'><div class='inner_product_header_cell'><span class=\"is-h2 woocommerce-loop-product__title\">CA-34 Ta\u015bma samoprzylepna z tkaniny powlekanej PE<\/span>\t\t<div class=\"product-infos\">\n\t\t\t\t\t\t\t<span class='product-infos__item'><b>Pow\u0142oka:<\/b> jednostronny<\/span>\n\t\t\t\t\t\t\t\t\t\t<span class='product-infos__item'><b>Rodzaj materia\u0142u:<\/b> Tkanina<\/span>\n\t\t\t\t\t\t\t\t\t\t<span class='product-infos__item'><b>Producent:<\/b> cardinal GmbH<\/span>\n\t\t\t\t\t\t\t\t\t\t<span class='product-infos__item'><b>Cena na \u017c\u0105danie<\/b><\/span>\n\t\t\t\t\t<\/div>\n\t<\/div><\/div><\/div><\/a><\/div><\/li>\n<li class=\"product type-product post-46082 status-publish last instock product_cat-przemysl-tekstylny product_cat-tasmy-dwustronnie-klejace has-post-thumbnail taxable shipping-taxable purchasable product-type-variable\">\n\t<div class='inner_product main_color wrapped_style noLightbox  av-product-class-no_button'><a href=\"https:\/\/cardinal-tapes.com\/pl\/ta\u015bmy-samoprzylepne\/obszary-zastosowan\/przemysl-tekstylny\/tasma-samoprzylepna-do-tkanin-ca-45\/\" class=\"woocommerce-LoopProduct-link woocommerce-loop-product__link\"><div class=\"thumbnail_container\"><img decoding=\"async\" loading=\"lazy\" width=\"450\" height=\"450\" src=\"https:\/\/cardinal-tapes.com\/wp-content\/uploads\/CA_45_retouched-450x450.jpg\" class=\"wp-image-27102 avia-img-lazy-loading-27102 attachment-shop_catalog size-shop_catalog wp-post-image\" alt=\"Ta\u015bma klej\u0105ca do tkanin CA-45 - dwustronny, Folia PET, Tkanina, Kauczuk syntetyczny - Ilustracja 27102\" srcset=\"https:\/\/cardinal-tapes.com\/wp-content\/uploads\/CA_45_retouched-450x450.jpg 450w, https:\/\/cardinal-tapes.com\/wp-content\/uploads\/CA_45_retouched-120x120.jpg 120w, https:\/\/cardinal-tapes.com\/wp-content\/uploads\/CA_45_retouched-100x100.jpg 100w, https:\/\/cardinal-tapes.com\/wp-content\/uploads\/CA_45_retouched-80x80.jpg 80w, https:\/\/cardinal-tapes.com\/wp-content\/uploads\/CA_45_retouched-36x36.jpg 36w, https:\/\/cardinal-tapes.com\/wp-content\/uploads\/CA_45_retouched-180x180.jpg 180w\" sizes=\"auto, (max-width: 450px) 100vw, 450px\" \/><\/div><div class='inner_product_header'><div class='avia-arrow'><\/div><div class='inner_product_header_table'><div class='inner_product_header_cell'><span class=\"is-h2 woocommerce-loop-product__title\">Ta\u015bma klej\u0105ca do tkanin CA-45<\/span>\t\t<div class=\"product-infos\">\n\t\t\t\t\t\t\t<span class='product-infos__item'><b>Pow\u0142oka:<\/b> dwustronny<\/span>\n\t\t\t\t\t\t\t\t\t\t<span class='product-infos__item'><b>Rodzaj materia\u0142u:<\/b> Folia PET, Tkanina<\/span>\n\t\t\t\t\t\t\t\t\t\t<span class='product-infos__item'><b>Producent:<\/b> cardinal GmbH<\/span>\n\t\t\t\t\t\t\t\t\t\t<span class='product-infos__item'><b>Cena na \u017c\u0105danie<\/b><\/span>\n\t\t\t\t\t<\/div>\n\t<\/div><\/div><\/div><\/a><\/div><\/li>\n<\/ul><\/div><\/div><div class=\"clear\"><\/div><br \/>\n<div  class='avia-button-wrap av-t97g-67f28a671535b97fe01b5b70a6158014-wrap avia-button-left '><a href='https:\/\/cardinal-tapes.com\/pl\/tasmy-samoprzylepne-pl\/'  class='avia-button av-t97g-67f28a671535b97fe01b5b70a6158014 avia-icon_select-no avia-size-medium avia-position-left avia-color-theme-color layout-border color-white'  ><span class='avia_iconbox_title' >Wszystkie produkty<\/span><\/a><\/div><\/p><\/div>\n","protected":false},"excerpt":{"rendered":"","protected":false},"author":1,"featured_media":0,"parent":30840,"menu_order":14,"comment_status":"closed","ping_status":"closed","template":"","meta":{"_acf_changed":false,"footnotes":""},"class_list":["post-31826","page","type-page","status-publish","hentry"],"acf":[],"yoast_head":"<!-- This site is optimized with the Yoast SEO plugin v27.3 - https:\/\/yoast.com\/product\/yoast-seo-wordpress\/ -->\n<title>Ta\u015bmy klej\u0105ce dla przemys\u0142u tekstylnego | cardinal TAPES<\/title>\n<meta name=\"description\" content=\". Ta\u015bmy samoprzylepne z nadrukiem s\u0105 najcz\u0119\u015bciej poszukiwane w przemy\u015ble tekstylnym. Znajdujemy odpowiedni produkt dla ka\u017cdego indywidualnego wymagania.\" \/>\n<meta name=\"robots\" content=\"index, follow, max-snippet:-1, max-image-preview:large, max-video-preview:-1\" \/>\n<link rel=\"canonical\" href=\"https:\/\/cardinal-tapes.com\/pl\/tasmy-samoprzylepne-pl\/obszary-zastosowania\/przemysl-wlokienniczy\/\" \/>\n<meta property=\"og:locale\" content=\"pl_PL\" \/>\n<meta property=\"og:type\" content=\"article\" \/>\n<meta property=\"og:title\" content=\"Ta\u015bmy klej\u0105ce dla przemys\u0142u tekstylnego | cardinal TAPES\" \/>\n<meta property=\"og:description\" content=\". Ta\u015bmy samoprzylepne z nadrukiem s\u0105 najcz\u0119\u015bciej poszukiwane w przemy\u015ble tekstylnym. Znajdujemy odpowiedni produkt dla ka\u017cdego indywidualnego wymagania.\" \/>\n<meta property=\"og:url\" content=\"https:\/\/cardinal-tapes.com\/pl\/tasmy-samoprzylepne-pl\/obszary-zastosowania\/przemysl-wlokienniczy\/\" \/>\n<meta property=\"og:site_name\" content=\"cardinal TAPES\" \/>\n<meta property=\"article:modified_time\" content=\"2023-06-16T13:59:04+00:00\" \/>\n<meta name=\"twitter:card\" content=\"summary_large_image\" \/>\n<meta name=\"twitter:label1\" content=\"Szacowany czas czytania\" \/>\n\t<meta name=\"twitter:data1\" content=\"4 minuty\" \/>\n<script type=\"application\/ld+json\" class=\"yoast-schema-graph\">{\"@context\":\"https:\\\/\\\/schema.org\",\"@graph\":[{\"@type\":\"WebPage\",\"@id\":\"https:\\\/\\\/cardinal-tapes.com\\\/pl\\\/tasmy-samoprzylepne-pl\\\/obszary-zastosowania\\\/przemysl-wlokienniczy\\\/\",\"url\":\"https:\\\/\\\/cardinal-tapes.com\\\/pl\\\/tasmy-samoprzylepne-pl\\\/obszary-zastosowania\\\/przemysl-wlokienniczy\\\/\",\"name\":\"Ta\u015bmy klej\u0105ce dla przemys\u0142u tekstylnego | cardinal TAPES\",\"isPartOf\":{\"@id\":\"https:\\\/\\\/cardinal-tapes.com\\\/#website\"},\"datePublished\":\"2017-12-19T11:01:46+00:00\",\"dateModified\":\"2023-06-16T13:59:04+00:00\",\"description\":\". Ta\u015bmy samoprzylepne z nadrukiem s\u0105 najcz\u0119\u015bciej poszukiwane w przemy\u015ble tekstylnym. Znajdujemy odpowiedni produkt dla ka\u017cdego indywidualnego wymagania.\",\"breadcrumb\":{\"@id\":\"https:\\\/\\\/cardinal-tapes.com\\\/pl\\\/tasmy-samoprzylepne-pl\\\/obszary-zastosowania\\\/przemysl-wlokienniczy\\\/#breadcrumb\"},\"inLanguage\":\"pl-PL\",\"potentialAction\":[{\"@type\":\"ReadAction\",\"target\":[\"https:\\\/\\\/cardinal-tapes.com\\\/pl\\\/tasmy-samoprzylepne-pl\\\/obszary-zastosowania\\\/przemysl-wlokienniczy\\\/\"]}]},{\"@type\":\"BreadcrumbList\",\"@id\":\"https:\\\/\\\/cardinal-tapes.com\\\/pl\\\/tasmy-samoprzylepne-pl\\\/obszary-zastosowania\\\/przemysl-wlokienniczy\\\/#breadcrumb\",\"itemListElement\":[{\"@type\":\"ListItem\",\"position\":1,\"name\":\"Startseite\",\"item\":\"https:\\\/\\\/cardinal-tapes.com\\\/pl\\\/strona-glowna\\\/\"},{\"@type\":\"ListItem\",\"position\":2,\"name\":\"Ta\u015bmy samoprzylepne\",\"item\":\"https:\\\/\\\/cardinal-tapes.com\\\/pl\\\/tasmy-samoprzylepne-pl\\\/\"},{\"@type\":\"ListItem\",\"position\":3,\"name\":\"Obszary zastosowania\",\"item\":\"https:\\\/\\\/cardinal-tapes.com\\\/pl\\\/tasmy-samoprzylepne-pl__trashed\\\/obszary-zastosowania\\\/\"},{\"@type\":\"ListItem\",\"position\":4,\"name\":\"Przemys\u0142 w\u0142\u00f3kienniczy\"}]},{\"@type\":\"WebSite\",\"@id\":\"https:\\\/\\\/cardinal-tapes.com\\\/#website\",\"url\":\"https:\\\/\\\/cardinal-tapes.com\\\/\",\"name\":\"cardinal TAPES\",\"description\":\"Klebetechnik aus Wuppertal\",\"potentialAction\":[{\"@type\":\"SearchAction\",\"target\":{\"@type\":\"EntryPoint\",\"urlTemplate\":\"https:\\\/\\\/cardinal-tapes.com\\\/?s={search_term_string}\"},\"query-input\":{\"@type\":\"PropertyValueSpecification\",\"valueRequired\":true,\"valueName\":\"search_term_string\"}}],\"inLanguage\":\"pl-PL\"}]}<\/script>\n<!-- \/ Yoast SEO plugin. -->","yoast_head_json":{"title":"Ta\u015bmy klej\u0105ce dla przemys\u0142u tekstylnego | cardinal TAPES","description":". Ta\u015bmy samoprzylepne z nadrukiem s\u0105 najcz\u0119\u015bciej poszukiwane w przemy\u015ble tekstylnym. Znajdujemy odpowiedni produkt dla ka\u017cdego indywidualnego wymagania.","robots":{"index":"index","follow":"follow","max-snippet":"max-snippet:-1","max-image-preview":"max-image-preview:large","max-video-preview":"max-video-preview:-1"},"canonical":"https:\/\/cardinal-tapes.com\/pl\/tasmy-samoprzylepne-pl\/obszary-zastosowania\/przemysl-wlokienniczy\/","og_locale":"pl_PL","og_type":"article","og_title":"Ta\u015bmy klej\u0105ce dla przemys\u0142u tekstylnego | cardinal TAPES","og_description":". Ta\u015bmy samoprzylepne z nadrukiem s\u0105 najcz\u0119\u015bciej poszukiwane w przemy\u015ble tekstylnym. Znajdujemy odpowiedni produkt dla ka\u017cdego indywidualnego wymagania.","og_url":"https:\/\/cardinal-tapes.com\/pl\/tasmy-samoprzylepne-pl\/obszary-zastosowania\/przemysl-wlokienniczy\/","og_site_name":"cardinal TAPES","article_modified_time":"2023-06-16T13:59:04+00:00","twitter_card":"summary_large_image","twitter_misc":{"Szacowany czas czytania":"4 minuty"},"schema":{"@context":"https:\/\/schema.org","@graph":[{"@type":"WebPage","@id":"https:\/\/cardinal-tapes.com\/pl\/tasmy-samoprzylepne-pl\/obszary-zastosowania\/przemysl-wlokienniczy\/","url":"https:\/\/cardinal-tapes.com\/pl\/tasmy-samoprzylepne-pl\/obszary-zastosowania\/przemysl-wlokienniczy\/","name":"Ta\u015bmy klej\u0105ce dla przemys\u0142u tekstylnego | cardinal TAPES","isPartOf":{"@id":"https:\/\/cardinal-tapes.com\/#website"},"datePublished":"2017-12-19T11:01:46+00:00","dateModified":"2023-06-16T13:59:04+00:00","description":". Ta\u015bmy samoprzylepne z nadrukiem s\u0105 najcz\u0119\u015bciej poszukiwane w przemy\u015ble tekstylnym. Znajdujemy odpowiedni produkt dla ka\u017cdego indywidualnego wymagania.","breadcrumb":{"@id":"https:\/\/cardinal-tapes.com\/pl\/tasmy-samoprzylepne-pl\/obszary-zastosowania\/przemysl-wlokienniczy\/#breadcrumb"},"inLanguage":"pl-PL","potentialAction":[{"@type":"ReadAction","target":["https:\/\/cardinal-tapes.com\/pl\/tasmy-samoprzylepne-pl\/obszary-zastosowania\/przemysl-wlokienniczy\/"]}]},{"@type":"BreadcrumbList","@id":"https:\/\/cardinal-tapes.com\/pl\/tasmy-samoprzylepne-pl\/obszary-zastosowania\/przemysl-wlokienniczy\/#breadcrumb","itemListElement":[{"@type":"ListItem","position":1,"name":"Startseite","item":"https:\/\/cardinal-tapes.com\/pl\/strona-glowna\/"},{"@type":"ListItem","position":2,"name":"Ta\u015bmy samoprzylepne","item":"https:\/\/cardinal-tapes.com\/pl\/tasmy-samoprzylepne-pl\/"},{"@type":"ListItem","position":3,"name":"Obszary zastosowania","item":"https:\/\/cardinal-tapes.com\/pl\/tasmy-samoprzylepne-pl__trashed\/obszary-zastosowania\/"},{"@type":"ListItem","position":4,"name":"Przemys\u0142 w\u0142\u00f3kienniczy"}]},{"@type":"WebSite","@id":"https:\/\/cardinal-tapes.com\/#website","url":"https:\/\/cardinal-tapes.com\/","name":"cardinal TAPES","description":"Klebetechnik aus Wuppertal","potentialAction":[{"@type":"SearchAction","target":{"@type":"EntryPoint","urlTemplate":"https:\/\/cardinal-tapes.com\/?s={search_term_string}"},"query-input":{"@type":"PropertyValueSpecification","valueRequired":true,"valueName":"search_term_string"}}],"inLanguage":"pl-PL"}]}},"_links":{"self":[{"href":"https:\/\/cardinal-tapes.com\/pl\/wp-json\/wp\/v2\/pages\/31826","targetHints":{"allow":["GET"]}}],"collection":[{"href":"https:\/\/cardinal-tapes.com\/pl\/wp-json\/wp\/v2\/pages"}],"about":[{"href":"https:\/\/cardinal-tapes.com\/pl\/wp-json\/wp\/v2\/types\/page"}],"author":[{"embeddable":true,"href":"https:\/\/cardinal-tapes.com\/pl\/wp-json\/wp\/v2\/users\/1"}],"replies":[{"embeddable":true,"href":"https:\/\/cardinal-tapes.com\/pl\/wp-json\/wp\/v2\/comments?post=31826"}],"version-history":[{"count":0,"href":"https:\/\/cardinal-tapes.com\/pl\/wp-json\/wp\/v2\/pages\/31826\/revisions"}],"up":[{"embeddable":true,"href":"https:\/\/cardinal-tapes.com\/pl\/wp-json\/wp\/v2\/pages\/30840"}],"wp:attachment":[{"href":"https:\/\/cardinal-tapes.com\/pl\/wp-json\/wp\/v2\/media?parent=31826"}],"curies":[{"name":"wp","href":"https:\/\/api.w.org\/{rel}","templated":true}]}}