{"id":31746,"date":"2023-06-02T10:59:53","date_gmt":"2023-06-02T08:59:53","guid":{"rendered":"https:\/\/cardinal.pixel-tal.de\/tasmy-samoprzylepne\/tasma-klejaca-abc\/kleje-w-plynie\/"},"modified":"2023-06-14T10:47:22","modified_gmt":"2023-06-14T08:47:22","slug":"kleje-w-plynie","status":"publish","type":"page","link":"https:\/\/cardinal-tapes.com\/pl\/tasmy-samoprzylepne-pl\/tasma-klejaca-abc\/kleje-w-plynie\/","title":{"rendered":"Kleje w p\u0142ynie"},"content":{"rendered":"<div id='av_section_1'  class='avia-section av-cs8d62-27ab67ed7d74aef49f4db39044ffe230 alternate_color avia-section-default avia-no-border-styling  avia-builder-el-0  el_before_av_section  avia-builder-el-first  avia-bg-style-scroll container_wrap fullsize'  ><div class='container av-section-cont-open' ><main  role=\"main\" itemprop=\"mainContentOfPage\"  class='template-page content  av-content-full alpha units'><div class='post-entry post-entry-type-page post-entry-31746'><div class='entry-content-wrapper clearfix'>\n<div  class='flex_column av-116ta2-1b6d7d5e6ce972ebc1d9cd3c6f3fd39d av_one_full  avia-builder-el-1  el_before_av_one_half  avia-builder-el-first  first flex_column_div  '     ><div class=\"pxl-headline pxl-hl hl-wrap | hl-sub--off hl--align-left hl--no-margin    \">\n        <div class=\"hl-inner\">\n            <h2 class=\"hl-main hl-line |  hl_main--default  \">Kleje w p\u0142ynie<\/h2>\n            \n    <\/div>\n<\/div><\/div><div  class='flex_column av-9ppvuy-1aa34d3dd7061d68f727cd35d7075b1b av_one_half  avia-builder-el-3  el_after_av_one_full  el_before_av_one_half  first flex_column_div  column-top-margin'     ><section  class='av_textblock_section av-bin7dm-d89811aeab65aec347688f3cbfa9e278 '   itemscope=\"itemscope\" itemtype=\"https:\/\/schema.org\/CreativeWork\" ><div class='avia_textblock'  itemprop=\"text\" ><p>Nasze kleje w p\u0142ynie s\u0105 stosowane, gdy klienci oczekuj\u0105 natychmiastowej przyczepno\u015bci. \u0141atwa obs\u0142uga oraz szybko osi\u0105gana przyczepno\u015b\u0107 ko\u0144cowa to wyra\u017ane zalety naszych p\u0142ynnych klej\u00f3w. Jako wyspecjalizowany dystrybutor p\u0142ynnych klej\u00f3w, cardinal TAPES mo\u017ce dzia\u0142a\u0107 szczeg\u00f3lnie szybko i elastycznie dla klienta na rynku z kr\u00f3tkimi \u015bcie\u017ckami decyzyjnymi.<\/p>\n<\/div><\/section><\/div><div  class='flex_column av-86naei-a77a4f13ed107bade0b0b33e5384a106 av_one_half  avia-builder-el-5  el_after_av_one_half  avia-builder-el-last  flex_column_div  column-top-margin'     ><section  class='av_textblock_section av-875xp6-f83a70122c7db6385b1050efe9582e88 '   itemscope=\"itemscope\" itemtype=\"https:\/\/schema.org\/CreativeWork\" ><div class='avia_textblock'  itemprop=\"text\" ><h4>Nasze kleje w p\u0142ynie<\/h4>\n<p>Nasza oferta produkt\u00f3w jest stale poszerzana, a tym samym stale aktualizowana o najnowsze osi\u0105gni\u0119cia. Nasze \u017cywice impregnuj\u0105ce, kleje utwardzane promieniami UV, kleje cyjanoakrylowe oraz kleje epoksydowe i poliuretanowe s\u0105 stosowane w wielu r\u00f3\u017cnych dziedzinach. Nasze kleje s\u0105 stosowane na przyk\u0142ad do obr\u00f3bki powierzchni, uszczelniania powierzchni, klejenia i uszczelniania szk\u0142a, a tak\u017ce naprawy okien.<\/p>\n<p>Poni\u017csza lista naszych p\u0142ynnych klej\u00f3w s\u0142u\u017cy jako og\u00f3lny przegl\u0105d, znajdziesz tu wyb\u00f3r ta\u015bm samoprzylepnych, kt\u00f3re zosta\u0142y opracowane dla konkretnych zastosowa\u0144 i klient\u00f3w. Je\u015bli nie znajdziesz tutaj odpowiedniego rozwi\u0105zania dla swoich specjalnych wymaga\u0144, skontaktuj si\u0119 z nami <a href=\"\/ueber-cardinal\/kontakt\/\">osobi\u015bcie<\/a>.<\/p>\n<\/div><\/section><\/div>\n\n<\/div><\/div><\/main><!-- close content main element --><\/div><\/div><div id='av_section_2'  class='avia-section av-67mhne-0a2b0f556d4df003e2177de9c9a57980 main_color avia-section-default avia-no-border-styling  avia-builder-el-7  el_after_av_section  avia-builder-el-last  gradient-section avia-bg-style-scroll container_wrap fullsize'  ><div class='container av-section-cont-open' ><div class='template-page content  av-content-full alpha units'><div class='post-entry post-entry-type-page post-entry-31746'><div class='entry-content-wrapper clearfix'>\n<div  class='flex_column av-4mu5yy-fc8e44d14c65d37f6b3b83ad9ff85f22 av_one_full  avia-builder-el-8  avia-builder-el-no-sibling  first flex_column_div  '     ><p><div class=\"pxl-headline pxl-hl hl-wrap | hl-sub--off hl--align-left hl--no-margin    \">\n        <div class=\"hl-inner\">\n            <h2 class=\"hl-main hl-line |  hl_main--default  \">Interesuj\u0105ce produkty<\/h2>\n            \n    <\/div>\n<\/div>\n<br \/>\n<div   data-autoplay=''  data-interval='5'  data-animation='fade'  data-hoverpause='1'  class='template-shop avia-content-slider avia-content-slider-active avia-product-slider1 avia-content-slider-even  avia-builder-el-10  el_after_pixel_sc_headline  el_before_av_button   shop_columns_4' ><div class='avia-content-slider-inner'><ul class=\"products slide-entry-wrap\"><li class=\"product type-product post-51589 status-publish first instock product_cat-kleje-w-plynie product_cat-kleje has-post-thumbnail taxable shipping-taxable purchasable product-type-simple\">\n\t<div class='inner_product main_color wrapped_style noLightbox  av-product-class-no_button'><a href=\"https:\/\/cardinal-tapes.com\/pl\/ta\u015bmy-samoprzylepne\/kleje-w-plynie\/kleje\/3m-industrial-cleaner\/\" class=\"woocommerce-LoopProduct-link woocommerce-loop-product__link\"><div class=\"thumbnail_container\"><img decoding=\"async\" loading=\"lazy\" width=\"180\" height=\"300\" src=\"https:\/\/cardinal-tapes.com\/wp-content\/uploads\/3m-ic-photo-500-ml-fb-180x300.jpg\" class=\"wp-image-27334 avia-img-lazy-loading-27334 attachment-shop_catalog size-shop_catalog wp-post-image\" alt=\"3M\u2122 Przemys\u0142owy \u015brodek czyszcz\u0105cy - , ,  - Ilustracja 27334\" \/><span class=\"cart-loading\"><\/span><\/div><div class='inner_product_header'><div class='avia-arrow'><\/div><div class='inner_product_header_table'><div class='inner_product_header_cell'><span class=\"is-h2 woocommerce-loop-product__title\">3M\u2122 Przemys\u0142owy \u015brodek czyszcz\u0105cy<\/span>\t\t<div class=\"product-infos\">\n\t\t\t\t\t\t\t\t\t\t\t\t\t<span class='product-infos__item'><b>Producent:<\/b> 3M<\/span>\n\t\t\t\t\t\t\t\t\t\t<span class='product-infos__item'><b>Cena na \u017c\u0105danie<\/b><\/span>\n\t\t\t\t\t<\/div>\n\t<\/div><\/div><\/div><\/a><\/div><\/li>\n<li class=\"product type-product post-60346 status-publish instock product_cat-kleje has-post-thumbnail taxable shipping-taxable purchasable product-type-simple\">\n\t<div class='inner_product main_color wrapped_style noLightbox  av-product-class-no_button'><a href=\"https:\/\/cardinal-tapes.com\/pl\/ta\u015bmy-samoprzylepne\/kleje-w-plynie\/kleje\/3m-76-klej-w-aerozolu-na-bazie-elastomerow-syntetycznych\/\" class=\"woocommerce-LoopProduct-link woocommerce-loop-product__link\"><div class=\"thumbnail_container\"><img decoding=\"async\" loading=\"lazy\" width=\"450\" height=\"450\" src=\"https:\/\/cardinal-tapes.com\/wp-content\/uploads\/3m_aerosol-klebstoff_76-450x450.jpg\" class=\"wp-image-25462 avia-img-lazy-loading-25462 attachment-shop_catalog size-shop_catalog wp-post-image\" alt=\"3M\u2122 76 Klej w aerozolu na bazie syntetycznych elastomer\u00f3w - , , Elastomery - Ilustracja 25462\" srcset=\"https:\/\/cardinal-tapes.com\/wp-content\/uploads\/3m_aerosol-klebstoff_76-450x450.jpg 450w, https:\/\/cardinal-tapes.com\/wp-content\/uploads\/3m_aerosol-klebstoff_76-120x120.jpg 120w, https:\/\/cardinal-tapes.com\/wp-content\/uploads\/3m_aerosol-klebstoff_76-80x80.jpg 80w, https:\/\/cardinal-tapes.com\/wp-content\/uploads\/3m_aerosol-klebstoff_76-200x200.jpg 200w, https:\/\/cardinal-tapes.com\/wp-content\/uploads\/3m_aerosol-klebstoff_76-36x36.jpg 36w, https:\/\/cardinal-tapes.com\/wp-content\/uploads\/3m_aerosol-klebstoff_76-180x180.jpg 180w, https:\/\/cardinal-tapes.com\/wp-content\/uploads\/3m_aerosol-klebstoff_76-100x100.jpg 100w, https:\/\/cardinal-tapes.com\/wp-content\/uploads\/3m_aerosol-klebstoff_76.jpg 600w\" sizes=\"auto, (max-width: 450px) 100vw, 450px\" \/><span class=\"cart-loading\"><\/span><\/div><div class='inner_product_header'><div class='avia-arrow'><\/div><div class='inner_product_header_table'><div class='inner_product_header_cell'><span class=\"is-h2 woocommerce-loop-product__title\">3M\u2122 76 Klej w aerozolu na bazie syntetycznych elastomer\u00f3w<\/span>\t\t<div class=\"product-infos\">\n\t\t\t\t\t\t\t\t\t\t\t\t\t<span class='product-infos__item'><b>Producent:<\/b> 3M<\/span>\n\t\t\t\t\t\t\t\t\t\t<span class='product-infos__item'><b>Cena na \u017c\u0105danie<\/b><\/span>\n\t\t\t\t\t<\/div>\n\t<\/div><\/div><\/div><\/a><\/div><\/li>\n<li class=\"product type-product post-60344 status-publish instock product_cat-kleje has-post-thumbnail taxable shipping-taxable purchasable product-type-simple\">\n\t<div class='inner_product main_color wrapped_style noLightbox  av-product-class-no_button'><a href=\"https:\/\/cardinal-tapes.com\/pl\/ta\u015bmy-samoprzylepne\/kleje-w-plynie\/kleje\/3m-80-klej-w-aerozolu-na-bazie-polichloroprenu\/\" class=\"woocommerce-LoopProduct-link woocommerce-loop-product__link\"><div class=\"thumbnail_container\"><img decoding=\"async\" loading=\"lazy\" width=\"450\" height=\"450\" src=\"https:\/\/cardinal-tapes.com\/wp-content\/uploads\/3m_aerosol-klebstoff_80-450x450.jpg\" class=\"wp-image-25482 avia-img-lazy-loading-25482 attachment-shop_catalog size-shop_catalog wp-post-image\" alt=\"Klej na bazie polichloroprenu 3M\u2122 80 Aaerosol - , ,  - Ilustracja 25482\" srcset=\"https:\/\/cardinal-tapes.com\/wp-content\/uploads\/3m_aerosol-klebstoff_80-450x450.jpg 450w, https:\/\/cardinal-tapes.com\/wp-content\/uploads\/3m_aerosol-klebstoff_80-120x120.jpg 120w, https:\/\/cardinal-tapes.com\/wp-content\/uploads\/3m_aerosol-klebstoff_80-80x80.jpg 80w, https:\/\/cardinal-tapes.com\/wp-content\/uploads\/3m_aerosol-klebstoff_80-200x200.jpg 200w, https:\/\/cardinal-tapes.com\/wp-content\/uploads\/3m_aerosol-klebstoff_80-36x36.jpg 36w, https:\/\/cardinal-tapes.com\/wp-content\/uploads\/3m_aerosol-klebstoff_80-180x180.jpg 180w, https:\/\/cardinal-tapes.com\/wp-content\/uploads\/3m_aerosol-klebstoff_80-100x100.jpg 100w, https:\/\/cardinal-tapes.com\/wp-content\/uploads\/3m_aerosol-klebstoff_80.jpg 600w\" sizes=\"auto, (max-width: 450px) 100vw, 450px\" \/><span class=\"cart-loading\"><\/span><\/div><div class='inner_product_header'><div class='avia-arrow'><\/div><div class='inner_product_header_table'><div class='inner_product_header_cell'><span class=\"is-h2 woocommerce-loop-product__title\">Klej na bazie polichloroprenu 3M\u2122 80 Aaerosol<\/span>\t\t<div class=\"product-infos\">\n\t\t\t\t\t\t\t\t\t\t\t\t\t<span class='product-infos__item'><b>Producent:<\/b> 3M<\/span>\n\t\t\t\t\t\t\t\t\t\t<span class='product-infos__item'><b>Cena na \u017c\u0105danie<\/b><\/span>\n\t\t\t\t\t<\/div>\n\t<\/div><\/div><\/div><\/a><\/div><\/li>\n<li class=\"product type-product post-60350 status-publish last instock product_cat-kleje has-post-thumbnail taxable shipping-taxable purchasable product-type-simple\">\n\t<div class='inner_product main_color wrapped_style noLightbox  av-product-class-no_button'><a href=\"https:\/\/cardinal-tapes.com\/pl\/ta\u015bmy-samoprzylepne\/kleje-w-plynie\/kleje\/3m-75-klej-w-aerozolu-na-bazie-elastomerow-syntetycznych\/\" class=\"woocommerce-LoopProduct-link woocommerce-loop-product__link\"><div class=\"thumbnail_container\"><img decoding=\"async\" loading=\"lazy\" width=\"450\" height=\"450\" src=\"https:\/\/cardinal-tapes.com\/wp-content\/uploads\/3m_aerosol-klebstoff_75-450x450.jpg\" class=\"wp-image-25486 avia-img-lazy-loading-25486 attachment-shop_catalog size-shop_catalog wp-post-image\" alt=\"3M\u2122 75 Klej w aerozolu na bazie syntetycznych elastomer\u00f3w - , , Elastomery - Ilustracja 25486\" srcset=\"https:\/\/cardinal-tapes.com\/wp-content\/uploads\/3m_aerosol-klebstoff_75-450x450.jpg 450w, https:\/\/cardinal-tapes.com\/wp-content\/uploads\/3m_aerosol-klebstoff_75-120x120.jpg 120w, https:\/\/cardinal-tapes.com\/wp-content\/uploads\/3m_aerosol-klebstoff_75-80x80.jpg 80w, https:\/\/cardinal-tapes.com\/wp-content\/uploads\/3m_aerosol-klebstoff_75-200x200.jpg 200w, https:\/\/cardinal-tapes.com\/wp-content\/uploads\/3m_aerosol-klebstoff_75-36x36.jpg 36w, https:\/\/cardinal-tapes.com\/wp-content\/uploads\/3m_aerosol-klebstoff_75-180x180.jpg 180w, https:\/\/cardinal-tapes.com\/wp-content\/uploads\/3m_aerosol-klebstoff_75-100x100.jpg 100w, https:\/\/cardinal-tapes.com\/wp-content\/uploads\/3m_aerosol-klebstoff_75.jpg 600w\" sizes=\"auto, (max-width: 450px) 100vw, 450px\" \/><span class=\"cart-loading\"><\/span><\/div><div class='inner_product_header'><div class='avia-arrow'><\/div><div class='inner_product_header_table'><div class='inner_product_header_cell'><span class=\"is-h2 woocommerce-loop-product__title\">3M\u2122 75 Klej w aerozolu na bazie syntetycznych elastomer\u00f3w<\/span>\t\t<div class=\"product-infos\">\n\t\t\t\t\t\t\t\t\t\t\t\t\t<span class='product-infos__item'><b>Producent:<\/b> 3M<\/span>\n\t\t\t\t\t\t\t\t\t\t<span class='product-infos__item'><b>Cena na \u017c\u0105danie<\/b><\/span>\n\t\t\t\t\t<\/div>\n\t<\/div><\/div><\/div><\/a><\/div><\/li>\n<\/ul><\/div><\/div><div class=\"clear\"><\/div><br \/>\n<div  class='avia-button-wrap av-1u0eoa-f49e629c22c719b0e19af600bf0ab442-wrap avia-button-left '><a href='https:\/\/cardinal-tapes.com\/klebebaender\/'  class='avia-button av-1u0eoa-f49e629c22c719b0e19af600bf0ab442 avia-icon_select-no avia-size-medium avia-position-left avia-color-theme-color layout-border color-white'  ><span class='avia_iconbox_title' >Wszystkie produkty<\/span><\/a><\/div><\/p><\/div>\n","protected":false},"excerpt":{"rendered":"","protected":false},"author":1,"featured_media":0,"parent":30844,"menu_order":31,"comment_status":"closed","ping_status":"closed","template":"","meta":{"_acf_changed":false,"footnotes":""},"class_list":["post-31746","page","type-page","status-publish","hentry"],"acf":[],"yoast_head":"<!-- This site is optimized with the Yoast SEO plugin v27.4 - https:\/\/yoast.com\/product\/yoast-seo-wordpress\/ -->\n<title>Kleje w p\u0142ynie - cardinal TAPES<\/title>\n<meta name=\"description\" content=\"Jako wyspecjalizowany dystrybutor p\u0142ynnych klej\u00f3w, cardinal TAPES mo\u017ce dzia\u0142a\u0107 szczeg\u00f3lnie szybko i elastycznie dla klienta na rynku z kr\u00f3tkimi \u015bcie\u017ckami decyzyjnymi.\" \/>\n<meta name=\"robots\" content=\"index, follow, max-snippet:-1, max-image-preview:large, max-video-preview:-1\" \/>\n<link rel=\"canonical\" href=\"https:\/\/cardinal-tapes.com\/pl\/tasmy-samoprzylepne-pl\/tasma-klejaca-abc\/kleje-w-plynie\/\" \/>\n<meta property=\"og:locale\" content=\"pl_PL\" \/>\n<meta property=\"og:type\" content=\"article\" \/>\n<meta property=\"og:title\" content=\"Kleje w p\u0142ynie - cardinal TAPES\" \/>\n<meta property=\"og:description\" content=\"Jako wyspecjalizowany dystrybutor p\u0142ynnych klej\u00f3w, cardinal TAPES mo\u017ce dzia\u0142a\u0107 szczeg\u00f3lnie szybko i elastycznie dla klienta na rynku z kr\u00f3tkimi \u015bcie\u017ckami decyzyjnymi.\" \/>\n<meta property=\"og:url\" content=\"https:\/\/cardinal-tapes.com\/pl\/tasmy-samoprzylepne-pl\/tasma-klejaca-abc\/kleje-w-plynie\/\" \/>\n<meta property=\"og:site_name\" content=\"cardinal TAPES\" \/>\n<meta property=\"article:modified_time\" content=\"2023-06-14T08:47:22+00:00\" \/>\n<meta name=\"twitter:card\" content=\"summary_large_image\" \/>\n<meta name=\"twitter:label1\" content=\"Szacowany czas czytania\" \/>\n\t<meta name=\"twitter:data1\" content=\"14 minut\" \/>\n<script type=\"application\/ld+json\" class=\"yoast-schema-graph\">{\"@context\":\"https:\\\/\\\/schema.org\",\"@graph\":[{\"@type\":\"WebPage\",\"@id\":\"https:\\\/\\\/cardinal-tapes.com\\\/pl\\\/tasmy-samoprzylepne-pl\\\/tasma-klejaca-abc\\\/kleje-w-plynie\\\/\",\"url\":\"https:\\\/\\\/cardinal-tapes.com\\\/pl\\\/tasmy-samoprzylepne-pl\\\/tasma-klejaca-abc\\\/kleje-w-plynie\\\/\",\"name\":\"Kleje w p\u0142ynie - cardinal TAPES\",\"isPartOf\":{\"@id\":\"https:\\\/\\\/cardinal-tapes.com\\\/#website\"},\"datePublished\":\"2023-06-02T08:59:53+00:00\",\"dateModified\":\"2023-06-14T08:47:22+00:00\",\"description\":\"Jako wyspecjalizowany dystrybutor p\u0142ynnych klej\u00f3w, cardinal TAPES mo\u017ce dzia\u0142a\u0107 szczeg\u00f3lnie szybko i elastycznie dla klienta na rynku z kr\u00f3tkimi \u015bcie\u017ckami decyzyjnymi.\",\"breadcrumb\":{\"@id\":\"https:\\\/\\\/cardinal-tapes.com\\\/pl\\\/tasmy-samoprzylepne-pl\\\/tasma-klejaca-abc\\\/kleje-w-plynie\\\/#breadcrumb\"},\"inLanguage\":\"pl-PL\",\"potentialAction\":[{\"@type\":\"ReadAction\",\"target\":[\"https:\\\/\\\/cardinal-tapes.com\\\/pl\\\/tasmy-samoprzylepne-pl\\\/tasma-klejaca-abc\\\/kleje-w-plynie\\\/\"]}]},{\"@type\":\"BreadcrumbList\",\"@id\":\"https:\\\/\\\/cardinal-tapes.com\\\/pl\\\/tasmy-samoprzylepne-pl\\\/tasma-klejaca-abc\\\/kleje-w-plynie\\\/#breadcrumb\",\"itemListElement\":[{\"@type\":\"ListItem\",\"position\":1,\"name\":\"Startseite\",\"item\":\"https:\\\/\\\/cardinal-tapes.com\\\/pl\\\/strona-glowna\\\/\"},{\"@type\":\"ListItem\",\"position\":2,\"name\":\"Ta\u015bmy samoprzylepne\",\"item\":\"https:\\\/\\\/cardinal-tapes.com\\\/pl\\\/tasmy-samoprzylepne-pl\\\/\"},{\"@type\":\"ListItem\",\"position\":3,\"name\":\"Ta\u015bma klej\u0105ca ABC\",\"item\":\"https:\\\/\\\/cardinal-tapes.com\\\/pl\\\/tasmy-samoprzylepne-pl__trashed\\\/tasma-klejaca-abc\\\/\"},{\"@type\":\"ListItem\",\"position\":4,\"name\":\"Kleje w p\u0142ynie\"}]},{\"@type\":\"WebSite\",\"@id\":\"https:\\\/\\\/cardinal-tapes.com\\\/#website\",\"url\":\"https:\\\/\\\/cardinal-tapes.com\\\/\",\"name\":\"cardinal TAPES\",\"description\":\"Klebetechnik aus Wuppertal\",\"potentialAction\":[{\"@type\":\"SearchAction\",\"target\":{\"@type\":\"EntryPoint\",\"urlTemplate\":\"https:\\\/\\\/cardinal-tapes.com\\\/?s={search_term_string}\"},\"query-input\":{\"@type\":\"PropertyValueSpecification\",\"valueRequired\":true,\"valueName\":\"search_term_string\"}}],\"inLanguage\":\"pl-PL\"}]}<\/script>\n<!-- \/ Yoast SEO plugin. -->","yoast_head_json":{"title":"Kleje w p\u0142ynie - cardinal TAPES","description":"Jako wyspecjalizowany dystrybutor p\u0142ynnych klej\u00f3w, cardinal TAPES mo\u017ce dzia\u0142a\u0107 szczeg\u00f3lnie szybko i elastycznie dla klienta na rynku z kr\u00f3tkimi \u015bcie\u017ckami decyzyjnymi.","robots":{"index":"index","follow":"follow","max-snippet":"max-snippet:-1","max-image-preview":"max-image-preview:large","max-video-preview":"max-video-preview:-1"},"canonical":"https:\/\/cardinal-tapes.com\/pl\/tasmy-samoprzylepne-pl\/tasma-klejaca-abc\/kleje-w-plynie\/","og_locale":"pl_PL","og_type":"article","og_title":"Kleje w p\u0142ynie - cardinal TAPES","og_description":"Jako wyspecjalizowany dystrybutor p\u0142ynnych klej\u00f3w, cardinal TAPES mo\u017ce dzia\u0142a\u0107 szczeg\u00f3lnie szybko i elastycznie dla klienta na rynku z kr\u00f3tkimi \u015bcie\u017ckami decyzyjnymi.","og_url":"https:\/\/cardinal-tapes.com\/pl\/tasmy-samoprzylepne-pl\/tasma-klejaca-abc\/kleje-w-plynie\/","og_site_name":"cardinal TAPES","article_modified_time":"2023-06-14T08:47:22+00:00","twitter_card":"summary_large_image","twitter_misc":{"Szacowany czas czytania":"14 minut"},"schema":{"@context":"https:\/\/schema.org","@graph":[{"@type":"WebPage","@id":"https:\/\/cardinal-tapes.com\/pl\/tasmy-samoprzylepne-pl\/tasma-klejaca-abc\/kleje-w-plynie\/","url":"https:\/\/cardinal-tapes.com\/pl\/tasmy-samoprzylepne-pl\/tasma-klejaca-abc\/kleje-w-plynie\/","name":"Kleje w p\u0142ynie - cardinal TAPES","isPartOf":{"@id":"https:\/\/cardinal-tapes.com\/#website"},"datePublished":"2023-06-02T08:59:53+00:00","dateModified":"2023-06-14T08:47:22+00:00","description":"Jako wyspecjalizowany dystrybutor p\u0142ynnych klej\u00f3w, cardinal TAPES mo\u017ce dzia\u0142a\u0107 szczeg\u00f3lnie szybko i elastycznie dla klienta na rynku z kr\u00f3tkimi \u015bcie\u017ckami decyzyjnymi.","breadcrumb":{"@id":"https:\/\/cardinal-tapes.com\/pl\/tasmy-samoprzylepne-pl\/tasma-klejaca-abc\/kleje-w-plynie\/#breadcrumb"},"inLanguage":"pl-PL","potentialAction":[{"@type":"ReadAction","target":["https:\/\/cardinal-tapes.com\/pl\/tasmy-samoprzylepne-pl\/tasma-klejaca-abc\/kleje-w-plynie\/"]}]},{"@type":"BreadcrumbList","@id":"https:\/\/cardinal-tapes.com\/pl\/tasmy-samoprzylepne-pl\/tasma-klejaca-abc\/kleje-w-plynie\/#breadcrumb","itemListElement":[{"@type":"ListItem","position":1,"name":"Startseite","item":"https:\/\/cardinal-tapes.com\/pl\/strona-glowna\/"},{"@type":"ListItem","position":2,"name":"Ta\u015bmy samoprzylepne","item":"https:\/\/cardinal-tapes.com\/pl\/tasmy-samoprzylepne-pl\/"},{"@type":"ListItem","position":3,"name":"Ta\u015bma klej\u0105ca ABC","item":"https:\/\/cardinal-tapes.com\/pl\/tasmy-samoprzylepne-pl__trashed\/tasma-klejaca-abc\/"},{"@type":"ListItem","position":4,"name":"Kleje w p\u0142ynie"}]},{"@type":"WebSite","@id":"https:\/\/cardinal-tapes.com\/#website","url":"https:\/\/cardinal-tapes.com\/","name":"cardinal TAPES","description":"Klebetechnik aus Wuppertal","potentialAction":[{"@type":"SearchAction","target":{"@type":"EntryPoint","urlTemplate":"https:\/\/cardinal-tapes.com\/?s={search_term_string}"},"query-input":{"@type":"PropertyValueSpecification","valueRequired":true,"valueName":"search_term_string"}}],"inLanguage":"pl-PL"}]}},"_links":{"self":[{"href":"https:\/\/cardinal-tapes.com\/pl\/wp-json\/wp\/v2\/pages\/31746","targetHints":{"allow":["GET"]}}],"collection":[{"href":"https:\/\/cardinal-tapes.com\/pl\/wp-json\/wp\/v2\/pages"}],"about":[{"href":"https:\/\/cardinal-tapes.com\/pl\/wp-json\/wp\/v2\/types\/page"}],"author":[{"embeddable":true,"href":"https:\/\/cardinal-tapes.com\/pl\/wp-json\/wp\/v2\/users\/1"}],"replies":[{"embeddable":true,"href":"https:\/\/cardinal-tapes.com\/pl\/wp-json\/wp\/v2\/comments?post=31746"}],"version-history":[{"count":0,"href":"https:\/\/cardinal-tapes.com\/pl\/wp-json\/wp\/v2\/pages\/31746\/revisions"}],"up":[{"embeddable":true,"href":"https:\/\/cardinal-tapes.com\/pl\/wp-json\/wp\/v2\/pages\/30844"}],"wp:attachment":[{"href":"https:\/\/cardinal-tapes.com\/pl\/wp-json\/wp\/v2\/media?parent=31746"}],"curies":[{"name":"wp","href":"https:\/\/api.w.org\/{rel}","templated":true}]}}