{"id":31699,"date":"2023-06-02T10:59:52","date_gmt":"2023-06-02T08:59:52","guid":{"rendered":"https:\/\/cardinal.pixel-tal.de\/tasmy-samoprzylepne\/obszary-zastosowania\/produkcja-i-przetwarzanie-aluminium\/"},"modified":"2023-06-14T10:40:03","modified_gmt":"2023-06-14T08:40:03","slug":"produkcja-i-przetwarzanie-aluminium","status":"publish","type":"page","link":"https:\/\/cardinal-tapes.com\/pl\/tasmy-samoprzylepne-pl\/obszary-zastosowania\/produkcja-i-przetwarzanie-aluminium\/","title":{"rendered":"Produkcja i przetwarzanie aluminium"},"content":{"rendered":"\t\t\t<div class=\"headerimage-section has-image  \">\n\t\t\t\t\t\t\t\t\t\t\t\t<div class=\"headerimage__bg overlay\" style=\"background-image: url('https:\/\/cardinal-tapes.com\/wp-content\/uploads\/cardinal_kopfbild-alu-scaled.jpg'); background-repeat: no-repeat; background-position: center; background-size: cover;\"><\/div>\n\t\t\t\t\t\t\t\t\t\t\t\t<div class=\"container\">\n\t\t\t\t\t<div class=\"headerimage__inner\">\n\t\t\t\t\t\t<h1 class=\"headerimage__headline\">Ta\u015bmy klej\u0105ce i systemy klej\u0105ce<\/h1>\t\t\t\t\t\t<span class=\"headerimage__subheadline\">Wysoka wytrzyma\u0142o\u015b\u0107 na rozdarcie i g\u0119sto\u015b\u0107 kleju<\/span>\t\t\t\t\t\t\t\t\t\t\t<\/div>\n\t\t\t\t\t\t\t\t\t<\/div>\n\t\t\t<\/div>\n\t\t\t\n<\/div><\/div><\/div><!-- close content main div --><\/div><\/div><div id='av_section_1'  class='avia-section av-11heo2-7cb4a45f0f8b829d22b4f89bd38e21dd alternate_color avia-section-default avia-no-border-styling  avia-builder-el-1  el_after_pixel_headimage  el_before_av_section  avia-bg-style-scroll container_wrap fullsize'  ><div class='container av-section-cont-open' ><div class='template-page content  av-content-full alpha units'><div class='post-entry post-entry-type-page post-entry-31699'><div class='entry-content-wrapper clearfix'>\n<div  class='flex_column av-zfqnu-e19969d193fd19c6fcc98798eb55b0af av_two_third  avia-builder-el-2  avia-builder-el-no-sibling  max-width-col two-third first flex_column_div av-animated-generic left-to-right  '     ><p><div class=\"pxl-headline pxl-hl hl-wrap | hl-sub--bot hl--align-left hl--std-margin    \">\n        <div class=\"hl-inner\">\n            <h2 class=\"hl-main hl-line |  hl_main--default  \">Ta\u015bmy klej\u0105ce do produkcji i obr\u00f3bki aluminium<\/h2>\n            <span class=\"hl-sub hl-line |  hl_sub--default  \">Wymagaj\u0105ce wymagania, niestandardowe rozwi\u0105zania  <\/span>\n    <\/div>\n<\/div>\n<br \/>\n<section  class='av_textblock_section av-lhox1cwb-a3105c8456bfca80641a326baca15860 '   itemscope=\"itemscope\" itemtype=\"https:\/\/schema.org\/CreativeWork\" ><div class='avia_textblock'  itemprop=\"text\" ><p>Jako partner handlowy w zakresie gotowych technologii klejenia, cardinal TAPES wspiera <a title=\"Aluminiowe ta\u015bmy samoprzylepne i metalowe ta\u015bmy samoprzylepne z przewodz\u0105cymi klejami\" href=\"\/klebebaender\/\">produkcj\u0119 i obr\u00f3bk\u0119 aluminium<\/a> za pomoc\u0105 swoich ta\u015bm samoprzylepnych. Zw\u0142aszcza w przypadku naszych aluminiowych ta\u015bm samoprzylepnych, kt\u00f3re charakteryzuj\u0105 si\u0119 du\u017c\u0105 odporno\u015bci\u0105 na rozdarcie i niezawodn\u0105 g\u0119sto\u015bci\u0105 kleju na metalach, tworzywach sztucznych, betonie i drewnie. Jeste\u015bmy w\u0142a\u015bciwym partnerem dla Twojej firmy, je\u015bli potrzebujesz odpowiedniej ta\u015bmy samoprzylepnej do produkcji i obr\u00f3bki aluminium.<\/p>\n<p>W tej bran\u017cy istnieje r\u00f3wnie\u017c du\u017ce zapotrzebowanie na samoprzylepne ta\u015bmy krepowe lub ta\u015bmy z tkaniny celulozowej, kt\u00f3re s\u0105 preferowane do zaklejania wi\u0105zek kablowych. W przypadku dalszych pyta\u0144 prosimy o kontakt. Skorzystaj z naszego <a href=\"\/ueber-cardinal\/kontakt\/\">formularza zapytania<\/a> lub skontaktuj si\u0119 z nami telefonicznie pod numerem <a class=\"telelink\" title=\"Skontaktuj si\u0119 z nami ju\u017c teraz!\" href=\"tel:+490202266850\" target=\"_blank\" rel=\"nofollow\">+49 202 266 850<\/a>.<\/p>\n<p>Aby uzyska\u0107 wi\u0119cej informacji, nasz nowy <a title=\"Techniczne ta\u015bmy klej\u0105ce Katalog produkt\u00f3w Cardinal GmbH\" href=\"https:\/\/cardinal-tapes.com\/pl\/pliki-do-pobrania\/\">katalog produkt\u00f3w<\/a> jest ju\u017c dost\u0119pny do pobrania. Je\u015bli chcesz otrzyma\u0107 wydrukowany egzemplarz zawieraj\u0105cy pr\u00f3bk\u0119, skontaktuj si\u0119 z nami.<\/p>\n<\/div><\/section><\/p><\/div>\n\n<\/div><\/div><\/div><!-- close content main div --><\/div><\/div><div id='av_section_2'  class='avia-section av-s48ju-988e2be7f6b4b6c8c0e662ae42b405c9 main_color avia-section-default avia-no-border-styling  avia-builder-el-5  el_after_av_section  avia-builder-el-last  gradient-section avia-bg-style-scroll container_wrap fullsize'  ><div class='container av-section-cont-open' ><div class='template-page content  av-content-full alpha units'><div class='post-entry post-entry-type-page post-entry-31699'><div class='entry-content-wrapper clearfix'>\n<div  class='flex_column av-jqfky-e15e9f2a77e1a46f19b21e13c244a8c2 av_one_full  avia-builder-el-6  avia-builder-el-no-sibling  first flex_column_div av-animated-generic left-to-right  '     ><p><div class=\"pxl-headline pxl-hl hl-wrap | hl-sub--bot hl--align-left hl--no-margin    \">\n        <div class=\"hl-inner\">\n            <h2 class=\"hl-main hl-line |  hl_main--default  \">Najwa\u017cniejsze cechy produktu<\/h2>\n            <span class=\"hl-sub hl-line |  hl_sub--default  \">Innowacyjno\u015b\u0107 i wysoka jako\u015b\u0107<\/span>\n    <\/div>\n<\/div>\n<br \/>\n<div   data-autoplay=''  data-interval='5'  data-animation='fade'  data-hoverpause='1'  class='template-shop avia-content-slider avia-content-slider-active avia-product-slider1 avia-content-slider-even  avia-builder-el-8  el_after_pixel_sc_headline  el_before_av_button   shop_columns_4' ><div class='avia-content-slider-inner'><ul class=\"products slide-entry-wrap\"><li class=\"product type-product post-55840 status-publish first instock product_cat-produkcja-obrobka-aluminium product_cat-przemysl-betonowy product_cat-przemysl-tworzyw-sztucznych product_cat-stal-i-szklo product_cat-sektor-transportowy product_cat-jednostronne-tasmy-samoprzylepne has-post-thumbnail taxable shipping-taxable purchasable product-type-variable\">\n\t<div class='inner_product main_color wrapped_style noLightbox  av-product-class-no_button'><a href=\"https:\/\/cardinal-tapes.com\/pl\/ta\u015bmy-samoprzylepne\/obszary-zastosowan\/produkcja-obrobka-aluminium\/ca-221-filament-adhesive-tape-long-cross-stiffened-2\/\" class=\"woocommerce-LoopProduct-link woocommerce-loop-product__link\"><div class=\"thumbnail_container\"><img decoding=\"async\" loading=\"lazy\" width=\"450\" height=\"450\" src=\"https:\/\/cardinal-tapes.com\/wp-content\/uploads\/CA_221-450x450.jpg\" class=\"wp-image-26890 avia-img-lazy-loading-26890 attachment-shop_catalog size-shop_catalog wp-post-image\" alt=\"CA-221 Ta\u015bma filamentowa wzmocniona wzd\u0142u\u017cnie i poprzecznie - jednostronny, Folia BOPP, Kauczuk syntetyczny - Ilustracja 26890\" srcset=\"https:\/\/cardinal-tapes.com\/wp-content\/uploads\/CA_221-450x450.jpg 450w, https:\/\/cardinal-tapes.com\/wp-content\/uploads\/CA_221-120x120.jpg 120w, https:\/\/cardinal-tapes.com\/wp-content\/uploads\/CA_221-80x80.jpg 80w, https:\/\/cardinal-tapes.com\/wp-content\/uploads\/CA_221-200x200.jpg 200w, https:\/\/cardinal-tapes.com\/wp-content\/uploads\/CA_221-768x768.jpg 768w, https:\/\/cardinal-tapes.com\/wp-content\/uploads\/CA_221-1030x1030.jpg 1030w, https:\/\/cardinal-tapes.com\/wp-content\/uploads\/CA_221-36x36.jpg 36w, https:\/\/cardinal-tapes.com\/wp-content\/uploads\/CA_221-180x180.jpg 180w, https:\/\/cardinal-tapes.com\/wp-content\/uploads\/CA_221-705x705.jpg 705w, https:\/\/cardinal-tapes.com\/wp-content\/uploads\/CA_221-100x100.jpg 100w, https:\/\/cardinal-tapes.com\/wp-content\/uploads\/CA_221.jpg 1400w\" sizes=\"auto, (max-width: 450px) 100vw, 450px\" \/><\/div><div class='inner_product_header'><div class='avia-arrow'><\/div><div class='inner_product_header_table'><div class='inner_product_header_cell'><span class=\"is-h2 woocommerce-loop-product__title\">CA-221 Ta\u015bma filamentowa wzmocniona wzd\u0142u\u017cnie i poprzecznie<\/span>\t\t<div class=\"product-infos\">\n\t\t\t\t\t\t\t<span class='product-infos__item'><b>Pow\u0142oka:<\/b> jednostronny<\/span>\n\t\t\t\t\t\t\t\t\t\t<span class='product-infos__item'><b>Rodzaj materia\u0142u:<\/b> Folia BOPP<\/span>\n\t\t\t\t\t\t\t\t\t\t<span class='product-infos__item'><b>Producent:<\/b> cardinal GmbH<\/span>\n\t\t\t\t\t\t\t\t\t\t<span class='product-infos__item'><b>Cena na \u017c\u0105danie<\/b><\/span>\n\t\t\t\t\t<\/div>\n\t<\/div><\/div><\/div><\/a><\/div><\/li>\n<li class=\"product type-product post-54656 status-publish instock product_cat-produkcja-obrobka-aluminium product_cat-przemysl-motoryzacyjny product_cat-przemysl-betonowy product_cat-przemysl-tworzyw-sztucznych product_cat-stal-i-szklo product_cat-jednostronne-tasmy-samoprzylepne product_cat-folia-pp product_cat-tasma-spinajaca has-post-thumbnail taxable shipping-taxable purchasable product-type-variable\">\n\t<div class='inner_product main_color wrapped_style noLightbox  av-product-class-no_button'><a href=\"https:\/\/cardinal-tapes.com\/pl\/ta\u015bmy-samoprzylepne\/jednostronne-tasmy-samoprzylepne\/folia-pp\/ca-25-pp-strapping-tape\/\" class=\"woocommerce-LoopProduct-link woocommerce-loop-product__link\"><div class=\"thumbnail_container\"><img decoding=\"async\" loading=\"lazy\" width=\"450\" height=\"450\" src=\"https:\/\/cardinal-tapes.com\/wp-content\/uploads\/CA_25-1-450x450.jpg\" class=\"wp-image-26842 avia-img-lazy-loading-26842 attachment-shop_catalog size-shop_catalog wp-post-image\" alt=\"Ta\u015bma klej\u0105ca do ta\u015bm CA-25 PP - jednostronny, Folia MOPP, Kauczuk naturalny - Ilustracja 26842\" srcset=\"https:\/\/cardinal-tapes.com\/wp-content\/uploads\/CA_25-1-450x450.jpg 450w, https:\/\/cardinal-tapes.com\/wp-content\/uploads\/CA_25-1-120x120.jpg 120w, https:\/\/cardinal-tapes.com\/wp-content\/uploads\/CA_25-1-80x80.jpg 80w, https:\/\/cardinal-tapes.com\/wp-content\/uploads\/CA_25-1-200x200.jpg 200w, https:\/\/cardinal-tapes.com\/wp-content\/uploads\/CA_25-1-768x768.jpg 768w, https:\/\/cardinal-tapes.com\/wp-content\/uploads\/CA_25-1-1030x1030.jpg 1030w, https:\/\/cardinal-tapes.com\/wp-content\/uploads\/CA_25-1-36x36.jpg 36w, https:\/\/cardinal-tapes.com\/wp-content\/uploads\/CA_25-1-180x180.jpg 180w, https:\/\/cardinal-tapes.com\/wp-content\/uploads\/CA_25-1-705x705.jpg 705w, https:\/\/cardinal-tapes.com\/wp-content\/uploads\/CA_25-1-100x100.jpg 100w, https:\/\/cardinal-tapes.com\/wp-content\/uploads\/CA_25-1.jpg 1400w\" sizes=\"auto, (max-width: 450px) 100vw, 450px\" \/><\/div><div class='inner_product_header'><div class='avia-arrow'><\/div><div class='inner_product_header_table'><div class='inner_product_header_cell'><span class=\"is-h2 woocommerce-loop-product__title\">Ta\u015bma klej\u0105ca do ta\u015bm CA-25 PP<\/span>\t\t<div class=\"product-infos\">\n\t\t\t\t\t\t\t<span class='product-infos__item'><b>Pow\u0142oka:<\/b> jednostronny<\/span>\n\t\t\t\t\t\t\t\t\t\t<span class='product-infos__item'><b>Rodzaj materia\u0142u:<\/b> Folia MOPP<\/span>\n\t\t\t\t\t\t\t\t\t\t<span class='product-infos__item'><b>Producent:<\/b> cardinal GmbH<\/span>\n\t\t\t\t\t\t\t\t\t\t<span class='product-infos__item'><b>Cena na \u017c\u0105danie<\/b><\/span>\n\t\t\t\t\t<\/div>\n\t<\/div><\/div><\/div><\/a><\/div><\/li>\n<li class=\"product type-product post-46889 status-publish instock product_cat-produkcja-obrobka-aluminium product_cat-przemysl-elektryczny product_cat-jednostronne-tasmy-samoprzylepne product_cat-folia-pet has-post-thumbnail taxable shipping-taxable purchasable product-type-variable\">\n\t<div class='inner_product main_color wrapped_style noLightbox  av-product-class-no_button'><a href=\"https:\/\/cardinal-tapes.com\/pl\/ta\u015bmy-samoprzylepne\/jednostronne-tasmy-samoprzylepne\/folia-pet\/ca-748-pet-tape\/\" class=\"woocommerce-LoopProduct-link woocommerce-loop-product__link\"><div class=\"thumbnail_container\"><img decoding=\"async\" loading=\"lazy\" width=\"450\" height=\"450\" src=\"https:\/\/cardinal-tapes.com\/wp-content\/uploads\/CA-748-450x450.jpg\" class=\"wp-image-26954 avia-img-lazy-loading-26954 attachment-shop_catalog size-shop_catalog wp-post-image\" alt=\"CA-748 Ta\u015bma samoprzylepna PET - jednostronny, Folia PET, Silikon - Ilustracja 26954\" srcset=\"https:\/\/cardinal-tapes.com\/wp-content\/uploads\/CA-748-450x450.jpg 450w, https:\/\/cardinal-tapes.com\/wp-content\/uploads\/CA-748-120x120.jpg 120w, https:\/\/cardinal-tapes.com\/wp-content\/uploads\/CA-748-80x80.jpg 80w, https:\/\/cardinal-tapes.com\/wp-content\/uploads\/CA-748-200x200.jpg 200w, https:\/\/cardinal-tapes.com\/wp-content\/uploads\/CA-748-768x768.jpg 768w, https:\/\/cardinal-tapes.com\/wp-content\/uploads\/CA-748-1030x1030.jpg 1030w, https:\/\/cardinal-tapes.com\/wp-content\/uploads\/CA-748-36x36.jpg 36w, https:\/\/cardinal-tapes.com\/wp-content\/uploads\/CA-748-180x180.jpg 180w, https:\/\/cardinal-tapes.com\/wp-content\/uploads\/CA-748-705x705.jpg 705w, https:\/\/cardinal-tapes.com\/wp-content\/uploads\/CA-748-100x100.jpg 100w, https:\/\/cardinal-tapes.com\/wp-content\/uploads\/CA-748.jpg 1400w\" sizes=\"auto, (max-width: 450px) 100vw, 450px\" \/><\/div><div class='inner_product_header'><div class='avia-arrow'><\/div><div class='inner_product_header_table'><div class='inner_product_header_cell'><span class=\"is-h2 woocommerce-loop-product__title\">CA-748 Ta\u015bma samoprzylepna PET<\/span>\t\t<div class=\"product-infos\">\n\t\t\t\t\t\t\t<span class='product-infos__item'><b>Pow\u0142oka:<\/b> jednostronny<\/span>\n\t\t\t\t\t\t\t\t\t\t<span class='product-infos__item'><b>Rodzaj materia\u0142u:<\/b> Folia PET<\/span>\n\t\t\t\t\t\t\t\t\t\t<span class='product-infos__item'><b>Producent:<\/b> cardinal GmbH<\/span>\n\t\t\t\t\t\t\t\t\t\t<span class='product-infos__item'><b>Cena na \u017c\u0105danie<\/b><\/span>\n\t\t\t\t\t<\/div>\n\t<\/div><\/div><\/div><\/a><\/div><\/li>\n<li class=\"product type-product post-47598 status-publish last instock product_cat-produkcja-obrobka-aluminium product_cat-branza-budowlana product_cat-przemysl-betonowy product_cat-przemysl-tworzyw-sztucznych product_cat-stal-i-szklo product_cat-sektor-transportowy product_cat-jednostronne-tasmy-samoprzylepne has-post-thumbnail taxable shipping-taxable purchasable product-type-variable\">\n\t<div class='inner_product main_color wrapped_style noLightbox  av-product-class-no_button'><a href=\"https:\/\/cardinal-tapes.com\/pl\/ta\u015bmy-samoprzylepne\/obszary-zastosowan\/produkcja-obrobka-aluminium\/ca-22-filament-adhesive-tape-long-strengthened\/\" class=\"woocommerce-LoopProduct-link woocommerce-loop-product__link\"><div class=\"thumbnail_container\"><img decoding=\"async\" loading=\"lazy\" width=\"450\" height=\"450\" src=\"https:\/\/cardinal-tapes.com\/wp-content\/uploads\/CA_22_02-450x450.jpg\" class=\"wp-image-26834 avia-img-lazy-loading-26834 attachment-shop_catalog size-shop_catalog wp-post-image\" alt=\"CA-22 Ta\u015bma filamentowa, wzmocniona wzd\u0142u\u017cnie - jednostronny, Polipropylen, Kauczuk syntetyczny - Ilustracja 26834\" srcset=\"https:\/\/cardinal-tapes.com\/wp-content\/uploads\/CA_22_02-450x450.jpg 450w, https:\/\/cardinal-tapes.com\/wp-content\/uploads\/CA_22_02-120x120.jpg 120w, https:\/\/cardinal-tapes.com\/wp-content\/uploads\/CA_22_02-80x80.jpg 80w, https:\/\/cardinal-tapes.com\/wp-content\/uploads\/CA_22_02-36x36.jpg 36w, https:\/\/cardinal-tapes.com\/wp-content\/uploads\/CA_22_02-180x180.jpg 180w, https:\/\/cardinal-tapes.com\/wp-content\/uploads\/CA_22_02-100x100.jpg 100w\" sizes=\"auto, (max-width: 450px) 100vw, 450px\" \/><\/div><div class='inner_product_header'><div class='avia-arrow'><\/div><div class='inner_product_header_table'><div class='inner_product_header_cell'><span class=\"is-h2 woocommerce-loop-product__title\">CA-22 Ta\u015bma filamentowa, wzmocniona wzd\u0142u\u017cnie<\/span>\t\t<div class=\"product-infos\">\n\t\t\t\t\t\t\t<span class='product-infos__item'><b>Pow\u0142oka:<\/b> jednostronny<\/span>\n\t\t\t\t\t\t\t\t\t\t<span class='product-infos__item'><b>Rodzaj materia\u0142u:<\/b> Polipropylen<\/span>\n\t\t\t\t\t\t\t\t\t\t<span class='product-infos__item'><b>Producent:<\/b> cardinal GmbH<\/span>\n\t\t\t\t\t\t\t\t\t\t<span class='product-infos__item'><b>Cena na \u017c\u0105danie<\/b><\/span>\n\t\t\t\t\t<\/div>\n\t<\/div><\/div><\/div><\/a><\/div><\/li>\n<\/ul><\/div><\/div><div class=\"clear\"><\/div><br \/>\n<div  class='avia-button-wrap av-ub0i-9938113d7b21f1d487831fa31c92faff-wrap avia-button-left '><a href='https:\/\/cardinal-tapes.com\/klebebaender\/'  class='avia-button av-ub0i-9938113d7b21f1d487831fa31c92faff avia-icon_select-no avia-size-medium avia-position-left avia-color-theme-color layout-border color-white'  ><span class='avia_iconbox_title' >Wszystkie produkty<\/span><\/a><\/div><\/p><\/div>\n","protected":false},"excerpt":{"rendered":"","protected":false},"author":1,"featured_media":0,"parent":30840,"menu_order":13,"comment_status":"closed","ping_status":"closed","template":"","meta":{"_acf_changed":false,"footnotes":""},"class_list":["post-31699","page","type-page","status-publish","hentry"],"acf":[],"yoast_head":"<!-- This site is optimized with the Yoast SEO plugin v27.3 - https:\/\/yoast.com\/product\/yoast-seo-wordpress\/ -->\n<title>Ta\u015bmy klej\u0105ce do produkcji aluminium | cardinal TAPES<\/title>\n<meta name=\"description\" content=\"Jako partner handlowy w zakresie gotowych technologii klejenia, cardinal TAPES wspiera produkcj\u0119 i obr\u00f3bk\u0119 aluminium za pomoc\u0105 swoich ta\u015bm samoprzylepnych. Dowiedz si\u0119 wi\u0119cej o funkcjach specjalnych.\" \/>\n<meta name=\"robots\" content=\"index, follow, max-snippet:-1, max-image-preview:large, max-video-preview:-1\" \/>\n<link rel=\"canonical\" href=\"https:\/\/cardinal-tapes.com\/pl\/tasmy-samoprzylepne-pl\/obszary-zastosowania\/produkcja-i-przetwarzanie-aluminium\/\" \/>\n<meta property=\"og:locale\" content=\"pl_PL\" \/>\n<meta property=\"og:type\" content=\"article\" \/>\n<meta property=\"og:title\" content=\"Ta\u015bmy klej\u0105ce do produkcji aluminium | cardinal TAPES\" \/>\n<meta property=\"og:description\" content=\"Jako partner handlowy w zakresie gotowych technologii klejenia, cardinal TAPES wspiera produkcj\u0119 i obr\u00f3bk\u0119 aluminium za pomoc\u0105 swoich ta\u015bm samoprzylepnych. Dowiedz si\u0119 wi\u0119cej o funkcjach specjalnych.\" \/>\n<meta property=\"og:url\" content=\"https:\/\/cardinal-tapes.com\/pl\/tasmy-samoprzylepne-pl\/obszary-zastosowania\/produkcja-i-przetwarzanie-aluminium\/\" \/>\n<meta property=\"og:site_name\" content=\"cardinal TAPES\" \/>\n<meta property=\"article:modified_time\" content=\"2023-06-14T08:40:03+00:00\" \/>\n<meta name=\"twitter:card\" content=\"summary_large_image\" \/>\n<meta name=\"twitter:label1\" content=\"Szacowany czas czytania\" \/>\n\t<meta name=\"twitter:data1\" content=\"10 minut\" \/>\n<script type=\"application\/ld+json\" class=\"yoast-schema-graph\">{\"@context\":\"https:\\\/\\\/schema.org\",\"@graph\":[{\"@type\":\"WebPage\",\"@id\":\"https:\\\/\\\/cardinal-tapes.com\\\/pl\\\/tasmy-samoprzylepne-pl\\\/obszary-zastosowania\\\/produkcja-i-przetwarzanie-aluminium\\\/\",\"url\":\"https:\\\/\\\/cardinal-tapes.com\\\/pl\\\/tasmy-samoprzylepne-pl\\\/obszary-zastosowania\\\/produkcja-i-przetwarzanie-aluminium\\\/\",\"name\":\"Ta\u015bmy klej\u0105ce do produkcji aluminium | cardinal TAPES\",\"isPartOf\":{\"@id\":\"https:\\\/\\\/cardinal-tapes.com\\\/#website\"},\"datePublished\":\"2023-06-02T08:59:52+00:00\",\"dateModified\":\"2023-06-14T08:40:03+00:00\",\"description\":\"Jako partner handlowy w zakresie gotowych technologii klejenia, cardinal TAPES wspiera produkcj\u0119 i obr\u00f3bk\u0119 aluminium za pomoc\u0105 swoich ta\u015bm samoprzylepnych. Dowiedz si\u0119 wi\u0119cej o funkcjach specjalnych.\",\"breadcrumb\":{\"@id\":\"https:\\\/\\\/cardinal-tapes.com\\\/pl\\\/tasmy-samoprzylepne-pl\\\/obszary-zastosowania\\\/produkcja-i-przetwarzanie-aluminium\\\/#breadcrumb\"},\"inLanguage\":\"pl-PL\",\"potentialAction\":[{\"@type\":\"ReadAction\",\"target\":[\"https:\\\/\\\/cardinal-tapes.com\\\/pl\\\/tasmy-samoprzylepne-pl\\\/obszary-zastosowania\\\/produkcja-i-przetwarzanie-aluminium\\\/\"]}]},{\"@type\":\"BreadcrumbList\",\"@id\":\"https:\\\/\\\/cardinal-tapes.com\\\/pl\\\/tasmy-samoprzylepne-pl\\\/obszary-zastosowania\\\/produkcja-i-przetwarzanie-aluminium\\\/#breadcrumb\",\"itemListElement\":[{\"@type\":\"ListItem\",\"position\":1,\"name\":\"Startseite\",\"item\":\"https:\\\/\\\/cardinal-tapes.com\\\/pl\\\/strona-glowna\\\/\"},{\"@type\":\"ListItem\",\"position\":2,\"name\":\"Ta\u015bmy samoprzylepne\",\"item\":\"https:\\\/\\\/cardinal-tapes.com\\\/pl\\\/tasmy-samoprzylepne-pl\\\/\"},{\"@type\":\"ListItem\",\"position\":3,\"name\":\"Obszary zastosowania\",\"item\":\"https:\\\/\\\/cardinal-tapes.com\\\/pl\\\/tasmy-samoprzylepne-pl__trashed\\\/obszary-zastosowania\\\/\"},{\"@type\":\"ListItem\",\"position\":4,\"name\":\"Produkcja i przetwarzanie aluminium\"}]},{\"@type\":\"WebSite\",\"@id\":\"https:\\\/\\\/cardinal-tapes.com\\\/#website\",\"url\":\"https:\\\/\\\/cardinal-tapes.com\\\/\",\"name\":\"cardinal TAPES\",\"description\":\"Klebetechnik aus Wuppertal\",\"potentialAction\":[{\"@type\":\"SearchAction\",\"target\":{\"@type\":\"EntryPoint\",\"urlTemplate\":\"https:\\\/\\\/cardinal-tapes.com\\\/?s={search_term_string}\"},\"query-input\":{\"@type\":\"PropertyValueSpecification\",\"valueRequired\":true,\"valueName\":\"search_term_string\"}}],\"inLanguage\":\"pl-PL\"}]}<\/script>\n<!-- \/ Yoast SEO plugin. -->","yoast_head_json":{"title":"Ta\u015bmy klej\u0105ce do produkcji aluminium | cardinal TAPES","description":"Jako partner handlowy w zakresie gotowych technologii klejenia, cardinal TAPES wspiera produkcj\u0119 i obr\u00f3bk\u0119 aluminium za pomoc\u0105 swoich ta\u015bm samoprzylepnych. Dowiedz si\u0119 wi\u0119cej o funkcjach specjalnych.","robots":{"index":"index","follow":"follow","max-snippet":"max-snippet:-1","max-image-preview":"max-image-preview:large","max-video-preview":"max-video-preview:-1"},"canonical":"https:\/\/cardinal-tapes.com\/pl\/tasmy-samoprzylepne-pl\/obszary-zastosowania\/produkcja-i-przetwarzanie-aluminium\/","og_locale":"pl_PL","og_type":"article","og_title":"Ta\u015bmy klej\u0105ce do produkcji aluminium | cardinal TAPES","og_description":"Jako partner handlowy w zakresie gotowych technologii klejenia, cardinal TAPES wspiera produkcj\u0119 i obr\u00f3bk\u0119 aluminium za pomoc\u0105 swoich ta\u015bm samoprzylepnych. Dowiedz si\u0119 wi\u0119cej o funkcjach specjalnych.","og_url":"https:\/\/cardinal-tapes.com\/pl\/tasmy-samoprzylepne-pl\/obszary-zastosowania\/produkcja-i-przetwarzanie-aluminium\/","og_site_name":"cardinal TAPES","article_modified_time":"2023-06-14T08:40:03+00:00","twitter_card":"summary_large_image","twitter_misc":{"Szacowany czas czytania":"10 minut"},"schema":{"@context":"https:\/\/schema.org","@graph":[{"@type":"WebPage","@id":"https:\/\/cardinal-tapes.com\/pl\/tasmy-samoprzylepne-pl\/obszary-zastosowania\/produkcja-i-przetwarzanie-aluminium\/","url":"https:\/\/cardinal-tapes.com\/pl\/tasmy-samoprzylepne-pl\/obszary-zastosowania\/produkcja-i-przetwarzanie-aluminium\/","name":"Ta\u015bmy klej\u0105ce do produkcji aluminium | cardinal TAPES","isPartOf":{"@id":"https:\/\/cardinal-tapes.com\/#website"},"datePublished":"2023-06-02T08:59:52+00:00","dateModified":"2023-06-14T08:40:03+00:00","description":"Jako partner handlowy w zakresie gotowych technologii klejenia, cardinal TAPES wspiera produkcj\u0119 i obr\u00f3bk\u0119 aluminium za pomoc\u0105 swoich ta\u015bm samoprzylepnych. Dowiedz si\u0119 wi\u0119cej o funkcjach specjalnych.","breadcrumb":{"@id":"https:\/\/cardinal-tapes.com\/pl\/tasmy-samoprzylepne-pl\/obszary-zastosowania\/produkcja-i-przetwarzanie-aluminium\/#breadcrumb"},"inLanguage":"pl-PL","potentialAction":[{"@type":"ReadAction","target":["https:\/\/cardinal-tapes.com\/pl\/tasmy-samoprzylepne-pl\/obszary-zastosowania\/produkcja-i-przetwarzanie-aluminium\/"]}]},{"@type":"BreadcrumbList","@id":"https:\/\/cardinal-tapes.com\/pl\/tasmy-samoprzylepne-pl\/obszary-zastosowania\/produkcja-i-przetwarzanie-aluminium\/#breadcrumb","itemListElement":[{"@type":"ListItem","position":1,"name":"Startseite","item":"https:\/\/cardinal-tapes.com\/pl\/strona-glowna\/"},{"@type":"ListItem","position":2,"name":"Ta\u015bmy samoprzylepne","item":"https:\/\/cardinal-tapes.com\/pl\/tasmy-samoprzylepne-pl\/"},{"@type":"ListItem","position":3,"name":"Obszary zastosowania","item":"https:\/\/cardinal-tapes.com\/pl\/tasmy-samoprzylepne-pl__trashed\/obszary-zastosowania\/"},{"@type":"ListItem","position":4,"name":"Produkcja i przetwarzanie aluminium"}]},{"@type":"WebSite","@id":"https:\/\/cardinal-tapes.com\/#website","url":"https:\/\/cardinal-tapes.com\/","name":"cardinal TAPES","description":"Klebetechnik aus Wuppertal","potentialAction":[{"@type":"SearchAction","target":{"@type":"EntryPoint","urlTemplate":"https:\/\/cardinal-tapes.com\/?s={search_term_string}"},"query-input":{"@type":"PropertyValueSpecification","valueRequired":true,"valueName":"search_term_string"}}],"inLanguage":"pl-PL"}]}},"_links":{"self":[{"href":"https:\/\/cardinal-tapes.com\/pl\/wp-json\/wp\/v2\/pages\/31699","targetHints":{"allow":["GET"]}}],"collection":[{"href":"https:\/\/cardinal-tapes.com\/pl\/wp-json\/wp\/v2\/pages"}],"about":[{"href":"https:\/\/cardinal-tapes.com\/pl\/wp-json\/wp\/v2\/types\/page"}],"author":[{"embeddable":true,"href":"https:\/\/cardinal-tapes.com\/pl\/wp-json\/wp\/v2\/users\/1"}],"replies":[{"embeddable":true,"href":"https:\/\/cardinal-tapes.com\/pl\/wp-json\/wp\/v2\/comments?post=31699"}],"version-history":[{"count":0,"href":"https:\/\/cardinal-tapes.com\/pl\/wp-json\/wp\/v2\/pages\/31699\/revisions"}],"up":[{"embeddable":true,"href":"https:\/\/cardinal-tapes.com\/pl\/wp-json\/wp\/v2\/pages\/30840"}],"wp:attachment":[{"href":"https:\/\/cardinal-tapes.com\/pl\/wp-json\/wp\/v2\/media?parent=31699"}],"curies":[{"name":"wp","href":"https:\/\/api.w.org\/{rel}","templated":true}]}}