{"id":31630,"date":"2023-06-02T10:59:51","date_gmt":"2023-06-02T08:59:51","guid":{"rendered":"https:\/\/cardinal.pixel-tal.de\/tasmy-samoprzylepne\/obszary-zastosowania\/wykonczenie-metalu\/"},"modified":"2023-06-16T16:03:50","modified_gmt":"2023-06-16T14:03:50","slug":"wykonczenie-metalu","status":"publish","type":"page","link":"https:\/\/cardinal-tapes.com\/pl\/tasmy-samoprzylepne-pl\/obszary-zastosowania\/wykonczenie-metalu\/","title":{"rendered":"Wyko\u0144czenie metalu"},"content":{"rendered":"\t\t\t<div class=\"headerimage-section has-image  \">\n\t\t\t\t\t\t\t\t\t\t\t\t<div class=\"headerimage__bg overlay\" style=\"background-image: url('https:\/\/cardinal-tapes.com\/wp-content\/uploads\/cardinal_kopfbild-verarbeitung-scaled.jpg'); background-repeat: no-repeat; background-position: center; background-size: cover;\"><\/div>\n\t\t\t\t\t\t\t\t\t\t\t\t<div class=\"container\">\n\t\t\t\t\t<div class=\"headerimage__inner\">\n\t\t\t\t\t\t<h1 class=\"headerimage__headline\">Ta\u015bmy klej\u0105ce i systemy klej\u0105ce<\/h1>\t\t\t\t\t\t<span class=\"headerimage__subheadline\">Odporno\u015b\u0107 na ciep\u0142o, p\u0142omienie i chemikalia<\/span>\t\t\t\t\t\t\t\t\t\t\t<\/div>\n\t\t\t\t\t\t\t\t\t<\/div>\n\t\t\t<\/div>\n\t\t\t\n<\/div><\/div><\/div><!-- close content main div --><\/div><\/div><div id='av_section_1'  class='avia-section av-1dzykw-cdb6d047b8ab0ce81aa0dd93bbd15104 alternate_color avia-section-default avia-no-border-styling  avia-builder-el-1  el_after_pixel_headimage  el_before_av_section  avia-bg-style-scroll container_wrap fullsize'  ><div class='container av-section-cont-open' ><div class='template-page content  av-content-full alpha units'><div class='post-entry post-entry-type-page post-entry-31630'><div class='entry-content-wrapper clearfix'>\n<div  class='flex_column av-1a7ops-052689a75a412cea9f1b41d98ac3d057 av_two_third  avia-builder-el-2  avia-builder-el-no-sibling  max-width-col two-third first flex_column_div av-animated-generic left-to-right  '     ><p><div class=\"pxl-headline pxl-hl hl-wrap | hl-sub--bot hl--align-left hl--std-margin    \">\n        <div class=\"hl-inner\">\n            <h2 class=\"hl-main hl-line |  hl_main--default  \">Ta\u015bmy samoprzylepne do wyka\u0144czania metalu<\/h2>\n            <span class=\"hl-sub hl-line |  hl_sub--default  \">Wymagaj\u0105ce wymagania, niestandardowe rozwi\u0105zania <\/span>\n    <\/div>\n<\/div>\n<br \/>\n<section  class='av_textblock_section av-lhoxah3q-6fb0448d550293c728b24e4619f075ff '   itemscope=\"itemscope\" itemtype=\"https:\/\/schema.org\/CreativeWork\" ><div class='avia_textblock'  itemprop=\"text\" ><p>Techniczne ta\u015bmy samoprzylepne s\u0105 stosowane w wielu dziedzinach przemys\u0142u, w tym do wyka\u0144czania metali. <a title=\"Techniczne ta\u015bmy samoprzylepne do metalu\" href=\"\/klebebaender\/\">Metalowe ta\u015bmy samoprzylepne<\/a>, kt\u00f3re s\u0105 wysoce odporne na temperatur\u0119, chemikalia i p\u0142omienie, s\u0105 u\u017cywane wielokrotnie. Ulubionym rozwi\u0105zaniem w dziedzinie wyka\u0144czania metalu jest aluminiowa ta\u015bma samoprzylepna. Ze wzgl\u0119du na wysok\u0105 obci\u0105\u017calno\u015b\u0107 termiczn\u0105, chroni wra\u017cliwe powierzchnie i jest stosowany do uszczelniania kana\u0142\u00f3w powietrznych, podw\u00f3jnych szyb, a tak\u017ce \u0142\u0105czy panele izolacyjne. Aby uzyska\u0107 wi\u0119cej informacji na temat aluminiowej ta\u015bmy samoprzylepnej, skorzystaj z naszego <a title=\"Skorzystaj z naszego formularza kontaktowego, aby uzyska\u0107 porad\u0119\" href=\"\/ueber-cardinal\/kontakt\/\">formularza zapytania<\/a> lub skontaktuj si\u0119 z nami telefonicznie pod numerem <a class=\"telelink\" href=\"tel:+490202266850\" target=\"_blank\" rel=\"nofollow\">+49.202.266850<\/a>.<\/p>\n<p>Oczywi\u015bcie, jako partner handlowy w zakresie gotowych technologii klejenia, oferujemy r\u00f3\u017cne ta\u015bmy samoprzylepne w szerokiej gamie wyko\u0144cze\u0144, matowych lub b\u0142yszcz\u0105cych, w kolorach srebrnym, czarnym lub bia\u0142ym. Poniewa\u017c naszym celem jest znalezienie najlepszego rozwi\u0105zania dla ka\u017cdej potrzeby, firma cardinal TAPES opracowa\u0142a szerok\u0105 gam\u0119 technicznych ta\u015bm samoprzylepnych. Aby uzyska\u0107 wi\u0119cej informacji na temat ta\u015bm samoprzylepnych dla przemys\u0142u metalowego, nasz nowy katalog produkt\u00f3w jest ju\u017c dost\u0119pny do <a title=\"Nasz katalog ta\u015bm samoprzylepnych jest dost\u0119pny do pobrania\" href=\"https:\/\/cardinal-tapes.com\/pl\/pliki-do-pobrania\/\">pobrania<\/a>. Je\u015bli chcesz otrzyma\u0107 wydrukowany egzemplarz zawieraj\u0105cy pr\u00f3bk\u0119, skontaktuj si\u0119 z nami.<\/p>\n<p>Zawsze staramy si\u0119 znale\u017a\u0107 optymalne rozwi\u0105zania dla indywidualnych \u017cycze\u0144.<\/p>\n<\/div><\/section><\/p><\/div>\n\n<\/div><\/div><\/div><!-- close content main div --><\/div><\/div><div id='av_section_2'  class='avia-section av-iru7s-a61a3a9919dfb9747a0d59a860f78450 main_color avia-section-default avia-no-border-styling  avia-builder-el-5  el_after_av_section  avia-builder-el-last  gradient-section avia-bg-style-scroll container_wrap fullsize'  ><div class='container av-section-cont-open' ><div class='template-page content  av-content-full alpha units'><div class='post-entry post-entry-type-page post-entry-31630'><div class='entry-content-wrapper clearfix'>\n<div  class='flex_column av-gtn7k-cf1b2dc47b9fb6371ff9f34db4985012 av_one_full  avia-builder-el-6  avia-builder-el-no-sibling  first flex_column_div av-animated-generic left-to-right  '     ><p><div class=\"pxl-headline pxl-hl hl-wrap | hl-sub--bot hl--align-left hl--no-margin    \">\n        <div class=\"hl-inner\">\n            <h2 class=\"hl-main hl-line |  hl_main--default  \">Najwa\u017cniejsze cechy produktu<\/h2>\n            <span class=\"hl-sub hl-line |  hl_sub--default  \">Innowacyjno\u015b\u0107 i wysoka jako\u015b\u0107<\/span>\n    <\/div>\n<\/div>\n<br \/>\n<div   data-autoplay=''  data-interval='5'  data-animation='fade'  data-hoverpause='1'  class='template-shop avia-content-slider avia-content-slider-active avia-product-slider1 avia-content-slider-even  avia-builder-el-8  el_after_pixel_sc_headline  el_before_av_button   shop_columns_4' ><div class='avia-content-slider-inner'><ul class=\"products slide-entry-wrap\"><li class=\"product type-product post-75160 status-publish first instock product_cat-tasmy-dwustronnie-klejace product_cat-produkcja-obrobka-aluminium product_cat-przemysl-elektryczny product_cat-produkcja-folii product_cat-ogrzewanie-i-klimatyzacja product_cat-przemysl-tworzyw-sztucznych product_cat-inzynieria-mechaniczna product_cat-wykonczenie-metalu product_cat-przemysl-tekstylny has-post-thumbnail taxable shipping-taxable purchasable product-type-variable\">\n\t<div class='inner_product main_color wrapped_style noLightbox  av-product-class-no_button'><a href=\"https:\/\/cardinal-tapes.com\/pl\/ta\u015bmy-samoprzylepne\/obszary-zastosowan\/produkcja-obrobka-aluminium\/tasma-samoprzylepna-ca-418-pet-pl\/\" class=\"woocommerce-LoopProduct-link woocommerce-loop-product__link\"><div class=\"thumbnail_container\"><img decoding=\"async\" loading=\"lazy\" width=\"380\" height=\"380\" src=\"https:\/\/cardinal-tapes.com\/wp-content\/uploads\/ca_420_19x50mm.jpg\" class=\"wp-image-81357 avia-img-lazy-loading-81357 attachment-shop_catalog size-shop_catalog wp-post-image\" alt=\"Ta\u015bma samoprzylepna CA-420 PET - dwustronny, Folia PET, Rozpuszczalnik akrylanowy - Ilustracja 81357\" srcset=\"https:\/\/cardinal-tapes.com\/wp-content\/uploads\/ca_420_19x50mm.jpg 380w, https:\/\/cardinal-tapes.com\/wp-content\/uploads\/ca_420_19x50mm-200x200.jpg 200w, https:\/\/cardinal-tapes.com\/wp-content\/uploads\/ca_420_19x50mm-80x80.jpg 80w, https:\/\/cardinal-tapes.com\/wp-content\/uploads\/ca_420_19x50mm-36x36.jpg 36w, https:\/\/cardinal-tapes.com\/wp-content\/uploads\/ca_420_19x50mm-180x180.jpg 180w, https:\/\/cardinal-tapes.com\/wp-content\/uploads\/ca_420_19x50mm-120x120.jpg 120w, https:\/\/cardinal-tapes.com\/wp-content\/uploads\/ca_420_19x50mm-100x100.jpg 100w\" sizes=\"auto, (max-width: 380px) 100vw, 380px\" \/><\/div><div class='inner_product_header'><div class='avia-arrow'><\/div><div class='inner_product_header_table'><div class='inner_product_header_cell'><span class=\"is-h2 woocommerce-loop-product__title\">Ta\u015bma samoprzylepna CA-420 PET<\/span>\t\t<div class=\"product-infos\">\n\t\t\t\t\t\t\t<span class='product-infos__item'><b>Pow\u0142oka:<\/b> dwustronny<\/span>\n\t\t\t\t\t\t\t\t\t\t<span class='product-infos__item'><b>Rodzaj materia\u0142u:<\/b> Folia PET<\/span>\n\t\t\t\t\t\t\t\t\t\t<span class='product-infos__item'><b>Producent:<\/b> cardinal GmbH<\/span>\n\t\t\t\t\t\t\t\t\t\t<span class='product-infos__item'><b>Cena na \u017c\u0105danie<\/b><\/span>\n\t\t\t\t\t<\/div>\n\t<\/div><\/div><\/div><\/a><\/div><\/li>\n<li class=\"product type-product post-63439 status-publish instock product_cat-aluminiowa-tasma-samoprzylepna product_cat-przemysl-elektryczny product_cat-wykonczenie-metalu product_cat-jednostronne-tasmy-samoprzylepne has-post-thumbnail taxable shipping-taxable purchasable product-type-variable\">\n\t<div class='inner_product main_color wrapped_style noLightbox  av-product-class-no_button'><a href=\"https:\/\/cardinal-tapes.com\/pl\/ta\u015bmy-samoprzylepne\/obszary-zastosowan\/aluminiowa-tasma-samoprzylepna\/3m-435-436-433-431-427-425-doppelseitige-metallklebebaender\/\" class=\"woocommerce-LoopProduct-link woocommerce-loop-product__link\"><div class=\"thumbnail_container\"><img decoding=\"async\" loading=\"lazy\" width=\"450\" height=\"450\" src=\"https:\/\/cardinal-tapes.com\/wp-content\/uploads\/3m_metallklebeband_425-450x450.jpg\" class=\"wp-image-24358 avia-img-lazy-loading-24358 attachment-shop_catalog size-shop_catalog wp-post-image\" alt=\"Ta\u015bmy metalowe 3M\u2122 425 427 431 433 435 436 - jednostronny, Metal, Akryl - Ilustracja 24358\" srcset=\"https:\/\/cardinal-tapes.com\/wp-content\/uploads\/3m_metallklebeband_425-450x450.jpg 450w, https:\/\/cardinal-tapes.com\/wp-content\/uploads\/3m_metallklebeband_425-120x120.jpg 120w, https:\/\/cardinal-tapes.com\/wp-content\/uploads\/3m_metallklebeband_425-80x80.jpg 80w, https:\/\/cardinal-tapes.com\/wp-content\/uploads\/3m_metallklebeband_425-200x200.jpg 200w, https:\/\/cardinal-tapes.com\/wp-content\/uploads\/3m_metallklebeband_425-36x36.jpg 36w, https:\/\/cardinal-tapes.com\/wp-content\/uploads\/3m_metallklebeband_425-180x180.jpg 180w, https:\/\/cardinal-tapes.com\/wp-content\/uploads\/3m_metallklebeband_425-100x100.jpg 100w, https:\/\/cardinal-tapes.com\/wp-content\/uploads\/3m_metallklebeband_425.jpg 600w\" sizes=\"auto, (max-width: 450px) 100vw, 450px\" \/><\/div><div class='inner_product_header'><div class='avia-arrow'><\/div><div class='inner_product_header_table'><div class='inner_product_header_cell'><span class=\"is-h2 woocommerce-loop-product__title\">Ta\u015bmy metalowe 3M\u2122 425 427 431 433 435 436<\/span>\t\t<div class=\"product-infos\">\n\t\t\t\t\t\t\t<span class='product-infos__item'><b>Pow\u0142oka:<\/b> jednostronny<\/span>\n\t\t\t\t\t\t\t\t\t\t<span class='product-infos__item'><b>Rodzaj materia\u0142u:<\/b> Metal<\/span>\n\t\t\t\t\t\t\t\t\t\t<span class='product-infos__item'><b>Producent:<\/b> 3M<\/span>\n\t\t\t\t\t\t\t\t\t\t<span class='product-infos__item'><b>Cena na \u017c\u0105danie<\/b><\/span>\n\t\t\t\t\t<\/div>\n\t<\/div><\/div><\/div><\/a><\/div><\/li>\n<li class=\"product type-product post-55380 status-publish instock product_cat-wykonczenie-metalu product_cat-stal-i-szklo product_cat-tasmy-dwustronnie-klejace product_cat-przemysl-motoryzacyjny product_cat-przemysl-betonowy product_cat-przemysl-elektryczny product_cat-przemysl-tworzyw-sztucznych product_cat-inzynieria-mechaniczna product_cat-prezentacja-wkladu has-post-thumbnail taxable shipping-taxable purchasable product-type-variable\">\n\t<div class='inner_product main_color wrapped_style noLightbox  av-product-class-no_button'><a href=\"https:\/\/cardinal-tapes.com\/pl\/ta\u015bmy-samoprzylepne\/obszary-zastosowan\/przemysl-motoryzacyjny\/3m-5925-f-vhb-klebeband\/\" class=\"woocommerce-LoopProduct-link woocommerce-loop-product__link\"><div class=\"thumbnail_container\"><img decoding=\"async\" loading=\"lazy\" width=\"450\" height=\"450\" src=\"https:\/\/cardinal-tapes.com\/wp-content\/uploads\/3m-5952-f-vhb-doppelseitiges-klebeband-450x450.jpg\" class=\"wp-image-26650 avia-img-lazy-loading-26650 attachment-shop_catalog size-shop_catalog wp-post-image\" alt=\"Ta\u015bma 3M\u2122 VHB\u2122 5925 F - dwustronny, Pianka akrylowa, Akryl - Ilustracja 26650\" srcset=\"https:\/\/cardinal-tapes.com\/wp-content\/uploads\/3m-5952-f-vhb-doppelseitiges-klebeband-450x450.jpg 450w, https:\/\/cardinal-tapes.com\/wp-content\/uploads\/3m-5952-f-vhb-doppelseitiges-klebeband-120x120.jpg 120w, https:\/\/cardinal-tapes.com\/wp-content\/uploads\/3m-5952-f-vhb-doppelseitiges-klebeband-80x80.jpg 80w, https:\/\/cardinal-tapes.com\/wp-content\/uploads\/3m-5952-f-vhb-doppelseitiges-klebeband-36x36.jpg 36w, https:\/\/cardinal-tapes.com\/wp-content\/uploads\/3m-5952-f-vhb-doppelseitiges-klebeband-180x180.jpg 180w, https:\/\/cardinal-tapes.com\/wp-content\/uploads\/3m-5952-f-vhb-doppelseitiges-klebeband-100x100.jpg 100w\" sizes=\"auto, (max-width: 450px) 100vw, 450px\" \/><\/div><div class='inner_product_header'><div class='avia-arrow'><\/div><div class='inner_product_header_table'><div class='inner_product_header_cell'><span class=\"is-h2 woocommerce-loop-product__title\">Ta\u015bma 3M\u2122 VHB\u2122 5925 F<\/span>\t\t<div class=\"product-infos\">\n\t\t\t\t\t\t\t<span class='product-infos__item'><b>Pow\u0142oka:<\/b> dwustronny<\/span>\n\t\t\t\t\t\t\t\t\t\t<span class='product-infos__item'><b>Rodzaj materia\u0142u:<\/b> Pianka akrylowa<\/span>\n\t\t\t\t\t\t\t\t\t\t<span class='product-infos__item'><b>Producent:<\/b> 3M<\/span>\n\t\t\t\t\t\t\t\t\t\t<span class='product-infos__item'><b>Cena na \u017c\u0105danie<\/b><\/span>\n\t\t\t\t\t<\/div>\n\t<\/div><\/div><\/div><\/a><\/div><\/li>\n<\/ul><\/div><\/div><div class=\"clear\"><\/div><br \/>\n<div  class='avia-button-wrap av-6mvi8-154518bac01206e3bd9091a7063f287d-wrap avia-button-left '><a href='https:\/\/cardinal-tapes.com\/pl\/tasmy-samoprzylepne-pl\/'  class='avia-button av-6mvi8-154518bac01206e3bd9091a7063f287d avia-icon_select-no avia-size-medium avia-position-left avia-color-theme-color layout-border color-white'  ><span class='avia_iconbox_title' >Wszystkie produkty<\/span><\/a><\/div><\/p><\/div>\n","protected":false},"excerpt":{"rendered":"","protected":false},"author":1,"featured_media":0,"parent":30840,"menu_order":16,"comment_status":"closed","ping_status":"closed","template":"","meta":{"_acf_changed":false,"footnotes":""},"class_list":["post-31630","page","type-page","status-publish","hentry"],"acf":[],"yoast_head":"<!-- This site is optimized with the Yoast SEO plugin v27.3 - https:\/\/yoast.com\/product\/yoast-seo-wordpress\/ -->\n<title>Ta\u015bmy samoprzylepne do wyka\u0144czania metalu | cardinal TAPES<\/title>\n<meta name=\"description\" content=\"Techniczne ta\u015bmy samoprzylepne s\u0105 stosowane w wielu dziedzinach przemys\u0142u, w tym do wyka\u0144czania metali. Wi\u0119cej informacji tutaj.\" \/>\n<meta name=\"robots\" content=\"index, follow, max-snippet:-1, max-image-preview:large, max-video-preview:-1\" \/>\n<link rel=\"canonical\" href=\"https:\/\/cardinal-tapes.com\/pl\/tasmy-samoprzylepne-pl\/obszary-zastosowania\/wykonczenie-metalu\/\" \/>\n<meta property=\"og:locale\" content=\"pl_PL\" \/>\n<meta property=\"og:type\" content=\"article\" \/>\n<meta property=\"og:title\" content=\"Ta\u015bmy samoprzylepne do wyka\u0144czania metalu | cardinal TAPES\" \/>\n<meta property=\"og:description\" content=\"Techniczne ta\u015bmy samoprzylepne s\u0105 stosowane w wielu dziedzinach przemys\u0142u, w tym do wyka\u0144czania metali. Wi\u0119cej informacji tutaj.\" \/>\n<meta property=\"og:url\" content=\"https:\/\/cardinal-tapes.com\/pl\/tasmy-samoprzylepne-pl\/obszary-zastosowania\/wykonczenie-metalu\/\" \/>\n<meta property=\"og:site_name\" content=\"cardinal TAPES\" \/>\n<meta property=\"article:modified_time\" content=\"2023-06-16T14:03:50+00:00\" \/>\n<meta name=\"twitter:card\" content=\"summary_large_image\" \/>\n<meta name=\"twitter:label1\" content=\"Szacowany czas czytania\" \/>\n\t<meta name=\"twitter:data1\" content=\"5 minut\" \/>\n<script type=\"application\/ld+json\" class=\"yoast-schema-graph\">{\"@context\":\"https:\\\/\\\/schema.org\",\"@graph\":[{\"@type\":\"WebPage\",\"@id\":\"https:\\\/\\\/cardinal-tapes.com\\\/pl\\\/tasmy-samoprzylepne-pl\\\/obszary-zastosowania\\\/wykonczenie-metalu\\\/\",\"url\":\"https:\\\/\\\/cardinal-tapes.com\\\/pl\\\/tasmy-samoprzylepne-pl\\\/obszary-zastosowania\\\/wykonczenie-metalu\\\/\",\"name\":\"Ta\u015bmy samoprzylepne do wyka\u0144czania metalu | cardinal TAPES\",\"isPartOf\":{\"@id\":\"https:\\\/\\\/cardinal-tapes.com\\\/#website\"},\"datePublished\":\"2023-06-02T08:59:51+00:00\",\"dateModified\":\"2023-06-16T14:03:50+00:00\",\"description\":\"Techniczne ta\u015bmy samoprzylepne s\u0105 stosowane w wielu dziedzinach przemys\u0142u, w tym do wyka\u0144czania metali. Wi\u0119cej informacji tutaj.\",\"breadcrumb\":{\"@id\":\"https:\\\/\\\/cardinal-tapes.com\\\/pl\\\/tasmy-samoprzylepne-pl\\\/obszary-zastosowania\\\/wykonczenie-metalu\\\/#breadcrumb\"},\"inLanguage\":\"pl-PL\",\"potentialAction\":[{\"@type\":\"ReadAction\",\"target\":[\"https:\\\/\\\/cardinal-tapes.com\\\/pl\\\/tasmy-samoprzylepne-pl\\\/obszary-zastosowania\\\/wykonczenie-metalu\\\/\"]}]},{\"@type\":\"BreadcrumbList\",\"@id\":\"https:\\\/\\\/cardinal-tapes.com\\\/pl\\\/tasmy-samoprzylepne-pl\\\/obszary-zastosowania\\\/wykonczenie-metalu\\\/#breadcrumb\",\"itemListElement\":[{\"@type\":\"ListItem\",\"position\":1,\"name\":\"Startseite\",\"item\":\"https:\\\/\\\/cardinal-tapes.com\\\/pl\\\/strona-glowna\\\/\"},{\"@type\":\"ListItem\",\"position\":2,\"name\":\"Ta\u015bmy samoprzylepne\",\"item\":\"https:\\\/\\\/cardinal-tapes.com\\\/pl\\\/tasmy-samoprzylepne-pl\\\/\"},{\"@type\":\"ListItem\",\"position\":3,\"name\":\"Obszary zastosowania\",\"item\":\"https:\\\/\\\/cardinal-tapes.com\\\/pl\\\/tasmy-samoprzylepne-pl__trashed\\\/obszary-zastosowania\\\/\"},{\"@type\":\"ListItem\",\"position\":4,\"name\":\"Wyko\u0144czenie metalu\"}]},{\"@type\":\"WebSite\",\"@id\":\"https:\\\/\\\/cardinal-tapes.com\\\/#website\",\"url\":\"https:\\\/\\\/cardinal-tapes.com\\\/\",\"name\":\"cardinal TAPES\",\"description\":\"Klebetechnik aus Wuppertal\",\"potentialAction\":[{\"@type\":\"SearchAction\",\"target\":{\"@type\":\"EntryPoint\",\"urlTemplate\":\"https:\\\/\\\/cardinal-tapes.com\\\/?s={search_term_string}\"},\"query-input\":{\"@type\":\"PropertyValueSpecification\",\"valueRequired\":true,\"valueName\":\"search_term_string\"}}],\"inLanguage\":\"pl-PL\"}]}<\/script>\n<!-- \/ Yoast SEO plugin. -->","yoast_head_json":{"title":"Ta\u015bmy samoprzylepne do wyka\u0144czania metalu | cardinal TAPES","description":"Techniczne ta\u015bmy samoprzylepne s\u0105 stosowane w wielu dziedzinach przemys\u0142u, w tym do wyka\u0144czania metali. Wi\u0119cej informacji tutaj.","robots":{"index":"index","follow":"follow","max-snippet":"max-snippet:-1","max-image-preview":"max-image-preview:large","max-video-preview":"max-video-preview:-1"},"canonical":"https:\/\/cardinal-tapes.com\/pl\/tasmy-samoprzylepne-pl\/obszary-zastosowania\/wykonczenie-metalu\/","og_locale":"pl_PL","og_type":"article","og_title":"Ta\u015bmy samoprzylepne do wyka\u0144czania metalu | cardinal TAPES","og_description":"Techniczne ta\u015bmy samoprzylepne s\u0105 stosowane w wielu dziedzinach przemys\u0142u, w tym do wyka\u0144czania metali. Wi\u0119cej informacji tutaj.","og_url":"https:\/\/cardinal-tapes.com\/pl\/tasmy-samoprzylepne-pl\/obszary-zastosowania\/wykonczenie-metalu\/","og_site_name":"cardinal TAPES","article_modified_time":"2023-06-16T14:03:50+00:00","twitter_card":"summary_large_image","twitter_misc":{"Szacowany czas czytania":"5 minut"},"schema":{"@context":"https:\/\/schema.org","@graph":[{"@type":"WebPage","@id":"https:\/\/cardinal-tapes.com\/pl\/tasmy-samoprzylepne-pl\/obszary-zastosowania\/wykonczenie-metalu\/","url":"https:\/\/cardinal-tapes.com\/pl\/tasmy-samoprzylepne-pl\/obszary-zastosowania\/wykonczenie-metalu\/","name":"Ta\u015bmy samoprzylepne do wyka\u0144czania metalu | cardinal TAPES","isPartOf":{"@id":"https:\/\/cardinal-tapes.com\/#website"},"datePublished":"2023-06-02T08:59:51+00:00","dateModified":"2023-06-16T14:03:50+00:00","description":"Techniczne ta\u015bmy samoprzylepne s\u0105 stosowane w wielu dziedzinach przemys\u0142u, w tym do wyka\u0144czania metali. Wi\u0119cej informacji tutaj.","breadcrumb":{"@id":"https:\/\/cardinal-tapes.com\/pl\/tasmy-samoprzylepne-pl\/obszary-zastosowania\/wykonczenie-metalu\/#breadcrumb"},"inLanguage":"pl-PL","potentialAction":[{"@type":"ReadAction","target":["https:\/\/cardinal-tapes.com\/pl\/tasmy-samoprzylepne-pl\/obszary-zastosowania\/wykonczenie-metalu\/"]}]},{"@type":"BreadcrumbList","@id":"https:\/\/cardinal-tapes.com\/pl\/tasmy-samoprzylepne-pl\/obszary-zastosowania\/wykonczenie-metalu\/#breadcrumb","itemListElement":[{"@type":"ListItem","position":1,"name":"Startseite","item":"https:\/\/cardinal-tapes.com\/pl\/strona-glowna\/"},{"@type":"ListItem","position":2,"name":"Ta\u015bmy samoprzylepne","item":"https:\/\/cardinal-tapes.com\/pl\/tasmy-samoprzylepne-pl\/"},{"@type":"ListItem","position":3,"name":"Obszary zastosowania","item":"https:\/\/cardinal-tapes.com\/pl\/tasmy-samoprzylepne-pl__trashed\/obszary-zastosowania\/"},{"@type":"ListItem","position":4,"name":"Wyko\u0144czenie metalu"}]},{"@type":"WebSite","@id":"https:\/\/cardinal-tapes.com\/#website","url":"https:\/\/cardinal-tapes.com\/","name":"cardinal TAPES","description":"Klebetechnik aus Wuppertal","potentialAction":[{"@type":"SearchAction","target":{"@type":"EntryPoint","urlTemplate":"https:\/\/cardinal-tapes.com\/?s={search_term_string}"},"query-input":{"@type":"PropertyValueSpecification","valueRequired":true,"valueName":"search_term_string"}}],"inLanguage":"pl-PL"}]}},"_links":{"self":[{"href":"https:\/\/cardinal-tapes.com\/pl\/wp-json\/wp\/v2\/pages\/31630","targetHints":{"allow":["GET"]}}],"collection":[{"href":"https:\/\/cardinal-tapes.com\/pl\/wp-json\/wp\/v2\/pages"}],"about":[{"href":"https:\/\/cardinal-tapes.com\/pl\/wp-json\/wp\/v2\/types\/page"}],"author":[{"embeddable":true,"href":"https:\/\/cardinal-tapes.com\/pl\/wp-json\/wp\/v2\/users\/1"}],"replies":[{"embeddable":true,"href":"https:\/\/cardinal-tapes.com\/pl\/wp-json\/wp\/v2\/comments?post=31630"}],"version-history":[{"count":0,"href":"https:\/\/cardinal-tapes.com\/pl\/wp-json\/wp\/v2\/pages\/31630\/revisions"}],"up":[{"embeddable":true,"href":"https:\/\/cardinal-tapes.com\/pl\/wp-json\/wp\/v2\/pages\/30840"}],"wp:attachment":[{"href":"https:\/\/cardinal-tapes.com\/pl\/wp-json\/wp\/v2\/media?parent=31630"}],"curies":[{"name":"wp","href":"https:\/\/api.w.org\/{rel}","templated":true}]}}