{"id":31623,"date":"2023-06-02T10:59:50","date_gmt":"2023-06-02T08:59:50","guid":{"rendered":"https:\/\/cardinal.pixel-tal.de\/tasmy-samoprzylepne\/tasma-klejaca-abc\/tasmy-filamentowe\/"},"modified":"2023-06-02T11:10:49","modified_gmt":"2023-06-02T09:10:49","slug":"tasmy-filamentowe","status":"publish","type":"page","link":"https:\/\/cardinal-tapes.com\/pl\/tasmy-samoprzylepne-pl\/tasma-klejaca-abc\/tasmy-filamentowe\/","title":{"rendered":"Ta\u015bmy filamentowe"},"content":{"rendered":"<div id='av_section_1'  class='avia-section av-7q7idq-b317dec369afccff6873f5d26d7fab7b alternate_color avia-section-default avia-no-border-styling  avia-builder-el-0  avia-builder-el-no-sibling  avia-bg-style-scroll container_wrap fullsize'  ><div class='container av-section-cont-open' ><main  role=\"main\" itemprop=\"mainContentOfPage\"  class='template-page content  av-content-full alpha units'><div class='post-entry post-entry-type-page post-entry-31623'><div class='entry-content-wrapper clearfix'>\n<div  class='flex_column av-6as35a-8e96381d9f098275b91a4fb4b6148388 av_one_full  avia-builder-el-1  el_before_av_one_half  avia-builder-el-first  first flex_column_div  '     ><div class=\"pxl-headline pxl-hl hl-wrap | hl-sub--off hl--align-left hl--no-margin    \">\n        <div class=\"hl-inner\">\n            <h2 class=\"hl-main hl-line |  hl_main--default  \">Ta\u015bmy filamentowe<\/h2>\n            \n    <\/div>\n<\/div><\/div><div  class='flex_column av-4if4ni-93666406a04a2d41d87d87f7c698f92c av_one_half  avia-builder-el-3  el_after_av_one_full  el_before_av_one_half  first flex_column_div  column-top-margin'     ><section  class='av_textblock_section av-5v63ny-64d81e607a0e3693eefc117e51e436dd '   itemscope=\"itemscope\" itemtype=\"https:\/\/schema.org\/CreativeWork\" ><div class='avia_textblock'  itemprop=\"text\" ><p>Kategoria ta\u015bm filamentowych obejmuje na przyk\u0142ad ta\u015bmy spinaj\u0105ce i ta\u015bmy wzmocnione w\u0142\u00f3knem szklanym. Imponuj\u0105 one ogromn\u0105 wytrzyma\u0142o\u015bci\u0105 na rozdarcie i s\u0105 szczeg\u00f3lnie odpowiednie do zastosowa\u0144 wymagaj\u0105cych wysokiej przyczepno\u015bci natychmiastowej. Mo\u017ce to obejmowa\u0107 na przyk\u0142ad zabezpieczenie i wzmocnienie rozdartych lub uszkodzonych pude\u0142ek. Ponadto ta\u015bmy filamentowe s\u0105 idealne do zabezpieczania palet i innych zastosowa\u0144 zwi\u0105zanych z bezpiecze\u0144stwem transportu.<\/p>\n<\/div><\/section><\/div><div  class='flex_column av-2q98se-d43b8b1c84c0a0d3c85711c1b9c8d9cc av_one_half  avia-builder-el-5  el_after_av_one_half  avia-builder-el-last  flex_column_div  column-top-margin'     ><section  class='av_textblock_section av-2rayta-8aa049b995d5ba08cf355fac91a663a6 '   itemscope=\"itemscope\" itemtype=\"https:\/\/schema.org\/CreativeWork\" ><div class='avia_textblock'  itemprop=\"text\" ><h4>R\u00f3\u017cnice w ta\u015bmach filamentowych<\/h4>\n<p>Istniej\u0105 r\u00f3\u017cne rodzaje ta\u015bm filamentowych. R\u00f3\u017cnice tkwi\u0105 w materiale, niezale\u017cnie od tego, czy s\u0105 to ta\u015bmy wzmocnione w\u0142\u00f3knem szklanym, w\u0142\u00f3knami tekstylnymi czy ni\u0107mi poliestrowymi. Biegn\u0105 one wzd\u0142u\u017cnie, poprzecznie lub nawet w poprzek. Ta\u015bmy filamentowe charakteryzuj\u0105 si\u0119 wyj\u0105tkow\u0105 odporno\u015bci\u0105 na zrywanie i s\u0105 u\u017cywane do szybkiego i profesjonalnego zaklejania karton\u00f3w i materia\u0142\u00f3w opakowaniowych.<\/p>\n<p>Poni\u017csza lista naszych ta\u015bm filamentowych s\u0142u\u017cy jako og\u00f3lny przegl\u0105d. Je\u015bli nie znajdziesz tutaj odpowiedniego rozwi\u0105zania dla swoich specjalnych wymaga\u0144, skontaktuj si\u0119 z nami osobi\u015bcie.<\/p>\n<p>Nasz asortyment produkt\u00f3w jest stale poszerzany i aktualizowany zgodnie z najnowszymi osi\u0105gni\u0119ciami. Znajdziemy r\u00f3wnie\u017c optymalne rozwi\u0105zania dla Twoich indywidualnych \u017cycze\u0144.<\/p>\n<\/div><\/section><\/div>\n\n","protected":false},"excerpt":{"rendered":"","protected":false},"author":1,"featured_media":0,"parent":30844,"menu_order":25,"comment_status":"closed","ping_status":"closed","template":"","meta":{"_acf_changed":false,"footnotes":""},"class_list":["post-31623","page","type-page","status-publish","hentry"],"acf":[],"yoast_head":"<!-- This site is optimized with the Yoast SEO plugin v27.3 - https:\/\/yoast.com\/product\/yoast-seo-wordpress\/ -->\n<title>Ta\u015bmy filamentowe - cardinal TAPES<\/title>\n<meta name=\"description\" content=\"Ta\u015bmy filamentowe imponuj\u0105 ogromn\u0105 odporno\u015bci\u0105 na rozdarcie i s\u0105 szczeg\u00f3lnie odpowiednie do zastosowa\u0144 wymagaj\u0105cych wysokiej przyczepno\u015bci natychmiastowej.\" \/>\n<meta name=\"robots\" content=\"index, follow, max-snippet:-1, max-image-preview:large, max-video-preview:-1\" \/>\n<link rel=\"canonical\" href=\"https:\/\/cardinal-tapes.com\/pl\/tasmy-samoprzylepne-pl__trashed\/tasma-klejaca-abc\/tasmy-filamentowe\/\" \/>\n<meta property=\"og:locale\" content=\"pl_PL\" \/>\n<meta property=\"og:type\" content=\"article\" \/>\n<meta property=\"og:title\" content=\"Ta\u015bmy filamentowe - cardinal TAPES\" \/>\n<meta property=\"og:description\" content=\"Ta\u015bmy filamentowe imponuj\u0105 ogromn\u0105 odporno\u015bci\u0105 na rozdarcie i s\u0105 szczeg\u00f3lnie odpowiednie do zastosowa\u0144 wymagaj\u0105cych wysokiej przyczepno\u015bci natychmiastowej.\" \/>\n<meta property=\"og:url\" content=\"https:\/\/cardinal-tapes.com\/pl\/tasmy-samoprzylepne-pl__trashed\/tasma-klejaca-abc\/tasmy-filamentowe\/\" \/>\n<meta property=\"og:site_name\" content=\"cardinal TAPES\" \/>\n<meta property=\"article:modified_time\" content=\"2023-06-02T09:10:49+00:00\" \/>\n<meta name=\"twitter:card\" content=\"summary_large_image\" \/>\n<meta name=\"twitter:label1\" content=\"Szacowany czas czytania\" \/>\n\t<meta name=\"twitter:data1\" content=\"9 minut\" \/>\n<script type=\"application\/ld+json\" class=\"yoast-schema-graph\">{\"@context\":\"https:\\\/\\\/schema.org\",\"@graph\":[{\"@type\":\"WebPage\",\"@id\":\"https:\\\/\\\/cardinal-tapes.com\\\/pl\\\/tasmy-samoprzylepne-pl__trashed\\\/tasma-klejaca-abc\\\/tasmy-filamentowe\\\/\",\"url\":\"https:\\\/\\\/cardinal-tapes.com\\\/pl\\\/tasmy-samoprzylepne-pl__trashed\\\/tasma-klejaca-abc\\\/tasmy-filamentowe\\\/\",\"name\":\"Ta\u015bmy filamentowe - cardinal TAPES\",\"isPartOf\":{\"@id\":\"https:\\\/\\\/cardinal-tapes.com\\\/#website\"},\"datePublished\":\"2023-06-02T08:59:50+00:00\",\"dateModified\":\"2023-06-02T09:10:49+00:00\",\"description\":\"Ta\u015bmy filamentowe imponuj\u0105 ogromn\u0105 odporno\u015bci\u0105 na rozdarcie i s\u0105 szczeg\u00f3lnie odpowiednie do zastosowa\u0144 wymagaj\u0105cych wysokiej przyczepno\u015bci natychmiastowej.\",\"breadcrumb\":{\"@id\":\"https:\\\/\\\/cardinal-tapes.com\\\/pl\\\/tasmy-samoprzylepne-pl__trashed\\\/tasma-klejaca-abc\\\/tasmy-filamentowe\\\/#breadcrumb\"},\"inLanguage\":\"pl-PL\",\"potentialAction\":[{\"@type\":\"ReadAction\",\"target\":[\"https:\\\/\\\/cardinal-tapes.com\\\/pl\\\/tasmy-samoprzylepne-pl__trashed\\\/tasma-klejaca-abc\\\/tasmy-filamentowe\\\/\"]}]},{\"@type\":\"BreadcrumbList\",\"@id\":\"https:\\\/\\\/cardinal-tapes.com\\\/pl\\\/tasmy-samoprzylepne-pl__trashed\\\/tasma-klejaca-abc\\\/tasmy-filamentowe\\\/#breadcrumb\",\"itemListElement\":[{\"@type\":\"ListItem\",\"position\":1,\"name\":\"Startseite\",\"item\":\"https:\\\/\\\/cardinal-tapes.com\\\/pl\\\/strona-glowna\\\/\"},{\"@type\":\"ListItem\",\"position\":2,\"name\":\"Ta\u015bma klej\u0105ca ABC\",\"item\":\"https:\\\/\\\/cardinal-tapes.com\\\/pl\\\/tasmy-samoprzylepne-pl__trashed\\\/tasma-klejaca-abc\\\/\"},{\"@type\":\"ListItem\",\"position\":3,\"name\":\"Ta\u015bmy filamentowe\"}]},{\"@type\":\"WebSite\",\"@id\":\"https:\\\/\\\/cardinal-tapes.com\\\/#website\",\"url\":\"https:\\\/\\\/cardinal-tapes.com\\\/\",\"name\":\"cardinal TAPES\",\"description\":\"Klebetechnik aus Wuppertal\",\"potentialAction\":[{\"@type\":\"SearchAction\",\"target\":{\"@type\":\"EntryPoint\",\"urlTemplate\":\"https:\\\/\\\/cardinal-tapes.com\\\/?s={search_term_string}\"},\"query-input\":{\"@type\":\"PropertyValueSpecification\",\"valueRequired\":true,\"valueName\":\"search_term_string\"}}],\"inLanguage\":\"pl-PL\"}]}<\/script>\n<!-- \/ Yoast SEO plugin. -->","yoast_head_json":{"title":"Ta\u015bmy filamentowe - cardinal TAPES","description":"Ta\u015bmy filamentowe imponuj\u0105 ogromn\u0105 odporno\u015bci\u0105 na rozdarcie i s\u0105 szczeg\u00f3lnie odpowiednie do zastosowa\u0144 wymagaj\u0105cych wysokiej przyczepno\u015bci natychmiastowej.","robots":{"index":"index","follow":"follow","max-snippet":"max-snippet:-1","max-image-preview":"max-image-preview:large","max-video-preview":"max-video-preview:-1"},"canonical":"https:\/\/cardinal-tapes.com\/pl\/tasmy-samoprzylepne-pl__trashed\/tasma-klejaca-abc\/tasmy-filamentowe\/","og_locale":"pl_PL","og_type":"article","og_title":"Ta\u015bmy filamentowe - cardinal TAPES","og_description":"Ta\u015bmy filamentowe imponuj\u0105 ogromn\u0105 odporno\u015bci\u0105 na rozdarcie i s\u0105 szczeg\u00f3lnie odpowiednie do zastosowa\u0144 wymagaj\u0105cych wysokiej przyczepno\u015bci natychmiastowej.","og_url":"https:\/\/cardinal-tapes.com\/pl\/tasmy-samoprzylepne-pl__trashed\/tasma-klejaca-abc\/tasmy-filamentowe\/","og_site_name":"cardinal TAPES","article_modified_time":"2023-06-02T09:10:49+00:00","twitter_card":"summary_large_image","twitter_misc":{"Szacowany czas czytania":"9 minut"},"schema":{"@context":"https:\/\/schema.org","@graph":[{"@type":"WebPage","@id":"https:\/\/cardinal-tapes.com\/pl\/tasmy-samoprzylepne-pl__trashed\/tasma-klejaca-abc\/tasmy-filamentowe\/","url":"https:\/\/cardinal-tapes.com\/pl\/tasmy-samoprzylepne-pl__trashed\/tasma-klejaca-abc\/tasmy-filamentowe\/","name":"Ta\u015bmy filamentowe - cardinal TAPES","isPartOf":{"@id":"https:\/\/cardinal-tapes.com\/#website"},"datePublished":"2023-06-02T08:59:50+00:00","dateModified":"2023-06-02T09:10:49+00:00","description":"Ta\u015bmy filamentowe imponuj\u0105 ogromn\u0105 odporno\u015bci\u0105 na rozdarcie i s\u0105 szczeg\u00f3lnie odpowiednie do zastosowa\u0144 wymagaj\u0105cych wysokiej przyczepno\u015bci natychmiastowej.","breadcrumb":{"@id":"https:\/\/cardinal-tapes.com\/pl\/tasmy-samoprzylepne-pl__trashed\/tasma-klejaca-abc\/tasmy-filamentowe\/#breadcrumb"},"inLanguage":"pl-PL","potentialAction":[{"@type":"ReadAction","target":["https:\/\/cardinal-tapes.com\/pl\/tasmy-samoprzylepne-pl__trashed\/tasma-klejaca-abc\/tasmy-filamentowe\/"]}]},{"@type":"BreadcrumbList","@id":"https:\/\/cardinal-tapes.com\/pl\/tasmy-samoprzylepne-pl__trashed\/tasma-klejaca-abc\/tasmy-filamentowe\/#breadcrumb","itemListElement":[{"@type":"ListItem","position":1,"name":"Startseite","item":"https:\/\/cardinal-tapes.com\/pl\/strona-glowna\/"},{"@type":"ListItem","position":2,"name":"Ta\u015bma klej\u0105ca ABC","item":"https:\/\/cardinal-tapes.com\/pl\/tasmy-samoprzylepne-pl__trashed\/tasma-klejaca-abc\/"},{"@type":"ListItem","position":3,"name":"Ta\u015bmy filamentowe"}]},{"@type":"WebSite","@id":"https:\/\/cardinal-tapes.com\/#website","url":"https:\/\/cardinal-tapes.com\/","name":"cardinal TAPES","description":"Klebetechnik aus Wuppertal","potentialAction":[{"@type":"SearchAction","target":{"@type":"EntryPoint","urlTemplate":"https:\/\/cardinal-tapes.com\/?s={search_term_string}"},"query-input":{"@type":"PropertyValueSpecification","valueRequired":true,"valueName":"search_term_string"}}],"inLanguage":"pl-PL"}]}},"_links":{"self":[{"href":"https:\/\/cardinal-tapes.com\/pl\/wp-json\/wp\/v2\/pages\/31623","targetHints":{"allow":["GET"]}}],"collection":[{"href":"https:\/\/cardinal-tapes.com\/pl\/wp-json\/wp\/v2\/pages"}],"about":[{"href":"https:\/\/cardinal-tapes.com\/pl\/wp-json\/wp\/v2\/types\/page"}],"author":[{"embeddable":true,"href":"https:\/\/cardinal-tapes.com\/pl\/wp-json\/wp\/v2\/users\/1"}],"replies":[{"embeddable":true,"href":"https:\/\/cardinal-tapes.com\/pl\/wp-json\/wp\/v2\/comments?post=31623"}],"version-history":[{"count":0,"href":"https:\/\/cardinal-tapes.com\/pl\/wp-json\/wp\/v2\/pages\/31623\/revisions"}],"up":[{"embeddable":true,"href":"https:\/\/cardinal-tapes.com\/pl\/wp-json\/wp\/v2\/pages\/30844"}],"wp:attachment":[{"href":"https:\/\/cardinal-tapes.com\/pl\/wp-json\/wp\/v2\/media?parent=31623"}],"curies":[{"name":"wp","href":"https:\/\/api.w.org\/{rel}","templated":true}]}}