{"id":31601,"date":"2023-06-02T10:59:50","date_gmt":"2023-06-02T08:59:50","guid":{"rendered":"https:\/\/cardinal.pixel-tal.de\/tasmy-samoprzylepne\/tasma-klejaca-abc\/metalowe-tasmy-samoprzylepne\/"},"modified":"2023-06-02T11:10:13","modified_gmt":"2023-06-02T09:10:13","slug":"metalowe-tasmy-samoprzylepne","status":"publish","type":"page","link":"https:\/\/cardinal-tapes.com\/pl\/tasmy-samoprzylepne-pl\/tasma-klejaca-abc\/metalowe-tasmy-samoprzylepne\/","title":{"rendered":"Metalowe ta\u015bmy samoprzylepne"},"content":{"rendered":"<div id='av_section_1'  class='avia-section av-sw8tg-a87da6748fd0f701919b2f18fddfd59d alternate_color avia-section-default avia-no-border-styling  avia-builder-el-0  avia-builder-el-no-sibling  avia-bg-style-scroll container_wrap fullsize'  ><div class='container av-section-cont-open' ><main  role=\"main\" itemprop=\"mainContentOfPage\"  class='template-page content  av-content-full alpha units'><div class='post-entry post-entry-type-page post-entry-31601'><div class='entry-content-wrapper clearfix'>\n<div  class='flex_column av-6kcqk4-1055b43807a72d32572c2aa6fed54e50 av_one_full  avia-builder-el-1  el_before_av_one_half  avia-builder-el-first  first flex_column_div  '     ><div class=\"pxl-headline pxl-hl hl-wrap | hl-sub--off hl--align-left hl--no-margin    \">\n        <div class=\"hl-inner\">\n            <h2 class=\"hl-main hl-line |  hl_main--default  \">Metalowe ta\u015bmy samoprzylepne<\/h2>\n            \n    <\/div>\n<\/div><\/div><div  class='flex_column av-3zm9dg-c89142e22edca946116295fe207bb18f av_one_half  avia-builder-el-3  el_after_av_one_full  el_before_av_one_half  first flex_column_div  column-top-margin'     ><section  class='av_textblock_section av-5xt9lg-64f8ad54889637ff8ff78c36e0685da4 '   itemscope=\"itemscope\" itemtype=\"https:\/\/schema.org\/CreativeWork\" ><div class='avia_textblock'  itemprop=\"text\" ><p>Kleje do metalu s\u0105 stosowane w wielu dziedzinach przemys\u0142u, na przyk\u0142ad w<a href=\"https:\/\/cardinal-tapes.com\/pl\/tasmy-samoprzylepne\/obszary-zastosowania\/przemysl-elektryczny\/\"> elektronice<\/a>,<a href=\"https:\/\/cardinal-tapes.com\/pl\/tasmy-samoprzylepne\/obszary-zastosowania\/inzynieria-mechaniczna\/\"> in\u017cynierii mechanicznej<\/a>, <a href=\"https:\/\/cardinal-tapes.com\/pl\/tasmy-samoprzylepne\/obszary-zastosowania\/ogrzewanie-wentylacja-i-klimatyzacja\/\">technologii klimatyzacji<\/a> oraz w <a href=\"https:\/\/cardinal-tapes.com\/pl\/tasmy-samoprzylepne\/obszary-zastosowania\/przemysl-stalowy-i-szklarski\/\">przemy\u015ble stalowym i szklarskim<\/a>. Doskona\u0142e w\u0142a\u015bciwo\u015bci ochronne pow\u0142oki metalowej, a tak\u017ce wysoka obci\u0105\u017calno\u015b\u0107 termiczna i odporno\u015b\u0107 na starzenie oferuj\u0105 trwa\u0142e rozwi\u0105zanie w zakresie uszczelniania, nawet w przypadku specjalnych wymaga\u0144.<\/p>\n<\/div><\/section><\/div><div  class='flex_column av-2l2zjo-d46bb9727f32a5ec45b6159f8fef5b4e av_one_half  avia-builder-el-5  el_after_av_one_half  avia-builder-el-last  flex_column_div  column-top-margin'     ><section  class='av_textblock_section av-2w75es-80b954226f5b08d1be046288ef993254 '   itemscope=\"itemscope\" itemtype=\"https:\/\/schema.org\/CreativeWork\" ><div class='avia_textblock'  itemprop=\"text\" ><h4>Zastosowanie metalowych ta\u015bm samoprzylepnych<\/h4>\n<p>Metalowe ta\u015bmy samoprzylepne s\u0105 stosowane do uszczelniania rur i kana\u0142\u00f3w wentylacyjnych, a tak\u017ce do izolacji przed ciep\u0142em lub zimnem. Asortyment metalowych ta\u015bm samoprzylepnych obejmuje ta\u015bmy <a href=\"https:\/\/cardinal-tapes.com\/pl\/tasmy-samoprzylepne\/tasma-klejaca-abc\/tasmy-samoprzylepne-ze-stali-nierdzewnej\/\">ze stali nierdzewnej<\/a>, ta\u015bmy o\u0142owiane,<a href=\"https:\/\/cardinal-tapes.com\/pl\/tasmy-samoprzylepne\/tasma-klejaca-abc\/tasmy-samoprzylepne-miedziane\/\"> miedziane ta\u015bmy samop<\/a>rzylepne, <a href=\"https:\/\/cardinal-tapes.com\/pl\/tasmy-samoprzylepne\/tasma-klejaca-abc\/aluminiowe-tasmy-samoprzylepne\/\">aluminiowe<\/a>ta\u015bmy samoprzylepne i wiele innych. Poni\u017csza lista naszych metalowych ta\u015bm samoprzylepnych s\u0142u\u017cy jedynie jako og\u00f3lny przegl\u0105d. Je\u015bli nie znajdziesz tutaj odpowiedniej ta\u015bmy samoprzylepnej do swojego projektu, skontaktuj si\u0119 z nami w dowolnym momencie, a my wsp\u00f3lnie znajdziemy najlepsze rozwi\u0105zanie.<\/p>\n<\/div><\/section><\/div>\n\n","protected":false},"excerpt":{"rendered":"","protected":false},"author":1,"featured_media":0,"parent":30844,"menu_order":28,"comment_status":"closed","ping_status":"closed","template":"","meta":{"_acf_changed":false,"footnotes":""},"class_list":["post-31601","page","type-page","status-publish","hentry"],"acf":[],"yoast_head":"<!-- This site is optimized with the Yoast SEO plugin v27.3 - https:\/\/yoast.com\/product\/yoast-seo-wordpress\/ -->\n<title>Metalowe ta\u015bmy samoprzylepne - cardinal TAPES<\/title>\n<meta name=\"description\" content=\"Kleje do metalu s\u0105 stosowane w wielu dziedzinach przemys\u0142u, na przyk\u0142ad w elektronice, in\u017cynierii mechanicznej, technologii klimatyzacji oraz w przemy\u015ble stalowym i szklarskim.\" \/>\n<meta name=\"robots\" content=\"index, follow, max-snippet:-1, max-image-preview:large, max-video-preview:-1\" \/>\n<link rel=\"canonical\" href=\"https:\/\/cardinal-tapes.com\/pl\/tasmy-samoprzylepne-pl__trashed\/tasma-klejaca-abc\/metalowe-tasmy-samoprzylepne\/\" \/>\n<meta property=\"og:locale\" content=\"pl_PL\" \/>\n<meta property=\"og:type\" content=\"article\" \/>\n<meta property=\"og:title\" content=\"Metalowe ta\u015bmy samoprzylepne - cardinal TAPES\" \/>\n<meta property=\"og:description\" content=\"Kleje do metalu s\u0105 stosowane w wielu dziedzinach przemys\u0142u, na przyk\u0142ad w elektronice, in\u017cynierii mechanicznej, technologii klimatyzacji oraz w przemy\u015ble stalowym i szklarskim.\" \/>\n<meta property=\"og:url\" content=\"https:\/\/cardinal-tapes.com\/pl\/tasmy-samoprzylepne-pl__trashed\/tasma-klejaca-abc\/metalowe-tasmy-samoprzylepne\/\" \/>\n<meta property=\"og:site_name\" content=\"cardinal TAPES\" \/>\n<meta property=\"article:modified_time\" content=\"2023-06-02T09:10:13+00:00\" \/>\n<meta name=\"twitter:card\" content=\"summary_large_image\" \/>\n<meta name=\"twitter:label1\" content=\"Szacowany czas czytania\" \/>\n\t<meta name=\"twitter:data1\" content=\"9 minut\" \/>\n<script type=\"application\/ld+json\" class=\"yoast-schema-graph\">{\"@context\":\"https:\\\/\\\/schema.org\",\"@graph\":[{\"@type\":\"WebPage\",\"@id\":\"https:\\\/\\\/cardinal-tapes.com\\\/pl\\\/tasmy-samoprzylepne-pl__trashed\\\/tasma-klejaca-abc\\\/metalowe-tasmy-samoprzylepne\\\/\",\"url\":\"https:\\\/\\\/cardinal-tapes.com\\\/pl\\\/tasmy-samoprzylepne-pl__trashed\\\/tasma-klejaca-abc\\\/metalowe-tasmy-samoprzylepne\\\/\",\"name\":\"Metalowe ta\u015bmy samoprzylepne - cardinal TAPES\",\"isPartOf\":{\"@id\":\"https:\\\/\\\/cardinal-tapes.com\\\/#website\"},\"datePublished\":\"2023-06-02T08:59:50+00:00\",\"dateModified\":\"2023-06-02T09:10:13+00:00\",\"description\":\"Kleje do metalu s\u0105 stosowane w wielu dziedzinach przemys\u0142u, na przyk\u0142ad w elektronice, in\u017cynierii mechanicznej, technologii klimatyzacji oraz w przemy\u015ble stalowym i szklarskim.\",\"breadcrumb\":{\"@id\":\"https:\\\/\\\/cardinal-tapes.com\\\/pl\\\/tasmy-samoprzylepne-pl__trashed\\\/tasma-klejaca-abc\\\/metalowe-tasmy-samoprzylepne\\\/#breadcrumb\"},\"inLanguage\":\"pl-PL\",\"potentialAction\":[{\"@type\":\"ReadAction\",\"target\":[\"https:\\\/\\\/cardinal-tapes.com\\\/pl\\\/tasmy-samoprzylepne-pl__trashed\\\/tasma-klejaca-abc\\\/metalowe-tasmy-samoprzylepne\\\/\"]}]},{\"@type\":\"BreadcrumbList\",\"@id\":\"https:\\\/\\\/cardinal-tapes.com\\\/pl\\\/tasmy-samoprzylepne-pl__trashed\\\/tasma-klejaca-abc\\\/metalowe-tasmy-samoprzylepne\\\/#breadcrumb\",\"itemListElement\":[{\"@type\":\"ListItem\",\"position\":1,\"name\":\"Startseite\",\"item\":\"https:\\\/\\\/cardinal-tapes.com\\\/pl\\\/strona-glowna\\\/\"},{\"@type\":\"ListItem\",\"position\":2,\"name\":\"Ta\u015bma klej\u0105ca ABC\",\"item\":\"https:\\\/\\\/cardinal-tapes.com\\\/pl\\\/tasmy-samoprzylepne-pl__trashed\\\/tasma-klejaca-abc\\\/\"},{\"@type\":\"ListItem\",\"position\":3,\"name\":\"Metalowe ta\u015bmy samoprzylepne\"}]},{\"@type\":\"WebSite\",\"@id\":\"https:\\\/\\\/cardinal-tapes.com\\\/#website\",\"url\":\"https:\\\/\\\/cardinal-tapes.com\\\/\",\"name\":\"cardinal TAPES\",\"description\":\"Klebetechnik aus Wuppertal\",\"potentialAction\":[{\"@type\":\"SearchAction\",\"target\":{\"@type\":\"EntryPoint\",\"urlTemplate\":\"https:\\\/\\\/cardinal-tapes.com\\\/?s={search_term_string}\"},\"query-input\":{\"@type\":\"PropertyValueSpecification\",\"valueRequired\":true,\"valueName\":\"search_term_string\"}}],\"inLanguage\":\"pl-PL\"}]}<\/script>\n<!-- \/ Yoast SEO plugin. -->","yoast_head_json":{"title":"Metalowe ta\u015bmy samoprzylepne - cardinal TAPES","description":"Kleje do metalu s\u0105 stosowane w wielu dziedzinach przemys\u0142u, na przyk\u0142ad w elektronice, in\u017cynierii mechanicznej, technologii klimatyzacji oraz w przemy\u015ble stalowym i szklarskim.","robots":{"index":"index","follow":"follow","max-snippet":"max-snippet:-1","max-image-preview":"max-image-preview:large","max-video-preview":"max-video-preview:-1"},"canonical":"https:\/\/cardinal-tapes.com\/pl\/tasmy-samoprzylepne-pl__trashed\/tasma-klejaca-abc\/metalowe-tasmy-samoprzylepne\/","og_locale":"pl_PL","og_type":"article","og_title":"Metalowe ta\u015bmy samoprzylepne - cardinal TAPES","og_description":"Kleje do metalu s\u0105 stosowane w wielu dziedzinach przemys\u0142u, na przyk\u0142ad w elektronice, in\u017cynierii mechanicznej, technologii klimatyzacji oraz w przemy\u015ble stalowym i szklarskim.","og_url":"https:\/\/cardinal-tapes.com\/pl\/tasmy-samoprzylepne-pl__trashed\/tasma-klejaca-abc\/metalowe-tasmy-samoprzylepne\/","og_site_name":"cardinal TAPES","article_modified_time":"2023-06-02T09:10:13+00:00","twitter_card":"summary_large_image","twitter_misc":{"Szacowany czas czytania":"9 minut"},"schema":{"@context":"https:\/\/schema.org","@graph":[{"@type":"WebPage","@id":"https:\/\/cardinal-tapes.com\/pl\/tasmy-samoprzylepne-pl__trashed\/tasma-klejaca-abc\/metalowe-tasmy-samoprzylepne\/","url":"https:\/\/cardinal-tapes.com\/pl\/tasmy-samoprzylepne-pl__trashed\/tasma-klejaca-abc\/metalowe-tasmy-samoprzylepne\/","name":"Metalowe ta\u015bmy samoprzylepne - cardinal TAPES","isPartOf":{"@id":"https:\/\/cardinal-tapes.com\/#website"},"datePublished":"2023-06-02T08:59:50+00:00","dateModified":"2023-06-02T09:10:13+00:00","description":"Kleje do metalu s\u0105 stosowane w wielu dziedzinach przemys\u0142u, na przyk\u0142ad w elektronice, in\u017cynierii mechanicznej, technologii klimatyzacji oraz w przemy\u015ble stalowym i szklarskim.","breadcrumb":{"@id":"https:\/\/cardinal-tapes.com\/pl\/tasmy-samoprzylepne-pl__trashed\/tasma-klejaca-abc\/metalowe-tasmy-samoprzylepne\/#breadcrumb"},"inLanguage":"pl-PL","potentialAction":[{"@type":"ReadAction","target":["https:\/\/cardinal-tapes.com\/pl\/tasmy-samoprzylepne-pl__trashed\/tasma-klejaca-abc\/metalowe-tasmy-samoprzylepne\/"]}]},{"@type":"BreadcrumbList","@id":"https:\/\/cardinal-tapes.com\/pl\/tasmy-samoprzylepne-pl__trashed\/tasma-klejaca-abc\/metalowe-tasmy-samoprzylepne\/#breadcrumb","itemListElement":[{"@type":"ListItem","position":1,"name":"Startseite","item":"https:\/\/cardinal-tapes.com\/pl\/strona-glowna\/"},{"@type":"ListItem","position":2,"name":"Ta\u015bma klej\u0105ca ABC","item":"https:\/\/cardinal-tapes.com\/pl\/tasmy-samoprzylepne-pl__trashed\/tasma-klejaca-abc\/"},{"@type":"ListItem","position":3,"name":"Metalowe ta\u015bmy samoprzylepne"}]},{"@type":"WebSite","@id":"https:\/\/cardinal-tapes.com\/#website","url":"https:\/\/cardinal-tapes.com\/","name":"cardinal TAPES","description":"Klebetechnik aus Wuppertal","potentialAction":[{"@type":"SearchAction","target":{"@type":"EntryPoint","urlTemplate":"https:\/\/cardinal-tapes.com\/?s={search_term_string}"},"query-input":{"@type":"PropertyValueSpecification","valueRequired":true,"valueName":"search_term_string"}}],"inLanguage":"pl-PL"}]}},"_links":{"self":[{"href":"https:\/\/cardinal-tapes.com\/pl\/wp-json\/wp\/v2\/pages\/31601","targetHints":{"allow":["GET"]}}],"collection":[{"href":"https:\/\/cardinal-tapes.com\/pl\/wp-json\/wp\/v2\/pages"}],"about":[{"href":"https:\/\/cardinal-tapes.com\/pl\/wp-json\/wp\/v2\/types\/page"}],"author":[{"embeddable":true,"href":"https:\/\/cardinal-tapes.com\/pl\/wp-json\/wp\/v2\/users\/1"}],"replies":[{"embeddable":true,"href":"https:\/\/cardinal-tapes.com\/pl\/wp-json\/wp\/v2\/comments?post=31601"}],"version-history":[{"count":0,"href":"https:\/\/cardinal-tapes.com\/pl\/wp-json\/wp\/v2\/pages\/31601\/revisions"}],"up":[{"embeddable":true,"href":"https:\/\/cardinal-tapes.com\/pl\/wp-json\/wp\/v2\/pages\/30844"}],"wp:attachment":[{"href":"https:\/\/cardinal-tapes.com\/pl\/wp-json\/wp\/v2\/media?parent=31601"}],"curies":[{"name":"wp","href":"https:\/\/api.w.org\/{rel}","templated":true}]}}