{"id":31594,"date":"2023-06-02T10:59:50","date_gmt":"2023-06-02T08:59:50","guid":{"rendered":"https:\/\/cardinal.pixel-tal.de\/tasmy-samoprzylepne\/obszary-zastosowania\/ogrzewanie-wentylacja-i-klimatyzacja\/"},"modified":"2023-06-16T16:01:38","modified_gmt":"2023-06-16T14:01:38","slug":"ogrzewanie-wentylacja-i-klimatyzacja","status":"publish","type":"page","link":"https:\/\/cardinal-tapes.com\/pl\/tasmy-samoprzylepne-pl\/obszary-zastosowania\/ogrzewanie-wentylacja-i-klimatyzacja\/","title":{"rendered":"Ogrzewanie, wentylacja i klimatyzacja"},"content":{"rendered":"\t\t\t<div class=\"headerimage-section has-image  \">\n\t\t\t\t\t\t\t\t\t\t\t\t<div class=\"headerimage__bg overlay\" style=\"background-image: url('https:\/\/cardinal-tapes.com\/wp-content\/uploads\/cardinal_kopfbild-heizung-scaled.jpg'); background-repeat: no-repeat; background-position: center; background-size: cover;\"><\/div>\n\t\t\t\t\t\t\t\t\t\t\t\t<div class=\"container\">\n\t\t\t\t\t<div class=\"headerimage__inner\">\n\t\t\t\t\t\t<h1 class=\"headerimage__headline\">Ta\u015bmy klej\u0105ce i systemy klej\u0105ce<\/h1>\t\t\t\t\t\t<span class=\"headerimage__subheadline\">Ognioodporne i bezpieczne<\/span>\t\t\t\t\t\t\t\t\t\t\t<\/div>\n\t\t\t\t\t\t\t\t\t<\/div>\n\t\t\t<\/div>\n\t\t\t\n<\/div><\/div><\/div><!-- close content main div --><\/div><\/div><div id='av_section_1'  class='avia-section av-13lso6-7214f77a4599bb1ffb65fdaff3882032 alternate_color avia-section-default avia-no-border-styling  avia-builder-el-1  el_after_pixel_headimage  el_before_av_section  avia-bg-style-scroll container_wrap fullsize'  ><div class='container av-section-cont-open' ><div class='template-page content  av-content-full alpha units'><div class='post-entry post-entry-type-page post-entry-31594'><div class='entry-content-wrapper clearfix'>\n<div  class='flex_column av-vgisu-e847e55b52f8b0710a2811680fa320d7 av_two_third  avia-builder-el-2  avia-builder-el-no-sibling  max-width-col two-third first flex_column_div av-animated-generic left-to-right  '     ><p><div class=\"pxl-headline pxl-hl hl-wrap | hl-sub--bot hl--align-left hl--std-margin    \">\n        <div class=\"hl-inner\">\n            <h2 class=\"hl-main hl-line |  hl_main--default  \">Ta\u015bmy samoprzylepne dla techniki grzewczej, wentylacyjnej i klimatyzacyjnej<\/h2>\n            <span class=\"hl-sub hl-line |  hl_sub--default  \">Wymagaj\u0105ce wymagania, niestandardowe rozwi\u0105zania <\/span>\n    <\/div>\n<\/div>\n<br \/>\n<section  class='av_textblock_section av-lhox7riw-b2b245da36f303d75dd26882b28b731b '   itemscope=\"itemscope\" itemtype=\"https:\/\/schema.org\/CreativeWork\" ><div class='avia_textblock'  itemprop=\"text\" ><p>Jako partner handlowy w zakresie gotowych technologii klejenia w technice grzewczej, wentylacyjnej i klimatyzacyjnej, s\u0142u\u017cymy <a title=\"Pozw\u00f3l naszemu profesjonalnemu zespo\u0142owi doradzi\u0107\" href=\"\/ueber-cardinal\/ansprechpartner\/\">fachowym<\/a> doradztwem i mo\u017cemy dobra\u0107 odpowiednie ta\u015bmy klej\u0105ce optymalnie do Twoich potrzeb. Szczeg\u00f3lnie w tej bran\u017cy wa\u017cne jest, aby upewni\u0107 si\u0119, \u017ce stosowane s\u0105 ta\u015bmy samoprzylepne odporne na ciep\u0142o. Ta\u015bmy te s\u0105 zazwyczaj wysokiej jako\u015bci, <a title=\"Pierwszy przegl\u0105d naszych metalowych ta\u015bm samoprzylepnych\" href=\"\/klebebaender\/\">trudnopalnymi ta\u015bmami aluminiowymi<\/a>, kt\u00f3re mog\u0105 by\u0107 wystawione na dzia\u0142anie temperatur do 200\u00b0 Celsjusza. Ta\u015bmy aluminiowe s\u0105 zwykle wykonane z \u017caroodpornych tkanin szklanych lub \u017caroodpornych folii, takich jak poliaramid lub polimid.<\/p>\n<p>Nasze aluminiowe ta\u015bmy samoprzylepne s\u0105 dost\u0119pne w kolorze czarnym, bia\u0142ym lub srebrnym i s\u0105 stosowane do uszczelniania kana\u0142\u00f3w powietrznych, podw\u00f3jnych szyb i \u0142\u0105czenia paneli izolacyjnych.<\/p>\n<p>Aby uzyska\u0107 wi\u0119cej informacji, nasz nowy <a title=\"Katalog produkt\u00f3w ta\u015bm samoprzylepnych cardinal TAPES\" href=\"https:\/\/cardinal-tapes.com\/pl\/pliki-do-pobrania\/\">katalog produkt\u00f3w<\/a> jest ju\u017c dost\u0119pny do pobrania. Je\u015bli chcesz otrzyma\u0107 wydrukowany egzemplarz zawieraj\u0105cy pr\u00f3bk\u0119, skontaktuj si\u0119 z nami.<\/p>\n<p>W przypadku dalszych pyta\u0144 prosimy o kontakt. Skorzystaj z naszego <a href=\"\/ueber-cardinal\/kontakt\/\">formularza zapytania<\/a> lub skontaktuj si\u0119 z nami telefonicznie pod naszym numerem wewn\u0119trznym <a class=\"telelink\" title=\"Zadzwo\u0144 do nas po porad\u0119\" href=\"tel:+490202266850\" target=\"_blank\" rel=\"nofollow\">+49.202. 266850<\/a>.<\/p>\n<\/div><\/section><\/p><\/div>\n\n<\/div><\/div><\/div><!-- close content main div --><\/div><\/div><div id='av_section_2'  class='avia-section av-tj5vy-2811542ed786c3a835509611a7143920 main_color avia-section-default avia-no-border-styling  avia-builder-el-5  el_after_av_section  avia-builder-el-last  gradient-section avia-bg-style-scroll container_wrap fullsize'  ><div class='container av-section-cont-open' ><div class='template-page content  av-content-full alpha units'><div class='post-entry post-entry-type-page post-entry-31594'><div class='entry-content-wrapper clearfix'>\n<div  class='flex_column av-ka4ou-ebaad593679856f54e1f295815e1526d av_one_full  avia-builder-el-6  avia-builder-el-no-sibling  first flex_column_div av-animated-generic left-to-right  '     ><p><div class=\"pxl-headline pxl-hl hl-wrap | hl-sub--bot hl--align-left hl--no-margin    \">\n        <div class=\"hl-inner\">\n            <h2 class=\"hl-main hl-line |  hl_main--default  \">Najwa\u017cniejsze cechy produktu<\/h2>\n            <span class=\"hl-sub hl-line |  hl_sub--default  \">Innowacyjno\u015b\u0107 i wysoka jako\u015b\u0107<\/span>\n    <\/div>\n<\/div>\n<br \/>\n<div   data-autoplay=''  data-interval='5'  data-animation='fade'  data-hoverpause='1'  class='template-shop avia-content-slider avia-content-slider-active avia-product-slider1 avia-content-slider-even  avia-builder-el-8  el_after_pixel_sc_headline  el_before_av_button   shop_columns_4' ><div class='avia-content-slider-inner'><ul class=\"products slide-entry-wrap\"><li class=\"product type-product post-55848 status-publish first instock product_cat-obszary-zastosowan product_cat-ogrzewanie-i-klimatyzacja product_cat-inzynieria-mechaniczna product_cat-przemysl-meblarski product_cat-tasma-papierowa product_cat-stal-i-szklo product_cat-jednostronne-tasmy-samoprzylepne has-post-thumbnail taxable shipping-taxable purchasable product-type-variable\">\n\t<div class='inner_product main_color wrapped_style noLightbox  av-product-class-no_button'><a href=\"https:\/\/cardinal-tapes.com\/pl\/ta\u015bmy-samoprzylepne\/obszary-zastosowan\/ogrzewanie-i-klimatyzacja\/tasma-krepowa-ca-12\/\" class=\"woocommerce-LoopProduct-link woocommerce-loop-product__link\"><div class=\"thumbnail_container\"><img decoding=\"async\" loading=\"lazy\" width=\"450\" height=\"450\" src=\"https:\/\/cardinal-tapes.com\/wp-content\/uploads\/CA_11-12-450x450.jpg\" class=\"wp-image-26822 avia-img-lazy-loading-26822 attachment-shop_catalog size-shop_catalog wp-post-image\" alt=\"CA-12 p\u0142aska ta\u015bma krepowa - jednostronny, Papier, Kauczuk naturalny - Ilustracja 26822\" srcset=\"https:\/\/cardinal-tapes.com\/wp-content\/uploads\/CA_11-12-450x450.jpg 450w, https:\/\/cardinal-tapes.com\/wp-content\/uploads\/CA_11-12-120x120.jpg 120w, https:\/\/cardinal-tapes.com\/wp-content\/uploads\/CA_11-12-80x80.jpg 80w, https:\/\/cardinal-tapes.com\/wp-content\/uploads\/CA_11-12-200x200.jpg 200w, https:\/\/cardinal-tapes.com\/wp-content\/uploads\/CA_11-12-768x768.jpg 768w, https:\/\/cardinal-tapes.com\/wp-content\/uploads\/CA_11-12-1030x1030.jpg 1030w, https:\/\/cardinal-tapes.com\/wp-content\/uploads\/CA_11-12-36x36.jpg 36w, https:\/\/cardinal-tapes.com\/wp-content\/uploads\/CA_11-12-180x180.jpg 180w, https:\/\/cardinal-tapes.com\/wp-content\/uploads\/CA_11-12-705x705.jpg 705w, https:\/\/cardinal-tapes.com\/wp-content\/uploads\/CA_11-12-100x100.jpg 100w, https:\/\/cardinal-tapes.com\/wp-content\/uploads\/CA_11-12.jpg 1400w\" sizes=\"auto, (max-width: 450px) 100vw, 450px\" \/><\/div><div class='inner_product_header'><div class='avia-arrow'><\/div><div class='inner_product_header_table'><div class='inner_product_header_cell'><span class=\"is-h2 woocommerce-loop-product__title\">CA-12 p\u0142aska ta\u015bma krepowa<\/span>\t\t<div class=\"product-infos\">\n\t\t\t\t\t\t\t<span class='product-infos__item'><b>Pow\u0142oka:<\/b> jednostronny<\/span>\n\t\t\t\t\t\t\t\t\t\t<span class='product-infos__item'><b>Rodzaj materia\u0142u:<\/b> Papier<\/span>\n\t\t\t\t\t\t\t\t\t\t<span class='product-infos__item'><b>Producent:<\/b> cardinal GmbH<\/span>\n\t\t\t\t\t\t\t\t\t\t<span class='product-infos__item'><b>Cena na \u017c\u0105danie<\/b><\/span>\n\t\t\t\t\t<\/div>\n\t<\/div><\/div><\/div><\/a><\/div><\/li>\n<li class=\"product type-product post-55838 status-publish instock product_cat-ogrzewanie-i-klimatyzacja product_cat-inzynieria-mechaniczna product_cat-tasma-papierowa product_cat-stal-i-szklo product_cat-jednostronne-tasmy-samoprzylepne has-post-thumbnail taxable shipping-taxable purchasable product-type-variable\">\n\t<div class='inner_product main_color wrapped_style noLightbox  av-product-class-no_button'><a href=\"https:\/\/cardinal-tapes.com\/pl\/ta\u015bmy-samoprzylepne\/obszary-zastosowan\/ogrzewanie-i-klimatyzacja\/ca-11-plaska-krepowa-tasma-samoprzylepna\/\" class=\"woocommerce-LoopProduct-link woocommerce-loop-product__link\"><div class=\"thumbnail_container\"><img decoding=\"async\" loading=\"lazy\" width=\"450\" height=\"450\" src=\"https:\/\/cardinal-tapes.com\/wp-content\/uploads\/CA_11-12-450x450.jpg\" class=\"wp-image-26822 avia-img-lazy-loading-26822 attachment-shop_catalog size-shop_catalog wp-post-image\" alt=\"CA-11 p\u0142aska ta\u015bma krepowa - jednostronny, Papier, Kauczuk naturalny - Ilustracja 26822\" srcset=\"https:\/\/cardinal-tapes.com\/wp-content\/uploads\/CA_11-12-450x450.jpg 450w, https:\/\/cardinal-tapes.com\/wp-content\/uploads\/CA_11-12-120x120.jpg 120w, https:\/\/cardinal-tapes.com\/wp-content\/uploads\/CA_11-12-80x80.jpg 80w, https:\/\/cardinal-tapes.com\/wp-content\/uploads\/CA_11-12-200x200.jpg 200w, https:\/\/cardinal-tapes.com\/wp-content\/uploads\/CA_11-12-768x768.jpg 768w, https:\/\/cardinal-tapes.com\/wp-content\/uploads\/CA_11-12-1030x1030.jpg 1030w, https:\/\/cardinal-tapes.com\/wp-content\/uploads\/CA_11-12-36x36.jpg 36w, https:\/\/cardinal-tapes.com\/wp-content\/uploads\/CA_11-12-180x180.jpg 180w, https:\/\/cardinal-tapes.com\/wp-content\/uploads\/CA_11-12-705x705.jpg 705w, https:\/\/cardinal-tapes.com\/wp-content\/uploads\/CA_11-12-100x100.jpg 100w, https:\/\/cardinal-tapes.com\/wp-content\/uploads\/CA_11-12.jpg 1400w\" sizes=\"auto, (max-width: 450px) 100vw, 450px\" \/><\/div><div class='inner_product_header'><div class='avia-arrow'><\/div><div class='inner_product_header_table'><div class='inner_product_header_cell'><span class=\"is-h2 woocommerce-loop-product__title\">CA-11 p\u0142aska ta\u015bma krepowa<\/span>\t\t<div class=\"product-infos\">\n\t\t\t\t\t\t\t<span class='product-infos__item'><b>Pow\u0142oka:<\/b> jednostronny<\/span>\n\t\t\t\t\t\t\t\t\t\t<span class='product-infos__item'><b>Rodzaj materia\u0142u:<\/b> Papier<\/span>\n\t\t\t\t\t\t\t\t\t\t<span class='product-infos__item'><b>Producent:<\/b> cardinal GmbH<\/span>\n\t\t\t\t\t\t\t\t\t\t<span class='product-infos__item'><b>Cena na \u017c\u0105danie<\/b><\/span>\n\t\t\t\t\t<\/div>\n\t<\/div><\/div><\/div><\/a><\/div><\/li>\n<li class=\"product type-product post-53881 status-publish instock product_cat-produkcja-obrobka-aluminium product_cat-aluminiowa-tasma-samoprzylepna product_cat-przemysl-elektryczny product_cat-ogrzewanie-i-klimatyzacja product_cat-jednostronne-tasmy-samoprzylepne has-post-thumbnail taxable shipping-taxable purchasable product-type-variable\">\n\t<div class='inner_product main_color wrapped_style noLightbox  av-product-class-no_button'><a href=\"https:\/\/cardinal-tapes.com\/pl\/ta\u015bmy-samoprzylepne\/obszary-zastosowan\/produkcja-obrobka-aluminium\/aluminiowa-tasma-samoprzylepna-ca-61\/\" class=\"woocommerce-LoopProduct-link woocommerce-loop-product__link\"><div class=\"thumbnail_container\"><img decoding=\"async\" loading=\"lazy\" width=\"450\" height=\"450\" src=\"https:\/\/cardinal-tapes.com\/wp-content\/uploads\/CA_61_03_retouched-450x450.jpg\" class=\"wp-image-26866 avia-img-lazy-loading-26866 attachment-shop_catalog size-shop_catalog wp-post-image\" alt=\"Aluminiowa ta\u015bma samoprzylepna CA-61 - jednostronny, Aluminium, Rozpuszczalnik akrylanowy - Ilustracja 26866\" srcset=\"https:\/\/cardinal-tapes.com\/wp-content\/uploads\/CA_61_03_retouched-450x450.jpg 450w, https:\/\/cardinal-tapes.com\/wp-content\/uploads\/CA_61_03_retouched-120x120.jpg 120w, https:\/\/cardinal-tapes.com\/wp-content\/uploads\/CA_61_03_retouched-80x80.jpg 80w, https:\/\/cardinal-tapes.com\/wp-content\/uploads\/CA_61_03_retouched-200x200.jpg 200w, https:\/\/cardinal-tapes.com\/wp-content\/uploads\/CA_61_03_retouched-768x768.jpg 768w, https:\/\/cardinal-tapes.com\/wp-content\/uploads\/CA_61_03_retouched-1030x1030.jpg 1030w, https:\/\/cardinal-tapes.com\/wp-content\/uploads\/CA_61_03_retouched-36x36.jpg 36w, https:\/\/cardinal-tapes.com\/wp-content\/uploads\/CA_61_03_retouched-180x180.jpg 180w, https:\/\/cardinal-tapes.com\/wp-content\/uploads\/CA_61_03_retouched-705x705.jpg 705w, https:\/\/cardinal-tapes.com\/wp-content\/uploads\/CA_61_03_retouched-100x100.jpg 100w, https:\/\/cardinal-tapes.com\/wp-content\/uploads\/CA_61_03_retouched.jpg 1400w\" sizes=\"auto, (max-width: 450px) 100vw, 450px\" \/><\/div><div class='inner_product_header'><div class='avia-arrow'><\/div><div class='inner_product_header_table'><div class='inner_product_header_cell'><span class=\"is-h2 woocommerce-loop-product__title\">Aluminiowa ta\u015bma samoprzylepna CA-61<\/span>\t\t<div class=\"product-infos\">\n\t\t\t\t\t\t\t<span class='product-infos__item'><b>Pow\u0142oka:<\/b> jednostronny<\/span>\n\t\t\t\t\t\t\t\t\t\t<span class='product-infos__item'><b>Rodzaj materia\u0142u:<\/b> Aluminium<\/span>\n\t\t\t\t\t\t\t\t\t\t<span class='product-infos__item'><b>Producent:<\/b> cardinal GmbH<\/span>\n\t\t\t\t\t\t\t\t\t\t<span class='product-infos__item'><b>Cena na \u017c\u0105danie<\/b><\/span>\n\t\t\t\t\t<\/div>\n\t<\/div><\/div><\/div><\/a><\/div><\/li>\n<li class=\"product type-product post-75160 status-publish last instock product_cat-tasmy-dwustronnie-klejace product_cat-produkcja-obrobka-aluminium product_cat-przemysl-elektryczny product_cat-produkcja-folii product_cat-ogrzewanie-i-klimatyzacja product_cat-przemysl-tworzyw-sztucznych product_cat-inzynieria-mechaniczna product_cat-wykonczenie-metalu product_cat-przemysl-tekstylny has-post-thumbnail taxable shipping-taxable purchasable product-type-variable\">\n\t<div class='inner_product main_color wrapped_style noLightbox  av-product-class-no_button'><a href=\"https:\/\/cardinal-tapes.com\/pl\/ta\u015bmy-samoprzylepne\/obszary-zastosowan\/produkcja-obrobka-aluminium\/tasma-samoprzylepna-ca-418-pet-pl\/\" class=\"woocommerce-LoopProduct-link woocommerce-loop-product__link\"><div class=\"thumbnail_container\"><img decoding=\"async\" loading=\"lazy\" width=\"380\" height=\"380\" src=\"https:\/\/cardinal-tapes.com\/wp-content\/uploads\/ca_420_19x50mm.jpg\" class=\"wp-image-81357 avia-img-lazy-loading-81357 attachment-shop_catalog size-shop_catalog wp-post-image\" alt=\"Ta\u015bma samoprzylepna CA-420 PET - dwustronny, Folia PET, Rozpuszczalnik akrylanowy - Ilustracja 81357\" srcset=\"https:\/\/cardinal-tapes.com\/wp-content\/uploads\/ca_420_19x50mm.jpg 380w, https:\/\/cardinal-tapes.com\/wp-content\/uploads\/ca_420_19x50mm-200x200.jpg 200w, https:\/\/cardinal-tapes.com\/wp-content\/uploads\/ca_420_19x50mm-80x80.jpg 80w, https:\/\/cardinal-tapes.com\/wp-content\/uploads\/ca_420_19x50mm-36x36.jpg 36w, https:\/\/cardinal-tapes.com\/wp-content\/uploads\/ca_420_19x50mm-180x180.jpg 180w, https:\/\/cardinal-tapes.com\/wp-content\/uploads\/ca_420_19x50mm-120x120.jpg 120w, https:\/\/cardinal-tapes.com\/wp-content\/uploads\/ca_420_19x50mm-100x100.jpg 100w\" sizes=\"auto, (max-width: 380px) 100vw, 380px\" \/><\/div><div class='inner_product_header'><div class='avia-arrow'><\/div><div class='inner_product_header_table'><div class='inner_product_header_cell'><span class=\"is-h2 woocommerce-loop-product__title\">Ta\u015bma samoprzylepna CA-420 PET<\/span>\t\t<div class=\"product-infos\">\n\t\t\t\t\t\t\t<span class='product-infos__item'><b>Pow\u0142oka:<\/b> dwustronny<\/span>\n\t\t\t\t\t\t\t\t\t\t<span class='product-infos__item'><b>Rodzaj materia\u0142u:<\/b> Folia PET<\/span>\n\t\t\t\t\t\t\t\t\t\t<span class='product-infos__item'><b>Producent:<\/b> cardinal GmbH<\/span>\n\t\t\t\t\t\t\t\t\t\t<span class='product-infos__item'><b>Cena na \u017c\u0105danie<\/b><\/span>\n\t\t\t\t\t<\/div>\n\t<\/div><\/div><\/div><\/a><\/div><\/li>\n<\/ul><\/div><\/div><div class=\"clear\"><\/div><br \/>\n<div  class='avia-button-wrap av-7abn2-77c1f63f19d33cc3c353ff1ee44a26aa-wrap avia-button-left '><a href='https:\/\/cardinal-tapes.com\/pl\/tasmy-samoprzylepne-pl\/'  class='avia-button av-7abn2-77c1f63f19d33cc3c353ff1ee44a26aa avia-icon_select-no avia-size-medium avia-position-left avia-color-theme-color layout-border color-white'  ><span class='avia_iconbox_title' >Wszystkie produkty<\/span><\/a><\/div><\/p><\/div>\n","protected":false},"excerpt":{"rendered":"","protected":false},"author":1,"featured_media":0,"parent":30840,"menu_order":15,"comment_status":"closed","ping_status":"closed","template":"","meta":{"_acf_changed":false,"footnotes":""},"class_list":["post-31594","page","type-page","status-publish","hentry"],"acf":[],"yoast_head":"<!-- This site is optimized with the Yoast SEO plugin v27.3 - https:\/\/yoast.com\/product\/yoast-seo-wordpress\/ -->\n<title>Ta\u015bmy klej\u0105ce dla techniki grzewczej, wentylacyjnej i klimatyzacyjnej | cardinal TAPES<\/title>\n<meta name=\"description\" content=\"Jako partner handlowy w zakresie gotowych technologii klejenia w technice grzewczej, wentylacyjnej i klimatyzacyjnej, jeste\u015bmy dost\u0119pni, aby doradza\u0107 dzi\u0119ki naszemu specjalistycznemu know-how. Dowiedz si\u0119 wi\u0119cej.\" \/>\n<meta name=\"robots\" content=\"index, follow, max-snippet:-1, max-image-preview:large, max-video-preview:-1\" \/>\n<link rel=\"canonical\" href=\"https:\/\/cardinal-tapes.com\/pl\/tasmy-samoprzylepne-pl\/obszary-zastosowania\/ogrzewanie-wentylacja-i-klimatyzacja\/\" \/>\n<meta property=\"og:locale\" content=\"pl_PL\" \/>\n<meta property=\"og:type\" content=\"article\" \/>\n<meta property=\"og:title\" content=\"Ta\u015bmy klej\u0105ce dla techniki grzewczej, wentylacyjnej i klimatyzacyjnej | cardinal TAPES\" \/>\n<meta property=\"og:description\" content=\"Jako partner handlowy w zakresie gotowych technologii klejenia w technice grzewczej, wentylacyjnej i klimatyzacyjnej, jeste\u015bmy dost\u0119pni, aby doradza\u0107 dzi\u0119ki naszemu specjalistycznemu know-how. Dowiedz si\u0119 wi\u0119cej.\" \/>\n<meta property=\"og:url\" content=\"https:\/\/cardinal-tapes.com\/pl\/tasmy-samoprzylepne-pl\/obszary-zastosowania\/ogrzewanie-wentylacja-i-klimatyzacja\/\" \/>\n<meta property=\"og:site_name\" content=\"cardinal TAPES\" \/>\n<meta property=\"article:modified_time\" content=\"2023-06-16T14:01:38+00:00\" \/>\n<meta name=\"twitter:card\" content=\"summary_large_image\" \/>\n<meta name=\"twitter:label1\" content=\"Szacowany czas czytania\" \/>\n\t<meta name=\"twitter:data1\" content=\"4 minuty\" \/>\n<script type=\"application\/ld+json\" class=\"yoast-schema-graph\">{\"@context\":\"https:\\\/\\\/schema.org\",\"@graph\":[{\"@type\":\"WebPage\",\"@id\":\"https:\\\/\\\/cardinal-tapes.com\\\/pl\\\/tasmy-samoprzylepne-pl\\\/obszary-zastosowania\\\/ogrzewanie-wentylacja-i-klimatyzacja\\\/\",\"url\":\"https:\\\/\\\/cardinal-tapes.com\\\/pl\\\/tasmy-samoprzylepne-pl\\\/obszary-zastosowania\\\/ogrzewanie-wentylacja-i-klimatyzacja\\\/\",\"name\":\"Ta\u015bmy klej\u0105ce dla techniki grzewczej, wentylacyjnej i klimatyzacyjnej | cardinal TAPES\",\"isPartOf\":{\"@id\":\"https:\\\/\\\/cardinal-tapes.com\\\/#website\"},\"datePublished\":\"2023-06-02T08:59:50+00:00\",\"dateModified\":\"2023-06-16T14:01:38+00:00\",\"description\":\"Jako partner handlowy w zakresie gotowych technologii klejenia w technice grzewczej, wentylacyjnej i klimatyzacyjnej, jeste\u015bmy dost\u0119pni, aby doradza\u0107 dzi\u0119ki naszemu specjalistycznemu know-how. Dowiedz si\u0119 wi\u0119cej.\",\"breadcrumb\":{\"@id\":\"https:\\\/\\\/cardinal-tapes.com\\\/pl\\\/tasmy-samoprzylepne-pl\\\/obszary-zastosowania\\\/ogrzewanie-wentylacja-i-klimatyzacja\\\/#breadcrumb\"},\"inLanguage\":\"pl-PL\",\"potentialAction\":[{\"@type\":\"ReadAction\",\"target\":[\"https:\\\/\\\/cardinal-tapes.com\\\/pl\\\/tasmy-samoprzylepne-pl\\\/obszary-zastosowania\\\/ogrzewanie-wentylacja-i-klimatyzacja\\\/\"]}]},{\"@type\":\"BreadcrumbList\",\"@id\":\"https:\\\/\\\/cardinal-tapes.com\\\/pl\\\/tasmy-samoprzylepne-pl\\\/obszary-zastosowania\\\/ogrzewanie-wentylacja-i-klimatyzacja\\\/#breadcrumb\",\"itemListElement\":[{\"@type\":\"ListItem\",\"position\":1,\"name\":\"Startseite\",\"item\":\"https:\\\/\\\/cardinal-tapes.com\\\/pl\\\/strona-glowna\\\/\"},{\"@type\":\"ListItem\",\"position\":2,\"name\":\"Ta\u015bmy samoprzylepne\",\"item\":\"https:\\\/\\\/cardinal-tapes.com\\\/pl\\\/tasmy-samoprzylepne-pl\\\/\"},{\"@type\":\"ListItem\",\"position\":3,\"name\":\"Obszary zastosowania\",\"item\":\"https:\\\/\\\/cardinal-tapes.com\\\/pl\\\/tasmy-samoprzylepne-pl__trashed\\\/obszary-zastosowania\\\/\"},{\"@type\":\"ListItem\",\"position\":4,\"name\":\"Ogrzewanie, wentylacja i klimatyzacja\"}]},{\"@type\":\"WebSite\",\"@id\":\"https:\\\/\\\/cardinal-tapes.com\\\/#website\",\"url\":\"https:\\\/\\\/cardinal-tapes.com\\\/\",\"name\":\"cardinal TAPES\",\"description\":\"Klebetechnik aus Wuppertal\",\"potentialAction\":[{\"@type\":\"SearchAction\",\"target\":{\"@type\":\"EntryPoint\",\"urlTemplate\":\"https:\\\/\\\/cardinal-tapes.com\\\/?s={search_term_string}\"},\"query-input\":{\"@type\":\"PropertyValueSpecification\",\"valueRequired\":true,\"valueName\":\"search_term_string\"}}],\"inLanguage\":\"pl-PL\"}]}<\/script>\n<!-- \/ Yoast SEO plugin. -->","yoast_head_json":{"title":"Ta\u015bmy klej\u0105ce dla techniki grzewczej, wentylacyjnej i klimatyzacyjnej | cardinal TAPES","description":"Jako partner handlowy w zakresie gotowych technologii klejenia w technice grzewczej, wentylacyjnej i klimatyzacyjnej, jeste\u015bmy dost\u0119pni, aby doradza\u0107 dzi\u0119ki naszemu specjalistycznemu know-how. Dowiedz si\u0119 wi\u0119cej.","robots":{"index":"index","follow":"follow","max-snippet":"max-snippet:-1","max-image-preview":"max-image-preview:large","max-video-preview":"max-video-preview:-1"},"canonical":"https:\/\/cardinal-tapes.com\/pl\/tasmy-samoprzylepne-pl\/obszary-zastosowania\/ogrzewanie-wentylacja-i-klimatyzacja\/","og_locale":"pl_PL","og_type":"article","og_title":"Ta\u015bmy klej\u0105ce dla techniki grzewczej, wentylacyjnej i klimatyzacyjnej | cardinal TAPES","og_description":"Jako partner handlowy w zakresie gotowych technologii klejenia w technice grzewczej, wentylacyjnej i klimatyzacyjnej, jeste\u015bmy dost\u0119pni, aby doradza\u0107 dzi\u0119ki naszemu specjalistycznemu know-how. Dowiedz si\u0119 wi\u0119cej.","og_url":"https:\/\/cardinal-tapes.com\/pl\/tasmy-samoprzylepne-pl\/obszary-zastosowania\/ogrzewanie-wentylacja-i-klimatyzacja\/","og_site_name":"cardinal TAPES","article_modified_time":"2023-06-16T14:01:38+00:00","twitter_card":"summary_large_image","twitter_misc":{"Szacowany czas czytania":"4 minuty"},"schema":{"@context":"https:\/\/schema.org","@graph":[{"@type":"WebPage","@id":"https:\/\/cardinal-tapes.com\/pl\/tasmy-samoprzylepne-pl\/obszary-zastosowania\/ogrzewanie-wentylacja-i-klimatyzacja\/","url":"https:\/\/cardinal-tapes.com\/pl\/tasmy-samoprzylepne-pl\/obszary-zastosowania\/ogrzewanie-wentylacja-i-klimatyzacja\/","name":"Ta\u015bmy klej\u0105ce dla techniki grzewczej, wentylacyjnej i klimatyzacyjnej | cardinal TAPES","isPartOf":{"@id":"https:\/\/cardinal-tapes.com\/#website"},"datePublished":"2023-06-02T08:59:50+00:00","dateModified":"2023-06-16T14:01:38+00:00","description":"Jako partner handlowy w zakresie gotowych technologii klejenia w technice grzewczej, wentylacyjnej i klimatyzacyjnej, jeste\u015bmy dost\u0119pni, aby doradza\u0107 dzi\u0119ki naszemu specjalistycznemu know-how. Dowiedz si\u0119 wi\u0119cej.","breadcrumb":{"@id":"https:\/\/cardinal-tapes.com\/pl\/tasmy-samoprzylepne-pl\/obszary-zastosowania\/ogrzewanie-wentylacja-i-klimatyzacja\/#breadcrumb"},"inLanguage":"pl-PL","potentialAction":[{"@type":"ReadAction","target":["https:\/\/cardinal-tapes.com\/pl\/tasmy-samoprzylepne-pl\/obszary-zastosowania\/ogrzewanie-wentylacja-i-klimatyzacja\/"]}]},{"@type":"BreadcrumbList","@id":"https:\/\/cardinal-tapes.com\/pl\/tasmy-samoprzylepne-pl\/obszary-zastosowania\/ogrzewanie-wentylacja-i-klimatyzacja\/#breadcrumb","itemListElement":[{"@type":"ListItem","position":1,"name":"Startseite","item":"https:\/\/cardinal-tapes.com\/pl\/strona-glowna\/"},{"@type":"ListItem","position":2,"name":"Ta\u015bmy samoprzylepne","item":"https:\/\/cardinal-tapes.com\/pl\/tasmy-samoprzylepne-pl\/"},{"@type":"ListItem","position":3,"name":"Obszary zastosowania","item":"https:\/\/cardinal-tapes.com\/pl\/tasmy-samoprzylepne-pl__trashed\/obszary-zastosowania\/"},{"@type":"ListItem","position":4,"name":"Ogrzewanie, wentylacja i klimatyzacja"}]},{"@type":"WebSite","@id":"https:\/\/cardinal-tapes.com\/#website","url":"https:\/\/cardinal-tapes.com\/","name":"cardinal TAPES","description":"Klebetechnik aus Wuppertal","potentialAction":[{"@type":"SearchAction","target":{"@type":"EntryPoint","urlTemplate":"https:\/\/cardinal-tapes.com\/?s={search_term_string}"},"query-input":{"@type":"PropertyValueSpecification","valueRequired":true,"valueName":"search_term_string"}}],"inLanguage":"pl-PL"}]}},"_links":{"self":[{"href":"https:\/\/cardinal-tapes.com\/pl\/wp-json\/wp\/v2\/pages\/31594","targetHints":{"allow":["GET"]}}],"collection":[{"href":"https:\/\/cardinal-tapes.com\/pl\/wp-json\/wp\/v2\/pages"}],"about":[{"href":"https:\/\/cardinal-tapes.com\/pl\/wp-json\/wp\/v2\/types\/page"}],"author":[{"embeddable":true,"href":"https:\/\/cardinal-tapes.com\/pl\/wp-json\/wp\/v2\/users\/1"}],"replies":[{"embeddable":true,"href":"https:\/\/cardinal-tapes.com\/pl\/wp-json\/wp\/v2\/comments?post=31594"}],"version-history":[{"count":0,"href":"https:\/\/cardinal-tapes.com\/pl\/wp-json\/wp\/v2\/pages\/31594\/revisions"}],"up":[{"embeddable":true,"href":"https:\/\/cardinal-tapes.com\/pl\/wp-json\/wp\/v2\/pages\/30840"}],"wp:attachment":[{"href":"https:\/\/cardinal-tapes.com\/pl\/wp-json\/wp\/v2\/media?parent=31594"}],"curies":[{"name":"wp","href":"https:\/\/api.w.org\/{rel}","templated":true}]}}