{"id":31520,"date":"2023-06-02T10:59:46","date_gmt":"2023-06-02T08:59:46","guid":{"rendered":"https:\/\/cardinal.pixel-tal.de\/tasmy-samoprzylepne\/tasma-klejaca-abc\/tasmy-z-powloka-pe\/"},"modified":"2023-06-14T10:47:08","modified_gmt":"2023-06-14T08:47:08","slug":"tasmy-z-powloka-pe","status":"publish","type":"page","link":"https:\/\/cardinal-tapes.com\/pl\/tasmy-samoprzylepne-pl\/tasma-klejaca-abc\/tasmy-z-powloka-pe\/","title":{"rendered":"Ta\u015bmy z pow\u0142ok\u0105 PE"},"content":{"rendered":"<div id='av_section_1'  class='avia-section av-czzs17-04c6907d3162c6ce0d5d23fb0fda68ec alternate_color avia-section-default avia-no-border-styling  avia-builder-el-0  el_before_av_section  avia-builder-el-first  avia-bg-style-scroll container_wrap fullsize'  ><div class='container av-section-cont-open' ><main  role=\"main\" itemprop=\"mainContentOfPage\"  class='template-page content  av-content-full alpha units'><div class='post-entry post-entry-type-page post-entry-31520'><div class='entry-content-wrapper clearfix'>\n<div  class='flex_column av-9v94x7-eac6463870a0152eadcc917f1ca330b9 av_one_full  avia-builder-el-1  el_before_av_one_half  avia-builder-el-first  first flex_column_div  '     ><div class=\"pxl-headline pxl-hl hl-wrap | hl-sub--off hl--align-left hl--no-margin    \">\n        <div class=\"hl-inner\">\n            <h2 class=\"hl-main hl-line |  hl_main--default  \">Ta\u015bmy z pow\u0142ok\u0105 PE<\/h2>\n            \n    <\/div>\n<\/div><\/div><div  class='flex_column av-ggf4r-5b9ed9dbffe357ac0d5a338040c26d89 av_one_half  avia-builder-el-3  el_after_av_one_full  el_before_av_one_half  first flex_column_div  column-top-margin'     ><section  class='av_textblock_section av-2v1pcr-c5ab047475a2217aa9986a9b44509a22 '   itemscope=\"itemscope\" itemtype=\"https:\/\/schema.org\/CreativeWork\" ><div class='avia_textblock'  itemprop=\"text\" ><p>Ta\u015bmy powlekane PE s\u0105 jednymi z najbardziej wszechstronnych ta\u015bm samoprzylepnych ze wzgl\u0119du na ich w\u0142a\u015bciwo\u015bci materia\u0142owe. Pow\u0142oka wykonana z polietylenu, odpornego tworzywa termoplastycznego, umo\u017cliwia wykorzystanie w wielu r\u00f3\u017cnych scenariuszach zastosowa\u0144. Spektrum zastosowa\u0144 rozci\u0105ga si\u0119 od tymczasowego wykorzystania przy budowie okien i schod\u00f3w, a tak\u017ce w warsztatach lub do uk\u0142adania pod\u0142\u00f3g i pokry\u0107 dachowych, po trwa\u0142e prace naprawcze.<\/p>\n<p>Oferujemy naszym klientom mo\u017cliwo\u015b\u0107 <a href=\"https:\/\/cardinal-tapes.com\/pl\/opakowanie\/\">dostosowania ta\u015bm do ich \u017cycze\u0144<\/a>. Skontaktuj si\u0119 z naszymi wieloletnimi ekspertami, aby uzyska\u0107 wi\u0119cej informacji.<\/p>\n<\/div><\/section><\/div><div  class='flex_column av-7ffwwr-04ac9e7b11859c7116e4a64f1814f2cf av_one_half  avia-builder-el-5  el_after_av_one_half  avia-builder-el-last  flex_column_div  column-top-margin'     ><section  class='av_textblock_section av-84nu3f-8445e7b9c7bdcc51915f80e70732739e '   itemscope=\"itemscope\" itemtype=\"https:\/\/schema.org\/CreativeWork\" ><div class='avia_textblock small'  itemprop=\"text\" ><h4>Ta\u015bmy powlekane PE &#8211; zalety<\/h4>\n<p>Dzi\u0119ki pow\u0142oce PE ta\u015bmy s\u0105 wyj\u0105tkowo odporne na wilgo\u0107, a tak\u017ce na warunki pogodowe i temperatur\u0119. Ponadto charakteryzuj\u0105 si\u0119 wysok\u0105 przyczepno\u015bci\u0105, dzi\u0119ki czemu pewnie przylegaj\u0105 nawet do zakurzonych i nier\u00f3wnych powierzchni. Dzi\u0119ki elastyczno\u015bci, jak\u0105 oferuj\u0105 ta\u015bmy powlekane PE, mo\u017cna je precyzyjnie dopasowa\u0107 do niemal ka\u017cdej powierzchni. Zastosowany niekorozyjny klej kauczukowy zapewnia, \u017ce ta\u015bmy, pomimo wysokiej si\u0142y klejenia, nie maj\u0105 wp\u0142ywu na pod\u0142o\u017ce i mo\u017cna je usun\u0105\u0107 bez pozostawiania \u015blad\u00f3w. W zale\u017cno\u015bci od po\u017c\u0105danych w\u0142a\u015bciwo\u015bci, ta\u015bmy PE mog\u0105 by\u0107 zar\u00f3wno \u0142atwe do oderwania, a tym samym bardzo wygodne w obs\u0142udze, jak i wyj\u0105tkowo odporne na rozdarcie. Ta\u015bmy s\u0105 r\u00f3wnie\u017c odporne na dzia\u0142anie czynnik\u00f3w mechanicznych, takich jak tarcie i nacisk, kt\u00f3re mog\u0105 wyst\u0105pi\u0107 zw\u0142aszcza podczas u\u017cytkowania na placach budowy. Ta\u015bmy powlekane PE mog\u0105 by\u0107 dok\u0142adnie etykietowane i zadrukowywane.<\/p>\n<\/div><\/section><\/div>\n\n<\/div><\/div><\/main><!-- close content main element --><\/div><\/div><div id='av_section_2'  class='avia-section av-5g2wcb-1a70fe5b3af73e10cd52b943e7fee60b main_color avia-section-default avia-no-border-styling  avia-builder-el-7  el_after_av_section  avia-builder-el-last  gradient-section avia-bg-style-scroll container_wrap fullsize'  ><div class='container av-section-cont-open' ><div class='template-page content  av-content-full alpha units'><div class='post-entry post-entry-type-page post-entry-31520'><div class='entry-content-wrapper clearfix'>\n<div  class='flex_column av-3wuijv-4c8d4853bb0a7998b12c74185e514826 av_one_full  avia-builder-el-8  avia-builder-el-no-sibling  first flex_column_div  '     ><p><div class=\"pxl-headline pxl-hl hl-wrap | hl-sub--off hl--align-left hl--no-margin    \">\n        <div class=\"hl-inner\">\n            <h2 class=\"hl-main hl-line |  hl_main--default  \">Interesuj\u0105ce produkty<\/h2>\n            \n    <\/div>\n<\/div>\n<br \/>\n<div   data-autoplay=''  data-interval='5'  data-animation='fade'  data-hoverpause='1'  class='template-shop avia-content-slider avia-content-slider-active avia-product-slider1 avia-content-slider-even  avia-builder-el-10  el_after_pixel_sc_headline  el_before_av_button   shop_columns_4' ><div class='avia-content-slider-inner'><ul class=\"products slide-entry-wrap\"><li class=\"product type-product post-51639 status-publish first instock product_cat-tasma-klejaca-do-tkanin product_cat-tasma-powlekana-tworzywem-sztucznym product_cat-jednostronne-tasmy-samoprzylepne product_cat-tasma-powlekana-pe has-post-thumbnail taxable shipping-taxable purchasable product-type-variable\">\n\t<div class='inner_product main_color wrapped_style noLightbox  av-product-class-no_button'><a href=\"https:\/\/cardinal-tapes.com\/pl\/ta\u015bmy-samoprzylepne\/jednostronne-tasmy-samoprzylepne\/tasma-powlekana-pe\/ca-33-pe-coated-fabric-adhesive-tape\/\" class=\"woocommerce-LoopProduct-link woocommerce-loop-product__link\"><div class=\"thumbnail_container\"><img decoding=\"async\" loading=\"lazy\" width=\"450\" height=\"450\" src=\"https:\/\/cardinal-tapes.com\/wp-content\/uploads\/ca-33_01-450x450.jpg\" class=\"wp-image-27826 avia-img-lazy-loading-27826 attachment-shop_catalog size-shop_catalog wp-post-image\" alt=\"Powlekana tworzywem sztucznym ta\u015bma do obrze\u017cy dywanowych CA-33 - jednostronny, Tkanina, Kauczuk naturalny - Ilustracja 27826\" srcset=\"https:\/\/cardinal-tapes.com\/wp-content\/uploads\/ca-33_01-450x450.jpg 450w, https:\/\/cardinal-tapes.com\/wp-content\/uploads\/ca-33_01-120x120.jpg 120w, https:\/\/cardinal-tapes.com\/wp-content\/uploads\/ca-33_01-80x80.jpg 80w, https:\/\/cardinal-tapes.com\/wp-content\/uploads\/ca-33_01-200x200.jpg 200w, https:\/\/cardinal-tapes.com\/wp-content\/uploads\/ca-33_01-768x768.jpg 768w, https:\/\/cardinal-tapes.com\/wp-content\/uploads\/ca-33_01-1030x1030.jpg 1030w, https:\/\/cardinal-tapes.com\/wp-content\/uploads\/ca-33_01-36x36.jpg 36w, https:\/\/cardinal-tapes.com\/wp-content\/uploads\/ca-33_01-180x180.jpg 180w, https:\/\/cardinal-tapes.com\/wp-content\/uploads\/ca-33_01-705x705.jpg 705w, https:\/\/cardinal-tapes.com\/wp-content\/uploads\/ca-33_01-100x100.jpg 100w, https:\/\/cardinal-tapes.com\/wp-content\/uploads\/ca-33_01.jpg 1400w\" sizes=\"auto, (max-width: 450px) 100vw, 450px\" \/><\/div><div class='inner_product_header'><div class='avia-arrow'><\/div><div class='inner_product_header_table'><div class='inner_product_header_cell'><span class=\"is-h2 woocommerce-loop-product__title\">Powlekana tworzywem sztucznym ta\u015bma do obrze\u017cy dywanowych CA-33<\/span>\t\t<div class=\"product-infos\">\n\t\t\t\t\t\t\t<span class='product-infos__item'><b>Pow\u0142oka:<\/b> jednostronny<\/span>\n\t\t\t\t\t\t\t\t\t\t<span class='product-infos__item'><b>Rodzaj materia\u0142u:<\/b> Tkanina<\/span>\n\t\t\t\t\t\t\t\t\t\t<span class='product-infos__item'><b>Producent:<\/b> cardinal GmbH<\/span>\n\t\t\t\t\t\t\t\t\t\t<span class='product-infos__item'><b>Cena na \u017c\u0105danie<\/b><\/span>\n\t\t\t\t\t<\/div>\n\t<\/div><\/div><\/div><\/a><\/div><\/li>\n<li class=\"product type-product post-42023 status-publish instock product_cat-tasma-klejaca-do-tkanin product_cat-tasma-powlekana-tworzywem-sztucznym product_cat-jednostronne-tasmy-samoprzylepne product_cat-tasma-powlekana-pe has-post-thumbnail taxable shipping-taxable purchasable product-type-variable\">\n\t<div class='inner_product main_color wrapped_style noLightbox  av-product-class-no_button'><a href=\"https:\/\/cardinal-tapes.com\/pl\/ta\u015bmy-samoprzylepne\/jednostronne-tasmy-samoprzylepne\/tasma-powlekana-pe\/at160-waterproof-fabric-tape-in-premium-quality-with-matt-surface\/\" class=\"woocommerce-LoopProduct-link woocommerce-loop-product__link\"><div class=\"thumbnail_container\"><img decoding=\"async\" loading=\"lazy\" width=\"450\" height=\"450\" src=\"https:\/\/cardinal-tapes.com\/wp-content\/uploads\/Advance-Tapes_AT160_Group-450x450.jpg\" class=\"wp-image-28614 avia-img-lazy-loading-28614 attachment-shop_catalog size-shop_catalog wp-post-image\" alt=\"Wodoodporna ta\u015bma materia\u0142owa AT160 o matowej powierzchni - jednostronny, Tkanina, Kauczuk naturalny - Ilustracja 28614\" srcset=\"https:\/\/cardinal-tapes.com\/wp-content\/uploads\/Advance-Tapes_AT160_Group-450x450.jpg 450w, https:\/\/cardinal-tapes.com\/wp-content\/uploads\/Advance-Tapes_AT160_Group-120x120.jpg 120w, https:\/\/cardinal-tapes.com\/wp-content\/uploads\/Advance-Tapes_AT160_Group-80x80.jpg 80w, https:\/\/cardinal-tapes.com\/wp-content\/uploads\/Advance-Tapes_AT160_Group-200x200.jpg 200w, https:\/\/cardinal-tapes.com\/wp-content\/uploads\/Advance-Tapes_AT160_Group-36x36.jpg 36w, https:\/\/cardinal-tapes.com\/wp-content\/uploads\/Advance-Tapes_AT160_Group-180x180.jpg 180w, https:\/\/cardinal-tapes.com\/wp-content\/uploads\/Advance-Tapes_AT160_Group-100x100.jpg 100w, https:\/\/cardinal-tapes.com\/wp-content\/uploads\/Advance-Tapes_AT160_Group.jpg 600w\" sizes=\"auto, (max-width: 450px) 100vw, 450px\" \/><\/div><div class='inner_product_header'><div class='avia-arrow'><\/div><div class='inner_product_header_table'><div class='inner_product_header_cell'><span class=\"is-h2 woocommerce-loop-product__title\">Wodoodporna ta\u015bma materia\u0142owa AT160 o matowej powierzchni<\/span>\t\t<div class=\"product-infos\">\n\t\t\t\t\t\t\t<span class='product-infos__item'><b>Pow\u0142oka:<\/b> jednostronny<\/span>\n\t\t\t\t\t\t\t\t\t\t<span class='product-infos__item'><b>Rodzaj materia\u0142u:<\/b> Tkanina<\/span>\n\t\t\t\t\t\t\t\t\t\t<span class='product-infos__item'><b>Producent:<\/b> Advance Tapes<\/span>\n\t\t\t\t\t\t\t\t\t\t<span class='product-infos__item'><b>Cena na \u017c\u0105danie<\/b><\/span>\n\t\t\t\t\t<\/div>\n\t<\/div><\/div><\/div><\/a><\/div><\/li>\n<li class=\"product type-product post-42547 status-publish instock product_cat-tasma-powlekana-pe product_cat-tasma-klejaca-do-tkanin product_cat-tasma-powlekana-tworzywem-sztucznym product_cat-jednostronne-tasmy-samoprzylepne has-post-thumbnail taxable shipping-taxable purchasable product-type-variable\">\n\t<div class='inner_product main_color wrapped_style noLightbox  av-product-class-no_button'><a href=\"https:\/\/cardinal-tapes.com\/pl\/ta\u015bmy-samoprzylepne\/jednostronne-tasmy-samoprzylepne\/tasma-powlekana-pe\/at159-waterproof-fabric-tape-with-matte-surface\/\" class=\"woocommerce-LoopProduct-link woocommerce-loop-product__link\"><div class=\"thumbnail_container\"><img decoding=\"async\" loading=\"lazy\" width=\"450\" height=\"450\" src=\"https:\/\/cardinal-tapes.com\/wp-content\/uploads\/Advance-Tapes_AT160_Group-450x450.jpg\" class=\"wp-image-28614 avia-img-lazy-loading-28614 attachment-shop_catalog size-shop_catalog wp-post-image\" alt=\"AT159 wodoodporna ta\u015bma tkaninowa o matowej powierzchni - jednostronny, Tkanina, Kauczuk naturalny - Ilustracja 28614\" srcset=\"https:\/\/cardinal-tapes.com\/wp-content\/uploads\/Advance-Tapes_AT160_Group-450x450.jpg 450w, https:\/\/cardinal-tapes.com\/wp-content\/uploads\/Advance-Tapes_AT160_Group-120x120.jpg 120w, https:\/\/cardinal-tapes.com\/wp-content\/uploads\/Advance-Tapes_AT160_Group-80x80.jpg 80w, https:\/\/cardinal-tapes.com\/wp-content\/uploads\/Advance-Tapes_AT160_Group-200x200.jpg 200w, https:\/\/cardinal-tapes.com\/wp-content\/uploads\/Advance-Tapes_AT160_Group-36x36.jpg 36w, https:\/\/cardinal-tapes.com\/wp-content\/uploads\/Advance-Tapes_AT160_Group-180x180.jpg 180w, https:\/\/cardinal-tapes.com\/wp-content\/uploads\/Advance-Tapes_AT160_Group-100x100.jpg 100w, https:\/\/cardinal-tapes.com\/wp-content\/uploads\/Advance-Tapes_AT160_Group.jpg 600w\" sizes=\"auto, (max-width: 450px) 100vw, 450px\" \/><\/div><div class='inner_product_header'><div class='avia-arrow'><\/div><div class='inner_product_header_table'><div class='inner_product_header_cell'><span class=\"is-h2 woocommerce-loop-product__title\">AT159 wodoodporna ta\u015bma tkaninowa o matowej powierzchni<\/span>\t\t<div class=\"product-infos\">\n\t\t\t\t\t\t\t<span class='product-infos__item'><b>Pow\u0142oka:<\/b> jednostronny<\/span>\n\t\t\t\t\t\t\t\t\t\t<span class='product-infos__item'><b>Rodzaj materia\u0142u:<\/b> Tkanina<\/span>\n\t\t\t\t\t\t\t\t\t\t<span class='product-infos__item'><b>Producent:<\/b> Advance Tapes<\/span>\n\t\t\t\t\t\t\t\t\t\t<span class='product-infos__item'><b>Cena na \u017c\u0105danie<\/b><\/span>\n\t\t\t\t\t<\/div>\n\t<\/div><\/div><\/div><\/a><\/div><\/li>\n<li class=\"product type-product post-55352 status-publish last instock product_cat-jednostronne-tasmy-samoprzylepne product_cat-tasma-powlekana-pe has-post-thumbnail taxable shipping-taxable purchasable product-type-variable\">\n\t<div class='inner_product main_color wrapped_style noLightbox  av-product-class-no_button'><a href=\"https:\/\/cardinal-tapes.com\/pl\/ta\u015bmy-samoprzylepne\/jednostronne-tasmy-samoprzylepne\/tasma-powlekana-pe\/tasma-samoprzylepna-ca-773-pe\/\" class=\"woocommerce-LoopProduct-link woocommerce-loop-product__link\"><div class=\"thumbnail_container\"><img decoding=\"async\" loading=\"lazy\" width=\"450\" height=\"450\" src=\"https:\/\/cardinal-tapes.com\/wp-content\/uploads\/CA_773_02-1-450x450.jpg\" class=\"wp-image-26918 avia-img-lazy-loading-26918 attachment-shop_catalog size-shop_catalog wp-post-image\" alt=\"Ta\u015bma samoprzylepna CA-773 PE - jednostronny, Folia PE, Kauczuk naturalny - Ilustracja 26918\" srcset=\"https:\/\/cardinal-tapes.com\/wp-content\/uploads\/CA_773_02-1-450x450.jpg 450w, https:\/\/cardinal-tapes.com\/wp-content\/uploads\/CA_773_02-1-120x120.jpg 120w, https:\/\/cardinal-tapes.com\/wp-content\/uploads\/CA_773_02-1-80x80.jpg 80w, https:\/\/cardinal-tapes.com\/wp-content\/uploads\/CA_773_02-1-200x200.jpg 200w, https:\/\/cardinal-tapes.com\/wp-content\/uploads\/CA_773_02-1-768x768.jpg 768w, https:\/\/cardinal-tapes.com\/wp-content\/uploads\/CA_773_02-1-1030x1030.jpg 1030w, https:\/\/cardinal-tapes.com\/wp-content\/uploads\/CA_773_02-1-36x36.jpg 36w, https:\/\/cardinal-tapes.com\/wp-content\/uploads\/CA_773_02-1-180x180.jpg 180w, https:\/\/cardinal-tapes.com\/wp-content\/uploads\/CA_773_02-1-705x705.jpg 705w, https:\/\/cardinal-tapes.com\/wp-content\/uploads\/CA_773_02-1-100x100.jpg 100w, https:\/\/cardinal-tapes.com\/wp-content\/uploads\/CA_773_02-1.jpg 1400w\" sizes=\"auto, (max-width: 450px) 100vw, 450px\" \/><\/div><div class='inner_product_header'><div class='avia-arrow'><\/div><div class='inner_product_header_table'><div class='inner_product_header_cell'><span class=\"is-h2 woocommerce-loop-product__title\">Ta\u015bma samoprzylepna CA-773 PE<\/span>\t\t<div class=\"product-infos\">\n\t\t\t\t\t\t\t<span class='product-infos__item'><b>Pow\u0142oka:<\/b> jednostronny<\/span>\n\t\t\t\t\t\t\t\t\t\t<span class='product-infos__item'><b>Rodzaj materia\u0142u:<\/b> Folia PE<\/span>\n\t\t\t\t\t\t\t\t\t\t<span class='product-infos__item'><b>Producent:<\/b> cardinal GmbH<\/span>\n\t\t\t\t\t\t\t\t\t\t<span class='product-infos__item'><b>Cena na \u017c\u0105danie<\/b><\/span>\n\t\t\t\t\t<\/div>\n\t<\/div><\/div><\/div><\/a><\/div><\/li>\n<\/ul><\/div><\/div><div class=\"clear\"><\/div><br \/>\n<div  class='avia-button-wrap av-1wy7jf-50625e09c437e123f70ce75f2be24ff5-wrap avia-button-left '><a href='https:\/\/cardinal-tapes.com\/klebebaender\/'  class='avia-button av-1wy7jf-50625e09c437e123f70ce75f2be24ff5 avia-icon_select-no avia-size-medium avia-position-left avia-color-theme-color layout-border color-white'  ><span class='avia_iconbox_title' >Wszystkie produkty<\/span><\/a><\/div><\/p><\/div>\n","protected":false},"excerpt":{"rendered":"","protected":false},"author":1,"featured_media":0,"parent":30844,"menu_order":0,"comment_status":"closed","ping_status":"closed","template":"","meta":{"_acf_changed":false,"footnotes":""},"class_list":["post-31520","page","type-page","status-publish","hentry"],"acf":[],"yoast_head":"<!-- This site is optimized with the Yoast SEO plugin v27.3 - https:\/\/yoast.com\/product\/yoast-seo-wordpress\/ -->\n<title>Ta\u015bmy z pow\u0142ok\u0105 PE - cardinal TAPES<\/title>\n<meta name=\"description\" content=\"Ta\u015bmy powlekane PE s\u0105 jednymi z najbardziej wszechstronnych ta\u015bm samoprzylepnych ze wzgl\u0119du na ich w\u0142a\u015bciwo\u015bci materia\u0142owe. Dowiedz si\u0119 wi\u0119cej.\" \/>\n<meta name=\"robots\" content=\"index, follow, max-snippet:-1, max-image-preview:large, max-video-preview:-1\" \/>\n<link rel=\"canonical\" href=\"https:\/\/cardinal-tapes.com\/pl\/tasmy-samoprzylepne-pl\/tasma-klejaca-abc\/tasmy-z-powloka-pe\/\" \/>\n<meta property=\"og:locale\" content=\"pl_PL\" \/>\n<meta property=\"og:type\" content=\"article\" \/>\n<meta property=\"og:title\" content=\"Ta\u015bmy z pow\u0142ok\u0105 PE - cardinal TAPES\" \/>\n<meta property=\"og:description\" content=\"Ta\u015bmy powlekane PE s\u0105 jednymi z najbardziej wszechstronnych ta\u015bm samoprzylepnych ze wzgl\u0119du na ich w\u0142a\u015bciwo\u015bci materia\u0142owe. Dowiedz si\u0119 wi\u0119cej.\" \/>\n<meta property=\"og:url\" content=\"https:\/\/cardinal-tapes.com\/pl\/tasmy-samoprzylepne-pl\/tasma-klejaca-abc\/tasmy-z-powloka-pe\/\" \/>\n<meta property=\"og:site_name\" content=\"cardinal TAPES\" \/>\n<meta property=\"article:modified_time\" content=\"2023-06-14T08:47:08+00:00\" \/>\n<meta name=\"twitter:card\" content=\"summary_large_image\" \/>\n<meta name=\"twitter:label1\" content=\"Szacowany czas czytania\" \/>\n\t<meta name=\"twitter:data1\" content=\"15 minut\" \/>\n<script type=\"application\/ld+json\" class=\"yoast-schema-graph\">{\"@context\":\"https:\\\/\\\/schema.org\",\"@graph\":[{\"@type\":\"WebPage\",\"@id\":\"https:\\\/\\\/cardinal-tapes.com\\\/pl\\\/tasmy-samoprzylepne-pl\\\/tasma-klejaca-abc\\\/tasmy-z-powloka-pe\\\/\",\"url\":\"https:\\\/\\\/cardinal-tapes.com\\\/pl\\\/tasmy-samoprzylepne-pl\\\/tasma-klejaca-abc\\\/tasmy-z-powloka-pe\\\/\",\"name\":\"Ta\u015bmy z pow\u0142ok\u0105 PE - cardinal TAPES\",\"isPartOf\":{\"@id\":\"https:\\\/\\\/cardinal-tapes.com\\\/#website\"},\"datePublished\":\"2023-06-02T08:59:46+00:00\",\"dateModified\":\"2023-06-14T08:47:08+00:00\",\"description\":\"Ta\u015bmy powlekane PE s\u0105 jednymi z najbardziej wszechstronnych ta\u015bm samoprzylepnych ze wzgl\u0119du na ich w\u0142a\u015bciwo\u015bci materia\u0142owe. Dowiedz si\u0119 wi\u0119cej.\",\"breadcrumb\":{\"@id\":\"https:\\\/\\\/cardinal-tapes.com\\\/pl\\\/tasmy-samoprzylepne-pl\\\/tasma-klejaca-abc\\\/tasmy-z-powloka-pe\\\/#breadcrumb\"},\"inLanguage\":\"pl-PL\",\"potentialAction\":[{\"@type\":\"ReadAction\",\"target\":[\"https:\\\/\\\/cardinal-tapes.com\\\/pl\\\/tasmy-samoprzylepne-pl\\\/tasma-klejaca-abc\\\/tasmy-z-powloka-pe\\\/\"]}]},{\"@type\":\"BreadcrumbList\",\"@id\":\"https:\\\/\\\/cardinal-tapes.com\\\/pl\\\/tasmy-samoprzylepne-pl\\\/tasma-klejaca-abc\\\/tasmy-z-powloka-pe\\\/#breadcrumb\",\"itemListElement\":[{\"@type\":\"ListItem\",\"position\":1,\"name\":\"Startseite\",\"item\":\"https:\\\/\\\/cardinal-tapes.com\\\/pl\\\/strona-glowna\\\/\"},{\"@type\":\"ListItem\",\"position\":2,\"name\":\"Ta\u015bmy samoprzylepne\",\"item\":\"https:\\\/\\\/cardinal-tapes.com\\\/pl\\\/tasmy-samoprzylepne-pl\\\/\"},{\"@type\":\"ListItem\",\"position\":3,\"name\":\"Ta\u015bma klej\u0105ca ABC\",\"item\":\"https:\\\/\\\/cardinal-tapes.com\\\/pl\\\/tasmy-samoprzylepne-pl__trashed\\\/tasma-klejaca-abc\\\/\"},{\"@type\":\"ListItem\",\"position\":4,\"name\":\"Ta\u015bmy z pow\u0142ok\u0105 PE\"}]},{\"@type\":\"WebSite\",\"@id\":\"https:\\\/\\\/cardinal-tapes.com\\\/#website\",\"url\":\"https:\\\/\\\/cardinal-tapes.com\\\/\",\"name\":\"cardinal TAPES\",\"description\":\"Klebetechnik aus Wuppertal\",\"potentialAction\":[{\"@type\":\"SearchAction\",\"target\":{\"@type\":\"EntryPoint\",\"urlTemplate\":\"https:\\\/\\\/cardinal-tapes.com\\\/?s={search_term_string}\"},\"query-input\":{\"@type\":\"PropertyValueSpecification\",\"valueRequired\":true,\"valueName\":\"search_term_string\"}}],\"inLanguage\":\"pl-PL\"}]}<\/script>\n<!-- \/ Yoast SEO plugin. -->","yoast_head_json":{"title":"Ta\u015bmy z pow\u0142ok\u0105 PE - cardinal TAPES","description":"Ta\u015bmy powlekane PE s\u0105 jednymi z najbardziej wszechstronnych ta\u015bm samoprzylepnych ze wzgl\u0119du na ich w\u0142a\u015bciwo\u015bci materia\u0142owe. Dowiedz si\u0119 wi\u0119cej.","robots":{"index":"index","follow":"follow","max-snippet":"max-snippet:-1","max-image-preview":"max-image-preview:large","max-video-preview":"max-video-preview:-1"},"canonical":"https:\/\/cardinal-tapes.com\/pl\/tasmy-samoprzylepne-pl\/tasma-klejaca-abc\/tasmy-z-powloka-pe\/","og_locale":"pl_PL","og_type":"article","og_title":"Ta\u015bmy z pow\u0142ok\u0105 PE - cardinal TAPES","og_description":"Ta\u015bmy powlekane PE s\u0105 jednymi z najbardziej wszechstronnych ta\u015bm samoprzylepnych ze wzgl\u0119du na ich w\u0142a\u015bciwo\u015bci materia\u0142owe. Dowiedz si\u0119 wi\u0119cej.","og_url":"https:\/\/cardinal-tapes.com\/pl\/tasmy-samoprzylepne-pl\/tasma-klejaca-abc\/tasmy-z-powloka-pe\/","og_site_name":"cardinal TAPES","article_modified_time":"2023-06-14T08:47:08+00:00","twitter_card":"summary_large_image","twitter_misc":{"Szacowany czas czytania":"15 minut"},"schema":{"@context":"https:\/\/schema.org","@graph":[{"@type":"WebPage","@id":"https:\/\/cardinal-tapes.com\/pl\/tasmy-samoprzylepne-pl\/tasma-klejaca-abc\/tasmy-z-powloka-pe\/","url":"https:\/\/cardinal-tapes.com\/pl\/tasmy-samoprzylepne-pl\/tasma-klejaca-abc\/tasmy-z-powloka-pe\/","name":"Ta\u015bmy z pow\u0142ok\u0105 PE - cardinal TAPES","isPartOf":{"@id":"https:\/\/cardinal-tapes.com\/#website"},"datePublished":"2023-06-02T08:59:46+00:00","dateModified":"2023-06-14T08:47:08+00:00","description":"Ta\u015bmy powlekane PE s\u0105 jednymi z najbardziej wszechstronnych ta\u015bm samoprzylepnych ze wzgl\u0119du na ich w\u0142a\u015bciwo\u015bci materia\u0142owe. Dowiedz si\u0119 wi\u0119cej.","breadcrumb":{"@id":"https:\/\/cardinal-tapes.com\/pl\/tasmy-samoprzylepne-pl\/tasma-klejaca-abc\/tasmy-z-powloka-pe\/#breadcrumb"},"inLanguage":"pl-PL","potentialAction":[{"@type":"ReadAction","target":["https:\/\/cardinal-tapes.com\/pl\/tasmy-samoprzylepne-pl\/tasma-klejaca-abc\/tasmy-z-powloka-pe\/"]}]},{"@type":"BreadcrumbList","@id":"https:\/\/cardinal-tapes.com\/pl\/tasmy-samoprzylepne-pl\/tasma-klejaca-abc\/tasmy-z-powloka-pe\/#breadcrumb","itemListElement":[{"@type":"ListItem","position":1,"name":"Startseite","item":"https:\/\/cardinal-tapes.com\/pl\/strona-glowna\/"},{"@type":"ListItem","position":2,"name":"Ta\u015bmy samoprzylepne","item":"https:\/\/cardinal-tapes.com\/pl\/tasmy-samoprzylepne-pl\/"},{"@type":"ListItem","position":3,"name":"Ta\u015bma klej\u0105ca ABC","item":"https:\/\/cardinal-tapes.com\/pl\/tasmy-samoprzylepne-pl__trashed\/tasma-klejaca-abc\/"},{"@type":"ListItem","position":4,"name":"Ta\u015bmy z pow\u0142ok\u0105 PE"}]},{"@type":"WebSite","@id":"https:\/\/cardinal-tapes.com\/#website","url":"https:\/\/cardinal-tapes.com\/","name":"cardinal TAPES","description":"Klebetechnik aus Wuppertal","potentialAction":[{"@type":"SearchAction","target":{"@type":"EntryPoint","urlTemplate":"https:\/\/cardinal-tapes.com\/?s={search_term_string}"},"query-input":{"@type":"PropertyValueSpecification","valueRequired":true,"valueName":"search_term_string"}}],"inLanguage":"pl-PL"}]}},"_links":{"self":[{"href":"https:\/\/cardinal-tapes.com\/pl\/wp-json\/wp\/v2\/pages\/31520","targetHints":{"allow":["GET"]}}],"collection":[{"href":"https:\/\/cardinal-tapes.com\/pl\/wp-json\/wp\/v2\/pages"}],"about":[{"href":"https:\/\/cardinal-tapes.com\/pl\/wp-json\/wp\/v2\/types\/page"}],"author":[{"embeddable":true,"href":"https:\/\/cardinal-tapes.com\/pl\/wp-json\/wp\/v2\/users\/1"}],"replies":[{"embeddable":true,"href":"https:\/\/cardinal-tapes.com\/pl\/wp-json\/wp\/v2\/comments?post=31520"}],"version-history":[{"count":0,"href":"https:\/\/cardinal-tapes.com\/pl\/wp-json\/wp\/v2\/pages\/31520\/revisions"}],"up":[{"embeddable":true,"href":"https:\/\/cardinal-tapes.com\/pl\/wp-json\/wp\/v2\/pages\/30844"}],"wp:attachment":[{"href":"https:\/\/cardinal-tapes.com\/pl\/wp-json\/wp\/v2\/media?parent=31520"}],"curies":[{"name":"wp","href":"https:\/\/api.w.org\/{rel}","templated":true}]}}