{"id":31501,"date":"2018-05-24T09:29:17","date_gmt":"2018-05-24T07:29:17","guid":{"rendered":"https:\/\/cardinal.pixel-tal.de\/tasmy-samoprzylepne\/tasma-klejaca-abc\/tasmy-olowiane\/"},"modified":"2023-06-02T11:12:19","modified_gmt":"2023-06-02T09:12:19","slug":"tasmy-olowiane","status":"publish","type":"page","link":"https:\/\/cardinal-tapes.com\/pl\/tasmy-samoprzylepne-pl\/tasma-klejaca-abc\/tasmy-olowiane\/","title":{"rendered":"Ta\u015bmy o\u0142owiane"},"content":{"rendered":"<div id='av_section_1'  class='avia-section av-88iwxo-e571447d2876c556ca3b9dd6487588ab alternate_color avia-section-default avia-no-border-styling  avia-builder-el-0  avia-builder-el-no-sibling  avia-bg-style-scroll container_wrap fullsize'  ><div class='container av-section-cont-open' ><main  role=\"main\" itemprop=\"mainContentOfPage\"  class='template-page content  av-content-full alpha units'><div class='post-entry post-entry-type-page post-entry-31501'><div class='entry-content-wrapper clearfix'>\n<div  class='flex_column av-5el2qk-43e76e94547f2316bb875c8a9cfa3450 av_one_full  avia-builder-el-1  el_before_av_one_half  avia-builder-el-first  first flex_column_div  '     ><div class=\"pxl-headline pxl-hl hl-wrap | hl-sub--off hl--align-left hl--no-margin    \">\n        <div class=\"hl-inner\">\n            <h2 class=\"hl-main hl-line |  hl_main--default  \">Ta\u015bmy o\u0142owiane<\/h2>\n            \n    <\/div>\n<\/div><\/div><div  class='flex_column av-3p1a7w-af915ed0d084453edff2831eb032040c av_one_half  avia-builder-el-3  el_after_av_one_full  el_before_av_one_half  first flex_column_div  column-top-margin'     ><section  class='av_textblock_section av-6f1nto-9fd4e81b0b6e5e584ac98f54249566de '   itemscope=\"itemscope\" itemtype=\"https:\/\/schema.org\/CreativeWork\" ><div class='avia_textblock'  itemprop=\"text\" ><p>Ta\u015bma o\u0142owiana sk\u0142ada si\u0119 z folii o\u0142owianej i wysokiej jako\u015bci kleju. Dzi\u0119ki swoim wszechstronnym w\u0142a\u015bciwo\u015bciom s\u0105 one stosowane g\u0142\u00f3wnie w galwanotechnice jako ta\u015bma maskuj\u0105ca. Ale ta\u015bma o\u0142owiana jest r\u00f3wnie\u017c u\u017cywana w wielu innych obszarach, takich jak zmiana wagi kij\u00f3w golfowych.<\/p>\n<\/div><\/section><\/div><div  class='flex_column av-2le11o-3347fb5132b10e5a7294d470dfbdcbd5 av_one_half  avia-builder-el-5  el_after_av_one_half  avia-builder-el-last  flex_column_div  column-top-margin'     ><section  class='av_textblock_section av-25qbu4-af4ac5eaa1be3977701b5cb5d6c5e02e '   itemscope=\"itemscope\" itemtype=\"https:\/\/schema.org\/CreativeWork\" ><div class='avia_textblock'  itemprop=\"text\" ><h4>Cechy szczeg\u00f3lne ta\u015bmy o\u0142owianej<\/h4>\n<p>Najwa\u017cniejszymi w\u0142a\u015bciwo\u015bciami ta\u015bm o\u0142owianych s\u0105 w\u0142a\u015bciwo\u015bci galwaniczne i przewodno\u015b\u0107 elektryczna. Co wi\u0119cej, o\u0142\u00f3w jest bardzo ci\u0119\u017ckim i g\u0119stym pierwiastkiem. Dzi\u0119ki temu doskonale nadaje si\u0119 do blokowania promieniowania wysokoenergetycznego. Z tego powodu ta\u015bma o\u0142owiana jest stosowana do uszczelniania sprz\u0119tu medycznego lub w plac\u00f3wkach naukowo-badawczych.<\/p>\n<p>Poniewa\u017c w dziedzinie galwanizacji istnieje wiele specjalnych wymaga\u0144, w naszym <a href=\"\/klebebaender\/\">sklepie<\/a> posiadamy r\u00f3\u017cne ta\u015bmy o\u0142owiane. Ponadto montujemy dla Ciebie ta\u015bmy samoprzylepne, aby\u015b by\u0142 optymalnie wyposa\u017cony do zastosowa\u0144. Nasi wieloletni eksperci ch\u0119tnie doradz\u0105 w tym zakresie.<\/p>\n<\/div><\/section><\/div>\n\n","protected":false},"excerpt":{"rendered":"","protected":false},"author":1,"featured_media":0,"parent":30844,"menu_order":38,"comment_status":"closed","ping_status":"closed","template":"","meta":{"_acf_changed":false,"footnotes":""},"class_list":["post-31501","page","type-page","status-publish","hentry"],"acf":[],"yoast_head":"<!-- This site is optimized with the Yoast SEO plugin v27.3 - https:\/\/yoast.com\/product\/yoast-seo-wordpress\/ -->\n<title>Ta\u015bmy o\u0142owiane - cardinal TAPES<\/title>\n<meta name=\"description\" content=\"Ta\u015bma o\u0142owiana sk\u0142ada si\u0119 z folii o\u0142owianej i wysokiej jako\u015bci kleju. Dowiedz si\u0119 wi\u0119cej o wysokiej jako\u015bci ta\u015bmach samoprzylepnych tutaj.\" \/>\n<meta name=\"robots\" content=\"noindex, follow\" \/>\n<meta property=\"og:locale\" content=\"pl_PL\" \/>\n<meta property=\"og:type\" content=\"article\" \/>\n<meta property=\"og:title\" content=\"Ta\u015bmy o\u0142owiane - cardinal TAPES\" \/>\n<meta property=\"og:description\" content=\"Ta\u015bma o\u0142owiana sk\u0142ada si\u0119 z folii o\u0142owianej i wysokiej jako\u015bci kleju. Dowiedz si\u0119 wi\u0119cej o wysokiej jako\u015bci ta\u015bmach samoprzylepnych tutaj.\" \/>\n<meta property=\"og:url\" content=\"https:\/\/cardinal-tapes.com\/pl\/tasmy-samoprzylepne-pl\/tasma-klejaca-abc\/tasmy-olowiane\/\" \/>\n<meta property=\"og:site_name\" content=\"cardinal TAPES\" \/>\n<meta property=\"article:modified_time\" content=\"2023-06-02T09:12:19+00:00\" \/>\n<meta name=\"twitter:card\" content=\"summary_large_image\" \/>\n<meta name=\"twitter:label1\" content=\"Szacowany czas czytania\" \/>\n\t<meta name=\"twitter:data1\" content=\"9 minut\" \/>\n<script type=\"application\/ld+json\" class=\"yoast-schema-graph\">{\"@context\":\"https:\\\/\\\/schema.org\",\"@graph\":[{\"@type\":\"WebPage\",\"@id\":\"https:\\\/\\\/cardinal-tapes.com\\\/pl\\\/tasmy-samoprzylepne-pl\\\/tasma-klejaca-abc\\\/tasmy-olowiane\\\/\",\"url\":\"https:\\\/\\\/cardinal-tapes.com\\\/pl\\\/tasmy-samoprzylepne-pl\\\/tasma-klejaca-abc\\\/tasmy-olowiane\\\/\",\"name\":\"Ta\u015bmy o\u0142owiane - cardinal TAPES\",\"isPartOf\":{\"@id\":\"https:\\\/\\\/cardinal-tapes.com\\\/#website\"},\"datePublished\":\"2018-05-24T07:29:17+00:00\",\"dateModified\":\"2023-06-02T09:12:19+00:00\",\"description\":\"Ta\u015bma o\u0142owiana sk\u0142ada si\u0119 z folii o\u0142owianej i wysokiej jako\u015bci kleju. Dowiedz si\u0119 wi\u0119cej o wysokiej jako\u015bci ta\u015bmach samoprzylepnych tutaj.\",\"breadcrumb\":{\"@id\":\"https:\\\/\\\/cardinal-tapes.com\\\/pl\\\/tasmy-samoprzylepne-pl\\\/tasma-klejaca-abc\\\/tasmy-olowiane\\\/#breadcrumb\"},\"inLanguage\":\"pl-PL\",\"potentialAction\":[{\"@type\":\"ReadAction\",\"target\":[\"https:\\\/\\\/cardinal-tapes.com\\\/pl\\\/tasmy-samoprzylepne-pl\\\/tasma-klejaca-abc\\\/tasmy-olowiane\\\/\"]}]},{\"@type\":\"BreadcrumbList\",\"@id\":\"https:\\\/\\\/cardinal-tapes.com\\\/pl\\\/tasmy-samoprzylepne-pl\\\/tasma-klejaca-abc\\\/tasmy-olowiane\\\/#breadcrumb\",\"itemListElement\":[{\"@type\":\"ListItem\",\"position\":1,\"name\":\"Startseite\",\"item\":\"https:\\\/\\\/cardinal-tapes.com\\\/pl\\\/strona-glowna\\\/\"},{\"@type\":\"ListItem\",\"position\":2,\"name\":\"Ta\u015bmy samoprzylepne\",\"item\":\"https:\\\/\\\/cardinal-tapes.com\\\/pl\\\/tasmy-samoprzylepne-pl\\\/\"},{\"@type\":\"ListItem\",\"position\":3,\"name\":\"Ta\u015bma klej\u0105ca ABC\",\"item\":\"https:\\\/\\\/cardinal-tapes.com\\\/pl\\\/tasmy-samoprzylepne-pl__trashed\\\/tasma-klejaca-abc\\\/\"},{\"@type\":\"ListItem\",\"position\":4,\"name\":\"Ta\u015bmy o\u0142owiane\"}]},{\"@type\":\"WebSite\",\"@id\":\"https:\\\/\\\/cardinal-tapes.com\\\/#website\",\"url\":\"https:\\\/\\\/cardinal-tapes.com\\\/\",\"name\":\"cardinal TAPES\",\"description\":\"Klebetechnik aus Wuppertal\",\"potentialAction\":[{\"@type\":\"SearchAction\",\"target\":{\"@type\":\"EntryPoint\",\"urlTemplate\":\"https:\\\/\\\/cardinal-tapes.com\\\/?s={search_term_string}\"},\"query-input\":{\"@type\":\"PropertyValueSpecification\",\"valueRequired\":true,\"valueName\":\"search_term_string\"}}],\"inLanguage\":\"pl-PL\"}]}<\/script>\n<!-- \/ Yoast SEO plugin. -->","yoast_head_json":{"title":"Ta\u015bmy o\u0142owiane - cardinal TAPES","description":"Ta\u015bma o\u0142owiana sk\u0142ada si\u0119 z folii o\u0142owianej i wysokiej jako\u015bci kleju. Dowiedz si\u0119 wi\u0119cej o wysokiej jako\u015bci ta\u015bmach samoprzylepnych tutaj.","robots":{"index":"noindex","follow":"follow"},"og_locale":"pl_PL","og_type":"article","og_title":"Ta\u015bmy o\u0142owiane - cardinal TAPES","og_description":"Ta\u015bma o\u0142owiana sk\u0142ada si\u0119 z folii o\u0142owianej i wysokiej jako\u015bci kleju. Dowiedz si\u0119 wi\u0119cej o wysokiej jako\u015bci ta\u015bmach samoprzylepnych tutaj.","og_url":"https:\/\/cardinal-tapes.com\/pl\/tasmy-samoprzylepne-pl\/tasma-klejaca-abc\/tasmy-olowiane\/","og_site_name":"cardinal TAPES","article_modified_time":"2023-06-02T09:12:19+00:00","twitter_card":"summary_large_image","twitter_misc":{"Szacowany czas czytania":"9 minut"},"schema":{"@context":"https:\/\/schema.org","@graph":[{"@type":"WebPage","@id":"https:\/\/cardinal-tapes.com\/pl\/tasmy-samoprzylepne-pl\/tasma-klejaca-abc\/tasmy-olowiane\/","url":"https:\/\/cardinal-tapes.com\/pl\/tasmy-samoprzylepne-pl\/tasma-klejaca-abc\/tasmy-olowiane\/","name":"Ta\u015bmy o\u0142owiane - cardinal TAPES","isPartOf":{"@id":"https:\/\/cardinal-tapes.com\/#website"},"datePublished":"2018-05-24T07:29:17+00:00","dateModified":"2023-06-02T09:12:19+00:00","description":"Ta\u015bma o\u0142owiana sk\u0142ada si\u0119 z folii o\u0142owianej i wysokiej jako\u015bci kleju. Dowiedz si\u0119 wi\u0119cej o wysokiej jako\u015bci ta\u015bmach samoprzylepnych tutaj.","breadcrumb":{"@id":"https:\/\/cardinal-tapes.com\/pl\/tasmy-samoprzylepne-pl\/tasma-klejaca-abc\/tasmy-olowiane\/#breadcrumb"},"inLanguage":"pl-PL","potentialAction":[{"@type":"ReadAction","target":["https:\/\/cardinal-tapes.com\/pl\/tasmy-samoprzylepne-pl\/tasma-klejaca-abc\/tasmy-olowiane\/"]}]},{"@type":"BreadcrumbList","@id":"https:\/\/cardinal-tapes.com\/pl\/tasmy-samoprzylepne-pl\/tasma-klejaca-abc\/tasmy-olowiane\/#breadcrumb","itemListElement":[{"@type":"ListItem","position":1,"name":"Startseite","item":"https:\/\/cardinal-tapes.com\/pl\/strona-glowna\/"},{"@type":"ListItem","position":2,"name":"Ta\u015bmy samoprzylepne","item":"https:\/\/cardinal-tapes.com\/pl\/tasmy-samoprzylepne-pl\/"},{"@type":"ListItem","position":3,"name":"Ta\u015bma klej\u0105ca ABC","item":"https:\/\/cardinal-tapes.com\/pl\/tasmy-samoprzylepne-pl__trashed\/tasma-klejaca-abc\/"},{"@type":"ListItem","position":4,"name":"Ta\u015bmy o\u0142owiane"}]},{"@type":"WebSite","@id":"https:\/\/cardinal-tapes.com\/#website","url":"https:\/\/cardinal-tapes.com\/","name":"cardinal TAPES","description":"Klebetechnik aus Wuppertal","potentialAction":[{"@type":"SearchAction","target":{"@type":"EntryPoint","urlTemplate":"https:\/\/cardinal-tapes.com\/?s={search_term_string}"},"query-input":{"@type":"PropertyValueSpecification","valueRequired":true,"valueName":"search_term_string"}}],"inLanguage":"pl-PL"}]}},"_links":{"self":[{"href":"https:\/\/cardinal-tapes.com\/pl\/wp-json\/wp\/v2\/pages\/31501","targetHints":{"allow":["GET"]}}],"collection":[{"href":"https:\/\/cardinal-tapes.com\/pl\/wp-json\/wp\/v2\/pages"}],"about":[{"href":"https:\/\/cardinal-tapes.com\/pl\/wp-json\/wp\/v2\/types\/page"}],"author":[{"embeddable":true,"href":"https:\/\/cardinal-tapes.com\/pl\/wp-json\/wp\/v2\/users\/1"}],"replies":[{"embeddable":true,"href":"https:\/\/cardinal-tapes.com\/pl\/wp-json\/wp\/v2\/comments?post=31501"}],"version-history":[{"count":0,"href":"https:\/\/cardinal-tapes.com\/pl\/wp-json\/wp\/v2\/pages\/31501\/revisions"}],"up":[{"embeddable":true,"href":"https:\/\/cardinal-tapes.com\/pl\/wp-json\/wp\/v2\/pages\/30844"}],"wp:attachment":[{"href":"https:\/\/cardinal-tapes.com\/pl\/wp-json\/wp\/v2\/media?parent=31501"}],"curies":[{"name":"wp","href":"https:\/\/api.w.org\/{rel}","templated":true}]}}