{"id":31498,"date":"2023-06-02T10:59:45","date_gmt":"2023-06-02T08:59:45","guid":{"rendered":"https:\/\/cardinal.pixel-tal.de\/tasmy-samoprzylepne\/tasma-klejaca-abc\/tasmy-zwrotne\/"},"modified":"2023-06-14T10:47:25","modified_gmt":"2023-06-14T08:47:25","slug":"tasmy-zwrotne","status":"publish","type":"page","link":"https:\/\/cardinal-tapes.com\/pl\/tasmy-samoprzylepne-pl\/tasma-klejaca-abc\/tasmy-zwrotne\/","title":{"rendered":"Ta\u015bmy zwrotne"},"content":{"rendered":"<div id='av_section_1'  class='avia-section av-com1so-cf21f6574eb08429f60bab08139fe498 alternate_color avia-section-default avia-no-border-styling  avia-builder-el-0  el_before_av_section  avia-builder-el-first  avia-bg-style-scroll container_wrap fullsize'  ><div class='container av-section-cont-open' ><main  role=\"main\" itemprop=\"mainContentOfPage\"  class='template-page content  av-content-full alpha units'><div class='post-entry post-entry-type-page post-entry-31498'><div class='entry-content-wrapper clearfix'>\n<div  class='flex_column av-b70e7c-4aa4be3499e3ab7b91dcb1fbf056fc4f av_one_full  avia-builder-el-1  el_before_av_one_half  avia-builder-el-first  first flex_column_div  '     ><div class=\"pxl-headline pxl-hl hl-wrap | hl-sub--off hl--align-left hl--no-margin    \">\n        <div class=\"hl-inner\">\n            <h2 class=\"hl-main hl-line |  hl_main--default  \">Ta\u015bmy zwrotne<\/h2>\n            \n    <\/div>\n<\/div><\/div><div  class='flex_column av-9ko4mw-26aa7e73ec273a4d3f787386eca03162 av_one_half  avia-builder-el-3  el_after_av_one_full  el_before_av_one_half  first flex_column_div  column-top-margin'     ><section  class='av_textblock_section av-ad9sjc-d628d416ebc078b503edc9f8049c1d5d '   itemscope=\"itemscope\" itemtype=\"https:\/\/schema.org\/CreativeWork\" ><div class='avia_textblock'  itemprop=\"text\" ><p>Od ponad 20 lat dostarczamy ta\u015bmy TURN-UP dla <a href=\"\/klebebaender\/anwendungsgebiete\/papierherstellung\/\">przemys\u0142u papierniczego<\/a>. Nasze rozwijane ta\u015bmy papierowe gwarantuj\u0105 ekonomiczny i bezpieczny spos\u00f3b przenoszenia wst\u0119gi papieru dla r\u00f3\u017cnych szeroko\u015bci ta\u015bmy. Nasze produkty s\u0105 znane na rynku z niezmiennie dobrej jako\u015bci i zwi\u0105zanej z ni\u0105 niezawodno\u015bci procesu.<\/p>\n<\/div><\/section><\/div><div  class='flex_column av-88a8aw-d7b159f25eb4026308dc5f2452e1ac59 av_one_half  avia-builder-el-5  el_after_av_one_half  avia-builder-el-last  flex_column_div  column-top-margin'     ><section  class='av_textblock_section av-7y806g-b9a32dd903fbfe5c19780cfe2c54cd88 '   itemscope=\"itemscope\" itemtype=\"https:\/\/schema.org\/CreativeWork\" ><div class='avia_textblock small'  itemprop=\"text\" ><h4>Nasz asortyment ta\u015bm do podkr\u0119cania<\/h4>\n<p>Najlepszym wyborem do bezpiecznej i ekonomicznej wymiany rolek s\u0105 modele CA-100 i CA-101. Nasza oferta ta\u015bm papierowych Turn-Up jest dost\u0119pna w kolorze br\u0105zowym i bielonym.<\/p>\n<p>Je\u015bli nie mo\u017cesz znale\u017a\u0107 odpowiedniego rozwi\u0105zania dla swoich specjalnych wymaga\u0144, z przyjemno\u015bci\u0105 doradzimy Ci w ka\u017cdej chwili telefonicznie lub mo\u017cesz skorzysta\u0107 z naszego formularza <a href=\"\/ueber-cardinal\/kontakt\/\">zapytania o produkt<\/a>.<\/p>\n<p>W celu uzyskania informacji o produkcie prosimy o kontakt z panem Timem Cardinalem.<br \/>\nTelefon: <a href=\"tel:+49.202.26685-0\" target=\"_blank\" rel=\"nofollow\">+49.202.26685-0<\/a><br \/>\nE-mail: <a href=\"mailto:t.cardinal@cardinal-tapes.de\" target=\"_blank\" rel=\"nofollow\">t.cardinal@cardinal-tapes.de<\/a><\/p>\n<\/div><\/section><\/div>\n\n<\/div><\/div><\/main><!-- close content main element --><\/div><\/div><div id='av_section_2'  class='avia-section av-6e1r94-4b716f318586f6f762d4d9165a5864f9 main_color avia-section-default avia-no-border-styling  avia-builder-el-7  el_after_av_section  avia-builder-el-last  gradient-section avia-bg-style-scroll container_wrap fullsize'  ><div class='container av-section-cont-open' ><div class='template-page content  av-content-full alpha units'><div class='post-entry post-entry-type-page post-entry-31498'><div class='entry-content-wrapper clearfix'>\n<div  class='flex_column av-4lzaug-e84378d316378d294cb4f051e00b925e av_one_full  avia-builder-el-8  avia-builder-el-no-sibling  first flex_column_div  '     ><p><div class=\"pxl-headline pxl-hl hl-wrap | hl-sub--off hl--align-left hl--no-margin    \">\n        <div class=\"hl-inner\">\n            <h2 class=\"hl-main hl-line |  hl_main--default  \">Interesuj\u0105ce produkty<\/h2>\n            \n    <\/div>\n<\/div>\n<br \/>\n<div   data-autoplay=''  data-interval='5'  data-animation='fade'  data-hoverpause='1'  class='template-shop avia-content-slider avia-content-slider-active avia-product-slider1 avia-content-slider-even  avia-builder-el-10  el_after_pixel_sc_headline  el_before_av_button   shop_columns_4' ><div class='avia-content-slider-inner'><ul class=\"products slide-entry-wrap\"><li class=\"product type-product post-51620 status-publish first instock product_cat-przemysl-papierniczy product_cat-systemy-rozkrecania product_cat-jednostronne-tasmy-samoprzylepne has-post-thumbnail taxable shipping-taxable purchasable product-type-variable\">\n\t<div class='inner_product main_color wrapped_style noLightbox  av-product-class-no_button'><a href=\"https:\/\/cardinal-tapes.com\/pl\/ta\u015bmy-samoprzylepne\/obszary-zastosowan\/przemysl-papierniczy\/ca-100-power-band-for-turn-up-systems\/\" class=\"woocommerce-LoopProduct-link woocommerce-loop-product__link\"><div class=\"thumbnail_container\"><img decoding=\"async\" loading=\"lazy\" width=\"450\" height=\"450\" src=\"https:\/\/cardinal-tapes.com\/wp-content\/uploads\/ki_turnup_baender_weiss-450x450.jpg\" class=\"wp-image-27306 avia-img-lazy-loading-27306 attachment-shop_catalog size-shop_catalog wp-post-image\" alt=\"CA-100 Kraftband dla SYSTEM\u00d3W TURN-UP - jednostronny, Kraftband, bez kleju - Ilustracja 27306\" srcset=\"https:\/\/cardinal-tapes.com\/wp-content\/uploads\/ki_turnup_baender_weiss-450x450.jpg 450w, https:\/\/cardinal-tapes.com\/wp-content\/uploads\/ki_turnup_baender_weiss-120x120.jpg 120w, https:\/\/cardinal-tapes.com\/wp-content\/uploads\/ki_turnup_baender_weiss-80x80.jpg 80w, https:\/\/cardinal-tapes.com\/wp-content\/uploads\/ki_turnup_baender_weiss-36x36.jpg 36w, https:\/\/cardinal-tapes.com\/wp-content\/uploads\/ki_turnup_baender_weiss-180x180.jpg 180w, https:\/\/cardinal-tapes.com\/wp-content\/uploads\/ki_turnup_baender_weiss-100x100.jpg 100w\" sizes=\"auto, (max-width: 450px) 100vw, 450px\" \/><\/div><div class='inner_product_header'><div class='avia-arrow'><\/div><div class='inner_product_header_table'><div class='inner_product_header_cell'><span class=\"is-h2 woocommerce-loop-product__title\">CA-100 Kraftband dla SYSTEM\u00d3W TURN-UP<\/span>\t\t<div class=\"product-infos\">\n\t\t\t\t\t\t\t<span class='product-infos__item'><b>Pow\u0142oka:<\/b> jednostronny<\/span>\n\t\t\t\t\t\t\t\t\t\t<span class='product-infos__item'><b>Rodzaj materia\u0142u:<\/b> Kraftband<\/span>\n\t\t\t\t\t\t\t\t\t\t<span class='product-infos__item'><b>Producent:<\/b> cardinal GmbH<\/span>\n\t\t\t\t\t\t\t\t\t\t<span class='product-infos__item'><b>Cena na \u017c\u0105danie<\/b><\/span>\n\t\t\t\t\t<\/div>\n\t<\/div><\/div><\/div><\/a><\/div><\/li>\n<li class=\"product type-product post-51619 status-publish instock product_cat-systemy-rozkrecania product_cat-jednostronne-tasmy-samoprzylepne product_cat-przemysl-papierniczy has-post-thumbnail taxable shipping-taxable purchasable product-type-variable\">\n\t<div class='inner_product main_color wrapped_style noLightbox  av-product-class-no_button'><a href=\"https:\/\/cardinal-tapes.com\/pl\/ta\u015bmy-samoprzylepne\/obszary-zastosowan\/przemysl-papierniczy\/ca-101-hd-force-band-for-turn-up-systems\/\" class=\"woocommerce-LoopProduct-link woocommerce-loop-product__link\"><div class=\"thumbnail_container\"><img decoding=\"async\" loading=\"lazy\" width=\"450\" height=\"450\" src=\"https:\/\/cardinal-tapes.com\/wp-content\/uploads\/ki_turnup_baender_braun-450x450.jpg\" class=\"wp-image-27302 avia-img-lazy-loading-27302 attachment-shop_catalog size-shop_catalog wp-post-image\" alt=\"CA-101 HD Kraftband dla TURN-UP SYSTEMS - jednostronny, Kraftband, bez kleju - Ilustracja 27302\" srcset=\"https:\/\/cardinal-tapes.com\/wp-content\/uploads\/ki_turnup_baender_braun-450x450.jpg 450w, https:\/\/cardinal-tapes.com\/wp-content\/uploads\/ki_turnup_baender_braun-120x120.jpg 120w, https:\/\/cardinal-tapes.com\/wp-content\/uploads\/ki_turnup_baender_braun-80x80.jpg 80w, https:\/\/cardinal-tapes.com\/wp-content\/uploads\/ki_turnup_baender_braun-36x36.jpg 36w, https:\/\/cardinal-tapes.com\/wp-content\/uploads\/ki_turnup_baender_braun-180x180.jpg 180w, https:\/\/cardinal-tapes.com\/wp-content\/uploads\/ki_turnup_baender_braun-100x100.jpg 100w\" sizes=\"auto, (max-width: 450px) 100vw, 450px\" \/><\/div><div class='inner_product_header'><div class='avia-arrow'><\/div><div class='inner_product_header_table'><div class='inner_product_header_cell'><span class=\"is-h2 woocommerce-loop-product__title\">CA-101 HD Kraftband dla TURN-UP SYSTEMS<\/span>\t\t<div class=\"product-infos\">\n\t\t\t\t\t\t\t<span class='product-infos__item'><b>Pow\u0142oka:<\/b> jednostronny<\/span>\n\t\t\t\t\t\t\t\t\t\t<span class='product-infos__item'><b>Rodzaj materia\u0142u:<\/b> Kraftband<\/span>\n\t\t\t\t\t\t\t\t\t\t<span class='product-infos__item'><b>Producent:<\/b> cardinal GmbH<\/span>\n\t\t\t\t\t\t\t\t\t\t<span class='product-infos__item'><b>Cena na \u017c\u0105danie<\/b><\/span>\n\t\t\t\t\t<\/div>\n\t<\/div><\/div><\/div><\/a><\/div><\/li>\n<\/ul><\/div><\/div><div class=\"clear\"><\/div><br \/>\n<div  class='avia-button-wrap av-33l50o-dca97df3dde42b61998e8f4963f405b7-wrap avia-button-left '><a href='https:\/\/cardinal-tapes.com\/klebebaender\/'  class='avia-button av-33l50o-dca97df3dde42b61998e8f4963f405b7 avia-icon_select-no avia-size-medium avia-position-left avia-color-theme-color layout-border color-white'  ><span class='avia_iconbox_title' >Wszystkie produkty<\/span><\/a><\/div><\/p><\/div>\n","protected":false},"excerpt":{"rendered":"","protected":false},"author":1,"featured_media":0,"parent":30844,"menu_order":23,"comment_status":"closed","ping_status":"closed","template":"","meta":{"_acf_changed":false,"footnotes":""},"class_list":["post-31498","page","type-page","status-publish","hentry"],"acf":[],"yoast_head":"<!-- This site is optimized with the Yoast SEO plugin v27.3 - https:\/\/yoast.com\/product\/yoast-seo-wordpress\/ -->\n<title>Ta\u015bmy zwrotne - cardinal TAPES<\/title>\n<meta name=\"description\" content=\"Nasze rozwijane ta\u015bmy papierowe gwarantuj\u0105 ekonomiczny i bezpieczny spos\u00f3b przenoszenia wst\u0119gi papieru dla r\u00f3\u017cnych szeroko\u015bci ta\u015bmy. Dowiedz si\u0119 wi\u0119cej.\" \/>\n<meta name=\"robots\" content=\"index, follow, max-snippet:-1, max-image-preview:large, max-video-preview:-1\" \/>\n<link rel=\"canonical\" href=\"https:\/\/cardinal-tapes.com\/pl\/tasmy-samoprzylepne-pl\/tasma-klejaca-abc\/tasmy-zwrotne\/\" \/>\n<meta property=\"og:locale\" content=\"pl_PL\" \/>\n<meta property=\"og:type\" content=\"article\" \/>\n<meta property=\"og:title\" content=\"Ta\u015bmy zwrotne - cardinal TAPES\" \/>\n<meta property=\"og:description\" content=\"Nasze rozwijane ta\u015bmy papierowe gwarantuj\u0105 ekonomiczny i bezpieczny spos\u00f3b przenoszenia wst\u0119gi papieru dla r\u00f3\u017cnych szeroko\u015bci ta\u015bmy. Dowiedz si\u0119 wi\u0119cej.\" \/>\n<meta property=\"og:url\" content=\"https:\/\/cardinal-tapes.com\/pl\/tasmy-samoprzylepne-pl\/tasma-klejaca-abc\/tasmy-zwrotne\/\" \/>\n<meta property=\"og:site_name\" content=\"cardinal TAPES\" \/>\n<meta property=\"article:modified_time\" content=\"2023-06-14T08:47:25+00:00\" \/>\n<meta name=\"twitter:card\" content=\"summary_large_image\" \/>\n<meta name=\"twitter:label1\" content=\"Szacowany czas czytania\" \/>\n\t<meta name=\"twitter:data1\" content=\"14 minut\" \/>\n<script type=\"application\/ld+json\" class=\"yoast-schema-graph\">{\"@context\":\"https:\\\/\\\/schema.org\",\"@graph\":[{\"@type\":\"WebPage\",\"@id\":\"https:\\\/\\\/cardinal-tapes.com\\\/pl\\\/tasmy-samoprzylepne-pl\\\/tasma-klejaca-abc\\\/tasmy-zwrotne\\\/\",\"url\":\"https:\\\/\\\/cardinal-tapes.com\\\/pl\\\/tasmy-samoprzylepne-pl\\\/tasma-klejaca-abc\\\/tasmy-zwrotne\\\/\",\"name\":\"Ta\u015bmy zwrotne - cardinal TAPES\",\"isPartOf\":{\"@id\":\"https:\\\/\\\/cardinal-tapes.com\\\/#website\"},\"datePublished\":\"2023-06-02T08:59:45+00:00\",\"dateModified\":\"2023-06-14T08:47:25+00:00\",\"description\":\"Nasze rozwijane ta\u015bmy papierowe gwarantuj\u0105 ekonomiczny i bezpieczny spos\u00f3b przenoszenia wst\u0119gi papieru dla r\u00f3\u017cnych szeroko\u015bci ta\u015bmy. Dowiedz si\u0119 wi\u0119cej.\",\"breadcrumb\":{\"@id\":\"https:\\\/\\\/cardinal-tapes.com\\\/pl\\\/tasmy-samoprzylepne-pl\\\/tasma-klejaca-abc\\\/tasmy-zwrotne\\\/#breadcrumb\"},\"inLanguage\":\"pl-PL\",\"potentialAction\":[{\"@type\":\"ReadAction\",\"target\":[\"https:\\\/\\\/cardinal-tapes.com\\\/pl\\\/tasmy-samoprzylepne-pl\\\/tasma-klejaca-abc\\\/tasmy-zwrotne\\\/\"]}]},{\"@type\":\"BreadcrumbList\",\"@id\":\"https:\\\/\\\/cardinal-tapes.com\\\/pl\\\/tasmy-samoprzylepne-pl\\\/tasma-klejaca-abc\\\/tasmy-zwrotne\\\/#breadcrumb\",\"itemListElement\":[{\"@type\":\"ListItem\",\"position\":1,\"name\":\"Startseite\",\"item\":\"https:\\\/\\\/cardinal-tapes.com\\\/pl\\\/strona-glowna\\\/\"},{\"@type\":\"ListItem\",\"position\":2,\"name\":\"Ta\u015bmy samoprzylepne\",\"item\":\"https:\\\/\\\/cardinal-tapes.com\\\/pl\\\/tasmy-samoprzylepne-pl\\\/\"},{\"@type\":\"ListItem\",\"position\":3,\"name\":\"Ta\u015bma klej\u0105ca ABC\",\"item\":\"https:\\\/\\\/cardinal-tapes.com\\\/pl\\\/tasmy-samoprzylepne-pl__trashed\\\/tasma-klejaca-abc\\\/\"},{\"@type\":\"ListItem\",\"position\":4,\"name\":\"Ta\u015bmy zwrotne\"}]},{\"@type\":\"WebSite\",\"@id\":\"https:\\\/\\\/cardinal-tapes.com\\\/#website\",\"url\":\"https:\\\/\\\/cardinal-tapes.com\\\/\",\"name\":\"cardinal TAPES\",\"description\":\"Klebetechnik aus Wuppertal\",\"potentialAction\":[{\"@type\":\"SearchAction\",\"target\":{\"@type\":\"EntryPoint\",\"urlTemplate\":\"https:\\\/\\\/cardinal-tapes.com\\\/?s={search_term_string}\"},\"query-input\":{\"@type\":\"PropertyValueSpecification\",\"valueRequired\":true,\"valueName\":\"search_term_string\"}}],\"inLanguage\":\"pl-PL\"}]}<\/script>\n<!-- \/ Yoast SEO plugin. -->","yoast_head_json":{"title":"Ta\u015bmy zwrotne - cardinal TAPES","description":"Nasze rozwijane ta\u015bmy papierowe gwarantuj\u0105 ekonomiczny i bezpieczny spos\u00f3b przenoszenia wst\u0119gi papieru dla r\u00f3\u017cnych szeroko\u015bci ta\u015bmy. Dowiedz si\u0119 wi\u0119cej.","robots":{"index":"index","follow":"follow","max-snippet":"max-snippet:-1","max-image-preview":"max-image-preview:large","max-video-preview":"max-video-preview:-1"},"canonical":"https:\/\/cardinal-tapes.com\/pl\/tasmy-samoprzylepne-pl\/tasma-klejaca-abc\/tasmy-zwrotne\/","og_locale":"pl_PL","og_type":"article","og_title":"Ta\u015bmy zwrotne - cardinal TAPES","og_description":"Nasze rozwijane ta\u015bmy papierowe gwarantuj\u0105 ekonomiczny i bezpieczny spos\u00f3b przenoszenia wst\u0119gi papieru dla r\u00f3\u017cnych szeroko\u015bci ta\u015bmy. Dowiedz si\u0119 wi\u0119cej.","og_url":"https:\/\/cardinal-tapes.com\/pl\/tasmy-samoprzylepne-pl\/tasma-klejaca-abc\/tasmy-zwrotne\/","og_site_name":"cardinal TAPES","article_modified_time":"2023-06-14T08:47:25+00:00","twitter_card":"summary_large_image","twitter_misc":{"Szacowany czas czytania":"14 minut"},"schema":{"@context":"https:\/\/schema.org","@graph":[{"@type":"WebPage","@id":"https:\/\/cardinal-tapes.com\/pl\/tasmy-samoprzylepne-pl\/tasma-klejaca-abc\/tasmy-zwrotne\/","url":"https:\/\/cardinal-tapes.com\/pl\/tasmy-samoprzylepne-pl\/tasma-klejaca-abc\/tasmy-zwrotne\/","name":"Ta\u015bmy zwrotne - cardinal TAPES","isPartOf":{"@id":"https:\/\/cardinal-tapes.com\/#website"},"datePublished":"2023-06-02T08:59:45+00:00","dateModified":"2023-06-14T08:47:25+00:00","description":"Nasze rozwijane ta\u015bmy papierowe gwarantuj\u0105 ekonomiczny i bezpieczny spos\u00f3b przenoszenia wst\u0119gi papieru dla r\u00f3\u017cnych szeroko\u015bci ta\u015bmy. Dowiedz si\u0119 wi\u0119cej.","breadcrumb":{"@id":"https:\/\/cardinal-tapes.com\/pl\/tasmy-samoprzylepne-pl\/tasma-klejaca-abc\/tasmy-zwrotne\/#breadcrumb"},"inLanguage":"pl-PL","potentialAction":[{"@type":"ReadAction","target":["https:\/\/cardinal-tapes.com\/pl\/tasmy-samoprzylepne-pl\/tasma-klejaca-abc\/tasmy-zwrotne\/"]}]},{"@type":"BreadcrumbList","@id":"https:\/\/cardinal-tapes.com\/pl\/tasmy-samoprzylepne-pl\/tasma-klejaca-abc\/tasmy-zwrotne\/#breadcrumb","itemListElement":[{"@type":"ListItem","position":1,"name":"Startseite","item":"https:\/\/cardinal-tapes.com\/pl\/strona-glowna\/"},{"@type":"ListItem","position":2,"name":"Ta\u015bmy samoprzylepne","item":"https:\/\/cardinal-tapes.com\/pl\/tasmy-samoprzylepne-pl\/"},{"@type":"ListItem","position":3,"name":"Ta\u015bma klej\u0105ca ABC","item":"https:\/\/cardinal-tapes.com\/pl\/tasmy-samoprzylepne-pl__trashed\/tasma-klejaca-abc\/"},{"@type":"ListItem","position":4,"name":"Ta\u015bmy zwrotne"}]},{"@type":"WebSite","@id":"https:\/\/cardinal-tapes.com\/#website","url":"https:\/\/cardinal-tapes.com\/","name":"cardinal TAPES","description":"Klebetechnik aus Wuppertal","potentialAction":[{"@type":"SearchAction","target":{"@type":"EntryPoint","urlTemplate":"https:\/\/cardinal-tapes.com\/?s={search_term_string}"},"query-input":{"@type":"PropertyValueSpecification","valueRequired":true,"valueName":"search_term_string"}}],"inLanguage":"pl-PL"}]}},"_links":{"self":[{"href":"https:\/\/cardinal-tapes.com\/pl\/wp-json\/wp\/v2\/pages\/31498","targetHints":{"allow":["GET"]}}],"collection":[{"href":"https:\/\/cardinal-tapes.com\/pl\/wp-json\/wp\/v2\/pages"}],"about":[{"href":"https:\/\/cardinal-tapes.com\/pl\/wp-json\/wp\/v2\/types\/page"}],"author":[{"embeddable":true,"href":"https:\/\/cardinal-tapes.com\/pl\/wp-json\/wp\/v2\/users\/1"}],"replies":[{"embeddable":true,"href":"https:\/\/cardinal-tapes.com\/pl\/wp-json\/wp\/v2\/comments?post=31498"}],"version-history":[{"count":0,"href":"https:\/\/cardinal-tapes.com\/pl\/wp-json\/wp\/v2\/pages\/31498\/revisions"}],"up":[{"embeddable":true,"href":"https:\/\/cardinal-tapes.com\/pl\/wp-json\/wp\/v2\/pages\/30844"}],"wp:attachment":[{"href":"https:\/\/cardinal-tapes.com\/pl\/wp-json\/wp\/v2\/media?parent=31498"}],"curies":[{"name":"wp","href":"https:\/\/api.w.org\/{rel}","templated":true}]}}