{"id":31475,"date":"2023-06-02T10:59:45","date_gmt":"2023-06-02T08:59:45","guid":{"rendered":"https:\/\/cardinal.pixel-tal.de\/tasmy-samoprzylepne\/tasma-klejaca-abc\/aluminiowe-tasmy-samoprzylepne\/"},"modified":"2023-06-14T10:47:07","modified_gmt":"2023-06-14T08:47:07","slug":"aluminiowe-tasmy-samoprzylepne","status":"publish","type":"page","link":"https:\/\/cardinal-tapes.com\/pl\/tasmy-samoprzylepne-pl\/tasma-klejaca-abc\/aluminiowe-tasmy-samoprzylepne\/","title":{"rendered":"Aluminiowe ta\u015bmy samoprzylepne"},"content":{"rendered":"<div id='av_section_1'  class='avia-section av-cj3h06-bf952bfd8d330fa219589275c907470f alternate_color avia-section-default avia-no-border-styling  avia-builder-el-0  el_before_av_section  avia-builder-el-first  avia-bg-style-scroll container_wrap fullsize'  ><div class='container av-section-cont-open' ><main  role=\"main\" itemprop=\"mainContentOfPage\"  class='template-page content  av-content-full alpha units'><div class='post-entry post-entry-type-page post-entry-31475'><div class='entry-content-wrapper clearfix'>\n<div  class='flex_column av-bfsv2u-fda0629322636c1f200645877e400d6a av_one_full  avia-builder-el-1  el_before_av_one_half  avia-builder-el-first  first flex_column_div  '     ><div class=\"pxl-headline pxl-hl hl-wrap | hl-sub--off hl--align-left hl--no-margin    \">\n        <div class=\"hl-inner\">\n            <h2 class=\"hl-main hl-line |  hl_main--default  \">Aluminiowe ta\u015bmy samoprzylepne<\/h2>\n            \n    <\/div>\n<\/div><\/div><div  class='flex_column av-939iw6-cb69733cd1a05186dd78242956261671 av_one_half  avia-builder-el-3  el_after_av_one_full  el_before_av_one_half  first flex_column_div  column-top-margin'     ><section  class='av_textblock_section av-bgmvbq-ef0cdb0a87254d5d6558175391cb2d47 '   itemscope=\"itemscope\" itemtype=\"https:\/\/schema.org\/CreativeWork\" ><div class='avia_textblock small'  itemprop=\"text\" ><p>Aluminiowe ta\u015bmy samoprzylepne sk\u0142adaj\u0105 si\u0119 z cienkiej folii aluminiowej, kt\u00f3ra z jednej strony pokryta jest klejem. Klej ten powinien charakteryzowa\u0107 si\u0119 wysok\u0105 odporno\u015bci\u0105 na ciep\u0142o, aby spe\u0142ni\u0107 wymagania r\u00f3\u017cnych sektor\u00f3w i bran\u017c.<\/p>\n<p>U nas znajdziesz aluminiowe ta\u015bmy samoprzylepne o r\u00f3\u017cnych w\u0142a\u015bciwo\u015bciach i wymiarach. Je\u015bli masz specjalne wymagania, mo\u017cemy dostosowa\u0107 nasze ta\u015bmy samoprzylepne do Twoich indywidualnych potrzeb. Nasi wieloletni eksperci znaj\u0105 r\u00f3\u017cne sektory od podszewki i ch\u0119tnie doradz\u0105.<\/p>\n<\/div><\/section><\/div><div  class='flex_column av-7gabpi-a1dc3c75c3f1ce8db92926d1179b8c51 av_one_half  avia-builder-el-5  el_after_av_one_half  avia-builder-el-last  flex_column_div  column-top-margin'     ><section  class='av_textblock_section av-77s1h2-f8ada40fc27a79261397c5bac568d57b '   itemscope=\"itemscope\" itemtype=\"https:\/\/schema.org\/CreativeWork\" ><div class='avia_textblock'  itemprop=\"text\" ><h4>Cechy szczeg\u00f3lne aluminiowych ta\u015bm samoprzylepnych<\/h4>\n<p>Najwa\u017cniejszymi cechami i zaletami aluminiowych ta\u015bm samoprzylepnych w por\u00f3wnaniu z klasycznymi <a href=\"\/klebebaender\/\">ta\u015bmami samoprzylepnymi<\/a> wykonanymi z tworzywa sztucznego jest to, \u017ce ta\u015bmy aluminiowe s\u0105 znacznie bardziej odporne na ciep\u0142o i maj\u0105 wy\u017csz\u0105 trwa\u0142o\u015b\u0107. Dzi\u0119ki temu aluminiowe ta\u015bmy samoprzylepne oferuj\u0105 szereg mo\u017cliwo\u015bci zastosowania nie tylko w wysokich, ale tak\u017ce w bardzo niskich temperaturach. Dlatego aluminiowe ta\u015bmy samoprzylepne s\u0105 stosowane g\u0142\u00f3wnie w konstrukcjach grzewczych i wentylacyjnych. S\u0105 one u\u017cywane g\u0142\u00f3wnie do izolacji i mocowania przewod\u00f3w itp.<\/p>\n<\/div><\/section><\/div>\n\n<\/div><\/div><\/main><!-- close content main element --><\/div><\/div><div id='av_section_2'  class='avia-section av-nq3jq-7912854e88d4d3b9b3d53d528b08a2f0 main_color avia-section-default avia-no-border-styling  avia-builder-el-7  el_after_av_section  avia-builder-el-last  gradient-section avia-bg-style-scroll container_wrap fullsize'  ><div class='container av-section-cont-open' ><div class='template-page content  av-content-full alpha units'><div class='post-entry post-entry-type-page post-entry-31475'><div class='entry-content-wrapper clearfix'>\n<div  class='flex_column av-4ix12e-32f9c9e29a21f141e877cc4f2bb205ad av_one_full  avia-builder-el-8  avia-builder-el-no-sibling  first flex_column_div  '     ><p><div class=\"pxl-headline pxl-hl hl-wrap | hl-sub--off hl--align-left hl--no-margin    \">\n        <div class=\"hl-inner\">\n            <h2 class=\"hl-main hl-line |  hl_main--default  \">Interesuj\u0105ce produkty<\/h2>\n            \n    <\/div>\n<\/div>\n<br \/>\n<div   data-autoplay=''  data-interval='5'  data-animation='fade'  data-hoverpause='1'  class='template-shop avia-content-slider avia-content-slider-active avia-product-slider1 avia-content-slider-even  avia-builder-el-10  el_after_pixel_sc_headline  el_before_av_button   shop_columns_4' ><div class='avia-content-slider-inner'><ul class=\"products slide-entry-wrap\"><li class=\"product type-product post-40970 status-publish first instock product_cat-aluminiowa-tasma-samoprzylepna product_cat-jednostronne-tasmy-samoprzylepne has-post-thumbnail taxable shipping-taxable product-type-simple\">\n\t<div class='inner_product main_color wrapped_style noLightbox  av-product-class-no_button'><a href=\"https:\/\/cardinal-tapes.com\/pl\/ta\u015bmy-samoprzylepne\/obszary-zastosowan\/aluminiowa-tasma-samoprzylepna\/h-old-as-40-aluminiowa-tasma-samoprzylepna\/\" class=\"woocommerce-LoopProduct-link woocommerce-loop-product__link\"><div class=\"thumbnail_container\"><img decoding=\"async\" loading=\"lazy\" width=\"450\" height=\"450\" src=\"https:\/\/cardinal-tapes.com\/wp-content\/uploads\/as-50-ok_3-450x450.jpg\" class=\"wp-image-28738 avia-img-lazy-loading-28738 attachment-shop_catalog size-shop_catalog wp-post-image\" alt=\"h-old AS.40 Aluminiowa ta\u015bma samoprzylepna - jednostronny, Aluminium, Akryl - Ilustracja 28738\" srcset=\"https:\/\/cardinal-tapes.com\/wp-content\/uploads\/as-50-ok_3-450x450.jpg 450w, https:\/\/cardinal-tapes.com\/wp-content\/uploads\/as-50-ok_3-120x120.jpg 120w, https:\/\/cardinal-tapes.com\/wp-content\/uploads\/as-50-ok_3-80x80.jpg 80w, https:\/\/cardinal-tapes.com\/wp-content\/uploads\/as-50-ok_3-36x36.jpg 36w, https:\/\/cardinal-tapes.com\/wp-content\/uploads\/as-50-ok_3-180x180.jpg 180w, https:\/\/cardinal-tapes.com\/wp-content\/uploads\/as-50-ok_3-100x100.jpg 100w\" sizes=\"auto, (max-width: 450px) 100vw, 450px\" \/><span class=\"cart-loading\"><\/span><\/div><div class='inner_product_header'><div class='avia-arrow'><\/div><div class='inner_product_header_table'><div class='inner_product_header_cell'><span class=\"is-h2 woocommerce-loop-product__title\">h-old AS.40 Aluminiowa ta\u015bma samoprzylepna<\/span>\t\t<div class=\"product-infos\">\n\t\t\t\t\t\t\t<span class='product-infos__item'><b>Pow\u0142oka:<\/b> jednostronny<\/span>\n\t\t\t\t\t\t\t\t\t\t<span class='product-infos__item'><b>Rodzaj materia\u0142u:<\/b> Aluminium<\/span>\n\t\t\t\t\t\t\t\t\t\t<span class='product-infos__item'><b>Producent:<\/b> Saint-Gobain h-old<\/span>\n\t\t\t\t\t\t\t\t\t\t<span class='product-infos__item'><b>Cena na \u017c\u0105danie<\/b><\/span>\n\t\t\t\t\t<\/div>\n\t<\/div><\/div><\/div><\/a><\/div><\/li>\n<li class=\"product type-product post-46844 status-publish instock product_cat-aluminiowa-tasma-samoprzylepna product_cat-jednostronne-tasmy-samoprzylepne has-post-thumbnail taxable shipping-taxable purchasable product-type-variable\">\n\t<div class='inner_product main_color wrapped_style noLightbox  av-product-class-no_button'><a href=\"https:\/\/cardinal-tapes.com\/pl\/ta\u015bmy-samoprzylepne\/obszary-zastosowan\/aluminiowa-tasma-samoprzylepna\/aluminiowa-tasma-samoprzylepna-ca-60\/\" class=\"woocommerce-LoopProduct-link woocommerce-loop-product__link\"><div class=\"thumbnail_container\"><img decoding=\"async\" loading=\"lazy\" width=\"450\" height=\"450\" src=\"https:\/\/cardinal-tapes.com\/wp-content\/uploads\/CA_61_03_retouched-450x450.jpg\" class=\"wp-image-26866 avia-img-lazy-loading-26866 attachment-shop_catalog size-shop_catalog wp-post-image\" alt=\"Aluminiowa ta\u015bma samoprzylepna CA-60 - jednostronny, Aluminium, Kauczuk syntetyczny - Ilustracja 26866\" srcset=\"https:\/\/cardinal-tapes.com\/wp-content\/uploads\/CA_61_03_retouched-450x450.jpg 450w, https:\/\/cardinal-tapes.com\/wp-content\/uploads\/CA_61_03_retouched-120x120.jpg 120w, https:\/\/cardinal-tapes.com\/wp-content\/uploads\/CA_61_03_retouched-80x80.jpg 80w, https:\/\/cardinal-tapes.com\/wp-content\/uploads\/CA_61_03_retouched-200x200.jpg 200w, https:\/\/cardinal-tapes.com\/wp-content\/uploads\/CA_61_03_retouched-768x768.jpg 768w, https:\/\/cardinal-tapes.com\/wp-content\/uploads\/CA_61_03_retouched-1030x1030.jpg 1030w, https:\/\/cardinal-tapes.com\/wp-content\/uploads\/CA_61_03_retouched-36x36.jpg 36w, https:\/\/cardinal-tapes.com\/wp-content\/uploads\/CA_61_03_retouched-180x180.jpg 180w, https:\/\/cardinal-tapes.com\/wp-content\/uploads\/CA_61_03_retouched-705x705.jpg 705w, https:\/\/cardinal-tapes.com\/wp-content\/uploads\/CA_61_03_retouched-100x100.jpg 100w, https:\/\/cardinal-tapes.com\/wp-content\/uploads\/CA_61_03_retouched.jpg 1400w\" sizes=\"auto, (max-width: 450px) 100vw, 450px\" \/><\/div><div class='inner_product_header'><div class='avia-arrow'><\/div><div class='inner_product_header_table'><div class='inner_product_header_cell'><span class=\"is-h2 woocommerce-loop-product__title\">Aluminiowa ta\u015bma samoprzylepna CA-60<\/span>\t\t<div class=\"product-infos\">\n\t\t\t\t\t\t\t<span class='product-infos__item'><b>Pow\u0142oka:<\/b> jednostronny<\/span>\n\t\t\t\t\t\t\t\t\t\t<span class='product-infos__item'><b>Rodzaj materia\u0142u:<\/b> Aluminium<\/span>\n\t\t\t\t\t\t\t\t\t\t<span class='product-infos__item'><b>Producent:<\/b> cardinal GmbH<\/span>\n\t\t\t\t\t\t\t\t\t\t<span class='product-infos__item'><b>Cena na \u017c\u0105danie<\/b><\/span>\n\t\t\t\t\t<\/div>\n\t<\/div><\/div><\/div><\/a><\/div><\/li>\n<li class=\"product type-product post-53881 status-publish instock product_cat-aluminiowa-tasma-samoprzylepna product_cat-przemysl-elektryczny product_cat-ogrzewanie-i-klimatyzacja product_cat-jednostronne-tasmy-samoprzylepne product_cat-produkcja-obrobka-aluminium has-post-thumbnail taxable shipping-taxable purchasable product-type-variable\">\n\t<div class='inner_product main_color wrapped_style noLightbox  av-product-class-no_button'><a href=\"https:\/\/cardinal-tapes.com\/pl\/ta\u015bmy-samoprzylepne\/obszary-zastosowan\/produkcja-obrobka-aluminium\/aluminiowa-tasma-samoprzylepna-ca-61\/\" class=\"woocommerce-LoopProduct-link woocommerce-loop-product__link\"><div class=\"thumbnail_container\"><img decoding=\"async\" loading=\"lazy\" width=\"450\" height=\"450\" src=\"https:\/\/cardinal-tapes.com\/wp-content\/uploads\/CA_61_03_retouched-450x450.jpg\" class=\"wp-image-26866 avia-img-lazy-loading-26866 attachment-shop_catalog size-shop_catalog wp-post-image\" alt=\"Aluminiowa ta\u015bma samoprzylepna CA-61 - jednostronny, Aluminium, Rozpuszczalnik akrylanowy - Ilustracja 26866\" srcset=\"https:\/\/cardinal-tapes.com\/wp-content\/uploads\/CA_61_03_retouched-450x450.jpg 450w, https:\/\/cardinal-tapes.com\/wp-content\/uploads\/CA_61_03_retouched-120x120.jpg 120w, https:\/\/cardinal-tapes.com\/wp-content\/uploads\/CA_61_03_retouched-80x80.jpg 80w, https:\/\/cardinal-tapes.com\/wp-content\/uploads\/CA_61_03_retouched-200x200.jpg 200w, https:\/\/cardinal-tapes.com\/wp-content\/uploads\/CA_61_03_retouched-768x768.jpg 768w, https:\/\/cardinal-tapes.com\/wp-content\/uploads\/CA_61_03_retouched-1030x1030.jpg 1030w, https:\/\/cardinal-tapes.com\/wp-content\/uploads\/CA_61_03_retouched-36x36.jpg 36w, https:\/\/cardinal-tapes.com\/wp-content\/uploads\/CA_61_03_retouched-180x180.jpg 180w, https:\/\/cardinal-tapes.com\/wp-content\/uploads\/CA_61_03_retouched-705x705.jpg 705w, https:\/\/cardinal-tapes.com\/wp-content\/uploads\/CA_61_03_retouched-100x100.jpg 100w, https:\/\/cardinal-tapes.com\/wp-content\/uploads\/CA_61_03_retouched.jpg 1400w\" sizes=\"auto, (max-width: 450px) 100vw, 450px\" \/><\/div><div class='inner_product_header'><div class='avia-arrow'><\/div><div class='inner_product_header_table'><div class='inner_product_header_cell'><span class=\"is-h2 woocommerce-loop-product__title\">Aluminiowa ta\u015bma samoprzylepna CA-61<\/span>\t\t<div class=\"product-infos\">\n\t\t\t\t\t\t\t<span class='product-infos__item'><b>Pow\u0142oka:<\/b> jednostronny<\/span>\n\t\t\t\t\t\t\t\t\t\t<span class='product-infos__item'><b>Rodzaj materia\u0142u:<\/b> Aluminium<\/span>\n\t\t\t\t\t\t\t\t\t\t<span class='product-infos__item'><b>Producent:<\/b> cardinal GmbH<\/span>\n\t\t\t\t\t\t\t\t\t\t<span class='product-infos__item'><b>Cena na \u017c\u0105danie<\/b><\/span>\n\t\t\t\t\t<\/div>\n\t<\/div><\/div><\/div><\/a><\/div><\/li>\n<li class=\"product type-product post-46108 status-publish last instock product_cat-aluminiowa-tasma-samoprzylepna product_cat-jednostronne-tasmy-samoprzylepne has-post-thumbnail taxable shipping-taxable purchasable product-type-variable\">\n\t<div class='inner_product main_color wrapped_style noLightbox  av-product-class-no_button'><a href=\"https:\/\/cardinal-tapes.com\/pl\/ta\u015bmy-samoprzylepne\/obszary-zastosowan\/aluminiowa-tasma-samoprzylepna\/ca-633-pv1-aluminiowa-tasma-samoprzylepna\/\" class=\"woocommerce-LoopProduct-link woocommerce-loop-product__link\"><div class=\"thumbnail_container\"><img decoding=\"async\" loading=\"lazy\" width=\"450\" height=\"450\" src=\"https:\/\/cardinal-tapes.com\/wp-content\/uploads\/CA_633_retouched-450x450.jpg\" class=\"wp-image-27090 avia-img-lazy-loading-27090 attachment-shop_catalog size-shop_catalog wp-post-image\" alt=\"CA-633 PV1 aluminiowa ta\u015bma samoprzylepna - jednostronny, Metal, Rozpuszczalnik akrylanowy - Ilustracja 27090\" srcset=\"https:\/\/cardinal-tapes.com\/wp-content\/uploads\/CA_633_retouched-450x450.jpg 450w, https:\/\/cardinal-tapes.com\/wp-content\/uploads\/CA_633_retouched-120x120.jpg 120w, https:\/\/cardinal-tapes.com\/wp-content\/uploads\/CA_633_retouched-100x100.jpg 100w, https:\/\/cardinal-tapes.com\/wp-content\/uploads\/CA_633_retouched-80x80.jpg 80w, https:\/\/cardinal-tapes.com\/wp-content\/uploads\/CA_633_retouched-36x36.jpg 36w, https:\/\/cardinal-tapes.com\/wp-content\/uploads\/CA_633_retouched-180x180.jpg 180w\" sizes=\"auto, (max-width: 450px) 100vw, 450px\" \/><\/div><div class='inner_product_header'><div class='avia-arrow'><\/div><div class='inner_product_header_table'><div class='inner_product_header_cell'><span class=\"is-h2 woocommerce-loop-product__title\">CA-633 PV1 aluminiowa ta\u015bma samoprzylepna<\/span>\t\t<div class=\"product-infos\">\n\t\t\t\t\t\t\t<span class='product-infos__item'><b>Pow\u0142oka:<\/b> jednostronny<\/span>\n\t\t\t\t\t\t\t\t\t\t<span class='product-infos__item'><b>Rodzaj materia\u0142u:<\/b> Metal<\/span>\n\t\t\t\t\t\t\t\t\t\t<span class='product-infos__item'><b>Producent:<\/b> cardinal GmbH<\/span>\n\t\t\t\t\t\t\t\t\t\t<span class='product-infos__item'><b>Cena na \u017c\u0105danie<\/b><\/span>\n\t\t\t\t\t<\/div>\n\t<\/div><\/div><\/div><\/a><\/div><\/li>\n<\/ul><\/div><\/div><div class=\"clear\"><\/div><br \/>\n<div  class='avia-button-wrap av-2qmfg6-724130ef2041fbdc9bdc1c1e87d5aabc-wrap avia-button-left '><a href='https:\/\/cardinal-tapes.com\/klebebaender\/'  class='avia-button av-2qmfg6-724130ef2041fbdc9bdc1c1e87d5aabc avia-icon_select-no avia-size-medium avia-position-left avia-color-theme-color layout-border color-white'  ><span class='avia_iconbox_title' >Wszystkie produkty<\/span><\/a><\/div><\/p><\/div>\n","protected":false},"excerpt":{"rendered":"","protected":false},"author":1,"featured_media":0,"parent":30844,"menu_order":36,"comment_status":"closed","ping_status":"closed","template":"","meta":{"_acf_changed":false,"footnotes":""},"class_list":["post-31475","page","type-page","status-publish","hentry"],"acf":[],"yoast_head":"<!-- This site is optimized with the Yoast SEO plugin v27.3 - https:\/\/yoast.com\/product\/yoast-seo-wordpress\/ -->\n<title>Aluminiowe ta\u015bmy samoprzylepne - cardinal TAPES<\/title>\n<meta name=\"description\" content=\"Aluminiowe ta\u015bmy samoprzylepne sk\u0142adaj\u0105 si\u0119 z cienkiej folii aluminiowej, kt\u00f3ra z jednej strony pokryta jest klejem. Dowiedz si\u0119 wi\u0119cej.\" \/>\n<meta name=\"robots\" content=\"index, follow, max-snippet:-1, max-image-preview:large, max-video-preview:-1\" \/>\n<link rel=\"canonical\" href=\"https:\/\/cardinal-tapes.com\/pl\/tasmy-samoprzylepne-pl\/tasma-klejaca-abc\/aluminiowe-tasmy-samoprzylepne\/\" \/>\n<meta property=\"og:locale\" content=\"pl_PL\" \/>\n<meta property=\"og:type\" content=\"article\" \/>\n<meta property=\"og:title\" content=\"Aluminiowe ta\u015bmy samoprzylepne - cardinal TAPES\" \/>\n<meta property=\"og:description\" content=\"Aluminiowe ta\u015bmy samoprzylepne sk\u0142adaj\u0105 si\u0119 z cienkiej folii aluminiowej, kt\u00f3ra z jednej strony pokryta jest klejem. Dowiedz si\u0119 wi\u0119cej.\" \/>\n<meta property=\"og:url\" content=\"https:\/\/cardinal-tapes.com\/pl\/tasmy-samoprzylepne-pl\/tasma-klejaca-abc\/aluminiowe-tasmy-samoprzylepne\/\" \/>\n<meta property=\"og:site_name\" content=\"cardinal TAPES\" \/>\n<meta property=\"article:modified_time\" content=\"2023-06-14T08:47:07+00:00\" \/>\n<meta name=\"twitter:card\" content=\"summary_large_image\" \/>\n<meta name=\"twitter:label1\" content=\"Szacowany czas czytania\" \/>\n\t<meta name=\"twitter:data1\" content=\"14 minut\" \/>\n<script type=\"application\/ld+json\" class=\"yoast-schema-graph\">{\"@context\":\"https:\\\/\\\/schema.org\",\"@graph\":[{\"@type\":\"WebPage\",\"@id\":\"https:\\\/\\\/cardinal-tapes.com\\\/pl\\\/tasmy-samoprzylepne-pl\\\/tasma-klejaca-abc\\\/aluminiowe-tasmy-samoprzylepne\\\/\",\"url\":\"https:\\\/\\\/cardinal-tapes.com\\\/pl\\\/tasmy-samoprzylepne-pl\\\/tasma-klejaca-abc\\\/aluminiowe-tasmy-samoprzylepne\\\/\",\"name\":\"Aluminiowe ta\u015bmy samoprzylepne - cardinal TAPES\",\"isPartOf\":{\"@id\":\"https:\\\/\\\/cardinal-tapes.com\\\/#website\"},\"datePublished\":\"2023-06-02T08:59:45+00:00\",\"dateModified\":\"2023-06-14T08:47:07+00:00\",\"description\":\"Aluminiowe ta\u015bmy samoprzylepne sk\u0142adaj\u0105 si\u0119 z cienkiej folii aluminiowej, kt\u00f3ra z jednej strony pokryta jest klejem. Dowiedz si\u0119 wi\u0119cej.\",\"breadcrumb\":{\"@id\":\"https:\\\/\\\/cardinal-tapes.com\\\/pl\\\/tasmy-samoprzylepne-pl\\\/tasma-klejaca-abc\\\/aluminiowe-tasmy-samoprzylepne\\\/#breadcrumb\"},\"inLanguage\":\"pl-PL\",\"potentialAction\":[{\"@type\":\"ReadAction\",\"target\":[\"https:\\\/\\\/cardinal-tapes.com\\\/pl\\\/tasmy-samoprzylepne-pl\\\/tasma-klejaca-abc\\\/aluminiowe-tasmy-samoprzylepne\\\/\"]}]},{\"@type\":\"BreadcrumbList\",\"@id\":\"https:\\\/\\\/cardinal-tapes.com\\\/pl\\\/tasmy-samoprzylepne-pl\\\/tasma-klejaca-abc\\\/aluminiowe-tasmy-samoprzylepne\\\/#breadcrumb\",\"itemListElement\":[{\"@type\":\"ListItem\",\"position\":1,\"name\":\"Startseite\",\"item\":\"https:\\\/\\\/cardinal-tapes.com\\\/pl\\\/strona-glowna\\\/\"},{\"@type\":\"ListItem\",\"position\":2,\"name\":\"Ta\u015bmy samoprzylepne\",\"item\":\"https:\\\/\\\/cardinal-tapes.com\\\/pl\\\/tasmy-samoprzylepne-pl\\\/\"},{\"@type\":\"ListItem\",\"position\":3,\"name\":\"Ta\u015bma klej\u0105ca ABC\",\"item\":\"https:\\\/\\\/cardinal-tapes.com\\\/pl\\\/tasmy-samoprzylepne-pl__trashed\\\/tasma-klejaca-abc\\\/\"},{\"@type\":\"ListItem\",\"position\":4,\"name\":\"Aluminiowe ta\u015bmy samoprzylepne\"}]},{\"@type\":\"WebSite\",\"@id\":\"https:\\\/\\\/cardinal-tapes.com\\\/#website\",\"url\":\"https:\\\/\\\/cardinal-tapes.com\\\/\",\"name\":\"cardinal TAPES\",\"description\":\"Klebetechnik aus Wuppertal\",\"potentialAction\":[{\"@type\":\"SearchAction\",\"target\":{\"@type\":\"EntryPoint\",\"urlTemplate\":\"https:\\\/\\\/cardinal-tapes.com\\\/?s={search_term_string}\"},\"query-input\":{\"@type\":\"PropertyValueSpecification\",\"valueRequired\":true,\"valueName\":\"search_term_string\"}}],\"inLanguage\":\"pl-PL\"}]}<\/script>\n<!-- \/ Yoast SEO plugin. -->","yoast_head_json":{"title":"Aluminiowe ta\u015bmy samoprzylepne - cardinal TAPES","description":"Aluminiowe ta\u015bmy samoprzylepne sk\u0142adaj\u0105 si\u0119 z cienkiej folii aluminiowej, kt\u00f3ra z jednej strony pokryta jest klejem. Dowiedz si\u0119 wi\u0119cej.","robots":{"index":"index","follow":"follow","max-snippet":"max-snippet:-1","max-image-preview":"max-image-preview:large","max-video-preview":"max-video-preview:-1"},"canonical":"https:\/\/cardinal-tapes.com\/pl\/tasmy-samoprzylepne-pl\/tasma-klejaca-abc\/aluminiowe-tasmy-samoprzylepne\/","og_locale":"pl_PL","og_type":"article","og_title":"Aluminiowe ta\u015bmy samoprzylepne - cardinal TAPES","og_description":"Aluminiowe ta\u015bmy samoprzylepne sk\u0142adaj\u0105 si\u0119 z cienkiej folii aluminiowej, kt\u00f3ra z jednej strony pokryta jest klejem. Dowiedz si\u0119 wi\u0119cej.","og_url":"https:\/\/cardinal-tapes.com\/pl\/tasmy-samoprzylepne-pl\/tasma-klejaca-abc\/aluminiowe-tasmy-samoprzylepne\/","og_site_name":"cardinal TAPES","article_modified_time":"2023-06-14T08:47:07+00:00","twitter_card":"summary_large_image","twitter_misc":{"Szacowany czas czytania":"14 minut"},"schema":{"@context":"https:\/\/schema.org","@graph":[{"@type":"WebPage","@id":"https:\/\/cardinal-tapes.com\/pl\/tasmy-samoprzylepne-pl\/tasma-klejaca-abc\/aluminiowe-tasmy-samoprzylepne\/","url":"https:\/\/cardinal-tapes.com\/pl\/tasmy-samoprzylepne-pl\/tasma-klejaca-abc\/aluminiowe-tasmy-samoprzylepne\/","name":"Aluminiowe ta\u015bmy samoprzylepne - cardinal TAPES","isPartOf":{"@id":"https:\/\/cardinal-tapes.com\/#website"},"datePublished":"2023-06-02T08:59:45+00:00","dateModified":"2023-06-14T08:47:07+00:00","description":"Aluminiowe ta\u015bmy samoprzylepne sk\u0142adaj\u0105 si\u0119 z cienkiej folii aluminiowej, kt\u00f3ra z jednej strony pokryta jest klejem. Dowiedz si\u0119 wi\u0119cej.","breadcrumb":{"@id":"https:\/\/cardinal-tapes.com\/pl\/tasmy-samoprzylepne-pl\/tasma-klejaca-abc\/aluminiowe-tasmy-samoprzylepne\/#breadcrumb"},"inLanguage":"pl-PL","potentialAction":[{"@type":"ReadAction","target":["https:\/\/cardinal-tapes.com\/pl\/tasmy-samoprzylepne-pl\/tasma-klejaca-abc\/aluminiowe-tasmy-samoprzylepne\/"]}]},{"@type":"BreadcrumbList","@id":"https:\/\/cardinal-tapes.com\/pl\/tasmy-samoprzylepne-pl\/tasma-klejaca-abc\/aluminiowe-tasmy-samoprzylepne\/#breadcrumb","itemListElement":[{"@type":"ListItem","position":1,"name":"Startseite","item":"https:\/\/cardinal-tapes.com\/pl\/strona-glowna\/"},{"@type":"ListItem","position":2,"name":"Ta\u015bmy samoprzylepne","item":"https:\/\/cardinal-tapes.com\/pl\/tasmy-samoprzylepne-pl\/"},{"@type":"ListItem","position":3,"name":"Ta\u015bma klej\u0105ca ABC","item":"https:\/\/cardinal-tapes.com\/pl\/tasmy-samoprzylepne-pl__trashed\/tasma-klejaca-abc\/"},{"@type":"ListItem","position":4,"name":"Aluminiowe ta\u015bmy samoprzylepne"}]},{"@type":"WebSite","@id":"https:\/\/cardinal-tapes.com\/#website","url":"https:\/\/cardinal-tapes.com\/","name":"cardinal TAPES","description":"Klebetechnik aus Wuppertal","potentialAction":[{"@type":"SearchAction","target":{"@type":"EntryPoint","urlTemplate":"https:\/\/cardinal-tapes.com\/?s={search_term_string}"},"query-input":{"@type":"PropertyValueSpecification","valueRequired":true,"valueName":"search_term_string"}}],"inLanguage":"pl-PL"}]}},"_links":{"self":[{"href":"https:\/\/cardinal-tapes.com\/pl\/wp-json\/wp\/v2\/pages\/31475","targetHints":{"allow":["GET"]}}],"collection":[{"href":"https:\/\/cardinal-tapes.com\/pl\/wp-json\/wp\/v2\/pages"}],"about":[{"href":"https:\/\/cardinal-tapes.com\/pl\/wp-json\/wp\/v2\/types\/page"}],"author":[{"embeddable":true,"href":"https:\/\/cardinal-tapes.com\/pl\/wp-json\/wp\/v2\/users\/1"}],"replies":[{"embeddable":true,"href":"https:\/\/cardinal-tapes.com\/pl\/wp-json\/wp\/v2\/comments?post=31475"}],"version-history":[{"count":0,"href":"https:\/\/cardinal-tapes.com\/pl\/wp-json\/wp\/v2\/pages\/31475\/revisions"}],"up":[{"embeddable":true,"href":"https:\/\/cardinal-tapes.com\/pl\/wp-json\/wp\/v2\/pages\/30844"}],"wp:attachment":[{"href":"https:\/\/cardinal-tapes.com\/pl\/wp-json\/wp\/v2\/media?parent=31475"}],"curies":[{"name":"wp","href":"https:\/\/api.w.org\/{rel}","templated":true}]}}