{"id":31457,"date":"2023-06-02T10:59:45","date_gmt":"2023-06-02T08:59:45","guid":{"rendered":"https:\/\/cardinal.pixel-tal.de\/tasmy-samoprzylepne\/tasma-klejaca-abc\/tasmy-samoprzylepne-miedziane\/"},"modified":"2023-06-02T11:12:19","modified_gmt":"2023-06-02T09:12:19","slug":"tasmy-samoprzylepne-miedziane","status":"publish","type":"page","link":"https:\/\/cardinal-tapes.com\/pl\/tasmy-samoprzylepne-pl\/tasma-klejaca-abc\/tasmy-samoprzylepne-miedziane\/","title":{"rendered":"Ta\u015bmy samoprzylepne miedziane"},"content":{"rendered":"<div id='av_section_1'  class='avia-section av-762yei-950b670e387dcabaacf9e7748cf64227 alternate_color avia-section-default avia-no-border-styling  avia-builder-el-0  avia-builder-el-no-sibling  avia-bg-style-scroll container_wrap fullsize'  ><div class='container av-section-cont-open' ><main  role=\"main\" itemprop=\"mainContentOfPage\"  class='template-page content  av-content-full alpha units'><div class='post-entry post-entry-type-page post-entry-31457'><div class='entry-content-wrapper clearfix'>\n<div  class='flex_column av-l5i7u-50556d28ba87f4f74ba9a3608f886a12 av_one_full  avia-builder-el-1  el_before_av_one_half  avia-builder-el-first  first flex_column_div  '     ><div class=\"pxl-headline pxl-hl hl-wrap | hl-sub--off hl--align-left hl--no-margin    \">\n        <div class=\"hl-inner\">\n            <h2 class=\"hl-main hl-line |  hl_main--default  \">Ta\u015bmy samoprzylepne miedziane<\/h2>\n            \n    <\/div>\n<\/div><\/div><div  class='flex_column av-4nszy2-bee357268cba9e79f9a5c40628963e3c av_one_half  avia-builder-el-3  el_after_av_one_full  el_before_av_one_half  first flex_column_div  column-top-margin'     ><section  class='av_textblock_section av-6jrud6-e4c256a9ea1a0a089eb8812f02869dfc '   itemscope=\"itemscope\" itemtype=\"https:\/\/schema.org\/CreativeWork\" ><div class='avia_textblock'  itemprop=\"text\" ><p>Ta\u015bmy miedziane s\u0105 wa\u017cnym narz\u0119dziem w wielu bran\u017cach i sk\u0142adaj\u0105 si\u0119 z folii miedzianej i silnego kleju. Klej zazwyczaj przewodzi r\u00f3wnie\u017c pr\u0105d elektryczny, umo\u017cliwiaj\u0105c zastosowanie w wielu obszarach.<\/p>\n<p>W Cardinal TAPES znamy wymagania r\u00f3\u017cnych bran\u017c dotycz\u0105ce <a href=\"https:\/\/cardinal-tapes.com\/pl\/tasmy-samoprzylepne\/tasma-klejaca-abc\/metalowe-tasmy-samoprzylepne\/\">metalowych ta\u015bm samoprzylepnych<\/a>. Dlatego oferujemy r\u00f3\u017cne modele tych ta\u015bm i wykonujemy ta\u015bmy miedziane zgodnie z wymaganiami. Nasi eksperci ch\u0119tnie udziel\u0105 porad w tym zakresie.<\/p>\n<\/div><\/section><\/div><div  class='flex_column av-25v9ay-a6ab0db93adeb64452dcd3fcc4445bc6 av_one_half  avia-builder-el-5  el_after_av_one_half  avia-builder-el-last  flex_column_div  column-top-margin'     ><section  class='av_textblock_section av-25wz16-124027f78a94bcb898ba52e9be0e1e6f '   itemscope=\"itemscope\" itemtype=\"https:\/\/schema.org\/CreativeWork\" ><div class='avia_textblock'  itemprop=\"text\" ><h4>Cechy szczeg\u00f3lne i obszary zastosowa\u0144 miedzianych ta\u015bm samoprzylepnych<\/h4>\n<p>Przewag\u0105 ta\u015bm miedzianych nad innymi ta\u015bmami samoprzylepnymi wykonanymi z tworzyw sztucznych jest na przyk\u0142ad przewodnictwo ciep\u0142a i elektryczno\u015bci. Z tych powod\u00f3w miedziane ta\u015bmy samoprzylepne s\u0105 stosowane g\u0142\u00f3wnie w galwanotechnice, <a href=\"https:\/\/cardinal-tapes.com\/pl\/tasmy-samoprzylepne\/obszary-zastosowania\/ogrzewanie-wentylacja-i-klimatyzacja\/\">klimatyzacji<\/a> i<a href=\"https:\/\/cardinal-tapes.com\/pl\/tasmy-samoprzylepne\/obszary-zastosowania\/inzynieria-mechaniczna\/\"> in\u017cynierii mechanicznej<\/a>. W tych bran\u017cach ta\u015bma mo\u017ce wykonywa\u0107 r\u00f3\u017cne zadania, np. s\u0142u\u017cy\u0107 jako ekran elektromagnetyczny. W ten spos\u00f3b urz\u0105dzenia mog\u0105 by\u0107 chronione np. przed promieniowaniem z telefon\u00f3w kom\u00f3rkowych.<\/p>\n<\/div><\/section><\/div>\n\n","protected":false},"excerpt":{"rendered":"","protected":false},"author":1,"featured_media":0,"parent":30844,"menu_order":37,"comment_status":"closed","ping_status":"closed","template":"","meta":{"_acf_changed":false,"footnotes":""},"class_list":["post-31457","page","type-page","status-publish","hentry"],"acf":[],"yoast_head":"<!-- This site is optimized with the Yoast SEO plugin v27.3 - https:\/\/yoast.com\/product\/yoast-seo-wordpress\/ -->\n<title>Ta\u015bmy samoprzylepne miedziane - cardinal TAPES<\/title>\n<meta name=\"description\" content=\"Ta\u015bmy miedziane s\u0105 wa\u017cnym elementem w wielu ga\u0142\u0119ziach przemys\u0142u i sk\u0142adaj\u0105 si\u0119 z folii miedzianej i wysokowydajnego kleju.\" \/>\n<meta name=\"robots\" content=\"index, follow, max-snippet:-1, max-image-preview:large, max-video-preview:-1\" \/>\n<link rel=\"canonical\" href=\"https:\/\/cardinal-tapes.com\/pl\/tasmy-samoprzylepne-pl__trashed\/tasma-klejaca-abc\/tasmy-samoprzylepne-miedziane\/\" \/>\n<meta property=\"og:locale\" content=\"pl_PL\" \/>\n<meta property=\"og:type\" content=\"article\" \/>\n<meta property=\"og:title\" content=\"Ta\u015bmy samoprzylepne miedziane - cardinal TAPES\" \/>\n<meta property=\"og:description\" content=\"Ta\u015bmy miedziane s\u0105 wa\u017cnym elementem w wielu ga\u0142\u0119ziach przemys\u0142u i sk\u0142adaj\u0105 si\u0119 z folii miedzianej i wysokowydajnego kleju.\" \/>\n<meta property=\"og:url\" content=\"https:\/\/cardinal-tapes.com\/pl\/tasmy-samoprzylepne-pl__trashed\/tasma-klejaca-abc\/tasmy-samoprzylepne-miedziane\/\" \/>\n<meta property=\"og:site_name\" content=\"cardinal TAPES\" \/>\n<meta property=\"article:modified_time\" content=\"2023-06-02T09:12:19+00:00\" \/>\n<meta name=\"twitter:card\" content=\"summary_large_image\" \/>\n<meta name=\"twitter:label1\" content=\"Szacowany czas czytania\" \/>\n\t<meta name=\"twitter:data1\" content=\"9 minut\" \/>\n<script type=\"application\/ld+json\" class=\"yoast-schema-graph\">{\"@context\":\"https:\\\/\\\/schema.org\",\"@graph\":[{\"@type\":\"WebPage\",\"@id\":\"https:\\\/\\\/cardinal-tapes.com\\\/pl\\\/tasmy-samoprzylepne-pl__trashed\\\/tasma-klejaca-abc\\\/tasmy-samoprzylepne-miedziane\\\/\",\"url\":\"https:\\\/\\\/cardinal-tapes.com\\\/pl\\\/tasmy-samoprzylepne-pl__trashed\\\/tasma-klejaca-abc\\\/tasmy-samoprzylepne-miedziane\\\/\",\"name\":\"Ta\u015bmy samoprzylepne miedziane - cardinal TAPES\",\"isPartOf\":{\"@id\":\"https:\\\/\\\/cardinal-tapes.com\\\/#website\"},\"datePublished\":\"2023-06-02T08:59:45+00:00\",\"dateModified\":\"2023-06-02T09:12:19+00:00\",\"description\":\"Ta\u015bmy miedziane s\u0105 wa\u017cnym elementem w wielu ga\u0142\u0119ziach przemys\u0142u i sk\u0142adaj\u0105 si\u0119 z folii miedzianej i wysokowydajnego kleju.\",\"breadcrumb\":{\"@id\":\"https:\\\/\\\/cardinal-tapes.com\\\/pl\\\/tasmy-samoprzylepne-pl__trashed\\\/tasma-klejaca-abc\\\/tasmy-samoprzylepne-miedziane\\\/#breadcrumb\"},\"inLanguage\":\"pl-PL\",\"potentialAction\":[{\"@type\":\"ReadAction\",\"target\":[\"https:\\\/\\\/cardinal-tapes.com\\\/pl\\\/tasmy-samoprzylepne-pl__trashed\\\/tasma-klejaca-abc\\\/tasmy-samoprzylepne-miedziane\\\/\"]}]},{\"@type\":\"BreadcrumbList\",\"@id\":\"https:\\\/\\\/cardinal-tapes.com\\\/pl\\\/tasmy-samoprzylepne-pl__trashed\\\/tasma-klejaca-abc\\\/tasmy-samoprzylepne-miedziane\\\/#breadcrumb\",\"itemListElement\":[{\"@type\":\"ListItem\",\"position\":1,\"name\":\"Startseite\",\"item\":\"https:\\\/\\\/cardinal-tapes.com\\\/pl\\\/strona-glowna\\\/\"},{\"@type\":\"ListItem\",\"position\":2,\"name\":\"Ta\u015bma klej\u0105ca ABC\",\"item\":\"https:\\\/\\\/cardinal-tapes.com\\\/pl\\\/tasmy-samoprzylepne-pl__trashed\\\/tasma-klejaca-abc\\\/\"},{\"@type\":\"ListItem\",\"position\":3,\"name\":\"Ta\u015bmy samoprzylepne miedziane\"}]},{\"@type\":\"WebSite\",\"@id\":\"https:\\\/\\\/cardinal-tapes.com\\\/#website\",\"url\":\"https:\\\/\\\/cardinal-tapes.com\\\/\",\"name\":\"cardinal TAPES\",\"description\":\"Klebetechnik aus Wuppertal\",\"potentialAction\":[{\"@type\":\"SearchAction\",\"target\":{\"@type\":\"EntryPoint\",\"urlTemplate\":\"https:\\\/\\\/cardinal-tapes.com\\\/?s={search_term_string}\"},\"query-input\":{\"@type\":\"PropertyValueSpecification\",\"valueRequired\":true,\"valueName\":\"search_term_string\"}}],\"inLanguage\":\"pl-PL\"}]}<\/script>\n<!-- \/ Yoast SEO plugin. -->","yoast_head_json":{"title":"Ta\u015bmy samoprzylepne miedziane - cardinal TAPES","description":"Ta\u015bmy miedziane s\u0105 wa\u017cnym elementem w wielu ga\u0142\u0119ziach przemys\u0142u i sk\u0142adaj\u0105 si\u0119 z folii miedzianej i wysokowydajnego kleju.","robots":{"index":"index","follow":"follow","max-snippet":"max-snippet:-1","max-image-preview":"max-image-preview:large","max-video-preview":"max-video-preview:-1"},"canonical":"https:\/\/cardinal-tapes.com\/pl\/tasmy-samoprzylepne-pl__trashed\/tasma-klejaca-abc\/tasmy-samoprzylepne-miedziane\/","og_locale":"pl_PL","og_type":"article","og_title":"Ta\u015bmy samoprzylepne miedziane - cardinal TAPES","og_description":"Ta\u015bmy miedziane s\u0105 wa\u017cnym elementem w wielu ga\u0142\u0119ziach przemys\u0142u i sk\u0142adaj\u0105 si\u0119 z folii miedzianej i wysokowydajnego kleju.","og_url":"https:\/\/cardinal-tapes.com\/pl\/tasmy-samoprzylepne-pl__trashed\/tasma-klejaca-abc\/tasmy-samoprzylepne-miedziane\/","og_site_name":"cardinal TAPES","article_modified_time":"2023-06-02T09:12:19+00:00","twitter_card":"summary_large_image","twitter_misc":{"Szacowany czas czytania":"9 minut"},"schema":{"@context":"https:\/\/schema.org","@graph":[{"@type":"WebPage","@id":"https:\/\/cardinal-tapes.com\/pl\/tasmy-samoprzylepne-pl__trashed\/tasma-klejaca-abc\/tasmy-samoprzylepne-miedziane\/","url":"https:\/\/cardinal-tapes.com\/pl\/tasmy-samoprzylepne-pl__trashed\/tasma-klejaca-abc\/tasmy-samoprzylepne-miedziane\/","name":"Ta\u015bmy samoprzylepne miedziane - cardinal TAPES","isPartOf":{"@id":"https:\/\/cardinal-tapes.com\/#website"},"datePublished":"2023-06-02T08:59:45+00:00","dateModified":"2023-06-02T09:12:19+00:00","description":"Ta\u015bmy miedziane s\u0105 wa\u017cnym elementem w wielu ga\u0142\u0119ziach przemys\u0142u i sk\u0142adaj\u0105 si\u0119 z folii miedzianej i wysokowydajnego kleju.","breadcrumb":{"@id":"https:\/\/cardinal-tapes.com\/pl\/tasmy-samoprzylepne-pl__trashed\/tasma-klejaca-abc\/tasmy-samoprzylepne-miedziane\/#breadcrumb"},"inLanguage":"pl-PL","potentialAction":[{"@type":"ReadAction","target":["https:\/\/cardinal-tapes.com\/pl\/tasmy-samoprzylepne-pl__trashed\/tasma-klejaca-abc\/tasmy-samoprzylepne-miedziane\/"]}]},{"@type":"BreadcrumbList","@id":"https:\/\/cardinal-tapes.com\/pl\/tasmy-samoprzylepne-pl__trashed\/tasma-klejaca-abc\/tasmy-samoprzylepne-miedziane\/#breadcrumb","itemListElement":[{"@type":"ListItem","position":1,"name":"Startseite","item":"https:\/\/cardinal-tapes.com\/pl\/strona-glowna\/"},{"@type":"ListItem","position":2,"name":"Ta\u015bma klej\u0105ca ABC","item":"https:\/\/cardinal-tapes.com\/pl\/tasmy-samoprzylepne-pl__trashed\/tasma-klejaca-abc\/"},{"@type":"ListItem","position":3,"name":"Ta\u015bmy samoprzylepne miedziane"}]},{"@type":"WebSite","@id":"https:\/\/cardinal-tapes.com\/#website","url":"https:\/\/cardinal-tapes.com\/","name":"cardinal TAPES","description":"Klebetechnik aus Wuppertal","potentialAction":[{"@type":"SearchAction","target":{"@type":"EntryPoint","urlTemplate":"https:\/\/cardinal-tapes.com\/?s={search_term_string}"},"query-input":{"@type":"PropertyValueSpecification","valueRequired":true,"valueName":"search_term_string"}}],"inLanguage":"pl-PL"}]}},"_links":{"self":[{"href":"https:\/\/cardinal-tapes.com\/pl\/wp-json\/wp\/v2\/pages\/31457","targetHints":{"allow":["GET"]}}],"collection":[{"href":"https:\/\/cardinal-tapes.com\/pl\/wp-json\/wp\/v2\/pages"}],"about":[{"href":"https:\/\/cardinal-tapes.com\/pl\/wp-json\/wp\/v2\/types\/page"}],"author":[{"embeddable":true,"href":"https:\/\/cardinal-tapes.com\/pl\/wp-json\/wp\/v2\/users\/1"}],"replies":[{"embeddable":true,"href":"https:\/\/cardinal-tapes.com\/pl\/wp-json\/wp\/v2\/comments?post=31457"}],"version-history":[{"count":0,"href":"https:\/\/cardinal-tapes.com\/pl\/wp-json\/wp\/v2\/pages\/31457\/revisions"}],"up":[{"embeddable":true,"href":"https:\/\/cardinal-tapes.com\/pl\/wp-json\/wp\/v2\/pages\/30844"}],"wp:attachment":[{"href":"https:\/\/cardinal-tapes.com\/pl\/wp-json\/wp\/v2\/media?parent=31457"}],"curies":[{"name":"wp","href":"https:\/\/api.w.org\/{rel}","templated":true}]}}