{"id":31451,"date":"2023-06-02T10:59:44","date_gmt":"2023-06-02T08:59:44","guid":{"rendered":"https:\/\/cardinal.pixel-tal.de\/tasmy-samoprzylepne\/tasma-klejaca-abc\/papier-siarczanowy\/"},"modified":"2023-06-02T11:12:20","modified_gmt":"2023-06-02T09:12:20","slug":"papier-siarczanowy","status":"publish","type":"page","link":"https:\/\/cardinal-tapes.com\/pl\/tasmy-samoprzylepne-pl\/tasma-klejaca-abc\/papier-siarczanowy\/","title":{"rendered":"Papier siarczanowy"},"content":{"rendered":"<div id='av_section_1'  class='avia-section av-7jeg2v-6daf5f4d4e888593b51af69796c6410e alternate_color avia-section-default avia-no-border-styling  avia-builder-el-0  avia-builder-el-no-sibling  avia-bg-style-scroll container_wrap fullsize'  ><div class='container av-section-cont-open' ><main  role=\"main\" itemprop=\"mainContentOfPage\"  class='template-page content  av-content-full alpha units'><div class='post-entry post-entry-type-page post-entry-31451'><div class='entry-content-wrapper clearfix'>\n<div  class='flex_column av-68pujb-0bac190290e65d665710f3d01db23e15 av_one_full  avia-builder-el-1  el_before_av_one_half  avia-builder-el-first  first flex_column_div  '     ><div class=\"pxl-headline pxl-hl hl-wrap | hl-sub--bot hl--align-left hl--no-margin    \">\n        <div class=\"hl-inner\">\n            <h2 class=\"hl-main hl-line |  hl_main--default  \">Papier siarczanowy<\/h2>\n            \n    <\/div>\n<\/div><\/div><div  class='flex_column av-4tcs6f-781194d8f391c05be6235f0d745dd677 av_one_half  avia-builder-el-3  el_after_av_one_full  el_before_av_one_half  first flex_column_div  column-top-margin'     ><section  class='av_textblock_section av-5cqfx3-6ec232db7fb091e9e486bcad01b86b48 '   itemscope=\"itemscope\" itemtype=\"https:\/\/schema.org\/CreativeWork\" ><div class='avia_textblock'  itemprop=\"text\" ><p>Niezale\u017cnie od tego, czy chodzi o malarstwo akwarelowe, r\u0119kodzie\u0142o, <a href=\"\/klebebaender\/anwendungsgebiete\/papierherstellung\/\">introligatorstwo czy mocowanie papieru i kartonu<\/a>, ta\u015bmy samoprzylepne do papieru kraft charakteryzuj\u0105 si\u0119 szerokim zakresem zastosowa\u0144. Jest to mo\u017cliwe dzi\u0119ki ich w\u0142a\u015bciwo\u015bciom materia\u0142owym. Papier Kraft charakteryzuje si\u0119 przede wszystkim szczeg\u00f3lnie wysok\u0105 stabilno\u015bci\u0105. Zastosowany klej z kauczuku naturalnego jest r\u00f3wnie\u017c klejem mokrym. W rezultacie ta\u015bmy s\u0105 cz\u0119sto u\u017cywane przez malarzy lub hobbyst\u00f3w. S\u0105 one r\u00f3wnie\u017c przekonuj\u0105ce ze wzgl\u0119du na swoje zalety ekologiczne: Odpowiednie <a href=\"\/klebebaender\/\">ta\u015bmy samoprzylepne<\/a> nadaj\u0105 si\u0119 w 100% do recyklingu.<\/p>\n<h4>Papier Kraft &#8211; wytrzyma\u0142y i wszechstronny<\/h4>\n<p>Papiery Kraft to gatunki papieru o szczeg\u00f3lnie wysokiej wytrzyma\u0142o\u015bci. Sk\u0142adaj\u0105 si\u0119 one niemal w ca\u0142o\u015bci z czystego naturalnego w\u0142\u00f3kna. Zwykle u\u017cywa si\u0119 do tego drewna iglastego o d\u0142ugich w\u0142\u00f3knach, takiego jak \u015bwierk i sosna. Podczas produkcji dodawana jest tylko skrobia, a\u0142un i klej. Klasycznie, papier siarczanowy jest bardzo cz\u0119sto stosowany w sektorze opakowa\u0144 ze wzgl\u0119du na jego odporno\u015b\u0107 na rozdarcia, poniewa\u017c charakteryzuje si\u0119 on wyra\u017an\u0105 odporno\u015bci\u0105 na napr\u0119\u017cenia mechaniczne. Kolejn\u0105 zalet\u0105 jest szczeg\u00f3lnie wysoka stabilno\u015b\u0107 rozci\u0105gania, nawet przy znacznych wahaniach temperatury. Przez kr\u00f3tki czas materia\u0142 wytrzymuje nawet amplitud\u0119 od minus 30 do plus 70 stopni. Poniewa\u017c ta\u015bmy s\u0105 r\u00f3wnie\u017c wykonane z czysto naturalnych sk\u0142adnik\u00f3w, s\u0105 one szczeg\u00f3lnie przyjazne dla \u015brodowiska i w 100% degradowalne.<\/p>\n<\/div><\/section><\/div><div  class='flex_column av-2ycg1j-c9d8423dbeda857653035f8df71435c8 av_one_half  avia-builder-el-5  el_after_av_one_half  avia-builder-el-last  flex_column_div  column-top-margin'     ><section  class='av_textblock_section av-2k599j-85bad7488664891c1fc46d1d3dbd6667 '   itemscope=\"itemscope\" itemtype=\"https:\/\/schema.org\/CreativeWork\" ><div class='avia_textblock'  itemprop=\"text\" ><h4>Wszechstronne zastosowanie<\/h4>\n<p>Jego w\u0142a\u015bciwo\u015bci sprawiaj\u0105, \u017ce ta\u015bma papierowa kraft jest atrakcyjna dla r\u00f3\u017cnych u\u017cytkownik\u00f3w. Ze wzgl\u0119du na \u0142atwo\u015b\u0107 przenoszenia i wysok\u0105 wytrzyma\u0142o\u015b\u0107, jest bardzo popularny na przyk\u0142ad w dzia\u0142ach spedycji i idealnie nadaje si\u0119 do pakowania pude\u0142. Na przyk\u0142ad, pomimo ogromnej stabilno\u015bci, mo\u017cna go \u0142atwo od\u0142\u0105czy\u0107 od rolki ta\u015bmy bez \u017cadnych innych \u015brodk\u00f3w pomocniczych. Jest r\u00f3wnie\u017c poszukiwany przez sprzedawc\u00f3w materia\u0142\u00f3w dla artyst\u00f3w i hobbyst\u00f3w, poniewa\u017c: bardzo dobrze nadaje si\u0119 do pracy z farb\u0105 lub r\u00f3wnie\u017c w po\u0142\u0105czeniu z materia\u0142ami takimi jak papier, na przyk\u0142ad w dzia\u0142alno\u015bci introligatorskiej.<\/p>\n<p>Oczywi\u015bcie ta\u015bmy mog\u0105 by\u0107 indywidualnie oznakowane i zadrukowane. Podobnie jak w przypadku wszystkich naszych produkt\u00f3w, oferujemy mo\u017cliwo\u015b\u0107 <a href=\"https:\/\/cardinal-tapes.com\/pl\/opakowanie\/\">dostosowania<\/a> ich do <a href=\"https:\/\/cardinal-tapes.com\/pl\/opakowanie\/\">wymaga\u0144 klienta<\/a>. Skontaktuj si\u0119 z naszymi wieloletnimi ekspertami, aby uzyska\u0107 wi\u0119cej informacji.<\/p>\n<\/div><\/section><\/div>\n","protected":false},"excerpt":{"rendered":"","protected":false},"author":1,"featured_media":0,"parent":30844,"menu_order":13,"comment_status":"closed","ping_status":"closed","template":"","meta":{"_acf_changed":false,"footnotes":""},"class_list":["post-31451","page","type-page","status-publish","hentry"],"acf":[],"yoast_head":"<!-- This site is optimized with the Yoast SEO plugin v27.4 - https:\/\/yoast.com\/product\/yoast-seo-wordpress\/ -->\n<title>Papier siarczanowy - cardinal TAPES<\/title>\n<meta name=\"description\" content=\"Ta\u015bmy samoprzylepne z papieru siarczanowego charakteryzuj\u0105 si\u0119 szerokim zakresem zastosowa\u0144. Dowiedz si\u0119 wi\u0119cej o specjalnych rodzajach ta\u015bm samoprzylepnych tutaj.\" \/>\n<meta name=\"robots\" content=\"index, follow, max-snippet:-1, max-image-preview:large, max-video-preview:-1\" \/>\n<link rel=\"canonical\" href=\"https:\/\/cardinal-tapes.com\/pl\/tasmy-samoprzylepne-pl__trashed\/tasma-klejaca-abc\/papier-siarczanowy\/\" \/>\n<meta property=\"og:locale\" content=\"pl_PL\" \/>\n<meta property=\"og:type\" content=\"article\" \/>\n<meta property=\"og:title\" content=\"Papier siarczanowy - cardinal TAPES\" \/>\n<meta property=\"og:description\" content=\"Ta\u015bmy samoprzylepne z papieru siarczanowego charakteryzuj\u0105 si\u0119 szerokim zakresem zastosowa\u0144. Dowiedz si\u0119 wi\u0119cej o specjalnych rodzajach ta\u015bm samoprzylepnych tutaj.\" \/>\n<meta property=\"og:url\" content=\"https:\/\/cardinal-tapes.com\/pl\/tasmy-samoprzylepne-pl__trashed\/tasma-klejaca-abc\/papier-siarczanowy\/\" \/>\n<meta property=\"og:site_name\" content=\"cardinal TAPES\" \/>\n<meta property=\"article:modified_time\" content=\"2023-06-02T09:12:20+00:00\" \/>\n<meta name=\"twitter:card\" content=\"summary_large_image\" \/>\n<meta name=\"twitter:label1\" content=\"Szacowany czas czytania\" \/>\n\t<meta name=\"twitter:data1\" content=\"10 minut\" \/>\n<script type=\"application\/ld+json\" class=\"yoast-schema-graph\">{\"@context\":\"https:\\\/\\\/schema.org\",\"@graph\":[{\"@type\":\"WebPage\",\"@id\":\"https:\\\/\\\/cardinal-tapes.com\\\/pl\\\/tasmy-samoprzylepne-pl__trashed\\\/tasma-klejaca-abc\\\/papier-siarczanowy\\\/\",\"url\":\"https:\\\/\\\/cardinal-tapes.com\\\/pl\\\/tasmy-samoprzylepne-pl__trashed\\\/tasma-klejaca-abc\\\/papier-siarczanowy\\\/\",\"name\":\"Papier siarczanowy - cardinal TAPES\",\"isPartOf\":{\"@id\":\"https:\\\/\\\/cardinal-tapes.com\\\/#website\"},\"datePublished\":\"2023-06-02T08:59:44+00:00\",\"dateModified\":\"2023-06-02T09:12:20+00:00\",\"description\":\"Ta\u015bmy samoprzylepne z papieru siarczanowego charakteryzuj\u0105 si\u0119 szerokim zakresem zastosowa\u0144. Dowiedz si\u0119 wi\u0119cej o specjalnych rodzajach ta\u015bm samoprzylepnych tutaj.\",\"breadcrumb\":{\"@id\":\"https:\\\/\\\/cardinal-tapes.com\\\/pl\\\/tasmy-samoprzylepne-pl__trashed\\\/tasma-klejaca-abc\\\/papier-siarczanowy\\\/#breadcrumb\"},\"inLanguage\":\"pl-PL\",\"potentialAction\":[{\"@type\":\"ReadAction\",\"target\":[\"https:\\\/\\\/cardinal-tapes.com\\\/pl\\\/tasmy-samoprzylepne-pl__trashed\\\/tasma-klejaca-abc\\\/papier-siarczanowy\\\/\"]}]},{\"@type\":\"BreadcrumbList\",\"@id\":\"https:\\\/\\\/cardinal-tapes.com\\\/pl\\\/tasmy-samoprzylepne-pl__trashed\\\/tasma-klejaca-abc\\\/papier-siarczanowy\\\/#breadcrumb\",\"itemListElement\":[{\"@type\":\"ListItem\",\"position\":1,\"name\":\"Startseite\",\"item\":\"https:\\\/\\\/cardinal-tapes.com\\\/pl\\\/strona-glowna\\\/\"},{\"@type\":\"ListItem\",\"position\":2,\"name\":\"Ta\u015bma klej\u0105ca ABC\",\"item\":\"https:\\\/\\\/cardinal-tapes.com\\\/pl\\\/tasmy-samoprzylepne-pl__trashed\\\/tasma-klejaca-abc\\\/\"},{\"@type\":\"ListItem\",\"position\":3,\"name\":\"Papier siarczanowy\"}]},{\"@type\":\"WebSite\",\"@id\":\"https:\\\/\\\/cardinal-tapes.com\\\/#website\",\"url\":\"https:\\\/\\\/cardinal-tapes.com\\\/\",\"name\":\"cardinal TAPES\",\"description\":\"Klebetechnik aus Wuppertal\",\"potentialAction\":[{\"@type\":\"SearchAction\",\"target\":{\"@type\":\"EntryPoint\",\"urlTemplate\":\"https:\\\/\\\/cardinal-tapes.com\\\/?s={search_term_string}\"},\"query-input\":{\"@type\":\"PropertyValueSpecification\",\"valueRequired\":true,\"valueName\":\"search_term_string\"}}],\"inLanguage\":\"pl-PL\"}]}<\/script>\n<!-- \/ Yoast SEO plugin. -->","yoast_head_json":{"title":"Papier siarczanowy - cardinal TAPES","description":"Ta\u015bmy samoprzylepne z papieru siarczanowego charakteryzuj\u0105 si\u0119 szerokim zakresem zastosowa\u0144. Dowiedz si\u0119 wi\u0119cej o specjalnych rodzajach ta\u015bm samoprzylepnych tutaj.","robots":{"index":"index","follow":"follow","max-snippet":"max-snippet:-1","max-image-preview":"max-image-preview:large","max-video-preview":"max-video-preview:-1"},"canonical":"https:\/\/cardinal-tapes.com\/pl\/tasmy-samoprzylepne-pl__trashed\/tasma-klejaca-abc\/papier-siarczanowy\/","og_locale":"pl_PL","og_type":"article","og_title":"Papier siarczanowy - cardinal TAPES","og_description":"Ta\u015bmy samoprzylepne z papieru siarczanowego charakteryzuj\u0105 si\u0119 szerokim zakresem zastosowa\u0144. Dowiedz si\u0119 wi\u0119cej o specjalnych rodzajach ta\u015bm samoprzylepnych tutaj.","og_url":"https:\/\/cardinal-tapes.com\/pl\/tasmy-samoprzylepne-pl__trashed\/tasma-klejaca-abc\/papier-siarczanowy\/","og_site_name":"cardinal TAPES","article_modified_time":"2023-06-02T09:12:20+00:00","twitter_card":"summary_large_image","twitter_misc":{"Szacowany czas czytania":"10 minut"},"schema":{"@context":"https:\/\/schema.org","@graph":[{"@type":"WebPage","@id":"https:\/\/cardinal-tapes.com\/pl\/tasmy-samoprzylepne-pl__trashed\/tasma-klejaca-abc\/papier-siarczanowy\/","url":"https:\/\/cardinal-tapes.com\/pl\/tasmy-samoprzylepne-pl__trashed\/tasma-klejaca-abc\/papier-siarczanowy\/","name":"Papier siarczanowy - cardinal TAPES","isPartOf":{"@id":"https:\/\/cardinal-tapes.com\/#website"},"datePublished":"2023-06-02T08:59:44+00:00","dateModified":"2023-06-02T09:12:20+00:00","description":"Ta\u015bmy samoprzylepne z papieru siarczanowego charakteryzuj\u0105 si\u0119 szerokim zakresem zastosowa\u0144. Dowiedz si\u0119 wi\u0119cej o specjalnych rodzajach ta\u015bm samoprzylepnych tutaj.","breadcrumb":{"@id":"https:\/\/cardinal-tapes.com\/pl\/tasmy-samoprzylepne-pl__trashed\/tasma-klejaca-abc\/papier-siarczanowy\/#breadcrumb"},"inLanguage":"pl-PL","potentialAction":[{"@type":"ReadAction","target":["https:\/\/cardinal-tapes.com\/pl\/tasmy-samoprzylepne-pl__trashed\/tasma-klejaca-abc\/papier-siarczanowy\/"]}]},{"@type":"BreadcrumbList","@id":"https:\/\/cardinal-tapes.com\/pl\/tasmy-samoprzylepne-pl__trashed\/tasma-klejaca-abc\/papier-siarczanowy\/#breadcrumb","itemListElement":[{"@type":"ListItem","position":1,"name":"Startseite","item":"https:\/\/cardinal-tapes.com\/pl\/strona-glowna\/"},{"@type":"ListItem","position":2,"name":"Ta\u015bma klej\u0105ca ABC","item":"https:\/\/cardinal-tapes.com\/pl\/tasmy-samoprzylepne-pl__trashed\/tasma-klejaca-abc\/"},{"@type":"ListItem","position":3,"name":"Papier siarczanowy"}]},{"@type":"WebSite","@id":"https:\/\/cardinal-tapes.com\/#website","url":"https:\/\/cardinal-tapes.com\/","name":"cardinal TAPES","description":"Klebetechnik aus Wuppertal","potentialAction":[{"@type":"SearchAction","target":{"@type":"EntryPoint","urlTemplate":"https:\/\/cardinal-tapes.com\/?s={search_term_string}"},"query-input":{"@type":"PropertyValueSpecification","valueRequired":true,"valueName":"search_term_string"}}],"inLanguage":"pl-PL"}]}},"_links":{"self":[{"href":"https:\/\/cardinal-tapes.com\/pl\/wp-json\/wp\/v2\/pages\/31451","targetHints":{"allow":["GET"]}}],"collection":[{"href":"https:\/\/cardinal-tapes.com\/pl\/wp-json\/wp\/v2\/pages"}],"about":[{"href":"https:\/\/cardinal-tapes.com\/pl\/wp-json\/wp\/v2\/types\/page"}],"author":[{"embeddable":true,"href":"https:\/\/cardinal-tapes.com\/pl\/wp-json\/wp\/v2\/users\/1"}],"replies":[{"embeddable":true,"href":"https:\/\/cardinal-tapes.com\/pl\/wp-json\/wp\/v2\/comments?post=31451"}],"version-history":[{"count":0,"href":"https:\/\/cardinal-tapes.com\/pl\/wp-json\/wp\/v2\/pages\/31451\/revisions"}],"up":[{"embeddable":true,"href":"https:\/\/cardinal-tapes.com\/pl\/wp-json\/wp\/v2\/pages\/30844"}],"wp:attachment":[{"href":"https:\/\/cardinal-tapes.com\/pl\/wp-json\/wp\/v2\/media?parent=31451"}],"curies":[{"name":"wp","href":"https:\/\/api.w.org\/{rel}","templated":true}]}}