{"id":31437,"date":"2023-06-02T10:59:44","date_gmt":"2023-06-02T08:59:44","guid":{"rendered":"https:\/\/cardinal.pixel-tal.de\/tasmy-samoprzylepne\/tasma-klejaca-abc\/tasmy-piankowe-pe\/"},"modified":"2023-06-14T10:47:09","modified_gmt":"2023-06-14T08:47:09","slug":"tasmy-piankowe-pe","status":"publish","type":"page","link":"https:\/\/cardinal-tapes.com\/pl\/tasmy-samoprzylepne-pl\/tasma-klejaca-abc\/tasmy-piankowe-pe\/","title":{"rendered":"Ta\u015bmy piankowe PE"},"content":{"rendered":"<div id='av_section_1'  class='avia-section av-c0yms6-7386685d247566d67102f6373c80c5c3 alternate_color avia-section-default avia-no-border-styling  avia-builder-el-0  el_before_av_section  avia-builder-el-first  avia-bg-style-scroll container_wrap fullsize'  ><div class='container av-section-cont-open' ><main  role=\"main\" itemprop=\"mainContentOfPage\"  class='template-page content  av-content-full alpha units'><div class='post-entry post-entry-type-page post-entry-31437'><div class='entry-content-wrapper clearfix'>\n<div  class='flex_column av-amhi46-0a97fdeff256eff6e3f4b1f981a71801 av_one_full  avia-builder-el-1  el_before_av_one_half  avia-builder-el-first  first flex_column_div  '     ><div class=\"pxl-headline pxl-hl hl-wrap | hl-sub--off hl--align-left hl--no-margin    \">\n        <div class=\"hl-inner\">\n            <h2 class=\"hl-main hl-line |  hl_main--default  \">Ta\u015bmy piankowe PE<\/h2>\n            \n    <\/div>\n<\/div><\/div><div  class='flex_column av-8tvbty-bb9ba8fc1bb396481bc90117c7fe2988 av_one_half  avia-builder-el-3  el_after_av_one_full  el_before_av_one_half  first flex_column_div  column-top-margin'     ><section  class='av_textblock_section av-bey8jq-31713b296a19dde0aa6a8e9b81ac384d '   itemscope=\"itemscope\" itemtype=\"https:\/\/schema.org\/CreativeWork\" ><div class='avia_textblock'  itemprop=\"text\" ><p>Istnieje wiele r\u00f3\u017cnych rodzaj\u00f3w ta\u015bm piankowych: dwustronne, jednostronne, powlekane. Wszystkie one maj\u0105 jednak jedno wsp\u00f3lne zastosowanie &#8211; uszczelnianie. Obszary zastosowa\u0144 s\u0105 bardzo wszechstronne. Niezale\u017cnie od tego, czy jest to uszczelnienie do <a href=\"https:\/\/cardinal-tapes.com\/pl\/tasmy-samoprzylepne-pl\/obszary-zastosowania\/ogrzewanie-wentylacja-i-klimatyzacja\/\">konstrukcji grzewczych<\/a>, gdzie rury s\u0105 izolowane, czy uszczelnienie w wentylacji, konstrukcji maszyn i urz\u0105dze\u0144, czy te\u017c monta\u017c w meblach i konstrukcjach sanitarnych. Ta\u015bmy piankowe cz\u0119sto odpowiadaj\u0105 r\u00f3wnie\u017c za poch\u0142anianie d\u017awi\u0119ku i izolacj\u0119 termiczn\u0105.<\/p>\n<\/div><\/section><\/div><div  class='flex_column av-7gqf9y-af4734ca957cbf5555a1f4ddc88e2d88 av_one_half  avia-builder-el-5  el_after_av_one_half  avia-builder-el-last  flex_column_div  column-top-margin'     ><section  class='av_textblock_section av-77v2d2-5e0783556c17e4e22980a6230528711c '   itemscope=\"itemscope\" itemtype=\"https:\/\/schema.org\/CreativeWork\" ><div class='avia_textblock'  itemprop=\"text\" ><h4>Zalety ta\u015bm piankowych PE<\/h4>\n<p>Zalet\u0105 ta\u015bm z pianki PE jest to, \u017ce s\u0105 one odporne na warunki atmosferyczne i promieniowanie UV, dzi\u0119ki czemu mog\u0105 by\u0107 stosowane zar\u00f3wno wewn\u0105trz, jak i na zewn\u0105trz budynk\u00f3w. Ponadto zapewnia wysok\u0105 przyczepno\u015b\u0107. Poniewa\u017c ta\u015bmy s\u0105 samoprzylepne, klient ma mo\u017cliwo\u015b\u0107 \u0142atwej i czystej aplikacji. Umo\u017cliwiamy r\u00f3wnie\u017c naszym klientom korzystanie z ta\u015bm na wiele r\u00f3\u017cnych sposob\u00f3w, poniewa\u017c s\u0105 one dost\u0119pne w r\u00f3\u017cnych materia\u0142ach.<\/p>\n<p>Je\u015bli nasi klienci maj\u0105 jakie\u015b \u017cyczenia, ch\u0119tnie doradzimy w ka\u017cdej chwili, r\u00f3wnie\u017c telefonicznie, lub mo\u017cesz skorzysta\u0107 z naszego formularza <a href=\"\/ueber-cardinal\/kontakt\/\">zapytania o produkt<\/a>, aby\u015bmy mogli wsp\u00f3lnie poszuka\u0107 rozwi\u0105zania. Ch\u0119tnie zmontujemy r\u00f3wnie\u017c ta\u015bmy samoprzylepne zgodnie z indywidualnymi wymaganiami klienta.<\/p>\n<\/div><\/section><\/div>\n\n<\/div><\/div><\/main><!-- close content main element --><\/div><\/div><div id='av_section_2'  class='avia-section av-610a8m-e11e73a49a73f608dd332083c5277e18 main_color avia-section-default avia-no-border-styling  avia-builder-el-7  el_after_av_section  avia-builder-el-last  gradient-section avia-bg-style-scroll container_wrap fullsize'  ><div class='container av-section-cont-open' ><div class='template-page content  av-content-full alpha units'><div class='post-entry post-entry-type-page post-entry-31437'><div class='entry-content-wrapper clearfix'>\n<div  class='flex_column av-4xkj4m-c130fb464c692712e65d8e2b9bd9a04c av_one_full  avia-builder-el-8  avia-builder-el-no-sibling  first flex_column_div  '     ><p><div class=\"pxl-headline pxl-hl hl-wrap | hl-sub--off hl--align-left hl--no-margin    \">\n        <div class=\"hl-inner\">\n            <h2 class=\"hl-main hl-line |  hl_main--default  \">Interesuj\u0105ce produkty<\/h2>\n            \n    <\/div>\n<\/div>\n<br \/>\n<div   data-autoplay=''  data-interval='5'  data-animation='fade'  data-hoverpause='1'  class='template-shop avia-content-slider avia-content-slider-active avia-product-slider1 avia-content-slider-even  avia-builder-el-10  el_after_pixel_sc_headline  el_before_av_button   shop_columns_4' ><div class='avia-content-slider-inner'><ul class=\"products slide-entry-wrap\"><li class=\"product type-product post-44333 status-publish first instock product_cat-tasma-piankowa-pe product_cat-tasmy-dwustronnie-klejace has-post-thumbnail taxable shipping-taxable purchasable product-type-variable\">\n\t<div class='inner_product main_color wrapped_style noLightbox  av-product-class-no_button'><a href=\"https:\/\/cardinal-tapes.com\/pl\/ta\u015bmy-samoprzylepne\/obszary-zastosowan\/tasma-piankowa-pe\/ca-934-pe-piankowa-tasma-samoprzylepna\/\" class=\"woocommerce-LoopProduct-link woocommerce-loop-product__link\"><div class=\"thumbnail_container\"><img decoding=\"async\" loading=\"lazy\" width=\"415\" height=\"415\" src=\"https:\/\/cardinal-tapes.com\/wp-content\/uploads\/Norbond-PUR-V2800-A_153106.png\" class=\"wp-image-28502 avia-img-lazy-loading-28502 attachment-shop_catalog size-shop_catalog wp-post-image\" alt=\"CA-934 Ta\u015bma samoprzylepna z pianki PE - dwustronny, Pianka PE, Rozpuszczalnik akrylanowy - Ilustracja 28502\" srcset=\"https:\/\/cardinal-tapes.com\/wp-content\/uploads\/Norbond-PUR-V2800-A_153106.png 415w, https:\/\/cardinal-tapes.com\/wp-content\/uploads\/Norbond-PUR-V2800-A_153106-120x120.png 120w, https:\/\/cardinal-tapes.com\/wp-content\/uploads\/Norbond-PUR-V2800-A_153106-80x80.png 80w, https:\/\/cardinal-tapes.com\/wp-content\/uploads\/Norbond-PUR-V2800-A_153106-200x200.png 200w, https:\/\/cardinal-tapes.com\/wp-content\/uploads\/Norbond-PUR-V2800-A_153106-36x36.png 36w, https:\/\/cardinal-tapes.com\/wp-content\/uploads\/Norbond-PUR-V2800-A_153106-180x180.png 180w, https:\/\/cardinal-tapes.com\/wp-content\/uploads\/Norbond-PUR-V2800-A_153106-100x100.png 100w\" sizes=\"auto, (max-width: 415px) 100vw, 415px\" \/><\/div><div class='inner_product_header'><div class='avia-arrow'><\/div><div class='inner_product_header_table'><div class='inner_product_header_cell'><span class=\"is-h2 woocommerce-loop-product__title\">CA-934 Ta\u015bma samoprzylepna z pianki PE<\/span>\t\t<div class=\"product-infos\">\n\t\t\t\t\t\t\t<span class='product-infos__item'><b>Pow\u0142oka:<\/b> dwustronny<\/span>\n\t\t\t\t\t\t\t\t\t\t<span class='product-infos__item'><b>Rodzaj materia\u0142u:<\/b> Pianka PE<\/span>\n\t\t\t\t\t\t\t\t\t\t<span class='product-infos__item'><b>Producent:<\/b> cardinal GmbH<\/span>\n\t\t\t\t\t\t\t\t\t\t<span class='product-infos__item'><b>Cena na \u017c\u0105danie<\/b><\/span>\n\t\t\t\t\t<\/div>\n\t<\/div><\/div><\/div><\/a><\/div><\/li>\n<li class=\"product type-product post-38456 status-publish instock product_cat-tasma-piankowa-pe product_cat-tasmy-dwustronnie-klejace has-post-thumbnail taxable shipping-taxable purchasable product-type-variable\">\n\t<div class='inner_product main_color wrapped_style noLightbox  av-product-class-no_button'><a href=\"https:\/\/cardinal-tapes.com\/pl\/ta\u015bmy-samoprzylepne\/obszary-zastosowan\/tasma-piankowa-pe\/orabond-1810-pe-foam-adhesive-tape\/\" class=\"woocommerce-LoopProduct-link woocommerce-loop-product__link\"><div class=\"thumbnail_container\"><img decoding=\"async\" loading=\"lazy\" width=\"450\" height=\"450\" src=\"https:\/\/cardinal-tapes.com\/wp-content\/uploads\/1810b-450x450.jpg\" class=\"wp-image-29238 avia-img-lazy-loading-29238 attachment-shop_catalog size-shop_catalog wp-post-image\" alt=\"Piankowa ta\u015bma samoprzylepna ORABOND\u00ae 1810 PE - dwustronny, Pianka PE, Akryl - Ilustracja 29238\" srcset=\"https:\/\/cardinal-tapes.com\/wp-content\/uploads\/1810b-450x450.jpg 450w, https:\/\/cardinal-tapes.com\/wp-content\/uploads\/1810b-80x80.jpg 80w, https:\/\/cardinal-tapes.com\/wp-content\/uploads\/1810b-36x36.jpg 36w, https:\/\/cardinal-tapes.com\/wp-content\/uploads\/1810b-180x180.jpg 180w, https:\/\/cardinal-tapes.com\/wp-content\/uploads\/1810b-120x120.jpg 120w, https:\/\/cardinal-tapes.com\/wp-content\/uploads\/1810b-100x100.jpg 100w\" sizes=\"auto, (max-width: 450px) 100vw, 450px\" \/><\/div><div class='inner_product_header'><div class='avia-arrow'><\/div><div class='inner_product_header_table'><div class='inner_product_header_cell'><span class=\"is-h2 woocommerce-loop-product__title\">Piankowa ta\u015bma samoprzylepna ORABOND\u00ae 1810 PE<\/span>\t\t<div class=\"product-infos\">\n\t\t\t\t\t\t\t<span class='product-infos__item'><b>Pow\u0142oka:<\/b> dwustronny<\/span>\n\t\t\t\t\t\t\t\t\t\t<span class='product-infos__item'><b>Rodzaj materia\u0142u:<\/b> Pianka PE<\/span>\n\t\t\t\t\t\t\t\t\t\t<span class='product-infos__item'><b>Producent:<\/b> ORAFOL<\/span>\n\t\t\t\t\t\t\t\t\t\t<span class='product-infos__item'><b>Cena na \u017c\u0105danie<\/b><\/span>\n\t\t\t\t\t<\/div>\n\t<\/div><\/div><\/div><\/a><\/div><\/li>\n<li class=\"product type-product post-38246 status-publish instock product_cat-tasma-piankowa-pe product_cat-tasmy-dwustronnie-klejace has-post-thumbnail taxable shipping-taxable purchasable product-type-variable\">\n\t<div class='inner_product main_color wrapped_style noLightbox  av-product-class-no_button'><a href=\"https:\/\/cardinal-tapes.com\/pl\/ta\u015bmy-samoprzylepne\/obszary-zastosowan\/tasma-piankowa-pe\/orabond-1831-pe-foam-adhesive-tape\/\" class=\"woocommerce-LoopProduct-link woocommerce-loop-product__link\"><div class=\"thumbnail_container\"><img decoding=\"async\" loading=\"lazy\" width=\"450\" height=\"450\" src=\"https:\/\/cardinal-tapes.com\/wp-content\/uploads\/1831c-450x450.jpg\" class=\"wp-image-29258 avia-img-lazy-loading-29258 attachment-shop_catalog size-shop_catalog wp-post-image\" alt=\"Ta\u015bma samoprzylepna z pianki PE ORABOND\u00ae 1831 - dwustronny, Pianka PE, Kauczuk syntetyczny - Ilustracja 29258\" srcset=\"https:\/\/cardinal-tapes.com\/wp-content\/uploads\/1831c-450x450.jpg 450w, https:\/\/cardinal-tapes.com\/wp-content\/uploads\/1831c-80x80.jpg 80w, https:\/\/cardinal-tapes.com\/wp-content\/uploads\/1831c-36x36.jpg 36w, https:\/\/cardinal-tapes.com\/wp-content\/uploads\/1831c-180x180.jpg 180w, https:\/\/cardinal-tapes.com\/wp-content\/uploads\/1831c-120x120.jpg 120w, https:\/\/cardinal-tapes.com\/wp-content\/uploads\/1831c-100x100.jpg 100w\" sizes=\"auto, (max-width: 450px) 100vw, 450px\" \/><\/div><div class='inner_product_header'><div class='avia-arrow'><\/div><div class='inner_product_header_table'><div class='inner_product_header_cell'><span class=\"is-h2 woocommerce-loop-product__title\">Ta\u015bma samoprzylepna z pianki PE ORABOND\u00ae 1831<\/span>\t\t<div class=\"product-infos\">\n\t\t\t\t\t\t\t<span class='product-infos__item'><b>Pow\u0142oka:<\/b> dwustronny<\/span>\n\t\t\t\t\t\t\t\t\t\t<span class='product-infos__item'><b>Rodzaj materia\u0142u:<\/b> Pianka PE<\/span>\n\t\t\t\t\t\t\t\t\t\t<span class='product-infos__item'><b>Producent:<\/b> ORAFOL<\/span>\n\t\t\t\t\t\t\t\t\t\t<span class='product-infos__item'><b>Cena na \u017c\u0105danie<\/b><\/span>\n\t\t\t\t\t<\/div>\n\t<\/div><\/div><\/div><\/a><\/div><\/li>\n<li class=\"product type-product post-44825 status-publish last instock product_cat-tasma-piankowa-pe-pl product_cat-tasmy-dwustronnie-klejace product_cat-tasma-piankowa-pe has-post-thumbnail taxable shipping-taxable purchasable product-type-variable\">\n\t<div class='inner_product main_color wrapped_style noLightbox  av-product-class-no_button'><a href=\"https:\/\/cardinal-tapes.com\/pl\/ta\u015bmy-samoprzylepne\/obszary-zastosowan\/tasma-piankowa-pe\/ca-914-pe-foam-adhesive-tape\/\" class=\"woocommerce-LoopProduct-link woocommerce-loop-product__link\"><div class=\"thumbnail_container\"><img decoding=\"async\" loading=\"lazy\" width=\"450\" height=\"450\" src=\"https:\/\/cardinal-tapes.com\/wp-content\/uploads\/CA_914_retouched-450x450.jpg\" class=\"wp-image-27158 avia-img-lazy-loading-27158 attachment-shop_catalog size-shop_catalog wp-post-image\" alt=\"CA-914 Ta\u015bma samoprzylepna z pianki PE - dwustronny, Pianka PE, Akrylan UV - Ilustracja 27158\" srcset=\"https:\/\/cardinal-tapes.com\/wp-content\/uploads\/CA_914_retouched-450x450.jpg 450w, https:\/\/cardinal-tapes.com\/wp-content\/uploads\/CA_914_retouched-120x120.jpg 120w, https:\/\/cardinal-tapes.com\/wp-content\/uploads\/CA_914_retouched-80x80.jpg 80w, https:\/\/cardinal-tapes.com\/wp-content\/uploads\/CA_914_retouched-36x36.jpg 36w, https:\/\/cardinal-tapes.com\/wp-content\/uploads\/CA_914_retouched-180x180.jpg 180w, https:\/\/cardinal-tapes.com\/wp-content\/uploads\/CA_914_retouched-100x100.jpg 100w\" sizes=\"auto, (max-width: 450px) 100vw, 450px\" \/><\/div><div class='inner_product_header'><div class='avia-arrow'><\/div><div class='inner_product_header_table'><div class='inner_product_header_cell'><span class=\"is-h2 woocommerce-loop-product__title\">CA-914 Ta\u015bma samoprzylepna z pianki PE<\/span>\t\t<div class=\"product-infos\">\n\t\t\t\t\t\t\t<span class='product-infos__item'><b>Pow\u0142oka:<\/b> dwustronny<\/span>\n\t\t\t\t\t\t\t\t\t\t<span class='product-infos__item'><b>Rodzaj materia\u0142u:<\/b> Pianka PE<\/span>\n\t\t\t\t\t\t\t\t\t\t<span class='product-infos__item'><b>Producent:<\/b> cardinal GmbH<\/span>\n\t\t\t\t\t\t\t\t\t\t<span class='product-infos__item'><b>Cena na \u017c\u0105danie<\/b><\/span>\n\t\t\t\t\t<\/div>\n\t<\/div><\/div><\/div><\/a><\/div><\/li>\n<\/ul><\/div><\/div><div class=\"clear\"><\/div><br \/>\n<div  class='avia-button-wrap av-2zl8om-cc8224fbd2838820d25ef913e05af07d-wrap avia-button-left '><a href='https:\/\/cardinal-tapes.com\/klebebaender\/'  class='avia-button av-2zl8om-cc8224fbd2838820d25ef913e05af07d avia-icon_select-no avia-size-medium avia-position-left avia-color-theme-color layout-border color-white'  ><span class='avia_iconbox_title' >Wszystkie produkty<\/span><\/a><\/div><\/p><\/div>\n","protected":false},"excerpt":{"rendered":"","protected":false},"author":1,"featured_media":0,"parent":30844,"menu_order":39,"comment_status":"closed","ping_status":"closed","template":"","meta":{"_acf_changed":false,"footnotes":""},"class_list":["post-31437","page","type-page","status-publish","hentry"],"acf":[],"yoast_head":"<!-- This site is optimized with the Yoast SEO plugin v27.3 - https:\/\/yoast.com\/product\/yoast-seo-wordpress\/ -->\n<title>Ta\u015bmy piankowe PE - cardinal TAPES<\/title>\n<meta name=\"description\" content=\"Zalet\u0105 ta\u015bm z pianki PE jest to, \u017ce s\u0105 odporne na warunki atmosferyczne i promieniowanie UV. Wi\u0119cej informacji tutaj.\" \/>\n<meta name=\"robots\" content=\"index, follow, max-snippet:-1, max-image-preview:large, max-video-preview:-1\" \/>\n<link rel=\"canonical\" href=\"https:\/\/cardinal-tapes.com\/pl\/tasmy-samoprzylepne-pl\/tasma-klejaca-abc\/tasmy-piankowe-pe\/\" \/>\n<meta property=\"og:locale\" content=\"pl_PL\" \/>\n<meta property=\"og:type\" content=\"article\" \/>\n<meta property=\"og:title\" content=\"Ta\u015bmy piankowe PE - cardinal TAPES\" \/>\n<meta property=\"og:description\" content=\"Zalet\u0105 ta\u015bm z pianki PE jest to, \u017ce s\u0105 odporne na warunki atmosferyczne i promieniowanie UV. Wi\u0119cej informacji tutaj.\" \/>\n<meta property=\"og:url\" content=\"https:\/\/cardinal-tapes.com\/pl\/tasmy-samoprzylepne-pl\/tasma-klejaca-abc\/tasmy-piankowe-pe\/\" \/>\n<meta property=\"og:site_name\" content=\"cardinal TAPES\" \/>\n<meta property=\"article:modified_time\" content=\"2023-06-14T08:47:09+00:00\" \/>\n<meta name=\"twitter:card\" content=\"summary_large_image\" \/>\n<meta name=\"twitter:label1\" content=\"Szacowany czas czytania\" \/>\n\t<meta name=\"twitter:data1\" content=\"14 minut\" \/>\n<script type=\"application\/ld+json\" class=\"yoast-schema-graph\">{\"@context\":\"https:\\\/\\\/schema.org\",\"@graph\":[{\"@type\":\"WebPage\",\"@id\":\"https:\\\/\\\/cardinal-tapes.com\\\/pl\\\/tasmy-samoprzylepne-pl\\\/tasma-klejaca-abc\\\/tasmy-piankowe-pe\\\/\",\"url\":\"https:\\\/\\\/cardinal-tapes.com\\\/pl\\\/tasmy-samoprzylepne-pl\\\/tasma-klejaca-abc\\\/tasmy-piankowe-pe\\\/\",\"name\":\"Ta\u015bmy piankowe PE - cardinal TAPES\",\"isPartOf\":{\"@id\":\"https:\\\/\\\/cardinal-tapes.com\\\/#website\"},\"datePublished\":\"2023-06-02T08:59:44+00:00\",\"dateModified\":\"2023-06-14T08:47:09+00:00\",\"description\":\"Zalet\u0105 ta\u015bm z pianki PE jest to, \u017ce s\u0105 odporne na warunki atmosferyczne i promieniowanie UV. Wi\u0119cej informacji tutaj.\",\"breadcrumb\":{\"@id\":\"https:\\\/\\\/cardinal-tapes.com\\\/pl\\\/tasmy-samoprzylepne-pl\\\/tasma-klejaca-abc\\\/tasmy-piankowe-pe\\\/#breadcrumb\"},\"inLanguage\":\"pl-PL\",\"potentialAction\":[{\"@type\":\"ReadAction\",\"target\":[\"https:\\\/\\\/cardinal-tapes.com\\\/pl\\\/tasmy-samoprzylepne-pl\\\/tasma-klejaca-abc\\\/tasmy-piankowe-pe\\\/\"]}]},{\"@type\":\"BreadcrumbList\",\"@id\":\"https:\\\/\\\/cardinal-tapes.com\\\/pl\\\/tasmy-samoprzylepne-pl\\\/tasma-klejaca-abc\\\/tasmy-piankowe-pe\\\/#breadcrumb\",\"itemListElement\":[{\"@type\":\"ListItem\",\"position\":1,\"name\":\"Startseite\",\"item\":\"https:\\\/\\\/cardinal-tapes.com\\\/pl\\\/strona-glowna\\\/\"},{\"@type\":\"ListItem\",\"position\":2,\"name\":\"Ta\u015bmy samoprzylepne\",\"item\":\"https:\\\/\\\/cardinal-tapes.com\\\/pl\\\/tasmy-samoprzylepne-pl\\\/\"},{\"@type\":\"ListItem\",\"position\":3,\"name\":\"Ta\u015bma klej\u0105ca ABC\",\"item\":\"https:\\\/\\\/cardinal-tapes.com\\\/pl\\\/tasmy-samoprzylepne-pl__trashed\\\/tasma-klejaca-abc\\\/\"},{\"@type\":\"ListItem\",\"position\":4,\"name\":\"Ta\u015bmy piankowe PE\"}]},{\"@type\":\"WebSite\",\"@id\":\"https:\\\/\\\/cardinal-tapes.com\\\/#website\",\"url\":\"https:\\\/\\\/cardinal-tapes.com\\\/\",\"name\":\"cardinal TAPES\",\"description\":\"Klebetechnik aus Wuppertal\",\"potentialAction\":[{\"@type\":\"SearchAction\",\"target\":{\"@type\":\"EntryPoint\",\"urlTemplate\":\"https:\\\/\\\/cardinal-tapes.com\\\/?s={search_term_string}\"},\"query-input\":{\"@type\":\"PropertyValueSpecification\",\"valueRequired\":true,\"valueName\":\"search_term_string\"}}],\"inLanguage\":\"pl-PL\"}]}<\/script>\n<!-- \/ Yoast SEO plugin. -->","yoast_head_json":{"title":"Ta\u015bmy piankowe PE - cardinal TAPES","description":"Zalet\u0105 ta\u015bm z pianki PE jest to, \u017ce s\u0105 odporne na warunki atmosferyczne i promieniowanie UV. Wi\u0119cej informacji tutaj.","robots":{"index":"index","follow":"follow","max-snippet":"max-snippet:-1","max-image-preview":"max-image-preview:large","max-video-preview":"max-video-preview:-1"},"canonical":"https:\/\/cardinal-tapes.com\/pl\/tasmy-samoprzylepne-pl\/tasma-klejaca-abc\/tasmy-piankowe-pe\/","og_locale":"pl_PL","og_type":"article","og_title":"Ta\u015bmy piankowe PE - cardinal TAPES","og_description":"Zalet\u0105 ta\u015bm z pianki PE jest to, \u017ce s\u0105 odporne na warunki atmosferyczne i promieniowanie UV. Wi\u0119cej informacji tutaj.","og_url":"https:\/\/cardinal-tapes.com\/pl\/tasmy-samoprzylepne-pl\/tasma-klejaca-abc\/tasmy-piankowe-pe\/","og_site_name":"cardinal TAPES","article_modified_time":"2023-06-14T08:47:09+00:00","twitter_card":"summary_large_image","twitter_misc":{"Szacowany czas czytania":"14 minut"},"schema":{"@context":"https:\/\/schema.org","@graph":[{"@type":"WebPage","@id":"https:\/\/cardinal-tapes.com\/pl\/tasmy-samoprzylepne-pl\/tasma-klejaca-abc\/tasmy-piankowe-pe\/","url":"https:\/\/cardinal-tapes.com\/pl\/tasmy-samoprzylepne-pl\/tasma-klejaca-abc\/tasmy-piankowe-pe\/","name":"Ta\u015bmy piankowe PE - cardinal TAPES","isPartOf":{"@id":"https:\/\/cardinal-tapes.com\/#website"},"datePublished":"2023-06-02T08:59:44+00:00","dateModified":"2023-06-14T08:47:09+00:00","description":"Zalet\u0105 ta\u015bm z pianki PE jest to, \u017ce s\u0105 odporne na warunki atmosferyczne i promieniowanie UV. Wi\u0119cej informacji tutaj.","breadcrumb":{"@id":"https:\/\/cardinal-tapes.com\/pl\/tasmy-samoprzylepne-pl\/tasma-klejaca-abc\/tasmy-piankowe-pe\/#breadcrumb"},"inLanguage":"pl-PL","potentialAction":[{"@type":"ReadAction","target":["https:\/\/cardinal-tapes.com\/pl\/tasmy-samoprzylepne-pl\/tasma-klejaca-abc\/tasmy-piankowe-pe\/"]}]},{"@type":"BreadcrumbList","@id":"https:\/\/cardinal-tapes.com\/pl\/tasmy-samoprzylepne-pl\/tasma-klejaca-abc\/tasmy-piankowe-pe\/#breadcrumb","itemListElement":[{"@type":"ListItem","position":1,"name":"Startseite","item":"https:\/\/cardinal-tapes.com\/pl\/strona-glowna\/"},{"@type":"ListItem","position":2,"name":"Ta\u015bmy samoprzylepne","item":"https:\/\/cardinal-tapes.com\/pl\/tasmy-samoprzylepne-pl\/"},{"@type":"ListItem","position":3,"name":"Ta\u015bma klej\u0105ca ABC","item":"https:\/\/cardinal-tapes.com\/pl\/tasmy-samoprzylepne-pl__trashed\/tasma-klejaca-abc\/"},{"@type":"ListItem","position":4,"name":"Ta\u015bmy piankowe PE"}]},{"@type":"WebSite","@id":"https:\/\/cardinal-tapes.com\/#website","url":"https:\/\/cardinal-tapes.com\/","name":"cardinal TAPES","description":"Klebetechnik aus Wuppertal","potentialAction":[{"@type":"SearchAction","target":{"@type":"EntryPoint","urlTemplate":"https:\/\/cardinal-tapes.com\/?s={search_term_string}"},"query-input":{"@type":"PropertyValueSpecification","valueRequired":true,"valueName":"search_term_string"}}],"inLanguage":"pl-PL"}]}},"_links":{"self":[{"href":"https:\/\/cardinal-tapes.com\/pl\/wp-json\/wp\/v2\/pages\/31437","targetHints":{"allow":["GET"]}}],"collection":[{"href":"https:\/\/cardinal-tapes.com\/pl\/wp-json\/wp\/v2\/pages"}],"about":[{"href":"https:\/\/cardinal-tapes.com\/pl\/wp-json\/wp\/v2\/types\/page"}],"author":[{"embeddable":true,"href":"https:\/\/cardinal-tapes.com\/pl\/wp-json\/wp\/v2\/users\/1"}],"replies":[{"embeddable":true,"href":"https:\/\/cardinal-tapes.com\/pl\/wp-json\/wp\/v2\/comments?post=31437"}],"version-history":[{"count":0,"href":"https:\/\/cardinal-tapes.com\/pl\/wp-json\/wp\/v2\/pages\/31437\/revisions"}],"up":[{"embeddable":true,"href":"https:\/\/cardinal-tapes.com\/pl\/wp-json\/wp\/v2\/pages\/30844"}],"wp:attachment":[{"href":"https:\/\/cardinal-tapes.com\/pl\/wp-json\/wp\/v2\/media?parent=31437"}],"curies":[{"name":"wp","href":"https:\/\/api.w.org\/{rel}","templated":true}]}}