{"id":31433,"date":"2023-06-02T10:59:44","date_gmt":"2023-06-02T08:59:44","guid":{"rendered":"https:\/\/cardinal.pixel-tal.de\/tasmy-samoprzylepne\/tasma-klejaca-abc\/tasmy-spinajace\/"},"modified":"2023-06-14T10:47:07","modified_gmt":"2023-06-14T08:47:07","slug":"tasmy-spinajace","status":"publish","type":"page","link":"https:\/\/cardinal-tapes.com\/pl\/tasmy-samoprzylepne-pl\/tasma-klejaca-abc\/tasmy-spinajace\/","title":{"rendered":"Ta\u015bmy spinaj\u0105ce"},"content":{"rendered":"<div id='av_section_1'  class='avia-section av-ct4lcy-12f3ba94e0f9e489996bd75f9c300e20 alternate_color avia-section-default avia-no-border-styling  avia-builder-el-0  el_before_av_section  avia-builder-el-first  avia-bg-style-scroll container_wrap fullsize'  ><div class='container av-section-cont-open' ><main  role=\"main\" itemprop=\"mainContentOfPage\"  class='template-page content  av-content-full alpha units'><div class='post-entry post-entry-type-page post-entry-31433'><div class='entry-content-wrapper clearfix'>\n<div  class='flex_column av-b3083m-5eaa927728ed9bd0a9227dfef11fc5be av_one_full  avia-builder-el-1  el_before_av_one_half  avia-builder-el-first  first flex_column_div  '     ><div class=\"pxl-headline pxl-hl hl-wrap | hl-sub--off hl--align-left hl--no-margin    \">\n        <div class=\"hl-inner\">\n            <h2 class=\"hl-main hl-line |  hl_main--default  \">Ta\u015bmy spinaj\u0105ce<\/h2>\n            \n    <\/div>\n<\/div><\/div><div  class='flex_column av-un4eq-88c75797a2c4e029af1fccc45e4cf15f av_one_half  avia-builder-el-3  el_after_av_one_full  el_before_av_one_half  first flex_column_div  column-top-margin'     ><section  class='av_textblock_section av-afvyoi-fa1a1fc9f59dc53f448082da8e8d75e5 '   itemscope=\"itemscope\" itemtype=\"https:\/\/schema.org\/CreativeWork\" ><div class='avia_textblock'  itemprop=\"text\" ><p>Ta\u015bmy spinaj\u0105ce s\u0105 stosowane g\u0142\u00f3wnie w<a href=\"https:\/\/cardinal-tapes.com\/pl\/tasmy-samoprzylepne-pl\/obszary-zastosowania\/produkcja-i-przetwarzanie-filmow\/\"> przemy\u015ble opakowaniowym<\/a>. S\u0105 one najcz\u0119\u015bciej u\u017cywane do wi\u0105zania d\u0142ugich paczek, rur, pr\u0119t\u00f3w i kabli. Ta\u015bmy spinaj\u0105ce s\u0105 r\u00f3wnie\u017c bardzo popularne do mocowania przedmiot\u00f3w na paletach. Dzi\u0119ki nast\u0119puj\u0105cym zaletom nasze ta\u015bmy spinaj\u0105ce s\u0105 szczeg\u00f3lnie odpowiednie do tych wymaga\u0144:<\/p>\n<ul>\n<li>Wysoka wytrzyma\u0142o\u015b\u0107 na rozdarcie<\/li>\n<li>\u0141atwy do zrolowania<\/li>\n<li>Wysoka przyczepno\u015b\u0107<\/li>\n<li>Dobra wytrzyma\u0142o\u015b\u0107 na uderzenia<\/li>\n<\/ul>\n<\/div><\/section><\/div><div  class='flex_column av-6svyg2-588869e37b1d58271aec799b6c978c73 av_one_half  avia-builder-el-5  el_after_av_one_half  avia-builder-el-last  flex_column_div  column-top-margin'     ><section  class='av_textblock_section av-7txz4y-ef9050f9a508a73679a055fbc7cf6380 '   itemscope=\"itemscope\" itemtype=\"https:\/\/schema.org\/CreativeWork\" ><div class='avia_textblock'  itemprop=\"text\" ><h4>Nasze specjalne ta\u015bmy spinaj\u0105ce<\/h4>\n<p>Dzi\u0119ki naszemu wieloletniemu do\u015bwiadczeniu wiemy dok\u0142adnie, kt\u00f3re ta\u015bmy spinaj\u0105ce s\u0105 odpowiednie dla Ciebie. Stale poszerzamy nasz\u0105 ofert\u0119 produkt\u00f3w na naszej stronie internetowej. Je\u015bli w danej chwili nie znajdziesz odpowiedniego produktu, skontaktuj si\u0119 z nami. Ponadto <a href=\"https:\/\/cardinal-tapes.com\/pl\/opakowanie\/\">tworzymy<\/a> ta\u015bmy spinaj\u0105ce, aby spe\u0142ni\u0107 r\u00f3wnie\u017c specjalne wymagania.<\/p>\n<\/div><\/section><\/div>\n\n<\/div><\/div><\/main><!-- close content main element --><\/div><\/div><div id='av_section_2'  class='avia-section av-5g5ev6-00f0abb281cd3707f5b2f84accfe54db main_color avia-section-default avia-no-border-styling  avia-builder-el-7  el_after_av_section  avia-builder-el-last  gradient-section avia-bg-style-scroll container_wrap fullsize'  ><div class='container av-section-cont-open' ><div class='template-page content  av-content-full alpha units'><div class='post-entry post-entry-type-page post-entry-31433'><div class='entry-content-wrapper clearfix'>\n<div  class='flex_column av-4p5maq-9ba43533fa9090997df4e092959e9e13 av_one_full  avia-builder-el-8  avia-builder-el-no-sibling  first flex_column_div  '     ><p><div class=\"pxl-headline pxl-hl hl-wrap | hl-sub--off hl--align-left hl--no-margin    \">\n        <div class=\"hl-inner\">\n            <h2 class=\"hl-main hl-line |  hl_main--default  \">Interesuj\u0105ce produkty<\/h2>\n            \n    <\/div>\n<\/div>\n<br \/>\n<div   data-autoplay=''  data-interval='5'  data-animation='fade'  data-hoverpause='1'  class='template-shop avia-content-slider avia-content-slider-active avia-product-slider1 avia-content-slider-even  avia-builder-el-10  el_after_pixel_sc_headline  el_before_av_button   shop_columns_4' ><div class='avia-content-slider-inner'><ul class=\"products slide-entry-wrap\"><li class=\"product type-product post-54656 status-publish first instock product_cat-produkcja-obrobka-aluminium product_cat-przemysl-motoryzacyjny product_cat-przemysl-betonowy product_cat-przemysl-tworzyw-sztucznych product_cat-stal-i-szklo product_cat-jednostronne-tasmy-samoprzylepne product_cat-folia-pp product_cat-tasma-spinajaca has-post-thumbnail taxable shipping-taxable purchasable product-type-variable\">\n\t<div class='inner_product main_color wrapped_style noLightbox  av-product-class-no_button'><a href=\"https:\/\/cardinal-tapes.com\/pl\/ta\u015bmy-samoprzylepne\/jednostronne-tasmy-samoprzylepne\/folia-pp\/ca-25-pp-strapping-tape\/\" class=\"woocommerce-LoopProduct-link woocommerce-loop-product__link\"><div class=\"thumbnail_container\"><img decoding=\"async\" loading=\"lazy\" width=\"450\" height=\"450\" src=\"https:\/\/cardinal-tapes.com\/wp-content\/uploads\/CA_25-1-450x450.jpg\" class=\"wp-image-26842 avia-img-lazy-loading-26842 attachment-shop_catalog size-shop_catalog wp-post-image\" alt=\"Ta\u015bma klej\u0105ca do ta\u015bm CA-25 PP - jednostronny, Folia MOPP, Kauczuk naturalny - Ilustracja 26842\" srcset=\"https:\/\/cardinal-tapes.com\/wp-content\/uploads\/CA_25-1-450x450.jpg 450w, https:\/\/cardinal-tapes.com\/wp-content\/uploads\/CA_25-1-120x120.jpg 120w, https:\/\/cardinal-tapes.com\/wp-content\/uploads\/CA_25-1-80x80.jpg 80w, https:\/\/cardinal-tapes.com\/wp-content\/uploads\/CA_25-1-200x200.jpg 200w, https:\/\/cardinal-tapes.com\/wp-content\/uploads\/CA_25-1-768x768.jpg 768w, https:\/\/cardinal-tapes.com\/wp-content\/uploads\/CA_25-1-1030x1030.jpg 1030w, https:\/\/cardinal-tapes.com\/wp-content\/uploads\/CA_25-1-36x36.jpg 36w, https:\/\/cardinal-tapes.com\/wp-content\/uploads\/CA_25-1-180x180.jpg 180w, https:\/\/cardinal-tapes.com\/wp-content\/uploads\/CA_25-1-705x705.jpg 705w, https:\/\/cardinal-tapes.com\/wp-content\/uploads\/CA_25-1-100x100.jpg 100w, https:\/\/cardinal-tapes.com\/wp-content\/uploads\/CA_25-1.jpg 1400w\" sizes=\"auto, (max-width: 450px) 100vw, 450px\" \/><\/div><div class='inner_product_header'><div class='avia-arrow'><\/div><div class='inner_product_header_table'><div class='inner_product_header_cell'><span class=\"is-h2 woocommerce-loop-product__title\">Ta\u015bma klej\u0105ca do ta\u015bm CA-25 PP<\/span>\t\t<div class=\"product-infos\">\n\t\t\t\t\t\t\t<span class='product-infos__item'><b>Pow\u0142oka:<\/b> jednostronny<\/span>\n\t\t\t\t\t\t\t\t\t\t<span class='product-infos__item'><b>Rodzaj materia\u0142u:<\/b> Folia MOPP<\/span>\n\t\t\t\t\t\t\t\t\t\t<span class='product-infos__item'><b>Producent:<\/b> cardinal GmbH<\/span>\n\t\t\t\t\t\t\t\t\t\t<span class='product-infos__item'><b>Cena na \u017c\u0105danie<\/b><\/span>\n\t\t\t\t\t<\/div>\n\t<\/div><\/div><\/div><\/a><\/div><\/li>\n<li class=\"product type-product post-54166 status-publish instock product_cat-produkcja-obrobka-aluminium product_cat-przemysl-motoryzacyjny product_cat-przemysl-betonowy product_cat-przemysl-tworzyw-sztucznych product_cat-stal-i-szklo product_cat-jednostronne-tasmy-samoprzylepne product_cat-folia-pp product_cat-tasma-spinajaca has-post-thumbnail taxable shipping-taxable purchasable product-type-variable\">\n\t<div class='inner_product main_color wrapped_style noLightbox  av-product-class-no_button'><a href=\"https:\/\/cardinal-tapes.com\/pl\/ta\u015bmy-samoprzylepne\/jednostronne-tasmy-samoprzylepne\/folia-pp\/ca-23-pp-strapping-tape\/\" class=\"woocommerce-LoopProduct-link woocommerce-loop-product__link\"><div class=\"thumbnail_container\"><img decoding=\"async\" loading=\"lazy\" width=\"450\" height=\"450\" src=\"https:\/\/cardinal-tapes.com\/wp-content\/uploads\/CA_23-450x450.jpg\" class=\"wp-image-26838 avia-img-lazy-loading-26838 attachment-shop_catalog size-shop_catalog wp-post-image\" alt=\"Ta\u015bma klej\u0105ca do ta\u015bm CA-23 PP - jednostronny, Folia MOPP, Akryl - Ilustracja 26838\" srcset=\"https:\/\/cardinal-tapes.com\/wp-content\/uploads\/CA_23-450x450.jpg 450w, https:\/\/cardinal-tapes.com\/wp-content\/uploads\/CA_23-120x120.jpg 120w, https:\/\/cardinal-tapes.com\/wp-content\/uploads\/CA_23-80x80.jpg 80w, https:\/\/cardinal-tapes.com\/wp-content\/uploads\/CA_23-200x200.jpg 200w, https:\/\/cardinal-tapes.com\/wp-content\/uploads\/CA_23-768x768.jpg 768w, https:\/\/cardinal-tapes.com\/wp-content\/uploads\/CA_23-1030x1030.jpg 1030w, https:\/\/cardinal-tapes.com\/wp-content\/uploads\/CA_23-36x36.jpg 36w, https:\/\/cardinal-tapes.com\/wp-content\/uploads\/CA_23-180x180.jpg 180w, https:\/\/cardinal-tapes.com\/wp-content\/uploads\/CA_23-705x705.jpg 705w, https:\/\/cardinal-tapes.com\/wp-content\/uploads\/CA_23-100x100.jpg 100w, https:\/\/cardinal-tapes.com\/wp-content\/uploads\/CA_23.jpg 1400w\" sizes=\"auto, (max-width: 450px) 100vw, 450px\" \/><\/div><div class='inner_product_header'><div class='avia-arrow'><\/div><div class='inner_product_header_table'><div class='inner_product_header_cell'><span class=\"is-h2 woocommerce-loop-product__title\">Ta\u015bma klej\u0105ca do ta\u015bm CA-23 PP<\/span>\t\t<div class=\"product-infos\">\n\t\t\t\t\t\t\t<span class='product-infos__item'><b>Pow\u0142oka:<\/b> jednostronny<\/span>\n\t\t\t\t\t\t\t\t\t\t<span class='product-infos__item'><b>Rodzaj materia\u0142u:<\/b> Folia MOPP<\/span>\n\t\t\t\t\t\t\t\t\t\t<span class='product-infos__item'><b>Producent:<\/b> cardinal GmbH<\/span>\n\t\t\t\t\t\t\t\t\t\t<span class='product-infos__item'><b>Cena na \u017c\u0105danie<\/b><\/span>\n\t\t\t\t\t<\/div>\n\t<\/div><\/div><\/div><\/a><\/div><\/li>\n<li class=\"product type-product post-57788 status-publish outofstock product_cat-stal-i-szklo product_cat-jednostronne-tasmy-samoprzylepne product_cat-tasma-spinajaca has-post-thumbnail taxable shipping-taxable purchasable product-type-variable\">\n\t<div class='inner_product main_color wrapped_style noLightbox  av-product-class-no_button'><a href=\"https:\/\/cardinal-tapes.com\/pl\/ta\u015bmy-samoprzylepne\/jednostronne-tasmy-samoprzylepne\/tasma-spinajaca\/tesa-4289-strapping-tape\/\" class=\"woocommerce-LoopProduct-link woocommerce-loop-product__link\"><div class=\"thumbnail_container\"><img decoding=\"async\" loading=\"lazy\" width=\"450\" height=\"450\" src=\"https:\/\/cardinal-tapes.com\/wp-content\/uploads\/tesa-04289-450x450.jpg\" class=\"wp-image-26458 avia-img-lazy-loading-26458 attachment-shop_catalog size-shop_catalog wp-post-image\" alt=\"Ta\u015bma spinaj\u0105ca tesa\u00ae 4289 - jednostronny, Folia MOPP, Kauczuk naturalny - Ilustracja 26458\" srcset=\"https:\/\/cardinal-tapes.com\/wp-content\/uploads\/tesa-04289-450x450.jpg 450w, https:\/\/cardinal-tapes.com\/wp-content\/uploads\/tesa-04289-120x120.jpg 120w, https:\/\/cardinal-tapes.com\/wp-content\/uploads\/tesa-04289-80x80.jpg 80w, https:\/\/cardinal-tapes.com\/wp-content\/uploads\/tesa-04289-200x200.jpg 200w, https:\/\/cardinal-tapes.com\/wp-content\/uploads\/tesa-04289-36x36.jpg 36w, https:\/\/cardinal-tapes.com\/wp-content\/uploads\/tesa-04289-180x180.jpg 180w, https:\/\/cardinal-tapes.com\/wp-content\/uploads\/tesa-04289-100x100.jpg 100w, https:\/\/cardinal-tapes.com\/wp-content\/uploads\/tesa-04289.jpg 600w\" sizes=\"auto, (max-width: 450px) 100vw, 450px\" \/><\/div><div class='inner_product_header'><div class='avia-arrow'><\/div><div class='inner_product_header_table'><div class='inner_product_header_cell'><span class=\"is-h2 woocommerce-loop-product__title\">Ta\u015bma spinaj\u0105ca tesa\u00ae 4289<\/span>\t\t<div class=\"product-infos\">\n\t\t\t\t\t\t\t<span class='product-infos__item'><b>Pow\u0142oka:<\/b> jednostronny<\/span>\n\t\t\t\t\t\t\t\t\t\t<span class='product-infos__item'><b>Rodzaj materia\u0142u:<\/b> Folia MOPP<\/span>\n\t\t\t\t\t\t\t\t\t\t<span class='product-infos__item'><b>Producent:<\/b> tesa<\/span>\n\t\t\t\t\t\t\t\t\t\t<span class='product-infos__item'><b>Cena na \u017c\u0105danie<\/b><\/span>\n\t\t\t\t\t<\/div>\n\t<\/div><\/div><\/div><\/a><\/div><\/li>\n<li class=\"product type-product post-52382 status-publish last instock product_cat-systemy-pakowania product_cat-jednostronne-tasmy-samoprzylepne product_cat-tasma-spinajaca has-post-thumbnail taxable shipping-taxable purchasable product-type-variable\">\n\t<div class='inner_product main_color wrapped_style noLightbox  av-product-class-no_button'><a href=\"https:\/\/cardinal-tapes.com\/pl\/ta\u015bmy-samoprzylepne\/jednostronne-tasmy-samoprzylepne\/tasma-spinajaca\/tesa-4590-universal-monofilament-tasma-przylepna\/\" class=\"woocommerce-LoopProduct-link woocommerce-loop-product__link\"><div class=\"thumbnail_container\"><img decoding=\"async\" loading=\"lazy\" width=\"450\" height=\"450\" src=\"https:\/\/cardinal-tapes.com\/wp-content\/uploads\/tesa-04590-450x450.jpg\" class=\"wp-image-26074 avia-img-lazy-loading-26074 attachment-shop_catalog size-shop_catalog wp-post-image\" alt=\"Uniwersalna monofilamentowa ta\u015bma samoprzylepna tesa\u00ae 4590 - jednostronny, Folia PET (wzmocniona w\u0142\u00f3knem szklanym), Kauczuk syntetyczny - Ilustracja 26074\" srcset=\"https:\/\/cardinal-tapes.com\/wp-content\/uploads\/tesa-04590-450x450.jpg 450w, https:\/\/cardinal-tapes.com\/wp-content\/uploads\/tesa-04590-120x120.jpg 120w, https:\/\/cardinal-tapes.com\/wp-content\/uploads\/tesa-04590-80x80.jpg 80w, https:\/\/cardinal-tapes.com\/wp-content\/uploads\/tesa-04590-200x200.jpg 200w, https:\/\/cardinal-tapes.com\/wp-content\/uploads\/tesa-04590-36x36.jpg 36w, https:\/\/cardinal-tapes.com\/wp-content\/uploads\/tesa-04590-180x180.jpg 180w, https:\/\/cardinal-tapes.com\/wp-content\/uploads\/tesa-04590-100x100.jpg 100w, https:\/\/cardinal-tapes.com\/wp-content\/uploads\/tesa-04590.jpg 600w\" sizes=\"auto, (max-width: 450px) 100vw, 450px\" \/><\/div><div class='inner_product_header'><div class='avia-arrow'><\/div><div class='inner_product_header_table'><div class='inner_product_header_cell'><span class=\"is-h2 woocommerce-loop-product__title\">Uniwersalna monofilamentowa ta\u015bma samoprzylepna tesa\u00ae 4590<\/span>\t\t<div class=\"product-infos\">\n\t\t\t\t\t\t\t<span class='product-infos__item'><b>Pow\u0142oka:<\/b> jednostronny<\/span>\n\t\t\t\t\t\t\t\t\t\t<span class='product-infos__item'><b>Rodzaj materia\u0142u:<\/b> Folia PET (wzmocniona w\u0142\u00f3knem szklanym)<\/span>\n\t\t\t\t\t\t\t\t\t\t<span class='product-infos__item'><b>Producent:<\/b> tesa<\/span>\n\t\t\t\t\t\t\t\t\t\t<span class='product-infos__item'><b>Cena na \u017c\u0105danie<\/b><\/span>\n\t\t\t\t\t<\/div>\n\t<\/div><\/div><\/div><\/a><\/div><\/li>\n<\/ul><\/div><\/div><div class=\"clear\"><\/div><br \/>\n<div  class='avia-button-wrap av-1yeg6q-63430f96b6cfb4c0b1c6568d61cc1eea-wrap avia-button-left '><a href='https:\/\/cardinal-tapes.com\/klebebaender\/'  class='avia-button av-1yeg6q-63430f96b6cfb4c0b1c6568d61cc1eea avia-icon_select-no avia-size-medium avia-position-left avia-color-theme-color layout-border color-white'  ><span class='avia_iconbox_title' >Wszystkie produkty<\/span><\/a><\/div><\/p><\/div>\n","protected":false},"excerpt":{"rendered":"","protected":false},"author":1,"featured_media":0,"parent":30844,"menu_order":33,"comment_status":"closed","ping_status":"closed","template":"","meta":{"_acf_changed":false,"footnotes":""},"class_list":["post-31433","page","type-page","status-publish","hentry"],"acf":[],"yoast_head":"<!-- This site is optimized with the Yoast SEO plugin v27.3 - https:\/\/yoast.com\/product\/yoast-seo-wordpress\/ -->\n<title>Ta\u015bmy spinaj\u0105ce - cardinal TAPES<\/title>\n<meta name=\"description\" content=\"Ta\u015bmy spinaj\u0105ce s\u0105 stosowane g\u0142\u00f3wnie w przemy\u015ble opakowaniowym. S\u0105 one najcz\u0119\u015bciej u\u017cywane do wi\u0105zania d\u0142ugich paczek, rur, pr\u0119t\u00f3w i kabli.\" \/>\n<meta name=\"robots\" content=\"index, follow, max-snippet:-1, max-image-preview:large, max-video-preview:-1\" \/>\n<link rel=\"canonical\" href=\"https:\/\/cardinal-tapes.com\/pl\/tasmy-samoprzylepne-pl\/tasma-klejaca-abc\/tasmy-spinajace\/\" \/>\n<meta property=\"og:locale\" content=\"pl_PL\" \/>\n<meta property=\"og:type\" content=\"article\" \/>\n<meta property=\"og:title\" content=\"Ta\u015bmy spinaj\u0105ce - cardinal TAPES\" \/>\n<meta property=\"og:description\" content=\"Ta\u015bmy spinaj\u0105ce s\u0105 stosowane g\u0142\u00f3wnie w przemy\u015ble opakowaniowym. S\u0105 one najcz\u0119\u015bciej u\u017cywane do wi\u0105zania d\u0142ugich paczek, rur, pr\u0119t\u00f3w i kabli.\" \/>\n<meta property=\"og:url\" content=\"https:\/\/cardinal-tapes.com\/pl\/tasmy-samoprzylepne-pl\/tasma-klejaca-abc\/tasmy-spinajace\/\" \/>\n<meta property=\"og:site_name\" content=\"cardinal TAPES\" \/>\n<meta property=\"article:modified_time\" content=\"2023-06-14T08:47:07+00:00\" \/>\n<meta name=\"twitter:card\" content=\"summary_large_image\" \/>\n<meta name=\"twitter:label1\" content=\"Szacowany czas czytania\" \/>\n\t<meta name=\"twitter:data1\" content=\"14 minut\" \/>\n<script type=\"application\/ld+json\" class=\"yoast-schema-graph\">{\"@context\":\"https:\\\/\\\/schema.org\",\"@graph\":[{\"@type\":\"WebPage\",\"@id\":\"https:\\\/\\\/cardinal-tapes.com\\\/pl\\\/tasmy-samoprzylepne-pl\\\/tasma-klejaca-abc\\\/tasmy-spinajace\\\/\",\"url\":\"https:\\\/\\\/cardinal-tapes.com\\\/pl\\\/tasmy-samoprzylepne-pl\\\/tasma-klejaca-abc\\\/tasmy-spinajace\\\/\",\"name\":\"Ta\u015bmy spinaj\u0105ce - cardinal TAPES\",\"isPartOf\":{\"@id\":\"https:\\\/\\\/cardinal-tapes.com\\\/#website\"},\"datePublished\":\"2023-06-02T08:59:44+00:00\",\"dateModified\":\"2023-06-14T08:47:07+00:00\",\"description\":\"Ta\u015bmy spinaj\u0105ce s\u0105 stosowane g\u0142\u00f3wnie w przemy\u015ble opakowaniowym. S\u0105 one najcz\u0119\u015bciej u\u017cywane do wi\u0105zania d\u0142ugich paczek, rur, pr\u0119t\u00f3w i kabli.\",\"breadcrumb\":{\"@id\":\"https:\\\/\\\/cardinal-tapes.com\\\/pl\\\/tasmy-samoprzylepne-pl\\\/tasma-klejaca-abc\\\/tasmy-spinajace\\\/#breadcrumb\"},\"inLanguage\":\"pl-PL\",\"potentialAction\":[{\"@type\":\"ReadAction\",\"target\":[\"https:\\\/\\\/cardinal-tapes.com\\\/pl\\\/tasmy-samoprzylepne-pl\\\/tasma-klejaca-abc\\\/tasmy-spinajace\\\/\"]}]},{\"@type\":\"BreadcrumbList\",\"@id\":\"https:\\\/\\\/cardinal-tapes.com\\\/pl\\\/tasmy-samoprzylepne-pl\\\/tasma-klejaca-abc\\\/tasmy-spinajace\\\/#breadcrumb\",\"itemListElement\":[{\"@type\":\"ListItem\",\"position\":1,\"name\":\"Startseite\",\"item\":\"https:\\\/\\\/cardinal-tapes.com\\\/pl\\\/strona-glowna\\\/\"},{\"@type\":\"ListItem\",\"position\":2,\"name\":\"Ta\u015bmy samoprzylepne\",\"item\":\"https:\\\/\\\/cardinal-tapes.com\\\/pl\\\/tasmy-samoprzylepne-pl\\\/\"},{\"@type\":\"ListItem\",\"position\":3,\"name\":\"Ta\u015bma klej\u0105ca ABC\",\"item\":\"https:\\\/\\\/cardinal-tapes.com\\\/pl\\\/tasmy-samoprzylepne-pl__trashed\\\/tasma-klejaca-abc\\\/\"},{\"@type\":\"ListItem\",\"position\":4,\"name\":\"Ta\u015bmy spinaj\u0105ce\"}]},{\"@type\":\"WebSite\",\"@id\":\"https:\\\/\\\/cardinal-tapes.com\\\/#website\",\"url\":\"https:\\\/\\\/cardinal-tapes.com\\\/\",\"name\":\"cardinal TAPES\",\"description\":\"Klebetechnik aus Wuppertal\",\"potentialAction\":[{\"@type\":\"SearchAction\",\"target\":{\"@type\":\"EntryPoint\",\"urlTemplate\":\"https:\\\/\\\/cardinal-tapes.com\\\/?s={search_term_string}\"},\"query-input\":{\"@type\":\"PropertyValueSpecification\",\"valueRequired\":true,\"valueName\":\"search_term_string\"}}],\"inLanguage\":\"pl-PL\"}]}<\/script>\n<!-- \/ Yoast SEO plugin. -->","yoast_head_json":{"title":"Ta\u015bmy spinaj\u0105ce - cardinal TAPES","description":"Ta\u015bmy spinaj\u0105ce s\u0105 stosowane g\u0142\u00f3wnie w przemy\u015ble opakowaniowym. S\u0105 one najcz\u0119\u015bciej u\u017cywane do wi\u0105zania d\u0142ugich paczek, rur, pr\u0119t\u00f3w i kabli.","robots":{"index":"index","follow":"follow","max-snippet":"max-snippet:-1","max-image-preview":"max-image-preview:large","max-video-preview":"max-video-preview:-1"},"canonical":"https:\/\/cardinal-tapes.com\/pl\/tasmy-samoprzylepne-pl\/tasma-klejaca-abc\/tasmy-spinajace\/","og_locale":"pl_PL","og_type":"article","og_title":"Ta\u015bmy spinaj\u0105ce - cardinal TAPES","og_description":"Ta\u015bmy spinaj\u0105ce s\u0105 stosowane g\u0142\u00f3wnie w przemy\u015ble opakowaniowym. S\u0105 one najcz\u0119\u015bciej u\u017cywane do wi\u0105zania d\u0142ugich paczek, rur, pr\u0119t\u00f3w i kabli.","og_url":"https:\/\/cardinal-tapes.com\/pl\/tasmy-samoprzylepne-pl\/tasma-klejaca-abc\/tasmy-spinajace\/","og_site_name":"cardinal TAPES","article_modified_time":"2023-06-14T08:47:07+00:00","twitter_card":"summary_large_image","twitter_misc":{"Szacowany czas czytania":"14 minut"},"schema":{"@context":"https:\/\/schema.org","@graph":[{"@type":"WebPage","@id":"https:\/\/cardinal-tapes.com\/pl\/tasmy-samoprzylepne-pl\/tasma-klejaca-abc\/tasmy-spinajace\/","url":"https:\/\/cardinal-tapes.com\/pl\/tasmy-samoprzylepne-pl\/tasma-klejaca-abc\/tasmy-spinajace\/","name":"Ta\u015bmy spinaj\u0105ce - cardinal TAPES","isPartOf":{"@id":"https:\/\/cardinal-tapes.com\/#website"},"datePublished":"2023-06-02T08:59:44+00:00","dateModified":"2023-06-14T08:47:07+00:00","description":"Ta\u015bmy spinaj\u0105ce s\u0105 stosowane g\u0142\u00f3wnie w przemy\u015ble opakowaniowym. S\u0105 one najcz\u0119\u015bciej u\u017cywane do wi\u0105zania d\u0142ugich paczek, rur, pr\u0119t\u00f3w i kabli.","breadcrumb":{"@id":"https:\/\/cardinal-tapes.com\/pl\/tasmy-samoprzylepne-pl\/tasma-klejaca-abc\/tasmy-spinajace\/#breadcrumb"},"inLanguage":"pl-PL","potentialAction":[{"@type":"ReadAction","target":["https:\/\/cardinal-tapes.com\/pl\/tasmy-samoprzylepne-pl\/tasma-klejaca-abc\/tasmy-spinajace\/"]}]},{"@type":"BreadcrumbList","@id":"https:\/\/cardinal-tapes.com\/pl\/tasmy-samoprzylepne-pl\/tasma-klejaca-abc\/tasmy-spinajace\/#breadcrumb","itemListElement":[{"@type":"ListItem","position":1,"name":"Startseite","item":"https:\/\/cardinal-tapes.com\/pl\/strona-glowna\/"},{"@type":"ListItem","position":2,"name":"Ta\u015bmy samoprzylepne","item":"https:\/\/cardinal-tapes.com\/pl\/tasmy-samoprzylepne-pl\/"},{"@type":"ListItem","position":3,"name":"Ta\u015bma klej\u0105ca ABC","item":"https:\/\/cardinal-tapes.com\/pl\/tasmy-samoprzylepne-pl__trashed\/tasma-klejaca-abc\/"},{"@type":"ListItem","position":4,"name":"Ta\u015bmy spinaj\u0105ce"}]},{"@type":"WebSite","@id":"https:\/\/cardinal-tapes.com\/#website","url":"https:\/\/cardinal-tapes.com\/","name":"cardinal TAPES","description":"Klebetechnik aus Wuppertal","potentialAction":[{"@type":"SearchAction","target":{"@type":"EntryPoint","urlTemplate":"https:\/\/cardinal-tapes.com\/?s={search_term_string}"},"query-input":{"@type":"PropertyValueSpecification","valueRequired":true,"valueName":"search_term_string"}}],"inLanguage":"pl-PL"}]}},"_links":{"self":[{"href":"https:\/\/cardinal-tapes.com\/pl\/wp-json\/wp\/v2\/pages\/31433","targetHints":{"allow":["GET"]}}],"collection":[{"href":"https:\/\/cardinal-tapes.com\/pl\/wp-json\/wp\/v2\/pages"}],"about":[{"href":"https:\/\/cardinal-tapes.com\/pl\/wp-json\/wp\/v2\/types\/page"}],"author":[{"embeddable":true,"href":"https:\/\/cardinal-tapes.com\/pl\/wp-json\/wp\/v2\/users\/1"}],"replies":[{"embeddable":true,"href":"https:\/\/cardinal-tapes.com\/pl\/wp-json\/wp\/v2\/comments?post=31433"}],"version-history":[{"count":0,"href":"https:\/\/cardinal-tapes.com\/pl\/wp-json\/wp\/v2\/pages\/31433\/revisions"}],"up":[{"embeddable":true,"href":"https:\/\/cardinal-tapes.com\/pl\/wp-json\/wp\/v2\/pages\/30844"}],"wp:attachment":[{"href":"https:\/\/cardinal-tapes.com\/pl\/wp-json\/wp\/v2\/media?parent=31433"}],"curies":[{"name":"wp","href":"https:\/\/api.w.org\/{rel}","templated":true}]}}