{"id":31379,"date":"2023-06-02T10:59:43","date_gmt":"2023-06-02T08:59:43","guid":{"rendered":"https:\/\/cardinal.pixel-tal.de\/tasmy-samoprzylepne\/tasma-klejaca-abc\/tasmy-papierowe\/"},"modified":"2023-06-14T10:47:26","modified_gmt":"2023-06-14T08:47:26","slug":"tasmy-papierowe","status":"publish","type":"page","link":"https:\/\/cardinal-tapes.com\/pl\/tasmy-samoprzylepne-pl\/tasma-klejaca-abc\/tasmy-papierowe\/","title":{"rendered":"Ta\u015bmy papierowe"},"content":{"rendered":"<div id='av_section_1'  class='avia-section av-by0twq-b4d5b0d0d85e9cf97102bef88704d1dd alternate_color avia-section-default avia-no-border-styling  avia-builder-el-0  el_before_av_section  avia-builder-el-first  avia-bg-style-scroll container_wrap fullsize'  ><div class='container av-section-cont-open' ><main  role=\"main\" itemprop=\"mainContentOfPage\"  class='template-page content  av-content-full alpha units'><div class='post-entry post-entry-type-page post-entry-31379'><div class='entry-content-wrapper clearfix'>\n<div  class='flex_column av-ajnrui-ee82034c6b4347ad79fe26afe20db09c av_one_full  avia-builder-el-1  el_before_av_one_half  avia-builder-el-first  first flex_column_div  '     ><div class=\"pxl-headline pxl-hl hl-wrap | hl-sub--off hl--align-left hl--no-margin    \">\n        <div class=\"hl-inner\">\n            <h2 class=\"hl-main hl-line |  hl_main--default  \">Ta\u015bmy papierowe \/ ta\u015bmy krepowe<\/h2>\n            \n    <\/div>\n<\/div><\/div><div  class='flex_column av-um6qi-02d3e48fae2559f350457e68da6eea1a av_one_half  avia-builder-el-3  el_after_av_one_full  el_before_av_one_half  first flex_column_div  column-top-margin'     ><section  class='av_textblock_section av-awcb16-f982dea0fd8031289928c5adc42b2420 '   itemscope=\"itemscope\" itemtype=\"https:\/\/schema.org\/CreativeWork\" ><div class='avia_textblock'  itemprop=\"text\" ><p>Nasze papierowe ta\u015bmy samoprzylepne, zwane r\u00f3wnie\u017c ta\u015bmami krepowymi, wykonane z naturalnego br\u0105zowego papieru sodowego, s\u0105 jednostronnie klej\u0105ce i s\u0105 u\u017cywane w wi\u0119kszo\u015bci przypadk\u00f3w w bran\u017cy malarskiej lub podobnych bran\u017cach. W por\u00f3wnaniu z konkurencj\u0105, ten rodzaj ta\u015bmy mo\u017cna bez wysi\u0142ku usun\u0105\u0107 z rolki i \u0142atwo przymocowa\u0107 do \u015bcian itp. Ponadto, s\u0105 one cz\u0119sto u\u017cywane do pracy os\u0142onowej w kr\u00f3tkich lub d\u0142u\u017cszych okresach czasu. \u0141atwo si\u0119 staczaj\u0105 i s\u0105 idealne do r\u0119cznego przetwarzania. W razie potrzeby mo\u017cna zleci\u0107 nam ich indywidualne wydrukowanie w celu wsparcia bardziej z\u0142o\u017conych prac z oznaczeniami wizualnymi.<\/p>\n<p>W przeciwie\u0144stwie do ta\u015bm foliowych, wytrzyma\u0142o\u015b\u0107 na zrywanie jest znacznie wy\u017csza, dzi\u0119ki czemu ta\u015bma papierowa optymalnie nadaje si\u0119 do zaklejania pude\u0142ek, paczek lub innych opakowa\u0144. Ze wzgl\u0119du na wyj\u0105tkow\u0105 odporno\u015b\u0107 na rozci\u0105ganie podczas waha\u0144 temperatury, papierowe ta\u015bmy samoprzylepne s\u0105 r\u00f3wnie\u017c stosowane w zakresie wysokich temperatur.<\/p>\n<\/div><\/section><\/div><div  class='flex_column av-75r9qi-238002d6578fb57a5a93e8df11291250 av_one_half  avia-builder-el-5  el_after_av_one_half  avia-builder-el-last  flex_column_div  column-top-margin'     ><section  class='av_textblock_section av-7gbi0a-43c304e223f10215a6d457c39dade7fb '   itemscope=\"itemscope\" itemtype=\"https:\/\/schema.org\/CreativeWork\" ><div class='avia_textblock small'  itemprop=\"text\" ><h4>Nasza oferta papierowych ta\u015bm samoprzylepnych i krepowych ta\u015bm samoprzylepnych<\/h4>\n<p>Poni\u017csza lista naszych ta\u015bm papierowych s\u0142u\u017cy jako og\u00f3lny przegl\u0105d. Je\u015bli nie znajdziesz tutaj odpowiedniego rozwi\u0105zania dla swoich specjalnych wymaga\u0144, skontaktuj si\u0119 z nami <a href=\"\/ueber-cardinal\/kontakt\/\">osobi\u015bcie<\/a> lub skorzystaj z naszego zapytania o produkt. Nieustannie poszerzamy nasz\u0105 ofert\u0119 produkt\u00f3w i utrzymujemy j\u0105 na najwy\u017cszym poziomie rozwoju. Do\u0142o\u017cymy wszelkich stara\u0144, aby znale\u017a\u0107 optymalne rozwi\u0105zania r\u00f3wnie\u017c dla indywidualnych \u017cycze\u0144.<\/p>\n<\/div><\/section><\/div>\n\n<\/div><\/div><\/main><!-- close content main element --><\/div><\/div><div id='av_section_2'  class='avia-section av-64j8zu-0e473d6725337d21761c9196d92f91e9 main_color avia-section-default avia-no-border-styling  avia-builder-el-7  el_after_av_section  avia-builder-el-last  gradient-section avia-bg-style-scroll container_wrap fullsize'  ><div class='container av-section-cont-open' ><div class='template-page content  av-content-full alpha units'><div class='post-entry post-entry-type-page post-entry-31379'><div class='entry-content-wrapper clearfix'>\n<div  class='flex_column av-4ulnoa-d8480dbee3babb9280d5a0582de57bf4 av_one_full  avia-builder-el-8  avia-builder-el-no-sibling  first flex_column_div  '     ><p><div class=\"pxl-headline pxl-hl hl-wrap | hl-sub--off hl--align-left hl--no-margin    \">\n        <div class=\"hl-inner\">\n            <h2 class=\"hl-main hl-line |  hl_main--default  \">Interesuj\u0105ce produkty<\/h2>\n            \n    <\/div>\n<\/div>\n<br \/>\n<div   data-autoplay=''  data-interval='5'  data-animation='fade'  data-hoverpause='1'  class='template-shop avia-content-slider avia-content-slider-active avia-product-slider1 avia-content-slider-even  avia-builder-el-10  el_after_pixel_sc_headline  el_before_av_button   shop_columns_4' ><div class='avia-content-slider-inner'><ul class=\"products slide-entry-wrap\"><li class=\"product type-product post-55848 status-publish first instock product_cat-jednostronne-tasmy-samoprzylepne product_cat-obszary-zastosowan product_cat-ogrzewanie-i-klimatyzacja product_cat-inzynieria-mechaniczna product_cat-przemysl-meblarski product_cat-tasma-papierowa product_cat-stal-i-szklo has-post-thumbnail taxable shipping-taxable purchasable product-type-variable\">\n\t<div class='inner_product main_color wrapped_style noLightbox  av-product-class-no_button'><a href=\"https:\/\/cardinal-tapes.com\/pl\/ta\u015bmy-samoprzylepne\/obszary-zastosowan\/ogrzewanie-i-klimatyzacja\/tasma-krepowa-ca-12\/\" class=\"woocommerce-LoopProduct-link woocommerce-loop-product__link\"><div class=\"thumbnail_container\"><img decoding=\"async\" loading=\"lazy\" width=\"450\" height=\"450\" src=\"https:\/\/cardinal-tapes.com\/wp-content\/uploads\/CA_11-12-450x450.jpg\" class=\"wp-image-26822 avia-img-lazy-loading-26822 attachment-shop_catalog size-shop_catalog wp-post-image\" alt=\"CA-12 p\u0142aska ta\u015bma krepowa - jednostronny, Papier, Kauczuk naturalny - Ilustracja 26822\" srcset=\"https:\/\/cardinal-tapes.com\/wp-content\/uploads\/CA_11-12-450x450.jpg 450w, https:\/\/cardinal-tapes.com\/wp-content\/uploads\/CA_11-12-120x120.jpg 120w, https:\/\/cardinal-tapes.com\/wp-content\/uploads\/CA_11-12-80x80.jpg 80w, https:\/\/cardinal-tapes.com\/wp-content\/uploads\/CA_11-12-200x200.jpg 200w, https:\/\/cardinal-tapes.com\/wp-content\/uploads\/CA_11-12-768x768.jpg 768w, https:\/\/cardinal-tapes.com\/wp-content\/uploads\/CA_11-12-1030x1030.jpg 1030w, https:\/\/cardinal-tapes.com\/wp-content\/uploads\/CA_11-12-36x36.jpg 36w, https:\/\/cardinal-tapes.com\/wp-content\/uploads\/CA_11-12-180x180.jpg 180w, https:\/\/cardinal-tapes.com\/wp-content\/uploads\/CA_11-12-705x705.jpg 705w, https:\/\/cardinal-tapes.com\/wp-content\/uploads\/CA_11-12-100x100.jpg 100w, https:\/\/cardinal-tapes.com\/wp-content\/uploads\/CA_11-12.jpg 1400w\" sizes=\"auto, (max-width: 450px) 100vw, 450px\" \/><\/div><div class='inner_product_header'><div class='avia-arrow'><\/div><div class='inner_product_header_table'><div class='inner_product_header_cell'><span class=\"is-h2 woocommerce-loop-product__title\">CA-12 p\u0142aska ta\u015bma krepowa<\/span>\t\t<div class=\"product-infos\">\n\t\t\t\t\t\t\t<span class='product-infos__item'><b>Pow\u0142oka:<\/b> jednostronny<\/span>\n\t\t\t\t\t\t\t\t\t\t<span class='product-infos__item'><b>Rodzaj materia\u0142u:<\/b> Papier<\/span>\n\t\t\t\t\t\t\t\t\t\t<span class='product-infos__item'><b>Producent:<\/b> cardinal GmbH<\/span>\n\t\t\t\t\t\t\t\t\t\t<span class='product-infos__item'><b>Cena na \u017c\u0105danie<\/b><\/span>\n\t\t\t\t\t<\/div>\n\t<\/div><\/div><\/div><\/a><\/div><\/li>\n<li class=\"product type-product post-62884 status-publish outofstock product_cat-tasma-papierowa product_cat-jednostronne-tasmy-samoprzylepne has-post-thumbnail taxable shipping-taxable purchasable product-type-variable\">\n\t<div class='inner_product main_color wrapped_style noLightbox  av-product-class-no_button'><a href=\"https:\/\/cardinal-tapes.com\/pl\/ta\u015bmy-samoprzylepne\/obszary-zastosowan\/tasma-papierowa\/tasma-maskujaca-3m-201e\/\" class=\"woocommerce-LoopProduct-link woocommerce-loop-product__link\"><div class=\"thumbnail_container\"><img decoding=\"async\" loading=\"lazy\" width=\"450\" height=\"450\" src=\"https:\/\/cardinal-tapes.com\/wp-content\/uploads\/3m_kreppklebeband_201e-450x450.jpg\" class=\"wp-image-24350 avia-img-lazy-loading-24350 attachment-shop_catalog size-shop_catalog wp-post-image\" alt=\"Ta\u015bma maskuj\u0105ca 3M\u2122 201E - jednostronny, Papier, Guma - \u017bywica - Ilustracja 24350\" srcset=\"https:\/\/cardinal-tapes.com\/wp-content\/uploads\/3m_kreppklebeband_201e-450x450.jpg 450w, https:\/\/cardinal-tapes.com\/wp-content\/uploads\/3m_kreppklebeband_201e-120x120.jpg 120w, https:\/\/cardinal-tapes.com\/wp-content\/uploads\/3m_kreppklebeband_201e-80x80.jpg 80w, https:\/\/cardinal-tapes.com\/wp-content\/uploads\/3m_kreppklebeband_201e-200x200.jpg 200w, https:\/\/cardinal-tapes.com\/wp-content\/uploads\/3m_kreppklebeband_201e-36x36.jpg 36w, https:\/\/cardinal-tapes.com\/wp-content\/uploads\/3m_kreppklebeband_201e-180x180.jpg 180w, https:\/\/cardinal-tapes.com\/wp-content\/uploads\/3m_kreppklebeband_201e-100x100.jpg 100w, https:\/\/cardinal-tapes.com\/wp-content\/uploads\/3m_kreppklebeband_201e.jpg 600w\" sizes=\"auto, (max-width: 450px) 100vw, 450px\" \/><\/div><div class='inner_product_header'><div class='avia-arrow'><\/div><div class='inner_product_header_table'><div class='inner_product_header_cell'><span class=\"is-h2 woocommerce-loop-product__title\">Ta\u015bma maskuj\u0105ca 3M\u2122 201E<\/span>\t\t<div class=\"product-infos\">\n\t\t\t\t\t\t\t<span class='product-infos__item'><b>Pow\u0142oka:<\/b> jednostronny<\/span>\n\t\t\t\t\t\t\t\t\t\t<span class='product-infos__item'><b>Rodzaj materia\u0142u:<\/b> Papier<\/span>\n\t\t\t\t\t\t\t\t\t\t<span class='product-infos__item'><b>Producent:<\/b> 3M<\/span>\n\t\t\t\t\t\t\t\t\t\t<span class='product-infos__item'><b>Cena na \u017c\u0105danie<\/b><\/span>\n\t\t\t\t\t<\/div>\n\t<\/div><\/div><\/div><\/a><\/div><\/li>\n<li class=\"product type-product post-55838 status-publish instock product_cat-stal-i-szklo product_cat-jednostronne-tasmy-samoprzylepne product_cat-ogrzewanie-i-klimatyzacja product_cat-inzynieria-mechaniczna product_cat-tasma-papierowa has-post-thumbnail taxable shipping-taxable purchasable product-type-variable\">\n\t<div class='inner_product main_color wrapped_style noLightbox  av-product-class-no_button'><a href=\"https:\/\/cardinal-tapes.com\/pl\/ta\u015bmy-samoprzylepne\/obszary-zastosowan\/ogrzewanie-i-klimatyzacja\/ca-11-plaska-krepowa-tasma-samoprzylepna\/\" class=\"woocommerce-LoopProduct-link woocommerce-loop-product__link\"><div class=\"thumbnail_container\"><img decoding=\"async\" loading=\"lazy\" width=\"450\" height=\"450\" src=\"https:\/\/cardinal-tapes.com\/wp-content\/uploads\/CA_11-12-450x450.jpg\" class=\"wp-image-26822 avia-img-lazy-loading-26822 attachment-shop_catalog size-shop_catalog wp-post-image\" alt=\"CA-11 p\u0142aska ta\u015bma krepowa - jednostronny, Papier, Kauczuk naturalny - Ilustracja 26822\" srcset=\"https:\/\/cardinal-tapes.com\/wp-content\/uploads\/CA_11-12-450x450.jpg 450w, https:\/\/cardinal-tapes.com\/wp-content\/uploads\/CA_11-12-120x120.jpg 120w, https:\/\/cardinal-tapes.com\/wp-content\/uploads\/CA_11-12-80x80.jpg 80w, https:\/\/cardinal-tapes.com\/wp-content\/uploads\/CA_11-12-200x200.jpg 200w, https:\/\/cardinal-tapes.com\/wp-content\/uploads\/CA_11-12-768x768.jpg 768w, https:\/\/cardinal-tapes.com\/wp-content\/uploads\/CA_11-12-1030x1030.jpg 1030w, https:\/\/cardinal-tapes.com\/wp-content\/uploads\/CA_11-12-36x36.jpg 36w, https:\/\/cardinal-tapes.com\/wp-content\/uploads\/CA_11-12-180x180.jpg 180w, https:\/\/cardinal-tapes.com\/wp-content\/uploads\/CA_11-12-705x705.jpg 705w, https:\/\/cardinal-tapes.com\/wp-content\/uploads\/CA_11-12-100x100.jpg 100w, https:\/\/cardinal-tapes.com\/wp-content\/uploads\/CA_11-12.jpg 1400w\" sizes=\"auto, (max-width: 450px) 100vw, 450px\" \/><\/div><div class='inner_product_header'><div class='avia-arrow'><\/div><div class='inner_product_header_table'><div class='inner_product_header_cell'><span class=\"is-h2 woocommerce-loop-product__title\">CA-11 p\u0142aska ta\u015bma krepowa<\/span>\t\t<div class=\"product-infos\">\n\t\t\t\t\t\t\t<span class='product-infos__item'><b>Pow\u0142oka:<\/b> jednostronny<\/span>\n\t\t\t\t\t\t\t\t\t\t<span class='product-infos__item'><b>Rodzaj materia\u0142u:<\/b> Papier<\/span>\n\t\t\t\t\t\t\t\t\t\t<span class='product-infos__item'><b>Producent:<\/b> cardinal GmbH<\/span>\n\t\t\t\t\t\t\t\t\t\t<span class='product-infos__item'><b>Cena na \u017c\u0105danie<\/b><\/span>\n\t\t\t\t\t<\/div>\n\t<\/div><\/div><\/div><\/a><\/div><\/li>\n<li class=\"product type-product post-56285 status-publish last instock product_cat-przemysl-motoryzacyjny product_cat-tasma-maskujaca-do-farb product_cat-inzynieria-mechaniczna product_cat-tasma-papierowa product_cat-jednostronne-tasmy-samoprzylepne has-post-thumbnail taxable shipping-taxable purchasable product-type-variable\">\n\t<div class='inner_product main_color wrapped_style noLightbox  av-product-class-no_button'><a href=\"https:\/\/cardinal-tapes.com\/pl\/ta\u015bmy-samoprzylepne\/obszary-zastosowan\/przemysl-motoryzacyjny\/tasma-malarska-maskujaca-ca-14\/\" class=\"woocommerce-LoopProduct-link woocommerce-loop-product__link\"><div class=\"thumbnail_container\"><img decoding=\"async\" loading=\"lazy\" width=\"450\" height=\"450\" src=\"https:\/\/cardinal-tapes.com\/wp-content\/uploads\/CA_14-450x450.jpg\" class=\"wp-image-26958 avia-img-lazy-loading-26958 attachment-shop_catalog size-shop_catalog wp-post-image\" alt=\"CA-14 Ta\u015bma maskuj\u0105ca do farby - jednostronny, Papier, Kauczuk naturalny - Ilustracja 26958\" srcset=\"https:\/\/cardinal-tapes.com\/wp-content\/uploads\/CA_14-450x450.jpg 450w, https:\/\/cardinal-tapes.com\/wp-content\/uploads\/CA_14-120x120.jpg 120w, https:\/\/cardinal-tapes.com\/wp-content\/uploads\/CA_14-80x80.jpg 80w, https:\/\/cardinal-tapes.com\/wp-content\/uploads\/CA_14-200x200.jpg 200w, https:\/\/cardinal-tapes.com\/wp-content\/uploads\/CA_14-768x768.jpg 768w, https:\/\/cardinal-tapes.com\/wp-content\/uploads\/CA_14-1030x1030.jpg 1030w, https:\/\/cardinal-tapes.com\/wp-content\/uploads\/CA_14-36x36.jpg 36w, https:\/\/cardinal-tapes.com\/wp-content\/uploads\/CA_14-180x180.jpg 180w, https:\/\/cardinal-tapes.com\/wp-content\/uploads\/CA_14-705x705.jpg 705w, https:\/\/cardinal-tapes.com\/wp-content\/uploads\/CA_14-100x100.jpg 100w, https:\/\/cardinal-tapes.com\/wp-content\/uploads\/CA_14.jpg 1400w\" sizes=\"auto, (max-width: 450px) 100vw, 450px\" \/><\/div><div class='inner_product_header'><div class='avia-arrow'><\/div><div class='inner_product_header_table'><div class='inner_product_header_cell'><span class=\"is-h2 woocommerce-loop-product__title\">CA-14 Ta\u015bma maskuj\u0105ca do farby<\/span>\t\t<div class=\"product-infos\">\n\t\t\t\t\t\t\t<span class='product-infos__item'><b>Pow\u0142oka:<\/b> jednostronny<\/span>\n\t\t\t\t\t\t\t\t\t\t<span class='product-infos__item'><b>Rodzaj materia\u0142u:<\/b> Papier<\/span>\n\t\t\t\t\t\t\t\t\t\t<span class='product-infos__item'><b>Producent:<\/b> cardinal GmbH<\/span>\n\t\t\t\t\t\t\t\t\t\t<span class='product-infos__item'><b>Cena na \u017c\u0105danie<\/b><\/span>\n\t\t\t\t\t<\/div>\n\t<\/div><\/div><\/div><\/a><\/div><\/li>\n<\/ul><\/div><\/div><div class=\"clear\"><\/div><br \/>\n<div  class='avia-button-wrap av-2towxm-f0aad1c6836ba49301cd0e946431a505-wrap avia-button-left '><a href='https:\/\/cardinal-tapes.com\/klebebaender\/'  class='avia-button av-2towxm-f0aad1c6836ba49301cd0e946431a505 avia-icon_select-no avia-size-medium avia-position-left avia-color-theme-color layout-border color-white'  ><span class='avia_iconbox_title' >Wszystkie produkty<\/span><\/a><\/div><\/p><\/div>\n","protected":false},"excerpt":{"rendered":"","protected":false},"author":1,"featured_media":0,"parent":30844,"menu_order":18,"comment_status":"closed","ping_status":"closed","template":"","meta":{"_acf_changed":false,"footnotes":""},"class_list":["post-31379","page","type-page","status-publish","hentry"],"acf":[],"yoast_head":"<!-- This site is optimized with the Yoast SEO plugin v27.3 - https:\/\/yoast.com\/product\/yoast-seo-wordpress\/ -->\n<title>Ta\u015bmy papierowe i krepowe | Cardinal TAPES<\/title>\n<meta name=\"description\" content=\"Papierowe ta\u015bmy samoprzylepne, znane r\u00f3wnie\u017c jako krepowe ta\u015bmy samoprzylepne, wykonane z papieru sodowego s\u0105 jednostronnie samoprzylepne i s\u0105 u\u017cywane w wi\u0119kszo\u015bci przypadk\u00f3w w bran\u017cy malarskiej lub podobnych zastosowaniach.\" \/>\n<meta name=\"robots\" content=\"index, follow, max-snippet:-1, max-image-preview:large, max-video-preview:-1\" \/>\n<link rel=\"canonical\" href=\"https:\/\/cardinal-tapes.com\/pl\/tasmy-samoprzylepne-pl\/tasma-klejaca-abc\/tasmy-papierowe\/\" \/>\n<meta property=\"og:locale\" content=\"pl_PL\" \/>\n<meta property=\"og:type\" content=\"article\" \/>\n<meta property=\"og:title\" content=\"Ta\u015bmy papierowe i krepowe | Cardinal TAPES\" \/>\n<meta property=\"og:description\" content=\"Papierowe ta\u015bmy samoprzylepne, znane r\u00f3wnie\u017c jako krepowe ta\u015bmy samoprzylepne, wykonane z papieru sodowego s\u0105 jednostronnie samoprzylepne i s\u0105 u\u017cywane w wi\u0119kszo\u015bci przypadk\u00f3w w bran\u017cy malarskiej lub podobnych zastosowaniach.\" \/>\n<meta property=\"og:url\" content=\"https:\/\/cardinal-tapes.com\/pl\/tasmy-samoprzylepne-pl\/tasma-klejaca-abc\/tasmy-papierowe\/\" \/>\n<meta property=\"og:site_name\" content=\"cardinal TAPES\" \/>\n<meta property=\"article:modified_time\" content=\"2023-06-14T08:47:26+00:00\" \/>\n<meta name=\"twitter:card\" content=\"summary_large_image\" \/>\n<meta name=\"twitter:label1\" content=\"Szacowany czas czytania\" \/>\n\t<meta name=\"twitter:data1\" content=\"15 minut\" \/>\n<script type=\"application\/ld+json\" class=\"yoast-schema-graph\">{\"@context\":\"https:\\\/\\\/schema.org\",\"@graph\":[{\"@type\":\"WebPage\",\"@id\":\"https:\\\/\\\/cardinal-tapes.com\\\/pl\\\/tasmy-samoprzylepne-pl\\\/tasma-klejaca-abc\\\/tasmy-papierowe\\\/\",\"url\":\"https:\\\/\\\/cardinal-tapes.com\\\/pl\\\/tasmy-samoprzylepne-pl\\\/tasma-klejaca-abc\\\/tasmy-papierowe\\\/\",\"name\":\"Ta\u015bmy papierowe i krepowe | Cardinal TAPES\",\"isPartOf\":{\"@id\":\"https:\\\/\\\/cardinal-tapes.com\\\/#website\"},\"datePublished\":\"2023-06-02T08:59:43+00:00\",\"dateModified\":\"2023-06-14T08:47:26+00:00\",\"description\":\"Papierowe ta\u015bmy samoprzylepne, znane r\u00f3wnie\u017c jako krepowe ta\u015bmy samoprzylepne, wykonane z papieru sodowego s\u0105 jednostronnie samoprzylepne i s\u0105 u\u017cywane w wi\u0119kszo\u015bci przypadk\u00f3w w bran\u017cy malarskiej lub podobnych zastosowaniach.\",\"breadcrumb\":{\"@id\":\"https:\\\/\\\/cardinal-tapes.com\\\/pl\\\/tasmy-samoprzylepne-pl\\\/tasma-klejaca-abc\\\/tasmy-papierowe\\\/#breadcrumb\"},\"inLanguage\":\"pl-PL\",\"potentialAction\":[{\"@type\":\"ReadAction\",\"target\":[\"https:\\\/\\\/cardinal-tapes.com\\\/pl\\\/tasmy-samoprzylepne-pl\\\/tasma-klejaca-abc\\\/tasmy-papierowe\\\/\"]}]},{\"@type\":\"BreadcrumbList\",\"@id\":\"https:\\\/\\\/cardinal-tapes.com\\\/pl\\\/tasmy-samoprzylepne-pl\\\/tasma-klejaca-abc\\\/tasmy-papierowe\\\/#breadcrumb\",\"itemListElement\":[{\"@type\":\"ListItem\",\"position\":1,\"name\":\"Startseite\",\"item\":\"https:\\\/\\\/cardinal-tapes.com\\\/pl\\\/strona-glowna\\\/\"},{\"@type\":\"ListItem\",\"position\":2,\"name\":\"Ta\u015bmy samoprzylepne\",\"item\":\"https:\\\/\\\/cardinal-tapes.com\\\/pl\\\/tasmy-samoprzylepne-pl\\\/\"},{\"@type\":\"ListItem\",\"position\":3,\"name\":\"Ta\u015bma klej\u0105ca ABC\",\"item\":\"https:\\\/\\\/cardinal-tapes.com\\\/pl\\\/tasmy-samoprzylepne-pl__trashed\\\/tasma-klejaca-abc\\\/\"},{\"@type\":\"ListItem\",\"position\":4,\"name\":\"Ta\u015bmy papierowe\"}]},{\"@type\":\"WebSite\",\"@id\":\"https:\\\/\\\/cardinal-tapes.com\\\/#website\",\"url\":\"https:\\\/\\\/cardinal-tapes.com\\\/\",\"name\":\"cardinal TAPES\",\"description\":\"Klebetechnik aus Wuppertal\",\"potentialAction\":[{\"@type\":\"SearchAction\",\"target\":{\"@type\":\"EntryPoint\",\"urlTemplate\":\"https:\\\/\\\/cardinal-tapes.com\\\/?s={search_term_string}\"},\"query-input\":{\"@type\":\"PropertyValueSpecification\",\"valueRequired\":true,\"valueName\":\"search_term_string\"}}],\"inLanguage\":\"pl-PL\"}]}<\/script>\n<!-- \/ Yoast SEO plugin. -->","yoast_head_json":{"title":"Ta\u015bmy papierowe i krepowe | Cardinal TAPES","description":"Papierowe ta\u015bmy samoprzylepne, znane r\u00f3wnie\u017c jako krepowe ta\u015bmy samoprzylepne, wykonane z papieru sodowego s\u0105 jednostronnie samoprzylepne i s\u0105 u\u017cywane w wi\u0119kszo\u015bci przypadk\u00f3w w bran\u017cy malarskiej lub podobnych zastosowaniach.","robots":{"index":"index","follow":"follow","max-snippet":"max-snippet:-1","max-image-preview":"max-image-preview:large","max-video-preview":"max-video-preview:-1"},"canonical":"https:\/\/cardinal-tapes.com\/pl\/tasmy-samoprzylepne-pl\/tasma-klejaca-abc\/tasmy-papierowe\/","og_locale":"pl_PL","og_type":"article","og_title":"Ta\u015bmy papierowe i krepowe | Cardinal TAPES","og_description":"Papierowe ta\u015bmy samoprzylepne, znane r\u00f3wnie\u017c jako krepowe ta\u015bmy samoprzylepne, wykonane z papieru sodowego s\u0105 jednostronnie samoprzylepne i s\u0105 u\u017cywane w wi\u0119kszo\u015bci przypadk\u00f3w w bran\u017cy malarskiej lub podobnych zastosowaniach.","og_url":"https:\/\/cardinal-tapes.com\/pl\/tasmy-samoprzylepne-pl\/tasma-klejaca-abc\/tasmy-papierowe\/","og_site_name":"cardinal TAPES","article_modified_time":"2023-06-14T08:47:26+00:00","twitter_card":"summary_large_image","twitter_misc":{"Szacowany czas czytania":"15 minut"},"schema":{"@context":"https:\/\/schema.org","@graph":[{"@type":"WebPage","@id":"https:\/\/cardinal-tapes.com\/pl\/tasmy-samoprzylepne-pl\/tasma-klejaca-abc\/tasmy-papierowe\/","url":"https:\/\/cardinal-tapes.com\/pl\/tasmy-samoprzylepne-pl\/tasma-klejaca-abc\/tasmy-papierowe\/","name":"Ta\u015bmy papierowe i krepowe | Cardinal TAPES","isPartOf":{"@id":"https:\/\/cardinal-tapes.com\/#website"},"datePublished":"2023-06-02T08:59:43+00:00","dateModified":"2023-06-14T08:47:26+00:00","description":"Papierowe ta\u015bmy samoprzylepne, znane r\u00f3wnie\u017c jako krepowe ta\u015bmy samoprzylepne, wykonane z papieru sodowego s\u0105 jednostronnie samoprzylepne i s\u0105 u\u017cywane w wi\u0119kszo\u015bci przypadk\u00f3w w bran\u017cy malarskiej lub podobnych zastosowaniach.","breadcrumb":{"@id":"https:\/\/cardinal-tapes.com\/pl\/tasmy-samoprzylepne-pl\/tasma-klejaca-abc\/tasmy-papierowe\/#breadcrumb"},"inLanguage":"pl-PL","potentialAction":[{"@type":"ReadAction","target":["https:\/\/cardinal-tapes.com\/pl\/tasmy-samoprzylepne-pl\/tasma-klejaca-abc\/tasmy-papierowe\/"]}]},{"@type":"BreadcrumbList","@id":"https:\/\/cardinal-tapes.com\/pl\/tasmy-samoprzylepne-pl\/tasma-klejaca-abc\/tasmy-papierowe\/#breadcrumb","itemListElement":[{"@type":"ListItem","position":1,"name":"Startseite","item":"https:\/\/cardinal-tapes.com\/pl\/strona-glowna\/"},{"@type":"ListItem","position":2,"name":"Ta\u015bmy samoprzylepne","item":"https:\/\/cardinal-tapes.com\/pl\/tasmy-samoprzylepne-pl\/"},{"@type":"ListItem","position":3,"name":"Ta\u015bma klej\u0105ca ABC","item":"https:\/\/cardinal-tapes.com\/pl\/tasmy-samoprzylepne-pl__trashed\/tasma-klejaca-abc\/"},{"@type":"ListItem","position":4,"name":"Ta\u015bmy papierowe"}]},{"@type":"WebSite","@id":"https:\/\/cardinal-tapes.com\/#website","url":"https:\/\/cardinal-tapes.com\/","name":"cardinal TAPES","description":"Klebetechnik aus Wuppertal","potentialAction":[{"@type":"SearchAction","target":{"@type":"EntryPoint","urlTemplate":"https:\/\/cardinal-tapes.com\/?s={search_term_string}"},"query-input":{"@type":"PropertyValueSpecification","valueRequired":true,"valueName":"search_term_string"}}],"inLanguage":"pl-PL"}]}},"_links":{"self":[{"href":"https:\/\/cardinal-tapes.com\/pl\/wp-json\/wp\/v2\/pages\/31379","targetHints":{"allow":["GET"]}}],"collection":[{"href":"https:\/\/cardinal-tapes.com\/pl\/wp-json\/wp\/v2\/pages"}],"about":[{"href":"https:\/\/cardinal-tapes.com\/pl\/wp-json\/wp\/v2\/types\/page"}],"author":[{"embeddable":true,"href":"https:\/\/cardinal-tapes.com\/pl\/wp-json\/wp\/v2\/users\/1"}],"replies":[{"embeddable":true,"href":"https:\/\/cardinal-tapes.com\/pl\/wp-json\/wp\/v2\/comments?post=31379"}],"version-history":[{"count":0,"href":"https:\/\/cardinal-tapes.com\/pl\/wp-json\/wp\/v2\/pages\/31379\/revisions"}],"up":[{"embeddable":true,"href":"https:\/\/cardinal-tapes.com\/pl\/wp-json\/wp\/v2\/pages\/30844"}],"wp:attachment":[{"href":"https:\/\/cardinal-tapes.com\/pl\/wp-json\/wp\/v2\/media?parent=31379"}],"curies":[{"name":"wp","href":"https:\/\/api.w.org\/{rel}","templated":true}]}}