{"id":31326,"date":"2023-06-02T10:59:42","date_gmt":"2023-06-02T08:59:42","guid":{"rendered":"https:\/\/cardinal.pixel-tal.de\/tasmy-samoprzylepne\/tasma-klejaca-abc\/tasmy-wzmacniane-wloknem-szklanym-z-powloka-ptfe\/"},"modified":"2023-06-02T11:12:19","modified_gmt":"2023-06-02T09:12:19","slug":"tasmy-wzmacniane-wloknem-szklanym-z-powloka-ptfe","status":"publish","type":"page","link":"https:\/\/cardinal-tapes.com\/pl\/tasmy-samoprzylepne-pl\/tasma-klejaca-abc\/tasmy-wzmacniane-wloknem-szklanym-z-powloka-ptfe\/","title":{"rendered":"Ta\u015bmy wzmacniane w\u0142\u00f3knem szklanym z pow\u0142ok\u0105 PTFE"},"content":{"rendered":"<div id='av_section_1'  class='avia-section av-6s888q-970f19534e8b49f04750fd9cbbdaa538 alternate_color avia-section-default avia-no-border-styling  avia-builder-el-0  avia-builder-el-no-sibling  avia-bg-style-scroll container_wrap fullsize'  ><div class='container av-section-cont-open' ><main  role=\"main\" itemprop=\"mainContentOfPage\"  class='template-page content  av-content-full alpha units'><div class='post-entry post-entry-type-page post-entry-31326'><div class='entry-content-wrapper clearfix'>\n<div  class='flex_column av-1tj8hmi-7908129f3f2c70b32677506c1a4b506b av_one_full  avia-builder-el-1  el_before_av_one_half  avia-builder-el-first  first flex_column_div  '     ><div class=\"pxl-headline pxl-hl hl-wrap | hl-sub--off hl--align-left hl--no-margin    \">\n        <div class=\"hl-inner\">\n            <h2 class=\"hl-main hl-line |  hl_main--default  \">Ta\u015bmy samoprzylepne wzmocnione w\u0142\u00f3knem szklanym z pow\u0142ok\u0105 PTFE<\/h2>\n            \n    <\/div>\n<\/div><\/div><div  class='flex_column av-187squy-9c4fd27079e67151ec39d6bbce8de2ea av_one_half  avia-builder-el-3  el_after_av_one_full  el_before_av_one_half  first flex_column_div  column-top-margin'     ><section  class='av_textblock_section av-25ocxyy-4aafa9d6193fa6f0e1531f0180d57e0d '   itemscope=\"itemscope\" itemtype=\"https:\/\/schema.org\/CreativeWork\" ><div class='avia_textblock'  itemprop=\"text\" ><p>Czy to jako zgrzewarka, czy jako materia\u0142 w maszynach pakuj\u0105cych, czy jako materia\u0142 pomocniczy w prasowaniu lub prasowaniu, czy te\u017c do powlekania wa\u0142k\u00f3w, pow\u0142ok wa\u0142k\u00f3w, pow\u0142ok nieprzywieraj\u0105cych i narz\u0119dzi samoprzylepnych &#8211; ta\u015bmy wzmocnione w\u0142\u00f3knem szklanym nadaj\u0105 si\u0119 do szerokiego zakresu zastosowa\u0144, z kt\u00f3rych ka\u017cdy ma bardzo specyficzne zastosowania. Jest to mo\u017cliwe dzi\u0119ki specjalnym w\u0142a\u015bciwo\u015bciom materia\u0142u. Tkanina szklana charakteryzuje si\u0119 wysok\u0105 odporno\u015bci\u0105 na r\u00f3\u017cne czynniki. Oferuje doskona\u0142\u0105 odporno\u015b\u0107 na temperatury od -70 do 260 stopni Celsjusza. Ponadto materia\u0142 ten przekonuje odporno\u015bci\u0105 elektryczn\u0105, wytrzyma\u0142o\u015bci\u0105 mechaniczn\u0105, ognioodporno\u015bci\u0105 i op\u0142acalno\u015bci\u0105.<\/p>\n<h4>Wzmocnione w\u0142\u00f3knem szklanym ta\u015bmy samoprzylepne z pow\u0142ok\u0105 PTFE dla wielu ga\u0142\u0119zi przemys\u0142u<\/h4>\n<p>Dodatkowo, tkanina z w\u0142\u00f3kna szklanego pokryta jest politetrafluoroetylenem (PTFE). Materia\u0142 cz\u0119sto potocznie nazywany teflonem to polimer wykonany z fluoru i w\u0119gla. Wyposa\u017cona w silikonowy klej, warstwa PTFE zapewnia powierzchni\u0119 o doskona\u0142ych w\u0142a\u015bciwo\u015bciach nieprzywieraj\u0105cych do r\u00f3\u017cnych zastosowa\u0144 przemys\u0142owych. Wzmocnione w\u0142\u00f3knem szklanym ta\u015bmy samoprzylepne z pow\u0142ok\u0105 PTFE s\u0105 zatem niezwykle elastyczne i spe\u0142niaj\u0105 najwy\u017csze wymagania.<\/p>\n<\/div><\/section><\/div><div  class='flex_column av-kfajzu-d50a19209035f7f22a75acf58a2c744a av_one_half  avia-builder-el-5  el_after_av_one_half  avia-builder-el-last  flex_column_div  column-top-margin'     ><section  class='av_textblock_section av-yw8ube-3c66a4d4b2856c1dcc03151bc89bf943 '   itemscope=\"itemscope\" itemtype=\"https:\/\/schema.org\/CreativeWork\" ><div class='avia_textblock'  itemprop=\"text\" ><h4>Wysokiej jako\u015bci ta\u015bmy samoprzylepne wzmocnione w\u0142\u00f3knem szklanym z pow\u0142ok\u0105 PTFE od wyspecjalizowanego sprzedawcy<\/h4>\n<p>Jako eksperci w dziedzinie wzmocnionych w\u0142\u00f3knem szklanym ta\u015bm samoprzylepnych z pow\u0142ok\u0105 PTFE wiemy, \u017ce s\u0105 one nara\u017cone na dzia\u0142anie ekstremalnych warunk\u00f3w. Dlatego przywi\u0105zujemy du\u017c\u0105 wag\u0119 do najwy\u017cszej jako\u015bci i kompleksowego doradztwa. Dzi\u0119ki temu jeste\u015bmy silnym partnerem dla wielu r\u00f3\u017cnych bran\u017c. Nale\u017c\u0105 do nich <a href=\"https:\/\/cardinal-tapes.com\/pl\/tasmy-samoprzylepne\/obszary-zastosowania\/przemysl-wlokienniczy\/\">przemys\u0142 tekstylny<\/a>, <a href=\"https:\/\/cardinal-tapes.com\/pl\/tasmy-samoprzylepne\/obszary-zastosowania\/technologia-wydarzen\/\">technologia eventowa<\/a>, przemys\u0142 <a href=\"https:\/\/cardinal-tapes.com\/pl\/tasmy-samoprzylepne\/obszary-zastosowania\/przemysl-budowlany\/\">budowlany<\/a>, przemys\u0142 betonowy, <a href=\"https:\/\/cardinal-tapes.com\/pl\/tasmy-samoprzylepne\/obszary-zastosowania\/branza-reklamowa\/\">przemys\u0142 reklamowy<\/a>, wyka\u0144czanie metali i <a href=\"https:\/\/cardinal-tapes.com\/pl\/tasmy-samoprzylepne\/obszary-zastosowania\/sektor-motoryzacyjny\/\">sektor motoryzacyjny<\/a>.<\/p>\n<\/div><\/section><\/div>\n\n","protected":false},"excerpt":{"rendered":"","protected":false},"author":1,"featured_media":0,"parent":30844,"menu_order":8,"comment_status":"closed","ping_status":"closed","template":"","meta":{"_acf_changed":false,"footnotes":""},"class_list":["post-31326","page","type-page","status-publish","hentry"],"acf":[],"yoast_head":"<!-- This site is optimized with the Yoast SEO plugin v27.3 - https:\/\/yoast.com\/product\/yoast-seo-wordpress\/ -->\n<title>Ta\u015bmy wzmocnione w\u0142\u00f3knem szklanym z pow\u0142ok\u0105 PTFE | Cardinal Tapes<\/title>\n<meta name=\"description\" content=\"Ta\u015bmy wzmocnione w\u0142\u00f3knem szklanym z pow\u0142ok\u0105 PTFE s\u0105 jednymi z najbardziej wszechstronnych ta\u015bm samoprzylepnych ze wzgl\u0119du na ich w\u0142a\u015bciwo\u015bci materia\u0142owe.\" \/>\n<meta name=\"robots\" content=\"index, follow, max-snippet:-1, max-image-preview:large, max-video-preview:-1\" \/>\n<link rel=\"canonical\" href=\"https:\/\/cardinal-tapes.com\/pl\/tasmy-samoprzylepne-pl__trashed\/tasma-klejaca-abc\/tasmy-wzmacniane-wloknem-szklanym-z-powloka-ptfe\/\" \/>\n<meta property=\"og:locale\" content=\"pl_PL\" \/>\n<meta property=\"og:type\" content=\"article\" \/>\n<meta property=\"og:title\" content=\"Ta\u015bmy wzmocnione w\u0142\u00f3knem szklanym z pow\u0142ok\u0105 PTFE | Cardinal Tapes\" \/>\n<meta property=\"og:description\" content=\"Ta\u015bmy wzmocnione w\u0142\u00f3knem szklanym z pow\u0142ok\u0105 PTFE s\u0105 jednymi z najbardziej wszechstronnych ta\u015bm samoprzylepnych ze wzgl\u0119du na ich w\u0142a\u015bciwo\u015bci materia\u0142owe.\" \/>\n<meta property=\"og:url\" content=\"https:\/\/cardinal-tapes.com\/pl\/tasmy-samoprzylepne-pl__trashed\/tasma-klejaca-abc\/tasmy-wzmacniane-wloknem-szklanym-z-powloka-ptfe\/\" \/>\n<meta property=\"og:site_name\" content=\"cardinal TAPES\" \/>\n<meta property=\"article:modified_time\" content=\"2023-06-02T09:12:19+00:00\" \/>\n<meta name=\"twitter:card\" content=\"summary_large_image\" \/>\n<meta name=\"twitter:label1\" content=\"Szacowany czas czytania\" \/>\n\t<meta name=\"twitter:data1\" content=\"9 minut\" \/>\n<script type=\"application\/ld+json\" class=\"yoast-schema-graph\">{\"@context\":\"https:\\\/\\\/schema.org\",\"@graph\":[{\"@type\":\"WebPage\",\"@id\":\"https:\\\/\\\/cardinal-tapes.com\\\/pl\\\/tasmy-samoprzylepne-pl__trashed\\\/tasma-klejaca-abc\\\/tasmy-wzmacniane-wloknem-szklanym-z-powloka-ptfe\\\/\",\"url\":\"https:\\\/\\\/cardinal-tapes.com\\\/pl\\\/tasmy-samoprzylepne-pl__trashed\\\/tasma-klejaca-abc\\\/tasmy-wzmacniane-wloknem-szklanym-z-powloka-ptfe\\\/\",\"name\":\"Ta\u015bmy wzmocnione w\u0142\u00f3knem szklanym z pow\u0142ok\u0105 PTFE | Cardinal Tapes\",\"isPartOf\":{\"@id\":\"https:\\\/\\\/cardinal-tapes.com\\\/#website\"},\"datePublished\":\"2023-06-02T08:59:42+00:00\",\"dateModified\":\"2023-06-02T09:12:19+00:00\",\"description\":\"Ta\u015bmy wzmocnione w\u0142\u00f3knem szklanym z pow\u0142ok\u0105 PTFE s\u0105 jednymi z najbardziej wszechstronnych ta\u015bm samoprzylepnych ze wzgl\u0119du na ich w\u0142a\u015bciwo\u015bci materia\u0142owe.\",\"breadcrumb\":{\"@id\":\"https:\\\/\\\/cardinal-tapes.com\\\/pl\\\/tasmy-samoprzylepne-pl__trashed\\\/tasma-klejaca-abc\\\/tasmy-wzmacniane-wloknem-szklanym-z-powloka-ptfe\\\/#breadcrumb\"},\"inLanguage\":\"pl-PL\",\"potentialAction\":[{\"@type\":\"ReadAction\",\"target\":[\"https:\\\/\\\/cardinal-tapes.com\\\/pl\\\/tasmy-samoprzylepne-pl__trashed\\\/tasma-klejaca-abc\\\/tasmy-wzmacniane-wloknem-szklanym-z-powloka-ptfe\\\/\"]}]},{\"@type\":\"BreadcrumbList\",\"@id\":\"https:\\\/\\\/cardinal-tapes.com\\\/pl\\\/tasmy-samoprzylepne-pl__trashed\\\/tasma-klejaca-abc\\\/tasmy-wzmacniane-wloknem-szklanym-z-powloka-ptfe\\\/#breadcrumb\",\"itemListElement\":[{\"@type\":\"ListItem\",\"position\":1,\"name\":\"Startseite\",\"item\":\"https:\\\/\\\/cardinal-tapes.com\\\/pl\\\/strona-glowna\\\/\"},{\"@type\":\"ListItem\",\"position\":2,\"name\":\"Ta\u015bma klej\u0105ca ABC\",\"item\":\"https:\\\/\\\/cardinal-tapes.com\\\/pl\\\/tasmy-samoprzylepne-pl__trashed\\\/tasma-klejaca-abc\\\/\"},{\"@type\":\"ListItem\",\"position\":3,\"name\":\"Ta\u015bmy wzmacniane w\u0142\u00f3knem szklanym z pow\u0142ok\u0105 PTFE\"}]},{\"@type\":\"WebSite\",\"@id\":\"https:\\\/\\\/cardinal-tapes.com\\\/#website\",\"url\":\"https:\\\/\\\/cardinal-tapes.com\\\/\",\"name\":\"cardinal TAPES\",\"description\":\"Klebetechnik aus Wuppertal\",\"potentialAction\":[{\"@type\":\"SearchAction\",\"target\":{\"@type\":\"EntryPoint\",\"urlTemplate\":\"https:\\\/\\\/cardinal-tapes.com\\\/?s={search_term_string}\"},\"query-input\":{\"@type\":\"PropertyValueSpecification\",\"valueRequired\":true,\"valueName\":\"search_term_string\"}}],\"inLanguage\":\"pl-PL\"}]}<\/script>\n<!-- \/ Yoast SEO plugin. -->","yoast_head_json":{"title":"Ta\u015bmy wzmocnione w\u0142\u00f3knem szklanym z pow\u0142ok\u0105 PTFE | Cardinal Tapes","description":"Ta\u015bmy wzmocnione w\u0142\u00f3knem szklanym z pow\u0142ok\u0105 PTFE s\u0105 jednymi z najbardziej wszechstronnych ta\u015bm samoprzylepnych ze wzgl\u0119du na ich w\u0142a\u015bciwo\u015bci materia\u0142owe.","robots":{"index":"index","follow":"follow","max-snippet":"max-snippet:-1","max-image-preview":"max-image-preview:large","max-video-preview":"max-video-preview:-1"},"canonical":"https:\/\/cardinal-tapes.com\/pl\/tasmy-samoprzylepne-pl__trashed\/tasma-klejaca-abc\/tasmy-wzmacniane-wloknem-szklanym-z-powloka-ptfe\/","og_locale":"pl_PL","og_type":"article","og_title":"Ta\u015bmy wzmocnione w\u0142\u00f3knem szklanym z pow\u0142ok\u0105 PTFE | Cardinal Tapes","og_description":"Ta\u015bmy wzmocnione w\u0142\u00f3knem szklanym z pow\u0142ok\u0105 PTFE s\u0105 jednymi z najbardziej wszechstronnych ta\u015bm samoprzylepnych ze wzgl\u0119du na ich w\u0142a\u015bciwo\u015bci materia\u0142owe.","og_url":"https:\/\/cardinal-tapes.com\/pl\/tasmy-samoprzylepne-pl__trashed\/tasma-klejaca-abc\/tasmy-wzmacniane-wloknem-szklanym-z-powloka-ptfe\/","og_site_name":"cardinal TAPES","article_modified_time":"2023-06-02T09:12:19+00:00","twitter_card":"summary_large_image","twitter_misc":{"Szacowany czas czytania":"9 minut"},"schema":{"@context":"https:\/\/schema.org","@graph":[{"@type":"WebPage","@id":"https:\/\/cardinal-tapes.com\/pl\/tasmy-samoprzylepne-pl__trashed\/tasma-klejaca-abc\/tasmy-wzmacniane-wloknem-szklanym-z-powloka-ptfe\/","url":"https:\/\/cardinal-tapes.com\/pl\/tasmy-samoprzylepne-pl__trashed\/tasma-klejaca-abc\/tasmy-wzmacniane-wloknem-szklanym-z-powloka-ptfe\/","name":"Ta\u015bmy wzmocnione w\u0142\u00f3knem szklanym z pow\u0142ok\u0105 PTFE | Cardinal Tapes","isPartOf":{"@id":"https:\/\/cardinal-tapes.com\/#website"},"datePublished":"2023-06-02T08:59:42+00:00","dateModified":"2023-06-02T09:12:19+00:00","description":"Ta\u015bmy wzmocnione w\u0142\u00f3knem szklanym z pow\u0142ok\u0105 PTFE s\u0105 jednymi z najbardziej wszechstronnych ta\u015bm samoprzylepnych ze wzgl\u0119du na ich w\u0142a\u015bciwo\u015bci materia\u0142owe.","breadcrumb":{"@id":"https:\/\/cardinal-tapes.com\/pl\/tasmy-samoprzylepne-pl__trashed\/tasma-klejaca-abc\/tasmy-wzmacniane-wloknem-szklanym-z-powloka-ptfe\/#breadcrumb"},"inLanguage":"pl-PL","potentialAction":[{"@type":"ReadAction","target":["https:\/\/cardinal-tapes.com\/pl\/tasmy-samoprzylepne-pl__trashed\/tasma-klejaca-abc\/tasmy-wzmacniane-wloknem-szklanym-z-powloka-ptfe\/"]}]},{"@type":"BreadcrumbList","@id":"https:\/\/cardinal-tapes.com\/pl\/tasmy-samoprzylepne-pl__trashed\/tasma-klejaca-abc\/tasmy-wzmacniane-wloknem-szklanym-z-powloka-ptfe\/#breadcrumb","itemListElement":[{"@type":"ListItem","position":1,"name":"Startseite","item":"https:\/\/cardinal-tapes.com\/pl\/strona-glowna\/"},{"@type":"ListItem","position":2,"name":"Ta\u015bma klej\u0105ca ABC","item":"https:\/\/cardinal-tapes.com\/pl\/tasmy-samoprzylepne-pl__trashed\/tasma-klejaca-abc\/"},{"@type":"ListItem","position":3,"name":"Ta\u015bmy wzmacniane w\u0142\u00f3knem szklanym z pow\u0142ok\u0105 PTFE"}]},{"@type":"WebSite","@id":"https:\/\/cardinal-tapes.com\/#website","url":"https:\/\/cardinal-tapes.com\/","name":"cardinal TAPES","description":"Klebetechnik aus Wuppertal","potentialAction":[{"@type":"SearchAction","target":{"@type":"EntryPoint","urlTemplate":"https:\/\/cardinal-tapes.com\/?s={search_term_string}"},"query-input":{"@type":"PropertyValueSpecification","valueRequired":true,"valueName":"search_term_string"}}],"inLanguage":"pl-PL"}]}},"_links":{"self":[{"href":"https:\/\/cardinal-tapes.com\/pl\/wp-json\/wp\/v2\/pages\/31326","targetHints":{"allow":["GET"]}}],"collection":[{"href":"https:\/\/cardinal-tapes.com\/pl\/wp-json\/wp\/v2\/pages"}],"about":[{"href":"https:\/\/cardinal-tapes.com\/pl\/wp-json\/wp\/v2\/types\/page"}],"author":[{"embeddable":true,"href":"https:\/\/cardinal-tapes.com\/pl\/wp-json\/wp\/v2\/users\/1"}],"replies":[{"embeddable":true,"href":"https:\/\/cardinal-tapes.com\/pl\/wp-json\/wp\/v2\/comments?post=31326"}],"version-history":[{"count":0,"href":"https:\/\/cardinal-tapes.com\/pl\/wp-json\/wp\/v2\/pages\/31326\/revisions"}],"up":[{"embeddable":true,"href":"https:\/\/cardinal-tapes.com\/pl\/wp-json\/wp\/v2\/pages\/30844"}],"wp:attachment":[{"href":"https:\/\/cardinal-tapes.com\/pl\/wp-json\/wp\/v2\/media?parent=31326"}],"curies":[{"name":"wp","href":"https:\/\/api.w.org\/{rel}","templated":true}]}}