{"id":31324,"date":"2023-06-02T10:59:42","date_gmt":"2023-06-02T08:59:42","guid":{"rendered":"https:\/\/cardinal.pixel-tal.de\/tasmy-samoprzylepne\/tasma-klejaca-abc\/tasma-gaffer\/"},"modified":"2023-06-14T10:47:09","modified_gmt":"2023-06-14T08:47:09","slug":"tasma-gaffer","status":"publish","type":"page","link":"https:\/\/cardinal-tapes.com\/pl\/tasmy-samoprzylepne-pl\/tasma-klejaca-abc\/tasma-gaffer\/","title":{"rendered":"Ta\u015bma Gaffer"},"content":{"rendered":"<div id='av_section_1'  class='avia-section av-bydtqc-24fedfd326f384209f24a9edcefe0d87 alternate_color avia-section-default avia-no-border-styling  avia-builder-el-0  el_before_av_section  avia-builder-el-first  avia-bg-style-scroll container_wrap fullsize'  ><div class='container av-section-cont-open' ><main  role=\"main\" itemprop=\"mainContentOfPage\"  class='template-page content  av-content-full alpha units'><div class='post-entry post-entry-type-page post-entry-31324'><div class='entry-content-wrapper clearfix'>\n<div  class='flex_column av-a58kpw-75abf82ad90fdc81efbde074836a6b4a av_one_full  avia-builder-el-1  el_before_av_one_half  avia-builder-el-first  first flex_column_div  '     ><div class=\"pxl-headline pxl-hl hl-wrap | hl-sub--bot hl--align-left hl--no-margin    \">\n        <div class=\"hl-inner\">\n            <h2 class=\"hl-main hl-line |  hl_main--default  \">Ta\u015bma Gaffer<\/h2>\n            \n    <\/div>\n<\/div><\/div><div  class='flex_column av-9bcefo-bee8d7c371b958019caa9fd446c8be36 av_one_half  avia-builder-el-3  el_after_av_one_full  el_before_av_one_half  first flex_column_div  column-top-margin'     ><section  class='av_textblock_section av-abkmlg-45696c965b57957ec6c0519b673796c7 '   itemscope=\"itemscope\" itemtype=\"https:\/\/schema.org\/CreativeWork\" ><div class='avia_textblock'  itemprop=\"text\" ><p>Bardzo wa\u017cnym rodzajem ta\u015bmy jest ta\u015bma gaffer. Te <a href=\"\/klebebaender\/\">ta\u015bmy samoprzylepne<\/a> mog\u0105 by\u0107 stosowane w r\u00f3\u017cnych obszarach, ale s\u0105 g\u0142\u00f3wnie u\u017cywane w \u017cyciu codziennym na <a href=\"https:\/\/cardinal-tapes.com\/pl\/tasmy-samoprzylepne-pl\/obszary-zastosowania\/technologia-wydarzen\/\">koncertach, targach i innych wydarzeniach<\/a>. W szczeg\u00f3lno\u015bci ta\u015bma gaffer jest u\u017cywana do mocowania kabli, zamykania szczelin lub oznaczania obszar\u00f3w. Te zastosowania s\u0105 mo\u017cliwe dzi\u0119ki specjalnym w\u0142a\u015bciwo\u015bciom ta\u015bmy gaffer.<\/p>\n<\/div><\/section><\/div><div  class='flex_column av-7ienhg-bbbf7125f4c8a33d4bcedbe45f9e707d av_one_half  avia-builder-el-5  el_after_av_one_half  avia-builder-el-last  flex_column_div  column-top-margin'     ><section  class='av_textblock_section av-705ad0-4f23ee799f11f61cc32da429b5325905 '   itemscope=\"itemscope\" itemtype=\"https:\/\/schema.org\/CreativeWork\" ><div class='avia_textblock small'  itemprop=\"text\" ><h4>Cechy szczeg\u00f3lne ta\u015bmy gaflowej<\/h4>\n<p>Szczeg\u00f3lne w\u0142a\u015bciwo\u015bci ta\u015bmy Gaffer Tape to przede wszystkim wysoka si\u0142a klejenia i doskona\u0142a \u0142atwo\u015b\u0107 obs\u0142ugi. Ponadto ta\u015bm\u0119 samoprzylepn\u0105 mo\u017cna \u0142atwo usun\u0105\u0107 z powierzchni bez pozostawiania \u015blad\u00f3w. Poniewa\u017c ta\u015bm\u0119 gaflow\u0105 mo\u017cna oderwa\u0107 r\u0119cznie, jest ona szczeg\u00f3lnie popularna podczas cz\u0119sto gor\u0105czkowej budowy sceny. Mo\u017cna szybko naprawi\u0107 kable, zabezpieczy\u0107 ustawienia d\u017awi\u0119ku lub dokona\u0107 drobnych napraw. Ponadto poszczeg\u00f3lne ta\u015bmy samoprzylepne maj\u0105 r\u00f3\u017cne w\u0142a\u015bciwo\u015bci i zalety. Na przyk\u0142ad ta\u015bmy samoprzylepne s\u0105 dost\u0119pne w r\u00f3\u017cnych kolorach i z r\u00f3\u017cnych materia\u0142\u00f3w, aby spe\u0142ni\u0107 specjalne wymagania.<\/p>\n<p>Je\u015bli masz jakiekolwiek pytania dotycz\u0105ce naszych ta\u015bm gaflowych, ch\u0119tnie Ci doradzimy. <a href=\"https:\/\/cardinal-tapes.com\/pl\/opakowanie\/\">Tworzymy<\/a> nasze ta\u015bmy tak, aby odpowiednia ta\u015bma gaflowa by\u0142a zawsze dost\u0119pna, nawet w przypadku specjalnych wymaga\u0144.<\/p>\n<\/div><\/section><\/div>\n\n<\/div><\/div><\/main><!-- close content main element --><\/div><\/div><div id='av_section_2'  class='avia-section av-5v7b38-b5ea04b08857902e60e9a445f95c2aa2 main_color avia-section-default avia-no-border-styling  avia-builder-el-7  el_after_av_section  avia-builder-el-last  gradient-section avia-bg-style-scroll container_wrap fullsize'  ><div class='container av-section-cont-open' ><div class='template-page content  av-content-full alpha units'><div class='post-entry post-entry-type-page post-entry-31324'><div class='entry-content-wrapper clearfix'>\n<div  class='flex_column av-42qhpg-a3675757c660d1e9dc0ccf5aebb9d5f2 av_one_full  avia-builder-el-8  avia-builder-el-no-sibling  first flex_column_div  '     ><p><div class=\"pxl-headline pxl-hl hl-wrap | hl-sub--bot hl--align-left hl--no-margin    \">\n        <div class=\"hl-inner\">\n            <h2 class=\"hl-main hl-line |  hl_main--default  \">Interesuj\u0105ce produkty<\/h2>\n            \n    <\/div>\n<\/div>\n<br \/>\n<div   data-autoplay=''  data-interval='5'  data-animation='fade'  data-hoverpause='1'  class='template-shop avia-content-slider avia-content-slider-active avia-product-slider1 avia-content-slider-even  avia-builder-el-10  el_after_pixel_sc_headline  el_before_av_button   shop_columns_4' ><div class='avia-content-slider-inner'><ul class=\"products slide-entry-wrap\"><li class=\"product type-product post-55831 status-publish first instock product_cat-przemysl-budowlany product_cat-przemysl-betonowy product_cat-tasma-klejaca-do-tkanin product_cat-przemysl-tekstylny product_cat-jednostronne-tasmy-samoprzylepne product_cat-tasma-gaffer has-post-thumbnail taxable shipping-taxable purchasable product-type-variable\">\n\t<div class='inner_product main_color wrapped_style noLightbox  av-product-class-no_button'><a href=\"https:\/\/cardinal-tapes.com\/pl\/ta\u015bmy-samoprzylepne\/jednostronne-tasmy-samoprzylepne\/tasma-gaffer\/ca-34-pe-coated-fabric-adhesive-tape\/\" class=\"woocommerce-LoopProduct-link woocommerce-loop-product__link\"><div class=\"thumbnail_container\"><img decoding=\"async\" loading=\"lazy\" width=\"450\" height=\"450\" src=\"https:\/\/cardinal-tapes.com\/wp-content\/uploads\/CA_34_02_retouched-450x450.jpg\" class=\"wp-image-26858 avia-img-lazy-loading-26858 attachment-shop_catalog size-shop_catalog wp-post-image\" alt=\"CA-34 Ta\u015bma samoprzylepna z tkaniny powlekanej PE - jednostronny, Tkanina, Kauczuk naturalny - Ilustracja 26858\" srcset=\"https:\/\/cardinal-tapes.com\/wp-content\/uploads\/CA_34_02_retouched-450x450.jpg 450w, https:\/\/cardinal-tapes.com\/wp-content\/uploads\/CA_34_02_retouched-120x120.jpg 120w, https:\/\/cardinal-tapes.com\/wp-content\/uploads\/CA_34_02_retouched-80x80.jpg 80w, https:\/\/cardinal-tapes.com\/wp-content\/uploads\/CA_34_02_retouched-36x36.jpg 36w, https:\/\/cardinal-tapes.com\/wp-content\/uploads\/CA_34_02_retouched-180x180.jpg 180w, https:\/\/cardinal-tapes.com\/wp-content\/uploads\/CA_34_02_retouched-100x100.jpg 100w\" sizes=\"auto, (max-width: 450px) 100vw, 450px\" \/><\/div><div class='inner_product_header'><div class='avia-arrow'><\/div><div class='inner_product_header_table'><div class='inner_product_header_cell'><span class=\"is-h2 woocommerce-loop-product__title\">CA-34 Ta\u015bma samoprzylepna z tkaniny powlekanej PE<\/span>\t\t<div class=\"product-infos\">\n\t\t\t\t\t\t\t<span class='product-infos__item'><b>Pow\u0142oka:<\/b> jednostronny<\/span>\n\t\t\t\t\t\t\t\t\t\t<span class='product-infos__item'><b>Rodzaj materia\u0142u:<\/b> Tkanina<\/span>\n\t\t\t\t\t\t\t\t\t\t<span class='product-infos__item'><b>Producent:<\/b> cardinal GmbH<\/span>\n\t\t\t\t\t\t\t\t\t\t<span class='product-infos__item'><b>Cena na \u017c\u0105danie<\/b><\/span>\n\t\t\t\t\t<\/div>\n\t<\/div><\/div><\/div><\/a><\/div><\/li>\n<li class=\"product type-product post-38769 status-publish instock product_cat-inzynieria-mechaniczna product_cat-jednostronne-tasmy-samoprzylepne product_cat-tasma-gaffer product_cat-tasma-klejaca-do-tkanin product_cat-tasma-powlekana-tworzywem-sztucznym product_cat-przemysl-tworzyw-sztucznych has-post-thumbnail featured taxable shipping-taxable purchasable product-type-variable\">\n\t<div class='inner_product main_color wrapped_style noLightbox  av-product-class-no_button'><a href=\"https:\/\/cardinal-tapes.com\/pl\/ta\u015bmy-samoprzylepne\/jednostronne-tasmy-samoprzylepne\/tasma-gaffer\/scapa-t3601-ognioodporna-wodoodporna-tasma-tkaninowa\/\" class=\"woocommerce-LoopProduct-link woocommerce-loop-product__link\"><div class=\"thumbnail_container\"><img decoding=\"async\" loading=\"lazy\" width=\"450\" height=\"450\" src=\"https:\/\/cardinal-tapes.com\/wp-content\/uploads\/T3601-450x450.jpg\" class=\"wp-image-29094 avia-img-lazy-loading-29094 attachment-shop_catalog size-shop_catalog wp-post-image\" alt=\"Ognioodporna wodoodporna ta\u015bma tkaninowa Scapa T3601 - jednostronny, Tkanina, Kauczuk naturalny - Ilustracja 29094\" srcset=\"https:\/\/cardinal-tapes.com\/wp-content\/uploads\/T3601-450x450.jpg 450w, https:\/\/cardinal-tapes.com\/wp-content\/uploads\/T3601-80x80.jpg 80w, https:\/\/cardinal-tapes.com\/wp-content\/uploads\/T3601-200x200.jpg 200w, https:\/\/cardinal-tapes.com\/wp-content\/uploads\/T3601-768x768.jpg 768w, https:\/\/cardinal-tapes.com\/wp-content\/uploads\/T3601-1030x1030.jpg 1030w, https:\/\/cardinal-tapes.com\/wp-content\/uploads\/T3601-1536x1536.jpg 1536w, https:\/\/cardinal-tapes.com\/wp-content\/uploads\/T3601-36x36.jpg 36w, https:\/\/cardinal-tapes.com\/wp-content\/uploads\/T3601-180x180.jpg 180w, https:\/\/cardinal-tapes.com\/wp-content\/uploads\/T3601-1500x1500.jpg 1500w, https:\/\/cardinal-tapes.com\/wp-content\/uploads\/T3601-705x705.jpg 705w, https:\/\/cardinal-tapes.com\/wp-content\/uploads\/T3601-120x120.jpg 120w, https:\/\/cardinal-tapes.com\/wp-content\/uploads\/T3601-100x100.jpg 100w, https:\/\/cardinal-tapes.com\/wp-content\/uploads\/T3601.jpg 2047w\" sizes=\"auto, (max-width: 450px) 100vw, 450px\" \/><\/div><div class='inner_product_header'><div class='avia-arrow'><\/div><div class='inner_product_header_table'><div class='inner_product_header_cell'><span class=\"is-h2 woocommerce-loop-product__title\">Ognioodporna wodoodporna ta\u015bma tkaninowa Scapa T3601<\/span>\t\t<div class=\"product-infos\">\n\t\t\t\t\t\t\t<span class='product-infos__item'><b>Pow\u0142oka:<\/b> jednostronny<\/span>\n\t\t\t\t\t\t\t\t\t\t<span class='product-infos__item'><b>Rodzaj materia\u0142u:<\/b> Tkanina<\/span>\n\t\t\t\t\t\t\t\t\t\t<span class='product-infos__item'><b>Producent:<\/b> Scapa<\/span>\n\t\t\t\t\t\t\t\t\t\t<span class='product-infos__item'><b>Cena na \u017c\u0105danie<\/b><\/span>\n\t\t\t\t\t<\/div>\n\t<\/div><\/div><\/div><\/a><\/div><\/li>\n<li class=\"product type-product post-38768 status-publish instock product_cat-przemysl-betonowy product_cat-przemysl-elektryczny product_cat-tasma-klejaca-do-tkanin product_cat-tasma-powlekana-tworzywem-sztucznym product_cat-przemysl-tworzyw-sztucznych product_cat-inzynieria-mechaniczna product_cat-stal-i-szklo product_cat-przemysl-tekstylny product_cat-jednostronne-tasmy-samoprzylepne product_cat-branza-budowlana product_cat-tasma-gaffer product_cat-przemysl-budowlany has-post-thumbnail featured taxable shipping-taxable purchasable product-type-variable\">\n\t<div class='inner_product main_color wrapped_style noLightbox  av-product-class-no_button'><a href=\"https:\/\/cardinal-tapes.com\/pl\/ta\u015bmy-samoprzylepne\/jednostronne-tasmy-samoprzylepne\/tasma-gaffer\/tesa-4615-duct-tape\/\" class=\"woocommerce-LoopProduct-link woocommerce-loop-product__link\"><div class=\"thumbnail_container\"><img decoding=\"async\" loading=\"lazy\" width=\"450\" height=\"450\" src=\"https:\/\/cardinal-tapes.com\/wp-content\/uploads\/tesa-04615-PV1-general-purpose-duct-tape-31-recycled-share-gray-family-pr-450x450.jpg\" class=\"wp-image-77548 avia-img-lazy-loading-77548 attachment-shop_catalog size-shop_catalog wp-post-image\" alt=\"Ta\u015bma klej\u0105ca tesa\u00ae 4615 - jednostronny, Tkanina, Kauczuk syntetyczny - Ilustracja 77548\" srcset=\"https:\/\/cardinal-tapes.com\/wp-content\/uploads\/tesa-04615-PV1-general-purpose-duct-tape-31-recycled-share-gray-family-pr-450x450.jpg 450w, https:\/\/cardinal-tapes.com\/wp-content\/uploads\/tesa-04615-PV1-general-purpose-duct-tape-31-recycled-share-gray-family-pr-200x200.jpg 200w, https:\/\/cardinal-tapes.com\/wp-content\/uploads\/tesa-04615-PV1-general-purpose-duct-tape-31-recycled-share-gray-family-pr-1030x1030.jpg 1030w, https:\/\/cardinal-tapes.com\/wp-content\/uploads\/tesa-04615-PV1-general-purpose-duct-tape-31-recycled-share-gray-family-pr-80x80.jpg 80w, https:\/\/cardinal-tapes.com\/wp-content\/uploads\/tesa-04615-PV1-general-purpose-duct-tape-31-recycled-share-gray-family-pr-768x768.jpg 768w, https:\/\/cardinal-tapes.com\/wp-content\/uploads\/tesa-04615-PV1-general-purpose-duct-tape-31-recycled-share-gray-family-pr-1536x1536.jpg 1536w, https:\/\/cardinal-tapes.com\/wp-content\/uploads\/tesa-04615-PV1-general-purpose-duct-tape-31-recycled-share-gray-family-pr-2048x2048.jpg 2048w, https:\/\/cardinal-tapes.com\/wp-content\/uploads\/tesa-04615-PV1-general-purpose-duct-tape-31-recycled-share-gray-family-pr-36x36.jpg 36w, https:\/\/cardinal-tapes.com\/wp-content\/uploads\/tesa-04615-PV1-general-purpose-duct-tape-31-recycled-share-gray-family-pr-180x180.jpg 180w, https:\/\/cardinal-tapes.com\/wp-content\/uploads\/tesa-04615-PV1-general-purpose-duct-tape-31-recycled-share-gray-family-pr-1500x1500.jpg 1500w, https:\/\/cardinal-tapes.com\/wp-content\/uploads\/tesa-04615-PV1-general-purpose-duct-tape-31-recycled-share-gray-family-pr-705x705.jpg 705w, https:\/\/cardinal-tapes.com\/wp-content\/uploads\/tesa-04615-PV1-general-purpose-duct-tape-31-recycled-share-gray-family-pr-120x120.jpg 120w, https:\/\/cardinal-tapes.com\/wp-content\/uploads\/tesa-04615-PV1-general-purpose-duct-tape-31-recycled-share-gray-family-pr-100x100.jpg 100w\" sizes=\"auto, (max-width: 450px) 100vw, 450px\" \/><\/div><div class='inner_product_header'><div class='avia-arrow'><\/div><div class='inner_product_header_table'><div class='inner_product_header_cell'><span class=\"is-h2 woocommerce-loop-product__title\">Ta\u015bma klej\u0105ca tesa\u00ae 4615<\/span>\t\t<div class=\"product-infos\">\n\t\t\t\t\t\t\t<span class='product-infos__item'><b>Pow\u0142oka:<\/b> jednostronny<\/span>\n\t\t\t\t\t\t\t\t\t\t<span class='product-infos__item'><b>Rodzaj materia\u0142u:<\/b> Tkanina<\/span>\n\t\t\t\t\t\t\t\t\t\t<span class='product-infos__item'><b>Producent:<\/b> tesa<\/span>\n\t\t\t\t\t\t\t\t\t\t<span class='product-infos__item'><b>Cena na \u017c\u0105danie<\/b><\/span>\n\t\t\t\t\t<\/div>\n\t<\/div><\/div><\/div><\/a><\/div><\/li>\n<li class=\"product type-product post-59925 status-publish last instock product_cat-jednostronne-tasmy-samoprzylepne product_cat-branza-budowlana product_cat-tasma-gaffer product_cat-przemysl-budowlany product_cat-przemysl-betonowy product_cat-przemysl-elektryczny product_cat-tasma-klejaca-do-tkanin product_cat-tasma-powlekana-tworzywem-sztucznym product_cat-przemysl-tworzyw-sztucznych product_cat-inzynieria-mechaniczna product_cat-stal-i-szklo product_cat-przemysl-tekstylny has-post-thumbnail featured taxable shipping-taxable purchasable product-type-variable\">\n\t<div class='inner_product main_color wrapped_style noLightbox  av-product-class-no_button'><a href=\"https:\/\/cardinal-tapes.com\/pl\/ta\u015bmy-samoprzylepne\/jednostronne-tasmy-samoprzylepne\/tasma-gaffer\/tesa-4651-premium-fabric-tape\/\" class=\"woocommerce-LoopProduct-link woocommerce-loop-product__link\"><div class=\"thumbnail_container\"><img decoding=\"async\" loading=\"lazy\" width=\"450\" height=\"450\" src=\"https:\/\/cardinal-tapes.com\/wp-content\/uploads\/tesa-04651-450x450.jpg\" class=\"wp-image-26082 avia-img-lazy-loading-26082 attachment-shop_catalog size-shop_catalog wp-post-image\" alt=\"Ta\u015bma materia\u0142owa tesaband\u00ae 4651 Premium - jednostronny, Tkanina, Kauczuk naturalny - Ilustracja 26082\" srcset=\"https:\/\/cardinal-tapes.com\/wp-content\/uploads\/tesa-04651-450x450.jpg 450w, https:\/\/cardinal-tapes.com\/wp-content\/uploads\/tesa-04651-120x120.jpg 120w, https:\/\/cardinal-tapes.com\/wp-content\/uploads\/tesa-04651-80x80.jpg 80w, https:\/\/cardinal-tapes.com\/wp-content\/uploads\/tesa-04651-200x200.jpg 200w, https:\/\/cardinal-tapes.com\/wp-content\/uploads\/tesa-04651-36x36.jpg 36w, https:\/\/cardinal-tapes.com\/wp-content\/uploads\/tesa-04651-180x180.jpg 180w, https:\/\/cardinal-tapes.com\/wp-content\/uploads\/tesa-04651-100x100.jpg 100w, https:\/\/cardinal-tapes.com\/wp-content\/uploads\/tesa-04651.jpg 600w\" sizes=\"auto, (max-width: 450px) 100vw, 450px\" \/><\/div><div class='inner_product_header'><div class='avia-arrow'><\/div><div class='inner_product_header_table'><div class='inner_product_header_cell'><span class=\"is-h2 woocommerce-loop-product__title\">Ta\u015bma materia\u0142owa tesaband\u00ae 4651 Premium<\/span>\t\t<div class=\"product-infos\">\n\t\t\t\t\t\t\t<span class='product-infos__item'><b>Pow\u0142oka:<\/b> jednostronny<\/span>\n\t\t\t\t\t\t\t\t\t\t<span class='product-infos__item'><b>Rodzaj materia\u0142u:<\/b> Tkanina<\/span>\n\t\t\t\t\t\t\t\t\t\t<span class='product-infos__item'><b>Producent:<\/b> tesa<\/span>\n\t\t\t\t\t\t\t\t\t\t<span class='product-infos__item'><b>Cena na \u017c\u0105danie<\/b><\/span>\n\t\t\t\t\t<\/div>\n\t<\/div><\/div><\/div><\/a><\/div><\/li>\n<\/ul><\/div><\/div><div class=\"clear\"><\/div><br \/>\n<div  class='avia-button-wrap av-34fpjo-c2a96d685e04f321944dc07d5422fa0f-wrap avia-button-left '><a href='https:\/\/cardinal-tapes.com\/klebebaender\/'  class='avia-button av-34fpjo-c2a96d685e04f321944dc07d5422fa0f avia-icon_select-no avia-size-medium avia-position-left avia-color-theme-color layout-border color-white'  ><span class='avia_iconbox_title' >Wszystkie produkty<\/span><\/a><\/div><\/p><\/div>\n","protected":false},"excerpt":{"rendered":"","protected":false},"author":1,"featured_media":0,"parent":30844,"menu_order":14,"comment_status":"closed","ping_status":"closed","template":"","meta":{"_acf_changed":false,"footnotes":""},"class_list":["post-31324","page","type-page","status-publish","hentry"],"acf":[],"yoast_head":"<!-- This site is optimized with the Yoast SEO plugin v27.3 - https:\/\/yoast.com\/product\/yoast-seo-wordpress\/ -->\n<title>Ta\u015bma Gaffer - cardinal TAPES<\/title>\n<meta name=\"description\" content=\"Szczeg\u00f3lne w\u0142a\u015bciwo\u015bci ta\u015bmy Gaffer Tape to przede wszystkim wysoka si\u0142a klejenia i doskona\u0142a \u0142atwo\u015b\u0107 obs\u0142ugi.\" \/>\n<meta name=\"robots\" content=\"index, follow, max-snippet:-1, max-image-preview:large, max-video-preview:-1\" \/>\n<link rel=\"canonical\" href=\"https:\/\/cardinal-tapes.com\/pl\/tasmy-samoprzylepne-pl\/tasma-klejaca-abc\/tasma-gaffer\/\" \/>\n<meta property=\"og:locale\" content=\"pl_PL\" \/>\n<meta property=\"og:type\" content=\"article\" \/>\n<meta property=\"og:title\" content=\"Ta\u015bma Gaffer - cardinal TAPES\" \/>\n<meta property=\"og:description\" content=\"Szczeg\u00f3lne w\u0142a\u015bciwo\u015bci ta\u015bmy Gaffer Tape to przede wszystkim wysoka si\u0142a klejenia i doskona\u0142a \u0142atwo\u015b\u0107 obs\u0142ugi.\" \/>\n<meta property=\"og:url\" content=\"https:\/\/cardinal-tapes.com\/pl\/tasmy-samoprzylepne-pl\/tasma-klejaca-abc\/tasma-gaffer\/\" \/>\n<meta property=\"og:site_name\" content=\"cardinal TAPES\" \/>\n<meta property=\"article:modified_time\" content=\"2023-06-14T08:47:09+00:00\" \/>\n<meta name=\"twitter:card\" content=\"summary_large_image\" \/>\n<meta name=\"twitter:label1\" content=\"Szacowany czas czytania\" \/>\n\t<meta name=\"twitter:data1\" content=\"15 minut\" \/>\n<script type=\"application\/ld+json\" class=\"yoast-schema-graph\">{\"@context\":\"https:\\\/\\\/schema.org\",\"@graph\":[{\"@type\":\"WebPage\",\"@id\":\"https:\\\/\\\/cardinal-tapes.com\\\/pl\\\/tasmy-samoprzylepne-pl\\\/tasma-klejaca-abc\\\/tasma-gaffer\\\/\",\"url\":\"https:\\\/\\\/cardinal-tapes.com\\\/pl\\\/tasmy-samoprzylepne-pl\\\/tasma-klejaca-abc\\\/tasma-gaffer\\\/\",\"name\":\"Ta\u015bma Gaffer - cardinal TAPES\",\"isPartOf\":{\"@id\":\"https:\\\/\\\/cardinal-tapes.com\\\/#website\"},\"datePublished\":\"2023-06-02T08:59:42+00:00\",\"dateModified\":\"2023-06-14T08:47:09+00:00\",\"description\":\"Szczeg\u00f3lne w\u0142a\u015bciwo\u015bci ta\u015bmy Gaffer Tape to przede wszystkim wysoka si\u0142a klejenia i doskona\u0142a \u0142atwo\u015b\u0107 obs\u0142ugi.\",\"breadcrumb\":{\"@id\":\"https:\\\/\\\/cardinal-tapes.com\\\/pl\\\/tasmy-samoprzylepne-pl\\\/tasma-klejaca-abc\\\/tasma-gaffer\\\/#breadcrumb\"},\"inLanguage\":\"pl-PL\",\"potentialAction\":[{\"@type\":\"ReadAction\",\"target\":[\"https:\\\/\\\/cardinal-tapes.com\\\/pl\\\/tasmy-samoprzylepne-pl\\\/tasma-klejaca-abc\\\/tasma-gaffer\\\/\"]}]},{\"@type\":\"BreadcrumbList\",\"@id\":\"https:\\\/\\\/cardinal-tapes.com\\\/pl\\\/tasmy-samoprzylepne-pl\\\/tasma-klejaca-abc\\\/tasma-gaffer\\\/#breadcrumb\",\"itemListElement\":[{\"@type\":\"ListItem\",\"position\":1,\"name\":\"Startseite\",\"item\":\"https:\\\/\\\/cardinal-tapes.com\\\/pl\\\/strona-glowna\\\/\"},{\"@type\":\"ListItem\",\"position\":2,\"name\":\"Ta\u015bmy samoprzylepne\",\"item\":\"https:\\\/\\\/cardinal-tapes.com\\\/pl\\\/tasmy-samoprzylepne-pl\\\/\"},{\"@type\":\"ListItem\",\"position\":3,\"name\":\"Ta\u015bma klej\u0105ca ABC\",\"item\":\"https:\\\/\\\/cardinal-tapes.com\\\/pl\\\/tasmy-samoprzylepne-pl__trashed\\\/tasma-klejaca-abc\\\/\"},{\"@type\":\"ListItem\",\"position\":4,\"name\":\"Ta\u015bma Gaffer\"}]},{\"@type\":\"WebSite\",\"@id\":\"https:\\\/\\\/cardinal-tapes.com\\\/#website\",\"url\":\"https:\\\/\\\/cardinal-tapes.com\\\/\",\"name\":\"cardinal TAPES\",\"description\":\"Klebetechnik aus Wuppertal\",\"potentialAction\":[{\"@type\":\"SearchAction\",\"target\":{\"@type\":\"EntryPoint\",\"urlTemplate\":\"https:\\\/\\\/cardinal-tapes.com\\\/?s={search_term_string}\"},\"query-input\":{\"@type\":\"PropertyValueSpecification\",\"valueRequired\":true,\"valueName\":\"search_term_string\"}}],\"inLanguage\":\"pl-PL\"}]}<\/script>\n<!-- \/ Yoast SEO plugin. -->","yoast_head_json":{"title":"Ta\u015bma Gaffer - cardinal TAPES","description":"Szczeg\u00f3lne w\u0142a\u015bciwo\u015bci ta\u015bmy Gaffer Tape to przede wszystkim wysoka si\u0142a klejenia i doskona\u0142a \u0142atwo\u015b\u0107 obs\u0142ugi.","robots":{"index":"index","follow":"follow","max-snippet":"max-snippet:-1","max-image-preview":"max-image-preview:large","max-video-preview":"max-video-preview:-1"},"canonical":"https:\/\/cardinal-tapes.com\/pl\/tasmy-samoprzylepne-pl\/tasma-klejaca-abc\/tasma-gaffer\/","og_locale":"pl_PL","og_type":"article","og_title":"Ta\u015bma Gaffer - cardinal TAPES","og_description":"Szczeg\u00f3lne w\u0142a\u015bciwo\u015bci ta\u015bmy Gaffer Tape to przede wszystkim wysoka si\u0142a klejenia i doskona\u0142a \u0142atwo\u015b\u0107 obs\u0142ugi.","og_url":"https:\/\/cardinal-tapes.com\/pl\/tasmy-samoprzylepne-pl\/tasma-klejaca-abc\/tasma-gaffer\/","og_site_name":"cardinal TAPES","article_modified_time":"2023-06-14T08:47:09+00:00","twitter_card":"summary_large_image","twitter_misc":{"Szacowany czas czytania":"15 minut"},"schema":{"@context":"https:\/\/schema.org","@graph":[{"@type":"WebPage","@id":"https:\/\/cardinal-tapes.com\/pl\/tasmy-samoprzylepne-pl\/tasma-klejaca-abc\/tasma-gaffer\/","url":"https:\/\/cardinal-tapes.com\/pl\/tasmy-samoprzylepne-pl\/tasma-klejaca-abc\/tasma-gaffer\/","name":"Ta\u015bma Gaffer - cardinal TAPES","isPartOf":{"@id":"https:\/\/cardinal-tapes.com\/#website"},"datePublished":"2023-06-02T08:59:42+00:00","dateModified":"2023-06-14T08:47:09+00:00","description":"Szczeg\u00f3lne w\u0142a\u015bciwo\u015bci ta\u015bmy Gaffer Tape to przede wszystkim wysoka si\u0142a klejenia i doskona\u0142a \u0142atwo\u015b\u0107 obs\u0142ugi.","breadcrumb":{"@id":"https:\/\/cardinal-tapes.com\/pl\/tasmy-samoprzylepne-pl\/tasma-klejaca-abc\/tasma-gaffer\/#breadcrumb"},"inLanguage":"pl-PL","potentialAction":[{"@type":"ReadAction","target":["https:\/\/cardinal-tapes.com\/pl\/tasmy-samoprzylepne-pl\/tasma-klejaca-abc\/tasma-gaffer\/"]}]},{"@type":"BreadcrumbList","@id":"https:\/\/cardinal-tapes.com\/pl\/tasmy-samoprzylepne-pl\/tasma-klejaca-abc\/tasma-gaffer\/#breadcrumb","itemListElement":[{"@type":"ListItem","position":1,"name":"Startseite","item":"https:\/\/cardinal-tapes.com\/pl\/strona-glowna\/"},{"@type":"ListItem","position":2,"name":"Ta\u015bmy samoprzylepne","item":"https:\/\/cardinal-tapes.com\/pl\/tasmy-samoprzylepne-pl\/"},{"@type":"ListItem","position":3,"name":"Ta\u015bma klej\u0105ca ABC","item":"https:\/\/cardinal-tapes.com\/pl\/tasmy-samoprzylepne-pl__trashed\/tasma-klejaca-abc\/"},{"@type":"ListItem","position":4,"name":"Ta\u015bma Gaffer"}]},{"@type":"WebSite","@id":"https:\/\/cardinal-tapes.com\/#website","url":"https:\/\/cardinal-tapes.com\/","name":"cardinal TAPES","description":"Klebetechnik aus Wuppertal","potentialAction":[{"@type":"SearchAction","target":{"@type":"EntryPoint","urlTemplate":"https:\/\/cardinal-tapes.com\/?s={search_term_string}"},"query-input":{"@type":"PropertyValueSpecification","valueRequired":true,"valueName":"search_term_string"}}],"inLanguage":"pl-PL"}]}},"_links":{"self":[{"href":"https:\/\/cardinal-tapes.com\/pl\/wp-json\/wp\/v2\/pages\/31324","targetHints":{"allow":["GET"]}}],"collection":[{"href":"https:\/\/cardinal-tapes.com\/pl\/wp-json\/wp\/v2\/pages"}],"about":[{"href":"https:\/\/cardinal-tapes.com\/pl\/wp-json\/wp\/v2\/types\/page"}],"author":[{"embeddable":true,"href":"https:\/\/cardinal-tapes.com\/pl\/wp-json\/wp\/v2\/users\/1"}],"replies":[{"embeddable":true,"href":"https:\/\/cardinal-tapes.com\/pl\/wp-json\/wp\/v2\/comments?post=31324"}],"version-history":[{"count":0,"href":"https:\/\/cardinal-tapes.com\/pl\/wp-json\/wp\/v2\/pages\/31324\/revisions"}],"up":[{"embeddable":true,"href":"https:\/\/cardinal-tapes.com\/pl\/wp-json\/wp\/v2\/pages\/30844"}],"wp:attachment":[{"href":"https:\/\/cardinal-tapes.com\/pl\/wp-json\/wp\/v2\/media?parent=31324"}],"curies":[{"name":"wp","href":"https:\/\/api.w.org\/{rel}","templated":true}]}}