{"id":31296,"date":"2023-06-02T10:59:28","date_gmt":"2023-06-02T08:59:28","guid":{"rendered":"https:\/\/cardinal.pixel-tal.de\/tasmy-samoprzylepne\/tasma-klejaca-abc\/tasma-transferowa\/"},"modified":"2023-06-14T10:47:09","modified_gmt":"2023-06-14T08:47:09","slug":"tasma-transferowa","status":"publish","type":"page","link":"https:\/\/cardinal-tapes.com\/pl\/tasmy-samoprzylepne-pl\/tasma-klejaca-abc\/tasma-transferowa\/","title":{"rendered":"Ta\u015bma transferowa"},"content":{"rendered":"<div id='av_section_1'  class='avia-section av-3hysj8r-88e2d18683ece1e0c16262f3aabcbd15 alternate_color avia-section-default avia-no-border-styling  avia-builder-el-0  el_before_av_section  avia-builder-el-first  avia-bg-style-scroll container_wrap fullsize'  ><div class='container av-section-cont-open' ><main  role=\"main\" itemprop=\"mainContentOfPage\"  class='template-page content  av-content-full alpha units'><div class='post-entry post-entry-type-page post-entry-31296'><div class='entry-content-wrapper clearfix'>\n<div  class='flex_column av-2ucyecr-07eb1576d0e3330d06eeae29523c41c2 av_one_full  avia-builder-el-1  el_before_av_one_half  avia-builder-el-first  first flex_column_div  '     ><div class=\"pxl-headline pxl-hl hl-wrap | hl-sub--off hl--align-left hl--no-margin    \">\n        <div class=\"hl-inner\">\n            <h2 class=\"hl-main hl-line |  hl_main--default  \">Ta\u015bma transferowa<\/h2>\n            \n    <\/div>\n<\/div><\/div><div  class='flex_column av-2mng9aj-3c56a91b56804b6c67366dfdf0ee5cdd av_one_half  avia-builder-el-3  el_after_av_one_full  el_before_av_one_half  first flex_column_div  column-top-margin'     ><section  class='av_textblock_section av-2uclje3-c11f71b4d87657e431061aadcd74c257 '   itemscope=\"itemscope\" itemtype=\"https:\/\/schema.org\/CreativeWork\" ><div class='avia_textblock'  itemprop=\"text\" ><p>W przemy\u015ble, a zw\u0142aszcza w bran\u017cy motoryzacyjnej, istnieje wiele zastosowa\u0144, w kt\u00f3rych potrzebne s\u0105 specjalne dwustronne ta\u015bmy samoprzylepne, tzw. ta\u015bmy transferowe. Charakteryzuj\u0105 si\u0119 one silnie przylegaj\u0105cym klejem akrylowym, kt\u00f3ry jest \u0142\u0105czony bez podk\u0142adu. Oznacza to, \u017ce ta\u015bmy transferowe le\u017c\u0105 wyj\u0105tkowo p\u0142asko, co oznacza, \u017ce r\u00f3\u017cne komponenty mog\u0105 by\u0107 \u0142\u0105czone bezszwowo. Ponadto w ta\u015bmach zastosowano niezwykle mocne warstwy kleju, aby zagwarantowa\u0107 niezawodne mocowanie. Dzi\u0119ki temu ta\u015bmy transferowe nadaj\u0105 si\u0119 do r\u00f3\u017cnych rodzaj\u00f3w zastosowa\u0144 ko\u0144cowych. Bardzo dobre wyniki osi\u0105ga si\u0119 na powierzchniach wykonanych ze stali (8, N\/cm), poliw\u0119glanu (7,6 N\/cm) i polistyrenu (7,2 N\/cm). Ponadto ta\u015bmy transferowe s\u0105 niezwykle odporne na efekty starzenia, takie jak promieniowanie UV i wilgo\u0107. Mog\u0105 wytrzyma\u0107 temperatury do 200 stopni w kr\u00f3tkim okresie i do 80 stopni w d\u0142ugim okresie.<\/p>\n<\/div><\/section><\/div><div  class='flex_column av-248fy17-2e5bebc5725a65b7a770f95ce58d54c9 av_one_half  avia-builder-el-5  el_after_av_one_half  avia-builder-el-last  flex_column_div  column-top-margin'     ><section  class='av_textblock_section av-1xhvy6j-b4324e012f51c195f4471ae8bae178ea '   itemscope=\"itemscope\" itemtype=\"https:\/\/schema.org\/CreativeWork\" ><div class='avia_textblock'  itemprop=\"text\" ><h4>Ta\u015bmy transferowe &#8211; uniwersalne ta\u015bmy bez no\u015bnika<\/h4>\n<p>Ta\u015bmy transferowe charakteryzuj\u0105 si\u0119 bezno\u015bnikow\u0105 warstw\u0105 klej\u0105c\u0105. W\u0142a\u015bciwa ta\u015bma sk\u0142ada si\u0119 zatem tylko z warstwy kleju otoczonej z jednej lub obu stron ochronnym papierem silikonowym. Jest on od\u0142\u0105czany od ta\u015bmy w celu aplikacji, ods\u0142aniaj\u0105c samoprzylepny klej akrylowy. Poniewa\u017c sama ta\u015bma sk\u0142ada si\u0119 tylko z tej p\u0142askiej warstwy kleju, idealnie nadaje si\u0119 do bezszwowego \u0142\u0105czenia g\u0142adkich lub cienkich materia\u0142\u00f3w, a tak\u017ce zamkni\u0119tych i lekko ustrukturyzowanych powierzchni. W zale\u017cno\u015bci od zastosowanego kleju akrylowego, ta\u015bmy transferowe znajduj\u0105 zastosowanie w wielu r\u00f3\u017cnych bran\u017cach.<\/p>\n<p>Oferujemy naszym klientom mo\u017cliwo\u015b\u0107 <a href=\"https:\/\/cardinal-tapes.com\/pl\/opakowanie\/\">dostosowania ta\u015bm do ich \u017cycze\u0144<\/a>. Skontaktuj si\u0119 z naszymi wieloletnimi ekspertami, aby uzyska\u0107 wi\u0119cej informacji.<\/p>\n<\/div><\/section><\/div>\n\n<\/div><\/div><\/main><!-- close content main element --><\/div><\/div><div id='av_section_2'  class='avia-section av-1hz0cmj-594fb20bacd143774c2e3718f6d5a9c0 main_color avia-section-default avia-no-border-styling  avia-builder-el-7  el_after_av_section  avia-builder-el-last  gradient-section avia-bg-style-scroll container_wrap fullsize'  ><div class='container av-section-cont-open' ><div class='template-page content  av-content-full alpha units'><div class='post-entry post-entry-type-page post-entry-31296'><div class='entry-content-wrapper clearfix'>\n<div  class='flex_column av-ziovu3-d271f459d5e2e429f888d01195a77e11 av_one_full  avia-builder-el-8  avia-builder-el-no-sibling  first flex_column_div  '     ><p><div class=\"pxl-headline pxl-hl hl-wrap | hl-sub--off hl--align-left hl--no-margin    \">\n        <div class=\"hl-inner\">\n            <h2 class=\"hl-main hl-line |  hl_main--default  \">Interesuj\u0105ce produkty<\/h2>\n            \n    <\/div>\n<\/div>\n<br \/>\n<div   data-autoplay=''  data-interval='5'  data-animation='fade'  data-hoverpause='1'  class='template-shop avia-content-slider avia-content-slider-active avia-product-slider1 avia-content-slider-even  avia-builder-el-10  el_after_pixel_sc_headline  el_before_av_button   shop_columns_4' ><div class='avia-content-slider-inner'><ul class=\"products slide-entry-wrap\"><li class=\"product type-product post-48058 status-publish first instock product_cat-przemysl-elektryczny product_cat-stal-i-szklo product_cat-tasma-klejaca-transferowa product_cat-tasmy-dwustronnie-klejace has-post-thumbnail taxable shipping-taxable purchasable product-type-variable\">\n\t<div class='inner_product main_color wrapped_style noLightbox  av-product-class-no_button'><a href=\"https:\/\/cardinal-tapes.com\/pl\/ta\u015bmy-samoprzylepne\/obszary-zastosowan\/przemysl-elektryczny\/3m-467-mp-transfer-tape\/\" class=\"woocommerce-LoopProduct-link woocommerce-loop-product__link\"><div class=\"thumbnail_container\"><img decoding=\"async\" loading=\"lazy\" width=\"450\" height=\"450\" src=\"https:\/\/cardinal-tapes.com\/wp-content\/uploads\/3m-467mp-klebstoffserie-200mp-450x450.jpg\" class=\"wp-image-26798 avia-img-lazy-loading-26798 attachment-shop_catalog size-shop_catalog wp-post-image\" alt=\"Ta\u015bma transferowa 3M\u2122 467 MP - dwustronny, Bez rami\u0105czek, Papier powlekany PE, Transfer, Akryl - Ilustracja 26798\" srcset=\"https:\/\/cardinal-tapes.com\/wp-content\/uploads\/3m-467mp-klebstoffserie-200mp-450x450.jpg 450w, https:\/\/cardinal-tapes.com\/wp-content\/uploads\/3m-467mp-klebstoffserie-200mp-120x120.jpg 120w, https:\/\/cardinal-tapes.com\/wp-content\/uploads\/3m-467mp-klebstoffserie-200mp-80x80.jpg 80w, https:\/\/cardinal-tapes.com\/wp-content\/uploads\/3m-467mp-klebstoffserie-200mp-36x36.jpg 36w, https:\/\/cardinal-tapes.com\/wp-content\/uploads\/3m-467mp-klebstoffserie-200mp-180x180.jpg 180w, https:\/\/cardinal-tapes.com\/wp-content\/uploads\/3m-467mp-klebstoffserie-200mp-100x100.jpg 100w\" sizes=\"auto, (max-width: 450px) 100vw, 450px\" \/><\/div><div class='inner_product_header'><div class='avia-arrow'><\/div><div class='inner_product_header_table'><div class='inner_product_header_cell'><span class=\"is-h2 woocommerce-loop-product__title\">Ta\u015bma transferowa 3M\u2122 467 MP<\/span>\t\t<div class=\"product-infos\">\n\t\t\t\t\t\t\t<span class='product-infos__item'><b>Pow\u0142oka:<\/b> dwustronny<\/span>\n\t\t\t\t\t\t\t\t\t\t<span class='product-infos__item'><b>Rodzaj materia\u0142u:<\/b> Bez rami\u0105czek, Papier powlekany PE, Transfer<\/span>\n\t\t\t\t\t\t\t\t\t\t<span class='product-infos__item'><b>Producent:<\/b> 3M<\/span>\n\t\t\t\t\t\t\t\t\t\t<span class='product-infos__item'><b>Cena na \u017c\u0105danie<\/b><\/span>\n\t\t\t\t\t<\/div>\n\t<\/div><\/div><\/div><\/a><\/div><\/li>\n<li class=\"product type-product post-38245 status-publish instock product_cat-przemysl-tworzyw-sztucznych product_cat-tasma-klejaca-transferowa product_cat-tasmy-dwustronnie-klejace has-post-thumbnail taxable shipping-taxable purchasable product-type-variable\">\n\t<div class='inner_product main_color wrapped_style noLightbox  av-product-class-no_button'><a href=\"https:\/\/cardinal-tapes.com\/pl\/ta\u015bmy-samoprzylepne\/obszary-zastosowan\/przemysl-tworzyw-sztucznych\/orabond-1360-se-fabric-adhesive-tape\/\" class=\"woocommerce-LoopProduct-link woocommerce-loop-product__link\"><div class=\"thumbnail_container\"><img decoding=\"async\" loading=\"lazy\" width=\"450\" height=\"450\" src=\"https:\/\/cardinal-tapes.com\/wp-content\/uploads\/ORABOND-1360SE-1-450x450.jpg\" class=\"wp-image-29246 avia-img-lazy-loading-29246 attachment-shop_catalog size-shop_catalog wp-post-image\" alt=\"Ta\u015bma klej\u0105ca do tkanin ORABOND\u00ae 1360 SE - dwustronny, Siatki poliamidowe, Akrylan dyspersyjny - Ilustracja 29246\" srcset=\"https:\/\/cardinal-tapes.com\/wp-content\/uploads\/ORABOND-1360SE-1-450x450.jpg 450w, https:\/\/cardinal-tapes.com\/wp-content\/uploads\/ORABOND-1360SE-1-80x80.jpg 80w, https:\/\/cardinal-tapes.com\/wp-content\/uploads\/ORABOND-1360SE-1-36x36.jpg 36w, https:\/\/cardinal-tapes.com\/wp-content\/uploads\/ORABOND-1360SE-1-180x180.jpg 180w, https:\/\/cardinal-tapes.com\/wp-content\/uploads\/ORABOND-1360SE-1-120x120.jpg 120w, https:\/\/cardinal-tapes.com\/wp-content\/uploads\/ORABOND-1360SE-1-100x100.jpg 100w\" sizes=\"auto, (max-width: 450px) 100vw, 450px\" \/><\/div><div class='inner_product_header'><div class='avia-arrow'><\/div><div class='inner_product_header_table'><div class='inner_product_header_cell'><span class=\"is-h2 woocommerce-loop-product__title\">Ta\u015bma klej\u0105ca do tkanin ORABOND\u00ae 1360 SE<\/span>\t\t<div class=\"product-infos\">\n\t\t\t\t\t\t\t<span class='product-infos__item'><b>Pow\u0142oka:<\/b> dwustronny<\/span>\n\t\t\t\t\t\t\t\t\t\t<span class='product-infos__item'><b>Rodzaj materia\u0142u:<\/b> Siatki poliamidowe<\/span>\n\t\t\t\t\t\t\t\t\t\t<span class='product-infos__item'><b>Producent:<\/b> ORAFOL<\/span>\n\t\t\t\t\t\t\t\t\t\t<span class='product-infos__item'><b>Cena na \u017c\u0105danie<\/b><\/span>\n\t\t\t\t\t<\/div>\n\t<\/div><\/div><\/div><\/a><\/div><\/li>\n<li class=\"product type-product post-38248 status-publish instock product_cat-produkcja-obrobka-aluminium product_cat-przemysl-elektryczny product_cat-produkcja-folii product_cat-przemysl-tworzyw-sztucznych product_cat-inzynieria-mechaniczna product_cat-przemysl-tekstylny product_cat-tasma-klejaca-transferowa product_cat-tasmy-dwustronnie-klejace has-post-thumbnail taxable shipping-taxable purchasable product-type-variable\">\n\t<div class='inner_product main_color wrapped_style noLightbox  av-product-class-no_button'><a href=\"https:\/\/cardinal-tapes.com\/pl\/ta\u015bmy-samoprzylepne\/obszary-zastosowan\/produkcja-obrobka-aluminium\/orabond-1377-transfer-tape\/\" class=\"woocommerce-LoopProduct-link woocommerce-loop-product__link\"><div class=\"thumbnail_container\"><img decoding=\"async\" loading=\"lazy\" width=\"450\" height=\"450\" src=\"https:\/\/cardinal-tapes.com\/wp-content\/uploads\/1375_1377-450x450.jpg\" class=\"wp-image-29202 avia-img-lazy-loading-29202 attachment-shop_catalog size-shop_catalog wp-post-image\" alt=\"Transferowa ta\u015bma klej\u0105ca ORABOND\u00ae 1377 - dwustronny, Bez rami\u0105czek, Akryl - Ilustracja 29202\" srcset=\"https:\/\/cardinal-tapes.com\/wp-content\/uploads\/1375_1377-450x450.jpg 450w, https:\/\/cardinal-tapes.com\/wp-content\/uploads\/1375_1377-80x80.jpg 80w, https:\/\/cardinal-tapes.com\/wp-content\/uploads\/1375_1377-36x36.jpg 36w, https:\/\/cardinal-tapes.com\/wp-content\/uploads\/1375_1377-180x180.jpg 180w, https:\/\/cardinal-tapes.com\/wp-content\/uploads\/1375_1377-120x120.jpg 120w, https:\/\/cardinal-tapes.com\/wp-content\/uploads\/1375_1377-100x100.jpg 100w\" sizes=\"auto, (max-width: 450px) 100vw, 450px\" \/><\/div><div class='inner_product_header'><div class='avia-arrow'><\/div><div class='inner_product_header_table'><div class='inner_product_header_cell'><span class=\"is-h2 woocommerce-loop-product__title\">Transferowa ta\u015bma klej\u0105ca ORABOND\u00ae 1377<\/span>\t\t<div class=\"product-infos\">\n\t\t\t\t\t\t\t<span class='product-infos__item'><b>Pow\u0142oka:<\/b> dwustronny<\/span>\n\t\t\t\t\t\t\t\t\t\t<span class='product-infos__item'><b>Rodzaj materia\u0142u:<\/b> Bez rami\u0105czek<\/span>\n\t\t\t\t\t\t\t\t\t\t<span class='product-infos__item'><b>Producent:<\/b> ORAFOL<\/span>\n\t\t\t\t\t\t\t\t\t\t<span class='product-infos__item'><b>Cena na \u017c\u0105danie<\/b><\/span>\n\t\t\t\t\t<\/div>\n\t<\/div><\/div><\/div><\/a><\/div><\/li>\n<li class=\"product type-product post-45465 status-publish last instock product_cat-tasma-klejaca-transferowa product_cat-tasmy-dwustronnie-klejace has-post-thumbnail taxable shipping-taxable purchasable product-type-variable\">\n\t<div class='inner_product main_color wrapped_style noLightbox  av-product-class-no_button'><a href=\"https:\/\/cardinal-tapes.com\/pl\/ta\u015bmy-samoprzylepne\/obszary-zastosowan\/tasma-klejaca-transferowa\/ca-452-transfer-tasma-przylepna\/\" class=\"woocommerce-LoopProduct-link woocommerce-loop-product__link\"><div class=\"thumbnail_container\"><img decoding=\"async\" loading=\"lazy\" width=\"450\" height=\"450\" src=\"https:\/\/cardinal-tapes.com\/wp-content\/uploads\/CA_452_retouched-450x450.jpg\" class=\"wp-image-27082 avia-img-lazy-loading-27082 attachment-shop_catalog size-shop_catalog wp-post-image\" alt=\"Ta\u015bma transferowa CA-452 - dwustronny, Bez rami\u0105czek, Akrylan dyspersyjny - Ilustracja 27082\" srcset=\"https:\/\/cardinal-tapes.com\/wp-content\/uploads\/CA_452_retouched-450x450.jpg 450w, https:\/\/cardinal-tapes.com\/wp-content\/uploads\/CA_452_retouched-120x120.jpg 120w, https:\/\/cardinal-tapes.com\/wp-content\/uploads\/CA_452_retouched-80x80.jpg 80w, https:\/\/cardinal-tapes.com\/wp-content\/uploads\/CA_452_retouched-36x36.jpg 36w, https:\/\/cardinal-tapes.com\/wp-content\/uploads\/CA_452_retouched-180x180.jpg 180w, https:\/\/cardinal-tapes.com\/wp-content\/uploads\/CA_452_retouched-100x100.jpg 100w\" sizes=\"auto, (max-width: 450px) 100vw, 450px\" \/><\/div><div class='inner_product_header'><div class='avia-arrow'><\/div><div class='inner_product_header_table'><div class='inner_product_header_cell'><span class=\"is-h2 woocommerce-loop-product__title\">Ta\u015bma transferowa CA-452<\/span>\t\t<div class=\"product-infos\">\n\t\t\t\t\t\t\t<span class='product-infos__item'><b>Pow\u0142oka:<\/b> dwustronny<\/span>\n\t\t\t\t\t\t\t\t\t\t<span class='product-infos__item'><b>Rodzaj materia\u0142u:<\/b> Bez rami\u0105czek<\/span>\n\t\t\t\t\t\t\t\t\t\t<span class='product-infos__item'><b>Producent:<\/b> cardinal GmbH<\/span>\n\t\t\t\t\t\t\t\t\t\t<span class='product-infos__item'><b>Cena na \u017c\u0105danie<\/b><\/span>\n\t\t\t\t\t<\/div>\n\t<\/div><\/div><\/div><\/a><\/div><\/li>\n<\/ul><\/div><\/div><div class=\"clear\"><\/div><br \/>\n<div  class='avia-button-wrap av-nhfqx7-adf8c11b1d2b9d6953ed047da319fdcb-wrap avia-button-left '><a href='https:\/\/cardinal-tapes.com\/klebebaender\/'  class='avia-button av-nhfqx7-adf8c11b1d2b9d6953ed047da319fdcb avia-icon_select-no avia-size-medium avia-position-left avia-color-theme-color layout-border color-white'  ><span class='avia_iconbox_title' >Wszystkie produkty<\/span><\/a><\/div><\/p><\/div>\n","protected":false},"excerpt":{"rendered":"","protected":false},"author":1,"featured_media":0,"parent":30844,"menu_order":12,"comment_status":"closed","ping_status":"closed","template":"","meta":{"_acf_changed":false,"footnotes":""},"class_list":["post-31296","page","type-page","status-publish","hentry"],"acf":[],"yoast_head":"<!-- This site is optimized with the Yoast SEO plugin v27.3 - https:\/\/yoast.com\/product\/yoast-seo-wordpress\/ -->\n<title>Ta\u015bma transferowa od eksperta - cardinal TAPES<\/title>\n<meta name=\"description\" content=\"Ta\u015bma transferowa to uniwersalna ta\u015bma bez podk\u0142adu, kt\u00f3ra nadaje si\u0119 do bezszwowego \u0142\u0105czenia r\u00f3\u017cnych element\u00f3w. Dowiedz si\u0119 wi\u0119cej.\" \/>\n<meta name=\"robots\" content=\"index, follow, max-snippet:-1, max-image-preview:large, max-video-preview:-1\" \/>\n<link rel=\"canonical\" href=\"https:\/\/cardinal-tapes.com\/pl\/tasmy-samoprzylepne-pl\/tasma-klejaca-abc\/tasma-transferowa\/\" \/>\n<meta property=\"og:locale\" content=\"pl_PL\" \/>\n<meta property=\"og:type\" content=\"article\" \/>\n<meta property=\"og:title\" content=\"Ta\u015bma transferowa od eksperta - cardinal TAPES\" \/>\n<meta property=\"og:description\" content=\"Ta\u015bma transferowa to uniwersalna ta\u015bma bez podk\u0142adu, kt\u00f3ra nadaje si\u0119 do bezszwowego \u0142\u0105czenia r\u00f3\u017cnych element\u00f3w. Dowiedz si\u0119 wi\u0119cej.\" \/>\n<meta property=\"og:url\" content=\"https:\/\/cardinal-tapes.com\/pl\/tasmy-samoprzylepne-pl\/tasma-klejaca-abc\/tasma-transferowa\/\" \/>\n<meta property=\"og:site_name\" content=\"cardinal TAPES\" \/>\n<meta property=\"article:modified_time\" content=\"2023-06-14T08:47:09+00:00\" \/>\n<meta name=\"twitter:card\" content=\"summary_large_image\" \/>\n<meta name=\"twitter:label1\" content=\"Szacowany czas czytania\" \/>\n\t<meta name=\"twitter:data1\" content=\"15 minut\" \/>\n<script type=\"application\/ld+json\" class=\"yoast-schema-graph\">{\"@context\":\"https:\\\/\\\/schema.org\",\"@graph\":[{\"@type\":\"WebPage\",\"@id\":\"https:\\\/\\\/cardinal-tapes.com\\\/pl\\\/tasmy-samoprzylepne-pl\\\/tasma-klejaca-abc\\\/tasma-transferowa\\\/\",\"url\":\"https:\\\/\\\/cardinal-tapes.com\\\/pl\\\/tasmy-samoprzylepne-pl\\\/tasma-klejaca-abc\\\/tasma-transferowa\\\/\",\"name\":\"Ta\u015bma transferowa od eksperta - cardinal TAPES\",\"isPartOf\":{\"@id\":\"https:\\\/\\\/cardinal-tapes.com\\\/#website\"},\"datePublished\":\"2023-06-02T08:59:28+00:00\",\"dateModified\":\"2023-06-14T08:47:09+00:00\",\"description\":\"Ta\u015bma transferowa to uniwersalna ta\u015bma bez podk\u0142adu, kt\u00f3ra nadaje si\u0119 do bezszwowego \u0142\u0105czenia r\u00f3\u017cnych element\u00f3w. Dowiedz si\u0119 wi\u0119cej.\",\"breadcrumb\":{\"@id\":\"https:\\\/\\\/cardinal-tapes.com\\\/pl\\\/tasmy-samoprzylepne-pl\\\/tasma-klejaca-abc\\\/tasma-transferowa\\\/#breadcrumb\"},\"inLanguage\":\"pl-PL\",\"potentialAction\":[{\"@type\":\"ReadAction\",\"target\":[\"https:\\\/\\\/cardinal-tapes.com\\\/pl\\\/tasmy-samoprzylepne-pl\\\/tasma-klejaca-abc\\\/tasma-transferowa\\\/\"]}]},{\"@type\":\"BreadcrumbList\",\"@id\":\"https:\\\/\\\/cardinal-tapes.com\\\/pl\\\/tasmy-samoprzylepne-pl\\\/tasma-klejaca-abc\\\/tasma-transferowa\\\/#breadcrumb\",\"itemListElement\":[{\"@type\":\"ListItem\",\"position\":1,\"name\":\"Startseite\",\"item\":\"https:\\\/\\\/cardinal-tapes.com\\\/pl\\\/strona-glowna\\\/\"},{\"@type\":\"ListItem\",\"position\":2,\"name\":\"Ta\u015bmy samoprzylepne\",\"item\":\"https:\\\/\\\/cardinal-tapes.com\\\/pl\\\/tasmy-samoprzylepne-pl\\\/\"},{\"@type\":\"ListItem\",\"position\":3,\"name\":\"Ta\u015bma klej\u0105ca ABC\",\"item\":\"https:\\\/\\\/cardinal-tapes.com\\\/pl\\\/tasmy-samoprzylepne-pl__trashed\\\/tasma-klejaca-abc\\\/\"},{\"@type\":\"ListItem\",\"position\":4,\"name\":\"Ta\u015bma transferowa\"}]},{\"@type\":\"WebSite\",\"@id\":\"https:\\\/\\\/cardinal-tapes.com\\\/#website\",\"url\":\"https:\\\/\\\/cardinal-tapes.com\\\/\",\"name\":\"cardinal TAPES\",\"description\":\"Klebetechnik aus Wuppertal\",\"potentialAction\":[{\"@type\":\"SearchAction\",\"target\":{\"@type\":\"EntryPoint\",\"urlTemplate\":\"https:\\\/\\\/cardinal-tapes.com\\\/?s={search_term_string}\"},\"query-input\":{\"@type\":\"PropertyValueSpecification\",\"valueRequired\":true,\"valueName\":\"search_term_string\"}}],\"inLanguage\":\"pl-PL\"}]}<\/script>\n<!-- \/ Yoast SEO plugin. -->","yoast_head_json":{"title":"Ta\u015bma transferowa od eksperta - cardinal TAPES","description":"Ta\u015bma transferowa to uniwersalna ta\u015bma bez podk\u0142adu, kt\u00f3ra nadaje si\u0119 do bezszwowego \u0142\u0105czenia r\u00f3\u017cnych element\u00f3w. Dowiedz si\u0119 wi\u0119cej.","robots":{"index":"index","follow":"follow","max-snippet":"max-snippet:-1","max-image-preview":"max-image-preview:large","max-video-preview":"max-video-preview:-1"},"canonical":"https:\/\/cardinal-tapes.com\/pl\/tasmy-samoprzylepne-pl\/tasma-klejaca-abc\/tasma-transferowa\/","og_locale":"pl_PL","og_type":"article","og_title":"Ta\u015bma transferowa od eksperta - cardinal TAPES","og_description":"Ta\u015bma transferowa to uniwersalna ta\u015bma bez podk\u0142adu, kt\u00f3ra nadaje si\u0119 do bezszwowego \u0142\u0105czenia r\u00f3\u017cnych element\u00f3w. Dowiedz si\u0119 wi\u0119cej.","og_url":"https:\/\/cardinal-tapes.com\/pl\/tasmy-samoprzylepne-pl\/tasma-klejaca-abc\/tasma-transferowa\/","og_site_name":"cardinal TAPES","article_modified_time":"2023-06-14T08:47:09+00:00","twitter_card":"summary_large_image","twitter_misc":{"Szacowany czas czytania":"15 minut"},"schema":{"@context":"https:\/\/schema.org","@graph":[{"@type":"WebPage","@id":"https:\/\/cardinal-tapes.com\/pl\/tasmy-samoprzylepne-pl\/tasma-klejaca-abc\/tasma-transferowa\/","url":"https:\/\/cardinal-tapes.com\/pl\/tasmy-samoprzylepne-pl\/tasma-klejaca-abc\/tasma-transferowa\/","name":"Ta\u015bma transferowa od eksperta - cardinal TAPES","isPartOf":{"@id":"https:\/\/cardinal-tapes.com\/#website"},"datePublished":"2023-06-02T08:59:28+00:00","dateModified":"2023-06-14T08:47:09+00:00","description":"Ta\u015bma transferowa to uniwersalna ta\u015bma bez podk\u0142adu, kt\u00f3ra nadaje si\u0119 do bezszwowego \u0142\u0105czenia r\u00f3\u017cnych element\u00f3w. Dowiedz si\u0119 wi\u0119cej.","breadcrumb":{"@id":"https:\/\/cardinal-tapes.com\/pl\/tasmy-samoprzylepne-pl\/tasma-klejaca-abc\/tasma-transferowa\/#breadcrumb"},"inLanguage":"pl-PL","potentialAction":[{"@type":"ReadAction","target":["https:\/\/cardinal-tapes.com\/pl\/tasmy-samoprzylepne-pl\/tasma-klejaca-abc\/tasma-transferowa\/"]}]},{"@type":"BreadcrumbList","@id":"https:\/\/cardinal-tapes.com\/pl\/tasmy-samoprzylepne-pl\/tasma-klejaca-abc\/tasma-transferowa\/#breadcrumb","itemListElement":[{"@type":"ListItem","position":1,"name":"Startseite","item":"https:\/\/cardinal-tapes.com\/pl\/strona-glowna\/"},{"@type":"ListItem","position":2,"name":"Ta\u015bmy samoprzylepne","item":"https:\/\/cardinal-tapes.com\/pl\/tasmy-samoprzylepne-pl\/"},{"@type":"ListItem","position":3,"name":"Ta\u015bma klej\u0105ca ABC","item":"https:\/\/cardinal-tapes.com\/pl\/tasmy-samoprzylepne-pl__trashed\/tasma-klejaca-abc\/"},{"@type":"ListItem","position":4,"name":"Ta\u015bma transferowa"}]},{"@type":"WebSite","@id":"https:\/\/cardinal-tapes.com\/#website","url":"https:\/\/cardinal-tapes.com\/","name":"cardinal TAPES","description":"Klebetechnik aus Wuppertal","potentialAction":[{"@type":"SearchAction","target":{"@type":"EntryPoint","urlTemplate":"https:\/\/cardinal-tapes.com\/?s={search_term_string}"},"query-input":{"@type":"PropertyValueSpecification","valueRequired":true,"valueName":"search_term_string"}}],"inLanguage":"pl-PL"}]}},"_links":{"self":[{"href":"https:\/\/cardinal-tapes.com\/pl\/wp-json\/wp\/v2\/pages\/31296","targetHints":{"allow":["GET"]}}],"collection":[{"href":"https:\/\/cardinal-tapes.com\/pl\/wp-json\/wp\/v2\/pages"}],"about":[{"href":"https:\/\/cardinal-tapes.com\/pl\/wp-json\/wp\/v2\/types\/page"}],"author":[{"embeddable":true,"href":"https:\/\/cardinal-tapes.com\/pl\/wp-json\/wp\/v2\/users\/1"}],"replies":[{"embeddable":true,"href":"https:\/\/cardinal-tapes.com\/pl\/wp-json\/wp\/v2\/comments?post=31296"}],"version-history":[{"count":0,"href":"https:\/\/cardinal-tapes.com\/pl\/wp-json\/wp\/v2\/pages\/31296\/revisions"}],"up":[{"embeddable":true,"href":"https:\/\/cardinal-tapes.com\/pl\/wp-json\/wp\/v2\/pages\/30844"}],"wp:attachment":[{"href":"https:\/\/cardinal-tapes.com\/pl\/wp-json\/wp\/v2\/media?parent=31296"}],"curies":[{"name":"wp","href":"https:\/\/api.w.org\/{rel}","templated":true}]}}