{"id":31247,"date":"2023-06-02T10:59:27","date_gmt":"2023-06-02T08:59:27","guid":{"rendered":"https:\/\/cardinal.pixel-tal.de\/tasmy-samoprzylepne\/tasma-klejaca-abc\/tasmy-dywanowe\/"},"modified":"2023-06-02T11:12:11","modified_gmt":"2023-06-02T09:12:11","slug":"tasmy-dywanowe","status":"publish","type":"page","link":"https:\/\/cardinal-tapes.com\/pl\/tasmy-samoprzylepne-pl\/tasma-klejaca-abc\/tasmy-dywanowe\/","title":{"rendered":"Ta\u015bmy dywanowe"},"content":{"rendered":"<div id='av_section_1'  class='avia-section av-2a43jl4-ceb2e3143f14efad2ca4bd7781be5e62 alternate_color avia-section-default avia-no-border-styling  avia-builder-el-0  avia-builder-el-no-sibling  avia-bg-style-scroll container_wrap fullsize'  ><div class='container av-section-cont-open' ><main  role=\"main\" itemprop=\"mainContentOfPage\"  class='template-page content  av-content-full alpha units'><div class='post-entry post-entry-type-page post-entry-31247'><div class='entry-content-wrapper clearfix'>\n<div  class='flex_column av-5apcyw-c553d7c50c4508b7c8fb2d2dc3c4fe53 av_one_full  avia-builder-el-1  el_before_av_one_half  avia-builder-el-first  first flex_column_div  '     ><div class=\"pxl-headline pxl-hl hl-wrap | hl-sub--bot hl--align-left hl--no-margin    \">\n        <div class=\"hl-inner\">\n            <h2 class=\"hl-main hl-line |  hl_main--default  \">Ta\u015bmy dywanowe<\/h2>\n            \n    <\/div>\n<\/div><\/div><div  class='flex_column av-150h2zs-edf57c3750b8ab9fb3c2f077d4665a8e av_one_half  avia-builder-el-3  el_after_av_one_full  el_before_av_one_half  first flex_column_div  column-top-margin'     ><section  class='av_textblock_section av-7gtfjc-d42b8c0efde72b4c9554728abbba14db '   itemscope=\"itemscope\" itemtype=\"https:\/\/schema.org\/CreativeWork\" ><div class='avia_textblock'  itemprop=\"text\" ><p>Ta\u015bma do wyk\u0142adzin lub czasami nazywana ta\u015bm\u0105 monta\u017cow\u0105 to mocna dwustronna ta\u015bma samoprzylepna o doskona\u0142ej przyczepno\u015bci. S\u0142u\u017cy do bezpiecznego \u0142\u0105czenia dywan\u00f3w i innych wyk\u0142adzin pod\u0142ogowych z pod\u0142o\u017cem. Ta\u015bma dywanowa jest stosowana zar\u00f3wno w prywatnych gospodarstwach domowych, jak i w wi\u0119kszych firmach. W tym kontek\u015bcie handlowcy i spedytorzy w szczeg\u00f3lno\u015bci otrzymuj\u0105 ta\u015bm\u0119 monta\u017cow\u0105 lub odpowiedni\u0105 ta\u015bm\u0119 do mocowania dywan\u00f3w i innych wyk\u0142adzin pod\u0142ogowych, a tym samym zapobiegaj\u0105 ryzyku wypadk\u00f3w.<\/p>\n<h4>Zalety ta\u015bmy dywanowej<\/h4>\n<p>Ta\u015bma dywanowa nadaje si\u0119 do wszystkich dywan\u00f3w i wyk\u0142adzin pod\u0142ogowych z PVC i mo\u017cna j\u0105 usun\u0105\u0107 bez pozostawiania \u015blad\u00f3w lub uszkodze\u0144 &#8211; bez wzgl\u0119du na to, jak silna jest si\u0142a klejenia lub jak gruba jest ta\u015bma. Bardzo mocna ta\u015bma samoprzylepna przylega do prawie wszystkich powierzchni, takich jak p\u0142ytki, marmur, winyl i inne g\u0142adkie struktury wewn\u0105trz pomieszcze\u0144. Instalacja ta\u015bmy dywanowej jest \u0142atwa. Po na\u0142o\u017ceniu na pod\u0142o\u017ce ta\u015bm\u0119 dywanow\u0105 mo\u017cna rozerwa\u0107 r\u0119cznie. Nast\u0119pnie zdejmij foli\u0119 ochronn\u0105 z samoprzylepnego podk\u0142adu i na\u0142\u00f3\u017c wyk\u0142adzin\u0119 pod\u0142ogow\u0105, kt\u00f3ra ma zosta\u0107 zamocowana.<\/p>\n<\/div><\/section><\/div><div  class='flex_column av-qanfrc-45f623f61854042501de0d6c42938501 av_one_half  avia-builder-el-5  el_after_av_one_half  avia-builder-el-last  flex_column_div  column-top-margin'     ><section  class='av_textblock_section av-1346nwo-cab88eddba94c5372e1adc122b81dbb9 '   itemscope=\"itemscope\" itemtype=\"https:\/\/schema.org\/CreativeWork\" ><div class='avia_textblock'  itemprop=\"text\" ><h4>Najwy\u017cszej jako\u015bci ta\u015bma do dywan\u00f3w<\/h4>\n<p>Jako eksperci w dziedzinie <a href=\"https:\/\/cardinal-tapes.com\/klebebaender\/\">ta\u015bm samoprzylepnych<\/a> u\u017cywamy wy\u0142\u0105cznie mocnych i renomowanych marek, takich jak tesa czy 3M. Ponadto doradzamy przy wyborze odpowiedniej ta\u015bmy samoprzylepnej lub wykonujemy indywidualne pakowanie, aby zaoferowa\u0107 kompleksow\u0105 obs\u0142ug\u0119. Je\u015bli masz jakiekolwiek pytania dotycz\u0105ce naszej mocnej ta\u015bmy do wyk\u0142adzin, skontaktuj si\u0119 bezpo\u015brednio z naszymi ekspertami. Wsp\u00f3lnie znajdziemy ta\u015bm\u0119 dywanow\u0105 odpowiedni\u0105 do Twoich indywidualnych potrzeb.<\/p>\n<\/div><\/section><\/div>\n\n","protected":false},"excerpt":{"rendered":"","protected":false},"author":1,"featured_media":0,"parent":30844,"menu_order":11,"comment_status":"closed","ping_status":"closed","template":"","meta":{"_acf_changed":false,"footnotes":""},"class_list":["post-31247","page","type-page","status-publish","hentry"],"acf":[],"yoast_head":"<!-- This site is optimized with the Yoast SEO plugin v27.3 - https:\/\/yoast.com\/product\/yoast-seo-wordpress\/ -->\n<title>Ta\u015bmy dywanowe od eksperta - cardinal TAPES<\/title>\n<meta name=\"description\" content=\"Ta\u015bmy samoprzylepne do wyk\u0142adzin lub ta\u015bmy monta\u017cowe nadaj\u0105 si\u0119 do mocowania wyk\u0142adzin pod\u0142ogowych, takich jak dywany, i zapobiegaj\u0105 wypadkom. Dowiedz si\u0119 wi\u0119cej.\" \/>\n<meta name=\"robots\" content=\"index, follow, max-snippet:-1, max-image-preview:large, max-video-preview:-1\" \/>\n<link rel=\"canonical\" href=\"https:\/\/cardinal-tapes.com\/pl\/tasmy-samoprzylepne-pl__trashed\/tasma-klejaca-abc\/tasmy-dywanowe\/\" \/>\n<meta property=\"og:locale\" content=\"pl_PL\" \/>\n<meta property=\"og:type\" content=\"article\" \/>\n<meta property=\"og:title\" content=\"Ta\u015bmy dywanowe od eksperta - cardinal TAPES\" \/>\n<meta property=\"og:description\" content=\"Ta\u015bmy samoprzylepne do wyk\u0142adzin lub ta\u015bmy monta\u017cowe nadaj\u0105 si\u0119 do mocowania wyk\u0142adzin pod\u0142ogowych, takich jak dywany, i zapobiegaj\u0105 wypadkom. Dowiedz si\u0119 wi\u0119cej.\" \/>\n<meta property=\"og:url\" content=\"https:\/\/cardinal-tapes.com\/pl\/tasmy-samoprzylepne-pl__trashed\/tasma-klejaca-abc\/tasmy-dywanowe\/\" \/>\n<meta property=\"og:site_name\" content=\"cardinal TAPES\" \/>\n<meta property=\"article:modified_time\" content=\"2023-06-02T09:12:11+00:00\" \/>\n<meta name=\"twitter:card\" content=\"summary_large_image\" \/>\n<meta name=\"twitter:label1\" content=\"Szacowany czas czytania\" \/>\n\t<meta name=\"twitter:data1\" content=\"9 minut\" \/>\n<script type=\"application\/ld+json\" class=\"yoast-schema-graph\">{\"@context\":\"https:\\\/\\\/schema.org\",\"@graph\":[{\"@type\":\"WebPage\",\"@id\":\"https:\\\/\\\/cardinal-tapes.com\\\/pl\\\/tasmy-samoprzylepne-pl__trashed\\\/tasma-klejaca-abc\\\/tasmy-dywanowe\\\/\",\"url\":\"https:\\\/\\\/cardinal-tapes.com\\\/pl\\\/tasmy-samoprzylepne-pl__trashed\\\/tasma-klejaca-abc\\\/tasmy-dywanowe\\\/\",\"name\":\"Ta\u015bmy dywanowe od eksperta - cardinal TAPES\",\"isPartOf\":{\"@id\":\"https:\\\/\\\/cardinal-tapes.com\\\/#website\"},\"datePublished\":\"2023-06-02T08:59:27+00:00\",\"dateModified\":\"2023-06-02T09:12:11+00:00\",\"description\":\"Ta\u015bmy samoprzylepne do wyk\u0142adzin lub ta\u015bmy monta\u017cowe nadaj\u0105 si\u0119 do mocowania wyk\u0142adzin pod\u0142ogowych, takich jak dywany, i zapobiegaj\u0105 wypadkom. Dowiedz si\u0119 wi\u0119cej.\",\"breadcrumb\":{\"@id\":\"https:\\\/\\\/cardinal-tapes.com\\\/pl\\\/tasmy-samoprzylepne-pl__trashed\\\/tasma-klejaca-abc\\\/tasmy-dywanowe\\\/#breadcrumb\"},\"inLanguage\":\"pl-PL\",\"potentialAction\":[{\"@type\":\"ReadAction\",\"target\":[\"https:\\\/\\\/cardinal-tapes.com\\\/pl\\\/tasmy-samoprzylepne-pl__trashed\\\/tasma-klejaca-abc\\\/tasmy-dywanowe\\\/\"]}]},{\"@type\":\"BreadcrumbList\",\"@id\":\"https:\\\/\\\/cardinal-tapes.com\\\/pl\\\/tasmy-samoprzylepne-pl__trashed\\\/tasma-klejaca-abc\\\/tasmy-dywanowe\\\/#breadcrumb\",\"itemListElement\":[{\"@type\":\"ListItem\",\"position\":1,\"name\":\"Startseite\",\"item\":\"https:\\\/\\\/cardinal-tapes.com\\\/pl\\\/strona-glowna\\\/\"},{\"@type\":\"ListItem\",\"position\":2,\"name\":\"Ta\u015bma klej\u0105ca ABC\",\"item\":\"https:\\\/\\\/cardinal-tapes.com\\\/pl\\\/tasmy-samoprzylepne-pl__trashed\\\/tasma-klejaca-abc\\\/\"},{\"@type\":\"ListItem\",\"position\":3,\"name\":\"Ta\u015bmy dywanowe\"}]},{\"@type\":\"WebSite\",\"@id\":\"https:\\\/\\\/cardinal-tapes.com\\\/#website\",\"url\":\"https:\\\/\\\/cardinal-tapes.com\\\/\",\"name\":\"cardinal TAPES\",\"description\":\"Klebetechnik aus Wuppertal\",\"potentialAction\":[{\"@type\":\"SearchAction\",\"target\":{\"@type\":\"EntryPoint\",\"urlTemplate\":\"https:\\\/\\\/cardinal-tapes.com\\\/?s={search_term_string}\"},\"query-input\":{\"@type\":\"PropertyValueSpecification\",\"valueRequired\":true,\"valueName\":\"search_term_string\"}}],\"inLanguage\":\"pl-PL\"}]}<\/script>\n<!-- \/ Yoast SEO plugin. -->","yoast_head_json":{"title":"Ta\u015bmy dywanowe od eksperta - cardinal TAPES","description":"Ta\u015bmy samoprzylepne do wyk\u0142adzin lub ta\u015bmy monta\u017cowe nadaj\u0105 si\u0119 do mocowania wyk\u0142adzin pod\u0142ogowych, takich jak dywany, i zapobiegaj\u0105 wypadkom. Dowiedz si\u0119 wi\u0119cej.","robots":{"index":"index","follow":"follow","max-snippet":"max-snippet:-1","max-image-preview":"max-image-preview:large","max-video-preview":"max-video-preview:-1"},"canonical":"https:\/\/cardinal-tapes.com\/pl\/tasmy-samoprzylepne-pl__trashed\/tasma-klejaca-abc\/tasmy-dywanowe\/","og_locale":"pl_PL","og_type":"article","og_title":"Ta\u015bmy dywanowe od eksperta - cardinal TAPES","og_description":"Ta\u015bmy samoprzylepne do wyk\u0142adzin lub ta\u015bmy monta\u017cowe nadaj\u0105 si\u0119 do mocowania wyk\u0142adzin pod\u0142ogowych, takich jak dywany, i zapobiegaj\u0105 wypadkom. Dowiedz si\u0119 wi\u0119cej.","og_url":"https:\/\/cardinal-tapes.com\/pl\/tasmy-samoprzylepne-pl__trashed\/tasma-klejaca-abc\/tasmy-dywanowe\/","og_site_name":"cardinal TAPES","article_modified_time":"2023-06-02T09:12:11+00:00","twitter_card":"summary_large_image","twitter_misc":{"Szacowany czas czytania":"9 minut"},"schema":{"@context":"https:\/\/schema.org","@graph":[{"@type":"WebPage","@id":"https:\/\/cardinal-tapes.com\/pl\/tasmy-samoprzylepne-pl__trashed\/tasma-klejaca-abc\/tasmy-dywanowe\/","url":"https:\/\/cardinal-tapes.com\/pl\/tasmy-samoprzylepne-pl__trashed\/tasma-klejaca-abc\/tasmy-dywanowe\/","name":"Ta\u015bmy dywanowe od eksperta - cardinal TAPES","isPartOf":{"@id":"https:\/\/cardinal-tapes.com\/#website"},"datePublished":"2023-06-02T08:59:27+00:00","dateModified":"2023-06-02T09:12:11+00:00","description":"Ta\u015bmy samoprzylepne do wyk\u0142adzin lub ta\u015bmy monta\u017cowe nadaj\u0105 si\u0119 do mocowania wyk\u0142adzin pod\u0142ogowych, takich jak dywany, i zapobiegaj\u0105 wypadkom. Dowiedz si\u0119 wi\u0119cej.","breadcrumb":{"@id":"https:\/\/cardinal-tapes.com\/pl\/tasmy-samoprzylepne-pl__trashed\/tasma-klejaca-abc\/tasmy-dywanowe\/#breadcrumb"},"inLanguage":"pl-PL","potentialAction":[{"@type":"ReadAction","target":["https:\/\/cardinal-tapes.com\/pl\/tasmy-samoprzylepne-pl__trashed\/tasma-klejaca-abc\/tasmy-dywanowe\/"]}]},{"@type":"BreadcrumbList","@id":"https:\/\/cardinal-tapes.com\/pl\/tasmy-samoprzylepne-pl__trashed\/tasma-klejaca-abc\/tasmy-dywanowe\/#breadcrumb","itemListElement":[{"@type":"ListItem","position":1,"name":"Startseite","item":"https:\/\/cardinal-tapes.com\/pl\/strona-glowna\/"},{"@type":"ListItem","position":2,"name":"Ta\u015bma klej\u0105ca ABC","item":"https:\/\/cardinal-tapes.com\/pl\/tasmy-samoprzylepne-pl__trashed\/tasma-klejaca-abc\/"},{"@type":"ListItem","position":3,"name":"Ta\u015bmy dywanowe"}]},{"@type":"WebSite","@id":"https:\/\/cardinal-tapes.com\/#website","url":"https:\/\/cardinal-tapes.com\/","name":"cardinal TAPES","description":"Klebetechnik aus Wuppertal","potentialAction":[{"@type":"SearchAction","target":{"@type":"EntryPoint","urlTemplate":"https:\/\/cardinal-tapes.com\/?s={search_term_string}"},"query-input":{"@type":"PropertyValueSpecification","valueRequired":true,"valueName":"search_term_string"}}],"inLanguage":"pl-PL"}]}},"_links":{"self":[{"href":"https:\/\/cardinal-tapes.com\/pl\/wp-json\/wp\/v2\/pages\/31247","targetHints":{"allow":["GET"]}}],"collection":[{"href":"https:\/\/cardinal-tapes.com\/pl\/wp-json\/wp\/v2\/pages"}],"about":[{"href":"https:\/\/cardinal-tapes.com\/pl\/wp-json\/wp\/v2\/types\/page"}],"author":[{"embeddable":true,"href":"https:\/\/cardinal-tapes.com\/pl\/wp-json\/wp\/v2\/users\/1"}],"replies":[{"embeddable":true,"href":"https:\/\/cardinal-tapes.com\/pl\/wp-json\/wp\/v2\/comments?post=31247"}],"version-history":[{"count":0,"href":"https:\/\/cardinal-tapes.com\/pl\/wp-json\/wp\/v2\/pages\/31247\/revisions"}],"up":[{"embeddable":true,"href":"https:\/\/cardinal-tapes.com\/pl\/wp-json\/wp\/v2\/pages\/30844"}],"wp:attachment":[{"href":"https:\/\/cardinal-tapes.com\/pl\/wp-json\/wp\/v2\/media?parent=31247"}],"curies":[{"name":"wp","href":"https:\/\/api.w.org\/{rel}","templated":true}]}}