{"id":31183,"date":"2023-06-02T10:59:26","date_gmt":"2023-06-02T08:59:26","guid":{"rendered":"https:\/\/cardinal.pixel-tal.de\/tasmy-samoprzylepne\/tasma-klejaca-abc\/tasmy-samoprzylepne-wielokrotnego-uzytku\/"},"modified":"2023-06-02T11:12:27","modified_gmt":"2023-06-02T09:12:27","slug":"tasmy-samoprzylepne-wielokrotnego-uzytku","status":"publish","type":"page","link":"https:\/\/cardinal-tapes.com\/pl\/tasmy-samoprzylepne-pl\/tasma-klejaca-abc\/tasmy-samoprzylepne-wielokrotnego-uzytku\/","title":{"rendered":"Ta\u015bmy samoprzylepne wielokrotnego u\u017cytku"},"content":{"rendered":"<div id='av_section_1'  class='avia-section av-b2juvj-1421f1bd15e31483742a49140e52d3c6 alternate_color avia-section-default avia-no-border-styling  avia-builder-el-0  avia-builder-el-no-sibling  avia-bg-style-scroll container_wrap fullsize'  ><div class='container av-section-cont-open' ><main  role=\"main\" itemprop=\"mainContentOfPage\"  class='template-page content  av-content-full alpha units'><div class='post-entry post-entry-type-page post-entry-31183'><div class='entry-content-wrapper clearfix'>\n<div  class='flex_column av-9isecv-113b09893045bf18fa33ab876cfa6c07 av_one_full  avia-builder-el-1  el_before_av_one_half  avia-builder-el-first  first flex_column_div  '     ><div class=\"pxl-headline pxl-hl hl-wrap | hl-sub--off hl--align-left hl--no-margin    \">\n        <div class=\"hl-inner\">\n            <h2 class=\"hl-main hl-line |  hl_main--default  \">Ta\u015bmy samoprzylepne wielokrotnego u\u017cytku  <\/h2>\n            \n    <\/div>\n<\/div><\/div><div  class='flex_column av-704q2n-9e03c15287bd5d3b313359276165feb6 av_one_half  avia-builder-el-3  el_after_av_one_full  el_before_av_one_half  first flex_column_div  column-top-margin'     ><section  class='av_textblock_section av-5ei6fj-cf60d2e8870c570ba2f183384692cdc5 '   itemscope=\"itemscope\" itemtype=\"https:\/\/schema.org\/CreativeWork\" ><div class='avia_textblock'  itemprop=\"text\" ><p>Wysoce wyspecjalizowane ta\u015bmy samoprzylepne odgrywaj\u0105 kluczow\u0105 rol\u0119 w przemy\u015ble motoryzacyjnym, niezale\u017cnie od tego, czy chodzi o izolacj\u0119, mocowanie komponent\u00f3w, czy nawet mocowanie element\u00f3w wizualnych i wyko\u0144czeniowych.  <\/p>\n<p>Jako dostawca ta\u015bm samoprzylepnych dla sektora motoryzacyjnego jeste\u015bmy silnym partnerem dla wielu marek motoryzacyjnych premium i ich dostawc\u00f3w: Oferujemy szerok\u0105 gam\u0119 r\u00f3\u017cnych rozwi\u0105za\u0144. Ponadto posiadamy niezb\u0119dn\u0105 wiedz\u0119 specjalistyczn\u0105, aby skutecznie doradza\u0107 naszym klientom w zakresie ich indywidualnych zastosowa\u0144. Jeste\u015bmy r\u00f3wnie\u017c Twoim partnerem w zakresie gotowych ta\u015bm samoprzylepnych, wi\u0119c dzi\u0119ki nowoczesnej technologii jeste\u015bmy w stanie stworzy\u0107 dla Ciebie niestandardowe rozwi\u0105zania.<\/p>\n<\/div><\/section><\/div><div  class='flex_column av-45mya7-960774b81cbab31ae5dc5a8210168bb9 av_one_half  avia-builder-el-5  el_after_av_one_half  avia-builder-el-last  flex_column_div  column-top-margin'     ><section  class='av_textblock_section av-2ptt7z-78505757d73709f224e78109b1723d50 '   itemscope=\"itemscope\" itemtype=\"https:\/\/schema.org\/CreativeWork\" ><div class='avia_textblock'  itemprop=\"text\" ><p>Wysoce wyspecjalizowane ta\u015bmy samoprzylepne odgrywaj\u0105 kluczow\u0105 rol\u0119 w przemy\u015ble motoryzacyjnym, niezale\u017cnie od tego, czy chodzi o izolacj\u0119, mocowanie komponent\u00f3w, czy nawet mocowanie element\u00f3w wizualnych i wyko\u0144czeniowych.  <\/p>\n<p>Jako dostawca ta\u015bm samoprzylepnych dla sektora motoryzacyjnego jeste\u015bmy silnym partnerem dla wielu marek motoryzacyjnych premium i ich dostawc\u00f3w: Oferujemy szerok\u0105 gam\u0119 r\u00f3\u017cnych rozwi\u0105za\u0144. Ponadto posiadamy niezb\u0119dn\u0105 wiedz\u0119 specjalistyczn\u0105, aby skutecznie doradza\u0107 naszym klientom w zakresie ich indywidualnych zastosowa\u0144. Jeste\u015bmy r\u00f3wnie\u017c Twoim partnerem w zakresie gotowych ta\u015bm samoprzylepnych, wi\u0119c dzi\u0119ki nowoczesnej technologii jeste\u015bmy w stanie stworzy\u0107 dla Ciebie niestandardowe rozwi\u0105zania.<\/p>\n<\/div><\/section><\/div>\n\n","protected":false},"excerpt":{"rendered":"","protected":false},"author":1,"featured_media":0,"parent":30844,"menu_order":21,"comment_status":"closed","ping_status":"closed","template":"","meta":{"_acf_changed":false,"footnotes":""},"class_list":["post-31183","page","type-page","status-publish","hentry"],"acf":[],"yoast_head":"<!-- This site is optimized with the Yoast SEO plugin v27.3 - https:\/\/yoast.com\/product\/yoast-seo-wordpress\/ -->\n<title>Ta\u015bmy samoprzylepne wielokrotnego u\u017cytku - cardinal TAPES<\/title>\n<meta name=\"description\" content=\"Jako wy\u0142\u0105czny dystrybutor produkt\u00f3w ORAFIX, oferujemy szerok\u0105 gam\u0119 produkt\u00f3w do wszystkich zastosowa\u0144 w przemy\u015ble papierniczym i poligraficznym.\" \/>\n<meta name=\"robots\" content=\"index, follow, max-snippet:-1, max-image-preview:large, max-video-preview:-1\" \/>\n<link rel=\"canonical\" href=\"https:\/\/cardinal-tapes.com\/pl\/tasmy-samoprzylepne-pl__trashed\/tasma-klejaca-abc\/tasmy-samoprzylepne-wielokrotnego-uzytku\/\" \/>\n<meta property=\"og:locale\" content=\"pl_PL\" \/>\n<meta property=\"og:type\" content=\"article\" \/>\n<meta property=\"og:title\" content=\"Ta\u015bmy samoprzylepne wielokrotnego u\u017cytku - cardinal TAPES\" \/>\n<meta property=\"og:description\" content=\"Jako wy\u0142\u0105czny dystrybutor produkt\u00f3w ORAFIX, oferujemy szerok\u0105 gam\u0119 produkt\u00f3w do wszystkich zastosowa\u0144 w przemy\u015ble papierniczym i poligraficznym.\" \/>\n<meta property=\"og:url\" content=\"https:\/\/cardinal-tapes.com\/pl\/tasmy-samoprzylepne-pl__trashed\/tasma-klejaca-abc\/tasmy-samoprzylepne-wielokrotnego-uzytku\/\" \/>\n<meta property=\"og:site_name\" content=\"cardinal TAPES\" \/>\n<meta property=\"article:modified_time\" content=\"2023-06-02T09:12:27+00:00\" \/>\n<meta name=\"twitter:card\" content=\"summary_large_image\" \/>\n<meta name=\"twitter:label1\" content=\"Szacowany czas czytania\" \/>\n\t<meta name=\"twitter:data1\" content=\"9 minut\" \/>\n<script type=\"application\/ld+json\" class=\"yoast-schema-graph\">{\"@context\":\"https:\\\/\\\/schema.org\",\"@graph\":[{\"@type\":\"WebPage\",\"@id\":\"https:\\\/\\\/cardinal-tapes.com\\\/pl\\\/tasmy-samoprzylepne-pl__trashed\\\/tasma-klejaca-abc\\\/tasmy-samoprzylepne-wielokrotnego-uzytku\\\/\",\"url\":\"https:\\\/\\\/cardinal-tapes.com\\\/pl\\\/tasmy-samoprzylepne-pl__trashed\\\/tasma-klejaca-abc\\\/tasmy-samoprzylepne-wielokrotnego-uzytku\\\/\",\"name\":\"Ta\u015bmy samoprzylepne wielokrotnego u\u017cytku - cardinal TAPES\",\"isPartOf\":{\"@id\":\"https:\\\/\\\/cardinal-tapes.com\\\/#website\"},\"datePublished\":\"2023-06-02T08:59:26+00:00\",\"dateModified\":\"2023-06-02T09:12:27+00:00\",\"description\":\"Jako wy\u0142\u0105czny dystrybutor produkt\u00f3w ORAFIX, oferujemy szerok\u0105 gam\u0119 produkt\u00f3w do wszystkich zastosowa\u0144 w przemy\u015ble papierniczym i poligraficznym.\",\"breadcrumb\":{\"@id\":\"https:\\\/\\\/cardinal-tapes.com\\\/pl\\\/tasmy-samoprzylepne-pl__trashed\\\/tasma-klejaca-abc\\\/tasmy-samoprzylepne-wielokrotnego-uzytku\\\/#breadcrumb\"},\"inLanguage\":\"pl-PL\",\"potentialAction\":[{\"@type\":\"ReadAction\",\"target\":[\"https:\\\/\\\/cardinal-tapes.com\\\/pl\\\/tasmy-samoprzylepne-pl__trashed\\\/tasma-klejaca-abc\\\/tasmy-samoprzylepne-wielokrotnego-uzytku\\\/\"]}]},{\"@type\":\"BreadcrumbList\",\"@id\":\"https:\\\/\\\/cardinal-tapes.com\\\/pl\\\/tasmy-samoprzylepne-pl__trashed\\\/tasma-klejaca-abc\\\/tasmy-samoprzylepne-wielokrotnego-uzytku\\\/#breadcrumb\",\"itemListElement\":[{\"@type\":\"ListItem\",\"position\":1,\"name\":\"Startseite\",\"item\":\"https:\\\/\\\/cardinal-tapes.com\\\/pl\\\/strona-glowna\\\/\"},{\"@type\":\"ListItem\",\"position\":2,\"name\":\"Ta\u015bma klej\u0105ca ABC\",\"item\":\"https:\\\/\\\/cardinal-tapes.com\\\/pl\\\/tasmy-samoprzylepne-pl__trashed\\\/tasma-klejaca-abc\\\/\"},{\"@type\":\"ListItem\",\"position\":3,\"name\":\"Ta\u015bmy samoprzylepne wielokrotnego u\u017cytku\"}]},{\"@type\":\"WebSite\",\"@id\":\"https:\\\/\\\/cardinal-tapes.com\\\/#website\",\"url\":\"https:\\\/\\\/cardinal-tapes.com\\\/\",\"name\":\"cardinal TAPES\",\"description\":\"Klebetechnik aus Wuppertal\",\"potentialAction\":[{\"@type\":\"SearchAction\",\"target\":{\"@type\":\"EntryPoint\",\"urlTemplate\":\"https:\\\/\\\/cardinal-tapes.com\\\/?s={search_term_string}\"},\"query-input\":{\"@type\":\"PropertyValueSpecification\",\"valueRequired\":true,\"valueName\":\"search_term_string\"}}],\"inLanguage\":\"pl-PL\"}]}<\/script>\n<!-- \/ Yoast SEO plugin. -->","yoast_head_json":{"title":"Ta\u015bmy samoprzylepne wielokrotnego u\u017cytku - cardinal TAPES","description":"Jako wy\u0142\u0105czny dystrybutor produkt\u00f3w ORAFIX, oferujemy szerok\u0105 gam\u0119 produkt\u00f3w do wszystkich zastosowa\u0144 w przemy\u015ble papierniczym i poligraficznym.","robots":{"index":"index","follow":"follow","max-snippet":"max-snippet:-1","max-image-preview":"max-image-preview:large","max-video-preview":"max-video-preview:-1"},"canonical":"https:\/\/cardinal-tapes.com\/pl\/tasmy-samoprzylepne-pl__trashed\/tasma-klejaca-abc\/tasmy-samoprzylepne-wielokrotnego-uzytku\/","og_locale":"pl_PL","og_type":"article","og_title":"Ta\u015bmy samoprzylepne wielokrotnego u\u017cytku - cardinal TAPES","og_description":"Jako wy\u0142\u0105czny dystrybutor produkt\u00f3w ORAFIX, oferujemy szerok\u0105 gam\u0119 produkt\u00f3w do wszystkich zastosowa\u0144 w przemy\u015ble papierniczym i poligraficznym.","og_url":"https:\/\/cardinal-tapes.com\/pl\/tasmy-samoprzylepne-pl__trashed\/tasma-klejaca-abc\/tasmy-samoprzylepne-wielokrotnego-uzytku\/","og_site_name":"cardinal TAPES","article_modified_time":"2023-06-02T09:12:27+00:00","twitter_card":"summary_large_image","twitter_misc":{"Szacowany czas czytania":"9 minut"},"schema":{"@context":"https:\/\/schema.org","@graph":[{"@type":"WebPage","@id":"https:\/\/cardinal-tapes.com\/pl\/tasmy-samoprzylepne-pl__trashed\/tasma-klejaca-abc\/tasmy-samoprzylepne-wielokrotnego-uzytku\/","url":"https:\/\/cardinal-tapes.com\/pl\/tasmy-samoprzylepne-pl__trashed\/tasma-klejaca-abc\/tasmy-samoprzylepne-wielokrotnego-uzytku\/","name":"Ta\u015bmy samoprzylepne wielokrotnego u\u017cytku - cardinal TAPES","isPartOf":{"@id":"https:\/\/cardinal-tapes.com\/#website"},"datePublished":"2023-06-02T08:59:26+00:00","dateModified":"2023-06-02T09:12:27+00:00","description":"Jako wy\u0142\u0105czny dystrybutor produkt\u00f3w ORAFIX, oferujemy szerok\u0105 gam\u0119 produkt\u00f3w do wszystkich zastosowa\u0144 w przemy\u015ble papierniczym i poligraficznym.","breadcrumb":{"@id":"https:\/\/cardinal-tapes.com\/pl\/tasmy-samoprzylepne-pl__trashed\/tasma-klejaca-abc\/tasmy-samoprzylepne-wielokrotnego-uzytku\/#breadcrumb"},"inLanguage":"pl-PL","potentialAction":[{"@type":"ReadAction","target":["https:\/\/cardinal-tapes.com\/pl\/tasmy-samoprzylepne-pl__trashed\/tasma-klejaca-abc\/tasmy-samoprzylepne-wielokrotnego-uzytku\/"]}]},{"@type":"BreadcrumbList","@id":"https:\/\/cardinal-tapes.com\/pl\/tasmy-samoprzylepne-pl__trashed\/tasma-klejaca-abc\/tasmy-samoprzylepne-wielokrotnego-uzytku\/#breadcrumb","itemListElement":[{"@type":"ListItem","position":1,"name":"Startseite","item":"https:\/\/cardinal-tapes.com\/pl\/strona-glowna\/"},{"@type":"ListItem","position":2,"name":"Ta\u015bma klej\u0105ca ABC","item":"https:\/\/cardinal-tapes.com\/pl\/tasmy-samoprzylepne-pl__trashed\/tasma-klejaca-abc\/"},{"@type":"ListItem","position":3,"name":"Ta\u015bmy samoprzylepne wielokrotnego u\u017cytku"}]},{"@type":"WebSite","@id":"https:\/\/cardinal-tapes.com\/#website","url":"https:\/\/cardinal-tapes.com\/","name":"cardinal TAPES","description":"Klebetechnik aus Wuppertal","potentialAction":[{"@type":"SearchAction","target":{"@type":"EntryPoint","urlTemplate":"https:\/\/cardinal-tapes.com\/?s={search_term_string}"},"query-input":{"@type":"PropertyValueSpecification","valueRequired":true,"valueName":"search_term_string"}}],"inLanguage":"pl-PL"}]}},"_links":{"self":[{"href":"https:\/\/cardinal-tapes.com\/pl\/wp-json\/wp\/v2\/pages\/31183","targetHints":{"allow":["GET"]}}],"collection":[{"href":"https:\/\/cardinal-tapes.com\/pl\/wp-json\/wp\/v2\/pages"}],"about":[{"href":"https:\/\/cardinal-tapes.com\/pl\/wp-json\/wp\/v2\/types\/page"}],"author":[{"embeddable":true,"href":"https:\/\/cardinal-tapes.com\/pl\/wp-json\/wp\/v2\/users\/1"}],"replies":[{"embeddable":true,"href":"https:\/\/cardinal-tapes.com\/pl\/wp-json\/wp\/v2\/comments?post=31183"}],"version-history":[{"count":0,"href":"https:\/\/cardinal-tapes.com\/pl\/wp-json\/wp\/v2\/pages\/31183\/revisions"}],"up":[{"embeddable":true,"href":"https:\/\/cardinal-tapes.com\/pl\/wp-json\/wp\/v2\/pages\/30844"}],"wp:attachment":[{"href":"https:\/\/cardinal-tapes.com\/pl\/wp-json\/wp\/v2\/media?parent=31183"}],"curies":[{"name":"wp","href":"https:\/\/api.w.org\/{rel}","templated":true}]}}