{"id":31179,"date":"2023-06-02T10:59:26","date_gmt":"2023-06-02T08:59:26","guid":{"rendered":"https:\/\/cardinal.pixel-tal.de\/tasmy-samoprzylepne\/tasma-klejaca-abc\/klej-termotopliwy-klej-termotopliwy\/"},"modified":"2023-06-02T11:12:02","modified_gmt":"2023-06-02T09:12:02","slug":"klej-termotopliwy-klej-termotopliwy","status":"publish","type":"page","link":"https:\/\/cardinal-tapes.com\/pl\/tasmy-samoprzylepne-pl\/tasma-klejaca-abc\/klej-termotopliwy-klej-termotopliwy\/","title":{"rendered":"Klej termotopliwy \/ Klej termotopliwy"},"content":{"rendered":"<div id='av_section_1'  class='avia-section av-20ut3vw-cf3278f8854803a74dc999e34a15f84a alternate_color avia-section-default avia-no-border-styling  avia-builder-el-0  avia-builder-el-no-sibling  avia-bg-style-scroll container_wrap fullsize'  ><div class='container av-section-cont-open' ><main  role=\"main\" itemprop=\"mainContentOfPage\"  class='template-page content  av-content-full alpha units'><div class='post-entry post-entry-type-page post-entry-31179'><div class='entry-content-wrapper clearfix'>\n<div  class='flex_column av-1s5p8uk-33b8bde28d473573e33c3ed8ae7cf09b av_one_full  avia-builder-el-1  el_before_av_one_half  avia-builder-el-first  first flex_column_div  '     ><div class=\"pxl-headline pxl-hl hl-wrap | hl-sub--off hl--align-left hl--no-margin    \">\n        <div class=\"hl-inner\">\n            <h2 class=\"hl-main hl-line |  hl_main--default  \">Klej termotopliwy \/ Klej termotopliwy<\/h2>\n            \n    <\/div>\n<\/div><\/div><div  class='flex_column av-4gmznw-b199631b3720051d109be64ccadbe7c3 av_one_half  avia-builder-el-3  el_after_av_one_full  el_before_av_one_half  first flex_column_div  column-top-margin'     ><section  class='av_textblock_section av-243bmz0-b067fe41fb530645f6f8510ea44e34be '   itemscope=\"itemscope\" itemtype=\"https:\/\/schema.org\/CreativeWork\" ><div class='avia_textblock'  itemprop=\"text\" ><p>Kleje termotopliwe s\u0105 w 100% systemami, dzi\u0119ki czemu do nak\u0142adania kleju nie trzeba u\u017cywa\u0107 rozpuszczalnika. \u017bywica klej\u0105ca jest topiona i zestala si\u0119 po na\u0142o\u017ceniu na foli\u0119. Dzi\u0119ki sieciowaniu ko\u0144cowemu mo\u017cliwe jest r\u00f3wnie\u017c uzyskanie ustawie\u0144 wysoce odpornych na temperatur\u0119. Ta\u015bma jest samoprzylepna w temperaturze pokojowej, podobnie jak klej kauczukowy lub akrylowy.<\/p>\n<\/div><\/section><\/div><div  class='flex_column av-lhc6b0-b2bfa87dc7195a49b8f4d4ac85f6162b av_one_half  avia-builder-el-5  el_after_av_one_half  avia-builder-el-last  flex_column_div  column-top-margin'     ><section  class='av_textblock_section av-12tclfw-60226bc4591736d7a87017709ef74ac9 '   itemscope=\"itemscope\" itemtype=\"https:\/\/schema.org\/CreativeWork\" ><div class='avia_textblock'  itemprop=\"text\" ><h4>Kleje termotopliwe &#8211; zalety<\/h4>\n<p>Kleje termotopliwe nie zawieraj\u0105 rozpuszczalnik\u00f3w, ale ich zastosowanie jest ograniczone do materia\u0142\u00f3w odpornych na temperatur\u0119 ze wzgl\u0119du na wysokie temperatury przetwarzania. Z drugiej strony klej zachowuje si\u0119 odwracalnie, tj. staje si\u0119 ponownie mi\u0119kki po zwi\u0119kszeniu temperatury. Ze wzgl\u0119du na t\u0119 w\u0142a\u015bciwo\u015b\u0107 jest on odporny na ciep\u0142o tylko w ograniczonym zakresie (patrz tak\u017ce reaktywne kleje termotopliwe).<\/p>\n<\/div><\/section><\/div>\n\n","protected":false},"excerpt":{"rendered":"","protected":false},"author":1,"featured_media":0,"parent":30844,"menu_order":4,"comment_status":"closed","ping_status":"closed","template":"","meta":{"_acf_changed":false,"footnotes":""},"class_list":["post-31179","page","type-page","status-publish","hentry"],"acf":[],"yoast_head":"<!-- This site is optimized with the Yoast SEO plugin v27.3 - https:\/\/yoast.com\/product\/yoast-seo-wordpress\/ -->\n<title>Klej termotopliwy \/ Klej termotopliwy - cardinal TAPES<\/title>\n<meta name=\"description\" content=\"Kleje termotopliwe s\u0105 w 100% systemami, dzi\u0119ki czemu do nak\u0142adania kleju nie trzeba u\u017cywa\u0107 rozpuszczalnika.\" \/>\n<meta name=\"robots\" content=\"index, follow, max-snippet:-1, max-image-preview:large, max-video-preview:-1\" \/>\n<link rel=\"canonical\" href=\"https:\/\/cardinal-tapes.com\/pl\/tasmy-samoprzylepne-pl__trashed\/tasma-klejaca-abc\/klej-termotopliwy-klej-termotopliwy\/\" \/>\n<meta property=\"og:locale\" content=\"pl_PL\" \/>\n<meta property=\"og:type\" content=\"article\" \/>\n<meta property=\"og:title\" content=\"Klej termotopliwy \/ Klej termotopliwy - cardinal TAPES\" \/>\n<meta property=\"og:description\" content=\"Kleje termotopliwe s\u0105 w 100% systemami, dzi\u0119ki czemu do nak\u0142adania kleju nie trzeba u\u017cywa\u0107 rozpuszczalnika.\" \/>\n<meta property=\"og:url\" content=\"https:\/\/cardinal-tapes.com\/pl\/tasmy-samoprzylepne-pl__trashed\/tasma-klejaca-abc\/klej-termotopliwy-klej-termotopliwy\/\" \/>\n<meta property=\"og:site_name\" content=\"cardinal TAPES\" \/>\n<meta property=\"article:modified_time\" content=\"2023-06-02T09:12:02+00:00\" \/>\n<meta name=\"twitter:card\" content=\"summary_large_image\" \/>\n<meta name=\"twitter:label1\" content=\"Szacowany czas czytania\" \/>\n\t<meta name=\"twitter:data1\" content=\"8 minut\" \/>\n<script type=\"application\/ld+json\" class=\"yoast-schema-graph\">{\"@context\":\"https:\\\/\\\/schema.org\",\"@graph\":[{\"@type\":\"WebPage\",\"@id\":\"https:\\\/\\\/cardinal-tapes.com\\\/pl\\\/tasmy-samoprzylepne-pl__trashed\\\/tasma-klejaca-abc\\\/klej-termotopliwy-klej-termotopliwy\\\/\",\"url\":\"https:\\\/\\\/cardinal-tapes.com\\\/pl\\\/tasmy-samoprzylepne-pl__trashed\\\/tasma-klejaca-abc\\\/klej-termotopliwy-klej-termotopliwy\\\/\",\"name\":\"Klej termotopliwy \\\/ Klej termotopliwy - cardinal TAPES\",\"isPartOf\":{\"@id\":\"https:\\\/\\\/cardinal-tapes.com\\\/#website\"},\"datePublished\":\"2023-06-02T08:59:26+00:00\",\"dateModified\":\"2023-06-02T09:12:02+00:00\",\"description\":\"Kleje termotopliwe s\u0105 w 100% systemami, dzi\u0119ki czemu do nak\u0142adania kleju nie trzeba u\u017cywa\u0107 rozpuszczalnika.\",\"breadcrumb\":{\"@id\":\"https:\\\/\\\/cardinal-tapes.com\\\/pl\\\/tasmy-samoprzylepne-pl__trashed\\\/tasma-klejaca-abc\\\/klej-termotopliwy-klej-termotopliwy\\\/#breadcrumb\"},\"inLanguage\":\"pl-PL\",\"potentialAction\":[{\"@type\":\"ReadAction\",\"target\":[\"https:\\\/\\\/cardinal-tapes.com\\\/pl\\\/tasmy-samoprzylepne-pl__trashed\\\/tasma-klejaca-abc\\\/klej-termotopliwy-klej-termotopliwy\\\/\"]}]},{\"@type\":\"BreadcrumbList\",\"@id\":\"https:\\\/\\\/cardinal-tapes.com\\\/pl\\\/tasmy-samoprzylepne-pl__trashed\\\/tasma-klejaca-abc\\\/klej-termotopliwy-klej-termotopliwy\\\/#breadcrumb\",\"itemListElement\":[{\"@type\":\"ListItem\",\"position\":1,\"name\":\"Startseite\",\"item\":\"https:\\\/\\\/cardinal-tapes.com\\\/pl\\\/strona-glowna\\\/\"},{\"@type\":\"ListItem\",\"position\":2,\"name\":\"Ta\u015bma klej\u0105ca ABC\",\"item\":\"https:\\\/\\\/cardinal-tapes.com\\\/pl\\\/tasmy-samoprzylepne-pl__trashed\\\/tasma-klejaca-abc\\\/\"},{\"@type\":\"ListItem\",\"position\":3,\"name\":\"Klej termotopliwy \\\/ Klej termotopliwy\"}]},{\"@type\":\"WebSite\",\"@id\":\"https:\\\/\\\/cardinal-tapes.com\\\/#website\",\"url\":\"https:\\\/\\\/cardinal-tapes.com\\\/\",\"name\":\"cardinal TAPES\",\"description\":\"Klebetechnik aus Wuppertal\",\"potentialAction\":[{\"@type\":\"SearchAction\",\"target\":{\"@type\":\"EntryPoint\",\"urlTemplate\":\"https:\\\/\\\/cardinal-tapes.com\\\/?s={search_term_string}\"},\"query-input\":{\"@type\":\"PropertyValueSpecification\",\"valueRequired\":true,\"valueName\":\"search_term_string\"}}],\"inLanguage\":\"pl-PL\"}]}<\/script>\n<!-- \/ Yoast SEO plugin. -->","yoast_head_json":{"title":"Klej termotopliwy \/ Klej termotopliwy - cardinal TAPES","description":"Kleje termotopliwe s\u0105 w 100% systemami, dzi\u0119ki czemu do nak\u0142adania kleju nie trzeba u\u017cywa\u0107 rozpuszczalnika.","robots":{"index":"index","follow":"follow","max-snippet":"max-snippet:-1","max-image-preview":"max-image-preview:large","max-video-preview":"max-video-preview:-1"},"canonical":"https:\/\/cardinal-tapes.com\/pl\/tasmy-samoprzylepne-pl__trashed\/tasma-klejaca-abc\/klej-termotopliwy-klej-termotopliwy\/","og_locale":"pl_PL","og_type":"article","og_title":"Klej termotopliwy \/ Klej termotopliwy - cardinal TAPES","og_description":"Kleje termotopliwe s\u0105 w 100% systemami, dzi\u0119ki czemu do nak\u0142adania kleju nie trzeba u\u017cywa\u0107 rozpuszczalnika.","og_url":"https:\/\/cardinal-tapes.com\/pl\/tasmy-samoprzylepne-pl__trashed\/tasma-klejaca-abc\/klej-termotopliwy-klej-termotopliwy\/","og_site_name":"cardinal TAPES","article_modified_time":"2023-06-02T09:12:02+00:00","twitter_card":"summary_large_image","twitter_misc":{"Szacowany czas czytania":"8 minut"},"schema":{"@context":"https:\/\/schema.org","@graph":[{"@type":"WebPage","@id":"https:\/\/cardinal-tapes.com\/pl\/tasmy-samoprzylepne-pl__trashed\/tasma-klejaca-abc\/klej-termotopliwy-klej-termotopliwy\/","url":"https:\/\/cardinal-tapes.com\/pl\/tasmy-samoprzylepne-pl__trashed\/tasma-klejaca-abc\/klej-termotopliwy-klej-termotopliwy\/","name":"Klej termotopliwy \/ Klej termotopliwy - cardinal TAPES","isPartOf":{"@id":"https:\/\/cardinal-tapes.com\/#website"},"datePublished":"2023-06-02T08:59:26+00:00","dateModified":"2023-06-02T09:12:02+00:00","description":"Kleje termotopliwe s\u0105 w 100% systemami, dzi\u0119ki czemu do nak\u0142adania kleju nie trzeba u\u017cywa\u0107 rozpuszczalnika.","breadcrumb":{"@id":"https:\/\/cardinal-tapes.com\/pl\/tasmy-samoprzylepne-pl__trashed\/tasma-klejaca-abc\/klej-termotopliwy-klej-termotopliwy\/#breadcrumb"},"inLanguage":"pl-PL","potentialAction":[{"@type":"ReadAction","target":["https:\/\/cardinal-tapes.com\/pl\/tasmy-samoprzylepne-pl__trashed\/tasma-klejaca-abc\/klej-termotopliwy-klej-termotopliwy\/"]}]},{"@type":"BreadcrumbList","@id":"https:\/\/cardinal-tapes.com\/pl\/tasmy-samoprzylepne-pl__trashed\/tasma-klejaca-abc\/klej-termotopliwy-klej-termotopliwy\/#breadcrumb","itemListElement":[{"@type":"ListItem","position":1,"name":"Startseite","item":"https:\/\/cardinal-tapes.com\/pl\/strona-glowna\/"},{"@type":"ListItem","position":2,"name":"Ta\u015bma klej\u0105ca ABC","item":"https:\/\/cardinal-tapes.com\/pl\/tasmy-samoprzylepne-pl__trashed\/tasma-klejaca-abc\/"},{"@type":"ListItem","position":3,"name":"Klej termotopliwy \/ Klej termotopliwy"}]},{"@type":"WebSite","@id":"https:\/\/cardinal-tapes.com\/#website","url":"https:\/\/cardinal-tapes.com\/","name":"cardinal TAPES","description":"Klebetechnik aus Wuppertal","potentialAction":[{"@type":"SearchAction","target":{"@type":"EntryPoint","urlTemplate":"https:\/\/cardinal-tapes.com\/?s={search_term_string}"},"query-input":{"@type":"PropertyValueSpecification","valueRequired":true,"valueName":"search_term_string"}}],"inLanguage":"pl-PL"}]}},"_links":{"self":[{"href":"https:\/\/cardinal-tapes.com\/pl\/wp-json\/wp\/v2\/pages\/31179","targetHints":{"allow":["GET"]}}],"collection":[{"href":"https:\/\/cardinal-tapes.com\/pl\/wp-json\/wp\/v2\/pages"}],"about":[{"href":"https:\/\/cardinal-tapes.com\/pl\/wp-json\/wp\/v2\/types\/page"}],"author":[{"embeddable":true,"href":"https:\/\/cardinal-tapes.com\/pl\/wp-json\/wp\/v2\/users\/1"}],"replies":[{"embeddable":true,"href":"https:\/\/cardinal-tapes.com\/pl\/wp-json\/wp\/v2\/comments?post=31179"}],"version-history":[{"count":0,"href":"https:\/\/cardinal-tapes.com\/pl\/wp-json\/wp\/v2\/pages\/31179\/revisions"}],"up":[{"embeddable":true,"href":"https:\/\/cardinal-tapes.com\/pl\/wp-json\/wp\/v2\/pages\/30844"}],"wp:attachment":[{"href":"https:\/\/cardinal-tapes.com\/pl\/wp-json\/wp\/v2\/media?parent=31179"}],"curies":[{"name":"wp","href":"https:\/\/api.w.org\/{rel}","templated":true}]}}