{"id":31154,"date":"2023-06-02T10:59:25","date_gmt":"2023-06-02T08:59:25","guid":{"rendered":"https:\/\/cardinal.pixel-tal.de\/tasmy-samoprzylepne\/tasma-klejaca-abc\/tasmy-do-piaskowania\/"},"modified":"2023-06-02T11:12:10","modified_gmt":"2023-06-02T09:12:10","slug":"tasmy-do-piaskowania","status":"publish","type":"page","link":"https:\/\/cardinal-tapes.com\/pl\/tasmy-samoprzylepne-pl\/tasma-klejaca-abc\/tasmy-do-piaskowania\/","title":{"rendered":"Ta\u015bmy do piaskowania"},"content":{"rendered":"<div id='av_section_1'  class='avia-section av-27xzh0f-101b17f3ca22c97793a803b901610247 alternate_color avia-section-default avia-no-border-styling  avia-builder-el-0  avia-builder-el-no-sibling  avia-bg-style-scroll container_wrap fullsize'  ><div class='container av-section-cont-open' ><main  role=\"main\" itemprop=\"mainContentOfPage\"  class='template-page content  av-content-full alpha units'><div class='post-entry post-entry-type-page post-entry-31154'><div class='entry-content-wrapper clearfix'>\n<div  class='flex_column av-1jp3v0f-9f60e8446d21cb10880cd3107c06939f av_one_full  avia-builder-el-1  el_before_av_one_half  avia-builder-el-first  first flex_column_div  '     ><div class=\"pxl-headline pxl-hl hl-wrap | hl-sub--bot hl--align-left hl--no-margin    \">\n        <div class=\"hl-inner\">\n            <h2 class=\"hl-main hl-line |  hl_main--default  \">Ta\u015bmy do piaskowania<\/h2>\n            \n    <\/div>\n<\/div><\/div><div  class='flex_column av-17ot0nz-5cf171ed1da6d97d6ddfe6b33d9bc65e av_one_half  avia-builder-el-3  el_after_av_one_full  el_before_av_one_half  first flex_column_div  column-top-margin'     ><section  class='av_textblock_section av-2a4xjtr-d956b098d81dcfed45f21d2901649182 '   itemscope=\"itemscope\" itemtype=\"https:\/\/schema.org\/CreativeWork\" ><div class='avia_textblock'  itemprop=\"text\" ><p>Piaskowanie jest wykorzystywane do grawerowania motyw\u00f3w na twardych powierzchniach, takich jak grawerowanie nagrobk\u00f3w, a tak\u017ce do ozdabiania powierzchni drewnianych. W celu uzyskania dok\u0142adnych wynik\u00f3w dla z\u0142o\u017conych kszta\u0142t\u00f3w nawet w tym bardzo mechanicznym procesie, stosowana jest wysoce wyspecjalizowana ta\u015bma samoprzylepna zwana ta\u015bm\u0105 do piaskowania. Charakteryzuje si\u0119 dobr\u0105 obs\u0142ug\u0105 i wysok\u0105 odporno\u015bci\u0105 na piaskowanie.<\/p>\n<\/div><\/section><\/div><div  class='flex_column av-krz36n-eed8327f2f4c32614537321e64746a7a av_one_half  avia-builder-el-5  el_after_av_one_half  avia-builder-el-last  flex_column_div  column-top-margin'     ><section  class='av_textblock_section av-16koehr-a12e32f2b0e575727702e980c28e8e33 '   itemscope=\"itemscope\" itemtype=\"https:\/\/schema.org\/CreativeWork\" ><div class='avia_textblock'  itemprop=\"text\" ><h4>Zalety ta\u015bmy do piaskowania<\/h4>\n<p>Ta\u015bma do piaskowania sk\u0142ada si\u0119 z gumowego podk\u0142adu, kt\u00f3ry mo\u017cna usun\u0105\u0107 bez pozostawiania \u015blad\u00f3w. Klej ma wysok\u0105 przyczepno\u015b\u0107, szczeg\u00f3lnie na polerowanych powierzchniach i drewnie. Ze wzgl\u0119du na jednolit\u0105 g\u0119sto\u015b\u0107 materia\u0142u no\u015bnego, u\u017cytkownicy mog\u0105 bardzo \u0142atwo wycina\u0107 lub wykrawa\u0107 z\u0142o\u017cone kszta\u0142ty, a tym samym tworzy\u0107 precyzyjnie dopasowane szablony do p\u00f3\u017aniejszej pracy. Ta\u015bma do piaskowania jest r\u00f3wnie\u017c odporna na temperatur\u0119 do 100 stopni, dzi\u0119ki czemu materia\u0142 nie zapala si\u0119 w wyniku napr\u0119\u017ce\u0144 mechanicznych.<\/p>\n<p>Oferujemy naszym klientom mo\u017cliwo\u015b\u0107 <a href=\"https:\/\/cardinal-tapes.com\/pl\/opakowanie\/\">dostosowania ta\u015bm do ich \u017cycze\u0144<\/a>. Skontaktuj si\u0119 z naszymi wieloletnimi ekspertami, aby uzyska\u0107 wi\u0119cej informacji.<\/p>\n<\/div><\/section><\/div>\n\n","protected":false},"excerpt":{"rendered":"","protected":false},"author":1,"featured_media":0,"parent":30844,"menu_order":9,"comment_status":"closed","ping_status":"closed","template":"","meta":{"_acf_changed":false,"footnotes":""},"class_list":["post-31154","page","type-page","status-publish","hentry"],"acf":[],"yoast_head":"<!-- This site is optimized with the Yoast SEO plugin v27.4 - https:\/\/yoast.com\/product\/yoast-seo-wordpress\/ -->\n<title>Ta\u015bmy do piaskowania od ekspert\u00f3w | Cardinal Tapes<\/title>\n<meta name=\"description\" content=\"Ta\u015bma do piaskowania nadaje si\u0119 do zastosowa\u0144 w ekstremalnych warunkach temperaturowych i przy uderzeniach mechanicznych. Dowiedz si\u0119 wi\u0119cej.\" \/>\n<meta name=\"robots\" content=\"index, follow, max-snippet:-1, max-image-preview:large, max-video-preview:-1\" \/>\n<link rel=\"canonical\" href=\"https:\/\/cardinal-tapes.com\/pl\/tasmy-samoprzylepne-pl__trashed\/tasma-klejaca-abc\/tasmy-do-piaskowania\/\" \/>\n<meta property=\"og:locale\" content=\"pl_PL\" \/>\n<meta property=\"og:type\" content=\"article\" \/>\n<meta property=\"og:title\" content=\"Ta\u015bmy do piaskowania od ekspert\u00f3w | Cardinal Tapes\" \/>\n<meta property=\"og:description\" content=\"Ta\u015bma do piaskowania nadaje si\u0119 do zastosowa\u0144 w ekstremalnych warunkach temperaturowych i przy uderzeniach mechanicznych. Dowiedz si\u0119 wi\u0119cej.\" \/>\n<meta property=\"og:url\" content=\"https:\/\/cardinal-tapes.com\/pl\/tasmy-samoprzylepne-pl__trashed\/tasma-klejaca-abc\/tasmy-do-piaskowania\/\" \/>\n<meta property=\"og:site_name\" content=\"cardinal TAPES\" \/>\n<meta property=\"article:modified_time\" content=\"2023-06-02T09:12:10+00:00\" \/>\n<meta name=\"twitter:card\" content=\"summary_large_image\" \/>\n<meta name=\"twitter:label1\" content=\"Szacowany czas czytania\" \/>\n\t<meta name=\"twitter:data1\" content=\"9 minut\" \/>\n<script type=\"application\/ld+json\" class=\"yoast-schema-graph\">{\"@context\":\"https:\\\/\\\/schema.org\",\"@graph\":[{\"@type\":\"WebPage\",\"@id\":\"https:\\\/\\\/cardinal-tapes.com\\\/pl\\\/tasmy-samoprzylepne-pl__trashed\\\/tasma-klejaca-abc\\\/tasmy-do-piaskowania\\\/\",\"url\":\"https:\\\/\\\/cardinal-tapes.com\\\/pl\\\/tasmy-samoprzylepne-pl__trashed\\\/tasma-klejaca-abc\\\/tasmy-do-piaskowania\\\/\",\"name\":\"Ta\u015bmy do piaskowania od ekspert\u00f3w | Cardinal Tapes\",\"isPartOf\":{\"@id\":\"https:\\\/\\\/cardinal-tapes.com\\\/#website\"},\"datePublished\":\"2023-06-02T08:59:25+00:00\",\"dateModified\":\"2023-06-02T09:12:10+00:00\",\"description\":\"Ta\u015bma do piaskowania nadaje si\u0119 do zastosowa\u0144 w ekstremalnych warunkach temperaturowych i przy uderzeniach mechanicznych. Dowiedz si\u0119 wi\u0119cej.\",\"breadcrumb\":{\"@id\":\"https:\\\/\\\/cardinal-tapes.com\\\/pl\\\/tasmy-samoprzylepne-pl__trashed\\\/tasma-klejaca-abc\\\/tasmy-do-piaskowania\\\/#breadcrumb\"},\"inLanguage\":\"pl-PL\",\"potentialAction\":[{\"@type\":\"ReadAction\",\"target\":[\"https:\\\/\\\/cardinal-tapes.com\\\/pl\\\/tasmy-samoprzylepne-pl__trashed\\\/tasma-klejaca-abc\\\/tasmy-do-piaskowania\\\/\"]}]},{\"@type\":\"BreadcrumbList\",\"@id\":\"https:\\\/\\\/cardinal-tapes.com\\\/pl\\\/tasmy-samoprzylepne-pl__trashed\\\/tasma-klejaca-abc\\\/tasmy-do-piaskowania\\\/#breadcrumb\",\"itemListElement\":[{\"@type\":\"ListItem\",\"position\":1,\"name\":\"Startseite\",\"item\":\"https:\\\/\\\/cardinal-tapes.com\\\/pl\\\/strona-glowna\\\/\"},{\"@type\":\"ListItem\",\"position\":2,\"name\":\"Ta\u015bma klej\u0105ca ABC\",\"item\":\"https:\\\/\\\/cardinal-tapes.com\\\/pl\\\/tasmy-samoprzylepne-pl__trashed\\\/tasma-klejaca-abc\\\/\"},{\"@type\":\"ListItem\",\"position\":3,\"name\":\"Ta\u015bmy do piaskowania\"}]},{\"@type\":\"WebSite\",\"@id\":\"https:\\\/\\\/cardinal-tapes.com\\\/#website\",\"url\":\"https:\\\/\\\/cardinal-tapes.com\\\/\",\"name\":\"cardinal TAPES\",\"description\":\"Klebetechnik aus Wuppertal\",\"potentialAction\":[{\"@type\":\"SearchAction\",\"target\":{\"@type\":\"EntryPoint\",\"urlTemplate\":\"https:\\\/\\\/cardinal-tapes.com\\\/?s={search_term_string}\"},\"query-input\":{\"@type\":\"PropertyValueSpecification\",\"valueRequired\":true,\"valueName\":\"search_term_string\"}}],\"inLanguage\":\"pl-PL\"}]}<\/script>\n<!-- \/ Yoast SEO plugin. -->","yoast_head_json":{"title":"Ta\u015bmy do piaskowania od ekspert\u00f3w | Cardinal Tapes","description":"Ta\u015bma do piaskowania nadaje si\u0119 do zastosowa\u0144 w ekstremalnych warunkach temperaturowych i przy uderzeniach mechanicznych. Dowiedz si\u0119 wi\u0119cej.","robots":{"index":"index","follow":"follow","max-snippet":"max-snippet:-1","max-image-preview":"max-image-preview:large","max-video-preview":"max-video-preview:-1"},"canonical":"https:\/\/cardinal-tapes.com\/pl\/tasmy-samoprzylepne-pl__trashed\/tasma-klejaca-abc\/tasmy-do-piaskowania\/","og_locale":"pl_PL","og_type":"article","og_title":"Ta\u015bmy do piaskowania od ekspert\u00f3w | Cardinal Tapes","og_description":"Ta\u015bma do piaskowania nadaje si\u0119 do zastosowa\u0144 w ekstremalnych warunkach temperaturowych i przy uderzeniach mechanicznych. Dowiedz si\u0119 wi\u0119cej.","og_url":"https:\/\/cardinal-tapes.com\/pl\/tasmy-samoprzylepne-pl__trashed\/tasma-klejaca-abc\/tasmy-do-piaskowania\/","og_site_name":"cardinal TAPES","article_modified_time":"2023-06-02T09:12:10+00:00","twitter_card":"summary_large_image","twitter_misc":{"Szacowany czas czytania":"9 minut"},"schema":{"@context":"https:\/\/schema.org","@graph":[{"@type":"WebPage","@id":"https:\/\/cardinal-tapes.com\/pl\/tasmy-samoprzylepne-pl__trashed\/tasma-klejaca-abc\/tasmy-do-piaskowania\/","url":"https:\/\/cardinal-tapes.com\/pl\/tasmy-samoprzylepne-pl__trashed\/tasma-klejaca-abc\/tasmy-do-piaskowania\/","name":"Ta\u015bmy do piaskowania od ekspert\u00f3w | Cardinal Tapes","isPartOf":{"@id":"https:\/\/cardinal-tapes.com\/#website"},"datePublished":"2023-06-02T08:59:25+00:00","dateModified":"2023-06-02T09:12:10+00:00","description":"Ta\u015bma do piaskowania nadaje si\u0119 do zastosowa\u0144 w ekstremalnych warunkach temperaturowych i przy uderzeniach mechanicznych. Dowiedz si\u0119 wi\u0119cej.","breadcrumb":{"@id":"https:\/\/cardinal-tapes.com\/pl\/tasmy-samoprzylepne-pl__trashed\/tasma-klejaca-abc\/tasmy-do-piaskowania\/#breadcrumb"},"inLanguage":"pl-PL","potentialAction":[{"@type":"ReadAction","target":["https:\/\/cardinal-tapes.com\/pl\/tasmy-samoprzylepne-pl__trashed\/tasma-klejaca-abc\/tasmy-do-piaskowania\/"]}]},{"@type":"BreadcrumbList","@id":"https:\/\/cardinal-tapes.com\/pl\/tasmy-samoprzylepne-pl__trashed\/tasma-klejaca-abc\/tasmy-do-piaskowania\/#breadcrumb","itemListElement":[{"@type":"ListItem","position":1,"name":"Startseite","item":"https:\/\/cardinal-tapes.com\/pl\/strona-glowna\/"},{"@type":"ListItem","position":2,"name":"Ta\u015bma klej\u0105ca ABC","item":"https:\/\/cardinal-tapes.com\/pl\/tasmy-samoprzylepne-pl__trashed\/tasma-klejaca-abc\/"},{"@type":"ListItem","position":3,"name":"Ta\u015bmy do piaskowania"}]},{"@type":"WebSite","@id":"https:\/\/cardinal-tapes.com\/#website","url":"https:\/\/cardinal-tapes.com\/","name":"cardinal TAPES","description":"Klebetechnik aus Wuppertal","potentialAction":[{"@type":"SearchAction","target":{"@type":"EntryPoint","urlTemplate":"https:\/\/cardinal-tapes.com\/?s={search_term_string}"},"query-input":{"@type":"PropertyValueSpecification","valueRequired":true,"valueName":"search_term_string"}}],"inLanguage":"pl-PL"}]}},"_links":{"self":[{"href":"https:\/\/cardinal-tapes.com\/pl\/wp-json\/wp\/v2\/pages\/31154","targetHints":{"allow":["GET"]}}],"collection":[{"href":"https:\/\/cardinal-tapes.com\/pl\/wp-json\/wp\/v2\/pages"}],"about":[{"href":"https:\/\/cardinal-tapes.com\/pl\/wp-json\/wp\/v2\/types\/page"}],"author":[{"embeddable":true,"href":"https:\/\/cardinal-tapes.com\/pl\/wp-json\/wp\/v2\/users\/1"}],"replies":[{"embeddable":true,"href":"https:\/\/cardinal-tapes.com\/pl\/wp-json\/wp\/v2\/comments?post=31154"}],"version-history":[{"count":0,"href":"https:\/\/cardinal-tapes.com\/pl\/wp-json\/wp\/v2\/pages\/31154\/revisions"}],"up":[{"embeddable":true,"href":"https:\/\/cardinal-tapes.com\/pl\/wp-json\/wp\/v2\/pages\/30844"}],"wp:attachment":[{"href":"https:\/\/cardinal-tapes.com\/pl\/wp-json\/wp\/v2\/media?parent=31154"}],"curies":[{"name":"wp","href":"https:\/\/api.w.org\/{rel}","templated":true}]}}