{"id":31127,"date":"2019-05-06T11:37:44","date_gmt":"2019-05-06T09:37:44","guid":{"rendered":"https:\/\/cardinal.pixel-tal.de\/tasmy-samoprzylepne\/tasma-klejaca-abc\/kleje-cyjanoakrylowe\/"},"modified":"2023-06-02T11:12:02","modified_gmt":"2023-06-02T09:12:02","slug":"kleje-cyjanoakrylowe","status":"publish","type":"page","link":"https:\/\/cardinal-tapes.com\/pl\/tasmy-samoprzylepne-pl\/tasma-klejaca-abc\/kleje-cyjanoakrylowe\/","title":{"rendered":"Kleje cyjanoakrylowe"},"content":{"rendered":"<div id='av_section_1'  class='avia-section av-208wctm-a92572d38bca8c9b0f1400fc947a119c alternate_color avia-section-default avia-no-border-styling  avia-builder-el-0  avia-builder-el-no-sibling  avia-bg-style-scroll container_wrap fullsize'  ><div class='container av-section-cont-open' ><main  role=\"main\" itemprop=\"mainContentOfPage\"  class='template-page content  av-content-full alpha units'><div class='post-entry post-entry-type-page post-entry-31127'><div class='entry-content-wrapper clearfix'>\n<div  class='flex_column av-5wqf3e-d0d8f44a847bb86786bb8e8e9699a784 av_one_full  avia-builder-el-1  el_before_av_one_half  avia-builder-el-first  first flex_column_div  '     ><div class=\"pxl-headline pxl-hl hl-wrap | hl-sub--off hl--align-left hl--no-margin    \">\n        <div class=\"hl-inner\">\n            <h2 class=\"hl-main hl-line |  hl_main--default  \">Kleje cyjanoakrylowe<\/h2>\n            \n    <\/div>\n<\/div><\/div><div  class='flex_column av-17mub4a-57cab256630b8bdb37afd70dadcad3ca av_one_half  avia-builder-el-3  el_after_av_one_full  el_before_av_one_half  first flex_column_div  column-top-margin'     ><section  class='av_textblock_section av-820hey-fe91fe7c691468faf74f59fad806764c '   itemscope=\"itemscope\" itemtype=\"https:\/\/schema.org\/CreativeWork\" ><div class='avia_textblock'  itemprop=\"text\" ><p>Kleje cyjanoakrylowe s\u0105 powszechnie znane jako &#8220;kleje b\u0142yskawiczne&#8221;. S\u0105 to estry kwasu cyjanoakrylowego o niskiej lepko\u015bci lub celowo zag\u0119szczone, kt\u00f3re s\u0105 dost\u0119pne w handlu w postaci 1C jako monomery i reaguj\u0105 w reakcji polimeryzacji w szczelinie \u0142\u0105cz\u0105cej, tworz\u0105c w\u0142a\u015bciwy polimer klejowy. Aby utwardzanie mog\u0142o si\u0119 rozpocz\u0105\u0107, musz\u0105 by\u0107 obecne grupy polarne, takie jak jony OH w warstwie wilgoci na powierzchni \u0142\u0105czonej cz\u0119\u015bci. Obejmuje to polimeryzacj\u0119 anionow\u0105, tj. nukleofile, takie jak organiczne zwi\u0105zki azotu, zwi\u0105zki siarki lub alkohole i woda, kt\u00f3re atakuj\u0105 podw\u00f3jne wi\u0105zanie w cz\u0105steczce monomeru. Proces polimeryzacji jest bardzo szybki, dzi\u0119ki czemu sta\u0142y zwi\u0105zek powstaje w ci\u0105gu kilku sekund.<\/p>\n<\/div><\/section><\/div><div  class='flex_column av-qkleay-83d1448fde64f1755f309f82c74c43df av_one_half  avia-builder-el-5  el_after_av_one_half  avia-builder-el-last  flex_column_div  column-top-margin'     ><section  class='av_textblock_section av-12uhbhm-4cec074c1455966d4c32c35e278a23b5 '   itemscope=\"itemscope\" itemtype=\"https:\/\/schema.org\/CreativeWork\" ><div class='avia_textblock'  itemprop=\"text\" ><h4>Kleje cyjanoakrylowe &#8211; zastosowania<\/h4>\n<p>Preferowane pod\u0142o\u017ca obejmuj\u0105 metale, szk\u0142o lub ceramik\u0119, kt\u00f3re pozwalaj\u0105 na wyj\u0105tkowo cienk\u0105 szczelin\u0119 klejow\u0105. Aby wype\u0142ni\u0107 nieco szersze szczeliny, stosuje si\u0119 dodatki zwi\u0119kszaj\u0105ce lepko\u015b\u0107 lub \u015brodki tiksotropowe w celu wytworzenia stanu \u017celowego. Takie typy s\u0105 preferowane do klejenia uszczelek z gumy EPDM.<\/p>\n<\/div><\/section><\/div>\n\n","protected":false},"excerpt":{"rendered":"","protected":false},"author":1,"featured_media":27670,"parent":30844,"menu_order":2,"comment_status":"closed","ping_status":"closed","template":"","meta":{"_acf_changed":false,"footnotes":""},"class_list":["post-31127","page","type-page","status-publish","has-post-thumbnail","hentry"],"acf":[],"yoast_head":"<!-- This site is optimized with the Yoast SEO plugin v27.3 - https:\/\/yoast.com\/product\/yoast-seo-wordpress\/ -->\n<title>Kleje cyjanoakrylowe - cardinal TAPES<\/title>\n<meta name=\"description\" content=\"Kleje cyjanoakrylowe s\u0105 powszechnie znane jako &quot;kleje b\u0142yskawiczne&quot;. S\u0105 to cienkie lub celowo zag\u0119szczone estry kwasu cyjanoakrylowego\" \/>\n<meta name=\"robots\" content=\"index, follow, max-snippet:-1, max-image-preview:large, max-video-preview:-1\" \/>\n<link rel=\"canonical\" href=\"https:\/\/cardinal-tapes.com\/pl\/tasmy-samoprzylepne-pl\/tasma-klejaca-abc\/kleje-cyjanoakrylowe\/\" \/>\n<meta property=\"og:locale\" content=\"pl_PL\" \/>\n<meta property=\"og:type\" content=\"article\" \/>\n<meta property=\"og:title\" content=\"Kleje cyjanoakrylowe - cardinal TAPES\" \/>\n<meta property=\"og:description\" content=\"Kleje cyjanoakrylowe s\u0105 powszechnie znane jako &quot;kleje b\u0142yskawiczne&quot;. S\u0105 to cienkie lub celowo zag\u0119szczone estry kwasu cyjanoakrylowego\" \/>\n<meta property=\"og:url\" content=\"https:\/\/cardinal-tapes.com\/pl\/tasmy-samoprzylepne-pl\/tasma-klejaca-abc\/kleje-cyjanoakrylowe\/\" \/>\n<meta property=\"og:site_name\" content=\"cardinal TAPES\" \/>\n<meta property=\"article:modified_time\" content=\"2023-06-02T09:12:02+00:00\" \/>\n<meta property=\"og:image\" content=\"https:\/\/cardinal-tapes.com\/wp-content\/uploads\/kopfbild_folge_abc_cyanacrylat.jpg\" \/>\n\t<meta property=\"og:image:width\" content=\"1210\" \/>\n\t<meta property=\"og:image:height\" content=\"350\" \/>\n\t<meta property=\"og:image:type\" content=\"image\/jpeg\" \/>\n<meta name=\"twitter:card\" content=\"summary_large_image\" \/>\n<meta name=\"twitter:label1\" content=\"Szacowany czas czytania\" \/>\n\t<meta name=\"twitter:data1\" content=\"9 minut\" \/>\n<script type=\"application\/ld+json\" class=\"yoast-schema-graph\">{\"@context\":\"https:\\\/\\\/schema.org\",\"@graph\":[{\"@type\":\"WebPage\",\"@id\":\"https:\\\/\\\/cardinal-tapes.com\\\/pl\\\/tasmy-samoprzylepne-pl\\\/tasma-klejaca-abc\\\/kleje-cyjanoakrylowe\\\/\",\"url\":\"https:\\\/\\\/cardinal-tapes.com\\\/pl\\\/tasmy-samoprzylepne-pl\\\/tasma-klejaca-abc\\\/kleje-cyjanoakrylowe\\\/\",\"name\":\"Kleje cyjanoakrylowe - cardinal TAPES\",\"isPartOf\":{\"@id\":\"https:\\\/\\\/cardinal-tapes.com\\\/#website\"},\"primaryImageOfPage\":{\"@id\":\"https:\\\/\\\/cardinal-tapes.com\\\/pl\\\/tasmy-samoprzylepne-pl\\\/tasma-klejaca-abc\\\/kleje-cyjanoakrylowe\\\/#primaryimage\"},\"image\":{\"@id\":\"https:\\\/\\\/cardinal-tapes.com\\\/pl\\\/tasmy-samoprzylepne-pl\\\/tasma-klejaca-abc\\\/kleje-cyjanoakrylowe\\\/#primaryimage\"},\"thumbnailUrl\":\"https:\\\/\\\/cardinal-tapes.com\\\/wp-content\\\/uploads\\\/kopfbild_folge_abc_cyanacrylat.jpg\",\"datePublished\":\"2019-05-06T09:37:44+00:00\",\"dateModified\":\"2023-06-02T09:12:02+00:00\",\"description\":\"Kleje cyjanoakrylowe s\u0105 powszechnie znane jako \\\"kleje b\u0142yskawiczne\\\". S\u0105 to cienkie lub celowo zag\u0119szczone estry kwasu cyjanoakrylowego\",\"breadcrumb\":{\"@id\":\"https:\\\/\\\/cardinal-tapes.com\\\/pl\\\/tasmy-samoprzylepne-pl\\\/tasma-klejaca-abc\\\/kleje-cyjanoakrylowe\\\/#breadcrumb\"},\"inLanguage\":\"pl-PL\",\"potentialAction\":[{\"@type\":\"ReadAction\",\"target\":[\"https:\\\/\\\/cardinal-tapes.com\\\/pl\\\/tasmy-samoprzylepne-pl\\\/tasma-klejaca-abc\\\/kleje-cyjanoakrylowe\\\/\"]}]},{\"@type\":\"ImageObject\",\"inLanguage\":\"pl-PL\",\"@id\":\"https:\\\/\\\/cardinal-tapes.com\\\/pl\\\/tasmy-samoprzylepne-pl\\\/tasma-klejaca-abc\\\/kleje-cyjanoakrylowe\\\/#primaryimage\",\"url\":\"https:\\\/\\\/cardinal-tapes.com\\\/wp-content\\\/uploads\\\/kopfbild_folge_abc_cyanacrylat.jpg\",\"contentUrl\":\"https:\\\/\\\/cardinal-tapes.com\\\/wp-content\\\/uploads\\\/kopfbild_folge_abc_cyanacrylat.jpg\",\"width\":1210,\"height\":350},{\"@type\":\"BreadcrumbList\",\"@id\":\"https:\\\/\\\/cardinal-tapes.com\\\/pl\\\/tasmy-samoprzylepne-pl\\\/tasma-klejaca-abc\\\/kleje-cyjanoakrylowe\\\/#breadcrumb\",\"itemListElement\":[{\"@type\":\"ListItem\",\"position\":1,\"name\":\"Startseite\",\"item\":\"https:\\\/\\\/cardinal-tapes.com\\\/pl\\\/strona-glowna\\\/\"},{\"@type\":\"ListItem\",\"position\":2,\"name\":\"Ta\u015bmy samoprzylepne\",\"item\":\"https:\\\/\\\/cardinal-tapes.com\\\/pl\\\/tasmy-samoprzylepne-pl\\\/\"},{\"@type\":\"ListItem\",\"position\":3,\"name\":\"Ta\u015bma klej\u0105ca ABC\",\"item\":\"https:\\\/\\\/cardinal-tapes.com\\\/pl\\\/tasmy-samoprzylepne-pl__trashed\\\/tasma-klejaca-abc\\\/\"},{\"@type\":\"ListItem\",\"position\":4,\"name\":\"Kleje cyjanoakrylowe\"}]},{\"@type\":\"WebSite\",\"@id\":\"https:\\\/\\\/cardinal-tapes.com\\\/#website\",\"url\":\"https:\\\/\\\/cardinal-tapes.com\\\/\",\"name\":\"cardinal TAPES\",\"description\":\"Klebetechnik aus Wuppertal\",\"potentialAction\":[{\"@type\":\"SearchAction\",\"target\":{\"@type\":\"EntryPoint\",\"urlTemplate\":\"https:\\\/\\\/cardinal-tapes.com\\\/?s={search_term_string}\"},\"query-input\":{\"@type\":\"PropertyValueSpecification\",\"valueRequired\":true,\"valueName\":\"search_term_string\"}}],\"inLanguage\":\"pl-PL\"}]}<\/script>\n<!-- \/ Yoast SEO plugin. -->","yoast_head_json":{"title":"Kleje cyjanoakrylowe - cardinal TAPES","description":"Kleje cyjanoakrylowe s\u0105 powszechnie znane jako \"kleje b\u0142yskawiczne\". S\u0105 to cienkie lub celowo zag\u0119szczone estry kwasu cyjanoakrylowego","robots":{"index":"index","follow":"follow","max-snippet":"max-snippet:-1","max-image-preview":"max-image-preview:large","max-video-preview":"max-video-preview:-1"},"canonical":"https:\/\/cardinal-tapes.com\/pl\/tasmy-samoprzylepne-pl\/tasma-klejaca-abc\/kleje-cyjanoakrylowe\/","og_locale":"pl_PL","og_type":"article","og_title":"Kleje cyjanoakrylowe - cardinal TAPES","og_description":"Kleje cyjanoakrylowe s\u0105 powszechnie znane jako \"kleje b\u0142yskawiczne\". S\u0105 to cienkie lub celowo zag\u0119szczone estry kwasu cyjanoakrylowego","og_url":"https:\/\/cardinal-tapes.com\/pl\/tasmy-samoprzylepne-pl\/tasma-klejaca-abc\/kleje-cyjanoakrylowe\/","og_site_name":"cardinal TAPES","article_modified_time":"2023-06-02T09:12:02+00:00","og_image":[{"width":1210,"height":350,"url":"https:\/\/cardinal-tapes.com\/wp-content\/uploads\/kopfbild_folge_abc_cyanacrylat.jpg","type":"image\/jpeg"}],"twitter_card":"summary_large_image","twitter_misc":{"Szacowany czas czytania":"9 minut"},"schema":{"@context":"https:\/\/schema.org","@graph":[{"@type":"WebPage","@id":"https:\/\/cardinal-tapes.com\/pl\/tasmy-samoprzylepne-pl\/tasma-klejaca-abc\/kleje-cyjanoakrylowe\/","url":"https:\/\/cardinal-tapes.com\/pl\/tasmy-samoprzylepne-pl\/tasma-klejaca-abc\/kleje-cyjanoakrylowe\/","name":"Kleje cyjanoakrylowe - cardinal TAPES","isPartOf":{"@id":"https:\/\/cardinal-tapes.com\/#website"},"primaryImageOfPage":{"@id":"https:\/\/cardinal-tapes.com\/pl\/tasmy-samoprzylepne-pl\/tasma-klejaca-abc\/kleje-cyjanoakrylowe\/#primaryimage"},"image":{"@id":"https:\/\/cardinal-tapes.com\/pl\/tasmy-samoprzylepne-pl\/tasma-klejaca-abc\/kleje-cyjanoakrylowe\/#primaryimage"},"thumbnailUrl":"https:\/\/cardinal-tapes.com\/wp-content\/uploads\/kopfbild_folge_abc_cyanacrylat.jpg","datePublished":"2019-05-06T09:37:44+00:00","dateModified":"2023-06-02T09:12:02+00:00","description":"Kleje cyjanoakrylowe s\u0105 powszechnie znane jako \"kleje b\u0142yskawiczne\". S\u0105 to cienkie lub celowo zag\u0119szczone estry kwasu cyjanoakrylowego","breadcrumb":{"@id":"https:\/\/cardinal-tapes.com\/pl\/tasmy-samoprzylepne-pl\/tasma-klejaca-abc\/kleje-cyjanoakrylowe\/#breadcrumb"},"inLanguage":"pl-PL","potentialAction":[{"@type":"ReadAction","target":["https:\/\/cardinal-tapes.com\/pl\/tasmy-samoprzylepne-pl\/tasma-klejaca-abc\/kleje-cyjanoakrylowe\/"]}]},{"@type":"ImageObject","inLanguage":"pl-PL","@id":"https:\/\/cardinal-tapes.com\/pl\/tasmy-samoprzylepne-pl\/tasma-klejaca-abc\/kleje-cyjanoakrylowe\/#primaryimage","url":"https:\/\/cardinal-tapes.com\/wp-content\/uploads\/kopfbild_folge_abc_cyanacrylat.jpg","contentUrl":"https:\/\/cardinal-tapes.com\/wp-content\/uploads\/kopfbild_folge_abc_cyanacrylat.jpg","width":1210,"height":350},{"@type":"BreadcrumbList","@id":"https:\/\/cardinal-tapes.com\/pl\/tasmy-samoprzylepne-pl\/tasma-klejaca-abc\/kleje-cyjanoakrylowe\/#breadcrumb","itemListElement":[{"@type":"ListItem","position":1,"name":"Startseite","item":"https:\/\/cardinal-tapes.com\/pl\/strona-glowna\/"},{"@type":"ListItem","position":2,"name":"Ta\u015bmy samoprzylepne","item":"https:\/\/cardinal-tapes.com\/pl\/tasmy-samoprzylepne-pl\/"},{"@type":"ListItem","position":3,"name":"Ta\u015bma klej\u0105ca ABC","item":"https:\/\/cardinal-tapes.com\/pl\/tasmy-samoprzylepne-pl__trashed\/tasma-klejaca-abc\/"},{"@type":"ListItem","position":4,"name":"Kleje cyjanoakrylowe"}]},{"@type":"WebSite","@id":"https:\/\/cardinal-tapes.com\/#website","url":"https:\/\/cardinal-tapes.com\/","name":"cardinal TAPES","description":"Klebetechnik aus Wuppertal","potentialAction":[{"@type":"SearchAction","target":{"@type":"EntryPoint","urlTemplate":"https:\/\/cardinal-tapes.com\/?s={search_term_string}"},"query-input":{"@type":"PropertyValueSpecification","valueRequired":true,"valueName":"search_term_string"}}],"inLanguage":"pl-PL"}]}},"_links":{"self":[{"href":"https:\/\/cardinal-tapes.com\/pl\/wp-json\/wp\/v2\/pages\/31127","targetHints":{"allow":["GET"]}}],"collection":[{"href":"https:\/\/cardinal-tapes.com\/pl\/wp-json\/wp\/v2\/pages"}],"about":[{"href":"https:\/\/cardinal-tapes.com\/pl\/wp-json\/wp\/v2\/types\/page"}],"author":[{"embeddable":true,"href":"https:\/\/cardinal-tapes.com\/pl\/wp-json\/wp\/v2\/users\/1"}],"replies":[{"embeddable":true,"href":"https:\/\/cardinal-tapes.com\/pl\/wp-json\/wp\/v2\/comments?post=31127"}],"version-history":[{"count":0,"href":"https:\/\/cardinal-tapes.com\/pl\/wp-json\/wp\/v2\/pages\/31127\/revisions"}],"up":[{"embeddable":true,"href":"https:\/\/cardinal-tapes.com\/pl\/wp-json\/wp\/v2\/pages\/30844"}],"wp:featuredmedia":[{"embeddable":true,"href":"https:\/\/cardinal-tapes.com\/pl\/wp-json\/wp\/v2\/media\/27670"}],"wp:attachment":[{"href":"https:\/\/cardinal-tapes.com\/pl\/wp-json\/wp\/v2\/media?parent=31127"}],"curies":[{"name":"wp","href":"https:\/\/api.w.org\/{rel}","templated":true}]}}