{"id":31089,"date":"2023-06-02T10:59:08","date_gmt":"2023-06-02T08:59:08","guid":{"rendered":"https:\/\/cardinal.pixel-tal.de\/tasmy-samoprzylepne\/tasma-klejaca-abc\/tasma-ostrzegawcza\/"},"modified":"2023-06-02T11:11:44","modified_gmt":"2023-06-02T09:11:44","slug":"tasma-ostrzegawcza","status":"publish","type":"page","link":"https:\/\/cardinal-tapes.com\/pl\/tasmy-samoprzylepne-pl\/tasma-klejaca-abc\/tasma-ostrzegawcza\/","title":{"rendered":"Ta\u015bma ostrzegawcza"},"content":{"rendered":"<div id='av_section_1'  class='avia-section av-7ryacx-7f2e200a8dd933572df1317412acfd5a alternate_color avia-section-default avia-no-border-styling  avia-builder-el-0  avia-builder-el-no-sibling  avia-bg-style-scroll container_wrap fullsize'  ><div class='container av-section-cont-open' ><main  role=\"main\" itemprop=\"mainContentOfPage\"  class='template-page content  av-content-full alpha units'><div class='post-entry post-entry-type-page post-entry-31089'><div class='entry-content-wrapper clearfix'>\n<div  class='flex_column av-1s5a9sh-32bd05b41063648bb186e19a9a023188 av_one_full  avia-builder-el-1  el_before_av_one_half  avia-builder-el-first  first flex_column_div  '     ><div class=\"pxl-headline pxl-hl hl-wrap | hl-sub--off hl--align-left hl--no-margin    \">\n        <div class=\"hl-inner\">\n            <h2 class=\"hl-main hl-line |  hl_main--default  \">Ta\u015bma ostrzegawcza<\/h2>\n            \n    <\/div>\n<\/div><\/div><div  class='flex_column av-149v229-ac209dca18e54170ff85b905913d52ca av_one_half  avia-builder-el-3  el_after_av_one_full  el_before_av_one_half  first flex_column_div  column-top-margin'     ><section  class='av_textblock_section av-ad9sjc-d628d416ebc078b503edc9f8049c1d5d '   itemscope=\"itemscope\" itemtype=\"https:\/\/schema.org\/CreativeWork\" ><div class='avia_textblock'  itemprop=\"text\" ><p>Chcesz kupi\u0107 ta\u015bm\u0119 ostrzegawcz\u0105 online i skorzysta\u0107 z du\u017cego wyboru? W naszym sklepie internetowym oferujemy szerok\u0105 gam\u0119 produkt\u00f3w do u\u017cytku w\u0142asnego, a tak\u017ce do u\u017cytku oficjalnego i komercyjnego. Czy chcesz si\u0119 skonsultowa\u0107? Najlepsz\u0105 rzecz\u0105 do zrobienia jest natychmiastowy kontakt. Nasi eksperci poinformuj\u0105 r\u00f3wnie\u017c o mo\u017cliwo\u015bciach personalizacji ta\u015bmy ostrzegawczej.<\/p>\n<h4>Zakup ta\u015bmy ostrzegawczej online &#8211; Jak chroni\u0107 osoby trzecie?<\/h4>\n<p>Ta\u015bmy barierowe s\u0105 zwykle u\u017cywane do zamykania niekt\u00f3rych obszar\u00f3w. Skupiamy si\u0119 tutaj na zapobieganiu nieautoryzowanemu dost\u0119powi. Chocia\u017c ta\u015bma ostrzegawcza jest zasadniczo r\u00f3wnie\u017c u\u017cywana do tego zastosowania, ma inny cel: przechodnie maj\u0105 by\u0107 ostrzegani o niebezpiecznej strefie za pomoc\u0105 widocznego koloru. Takie niebezpieczne miejsca obejmuj\u0105, na przyk\u0142ad:<\/p>\n<ul>\n<li>Place budowy<\/li>\n<li>Miejsca wypadk\u00f3w<\/li>\n<li>Wadliwe maszyny i urz\u0105dzenia<\/li>\n<li>Miejsca oficjalnych dochodze\u0144<\/li>\n<\/ul>\n<p>Nie zawsze trzeba kupowa\u0107 ta\u015bm\u0119 ostrzegawcz\u0105 online. Czasami zwyk\u0142a ta\u015bma barierowa spe\u0142nia wymagania r\u00f3wnie dobrze. Zalecamy skonsultowanie si\u0119 z naszym personelem w przypadku jakichkolwiek pyta\u0144 bez odpowiedzi.<\/p>\n<\/div><\/section><\/div><div  class='flex_column av-l06x5d-3d4293089f05c7254a15c1a2765abfae av_one_half  avia-builder-el-5  el_after_av_one_half  avia-builder-el-last  flex_column_div  column-top-margin'     ><section  class='av_textblock_section av-7y806g-bfc615d1c0a6dc6cf43b39484da862b3 '   itemscope=\"itemscope\" itemtype=\"https:\/\/schema.org\/CreativeWork\" ><div class='avia_textblock'  itemprop=\"text\" ><h4>Przy zakupie ta\u015bmy ostrzegawczej online nale\u017cy zwr\u00f3ci\u0107 uwag\u0119 na materia\u0142<\/h4>\n<p>Zw\u0142aszcza je\u015bli chcesz zabezpieczy\u0107 niebezpieczny obszar, musisz zwr\u00f3ci\u0107 uwag\u0119 na trwa\u0142o\u015b\u0107 produktu przy wyborze materia\u0142u na ta\u015bm\u0119 ostrzegawcz\u0105. Ta\u015bma ostrzegawcza wykonana z polietylenu HD, elastycznego tworzywa sztucznego, kt\u00f3re pozwala ta\u015bmie ostrzegawczej pozosta\u0107 nienaruszon\u0105 nawet przy napr\u0119\u017ceniu, jest uwa\u017cana za szczeg\u00f3lnie odporn\u0105. Je\u015bli chcesz u\u017cy\u0107 bardziej przyjaznego dla \u015brodowiska wariantu, mo\u017cesz u\u017cy\u0107 produkt\u00f3w opartych na folii PE-LD.<\/p>\n<h4>R\u00f3\u017cne wymiary i kolory ta\u015bmy ostrzegawczej<\/h4>\n<p>Ka\u017cdy, kto kupuje ta\u015bm\u0119 ostrzegawcz\u0105 online, chce skorzysta\u0107 z szerokiej gamy produkt\u00f3w. Dysponujemy standardowymi wymiarami i popularnymi kombinacjami kolor\u00f3w ta\u015bmy ostrzegawczej, takimi jak czerwono-bia\u0142y i \u017c\u00f3\u0142to-czarny. Te kombinacje kolor\u00f3w nie tylko przyci\u0105gaj\u0105 wzrok, ale ju\u017c sta\u0142y si\u0119 kolorami ostrzegawczymi.<\/p>\n<h4>Kup ta\u015bm\u0119 ostrzegawcz\u0105 online i dostosuj j\u0105 do swoich potrzeb<\/h4>\n<p>Potrzebujesz dodatkowego oznakowania dla czarno-\u017c\u00f3\u0142tej lub czerwono-bia\u0142ej ta\u015bmy ostrzegawczej? Standardowe wymiary nie pasuj\u0105 do Twojej aplikacji? W takim przypadku jeste\u015bmy do Twojej dyspozycji z r\u00f3\u017cnymi procesami w dziedzinie <a href=\"https:\/\/cardinal-tapes.com\/pl\/opakowanie\/\">wyko\u0144czenia<\/a>. W ten spos\u00f3b otrzymasz produkt optymalnie dopasowany do Twoich potrzeb.<\/p>\n<\/div><\/section><\/div>\n\n","protected":false},"excerpt":{"rendered":"","protected":false},"author":1,"featured_media":0,"parent":30844,"menu_order":24,"comment_status":"closed","ping_status":"closed","template":"","meta":{"_acf_changed":false,"footnotes":""},"class_list":["post-31089","page","type-page","status-publish","hentry"],"acf":[],"yoast_head":"<!-- This site is optimized with the Yoast SEO plugin v27.3 - https:\/\/yoast.com\/product\/yoast-seo-wordpress\/ -->\n<title>Kup ta\u015bm\u0119 ostrzegawcz\u0105 online - r\u00f3\u017cne kolory i rozmiary | Cardinal Tapes<\/title>\n<meta name=\"description\" content=\"Kup ta\u015bm\u0119 ostrzegawcz\u0105 online \u2713 Du\u017cy wyb\u00f3r \u2713 Indywidualne doradztwo \u2713 Atrakcyjne ceny \u2713 Indywidualny monta\u017c \u2713 Rozpocznij zapytanie ju\u017c teraz\" \/>\n<meta name=\"robots\" content=\"index, follow, max-snippet:-1, max-image-preview:large, max-video-preview:-1\" \/>\n<link rel=\"canonical\" href=\"https:\/\/cardinal-tapes.com\/pl\/tasmy-samoprzylepne-pl__trashed\/tasma-klejaca-abc\/tasma-ostrzegawcza\/\" \/>\n<meta property=\"og:locale\" content=\"pl_PL\" \/>\n<meta property=\"og:type\" content=\"article\" \/>\n<meta property=\"og:title\" content=\"Kup ta\u015bm\u0119 ostrzegawcz\u0105 online - r\u00f3\u017cne kolory i rozmiary | Cardinal Tapes\" \/>\n<meta property=\"og:description\" content=\"Kup ta\u015bm\u0119 ostrzegawcz\u0105 online \u2713 Du\u017cy wyb\u00f3r \u2713 Indywidualne doradztwo \u2713 Atrakcyjne ceny \u2713 Indywidualny monta\u017c \u2713 Rozpocznij zapytanie ju\u017c teraz\" \/>\n<meta property=\"og:url\" content=\"https:\/\/cardinal-tapes.com\/pl\/tasmy-samoprzylepne-pl__trashed\/tasma-klejaca-abc\/tasma-ostrzegawcza\/\" \/>\n<meta property=\"og:site_name\" content=\"cardinal TAPES\" \/>\n<meta property=\"article:modified_time\" content=\"2023-06-02T09:11:44+00:00\" \/>\n<meta name=\"twitter:card\" content=\"summary_large_image\" \/>\n<meta name=\"twitter:label1\" content=\"Szacowany czas czytania\" \/>\n\t<meta name=\"twitter:data1\" content=\"10 minut\" \/>\n<script type=\"application\/ld+json\" class=\"yoast-schema-graph\">{\"@context\":\"https:\\\/\\\/schema.org\",\"@graph\":[{\"@type\":\"WebPage\",\"@id\":\"https:\\\/\\\/cardinal-tapes.com\\\/pl\\\/tasmy-samoprzylepne-pl__trashed\\\/tasma-klejaca-abc\\\/tasma-ostrzegawcza\\\/\",\"url\":\"https:\\\/\\\/cardinal-tapes.com\\\/pl\\\/tasmy-samoprzylepne-pl__trashed\\\/tasma-klejaca-abc\\\/tasma-ostrzegawcza\\\/\",\"name\":\"Kup ta\u015bm\u0119 ostrzegawcz\u0105 online - r\u00f3\u017cne kolory i rozmiary | Cardinal Tapes\",\"isPartOf\":{\"@id\":\"https:\\\/\\\/cardinal-tapes.com\\\/#website\"},\"datePublished\":\"2023-06-02T08:59:08+00:00\",\"dateModified\":\"2023-06-02T09:11:44+00:00\",\"description\":\"Kup ta\u015bm\u0119 ostrzegawcz\u0105 online \u2713 Du\u017cy wyb\u00f3r \u2713 Indywidualne doradztwo \u2713 Atrakcyjne ceny \u2713 Indywidualny monta\u017c \u2713 Rozpocznij zapytanie ju\u017c teraz\",\"breadcrumb\":{\"@id\":\"https:\\\/\\\/cardinal-tapes.com\\\/pl\\\/tasmy-samoprzylepne-pl__trashed\\\/tasma-klejaca-abc\\\/tasma-ostrzegawcza\\\/#breadcrumb\"},\"inLanguage\":\"pl-PL\",\"potentialAction\":[{\"@type\":\"ReadAction\",\"target\":[\"https:\\\/\\\/cardinal-tapes.com\\\/pl\\\/tasmy-samoprzylepne-pl__trashed\\\/tasma-klejaca-abc\\\/tasma-ostrzegawcza\\\/\"]}]},{\"@type\":\"BreadcrumbList\",\"@id\":\"https:\\\/\\\/cardinal-tapes.com\\\/pl\\\/tasmy-samoprzylepne-pl__trashed\\\/tasma-klejaca-abc\\\/tasma-ostrzegawcza\\\/#breadcrumb\",\"itemListElement\":[{\"@type\":\"ListItem\",\"position\":1,\"name\":\"Startseite\",\"item\":\"https:\\\/\\\/cardinal-tapes.com\\\/pl\\\/strona-glowna\\\/\"},{\"@type\":\"ListItem\",\"position\":2,\"name\":\"Ta\u015bma klej\u0105ca ABC\",\"item\":\"https:\\\/\\\/cardinal-tapes.com\\\/pl\\\/tasmy-samoprzylepne-pl__trashed\\\/tasma-klejaca-abc\\\/\"},{\"@type\":\"ListItem\",\"position\":3,\"name\":\"Ta\u015bma ostrzegawcza\"}]},{\"@type\":\"WebSite\",\"@id\":\"https:\\\/\\\/cardinal-tapes.com\\\/#website\",\"url\":\"https:\\\/\\\/cardinal-tapes.com\\\/\",\"name\":\"cardinal TAPES\",\"description\":\"Klebetechnik aus Wuppertal\",\"potentialAction\":[{\"@type\":\"SearchAction\",\"target\":{\"@type\":\"EntryPoint\",\"urlTemplate\":\"https:\\\/\\\/cardinal-tapes.com\\\/?s={search_term_string}\"},\"query-input\":{\"@type\":\"PropertyValueSpecification\",\"valueRequired\":true,\"valueName\":\"search_term_string\"}}],\"inLanguage\":\"pl-PL\"}]}<\/script>\n<!-- \/ Yoast SEO plugin. -->","yoast_head_json":{"title":"Kup ta\u015bm\u0119 ostrzegawcz\u0105 online - r\u00f3\u017cne kolory i rozmiary | Cardinal Tapes","description":"Kup ta\u015bm\u0119 ostrzegawcz\u0105 online \u2713 Du\u017cy wyb\u00f3r \u2713 Indywidualne doradztwo \u2713 Atrakcyjne ceny \u2713 Indywidualny monta\u017c \u2713 Rozpocznij zapytanie ju\u017c teraz","robots":{"index":"index","follow":"follow","max-snippet":"max-snippet:-1","max-image-preview":"max-image-preview:large","max-video-preview":"max-video-preview:-1"},"canonical":"https:\/\/cardinal-tapes.com\/pl\/tasmy-samoprzylepne-pl__trashed\/tasma-klejaca-abc\/tasma-ostrzegawcza\/","og_locale":"pl_PL","og_type":"article","og_title":"Kup ta\u015bm\u0119 ostrzegawcz\u0105 online - r\u00f3\u017cne kolory i rozmiary | Cardinal Tapes","og_description":"Kup ta\u015bm\u0119 ostrzegawcz\u0105 online \u2713 Du\u017cy wyb\u00f3r \u2713 Indywidualne doradztwo \u2713 Atrakcyjne ceny \u2713 Indywidualny monta\u017c \u2713 Rozpocznij zapytanie ju\u017c teraz","og_url":"https:\/\/cardinal-tapes.com\/pl\/tasmy-samoprzylepne-pl__trashed\/tasma-klejaca-abc\/tasma-ostrzegawcza\/","og_site_name":"cardinal TAPES","article_modified_time":"2023-06-02T09:11:44+00:00","twitter_card":"summary_large_image","twitter_misc":{"Szacowany czas czytania":"10 minut"},"schema":{"@context":"https:\/\/schema.org","@graph":[{"@type":"WebPage","@id":"https:\/\/cardinal-tapes.com\/pl\/tasmy-samoprzylepne-pl__trashed\/tasma-klejaca-abc\/tasma-ostrzegawcza\/","url":"https:\/\/cardinal-tapes.com\/pl\/tasmy-samoprzylepne-pl__trashed\/tasma-klejaca-abc\/tasma-ostrzegawcza\/","name":"Kup ta\u015bm\u0119 ostrzegawcz\u0105 online - r\u00f3\u017cne kolory i rozmiary | Cardinal Tapes","isPartOf":{"@id":"https:\/\/cardinal-tapes.com\/#website"},"datePublished":"2023-06-02T08:59:08+00:00","dateModified":"2023-06-02T09:11:44+00:00","description":"Kup ta\u015bm\u0119 ostrzegawcz\u0105 online \u2713 Du\u017cy wyb\u00f3r \u2713 Indywidualne doradztwo \u2713 Atrakcyjne ceny \u2713 Indywidualny monta\u017c \u2713 Rozpocznij zapytanie ju\u017c teraz","breadcrumb":{"@id":"https:\/\/cardinal-tapes.com\/pl\/tasmy-samoprzylepne-pl__trashed\/tasma-klejaca-abc\/tasma-ostrzegawcza\/#breadcrumb"},"inLanguage":"pl-PL","potentialAction":[{"@type":"ReadAction","target":["https:\/\/cardinal-tapes.com\/pl\/tasmy-samoprzylepne-pl__trashed\/tasma-klejaca-abc\/tasma-ostrzegawcza\/"]}]},{"@type":"BreadcrumbList","@id":"https:\/\/cardinal-tapes.com\/pl\/tasmy-samoprzylepne-pl__trashed\/tasma-klejaca-abc\/tasma-ostrzegawcza\/#breadcrumb","itemListElement":[{"@type":"ListItem","position":1,"name":"Startseite","item":"https:\/\/cardinal-tapes.com\/pl\/strona-glowna\/"},{"@type":"ListItem","position":2,"name":"Ta\u015bma klej\u0105ca ABC","item":"https:\/\/cardinal-tapes.com\/pl\/tasmy-samoprzylepne-pl__trashed\/tasma-klejaca-abc\/"},{"@type":"ListItem","position":3,"name":"Ta\u015bma ostrzegawcza"}]},{"@type":"WebSite","@id":"https:\/\/cardinal-tapes.com\/#website","url":"https:\/\/cardinal-tapes.com\/","name":"cardinal TAPES","description":"Klebetechnik aus Wuppertal","potentialAction":[{"@type":"SearchAction","target":{"@type":"EntryPoint","urlTemplate":"https:\/\/cardinal-tapes.com\/?s={search_term_string}"},"query-input":{"@type":"PropertyValueSpecification","valueRequired":true,"valueName":"search_term_string"}}],"inLanguage":"pl-PL"}]}},"_links":{"self":[{"href":"https:\/\/cardinal-tapes.com\/pl\/wp-json\/wp\/v2\/pages\/31089","targetHints":{"allow":["GET"]}}],"collection":[{"href":"https:\/\/cardinal-tapes.com\/pl\/wp-json\/wp\/v2\/pages"}],"about":[{"href":"https:\/\/cardinal-tapes.com\/pl\/wp-json\/wp\/v2\/types\/page"}],"author":[{"embeddable":true,"href":"https:\/\/cardinal-tapes.com\/pl\/wp-json\/wp\/v2\/users\/1"}],"replies":[{"embeddable":true,"href":"https:\/\/cardinal-tapes.com\/pl\/wp-json\/wp\/v2\/comments?post=31089"}],"version-history":[{"count":0,"href":"https:\/\/cardinal-tapes.com\/pl\/wp-json\/wp\/v2\/pages\/31089\/revisions"}],"up":[{"embeddable":true,"href":"https:\/\/cardinal-tapes.com\/pl\/wp-json\/wp\/v2\/pages\/30844"}],"wp:attachment":[{"href":"https:\/\/cardinal-tapes.com\/pl\/wp-json\/wp\/v2\/media?parent=31089"}],"curies":[{"name":"wp","href":"https:\/\/api.w.org\/{rel}","templated":true}]}}