{"id":31033,"date":"2023-06-02T10:59:07","date_gmt":"2023-06-02T08:59:07","guid":{"rendered":"https:\/\/cardinal.pixel-tal.de\/tasmy-samoprzylepne\/tasma-klejaca-abc\/folie-pp\/"},"modified":"2023-06-02T11:11:53","modified_gmt":"2023-06-02T09:11:53","slug":"folie-pp","status":"publish","type":"page","link":"https:\/\/cardinal-tapes.com\/pl\/tasmy-samoprzylepne-pl\/tasma-klejaca-abc\/folie-pp\/","title":{"rendered":"Folie PP"},"content":{"rendered":"<div id='av_section_1'  class='avia-section av-22m1cly-140093dea3adb0f8a453f28544f589f5 alternate_color avia-section-default avia-no-border-styling  avia-builder-el-0  avia-builder-el-no-sibling  avia-bg-style-scroll container_wrap fullsize'  ><div class='container av-section-cont-open' ><main  role=\"main\" itemprop=\"mainContentOfPage\"  class='template-page content  av-content-full alpha units'><div class='post-entry post-entry-type-page post-entry-31033'><div class='entry-content-wrapper clearfix'>\n<div  class='flex_column av-1iyjygm-c546eb100614435f02a94521fba2009e av_one_full  avia-builder-el-1  el_before_av_one_half  avia-builder-el-first  first flex_column_div  '     ><div class=\"pxl-headline pxl-hl hl-wrap | hl-sub--off hl--align-left hl--no-margin    \">\n        <div class=\"hl-inner\">\n            <h2 class=\"hl-main hl-line |  hl_main--default  \">Folie PP do uk\u0142adania dywan\u00f3w<\/h2>\n            \n    <\/div>\n<\/div><\/div><div  class='flex_column av-1cfi0ty-d4bbc177ebd2e2c106893f3e8baa0ece av_one_half  avia-builder-el-3  el_after_av_one_full  el_before_av_one_half  first flex_column_div  column-top-margin'     ><section  class='av_textblock_section av-pb652-05381d0e4eaa9ecf924a45169b9ab52a '   itemscope=\"itemscope\" itemtype=\"https:\/\/schema.org\/CreativeWork\" ><div class='avia_textblock'  itemprop=\"text\" ><p>Niezawodne mocowanie wyk\u0142adzin ma istotne znaczenie dla zapewnienia bezpiecze\u0144stwa. \u015alizgaj\u0105ce si\u0119 wyk\u0142adziny pod\u0142ogowe stwarzaj\u0105 sta\u0142e ryzyko wypadk\u00f3w. Opr\u00f3cz ta\u015bm do wyk\u0142adzin, nasze folie PP (folie polipropylenowe) s\u0105 r\u00f3wnie\u017c idealne do bezpiecznego mocowania wyk\u0142adzin. Wynika to z szeregu korzystnych w\u0142a\u015bciwo\u015bci polipropylenu.<\/p>\n<h4>Folie PP &#8211; odporne na temperatur\u0119 i wodoodporne<\/h4>\n<p>Fakt, \u017ce ta\u015bmy do wyk\u0142adzin nie zawsze s\u0105 wystarczaj\u0105ce do niezawodnego mocowania wyk\u0142adzin, wynika z czasami ekstremalnych warunk\u00f3w u\u017cytkowania. Na przyk\u0142ad wysokie temperatury, wilgotno\u015b\u0107 lub nawet du\u017ce obci\u0105\u017cenie mechaniczne mog\u0105 wp\u0142ywa\u0107 na mocowanie ta\u015bmy do wyk\u0142adzin. Folie PP s\u0105 pod tym wzgl\u0119dem znacznie bardziej wydajne. Folie na bazie polipropylenu charakteryzuj\u0105 si\u0119 wysok\u0105 odporno\u015bci\u0105 na temperatur\u0119 i nisk\u0105 absorpcj\u0105 wilgoci. Ponadto polipropylen jest niezwykle stabilny, dzi\u0119ki czemu nawet du\u017ce uderzenia mechaniczne maj\u0105 niewielki wp\u0142yw na foli\u0119 PP. Materia\u0142 ten spe\u0142nia r\u00f3wnie\u017c kryteria Komisji Ochrony \u015arodowiska WE, dzi\u0119ki czemu jest niezwykle przyjazny dla \u015brodowiska.<\/p>\n<\/div><\/section><\/div><div  class='flex_column av-1u9sk6-30ad235fd4a419f65cf71e8705617e84 av_one_half  avia-builder-el-5  el_after_av_one_half  avia-builder-el-last  flex_column_div  column-top-margin'     ><section  class='av_textblock_section av-125w4hi-ddcb94e649c8a20caac7adab9c3bb208 '   itemscope=\"itemscope\" itemtype=\"https:\/\/schema.org\/CreativeWork\" ><div class='avia_textblock'  itemprop=\"text\" ><h4>Folie PP &#8211; przyci\u0119te na wymiar<\/h4>\n<p>Jako ekspert w dziedzinie ta\u015bm samoprzylepnych i rozwi\u0105za\u0144 zorientowanych na zastosowania, oferujemy naszym klientom wi\u0119cej ni\u017c tylko sprzeda\u017c produkt\u00f3w. Ch\u0119tnie poinformujemy o naszych us\u0142ugach w zakresie opakowa\u0144, aby specjalnie zmodyfikowa\u0107 folie PP zgodnie z Twoimi wymaganiami. Nasi pracownicy ch\u0119tnie odpowiedz\u0105 r\u00f3wnie\u017c na wszelkie pytania dotycz\u0105ce naszych folii polipropylenowych. Po prostu skontaktuj si\u0119 z nami.<\/p>\n<\/div><\/section><\/div>\n\n","protected":false},"excerpt":{"rendered":"","protected":false},"author":1,"featured_media":0,"parent":30844,"menu_order":7,"comment_status":"closed","ping_status":"closed","template":"","meta":{"_acf_changed":false,"footnotes":""},"class_list":["post-31033","page","type-page","status-publish","hentry"],"acf":[],"yoast_head":"<!-- This site is optimized with the Yoast SEO plugin v27.3 - https:\/\/yoast.com\/product\/yoast-seo-wordpress\/ -->\n<title>Folie PP do uk\u0142adania wyk\u0142adzin | Ta\u015bmy kardynalne<\/title>\n<meta name=\"description\" content=\"Folie PP s\u0105 idealne do uk\u0142adania dywan\u00f3w. Polipropylen jest odporny na wysokie temperatury i wilgo\u0107.\" \/>\n<meta name=\"robots\" content=\"index, follow, max-snippet:-1, max-image-preview:large, max-video-preview:-1\" \/>\n<link rel=\"canonical\" href=\"https:\/\/cardinal-tapes.com\/pl\/tasmy-samoprzylepne-pl__trashed\/tasma-klejaca-abc\/folie-pp\/\" \/>\n<meta property=\"og:locale\" content=\"pl_PL\" \/>\n<meta property=\"og:type\" content=\"article\" \/>\n<meta property=\"og:title\" content=\"Folie PP do uk\u0142adania wyk\u0142adzin | Ta\u015bmy kardynalne\" \/>\n<meta property=\"og:description\" content=\"Folie PP s\u0105 idealne do uk\u0142adania dywan\u00f3w. Polipropylen jest odporny na wysokie temperatury i wilgo\u0107.\" \/>\n<meta property=\"og:url\" content=\"https:\/\/cardinal-tapes.com\/pl\/tasmy-samoprzylepne-pl__trashed\/tasma-klejaca-abc\/folie-pp\/\" \/>\n<meta property=\"og:site_name\" content=\"cardinal TAPES\" \/>\n<meta property=\"article:modified_time\" content=\"2023-06-02T09:11:53+00:00\" \/>\n<meta name=\"twitter:card\" content=\"summary_large_image\" \/>\n<meta name=\"twitter:label1\" content=\"Szacowany czas czytania\" \/>\n\t<meta name=\"twitter:data1\" content=\"9 minut\" \/>\n<script type=\"application\/ld+json\" class=\"yoast-schema-graph\">{\"@context\":\"https:\\\/\\\/schema.org\",\"@graph\":[{\"@type\":\"WebPage\",\"@id\":\"https:\\\/\\\/cardinal-tapes.com\\\/pl\\\/tasmy-samoprzylepne-pl__trashed\\\/tasma-klejaca-abc\\\/folie-pp\\\/\",\"url\":\"https:\\\/\\\/cardinal-tapes.com\\\/pl\\\/tasmy-samoprzylepne-pl__trashed\\\/tasma-klejaca-abc\\\/folie-pp\\\/\",\"name\":\"Folie PP do uk\u0142adania wyk\u0142adzin | Ta\u015bmy kardynalne\",\"isPartOf\":{\"@id\":\"https:\\\/\\\/cardinal-tapes.com\\\/#website\"},\"datePublished\":\"2023-06-02T08:59:07+00:00\",\"dateModified\":\"2023-06-02T09:11:53+00:00\",\"description\":\"Folie PP s\u0105 idealne do uk\u0142adania dywan\u00f3w. Polipropylen jest odporny na wysokie temperatury i wilgo\u0107.\",\"breadcrumb\":{\"@id\":\"https:\\\/\\\/cardinal-tapes.com\\\/pl\\\/tasmy-samoprzylepne-pl__trashed\\\/tasma-klejaca-abc\\\/folie-pp\\\/#breadcrumb\"},\"inLanguage\":\"pl-PL\",\"potentialAction\":[{\"@type\":\"ReadAction\",\"target\":[\"https:\\\/\\\/cardinal-tapes.com\\\/pl\\\/tasmy-samoprzylepne-pl__trashed\\\/tasma-klejaca-abc\\\/folie-pp\\\/\"]}]},{\"@type\":\"BreadcrumbList\",\"@id\":\"https:\\\/\\\/cardinal-tapes.com\\\/pl\\\/tasmy-samoprzylepne-pl__trashed\\\/tasma-klejaca-abc\\\/folie-pp\\\/#breadcrumb\",\"itemListElement\":[{\"@type\":\"ListItem\",\"position\":1,\"name\":\"Startseite\",\"item\":\"https:\\\/\\\/cardinal-tapes.com\\\/pl\\\/strona-glowna\\\/\"},{\"@type\":\"ListItem\",\"position\":2,\"name\":\"Ta\u015bma klej\u0105ca ABC\",\"item\":\"https:\\\/\\\/cardinal-tapes.com\\\/pl\\\/tasmy-samoprzylepne-pl__trashed\\\/tasma-klejaca-abc\\\/\"},{\"@type\":\"ListItem\",\"position\":3,\"name\":\"Folie PP\"}]},{\"@type\":\"WebSite\",\"@id\":\"https:\\\/\\\/cardinal-tapes.com\\\/#website\",\"url\":\"https:\\\/\\\/cardinal-tapes.com\\\/\",\"name\":\"cardinal TAPES\",\"description\":\"Klebetechnik aus Wuppertal\",\"potentialAction\":[{\"@type\":\"SearchAction\",\"target\":{\"@type\":\"EntryPoint\",\"urlTemplate\":\"https:\\\/\\\/cardinal-tapes.com\\\/?s={search_term_string}\"},\"query-input\":{\"@type\":\"PropertyValueSpecification\",\"valueRequired\":true,\"valueName\":\"search_term_string\"}}],\"inLanguage\":\"pl-PL\"}]}<\/script>\n<!-- \/ Yoast SEO plugin. -->","yoast_head_json":{"title":"Folie PP do uk\u0142adania wyk\u0142adzin | Ta\u015bmy kardynalne","description":"Folie PP s\u0105 idealne do uk\u0142adania dywan\u00f3w. Polipropylen jest odporny na wysokie temperatury i wilgo\u0107.","robots":{"index":"index","follow":"follow","max-snippet":"max-snippet:-1","max-image-preview":"max-image-preview:large","max-video-preview":"max-video-preview:-1"},"canonical":"https:\/\/cardinal-tapes.com\/pl\/tasmy-samoprzylepne-pl__trashed\/tasma-klejaca-abc\/folie-pp\/","og_locale":"pl_PL","og_type":"article","og_title":"Folie PP do uk\u0142adania wyk\u0142adzin | Ta\u015bmy kardynalne","og_description":"Folie PP s\u0105 idealne do uk\u0142adania dywan\u00f3w. Polipropylen jest odporny na wysokie temperatury i wilgo\u0107.","og_url":"https:\/\/cardinal-tapes.com\/pl\/tasmy-samoprzylepne-pl__trashed\/tasma-klejaca-abc\/folie-pp\/","og_site_name":"cardinal TAPES","article_modified_time":"2023-06-02T09:11:53+00:00","twitter_card":"summary_large_image","twitter_misc":{"Szacowany czas czytania":"9 minut"},"schema":{"@context":"https:\/\/schema.org","@graph":[{"@type":"WebPage","@id":"https:\/\/cardinal-tapes.com\/pl\/tasmy-samoprzylepne-pl__trashed\/tasma-klejaca-abc\/folie-pp\/","url":"https:\/\/cardinal-tapes.com\/pl\/tasmy-samoprzylepne-pl__trashed\/tasma-klejaca-abc\/folie-pp\/","name":"Folie PP do uk\u0142adania wyk\u0142adzin | Ta\u015bmy kardynalne","isPartOf":{"@id":"https:\/\/cardinal-tapes.com\/#website"},"datePublished":"2023-06-02T08:59:07+00:00","dateModified":"2023-06-02T09:11:53+00:00","description":"Folie PP s\u0105 idealne do uk\u0142adania dywan\u00f3w. Polipropylen jest odporny na wysokie temperatury i wilgo\u0107.","breadcrumb":{"@id":"https:\/\/cardinal-tapes.com\/pl\/tasmy-samoprzylepne-pl__trashed\/tasma-klejaca-abc\/folie-pp\/#breadcrumb"},"inLanguage":"pl-PL","potentialAction":[{"@type":"ReadAction","target":["https:\/\/cardinal-tapes.com\/pl\/tasmy-samoprzylepne-pl__trashed\/tasma-klejaca-abc\/folie-pp\/"]}]},{"@type":"BreadcrumbList","@id":"https:\/\/cardinal-tapes.com\/pl\/tasmy-samoprzylepne-pl__trashed\/tasma-klejaca-abc\/folie-pp\/#breadcrumb","itemListElement":[{"@type":"ListItem","position":1,"name":"Startseite","item":"https:\/\/cardinal-tapes.com\/pl\/strona-glowna\/"},{"@type":"ListItem","position":2,"name":"Ta\u015bma klej\u0105ca ABC","item":"https:\/\/cardinal-tapes.com\/pl\/tasmy-samoprzylepne-pl__trashed\/tasma-klejaca-abc\/"},{"@type":"ListItem","position":3,"name":"Folie PP"}]},{"@type":"WebSite","@id":"https:\/\/cardinal-tapes.com\/#website","url":"https:\/\/cardinal-tapes.com\/","name":"cardinal TAPES","description":"Klebetechnik aus Wuppertal","potentialAction":[{"@type":"SearchAction","target":{"@type":"EntryPoint","urlTemplate":"https:\/\/cardinal-tapes.com\/?s={search_term_string}"},"query-input":{"@type":"PropertyValueSpecification","valueRequired":true,"valueName":"search_term_string"}}],"inLanguage":"pl-PL"}]}},"_links":{"self":[{"href":"https:\/\/cardinal-tapes.com\/pl\/wp-json\/wp\/v2\/pages\/31033","targetHints":{"allow":["GET"]}}],"collection":[{"href":"https:\/\/cardinal-tapes.com\/pl\/wp-json\/wp\/v2\/pages"}],"about":[{"href":"https:\/\/cardinal-tapes.com\/pl\/wp-json\/wp\/v2\/types\/page"}],"author":[{"embeddable":true,"href":"https:\/\/cardinal-tapes.com\/pl\/wp-json\/wp\/v2\/users\/1"}],"replies":[{"embeddable":true,"href":"https:\/\/cardinal-tapes.com\/pl\/wp-json\/wp\/v2\/comments?post=31033"}],"version-history":[{"count":0,"href":"https:\/\/cardinal-tapes.com\/pl\/wp-json\/wp\/v2\/pages\/31033\/revisions"}],"up":[{"embeddable":true,"href":"https:\/\/cardinal-tapes.com\/pl\/wp-json\/wp\/v2\/pages\/30844"}],"wp:attachment":[{"href":"https:\/\/cardinal-tapes.com\/pl\/wp-json\/wp\/v2\/media?parent=31033"}],"curies":[{"name":"wp","href":"https:\/\/api.w.org\/{rel}","templated":true}]}}