{"id":31000,"date":"2023-06-02T10:59:06","date_gmt":"2023-06-02T08:59:06","guid":{"rendered":"https:\/\/cardinal.pixel-tal.de\/tasmy-samoprzylepne\/tasma-klejaca-abc\/tasmy-powlekane-tworzywem-sztucznym\/"},"modified":"2023-06-14T10:47:05","modified_gmt":"2023-06-14T08:47:05","slug":"tasmy-powlekane-tworzywem-sztucznym","status":"publish","type":"page","link":"https:\/\/cardinal-tapes.com\/pl\/tasmy-samoprzylepne-pl\/tasma-klejaca-abc\/tasmy-powlekane-tworzywem-sztucznym\/","title":{"rendered":"Ta\u015bmy powlekane tworzywem sztucznym"},"content":{"rendered":"<div id='av_section_1'  class='avia-section av-3zwppx1-39b6977ca30550ebce10a915e14fed34 alternate_color avia-section-default avia-no-border-styling  avia-builder-el-0  el_before_av_section  avia-builder-el-first  avia-bg-style-scroll container_wrap fullsize'  ><div class='container av-section-cont-open' ><main  role=\"main\" itemprop=\"mainContentOfPage\"  class='template-page content  av-content-full alpha units'><div class='post-entry post-entry-type-page post-entry-31000'><div class='entry-content-wrapper clearfix'>\n<div  class='flex_column av-3gw5ik5-7dfb9e1649cec56fb67dc965e99c700a av_one_full  avia-builder-el-1  el_before_av_one_half  avia-builder-el-first  first flex_column_div  '     ><div class=\"pxl-headline pxl-hl hl-wrap | hl-sub--off hl--align-left hl--no-margin    \">\n        <div class=\"hl-inner\">\n            <h2 class=\"hl-main hl-line |  hl_main--default  \">Ta\u015bmy z pow\u0142ok\u0105 PE<\/h2>\n            \n    <\/div>\n<\/div><\/div><div  class='flex_column av-2m5nes5-bce103d7e3a02ee63f878b82d3abc50b av_one_half  avia-builder-el-3  el_after_av_one_full  el_before_av_one_half  first flex_column_div  column-top-margin'     ><section  class='av_textblock_section av-2wney45-95abbf5546702d023910133cfa9c09da '   itemscope=\"itemscope\" itemtype=\"https:\/\/schema.org\/CreativeWork\" ><div class='avia_textblock'  itemprop=\"text\" ><p>Ta\u015bmy powlekane tworzywem sztucznym to ta\u015bmy tkaninowe powlekane akrylanem, kt\u00f3re mog\u0105 by\u0107 uniwersalnie stosowane do napraw, znakowania i wi\u0105zania dzi\u0119ki odporno\u015bci na temperatur\u0119 100\u00b0C. Doskona\u0142a odporno\u015b\u0107 na zimno i ciep\u0142o, a tak\u017ce bardzo dobre w\u0142a\u015bciwo\u015bci elektryczne sprawiaj\u0105, \u017ce ta\u015bmy powlekane tworzywem sztucznym s\u0105 interesuj\u0105ce w wielu obszarach zastosowa\u0144. Jako eksperci w dziedzinie ta\u015bm samoprzylepnych, nasi specjali\u015bci ch\u0119tnie doradz\u0105 w zakresie indywidualnych zastosowa\u0144. <a href=\"https:\/\/cardinal-tapes.com\/ueber-cardinal\/kontakt\/\">Skontaktuj<\/a> si\u0119 teraz, je\u015bli masz jakie\u015b pytania.<\/p>\n<h4><strong>Ta\u015bmy powlekane tworzywem sztucznym &#8211; W przemy\u015ble i handlu<\/strong><\/h4>\n<p>Ta\u015bmy powlekane tworzywem sztucznym s\u0105 stosowane mi\u0119dzy innymi w r\u00f3\u017cnych dziedzinach przemys\u0142u i handlu. Przekonuj\u0105 one wysok\u0105 si\u0142\u0105 klejenia, ale tak\u017ce odporno\u015bci\u0105 na chemikalia. Doskona\u0142a odporno\u015b\u0107 na starzenie ta\u015bm samoprzylepnych powlekanych tworzywem sztucznym zapewnia bezpieczne dopasowanie maszyn i konstrukcji &#8211; nawet po kilku latach. W ten spos\u00f3b ta\u015bmy pokryte tworzywem sztucznym szczeg\u00f3lnie dobrze przylegaj\u0105 do stali<\/p>\n<\/div><\/section><\/div><div  class='flex_column av-23bgjlh-75ceb98f134d155769fad7129c43e506 av_one_half  avia-builder-el-5  el_after_av_one_half  avia-builder-el-last  flex_column_div  column-top-margin'     ><section  class='av_textblock_section av-1wmmped-d1c97bd217440a7c2c6c8b11fc9d412b '   itemscope=\"itemscope\" itemtype=\"https:\/\/schema.org\/CreativeWork\" ><div class='avia_textblock'  itemprop=\"text\" ><h4><strong>Ta\u015bmy powlekane tworzywem sztucznym &#8211; przekonuj\u0105ce w handlu<\/strong><\/h4>\n<p>Ta\u015bmy powlekane tworzywem sztucznym s\u0105 szczeg\u00f3lnie popularne w handlu. Umo\u017cliwiaj\u0105 one dobre etykietowanie i s\u0105 r\u00f3wnie\u017c przekonuj\u0105ce, poniewa\u017c mo\u017cna je rozerwa\u0107 r\u0119cznie. Ponadto ta\u015bmy powlekane tworzywem sztucznym s\u0105 cz\u0119sto u\u017cywane w handlu do bezpiecznego zamykania opakowa\u0144. Ch\u0119tnie wesprzemy Ci\u0119 naszymi kompleksowymi <a href=\"https:\/\/cardinal-tapes.com\/pl\/opakowanie\/\">us\u0142ugami w zakresie opakowa\u0144<\/a>. W rezultacie korzystasz z indywidualnych rozwi\u0105za\u0144, kt\u00f3re s\u0105 dostosowane do Twoich konkretnych potrzeb.<\/p>\n<\/div><\/section><\/div>\n\n<\/div><\/div><\/main><!-- close content main element --><\/div><\/div><div id='av_section_2'  class='avia-section av-1gv26et-bce8c26393174e4dd57f19a0f03cf7f0 main_color avia-section-default avia-no-border-styling  avia-builder-el-7  el_after_av_section  avia-builder-el-last  gradient-section avia-bg-style-scroll container_wrap fullsize'  ><div class='container av-section-cont-open' ><div class='template-page content  av-content-full alpha units'><div class='post-entry post-entry-type-page post-entry-31000'><div class='entry-content-wrapper clearfix'>\n<div  class='flex_column av-1baf3jp-662f91f71de1ff53a7e37b87202ab35f av_one_full  avia-builder-el-8  avia-builder-el-no-sibling  first flex_column_div  '     ><p><div class=\"pxl-headline pxl-hl hl-wrap | hl-sub--off hl--align-left hl--no-margin    \">\n        <div class=\"hl-inner\">\n            <h2 class=\"hl-main hl-line |  hl_main--default  \">Interesuj\u0105ce produkty<\/h2>\n            \n    <\/div>\n<\/div>\n<br \/>\n<div   data-autoplay=''  data-interval='5'  data-animation='fade'  data-hoverpause='1'  class='template-shop avia-content-slider avia-content-slider-active avia-product-slider1 avia-content-slider-even  avia-builder-el-10  el_after_pixel_sc_headline  el_before_av_button   shop_columns_4' ><div class='avia-content-slider-inner'><ul class=\"products slide-entry-wrap\"><li class=\"product type-product post-55322 status-publish first instock product_cat-tasmy-dwustronnie-klejace product_cat-dwustronna-tasma-tkaninowa has-post-thumbnail taxable shipping-taxable purchasable product-type-variable\">\n\t<div class='inner_product main_color wrapped_style noLightbox  av-product-class-no_button'><a href=\"https:\/\/cardinal-tapes.com\/pl\/ta\u015bmy-samoprzylepne\/tasmy-dwustronnie-klejace\/dwustronna-tasma-tkaninowa\/ca-457-bawelniana-tasma-samoprzylepna\/\" class=\"woocommerce-LoopProduct-link woocommerce-loop-product__link\"><div class=\"thumbnail_container\"><img decoding=\"async\" loading=\"lazy\" width=\"450\" height=\"450\" src=\"https:\/\/cardinal-tapes.com\/wp-content\/uploads\/CA_457_retouched-450x450.jpg\" class=\"wp-image-27138 avia-img-lazy-loading-27138 attachment-shop_catalog size-shop_catalog wp-post-image\" alt=\"CA-457 PV1 Ta\u015bma samoprzylepna z tkaniny bawe\u0142nianej, mocna (otwarta) \/ s\u0142aba - dwustronny, Tkanina, Akrylan dyspersyjny, Kauczuk syntetyczny - Ilustracja 27138\" srcset=\"https:\/\/cardinal-tapes.com\/wp-content\/uploads\/CA_457_retouched-450x450.jpg 450w, https:\/\/cardinal-tapes.com\/wp-content\/uploads\/CA_457_retouched-120x120.jpg 120w, https:\/\/cardinal-tapes.com\/wp-content\/uploads\/CA_457_retouched-80x80.jpg 80w, https:\/\/cardinal-tapes.com\/wp-content\/uploads\/CA_457_retouched-36x36.jpg 36w, https:\/\/cardinal-tapes.com\/wp-content\/uploads\/CA_457_retouched-180x180.jpg 180w, https:\/\/cardinal-tapes.com\/wp-content\/uploads\/CA_457_retouched-100x100.jpg 100w\" sizes=\"auto, (max-width: 450px) 100vw, 450px\" \/><\/div><div class='inner_product_header'><div class='avia-arrow'><\/div><div class='inner_product_header_table'><div class='inner_product_header_cell'><span class=\"is-h2 woocommerce-loop-product__title\">CA-457 PV1 Ta\u015bma samoprzylepna z tkaniny bawe\u0142nianej, mocna (otwarta) \/ s\u0142aba<\/span>\t\t<div class=\"product-infos\">\n\t\t\t\t\t\t\t<span class='product-infos__item'><b>Pow\u0142oka:<\/b> dwustronny<\/span>\n\t\t\t\t\t\t\t\t\t\t<span class='product-infos__item'><b>Rodzaj materia\u0142u:<\/b> Tkanina<\/span>\n\t\t\t\t\t\t\t\t\t\t<span class='product-infos__item'><b>Producent:<\/b> cardinal GmbH<\/span>\n\t\t\t\t\t\t\t\t\t\t<span class='product-infos__item'><b>Cena na \u017c\u0105danie<\/b><\/span>\n\t\t\t\t\t<\/div>\n\t<\/div><\/div><\/div><\/a><\/div><\/li>\n<li class=\"product type-product post-58950 status-publish instock product_cat-tasma-piankowa-pe product_cat-tasmy-dwustronnie-klejace product_cat-dwustronna-tasma-tkaninowa has-post-thumbnail taxable shipping-taxable purchasable product-type-variable\">\n\t<div class='inner_product main_color wrapped_style noLightbox  av-product-class-no_button'><a href=\"https:\/\/cardinal-tapes.com\/pl\/ta\u015bmy-samoprzylepne\/tasmy-dwustronnie-klejace\/dwustronna-tasma-tkaninowa\/tesa-64958-tasma-dwustronnie-klejaca-z-pianki-poliuretanowej\/\" class=\"woocommerce-LoopProduct-link woocommerce-loop-product__link\"><div class=\"thumbnail_container\"><img decoding=\"async\" loading=\"lazy\" width=\"450\" height=\"450\" src=\"https:\/\/cardinal-tapes.com\/wp-content\/uploads\/tesa-double-sided-pe-foam-white-liner-yellow-pr-001172014_canvas1x1_6-450x450.jpg\" class=\"wp-image-26058 avia-img-lazy-loading-26058 attachment-shop_catalog size-shop_catalog wp-post-image\" alt=\"Dwustronna ta\u015bma piankowa PE tesa\u00ae 64958 - dwustronny, Pianka PE, Kauczuk syntetyczny - Ilustracja 26058\" srcset=\"https:\/\/cardinal-tapes.com\/wp-content\/uploads\/tesa-double-sided-pe-foam-white-liner-yellow-pr-001172014_canvas1x1_6-450x450.jpg 450w, https:\/\/cardinal-tapes.com\/wp-content\/uploads\/tesa-double-sided-pe-foam-white-liner-yellow-pr-001172014_canvas1x1_6-120x120.jpg 120w, https:\/\/cardinal-tapes.com\/wp-content\/uploads\/tesa-double-sided-pe-foam-white-liner-yellow-pr-001172014_canvas1x1_6-80x80.jpg 80w, https:\/\/cardinal-tapes.com\/wp-content\/uploads\/tesa-double-sided-pe-foam-white-liner-yellow-pr-001172014_canvas1x1_6-200x200.jpg 200w, https:\/\/cardinal-tapes.com\/wp-content\/uploads\/tesa-double-sided-pe-foam-white-liner-yellow-pr-001172014_canvas1x1_6-36x36.jpg 36w, https:\/\/cardinal-tapes.com\/wp-content\/uploads\/tesa-double-sided-pe-foam-white-liner-yellow-pr-001172014_canvas1x1_6-180x180.jpg 180w, https:\/\/cardinal-tapes.com\/wp-content\/uploads\/tesa-double-sided-pe-foam-white-liner-yellow-pr-001172014_canvas1x1_6-100x100.jpg 100w, https:\/\/cardinal-tapes.com\/wp-content\/uploads\/tesa-double-sided-pe-foam-white-liner-yellow-pr-001172014_canvas1x1_6.jpg 640w\" sizes=\"auto, (max-width: 450px) 100vw, 450px\" \/><\/div><div class='inner_product_header'><div class='avia-arrow'><\/div><div class='inner_product_header_table'><div class='inner_product_header_cell'><span class=\"is-h2 woocommerce-loop-product__title\">Dwustronna ta\u015bma piankowa PE tesa\u00ae 64958<\/span>\t\t<div class=\"product-infos\">\n\t\t\t\t\t\t\t<span class='product-infos__item'><b>Pow\u0142oka:<\/b> dwustronny<\/span>\n\t\t\t\t\t\t\t\t\t\t<span class='product-infos__item'><b>Rodzaj materia\u0142u:<\/b> Pianka PE<\/span>\n\t\t\t\t\t\t\t\t\t\t<span class='product-infos__item'><b>Producent:<\/b> tesa<\/span>\n\t\t\t\t\t\t\t\t\t\t<span class='product-infos__item'><b>Cena na \u017c\u0105danie<\/b><\/span>\n\t\t\t\t\t<\/div>\n\t<\/div><\/div><\/div><\/a><\/div><\/li>\n<\/ul><\/div><\/div><div class=\"clear\"><\/div><br \/>\n<div  class='avia-button-wrap av-rpk0gl-6041f8afd2bcfbe52c8cc4c9c8d970c6-wrap avia-button-left '><a href='https:\/\/cardinal-tapes.com\/klebebaender\/'  class='avia-button av-rpk0gl-6041f8afd2bcfbe52c8cc4c9c8d970c6 avia-icon_select-no avia-size-medium avia-position-left avia-color-theme-color layout-border color-white'  ><span class='avia_iconbox_title' >Wszystkie produkty<\/span><\/a><\/div><\/p><\/div>\n","protected":false},"excerpt":{"rendered":"","protected":false},"author":1,"featured_media":0,"parent":30844,"menu_order":15,"comment_status":"closed","ping_status":"closed","template":"","meta":{"_acf_changed":false,"footnotes":""},"class_list":["post-31000","page","type-page","status-publish","hentry"],"acf":[],"yoast_head":"<!-- This site is optimized with the Yoast SEO plugin v27.3 - https:\/\/yoast.com\/product\/yoast-seo-wordpress\/ -->\n<title>Ta\u015bmy powlekane tworzywem sztucznym request | cardinal TAPES<\/title>\n<meta name=\"description\" content=\"Kup ta\u015bmy powlekane tworzywem sztucznym \u2714 Du\u017cy asortyment \u2714 Produkcja i cz\u0119\u015bci t\u0142oczone \u2714 Indywidualne doradztwo \u2714 R\u00f3\u017cne zastosowania \u2714\" \/>\n<meta name=\"robots\" content=\"index, follow, max-snippet:-1, max-image-preview:large, max-video-preview:-1\" \/>\n<link rel=\"canonical\" href=\"https:\/\/cardinal-tapes.com\/pl\/tasmy-samoprzylepne-pl\/tasma-klejaca-abc\/tasmy-powlekane-tworzywem-sztucznym\/\" \/>\n<meta property=\"og:locale\" content=\"pl_PL\" \/>\n<meta property=\"og:type\" content=\"article\" \/>\n<meta property=\"og:title\" content=\"Ta\u015bmy powlekane tworzywem sztucznym request | cardinal TAPES\" \/>\n<meta property=\"og:description\" content=\"Kup ta\u015bmy powlekane tworzywem sztucznym \u2714 Du\u017cy asortyment \u2714 Produkcja i cz\u0119\u015bci t\u0142oczone \u2714 Indywidualne doradztwo \u2714 R\u00f3\u017cne zastosowania \u2714\" \/>\n<meta property=\"og:url\" content=\"https:\/\/cardinal-tapes.com\/pl\/tasmy-samoprzylepne-pl\/tasma-klejaca-abc\/tasmy-powlekane-tworzywem-sztucznym\/\" \/>\n<meta property=\"og:site_name\" content=\"cardinal TAPES\" \/>\n<meta property=\"article:modified_time\" content=\"2023-06-14T08:47:05+00:00\" \/>\n<meta name=\"twitter:card\" content=\"summary_large_image\" \/>\n<meta name=\"twitter:label1\" content=\"Szacowany czas czytania\" \/>\n\t<meta name=\"twitter:data1\" content=\"15 minut\" \/>\n<script type=\"application\/ld+json\" class=\"yoast-schema-graph\">{\"@context\":\"https:\\\/\\\/schema.org\",\"@graph\":[{\"@type\":\"WebPage\",\"@id\":\"https:\\\/\\\/cardinal-tapes.com\\\/pl\\\/tasmy-samoprzylepne-pl\\\/tasma-klejaca-abc\\\/tasmy-powlekane-tworzywem-sztucznym\\\/\",\"url\":\"https:\\\/\\\/cardinal-tapes.com\\\/pl\\\/tasmy-samoprzylepne-pl\\\/tasma-klejaca-abc\\\/tasmy-powlekane-tworzywem-sztucznym\\\/\",\"name\":\"Ta\u015bmy powlekane tworzywem sztucznym request | cardinal TAPES\",\"isPartOf\":{\"@id\":\"https:\\\/\\\/cardinal-tapes.com\\\/#website\"},\"datePublished\":\"2023-06-02T08:59:06+00:00\",\"dateModified\":\"2023-06-14T08:47:05+00:00\",\"description\":\"Kup ta\u015bmy powlekane tworzywem sztucznym \u2714 Du\u017cy asortyment \u2714 Produkcja i cz\u0119\u015bci t\u0142oczone \u2714 Indywidualne doradztwo \u2714 R\u00f3\u017cne zastosowania \u2714\",\"breadcrumb\":{\"@id\":\"https:\\\/\\\/cardinal-tapes.com\\\/pl\\\/tasmy-samoprzylepne-pl\\\/tasma-klejaca-abc\\\/tasmy-powlekane-tworzywem-sztucznym\\\/#breadcrumb\"},\"inLanguage\":\"pl-PL\",\"potentialAction\":[{\"@type\":\"ReadAction\",\"target\":[\"https:\\\/\\\/cardinal-tapes.com\\\/pl\\\/tasmy-samoprzylepne-pl\\\/tasma-klejaca-abc\\\/tasmy-powlekane-tworzywem-sztucznym\\\/\"]}]},{\"@type\":\"BreadcrumbList\",\"@id\":\"https:\\\/\\\/cardinal-tapes.com\\\/pl\\\/tasmy-samoprzylepne-pl\\\/tasma-klejaca-abc\\\/tasmy-powlekane-tworzywem-sztucznym\\\/#breadcrumb\",\"itemListElement\":[{\"@type\":\"ListItem\",\"position\":1,\"name\":\"Startseite\",\"item\":\"https:\\\/\\\/cardinal-tapes.com\\\/pl\\\/strona-glowna\\\/\"},{\"@type\":\"ListItem\",\"position\":2,\"name\":\"Ta\u015bmy samoprzylepne\",\"item\":\"https:\\\/\\\/cardinal-tapes.com\\\/pl\\\/tasmy-samoprzylepne-pl\\\/\"},{\"@type\":\"ListItem\",\"position\":3,\"name\":\"Ta\u015bma klej\u0105ca ABC\",\"item\":\"https:\\\/\\\/cardinal-tapes.com\\\/pl\\\/tasmy-samoprzylepne-pl__trashed\\\/tasma-klejaca-abc\\\/\"},{\"@type\":\"ListItem\",\"position\":4,\"name\":\"Ta\u015bmy powlekane tworzywem sztucznym\"}]},{\"@type\":\"WebSite\",\"@id\":\"https:\\\/\\\/cardinal-tapes.com\\\/#website\",\"url\":\"https:\\\/\\\/cardinal-tapes.com\\\/\",\"name\":\"cardinal TAPES\",\"description\":\"Klebetechnik aus Wuppertal\",\"potentialAction\":[{\"@type\":\"SearchAction\",\"target\":{\"@type\":\"EntryPoint\",\"urlTemplate\":\"https:\\\/\\\/cardinal-tapes.com\\\/?s={search_term_string}\"},\"query-input\":{\"@type\":\"PropertyValueSpecification\",\"valueRequired\":true,\"valueName\":\"search_term_string\"}}],\"inLanguage\":\"pl-PL\"}]}<\/script>\n<!-- \/ Yoast SEO plugin. -->","yoast_head_json":{"title":"Ta\u015bmy powlekane tworzywem sztucznym request | cardinal TAPES","description":"Kup ta\u015bmy powlekane tworzywem sztucznym \u2714 Du\u017cy asortyment \u2714 Produkcja i cz\u0119\u015bci t\u0142oczone \u2714 Indywidualne doradztwo \u2714 R\u00f3\u017cne zastosowania \u2714","robots":{"index":"index","follow":"follow","max-snippet":"max-snippet:-1","max-image-preview":"max-image-preview:large","max-video-preview":"max-video-preview:-1"},"canonical":"https:\/\/cardinal-tapes.com\/pl\/tasmy-samoprzylepne-pl\/tasma-klejaca-abc\/tasmy-powlekane-tworzywem-sztucznym\/","og_locale":"pl_PL","og_type":"article","og_title":"Ta\u015bmy powlekane tworzywem sztucznym request | cardinal TAPES","og_description":"Kup ta\u015bmy powlekane tworzywem sztucznym \u2714 Du\u017cy asortyment \u2714 Produkcja i cz\u0119\u015bci t\u0142oczone \u2714 Indywidualne doradztwo \u2714 R\u00f3\u017cne zastosowania \u2714","og_url":"https:\/\/cardinal-tapes.com\/pl\/tasmy-samoprzylepne-pl\/tasma-klejaca-abc\/tasmy-powlekane-tworzywem-sztucznym\/","og_site_name":"cardinal TAPES","article_modified_time":"2023-06-14T08:47:05+00:00","twitter_card":"summary_large_image","twitter_misc":{"Szacowany czas czytania":"15 minut"},"schema":{"@context":"https:\/\/schema.org","@graph":[{"@type":"WebPage","@id":"https:\/\/cardinal-tapes.com\/pl\/tasmy-samoprzylepne-pl\/tasma-klejaca-abc\/tasmy-powlekane-tworzywem-sztucznym\/","url":"https:\/\/cardinal-tapes.com\/pl\/tasmy-samoprzylepne-pl\/tasma-klejaca-abc\/tasmy-powlekane-tworzywem-sztucznym\/","name":"Ta\u015bmy powlekane tworzywem sztucznym request | cardinal TAPES","isPartOf":{"@id":"https:\/\/cardinal-tapes.com\/#website"},"datePublished":"2023-06-02T08:59:06+00:00","dateModified":"2023-06-14T08:47:05+00:00","description":"Kup ta\u015bmy powlekane tworzywem sztucznym \u2714 Du\u017cy asortyment \u2714 Produkcja i cz\u0119\u015bci t\u0142oczone \u2714 Indywidualne doradztwo \u2714 R\u00f3\u017cne zastosowania \u2714","breadcrumb":{"@id":"https:\/\/cardinal-tapes.com\/pl\/tasmy-samoprzylepne-pl\/tasma-klejaca-abc\/tasmy-powlekane-tworzywem-sztucznym\/#breadcrumb"},"inLanguage":"pl-PL","potentialAction":[{"@type":"ReadAction","target":["https:\/\/cardinal-tapes.com\/pl\/tasmy-samoprzylepne-pl\/tasma-klejaca-abc\/tasmy-powlekane-tworzywem-sztucznym\/"]}]},{"@type":"BreadcrumbList","@id":"https:\/\/cardinal-tapes.com\/pl\/tasmy-samoprzylepne-pl\/tasma-klejaca-abc\/tasmy-powlekane-tworzywem-sztucznym\/#breadcrumb","itemListElement":[{"@type":"ListItem","position":1,"name":"Startseite","item":"https:\/\/cardinal-tapes.com\/pl\/strona-glowna\/"},{"@type":"ListItem","position":2,"name":"Ta\u015bmy samoprzylepne","item":"https:\/\/cardinal-tapes.com\/pl\/tasmy-samoprzylepne-pl\/"},{"@type":"ListItem","position":3,"name":"Ta\u015bma klej\u0105ca ABC","item":"https:\/\/cardinal-tapes.com\/pl\/tasmy-samoprzylepne-pl__trashed\/tasma-klejaca-abc\/"},{"@type":"ListItem","position":4,"name":"Ta\u015bmy powlekane tworzywem sztucznym"}]},{"@type":"WebSite","@id":"https:\/\/cardinal-tapes.com\/#website","url":"https:\/\/cardinal-tapes.com\/","name":"cardinal TAPES","description":"Klebetechnik aus Wuppertal","potentialAction":[{"@type":"SearchAction","target":{"@type":"EntryPoint","urlTemplate":"https:\/\/cardinal-tapes.com\/?s={search_term_string}"},"query-input":{"@type":"PropertyValueSpecification","valueRequired":true,"valueName":"search_term_string"}}],"inLanguage":"pl-PL"}]}},"_links":{"self":[{"href":"https:\/\/cardinal-tapes.com\/pl\/wp-json\/wp\/v2\/pages\/31000","targetHints":{"allow":["GET"]}}],"collection":[{"href":"https:\/\/cardinal-tapes.com\/pl\/wp-json\/wp\/v2\/pages"}],"about":[{"href":"https:\/\/cardinal-tapes.com\/pl\/wp-json\/wp\/v2\/types\/page"}],"author":[{"embeddable":true,"href":"https:\/\/cardinal-tapes.com\/pl\/wp-json\/wp\/v2\/users\/1"}],"replies":[{"embeddable":true,"href":"https:\/\/cardinal-tapes.com\/pl\/wp-json\/wp\/v2\/comments?post=31000"}],"version-history":[{"count":0,"href":"https:\/\/cardinal-tapes.com\/pl\/wp-json\/wp\/v2\/pages\/31000\/revisions"}],"up":[{"embeddable":true,"href":"https:\/\/cardinal-tapes.com\/pl\/wp-json\/wp\/v2\/pages\/30844"}],"wp:attachment":[{"href":"https:\/\/cardinal-tapes.com\/pl\/wp-json\/wp\/v2\/media?parent=31000"}],"curies":[{"name":"wp","href":"https:\/\/api.w.org\/{rel}","templated":true}]}}