{"id":30998,"date":"2020-04-08T08:47:19","date_gmt":"2020-04-08T06:47:19","guid":{"rendered":"https:\/\/cardinal.pixel-tal.de\/tasmy-samoprzylepne\/tasma-klejaca-abc\/tasma-trasujaca\/"},"modified":"2023-06-02T11:11:44","modified_gmt":"2023-06-02T09:11:44","slug":"tasma-trasujaca","status":"publish","type":"page","link":"https:\/\/cardinal-tapes.com\/pl\/tasmy-samoprzylepne-pl\/tasma-klejaca-abc\/tasma-trasujaca\/","title":{"rendered":"Ta\u015bma trasuj\u0105ca"},"content":{"rendered":"<div id='av_section_1'  class='avia-section av-1yovhuv-c94a907eb5ccba7caa93ba9535c2d01c alternate_color avia-section-default avia-no-border-styling  avia-builder-el-0  avia-builder-el-no-sibling  avia-bg-style-scroll container_wrap fullsize'  ><div class='container av-section-cont-open' ><main  role=\"main\" itemprop=\"mainContentOfPage\"  class='template-page content  av-content-full alpha units'><div class='post-entry post-entry-type-page post-entry-30998'><div class='entry-content-wrapper clearfix'>\n<div  class='flex_column av-1hlfptz-4ef05397f20ee7133557bfb8206b3952 av_one_full  avia-builder-el-1  el_before_av_one_half  avia-builder-el-first  first flex_column_div  '     ><div class=\"pxl-headline pxl-hl hl-wrap | hl-sub--off hl--align-left hl--no-margin    \">\n        <div class=\"hl-inner\">\n            <h2 class=\"hl-main hl-line |  hl_main--default  \">Ta\u015bma trasuj\u0105ca<\/h2>\n            \n    <\/div>\n<\/div><\/div><div  class='flex_column av-15ajcx3-60073a9a678c8d0aefb4dce47f4505a0 av_one_half  avia-builder-el-3  el_after_av_one_full  el_before_av_one_half  first flex_column_div  column-top-margin'     ><section  class='av_textblock_section av-ad9sjc-d628d416ebc078b503edc9f8049c1d5d '   itemscope=\"itemscope\" itemtype=\"https:\/\/schema.org\/CreativeWork\" ><div class='avia_textblock'  itemprop=\"text\" ><p>Czy potrzebujesz ta\u015bmy traserskiej? Dzi\u0119ki nam mo\u017cesz wygodnie kupi\u0107 ta\u015bm\u0119 trasersk\u0105 online na w\u0142asne wi\u0119ksze potrzeby lub do cel\u00f3w komercyjnych i oficjalnych. Poniewa\u017c wyb\u00f3r materia\u0142u zale\u017cy w du\u017cej mierze od zastosowania, nasi eksperci z przyjemno\u015bci\u0105 udziel\u0105 kompleksowych porad. Najlepsz\u0105 rzecz\u0105 do zrobienia jest natychmiastowy <a href=\"\/ueber-cardinal\/kontakt\/\">kontakt<\/a>.<\/p>\n<h4>Zakup ta\u015bmy trasuj\u0105cej online &#8211; kwestia zastosowania<\/h4>\n<p>Ta\u015bma traserska jest u\u017cywana jak ka\u017cda inna ta\u015bma barierowa do odgradzania obszar\u00f3w. Najcz\u0119\u015bciej termin ta\u015bma trasuj\u0105ca jest u\u017cywany w odniesieniu do cel\u00f3w wojskowych. Na przyk\u0142ad niemieckie si\u0142y zbrojne u\u017cywaj\u0105 ta\u015bmy trasuj\u0105cej, aby uniemo\u017cliwi\u0107 nieupowa\u017cnionym osobom dost\u0119p do niebezpiecznych stref. Oczywi\u015bcie, istniej\u0105 r\u00f3wnie\u017c znacznie bardziej codzienne zastosowania ta\u015bm trasuj\u0105cych. Nale\u017c\u0105 do nich na przyk\u0142ad:<\/p>\n<ul>\n<li>Place budowy<\/li>\n<li>Miejsca wypadk\u00f3w<\/li>\n<li>Wadliwe maszyny i urz\u0105dzenia<\/li>\n<li>Miejsca oficjalnych dochodze\u0144<\/li>\n<\/ul>\n<p>Nie zawsze \u0142atwo jest odpowiedzie\u0107 na pytanie, jak\u0105 ta\u015bm\u0119 trasersk\u0105 nale\u017cy kupi\u0107 online w konkretnym celu: Wszystko zale\u017cy od w\u0142a\u015bciwo\u015bci materia\u0142u. W razie w\u0105tpliwo\u015bci zalecamy konsultacj\u0119 z naszymi ekspertami.<\/p>\n<\/div><\/section><\/div><div  class='flex_column av-ijawiv-5f792cc3549b975fbfcb15a7635a6f39 av_one_half  avia-builder-el-5  el_after_av_one_half  avia-builder-el-last  flex_column_div  column-top-margin'     ><section  class='av_textblock_section av-7y806g-b9a32dd903fbfe5c19780cfe2c54cd88 '   itemscope=\"itemscope\" itemtype=\"https:\/\/schema.org\/CreativeWork\" ><div class='avia_textblock small'  itemprop=\"text\" ><h4>Kupuj\u0105c ta\u015bm\u0119 trasersk\u0105 online, nale\u017cy zwr\u00f3ci\u0107 uwag\u0119 na materia\u0142, z kt\u00f3rego jest wykonana<\/h4>\n<p>Odporne na rozdarcia i warunki atmosferyczne? A jednak \u0142agodny dla \u015brodowiska? A je\u015bli chcesz oderwa\u0107 go r\u0119cznie? Je\u015bli kupujesz ta\u015bm\u0119 trasersk\u0105 online, jeste\u015b rozpieszczany wyborem: w zale\u017cno\u015bci od materia\u0142u, produkty znacznie si\u0119 od siebie r\u00f3\u017cni\u0105. Na przyk\u0142ad produkty oparte na folii PE-LD s\u0105 wytrzyma\u0142e, a jednocze\u015bnie przyjazne dla \u015brodowiska. W przypadku bardziej wytrzyma\u0142ych ta\u015bm traserskich, takich jak te u\u017cywane przez niemieckie si\u0142y zbrojne, nale\u017cy stosowa\u0107 tworzywa sztuczne, takie jak polietylen HD. S\u0105 one r\u00f3wnie\u017c odpowiednie do u\u017cycia, gdy produkt staje si\u0119 aktywny.<\/p>\n<h4>Zakup ta\u015bmy traserskiej online i bezpo\u015bredni monta\u017c<\/h4>\n<p>Wymiary i kolory naszej ta\u015bmy traserskiej nie spe\u0142niaj\u0105 Twoich wymaga\u0144? Nie ma problemu: mamy r\u00f3\u017cne procesy w zakresie <a href=\"https:\/\/cardinal-tapes.com\/pl\/opakowanie\/\">wyka\u0144czania<\/a>. Mo\u017cna tu wspomnie\u0107 na przyk\u0142ad o indywidualnych ci\u0119ciach lub niestandardowych napisach. Dzi\u0119ki temu mo\u017cemy dostosowa\u0107 produkty do indywidualnych wymaga\u0144.<\/p>\n<\/div><\/section><\/div>\n\n","protected":false},"excerpt":{"rendered":"","protected":false},"author":1,"featured_media":0,"parent":30844,"menu_order":22,"comment_status":"closed","ping_status":"closed","template":"","meta":{"_acf_changed":false,"footnotes":""},"class_list":["post-30998","page","type-page","status-publish","hentry"],"acf":[],"yoast_head":"<!-- This site is optimized with the Yoast SEO plugin v27.3 - https:\/\/yoast.com\/product\/yoast-seo-wordpress\/ -->\n<title>Kup ta\u015bm\u0119 trasow\u0105 online - doradzamy indywidualnie | Cardinal Tapes<\/title>\n<meta name=\"description\" content=\"Kup ta\u015bm\u0119 trasersk\u0105 online \u2713 Du\u017cy wyb\u00f3r \u2713 Indywidualne doradztwo \u2713 Atrakcyjne ceny \u2713 Indywidualny monta\u017c \u2713 Rozpocznij zapytanie ju\u017c teraz\" \/>\n<meta name=\"robots\" content=\"noindex, follow\" \/>\n<meta property=\"og:locale\" content=\"pl_PL\" \/>\n<meta property=\"og:type\" content=\"article\" \/>\n<meta property=\"og:title\" content=\"Kup ta\u015bm\u0119 trasow\u0105 online - doradzamy indywidualnie | Cardinal Tapes\" \/>\n<meta property=\"og:description\" content=\"Kup ta\u015bm\u0119 trasersk\u0105 online \u2713 Du\u017cy wyb\u00f3r \u2713 Indywidualne doradztwo \u2713 Atrakcyjne ceny \u2713 Indywidualny monta\u017c \u2713 Rozpocznij zapytanie ju\u017c teraz\" \/>\n<meta property=\"og:url\" content=\"https:\/\/cardinal-tapes.com\/pl\/tasmy-samoprzylepne-pl\/tasma-klejaca-abc\/tasma-trasujaca\/\" \/>\n<meta property=\"og:site_name\" content=\"cardinal TAPES\" \/>\n<meta property=\"article:modified_time\" content=\"2023-06-02T09:11:44+00:00\" \/>\n<meta name=\"twitter:card\" content=\"summary_large_image\" \/>\n<meta name=\"twitter:label1\" content=\"Szacowany czas czytania\" \/>\n\t<meta name=\"twitter:data1\" content=\"10 minut\" \/>\n<script type=\"application\/ld+json\" class=\"yoast-schema-graph\">{\"@context\":\"https:\\\/\\\/schema.org\",\"@graph\":[{\"@type\":\"WebPage\",\"@id\":\"https:\\\/\\\/cardinal-tapes.com\\\/pl\\\/tasmy-samoprzylepne-pl\\\/tasma-klejaca-abc\\\/tasma-trasujaca\\\/\",\"url\":\"https:\\\/\\\/cardinal-tapes.com\\\/pl\\\/tasmy-samoprzylepne-pl\\\/tasma-klejaca-abc\\\/tasma-trasujaca\\\/\",\"name\":\"Kup ta\u015bm\u0119 trasow\u0105 online - doradzamy indywidualnie | Cardinal Tapes\",\"isPartOf\":{\"@id\":\"https:\\\/\\\/cardinal-tapes.com\\\/#website\"},\"datePublished\":\"2020-04-08T06:47:19+00:00\",\"dateModified\":\"2023-06-02T09:11:44+00:00\",\"description\":\"Kup ta\u015bm\u0119 trasersk\u0105 online \u2713 Du\u017cy wyb\u00f3r \u2713 Indywidualne doradztwo \u2713 Atrakcyjne ceny \u2713 Indywidualny monta\u017c \u2713 Rozpocznij zapytanie ju\u017c teraz\",\"breadcrumb\":{\"@id\":\"https:\\\/\\\/cardinal-tapes.com\\\/pl\\\/tasmy-samoprzylepne-pl\\\/tasma-klejaca-abc\\\/tasma-trasujaca\\\/#breadcrumb\"},\"inLanguage\":\"pl-PL\",\"potentialAction\":[{\"@type\":\"ReadAction\",\"target\":[\"https:\\\/\\\/cardinal-tapes.com\\\/pl\\\/tasmy-samoprzylepne-pl\\\/tasma-klejaca-abc\\\/tasma-trasujaca\\\/\"]}]},{\"@type\":\"BreadcrumbList\",\"@id\":\"https:\\\/\\\/cardinal-tapes.com\\\/pl\\\/tasmy-samoprzylepne-pl\\\/tasma-klejaca-abc\\\/tasma-trasujaca\\\/#breadcrumb\",\"itemListElement\":[{\"@type\":\"ListItem\",\"position\":1,\"name\":\"Startseite\",\"item\":\"https:\\\/\\\/cardinal-tapes.com\\\/pl\\\/strona-glowna\\\/\"},{\"@type\":\"ListItem\",\"position\":2,\"name\":\"Ta\u015bmy samoprzylepne\",\"item\":\"https:\\\/\\\/cardinal-tapes.com\\\/pl\\\/tasmy-samoprzylepne-pl\\\/\"},{\"@type\":\"ListItem\",\"position\":3,\"name\":\"Ta\u015bma klej\u0105ca ABC\",\"item\":\"https:\\\/\\\/cardinal-tapes.com\\\/pl\\\/tasmy-samoprzylepne-pl__trashed\\\/tasma-klejaca-abc\\\/\"},{\"@type\":\"ListItem\",\"position\":4,\"name\":\"Ta\u015bma trasuj\u0105ca\"}]},{\"@type\":\"WebSite\",\"@id\":\"https:\\\/\\\/cardinal-tapes.com\\\/#website\",\"url\":\"https:\\\/\\\/cardinal-tapes.com\\\/\",\"name\":\"cardinal TAPES\",\"description\":\"Klebetechnik aus Wuppertal\",\"potentialAction\":[{\"@type\":\"SearchAction\",\"target\":{\"@type\":\"EntryPoint\",\"urlTemplate\":\"https:\\\/\\\/cardinal-tapes.com\\\/?s={search_term_string}\"},\"query-input\":{\"@type\":\"PropertyValueSpecification\",\"valueRequired\":true,\"valueName\":\"search_term_string\"}}],\"inLanguage\":\"pl-PL\"}]}<\/script>\n<!-- \/ Yoast SEO plugin. -->","yoast_head_json":{"title":"Kup ta\u015bm\u0119 trasow\u0105 online - doradzamy indywidualnie | Cardinal Tapes","description":"Kup ta\u015bm\u0119 trasersk\u0105 online \u2713 Du\u017cy wyb\u00f3r \u2713 Indywidualne doradztwo \u2713 Atrakcyjne ceny \u2713 Indywidualny monta\u017c \u2713 Rozpocznij zapytanie ju\u017c teraz","robots":{"index":"noindex","follow":"follow"},"og_locale":"pl_PL","og_type":"article","og_title":"Kup ta\u015bm\u0119 trasow\u0105 online - doradzamy indywidualnie | Cardinal Tapes","og_description":"Kup ta\u015bm\u0119 trasersk\u0105 online \u2713 Du\u017cy wyb\u00f3r \u2713 Indywidualne doradztwo \u2713 Atrakcyjne ceny \u2713 Indywidualny monta\u017c \u2713 Rozpocznij zapytanie ju\u017c teraz","og_url":"https:\/\/cardinal-tapes.com\/pl\/tasmy-samoprzylepne-pl\/tasma-klejaca-abc\/tasma-trasujaca\/","og_site_name":"cardinal TAPES","article_modified_time":"2023-06-02T09:11:44+00:00","twitter_card":"summary_large_image","twitter_misc":{"Szacowany czas czytania":"10 minut"},"schema":{"@context":"https:\/\/schema.org","@graph":[{"@type":"WebPage","@id":"https:\/\/cardinal-tapes.com\/pl\/tasmy-samoprzylepne-pl\/tasma-klejaca-abc\/tasma-trasujaca\/","url":"https:\/\/cardinal-tapes.com\/pl\/tasmy-samoprzylepne-pl\/tasma-klejaca-abc\/tasma-trasujaca\/","name":"Kup ta\u015bm\u0119 trasow\u0105 online - doradzamy indywidualnie | Cardinal Tapes","isPartOf":{"@id":"https:\/\/cardinal-tapes.com\/#website"},"datePublished":"2020-04-08T06:47:19+00:00","dateModified":"2023-06-02T09:11:44+00:00","description":"Kup ta\u015bm\u0119 trasersk\u0105 online \u2713 Du\u017cy wyb\u00f3r \u2713 Indywidualne doradztwo \u2713 Atrakcyjne ceny \u2713 Indywidualny monta\u017c \u2713 Rozpocznij zapytanie ju\u017c teraz","breadcrumb":{"@id":"https:\/\/cardinal-tapes.com\/pl\/tasmy-samoprzylepne-pl\/tasma-klejaca-abc\/tasma-trasujaca\/#breadcrumb"},"inLanguage":"pl-PL","potentialAction":[{"@type":"ReadAction","target":["https:\/\/cardinal-tapes.com\/pl\/tasmy-samoprzylepne-pl\/tasma-klejaca-abc\/tasma-trasujaca\/"]}]},{"@type":"BreadcrumbList","@id":"https:\/\/cardinal-tapes.com\/pl\/tasmy-samoprzylepne-pl\/tasma-klejaca-abc\/tasma-trasujaca\/#breadcrumb","itemListElement":[{"@type":"ListItem","position":1,"name":"Startseite","item":"https:\/\/cardinal-tapes.com\/pl\/strona-glowna\/"},{"@type":"ListItem","position":2,"name":"Ta\u015bmy samoprzylepne","item":"https:\/\/cardinal-tapes.com\/pl\/tasmy-samoprzylepne-pl\/"},{"@type":"ListItem","position":3,"name":"Ta\u015bma klej\u0105ca ABC","item":"https:\/\/cardinal-tapes.com\/pl\/tasmy-samoprzylepne-pl__trashed\/tasma-klejaca-abc\/"},{"@type":"ListItem","position":4,"name":"Ta\u015bma trasuj\u0105ca"}]},{"@type":"WebSite","@id":"https:\/\/cardinal-tapes.com\/#website","url":"https:\/\/cardinal-tapes.com\/","name":"cardinal TAPES","description":"Klebetechnik aus Wuppertal","potentialAction":[{"@type":"SearchAction","target":{"@type":"EntryPoint","urlTemplate":"https:\/\/cardinal-tapes.com\/?s={search_term_string}"},"query-input":{"@type":"PropertyValueSpecification","valueRequired":true,"valueName":"search_term_string"}}],"inLanguage":"pl-PL"}]}},"_links":{"self":[{"href":"https:\/\/cardinal-tapes.com\/pl\/wp-json\/wp\/v2\/pages\/30998","targetHints":{"allow":["GET"]}}],"collection":[{"href":"https:\/\/cardinal-tapes.com\/pl\/wp-json\/wp\/v2\/pages"}],"about":[{"href":"https:\/\/cardinal-tapes.com\/pl\/wp-json\/wp\/v2\/types\/page"}],"author":[{"embeddable":true,"href":"https:\/\/cardinal-tapes.com\/pl\/wp-json\/wp\/v2\/users\/1"}],"replies":[{"embeddable":true,"href":"https:\/\/cardinal-tapes.com\/pl\/wp-json\/wp\/v2\/comments?post=30998"}],"version-history":[{"count":0,"href":"https:\/\/cardinal-tapes.com\/pl\/wp-json\/wp\/v2\/pages\/30998\/revisions"}],"up":[{"embeddable":true,"href":"https:\/\/cardinal-tapes.com\/pl\/wp-json\/wp\/v2\/pages\/30844"}],"wp:attachment":[{"href":"https:\/\/cardinal-tapes.com\/pl\/wp-json\/wp\/v2\/media?parent=30998"}],"curies":[{"name":"wp","href":"https:\/\/api.w.org\/{rel}","templated":true}]}}