{"id":30962,"date":"2023-06-02T10:59:06","date_gmt":"2023-06-02T08:59:06","guid":{"rendered":"https:\/\/cardinal.pixel-tal.de\/tasmy-samoprzylepne\/tasma-klejaca-abc\/tasma-barierowa\/"},"modified":"2023-06-14T10:47:10","modified_gmt":"2023-06-14T08:47:10","slug":"tasma-barierowa","status":"publish","type":"page","link":"https:\/\/cardinal-tapes.com\/pl\/tasmy-samoprzylepne-pl\/tasma-klejaca-abc\/tasma-barierowa\/","title":{"rendered":"Ta\u015bma barierowa"},"content":{"rendered":"<div id='av_section_1'  class='avia-section av-3kt4zp4-7981db0a9b6ad76c976bf91968777e06 alternate_color avia-section-default avia-no-border-styling  avia-builder-el-0  el_before_av_section  avia-builder-el-first  avia-bg-style-scroll container_wrap fullsize'  ><div class='container av-section-cont-open' ><main  role=\"main\" itemprop=\"mainContentOfPage\"  class='template-page content  av-content-full alpha units'><div class='post-entry post-entry-type-page post-entry-30962'><div class='entry-content-wrapper clearfix'>\n<div  class='flex_column av-add6xk-1972a486a480ff02fac1fb239c1dc36e av_one_full  avia-builder-el-1  el_before_av_one_half  avia-builder-el-first  first flex_column_div  '     ><div class=\"pxl-headline pxl-hl hl-wrap | hl-sub--off hl--align-left hl--no-margin    \">\n        <div class=\"hl-inner\">\n            <h2 class=\"hl-main hl-line |  hl_main--default  \">Ta\u015bma barierowa<\/h2>\n            \n    <\/div>\n<\/div><\/div><div  class='flex_column av-2kd41w8-d3c45ba23e39802be7ee147e410fcb29 av_one_half  avia-builder-el-3  el_after_av_one_full  el_before_av_one_half  first flex_column_div  column-top-margin'     ><section  class='av_textblock_section av-11dvvx-2fda3b51363ca4c68d6e5f503353f7f2 '   itemscope=\"itemscope\" itemtype=\"https:\/\/schema.org\/CreativeWork\" ><div class='avia_textblock'  itemprop=\"text\" ><p>Chcesz kupi\u0107 ta\u015bm\u0119 barierow\u0105 online dla swoich klient\u00f3w lub na w\u0142asne wi\u0119ksze potrzeby? Jako sprzedawca specjalizujemy si\u0119 w ta\u015bmach samoprzylepnych i ta\u015bmach barierowych. W naszym stale rosn\u0105cym asortymencie znajdziesz du\u017cy wyb\u00f3r r\u00f3\u017cnych ta\u015bm ostrzegawczych. Je\u015bli masz jakie\u015b specjalne wymagania, mo\u017cemy r\u00f3wnie\u017c <a href=\"https:\/\/cardinal-tapes.com\/pl\/opakowanie\/\">dostosowa\u0107<\/a> ta\u015bm\u0119 barierow\u0105 do Twoich potrzeb. Masz pytania dotycz\u0105ce tego tematu? W takim razie <a href=\"\/ueber-cardinal\/kontakt\/\">skontaktuj<\/a> si\u0119 z naszymi ekspertami.<\/p>\n<h4>Ta\u015bma barierowa &#8211; wiele zastosowa\u0144<\/h4>\n<p>Cel ta\u015bmy odgradzaj\u0105cej jest oczywisty: s\u0142u\u017cy ona do odgrodzenia okre\u015blonych obszar\u00f3w, tak aby osoby nieupowa\u017cnione nie mia\u0142y do nich dost\u0119pu. Typowymi przyk\u0142adami s\u0105 place budowy, miejsca wypadk\u00f3w, miejsca dochodze\u0144 policyjnych itp. Je\u015bli chcesz kupi\u0107 ta\u015bm\u0119 barierow\u0105, ale nie wiesz, czy nasze produkty s\u0105 odpowiednie do Twojego zastosowania, ch\u0119tnie Ci doradzimy.<\/p>\n<h4>Zwr\u00f3\u0107 uwag\u0119 na materia\u0142 ta\u015bm barierowych<\/h4>\n<p>Ta\u015bmy barierowe cz\u0119sto pozostaj\u0105 otwarte przez d\u0142ugi czas. Oznacza to, \u017ce musz\u0105 by\u0107 wytrzyma\u0142e i odporne na wp\u0142ywy \u015brodowiska. Niemniej jednak, materia\u0142 powinien by\u0107 przyjazny dla \u015brodowiska. Ta\u015bmy barierowe na bazie folii PE-LD s\u0105 zwykle odpowiednie do tego celu.<\/p>\n<\/div><\/section><\/div><div  class='flex_column av-22hxh2w-96870fa7f41b8e3d42a92ad17f339813 av_one_half  avia-builder-el-5  el_after_av_one_half  avia-builder-el-last  flex_column_div  column-top-margin'     ><section  class='av_textblock_section av-7jjge5-22130320851b68ee7f15493218843b69 '   itemscope=\"itemscope\" itemtype=\"https:\/\/schema.org\/CreativeWork\" ><div class='avia_textblock'  itemprop=\"text\" ><p>Do innych zastosowa\u0144, np. gdy pasy s\u0105 napr\u0119\u017cone, bardziej odpowiednie s\u0105 tworzywa sztuczne, takie jak polietylen HD. Kwestia tego, czy ta\u015bm\u0119 mo\u017cna oderwa\u0107 r\u0119cznie, r\u00f3wnie\u017c odgrywa pewn\u0105 rol\u0119. Je\u015bli wi\u0119c chcesz kupi\u0107 ta\u015bm\u0119 barierow\u0105 online, musisz wzi\u0105\u0107 pod uwag\u0119 wiele czynnik\u00f3w<\/p>\n<h4>Kolor i wymiary ta\u015bm barierowych<\/h4>\n<p>Typowe s\u0105 czarno-\u017c\u00f3\u0142te ta\u015bmy barierowe oraz czerwono-bia\u0142e ta\u015bmy barierowe. Ma to zwi\u0105zek z tym, \u017ce kolory te s\u0142u\u017c\u0105 jako kolory sygnalizacyjne. <u>Ta\u015bma sygna\u0142owa<\/u> mo\u017ce by\u0107 r\u00f3wnie\u017c bardziej odpowiednia dla danego zastosowania. Opr\u00f3cz wyboru koloru, decyduj\u0105c\u0105 rol\u0119 odgrywaj\u0105 r\u00f3wnie\u017c wymiary. Dlatego oferujemy szerok\u0105 gam\u0119 ta\u015bm barierowych w kolorze czarno-\u017c\u00f3\u0142tym i czerwono-bia\u0142ym w r\u00f3\u017cnych rozmiarach.<\/p>\n<h4>Indywidualne ta\u015bmy barierowe<\/h4>\n<p>W przypadku niekt\u00f3rych zastosowa\u0144 ta\u015bmy barierowe powinny by\u0107 przetwarzane przez monta\u017c. Mo\u017ce to na przyk\u0142ad u\u0142atwi\u0107 obs\u0142ug\u0119 w praktyce. Wykorzystujemy do tego najnowocze\u015bniejsze procesy i oferujemy indywidualnie ci\u0119te ta\u015bmy lub produkty z etykietami. Czarno-\u017c\u00f3\u0142ta lub czerwono-bia\u0142a ta\u015bma barierowa nie pasuje do Twojego zastosowania? Nast\u0119pnie zapytaj nas o inne konfiguracje kolor\u00f3w. Nasi pracownicy z niecierpliwo\u015bci\u0105 czekaj\u0105 na <a href=\"\/ueber-cardinal\/kontakt\/\">kontakt<\/a>.<\/p>\n<\/div><\/section><\/div>\n\n<\/div><\/div><\/main><!-- close content main element --><\/div><\/div><div id='av_section_2'  class='avia-section av-1nuwke0-babfb0980c8484b4ed2ac5359e585391 main_color avia-section-default avia-no-border-styling  avia-builder-el-7  el_after_av_section  avia-builder-el-last  gradient-section avia-bg-style-scroll container_wrap fullsize'  ><div class='container av-section-cont-open' ><div class='template-page content  av-content-full alpha units'><div class='post-entry post-entry-type-page post-entry-30962'><div class='entry-content-wrapper clearfix'>\n<div  class='flex_column av-1527a7s-c9dc73e716e67288f3d7e0b443273665 av_one_full  avia-builder-el-8  avia-builder-el-no-sibling  first flex_column_div  '     ><p><div class=\"pxl-headline pxl-hl hl-wrap | hl-sub--off hl--align-left hl--no-margin    \">\n        <div class=\"hl-inner\">\n            <h2 class=\"hl-main hl-line |  hl_main--default  \">Interesuj\u0105ce produkty<\/h2>\n            \n    <\/div>\n<\/div>\n<br \/>\n<div   data-autoplay=''  data-interval='5'  data-animation='fade'  data-hoverpause='1'  class='template-shop avia-content-slider avia-content-slider-active avia-product-slider1 avia-content-slider-even  avia-builder-el-10  el_after_pixel_sc_headline  el_before_av_button   shop_columns_4' ><div class='avia-content-slider-inner'><ul class=\"products slide-entry-wrap\"><li class=\"product type-product post-41934 status-publish first instock product_cat-tasma-do-znakowania-podlog product_cat-tasma-klejaca-do-tkanin product_cat-jednostronne-tasmy-samoprzylepne product_cat-folia-pvc has-post-thumbnail sale taxable shipping-taxable purchasable product-type-variable\">\n\t<div class='inner_product main_color wrapped_style noLightbox product_on_sale av-product-class-no_button'><a href=\"https:\/\/cardinal-tapes.com\/pl\/ta\u015bmy-samoprzylepne\/jednostronne-tasmy-samoprzylepne\/folia-pvc\/tasma-do-znakowania-podlog-at8\/\" class=\"woocommerce-LoopProduct-link woocommerce-loop-product__link\"><div class=\"thumbnail_container\"><img decoding=\"async\" loading=\"lazy\" width=\"450\" height=\"450\" src=\"https:\/\/cardinal-tapes.com\/wp-content\/uploads\/Advance-Tapes_AT0008_Group-450x450.jpg\" class=\"wp-image-28618 avia-img-lazy-loading-28618 attachment-shop_catalog size-shop_catalog wp-post-image\" alt=\"AT8 Ta\u015bma do znakowania pod\u0142\u00f3g - jednostronny, Folia PVC, Kauczuk naturalny - Ilustracja 28618\" srcset=\"https:\/\/cardinal-tapes.com\/wp-content\/uploads\/Advance-Tapes_AT0008_Group-450x450.jpg 450w, https:\/\/cardinal-tapes.com\/wp-content\/uploads\/Advance-Tapes_AT0008_Group-120x120.jpg 120w, https:\/\/cardinal-tapes.com\/wp-content\/uploads\/Advance-Tapes_AT0008_Group-80x80.jpg 80w, https:\/\/cardinal-tapes.com\/wp-content\/uploads\/Advance-Tapes_AT0008_Group-200x200.jpg 200w, https:\/\/cardinal-tapes.com\/wp-content\/uploads\/Advance-Tapes_AT0008_Group-36x36.jpg 36w, https:\/\/cardinal-tapes.com\/wp-content\/uploads\/Advance-Tapes_AT0008_Group-180x180.jpg 180w, https:\/\/cardinal-tapes.com\/wp-content\/uploads\/Advance-Tapes_AT0008_Group-100x100.jpg 100w, https:\/\/cardinal-tapes.com\/wp-content\/uploads\/Advance-Tapes_AT0008_Group.jpg 600w\" sizes=\"auto, (max-width: 450px) 100vw, 450px\" \/><\/div><div class='inner_product_header'><div class='avia-arrow'><\/div><div class='inner_product_header_table'><div class='inner_product_header_cell'><span class=\"is-h2 woocommerce-loop-product__title\">AT8 Ta\u015bma do znakowania pod\u0142\u00f3g<\/span>\t\t<div class=\"product-infos\">\n\t\t\t\t\t\t\t<span class='product-infos__item'><b>Pow\u0142oka:<\/b> jednostronny<\/span>\n\t\t\t\t\t\t\t\t\t\t<span class='product-infos__item'><b>Rodzaj materia\u0142u:<\/b> Folia PVC<\/span>\n\t\t\t\t\t\t\t\t\t\t<span class='product-infos__item'><b>Producent:<\/b> Advance Tapes<\/span>\n\t\t\t\t\t\t\t\t\t\t<span class='product-infos__item'><b>Cena na \u017c\u0105danie<\/b><\/span>\n\t\t\t\t\t<\/div>\n\t\n\t<span class=\"onsale\">Promocja!<\/span>\n\t<\/div><\/div><\/div><\/a><\/div><\/li>\n<li class=\"product type-product post-55298 status-publish instock product_cat-tasma-do-znakowania-podlog product_cat-tasma-klejaca-do-tkanin product_cat-jednostronne-tasmy-samoprzylepne has-post-thumbnail taxable shipping-taxable purchasable product-type-variable\">\n\t<div class='inner_product main_color wrapped_style noLightbox  av-product-class-no_button'><a href=\"https:\/\/cardinal-tapes.com\/pl\/ta\u015bmy-samoprzylepne\/obszary-zastosowan\/tasma-do-znakowania-podlog\/ca-345-pe-coated-fabric-adhesive-tape-warning-tape\/\" class=\"woocommerce-LoopProduct-link woocommerce-loop-product__link\"><div class=\"thumbnail_container\"><img decoding=\"async\" loading=\"lazy\" width=\"450\" height=\"450\" src=\"https:\/\/cardinal-tapes.com\/wp-content\/uploads\/CA_345_retouched-450x450.jpg\" class=\"wp-image-27118 avia-img-lazy-loading-27118 attachment-shop_catalog size-shop_catalog wp-post-image\" alt=\"CA-345 Ta\u015bma samoprzylepna z tkaniny powlekanej PE - Ta\u015bma ostrzegawcza- - jednostronny, Tkanina, Kauczuk naturalny - Ilustracja 27118\" srcset=\"https:\/\/cardinal-tapes.com\/wp-content\/uploads\/CA_345_retouched-450x450.jpg 450w, https:\/\/cardinal-tapes.com\/wp-content\/uploads\/CA_345_retouched-120x120.jpg 120w, https:\/\/cardinal-tapes.com\/wp-content\/uploads\/CA_345_retouched-80x80.jpg 80w, https:\/\/cardinal-tapes.com\/wp-content\/uploads\/CA_345_retouched-36x36.jpg 36w, https:\/\/cardinal-tapes.com\/wp-content\/uploads\/CA_345_retouched-180x180.jpg 180w, https:\/\/cardinal-tapes.com\/wp-content\/uploads\/CA_345_retouched-100x100.jpg 100w\" sizes=\"auto, (max-width: 450px) 100vw, 450px\" \/><\/div><div class='inner_product_header'><div class='avia-arrow'><\/div><div class='inner_product_header_table'><div class='inner_product_header_cell'><span class=\"is-h2 woocommerce-loop-product__title\">CA-345 Ta\u015bma samoprzylepna z tkaniny powlekanej PE &#8211; Ta\u015bma ostrzegawcza-<\/span>\t\t<div class=\"product-infos\">\n\t\t\t\t\t\t\t<span class='product-infos__item'><b>Pow\u0142oka:<\/b> jednostronny<\/span>\n\t\t\t\t\t\t\t\t\t\t<span class='product-infos__item'><b>Rodzaj materia\u0142u:<\/b> Tkanina<\/span>\n\t\t\t\t\t\t\t\t\t\t<span class='product-infos__item'><b>Producent:<\/b> cardinal GmbH<\/span>\n\t\t\t\t\t\t\t\t\t\t<span class='product-infos__item'><b>Cena na \u017c\u0105danie<\/b><\/span>\n\t\t\t\t\t<\/div>\n\t<\/div><\/div><\/div><\/a><\/div><\/li>\n<li class=\"product type-product post-55311 status-publish instock product_cat-tasma-do-znakowania-podlog product_cat-jednostronne-tasmy-samoprzylepne has-post-thumbnail taxable shipping-taxable purchasable product-type-variable\">\n\t<div class='inner_product main_color wrapped_style noLightbox  av-product-class-no_button'><a href=\"https:\/\/cardinal-tapes.com\/pl\/ta\u015bmy-samoprzylepne\/obszary-zastosowan\/tasma-do-znakowania-podlog\/ca-537-oznakowanie-podlogi-przylepna-tasma-pvc\/\" class=\"woocommerce-LoopProduct-link woocommerce-loop-product__link\"><div class=\"thumbnail_container\"><img decoding=\"async\" loading=\"lazy\" width=\"450\" height=\"450\" src=\"https:\/\/cardinal-tapes.com\/wp-content\/uploads\/CA_Mix02_01-450x450.jpg\" class=\"wp-image-26938 avia-img-lazy-loading-26938 attachment-shop_catalog size-shop_catalog wp-post-image\" alt=\"Ta\u015bma do znakowania pod\u0142\u00f3g CA-537 PVC - jednostronny, Folia PVC, Kauczuk naturalny - Ilustracja 26938\" srcset=\"https:\/\/cardinal-tapes.com\/wp-content\/uploads\/CA_Mix02_01-450x450.jpg 450w, https:\/\/cardinal-tapes.com\/wp-content\/uploads\/CA_Mix02_01-120x120.jpg 120w, https:\/\/cardinal-tapes.com\/wp-content\/uploads\/CA_Mix02_01-80x80.jpg 80w, https:\/\/cardinal-tapes.com\/wp-content\/uploads\/CA_Mix02_01-36x36.jpg 36w, https:\/\/cardinal-tapes.com\/wp-content\/uploads\/CA_Mix02_01-180x180.jpg 180w, https:\/\/cardinal-tapes.com\/wp-content\/uploads\/CA_Mix02_01-100x100.jpg 100w\" sizes=\"auto, (max-width: 450px) 100vw, 450px\" \/><\/div><div class='inner_product_header'><div class='avia-arrow'><\/div><div class='inner_product_header_table'><div class='inner_product_header_cell'><span class=\"is-h2 woocommerce-loop-product__title\">Ta\u015bma do znakowania pod\u0142\u00f3g CA-537 PVC<\/span>\t\t<div class=\"product-infos\">\n\t\t\t\t\t\t\t<span class='product-infos__item'><b>Pow\u0142oka:<\/b> jednostronny<\/span>\n\t\t\t\t\t\t\t\t\t\t<span class='product-infos__item'><b>Rodzaj materia\u0142u:<\/b> Folia PVC<\/span>\n\t\t\t\t\t\t\t\t\t\t<span class='product-infos__item'><b>Producent:<\/b> cardinal GmbH<\/span>\n\t\t\t\t\t\t\t\t\t\t<span class='product-infos__item'><b>Cena na \u017c\u0105danie<\/b><\/span>\n\t\t\t\t\t<\/div>\n\t<\/div><\/div><\/div><\/a><\/div><\/li>\n<li class=\"product type-product post-46008 status-publish last instock product_cat-jednostronne-tasmy-samoprzylepne product_cat-systemy-pakowania product_cat-tasma-do-znakowania-podlog has-post-thumbnail taxable shipping-taxable purchasable product-type-simple\">\n\t<div class='inner_product main_color wrapped_style noLightbox  av-product-class-no_button'><a href=\"https:\/\/cardinal-tapes.com\/pl\/ta\u015bmy-samoprzylepne\/obszary-zastosowan\/tasma-do-znakowania-podlog\/ca-3071-unroller-floor-marking-tape\/\" class=\"woocommerce-LoopProduct-link woocommerce-loop-product__link\"><div class=\"thumbnail_container\"><img decoding=\"async\" loading=\"lazy\" width=\"450\" height=\"450\" src=\"https:\/\/cardinal-tapes.com\/wp-content\/uploads\/Bild-2-Verarbeitsger\u00e4t-Bodenmarkierung-450x450.jpg\" class=\"wp-image-26994 avia-img-lazy-loading-26994 attachment-shop_catalog size-shop_catalog wp-post-image\" alt=\"CA-3071 Odwijacz do ta\u015bmy do znakowania pod\u0142\u00f3g - , Metal,  - Ilustracja 26994\" srcset=\"https:\/\/cardinal-tapes.com\/wp-content\/uploads\/Bild-2-Verarbeitsger\u00e4t-Bodenmarkierung-450x450.jpg 450w, https:\/\/cardinal-tapes.com\/wp-content\/uploads\/Bild-2-Verarbeitsger\u00e4t-Bodenmarkierung-120x120.jpg 120w, https:\/\/cardinal-tapes.com\/wp-content\/uploads\/Bild-2-Verarbeitsger\u00e4t-Bodenmarkierung-80x80.jpg 80w, https:\/\/cardinal-tapes.com\/wp-content\/uploads\/Bild-2-Verarbeitsger\u00e4t-Bodenmarkierung-200x200.jpg 200w, https:\/\/cardinal-tapes.com\/wp-content\/uploads\/Bild-2-Verarbeitsger\u00e4t-Bodenmarkierung-768x768.jpg 768w, https:\/\/cardinal-tapes.com\/wp-content\/uploads\/Bild-2-Verarbeitsger\u00e4t-Bodenmarkierung-1030x1030.jpg 1030w, https:\/\/cardinal-tapes.com\/wp-content\/uploads\/Bild-2-Verarbeitsger\u00e4t-Bodenmarkierung-1536x1536.jpg 1536w, https:\/\/cardinal-tapes.com\/wp-content\/uploads\/Bild-2-Verarbeitsger\u00e4t-Bodenmarkierung-36x36.jpg 36w, https:\/\/cardinal-tapes.com\/wp-content\/uploads\/Bild-2-Verarbeitsger\u00e4t-Bodenmarkierung-180x180.jpg 180w, https:\/\/cardinal-tapes.com\/wp-content\/uploads\/Bild-2-Verarbeitsger\u00e4t-Bodenmarkierung-1500x1500.jpg 1500w, https:\/\/cardinal-tapes.com\/wp-content\/uploads\/Bild-2-Verarbeitsger\u00e4t-Bodenmarkierung-705x705.jpg 705w, https:\/\/cardinal-tapes.com\/wp-content\/uploads\/Bild-2-Verarbeitsger\u00e4t-Bodenmarkierung-100x100.jpg 100w, https:\/\/cardinal-tapes.com\/wp-content\/uploads\/Bild-2-Verarbeitsger\u00e4t-Bodenmarkierung.jpg 1722w\" sizes=\"auto, (max-width: 450px) 100vw, 450px\" \/><span class=\"cart-loading\"><\/span><\/div><div class='inner_product_header'><div class='avia-arrow'><\/div><div class='inner_product_header_table'><div class='inner_product_header_cell'><span class=\"is-h2 woocommerce-loop-product__title\">CA-3071 Odwijacz do ta\u015bmy do znakowania pod\u0142\u00f3g<\/span>\t\t<div class=\"product-infos\">\n\t\t\t\t\t\t\t\t\t\t<span class='product-infos__item'><b>Rodzaj materia\u0142u:<\/b> Metal<\/span>\n\t\t\t\t\t\t\t\t\t\t<span class='product-infos__item'><b>Producent:<\/b> cardinal GmbH<\/span>\n\t\t\t\t\t\t\t\t\t\t<span class='product-infos__item'><b>Cena na \u017c\u0105danie<\/b><\/span>\n\t\t\t\t\t<\/div>\n\t<\/div><\/div><\/div><\/a><\/div><\/li>\n<\/ul><\/div><\/div><div class=\"clear\"><\/div><br \/>\n<div  class='avia-button-wrap av-lislfeqp-f2f15fdb55ed084a7d7e6b7a66cbed35-wrap avia-button-left '><a href='https:\/\/cardinal-tapes.com\/klebebaender\/'  class='avia-button av-lislfeqp-f2f15fdb55ed084a7d7e6b7a66cbed35 avia-icon_select-no avia-size-medium avia-position-left avia-color-theme-color layout-border color-white'  ><span class='avia_iconbox_title' >Wszystkie produkty<\/span><\/a><\/div><\/p><\/div>\n","protected":false},"excerpt":{"rendered":"","protected":false},"author":1,"featured_media":0,"parent":30844,"menu_order":20,"comment_status":"closed","ping_status":"closed","template":"","meta":{"_acf_changed":false,"footnotes":""},"class_list":["post-30962","page","type-page","status-publish","hentry"],"acf":[],"yoast_head":"<!-- This site is optimized with the Yoast SEO plugin v27.3 - https:\/\/yoast.com\/product\/yoast-seo-wordpress\/ -->\n<title>Kup ta\u015bm\u0119 barierow\u0105 online - du\u017cy asortyment ta\u015bm kardynalnych<\/title>\n<meta name=\"description\" content=\"Kup ta\u015bm\u0119 barierow\u0105 online \u2713 Ta\u015bma barierowa czerwono-bia\u0142a \u2713 Ta\u015bma barierowa czarno-\u017c\u00f3\u0142ta \u2713 R\u00f3\u017cne rozmiary \u2713 Poszczeg\u00f3lne ta\u015bmy barierowe do r\u00f3\u017cnych zastosowa\u0144 \u2713\" \/>\n<meta name=\"robots\" content=\"index, follow, max-snippet:-1, max-image-preview:large, max-video-preview:-1\" \/>\n<link rel=\"canonical\" href=\"https:\/\/cardinal-tapes.com\/pl\/tasmy-samoprzylepne-pl\/tasma-klejaca-abc\/tasma-barierowa\/\" \/>\n<meta property=\"og:locale\" content=\"pl_PL\" \/>\n<meta property=\"og:type\" content=\"article\" \/>\n<meta property=\"og:title\" content=\"Kup ta\u015bm\u0119 barierow\u0105 online - du\u017cy asortyment ta\u015bm kardynalnych\" \/>\n<meta property=\"og:description\" content=\"Kup ta\u015bm\u0119 barierow\u0105 online \u2713 Ta\u015bma barierowa czerwono-bia\u0142a \u2713 Ta\u015bma barierowa czarno-\u017c\u00f3\u0142ta \u2713 R\u00f3\u017cne rozmiary \u2713 Poszczeg\u00f3lne ta\u015bmy barierowe do r\u00f3\u017cnych zastosowa\u0144 \u2713\" \/>\n<meta property=\"og:url\" content=\"https:\/\/cardinal-tapes.com\/pl\/tasmy-samoprzylepne-pl\/tasma-klejaca-abc\/tasma-barierowa\/\" \/>\n<meta property=\"og:site_name\" content=\"cardinal TAPES\" \/>\n<meta property=\"article:modified_time\" content=\"2023-06-14T08:47:10+00:00\" \/>\n<meta name=\"twitter:card\" content=\"summary_large_image\" \/>\n<meta name=\"twitter:label1\" content=\"Szacowany czas czytania\" \/>\n\t<meta name=\"twitter:data1\" content=\"15 minut\" \/>\n<script type=\"application\/ld+json\" class=\"yoast-schema-graph\">{\"@context\":\"https:\\\/\\\/schema.org\",\"@graph\":[{\"@type\":\"WebPage\",\"@id\":\"https:\\\/\\\/cardinal-tapes.com\\\/pl\\\/tasmy-samoprzylepne-pl\\\/tasma-klejaca-abc\\\/tasma-barierowa\\\/\",\"url\":\"https:\\\/\\\/cardinal-tapes.com\\\/pl\\\/tasmy-samoprzylepne-pl\\\/tasma-klejaca-abc\\\/tasma-barierowa\\\/\",\"name\":\"Kup ta\u015bm\u0119 barierow\u0105 online - du\u017cy asortyment ta\u015bm kardynalnych\",\"isPartOf\":{\"@id\":\"https:\\\/\\\/cardinal-tapes.com\\\/#website\"},\"datePublished\":\"2023-06-02T08:59:06+00:00\",\"dateModified\":\"2023-06-14T08:47:10+00:00\",\"description\":\"Kup ta\u015bm\u0119 barierow\u0105 online \u2713 Ta\u015bma barierowa czerwono-bia\u0142a \u2713 Ta\u015bma barierowa czarno-\u017c\u00f3\u0142ta \u2713 R\u00f3\u017cne rozmiary \u2713 Poszczeg\u00f3lne ta\u015bmy barierowe do r\u00f3\u017cnych zastosowa\u0144 \u2713\",\"breadcrumb\":{\"@id\":\"https:\\\/\\\/cardinal-tapes.com\\\/pl\\\/tasmy-samoprzylepne-pl\\\/tasma-klejaca-abc\\\/tasma-barierowa\\\/#breadcrumb\"},\"inLanguage\":\"pl-PL\",\"potentialAction\":[{\"@type\":\"ReadAction\",\"target\":[\"https:\\\/\\\/cardinal-tapes.com\\\/pl\\\/tasmy-samoprzylepne-pl\\\/tasma-klejaca-abc\\\/tasma-barierowa\\\/\"]}]},{\"@type\":\"BreadcrumbList\",\"@id\":\"https:\\\/\\\/cardinal-tapes.com\\\/pl\\\/tasmy-samoprzylepne-pl\\\/tasma-klejaca-abc\\\/tasma-barierowa\\\/#breadcrumb\",\"itemListElement\":[{\"@type\":\"ListItem\",\"position\":1,\"name\":\"Startseite\",\"item\":\"https:\\\/\\\/cardinal-tapes.com\\\/pl\\\/strona-glowna\\\/\"},{\"@type\":\"ListItem\",\"position\":2,\"name\":\"Ta\u015bmy samoprzylepne\",\"item\":\"https:\\\/\\\/cardinal-tapes.com\\\/pl\\\/tasmy-samoprzylepne-pl\\\/\"},{\"@type\":\"ListItem\",\"position\":3,\"name\":\"Ta\u015bma klej\u0105ca ABC\",\"item\":\"https:\\\/\\\/cardinal-tapes.com\\\/pl\\\/tasmy-samoprzylepne-pl__trashed\\\/tasma-klejaca-abc\\\/\"},{\"@type\":\"ListItem\",\"position\":4,\"name\":\"Ta\u015bma barierowa\"}]},{\"@type\":\"WebSite\",\"@id\":\"https:\\\/\\\/cardinal-tapes.com\\\/#website\",\"url\":\"https:\\\/\\\/cardinal-tapes.com\\\/\",\"name\":\"cardinal TAPES\",\"description\":\"Klebetechnik aus Wuppertal\",\"potentialAction\":[{\"@type\":\"SearchAction\",\"target\":{\"@type\":\"EntryPoint\",\"urlTemplate\":\"https:\\\/\\\/cardinal-tapes.com\\\/?s={search_term_string}\"},\"query-input\":{\"@type\":\"PropertyValueSpecification\",\"valueRequired\":true,\"valueName\":\"search_term_string\"}}],\"inLanguage\":\"pl-PL\"}]}<\/script>\n<!-- \/ Yoast SEO plugin. -->","yoast_head_json":{"title":"Kup ta\u015bm\u0119 barierow\u0105 online - du\u017cy asortyment ta\u015bm kardynalnych","description":"Kup ta\u015bm\u0119 barierow\u0105 online \u2713 Ta\u015bma barierowa czerwono-bia\u0142a \u2713 Ta\u015bma barierowa czarno-\u017c\u00f3\u0142ta \u2713 R\u00f3\u017cne rozmiary \u2713 Poszczeg\u00f3lne ta\u015bmy barierowe do r\u00f3\u017cnych zastosowa\u0144 \u2713","robots":{"index":"index","follow":"follow","max-snippet":"max-snippet:-1","max-image-preview":"max-image-preview:large","max-video-preview":"max-video-preview:-1"},"canonical":"https:\/\/cardinal-tapes.com\/pl\/tasmy-samoprzylepne-pl\/tasma-klejaca-abc\/tasma-barierowa\/","og_locale":"pl_PL","og_type":"article","og_title":"Kup ta\u015bm\u0119 barierow\u0105 online - du\u017cy asortyment ta\u015bm kardynalnych","og_description":"Kup ta\u015bm\u0119 barierow\u0105 online \u2713 Ta\u015bma barierowa czerwono-bia\u0142a \u2713 Ta\u015bma barierowa czarno-\u017c\u00f3\u0142ta \u2713 R\u00f3\u017cne rozmiary \u2713 Poszczeg\u00f3lne ta\u015bmy barierowe do r\u00f3\u017cnych zastosowa\u0144 \u2713","og_url":"https:\/\/cardinal-tapes.com\/pl\/tasmy-samoprzylepne-pl\/tasma-klejaca-abc\/tasma-barierowa\/","og_site_name":"cardinal TAPES","article_modified_time":"2023-06-14T08:47:10+00:00","twitter_card":"summary_large_image","twitter_misc":{"Szacowany czas czytania":"15 minut"},"schema":{"@context":"https:\/\/schema.org","@graph":[{"@type":"WebPage","@id":"https:\/\/cardinal-tapes.com\/pl\/tasmy-samoprzylepne-pl\/tasma-klejaca-abc\/tasma-barierowa\/","url":"https:\/\/cardinal-tapes.com\/pl\/tasmy-samoprzylepne-pl\/tasma-klejaca-abc\/tasma-barierowa\/","name":"Kup ta\u015bm\u0119 barierow\u0105 online - du\u017cy asortyment ta\u015bm kardynalnych","isPartOf":{"@id":"https:\/\/cardinal-tapes.com\/#website"},"datePublished":"2023-06-02T08:59:06+00:00","dateModified":"2023-06-14T08:47:10+00:00","description":"Kup ta\u015bm\u0119 barierow\u0105 online \u2713 Ta\u015bma barierowa czerwono-bia\u0142a \u2713 Ta\u015bma barierowa czarno-\u017c\u00f3\u0142ta \u2713 R\u00f3\u017cne rozmiary \u2713 Poszczeg\u00f3lne ta\u015bmy barierowe do r\u00f3\u017cnych zastosowa\u0144 \u2713","breadcrumb":{"@id":"https:\/\/cardinal-tapes.com\/pl\/tasmy-samoprzylepne-pl\/tasma-klejaca-abc\/tasma-barierowa\/#breadcrumb"},"inLanguage":"pl-PL","potentialAction":[{"@type":"ReadAction","target":["https:\/\/cardinal-tapes.com\/pl\/tasmy-samoprzylepne-pl\/tasma-klejaca-abc\/tasma-barierowa\/"]}]},{"@type":"BreadcrumbList","@id":"https:\/\/cardinal-tapes.com\/pl\/tasmy-samoprzylepne-pl\/tasma-klejaca-abc\/tasma-barierowa\/#breadcrumb","itemListElement":[{"@type":"ListItem","position":1,"name":"Startseite","item":"https:\/\/cardinal-tapes.com\/pl\/strona-glowna\/"},{"@type":"ListItem","position":2,"name":"Ta\u015bmy samoprzylepne","item":"https:\/\/cardinal-tapes.com\/pl\/tasmy-samoprzylepne-pl\/"},{"@type":"ListItem","position":3,"name":"Ta\u015bma klej\u0105ca ABC","item":"https:\/\/cardinal-tapes.com\/pl\/tasmy-samoprzylepne-pl__trashed\/tasma-klejaca-abc\/"},{"@type":"ListItem","position":4,"name":"Ta\u015bma barierowa"}]},{"@type":"WebSite","@id":"https:\/\/cardinal-tapes.com\/#website","url":"https:\/\/cardinal-tapes.com\/","name":"cardinal TAPES","description":"Klebetechnik aus Wuppertal","potentialAction":[{"@type":"SearchAction","target":{"@type":"EntryPoint","urlTemplate":"https:\/\/cardinal-tapes.com\/?s={search_term_string}"},"query-input":{"@type":"PropertyValueSpecification","valueRequired":true,"valueName":"search_term_string"}}],"inLanguage":"pl-PL"}]}},"_links":{"self":[{"href":"https:\/\/cardinal-tapes.com\/pl\/wp-json\/wp\/v2\/pages\/30962","targetHints":{"allow":["GET"]}}],"collection":[{"href":"https:\/\/cardinal-tapes.com\/pl\/wp-json\/wp\/v2\/pages"}],"about":[{"href":"https:\/\/cardinal-tapes.com\/pl\/wp-json\/wp\/v2\/types\/page"}],"author":[{"embeddable":true,"href":"https:\/\/cardinal-tapes.com\/pl\/wp-json\/wp\/v2\/users\/1"}],"replies":[{"embeddable":true,"href":"https:\/\/cardinal-tapes.com\/pl\/wp-json\/wp\/v2\/comments?post=30962"}],"version-history":[{"count":0,"href":"https:\/\/cardinal-tapes.com\/pl\/wp-json\/wp\/v2\/pages\/30962\/revisions"}],"up":[{"embeddable":true,"href":"https:\/\/cardinal-tapes.com\/pl\/wp-json\/wp\/v2\/pages\/30844"}],"wp:attachment":[{"href":"https:\/\/cardinal-tapes.com\/pl\/wp-json\/wp\/v2\/media?parent=30962"}],"curies":[{"name":"wp","href":"https:\/\/api.w.org\/{rel}","templated":true}]}}