{"id":30859,"date":"2023-06-02T10:59:04","date_gmt":"2023-06-02T08:59:04","guid":{"rendered":"https:\/\/cardinal.pixel-tal.de\/tasmy-samoprzylepne\/tasma-klejaca-abc\/filmy-pa\/"},"modified":"2023-06-02T11:11:53","modified_gmt":"2023-06-02T09:11:53","slug":"filmy-pa","status":"publish","type":"page","link":"https:\/\/cardinal-tapes.com\/pl\/tasmy-samoprzylepne-pl\/tasma-klejaca-abc\/filmy-pa\/","title":{"rendered":"Filmy PA"},"content":{"rendered":"<div id='av_section_1'  class='avia-section av-711h10-9e738d75133c7a93f1ca94d4a0634a61 alternate_color avia-section-default avia-no-border-styling  avia-builder-el-0  avia-builder-el-no-sibling  avia-bg-style-scroll container_wrap fullsize'  ><div class='container av-section-cont-open' ><main  role=\"main\" itemprop=\"mainContentOfPage\"  class='template-page content  av-content-full alpha units'><div class='post-entry post-entry-type-page post-entry-30859'><div class='entry-content-wrapper clearfix'>\n<div  class='flex_column av-1ph4qt0-d1844c0d98824c3056598db64795cdf1 av_one_full  avia-builder-el-1  el_before_av_one_half  avia-builder-el-first  first flex_column_div  '     ><div class=\"pxl-headline pxl-hl hl-wrap | hl-sub--off hl--align-left hl--no-margin    \">\n        <div class=\"hl-inner\">\n            <h2 class=\"hl-main hl-line |  hl_main--default  \">Folie PA - liczne zalety klej\u00f3w na bazie poliamidu<\/h2>\n            \n    <\/div>\n<\/div><\/div><div  class='flex_column av-1cwvvp0-1d9e311a37bd522e4e595c61c5c5c024 av_one_half  avia-builder-el-3  el_after_av_one_full  el_before_av_one_half  first flex_column_div  column-top-margin'     ><section  class='av_textblock_section av-22jw6tw-c0c382d5e2410762c78a592d436d1ddc '   itemscope=\"itemscope\" itemtype=\"https:\/\/schema.org\/CreativeWork\" ><div class='avia_textblock'  itemprop=\"text\" ><p>Folie poliamidowe lub PA maj\u0105 bardzo wysok\u0105 odporno\u015b\u0107 na ciep\u0142o i s\u0105 wyj\u0105tkowo odporne na rozdarcia. Do tego dochodzi dobra odporno\u015b\u0107 na \u015bcieranie, na przyk\u0142ad w przypadku ta\u015bm samoprzylepnych z tkanin\u0105 PA i welurem PA, kt\u00f3re nale\u017c\u0105 do najwy\u017cszej klasy \u015bcieralno\u015bci (zgodnie z LV 312). Folie poliamidowe s\u0105 cz\u0119sto stosowane w przemy\u015ble elektrycznym.<\/p>\n<h4>Folie PA &#8211; Zalety klej\u00f3w na bazie poliamidu<\/h4>\n<p>Zalety folii poliamidowych lub PA s\u0105 liczne. Klej PA charakteryzuje si\u0119 nie tylko wytrzyma\u0142o\u015bci\u0105 mechaniczn\u0105. Ponadto charakteryzuje si\u0119 wysok\u0105 odporno\u015bci\u0105 na dzia\u0142anie wysokich temperatur. Jednocze\u015bnie jednak zachowanie w niskich temperaturach jest doskona\u0142e. Dzi\u0119ki temu folie PA spe\u0142niaj\u0105 wymagania wielu bran\u017c w zakresie wysokich temperatur. Podobnie, kleje na bazie poliamidu s\u0105 wysoce odporne na wiele chemikali\u00f3w i plastyfikator\u00f3w.<\/p>\n<\/div><\/section><\/div><div  class='flex_column av-imr71w-0a6f4cd8b92d1fca86c5468dea2407a5 av_one_half  avia-builder-el-5  el_after_av_one_half  avia-builder-el-last  flex_column_div  column-top-margin'     ><section  class='av_textblock_section av-14djx84-b82a2fab55f8b79fcd892d0e6fd3ddf7 '   itemscope=\"itemscope\" itemtype=\"https:\/\/schema.org\/CreativeWork\" ><div class='avia_textblock small'  itemprop=\"text\" ><h4>Folie PA &#8211; Klej poliamidowy jest stosowany w nast\u0119puj\u0105cych bran\u017cach<\/h4>\n<p>Ze wzgl\u0119du na swoje cenne w\u0142a\u015bciwo\u015bci adhezyjne, folie PA s\u0105 stosowane w wielu ga\u0142\u0119ziach przemys\u0142u. Na przyk\u0142ad w przemy\u015ble elektrycznym, budowlanym i motoryzacyjnym stosuje si\u0119 kleje na bazie poliamidu. Nie wiesz, czy nasze folie PA s\u0105 odpowiednie dla Twojej bran\u017cy? W takim razie zapytaj o to naszych ekspert\u00f3w i skontaktuj si\u0119 z nami od razu. R\u00f3wnie\u017c interesuj\u0105ce: Oferujemy r\u00f3\u017cne opcje tworzenia produkt\u00f3w zgodnie z Twoimi potrzebami.<\/p>\n<\/div><\/section><\/div>\n\n","protected":false},"excerpt":{"rendered":"","protected":false},"author":1,"featured_media":0,"parent":30844,"menu_order":1,"comment_status":"closed","ping_status":"closed","template":"","meta":{"_acf_changed":false,"footnotes":""},"class_list":["post-30859","page","type-page","status-publish","hentry"],"acf":[],"yoast_head":"<!-- This site is optimized with the Yoast SEO plugin v27.3 - https:\/\/yoast.com\/product\/yoast-seo-wordpress\/ -->\n<title>Folie PA - liczne zalety klej\u00f3w<\/title>\n<meta name=\"description\" content=\"Folie poliamidowe lub PA maj\u0105 bardzo wysok\u0105 odporno\u015b\u0107 na ciep\u0142o i s\u0105 wyj\u0105tkowo odporne na rozdarcia. Dowiedz si\u0119 wi\u0119cej o wysokowydajnym kleju.\" \/>\n<meta name=\"robots\" content=\"index, follow, max-snippet:-1, max-image-preview:large, max-video-preview:-1\" \/>\n<link rel=\"canonical\" href=\"https:\/\/cardinal-tapes.com\/pl\/tasmy-samoprzylepne-pl__trashed\/tasma-klejaca-abc\/filmy-pa\/\" \/>\n<meta property=\"og:locale\" content=\"pl_PL\" \/>\n<meta property=\"og:type\" content=\"article\" \/>\n<meta property=\"og:title\" content=\"Folie PA - liczne zalety klej\u00f3w\" \/>\n<meta property=\"og:description\" content=\"Folie poliamidowe lub PA maj\u0105 bardzo wysok\u0105 odporno\u015b\u0107 na ciep\u0142o i s\u0105 wyj\u0105tkowo odporne na rozdarcia. Dowiedz si\u0119 wi\u0119cej o wysokowydajnym kleju.\" \/>\n<meta property=\"og:url\" content=\"https:\/\/cardinal-tapes.com\/pl\/tasmy-samoprzylepne-pl__trashed\/tasma-klejaca-abc\/filmy-pa\/\" \/>\n<meta property=\"og:site_name\" content=\"cardinal TAPES\" \/>\n<meta property=\"article:modified_time\" content=\"2023-06-02T09:11:53+00:00\" \/>\n<meta name=\"twitter:card\" content=\"summary_large_image\" \/>\n<meta name=\"twitter:label1\" content=\"Szacowany czas czytania\" \/>\n\t<meta name=\"twitter:data1\" content=\"9 minut\" \/>\n<script type=\"application\/ld+json\" class=\"yoast-schema-graph\">{\"@context\":\"https:\\\/\\\/schema.org\",\"@graph\":[{\"@type\":\"WebPage\",\"@id\":\"https:\\\/\\\/cardinal-tapes.com\\\/pl\\\/tasmy-samoprzylepne-pl__trashed\\\/tasma-klejaca-abc\\\/filmy-pa\\\/\",\"url\":\"https:\\\/\\\/cardinal-tapes.com\\\/pl\\\/tasmy-samoprzylepne-pl__trashed\\\/tasma-klejaca-abc\\\/filmy-pa\\\/\",\"name\":\"Folie PA - liczne zalety klej\u00f3w\",\"isPartOf\":{\"@id\":\"https:\\\/\\\/cardinal-tapes.com\\\/#website\"},\"datePublished\":\"2023-06-02T08:59:04+00:00\",\"dateModified\":\"2023-06-02T09:11:53+00:00\",\"description\":\"Folie poliamidowe lub PA maj\u0105 bardzo wysok\u0105 odporno\u015b\u0107 na ciep\u0142o i s\u0105 wyj\u0105tkowo odporne na rozdarcia. Dowiedz si\u0119 wi\u0119cej o wysokowydajnym kleju.\",\"breadcrumb\":{\"@id\":\"https:\\\/\\\/cardinal-tapes.com\\\/pl\\\/tasmy-samoprzylepne-pl__trashed\\\/tasma-klejaca-abc\\\/filmy-pa\\\/#breadcrumb\"},\"inLanguage\":\"pl-PL\",\"potentialAction\":[{\"@type\":\"ReadAction\",\"target\":[\"https:\\\/\\\/cardinal-tapes.com\\\/pl\\\/tasmy-samoprzylepne-pl__trashed\\\/tasma-klejaca-abc\\\/filmy-pa\\\/\"]}]},{\"@type\":\"BreadcrumbList\",\"@id\":\"https:\\\/\\\/cardinal-tapes.com\\\/pl\\\/tasmy-samoprzylepne-pl__trashed\\\/tasma-klejaca-abc\\\/filmy-pa\\\/#breadcrumb\",\"itemListElement\":[{\"@type\":\"ListItem\",\"position\":1,\"name\":\"Startseite\",\"item\":\"https:\\\/\\\/cardinal-tapes.com\\\/pl\\\/strona-glowna\\\/\"},{\"@type\":\"ListItem\",\"position\":2,\"name\":\"Ta\u015bma klej\u0105ca ABC\",\"item\":\"https:\\\/\\\/cardinal-tapes.com\\\/pl\\\/tasmy-samoprzylepne-pl__trashed\\\/tasma-klejaca-abc\\\/\"},{\"@type\":\"ListItem\",\"position\":3,\"name\":\"Filmy PA\"}]},{\"@type\":\"WebSite\",\"@id\":\"https:\\\/\\\/cardinal-tapes.com\\\/#website\",\"url\":\"https:\\\/\\\/cardinal-tapes.com\\\/\",\"name\":\"cardinal TAPES\",\"description\":\"Klebetechnik aus Wuppertal\",\"potentialAction\":[{\"@type\":\"SearchAction\",\"target\":{\"@type\":\"EntryPoint\",\"urlTemplate\":\"https:\\\/\\\/cardinal-tapes.com\\\/?s={search_term_string}\"},\"query-input\":{\"@type\":\"PropertyValueSpecification\",\"valueRequired\":true,\"valueName\":\"search_term_string\"}}],\"inLanguage\":\"pl-PL\"}]}<\/script>\n<!-- \/ Yoast SEO plugin. -->","yoast_head_json":{"title":"Folie PA - liczne zalety klej\u00f3w","description":"Folie poliamidowe lub PA maj\u0105 bardzo wysok\u0105 odporno\u015b\u0107 na ciep\u0142o i s\u0105 wyj\u0105tkowo odporne na rozdarcia. Dowiedz si\u0119 wi\u0119cej o wysokowydajnym kleju.","robots":{"index":"index","follow":"follow","max-snippet":"max-snippet:-1","max-image-preview":"max-image-preview:large","max-video-preview":"max-video-preview:-1"},"canonical":"https:\/\/cardinal-tapes.com\/pl\/tasmy-samoprzylepne-pl__trashed\/tasma-klejaca-abc\/filmy-pa\/","og_locale":"pl_PL","og_type":"article","og_title":"Folie PA - liczne zalety klej\u00f3w","og_description":"Folie poliamidowe lub PA maj\u0105 bardzo wysok\u0105 odporno\u015b\u0107 na ciep\u0142o i s\u0105 wyj\u0105tkowo odporne na rozdarcia. Dowiedz si\u0119 wi\u0119cej o wysokowydajnym kleju.","og_url":"https:\/\/cardinal-tapes.com\/pl\/tasmy-samoprzylepne-pl__trashed\/tasma-klejaca-abc\/filmy-pa\/","og_site_name":"cardinal TAPES","article_modified_time":"2023-06-02T09:11:53+00:00","twitter_card":"summary_large_image","twitter_misc":{"Szacowany czas czytania":"9 minut"},"schema":{"@context":"https:\/\/schema.org","@graph":[{"@type":"WebPage","@id":"https:\/\/cardinal-tapes.com\/pl\/tasmy-samoprzylepne-pl__trashed\/tasma-klejaca-abc\/filmy-pa\/","url":"https:\/\/cardinal-tapes.com\/pl\/tasmy-samoprzylepne-pl__trashed\/tasma-klejaca-abc\/filmy-pa\/","name":"Folie PA - liczne zalety klej\u00f3w","isPartOf":{"@id":"https:\/\/cardinal-tapes.com\/#website"},"datePublished":"2023-06-02T08:59:04+00:00","dateModified":"2023-06-02T09:11:53+00:00","description":"Folie poliamidowe lub PA maj\u0105 bardzo wysok\u0105 odporno\u015b\u0107 na ciep\u0142o i s\u0105 wyj\u0105tkowo odporne na rozdarcia. Dowiedz si\u0119 wi\u0119cej o wysokowydajnym kleju.","breadcrumb":{"@id":"https:\/\/cardinal-tapes.com\/pl\/tasmy-samoprzylepne-pl__trashed\/tasma-klejaca-abc\/filmy-pa\/#breadcrumb"},"inLanguage":"pl-PL","potentialAction":[{"@type":"ReadAction","target":["https:\/\/cardinal-tapes.com\/pl\/tasmy-samoprzylepne-pl__trashed\/tasma-klejaca-abc\/filmy-pa\/"]}]},{"@type":"BreadcrumbList","@id":"https:\/\/cardinal-tapes.com\/pl\/tasmy-samoprzylepne-pl__trashed\/tasma-klejaca-abc\/filmy-pa\/#breadcrumb","itemListElement":[{"@type":"ListItem","position":1,"name":"Startseite","item":"https:\/\/cardinal-tapes.com\/pl\/strona-glowna\/"},{"@type":"ListItem","position":2,"name":"Ta\u015bma klej\u0105ca ABC","item":"https:\/\/cardinal-tapes.com\/pl\/tasmy-samoprzylepne-pl__trashed\/tasma-klejaca-abc\/"},{"@type":"ListItem","position":3,"name":"Filmy PA"}]},{"@type":"WebSite","@id":"https:\/\/cardinal-tapes.com\/#website","url":"https:\/\/cardinal-tapes.com\/","name":"cardinal TAPES","description":"Klebetechnik aus Wuppertal","potentialAction":[{"@type":"SearchAction","target":{"@type":"EntryPoint","urlTemplate":"https:\/\/cardinal-tapes.com\/?s={search_term_string}"},"query-input":{"@type":"PropertyValueSpecification","valueRequired":true,"valueName":"search_term_string"}}],"inLanguage":"pl-PL"}]}},"_links":{"self":[{"href":"https:\/\/cardinal-tapes.com\/pl\/wp-json\/wp\/v2\/pages\/30859","targetHints":{"allow":["GET"]}}],"collection":[{"href":"https:\/\/cardinal-tapes.com\/pl\/wp-json\/wp\/v2\/pages"}],"about":[{"href":"https:\/\/cardinal-tapes.com\/pl\/wp-json\/wp\/v2\/types\/page"}],"author":[{"embeddable":true,"href":"https:\/\/cardinal-tapes.com\/pl\/wp-json\/wp\/v2\/users\/1"}],"replies":[{"embeddable":true,"href":"https:\/\/cardinal-tapes.com\/pl\/wp-json\/wp\/v2\/comments?post=30859"}],"version-history":[{"count":0,"href":"https:\/\/cardinal-tapes.com\/pl\/wp-json\/wp\/v2\/pages\/30859\/revisions"}],"up":[{"embeddable":true,"href":"https:\/\/cardinal-tapes.com\/pl\/wp-json\/wp\/v2\/pages\/30844"}],"wp:attachment":[{"href":"https:\/\/cardinal-tapes.com\/pl\/wp-json\/wp\/v2\/media?parent=30859"}],"curies":[{"name":"wp","href":"https:\/\/api.w.org\/{rel}","templated":true}]}}