{"id":30781,"date":"2017-12-08T11:47:54","date_gmt":"2017-12-08T10:47:54","guid":{"rendered":"https:\/\/cardinal.pixel-tal.de\/infothek\/rodzaje-wiazek\/"},"modified":"2023-06-12T14:35:09","modified_gmt":"2023-06-12T12:35:09","slug":"rodzaje-wiazek","status":"publish","type":"page","link":"https:\/\/cardinal-tapes.com\/pl\/infothek\/rodzaje-wiazek\/","title":{"rendered":"Rodzaje wi\u0105zek"},"content":{"rendered":"<div id='av_section_1'  class='avia-section av-4ehkwo-668bf3d016f283c75210b7849489fc09 main_color avia-section-default avia-no-shadow  avia-builder-el-0  avia-builder-el-no-sibling  avia-bg-style-scroll container_wrap fullsize'  ><div class='container av-section-cont-open' ><main  role=\"main\" itemprop=\"mainContentOfPage\"  class='template-page content  av-content-full alpha units'><div class='post-entry post-entry-type-page post-entry-30781'><div class='entry-content-wrapper clearfix'>\n\n<style type=\"text\/css\" data-created_by=\"avia_inline_auto\" id=\"style-css-av-45hoew-51a208f25ff15539e2424d460bfffe86\">\n.flex_column.av-45hoew-51a208f25ff15539e2424d460bfffe86{\nborder-radius:0px 0px 0px 0px;\npadding:0px 0px 0px 0px;\n}\n<\/style>\n<div  class='flex_column av-45hoew-51a208f25ff15539e2424d460bfffe86 av_one_full  avia-builder-el-1  el_before_av_codeblock  avia-builder-el-first  first flex_column_div av-animated-generic left-to-right av-zero-column-padding  '     ><div class=\"pxl-headline pxl-hl hl-wrap | hl-sub--bot hl--align-left hl--no-margin    \">\n        <div class=\"hl-inner\">\n            <h1 class=\"hl-main hl-line |  hl_main--default  \">Rodzaje wi\u0105zek<\/h1>\n            <span class=\"hl-sub hl-line |  hl_sub--default  \">Do r\u00f3\u017cnych zastosowa\u0144<\/span>\n    <\/div>\n<\/div><\/div>\n\n<style type=\"text\/css\" data-created_by=\"avia_inline_auto\" id=\"style-css-av-3phftc-dad1200c726c4ad137f79a95ea690365\">\n.flex_column.av-3phftc-dad1200c726c4ad137f79a95ea690365{\nborder-radius:0px 0px 0px 0px;\npadding:0px 0px 0px 0px;\n}\n<\/style>\n<div  class='flex_column av-3phftc-dad1200c726c4ad137f79a95ea690365 av_one_third  avia-builder-el-4  el_after_av_codeblock  el_before_av_one_third  greybox first flex_column_div av-animated-generic left-to-right av-zero-column-padding  '     ><p>\n<style type=\"text\/css\" data-created_by=\"avia_inline_auto\" id=\"style-css-av-3ihc74-012f32ad9c87a15d526c9e0edd24c87e\">\n.avia-image-container.av-3ihc74-012f32ad9c87a15d526c9e0edd24c87e img.avia_image{\nbox-shadow:none;\n}\n.avia-image-container.av-3ihc74-012f32ad9c87a15d526c9e0edd24c87e .av-image-caption-overlay-center{\ncolor:#ffffff;\n}\n<\/style>\n<div  class='avia-image-container av-3ihc74-012f32ad9c87a15d526c9e0edd24c87e av-styling-no-styling avia-align-center  avia-builder-el-5  el_before_av_textblock  avia-builder-el-first '   itemprop=\"image\" itemscope=\"itemscope\" itemtype=\"https:\/\/schema.org\/ImageObject\" ><div class=\"avia-image-container-inner\"><div class=\"avia-image-overlay-wrap\"><img decoding=\"async\" fetchpriority=\"high\" class='wp-image-30030 avia-img-lazy-loading-not-30030 avia_image ' src=\"https:\/\/cardinal-tapes.com\/wp-content\/uploads\/cardinal-content-papiertraeger-doppelseitig-einseitig.png\" alt='' title='cardinal-content-papiertraeger-doppelseitig-einseitig'  height=\"700\" width=\"1091\"  itemprop=\"thumbnailUrl\" srcset=\"https:\/\/cardinal-tapes.com\/wp-content\/uploads\/cardinal-content-papiertraeger-doppelseitig-einseitig.png 1091w, https:\/\/cardinal-tapes.com\/wp-content\/uploads\/cardinal-content-papiertraeger-doppelseitig-einseitig-200x128.png 200w, https:\/\/cardinal-tapes.com\/wp-content\/uploads\/cardinal-content-papiertraeger-doppelseitig-einseitig-1030x661.png 1030w, https:\/\/cardinal-tapes.com\/wp-content\/uploads\/cardinal-content-papiertraeger-doppelseitig-einseitig-768x493.png 768w, https:\/\/cardinal-tapes.com\/wp-content\/uploads\/cardinal-content-papiertraeger-doppelseitig-einseitig-705x452.png 705w, https:\/\/cardinal-tapes.com\/wp-content\/uploads\/cardinal-content-papiertraeger-doppelseitig-einseitig-450x289.png 450w\" sizes=\"(max-width: 1091px) 100vw, 1091px\" \/><\/div><\/div><\/div><br \/>\n<section  class='av_textblock_section av-38x8uo-01359055b0be4bb7d1edc85081156959 '   itemscope=\"itemscope\" itemtype=\"https:\/\/schema.org\/CreativeWork\" ><div class='avia_textblock'  itemprop=\"text\" ><h4>No\u015bnik papieru<\/h4>\n<ul>\n<li>Elastyczny i bardzo przytulny<\/li>\n<li>Rozdzieranie r\u0119czne, ale odporne na rozdarcie<\/li>\n<li>W\u0142a\u015bciwo\u015bci t\u0142umi\u0105ce<\/li>\n<\/ul>\n<\/div><\/section><\/p><\/div>\n<style type=\"text\/css\" data-created_by=\"avia_inline_auto\" id=\"style-css-av-31w2nk-d7f1b574e8a3042fc3b8adc710654dd1\">\n.flex_column.av-31w2nk-d7f1b574e8a3042fc3b8adc710654dd1{\nborder-radius:0px 0px 0px 0px;\npadding:0px 0px 0px 0px;\n}\n<\/style>\n<div  class='flex_column av-31w2nk-d7f1b574e8a3042fc3b8adc710654dd1 av_one_third  avia-builder-el-7  el_after_av_one_third  el_before_av_one_third  greybox flex_column_div av-animated-generic fade-in av-zero-column-padding  '     ><p>\n<style type=\"text\/css\" data-created_by=\"avia_inline_auto\" id=\"style-css-av-2yfkeg-bbec516978846cfd9ad3285c3df577d8\">\n.avia-image-container.av-2yfkeg-bbec516978846cfd9ad3285c3df577d8 img.avia_image{\nbox-shadow:none;\n}\n.avia-image-container.av-2yfkeg-bbec516978846cfd9ad3285c3df577d8 .av-image-caption-overlay-center{\ncolor:#ffffff;\n}\n<\/style>\n<div  class='avia-image-container av-2yfkeg-bbec516978846cfd9ad3285c3df577d8 av-styling-no-styling avia-align-center  avia-builder-el-8  el_before_av_textblock  avia-builder-el-first '   itemprop=\"image\" itemscope=\"itemscope\" itemtype=\"https:\/\/schema.org\/ImageObject\" ><div class=\"avia-image-container-inner\"><div class=\"avia-image-overlay-wrap\"><img decoding=\"async\" fetchpriority=\"high\" class='wp-image-30014 avia-img-lazy-loading-not-30014 avia_image ' src=\"https:\/\/cardinal-tapes.com\/wp-content\/uploads\/cardinal-content-rollentraeger-doppelseitig-einseitig.png\" alt='' title='cardinal-content-rollentraeger-doppelseitig-einseitig'  height=\"700\" width=\"1092\"  itemprop=\"thumbnailUrl\" srcset=\"https:\/\/cardinal-tapes.com\/wp-content\/uploads\/cardinal-content-rollentraeger-doppelseitig-einseitig.png 1092w, https:\/\/cardinal-tapes.com\/wp-content\/uploads\/cardinal-content-rollentraeger-doppelseitig-einseitig-200x128.png 200w, https:\/\/cardinal-tapes.com\/wp-content\/uploads\/cardinal-content-rollentraeger-doppelseitig-einseitig-1030x660.png 1030w, https:\/\/cardinal-tapes.com\/wp-content\/uploads\/cardinal-content-rollentraeger-doppelseitig-einseitig-768x492.png 768w, https:\/\/cardinal-tapes.com\/wp-content\/uploads\/cardinal-content-rollentraeger-doppelseitig-einseitig-705x452.png 705w, https:\/\/cardinal-tapes.com\/wp-content\/uploads\/cardinal-content-rollentraeger-doppelseitig-einseitig-450x288.png 450w\" sizes=\"(max-width: 1092px) 100vw, 1092px\" \/><\/div><\/div><\/div><br \/>\n<section  class='av_textblock_section av-2ibaqo-d21d1ce310363cb49b712362bc0e967e '   itemscope=\"itemscope\" itemtype=\"https:\/\/schema.org\/CreativeWork\" ><div class='avia_textblock'  itemprop=\"text\" ><h4>No\u015bnik foliowy<\/h4>\n<ul>\n<li>Wysoka wytrzyma\u0142o\u015b\u0107 na rozdarcie<\/li>\n<li>Bardzo dobrze nadaje si\u0119 do produkcji cz\u0119\u015bci t\u0142oczonych<\/li>\n<li>Nadaje si\u0119 do stosowania w procesach produkcyjnych<\/li>\n<\/ul>\n<\/div><\/section><\/p><\/div>\n<style type=\"text\/css\" data-created_by=\"avia_inline_auto\" id=\"style-css-av-2g62nc-5e09d33fa5508014348dd0e94c939efe\">\n.flex_column.av-2g62nc-5e09d33fa5508014348dd0e94c939efe{\nborder-radius:0px 0px 0px 0px;\npadding:0px 0px 0px 0px;\n}\n<\/style>\n<div  class='flex_column av-2g62nc-5e09d33fa5508014348dd0e94c939efe av_one_third  avia-builder-el-10  el_after_av_one_third  el_before_av_one_third  greybox flex_column_div av-animated-generic right-to-left av-zero-column-padding  '     ><p>\n<style type=\"text\/css\" data-created_by=\"avia_inline_auto\" id=\"style-css-av-2an0r4-7115ca969ddc08c3aa87e5f3240d9c4a\">\n.avia-image-container.av-2an0r4-7115ca969ddc08c3aa87e5f3240d9c4a img.avia_image{\nbox-shadow:none;\n}\n.avia-image-container.av-2an0r4-7115ca969ddc08c3aa87e5f3240d9c4a .av-image-caption-overlay-center{\ncolor:#ffffff;\n}\n<\/style>\n<div  class='avia-image-container av-2an0r4-7115ca969ddc08c3aa87e5f3240d9c4a av-styling-no-styling avia-align-center  avia-builder-el-11  el_before_av_textblock  avia-builder-el-first '   itemprop=\"image\" itemscope=\"itemscope\" itemtype=\"https:\/\/schema.org\/ImageObject\" ><div class=\"avia-image-container-inner\"><div class=\"avia-image-overlay-wrap\"><img decoding=\"async\" fetchpriority=\"high\" class='wp-image-30034 avia-img-lazy-loading-not-30034 avia_image ' src=\"https:\/\/cardinal-tapes.com\/wp-content\/uploads\/cardinal-content-kein-traeger-doppelseitig-einseitig.png\" alt='' title='cardinal-content-kein-traeger-doppelseitig-einseitig'  height=\"700\" width=\"1092\"  itemprop=\"thumbnailUrl\" srcset=\"https:\/\/cardinal-tapes.com\/wp-content\/uploads\/cardinal-content-kein-traeger-doppelseitig-einseitig.png 1092w, https:\/\/cardinal-tapes.com\/wp-content\/uploads\/cardinal-content-kein-traeger-doppelseitig-einseitig-200x128.png 200w, https:\/\/cardinal-tapes.com\/wp-content\/uploads\/cardinal-content-kein-traeger-doppelseitig-einseitig-1030x660.png 1030w, https:\/\/cardinal-tapes.com\/wp-content\/uploads\/cardinal-content-kein-traeger-doppelseitig-einseitig-768x492.png 768w, https:\/\/cardinal-tapes.com\/wp-content\/uploads\/cardinal-content-kein-traeger-doppelseitig-einseitig-705x452.png 705w, https:\/\/cardinal-tapes.com\/wp-content\/uploads\/cardinal-content-kein-traeger-doppelseitig-einseitig-450x288.png 450w\" sizes=\"(max-width: 1092px) 100vw, 1092px\" \/><\/div><\/div><\/div><br \/>\n<section  class='av_textblock_section av-1yl7gw-5ce982214e7cb167317c370421584d10 '   itemscope=\"itemscope\" itemtype=\"https:\/\/schema.org\/CreativeWork\" ><div class='avia_textblock'  itemprop=\"text\" ><h4>Transfer (bez przewo\u017anika)<\/h4>\n<ul>\n<li>Szczeg\u00f3lnie cienki<\/li>\n<li>Elastyczny i niezwykle przytulny<\/li>\n<li>Odporno\u015b\u0107 na wysokie temperatury<\/li>\n<\/ul>\n<\/div><\/section><\/p><\/div>\n<style type=\"text\/css\" data-created_by=\"avia_inline_auto\" id=\"style-css-av-1iuyfs-db16283095b343ebb2b88fc7fac9e0ff\">\n.flex_column.av-1iuyfs-db16283095b343ebb2b88fc7fac9e0ff{\nborder-radius:0px 0px 0px 0px;\npadding:0px 0px 0px 0px;\n}\n<\/style>\n<div  class='flex_column av-1iuyfs-db16283095b343ebb2b88fc7fac9e0ff av_one_third  avia-builder-el-13  el_after_av_one_third  el_before_av_one_third  greybox first flex_column_div av-animated-generic left-to-right av-zero-column-padding  column-top-margin'     ><p>\n<style type=\"text\/css\" data-created_by=\"avia_inline_auto\" id=\"style-css-av-5c4c8-0da706e9838a8433bd0d5742c9942ec7\">\n.avia-image-container.av-5c4c8-0da706e9838a8433bd0d5742c9942ec7 img.avia_image{\nbox-shadow:none;\n}\n.avia-image-container.av-5c4c8-0da706e9838a8433bd0d5742c9942ec7 .av-image-caption-overlay-center{\ncolor:#ffffff;\n}\n<\/style>\n<div  class='avia-image-container av-5c4c8-0da706e9838a8433bd0d5742c9942ec7 av-styling-no-styling avia-align-center  avia-builder-el-14  el_before_av_textblock  avia-builder-el-first '   itemprop=\"image\" itemscope=\"itemscope\" itemtype=\"https:\/\/schema.org\/ImageObject\" ><div class=\"avia-image-container-inner\"><div class=\"avia-image-overlay-wrap\"><img decoding=\"async\" fetchpriority=\"high\" class='wp-image-30018 avia-img-lazy-loading-not-30018 avia_image ' src=\"https:\/\/cardinal-tapes.com\/wp-content\/uploads\/cardinal-content-gewebetraeger-doppelseitig-einseitig.png\" alt='' title='cardinal-content-gewebetraeger-doppelseitig-einseitig'  height=\"282\" width=\"440\"  itemprop=\"thumbnailUrl\" srcset=\"https:\/\/cardinal-tapes.com\/wp-content\/uploads\/cardinal-content-gewebetraeger-doppelseitig-einseitig.png 440w, https:\/\/cardinal-tapes.com\/wp-content\/uploads\/cardinal-content-gewebetraeger-doppelseitig-einseitig-200x128.png 200w\" sizes=\"(max-width: 440px) 100vw, 440px\" \/><\/div><\/div><\/div><br \/>\n<section  class='av_textblock_section av-133la8-bc5876e93fb47d7bcb9fba78b309d402 '   itemscope=\"itemscope\" itemtype=\"https:\/\/schema.org\/CreativeWork\" ><div class='avia_textblock'  itemprop=\"text\" ><h4>No\u015bnik materia\u0142owy<\/h4>\n<ul>\n<li>Odporno\u015b\u0107 na zu\u017cycie<\/li>\n<li>Elastyczno\u015b\u0107<\/li>\n<li>Grubsze belki s\u0105 odporne na \u015bcieranie<\/li>\n<\/ul>\n<\/div><\/section><\/p><\/div>\n<style type=\"text\/css\" data-created_by=\"avia_inline_auto\" id=\"style-css-av-w7ltc-1ddcb8f01c1481832c59a894fd085de3\">\n.flex_column.av-w7ltc-1ddcb8f01c1481832c59a894fd085de3{\nborder-radius:0px 0px 0px 0px;\npadding:0px 0px 0px 0px;\n}\n<\/style>\n<div  class='flex_column av-w7ltc-1ddcb8f01c1481832c59a894fd085de3 av_one_third  avia-builder-el-16  el_after_av_one_third  el_before_av_one_third  greybox flex_column_div av-animated-generic fade-in av-zero-column-padding  column-top-margin'     ><p>\n<style type=\"text\/css\" data-created_by=\"avia_inline_auto\" id=\"style-css-av-rul1c-0211cdbe1c8e4c9f3a372fc5a530e37e\">\n.avia-image-container.av-rul1c-0211cdbe1c8e4c9f3a372fc5a530e37e img.avia_image{\nbox-shadow:none;\n}\n.avia-image-container.av-rul1c-0211cdbe1c8e4c9f3a372fc5a530e37e .av-image-caption-overlay-center{\ncolor:#ffffff;\n}\n<\/style>\n<div  class='avia-image-container av-rul1c-0211cdbe1c8e4c9f3a372fc5a530e37e av-styling-no-styling avia-align-center  avia-builder-el-17  el_before_av_textblock  avia-builder-el-first '   itemprop=\"image\" itemscope=\"itemscope\" itemtype=\"https:\/\/schema.org\/ImageObject\" ><div class=\"avia-image-container-inner\"><div class=\"avia-image-overlay-wrap\"><img decoding=\"async\" fetchpriority=\"high\" class='wp-image-30022 avia-img-lazy-loading-not-30022 avia_image ' src=\"https:\/\/cardinal-tapes.com\/wp-content\/uploads\/cardinal-content-schaumtraeger-doppelseitig-einseitig.png\" alt='' title='cardinal-content-schaumtraeger-doppelseitig-einseitig'  height=\"700\" width=\"1092\"  itemprop=\"thumbnailUrl\" srcset=\"https:\/\/cardinal-tapes.com\/wp-content\/uploads\/cardinal-content-schaumtraeger-doppelseitig-einseitig.png 1092w, https:\/\/cardinal-tapes.com\/wp-content\/uploads\/cardinal-content-schaumtraeger-doppelseitig-einseitig-200x128.png 200w, https:\/\/cardinal-tapes.com\/wp-content\/uploads\/cardinal-content-schaumtraeger-doppelseitig-einseitig-1030x660.png 1030w, https:\/\/cardinal-tapes.com\/wp-content\/uploads\/cardinal-content-schaumtraeger-doppelseitig-einseitig-768x492.png 768w, https:\/\/cardinal-tapes.com\/wp-content\/uploads\/cardinal-content-schaumtraeger-doppelseitig-einseitig-705x452.png 705w, https:\/\/cardinal-tapes.com\/wp-content\/uploads\/cardinal-content-schaumtraeger-doppelseitig-einseitig-450x288.png 450w\" sizes=\"(max-width: 1092px) 100vw, 1092px\" \/><\/div><\/div><\/div><br \/>\n<section  class='av_textblock_section av-dm7tk-6575653744825ef908cbaa8a6557a756 '   itemscope=\"itemscope\" itemtype=\"https:\/\/schema.org\/CreativeWork\" ><div class='avia_textblock'  itemprop=\"text\" ><h4>No\u015bnik piankowy<\/h4>\n<ul>\n<li>Kompensacja napr\u0119\u017ce\u0144, tolerancji szczelin i nieregularnych powierzchni<\/li>\n<li>Absorpcja uderze\u0144<\/li>\n<li>Funkcja uszczelniania przed kurzem i wilgoci\u0105<\/li>\n<\/ul>\n<\/div><\/section><\/p><\/div>\n<style type=\"text\/css\" data-created_by=\"avia_inline_auto\" id=\"style-css-av-ex6eo-70a4736a81a2c56f82d448f501403978\">\n.flex_column.av-ex6eo-70a4736a81a2c56f82d448f501403978{\nborder-radius:0px 0px 0px 0px;\npadding:0px 0px 0px 0px;\n}\n<\/style>\n<div  class='flex_column av-ex6eo-70a4736a81a2c56f82d448f501403978 av_one_third  avia-builder-el-19  el_after_av_one_third  el_before_av_codeblock  greybox flex_column_div av-animated-generic right-to-left av-zero-column-padding  column-top-margin'     ><p>\n<style type=\"text\/css\" data-created_by=\"avia_inline_auto\" id=\"style-css-av-licvlj6b-666a4242e7e47aa2bc09d57567ea5ce1\">\n.avia-image-container.av-licvlj6b-666a4242e7e47aa2bc09d57567ea5ce1 img.avia_image{\nbox-shadow:none;\n}\n.avia-image-container.av-licvlj6b-666a4242e7e47aa2bc09d57567ea5ce1 .av-image-caption-overlay-center{\ncolor:#ffffff;\n}\n<\/style>\n<div  class='avia-image-container av-licvlj6b-666a4242e7e47aa2bc09d57567ea5ce1 av-styling-no-styling avia-align-center  avia-builder-el-20  el_before_av_textblock  avia-builder-el-first '   itemprop=\"image\" itemscope=\"itemscope\" itemtype=\"https:\/\/schema.org\/ImageObject\" ><div class=\"avia-image-container-inner\"><div class=\"avia-image-overlay-wrap\"><img decoding=\"async\" fetchpriority=\"high\" class='wp-image-30026 avia-img-lazy-loading-not-30026 avia_image ' src=\"https:\/\/cardinal-tapes.com\/wp-content\/uploads\/cardinal-content-metalltraeger-doppelseitig-einseitig.png\" alt='' title='cardinal-content-metalltraeger-doppelseitig-einseitig'  height=\"700\" width=\"1092\"  itemprop=\"thumbnailUrl\" srcset=\"https:\/\/cardinal-tapes.com\/wp-content\/uploads\/cardinal-content-metalltraeger-doppelseitig-einseitig.png 1092w, https:\/\/cardinal-tapes.com\/wp-content\/uploads\/cardinal-content-metalltraeger-doppelseitig-einseitig-200x128.png 200w, https:\/\/cardinal-tapes.com\/wp-content\/uploads\/cardinal-content-metalltraeger-doppelseitig-einseitig-1030x660.png 1030w, https:\/\/cardinal-tapes.com\/wp-content\/uploads\/cardinal-content-metalltraeger-doppelseitig-einseitig-768x492.png 768w, https:\/\/cardinal-tapes.com\/wp-content\/uploads\/cardinal-content-metalltraeger-doppelseitig-einseitig-705x452.png 705w, https:\/\/cardinal-tapes.com\/wp-content\/uploads\/cardinal-content-metalltraeger-doppelseitig-einseitig-450x288.png 450w\" sizes=\"(max-width: 1092px) 100vw, 1092px\" \/><\/div><\/div><\/div><br \/>\n<section  class='av_textblock_section av-9e9ww-9e8d3eff47b6db6a9283fa9bf7e12e7f '   itemscope=\"itemscope\" itemtype=\"https:\/\/schema.org\/CreativeWork\" ><div class='avia_textblock'  itemprop=\"text\" ><h4>Metalowy no\u015bnik<\/h4>\n<ul>\n<li>Odporno\u015b\u0107 na wysokie temperatury<\/li>\n<li>Odporno\u015b\u0107 na starzenie<\/li>\n<li>Odporno\u015b\u0107 chemiczna<\/li>\n<\/ul>\n<\/div><\/section><\/p><\/div>\n\n","protected":false},"excerpt":{"rendered":"","protected":false},"author":1,"featured_media":0,"parent":30135,"menu_order":3,"comment_status":"closed","ping_status":"closed","template":"","meta":{"_acf_changed":false,"footnotes":""},"class_list":["post-30781","page","type-page","status-publish","hentry"],"acf":[],"yoast_head":"<!-- This site is optimized with the Yoast SEO plugin v27.3 - https:\/\/yoast.com\/product\/yoast-seo-wordpress\/ -->\n<title>Rodzaje ta\u015bm samoprzylepnych | ta\u015bmy kardynalne<\/title>\n<meta name=\"description\" content=\"W przypadku ta\u015bm samoprzylepnych bardzo wa\u017cne s\u0105 r\u00f3\u017cne rodzaje pod\u0142o\u017ca. Tutaj znajdziesz przegl\u0105d najwa\u017cniejszych typ\u00f3w belek.\" \/>\n<meta name=\"robots\" content=\"index, follow, max-snippet:-1, max-image-preview:large, max-video-preview:-1\" \/>\n<link rel=\"canonical\" href=\"https:\/\/cardinal-tapes.com\/pl\/infothek\/rodzaje-wiazek\/\" \/>\n<meta property=\"og:locale\" content=\"pl_PL\" \/>\n<meta property=\"og:type\" content=\"article\" \/>\n<meta property=\"og:title\" content=\"Rodzaje ta\u015bm samoprzylepnych | ta\u015bmy kardynalne\" \/>\n<meta property=\"og:description\" content=\"W przypadku ta\u015bm samoprzylepnych bardzo wa\u017cne s\u0105 r\u00f3\u017cne rodzaje pod\u0142o\u017ca. Tutaj znajdziesz przegl\u0105d najwa\u017cniejszych typ\u00f3w belek.\" \/>\n<meta property=\"og:url\" content=\"https:\/\/cardinal-tapes.com\/pl\/infothek\/rodzaje-wiazek\/\" \/>\n<meta property=\"og:site_name\" content=\"cardinal TAPES\" \/>\n<meta property=\"article:modified_time\" content=\"2023-06-12T12:35:09+00:00\" \/>\n<meta name=\"twitter:card\" content=\"summary_large_image\" \/>\n<meta name=\"twitter:label1\" content=\"Szacowany czas czytania\" \/>\n\t<meta name=\"twitter:data1\" content=\"28 minut\" \/>\n<script type=\"application\/ld+json\" class=\"yoast-schema-graph\">{\"@context\":\"https:\\\/\\\/schema.org\",\"@graph\":[{\"@type\":\"WebPage\",\"@id\":\"https:\\\/\\\/cardinal-tapes.com\\\/pl\\\/infothek\\\/rodzaje-wiazek\\\/\",\"url\":\"https:\\\/\\\/cardinal-tapes.com\\\/pl\\\/infothek\\\/rodzaje-wiazek\\\/\",\"name\":\"Rodzaje ta\u015bm samoprzylepnych | ta\u015bmy kardynalne\",\"isPartOf\":{\"@id\":\"https:\\\/\\\/cardinal-tapes.com\\\/#website\"},\"datePublished\":\"2017-12-08T10:47:54+00:00\",\"dateModified\":\"2023-06-12T12:35:09+00:00\",\"description\":\"W przypadku ta\u015bm samoprzylepnych bardzo wa\u017cne s\u0105 r\u00f3\u017cne rodzaje pod\u0142o\u017ca. Tutaj znajdziesz przegl\u0105d najwa\u017cniejszych typ\u00f3w belek.\",\"breadcrumb\":{\"@id\":\"https:\\\/\\\/cardinal-tapes.com\\\/pl\\\/infothek\\\/rodzaje-wiazek\\\/#breadcrumb\"},\"inLanguage\":\"pl-PL\",\"potentialAction\":[{\"@type\":\"ReadAction\",\"target\":[\"https:\\\/\\\/cardinal-tapes.com\\\/pl\\\/infothek\\\/rodzaje-wiazek\\\/\"]}]},{\"@type\":\"BreadcrumbList\",\"@id\":\"https:\\\/\\\/cardinal-tapes.com\\\/pl\\\/infothek\\\/rodzaje-wiazek\\\/#breadcrumb\",\"itemListElement\":[{\"@type\":\"ListItem\",\"position\":1,\"name\":\"Startseite\",\"item\":\"https:\\\/\\\/cardinal-tapes.com\\\/pl\\\/strona-glowna\\\/\"},{\"@type\":\"ListItem\",\"position\":2,\"name\":\"Infothek\",\"item\":\"https:\\\/\\\/cardinal-tapes.com\\\/pl\\\/infothek\\\/\"},{\"@type\":\"ListItem\",\"position\":3,\"name\":\"Rodzaje wi\u0105zek\"}]},{\"@type\":\"WebSite\",\"@id\":\"https:\\\/\\\/cardinal-tapes.com\\\/#website\",\"url\":\"https:\\\/\\\/cardinal-tapes.com\\\/\",\"name\":\"cardinal TAPES\",\"description\":\"Klebetechnik aus Wuppertal\",\"potentialAction\":[{\"@type\":\"SearchAction\",\"target\":{\"@type\":\"EntryPoint\",\"urlTemplate\":\"https:\\\/\\\/cardinal-tapes.com\\\/?s={search_term_string}\"},\"query-input\":{\"@type\":\"PropertyValueSpecification\",\"valueRequired\":true,\"valueName\":\"search_term_string\"}}],\"inLanguage\":\"pl-PL\"}]}<\/script>\n<!-- \/ Yoast SEO plugin. -->","yoast_head_json":{"title":"Rodzaje ta\u015bm samoprzylepnych | ta\u015bmy kardynalne","description":"W przypadku ta\u015bm samoprzylepnych bardzo wa\u017cne s\u0105 r\u00f3\u017cne rodzaje pod\u0142o\u017ca. Tutaj znajdziesz przegl\u0105d najwa\u017cniejszych typ\u00f3w belek.","robots":{"index":"index","follow":"follow","max-snippet":"max-snippet:-1","max-image-preview":"max-image-preview:large","max-video-preview":"max-video-preview:-1"},"canonical":"https:\/\/cardinal-tapes.com\/pl\/infothek\/rodzaje-wiazek\/","og_locale":"pl_PL","og_type":"article","og_title":"Rodzaje ta\u015bm samoprzylepnych | ta\u015bmy kardynalne","og_description":"W przypadku ta\u015bm samoprzylepnych bardzo wa\u017cne s\u0105 r\u00f3\u017cne rodzaje pod\u0142o\u017ca. Tutaj znajdziesz przegl\u0105d najwa\u017cniejszych typ\u00f3w belek.","og_url":"https:\/\/cardinal-tapes.com\/pl\/infothek\/rodzaje-wiazek\/","og_site_name":"cardinal TAPES","article_modified_time":"2023-06-12T12:35:09+00:00","twitter_card":"summary_large_image","twitter_misc":{"Szacowany czas czytania":"28 minut"},"schema":{"@context":"https:\/\/schema.org","@graph":[{"@type":"WebPage","@id":"https:\/\/cardinal-tapes.com\/pl\/infothek\/rodzaje-wiazek\/","url":"https:\/\/cardinal-tapes.com\/pl\/infothek\/rodzaje-wiazek\/","name":"Rodzaje ta\u015bm samoprzylepnych | ta\u015bmy kardynalne","isPartOf":{"@id":"https:\/\/cardinal-tapes.com\/#website"},"datePublished":"2017-12-08T10:47:54+00:00","dateModified":"2023-06-12T12:35:09+00:00","description":"W przypadku ta\u015bm samoprzylepnych bardzo wa\u017cne s\u0105 r\u00f3\u017cne rodzaje pod\u0142o\u017ca. Tutaj znajdziesz przegl\u0105d najwa\u017cniejszych typ\u00f3w belek.","breadcrumb":{"@id":"https:\/\/cardinal-tapes.com\/pl\/infothek\/rodzaje-wiazek\/#breadcrumb"},"inLanguage":"pl-PL","potentialAction":[{"@type":"ReadAction","target":["https:\/\/cardinal-tapes.com\/pl\/infothek\/rodzaje-wiazek\/"]}]},{"@type":"BreadcrumbList","@id":"https:\/\/cardinal-tapes.com\/pl\/infothek\/rodzaje-wiazek\/#breadcrumb","itemListElement":[{"@type":"ListItem","position":1,"name":"Startseite","item":"https:\/\/cardinal-tapes.com\/pl\/strona-glowna\/"},{"@type":"ListItem","position":2,"name":"Infothek","item":"https:\/\/cardinal-tapes.com\/pl\/infothek\/"},{"@type":"ListItem","position":3,"name":"Rodzaje wi\u0105zek"}]},{"@type":"WebSite","@id":"https:\/\/cardinal-tapes.com\/#website","url":"https:\/\/cardinal-tapes.com\/","name":"cardinal TAPES","description":"Klebetechnik aus Wuppertal","potentialAction":[{"@type":"SearchAction","target":{"@type":"EntryPoint","urlTemplate":"https:\/\/cardinal-tapes.com\/?s={search_term_string}"},"query-input":{"@type":"PropertyValueSpecification","valueRequired":true,"valueName":"search_term_string"}}],"inLanguage":"pl-PL"}]}},"_links":{"self":[{"href":"https:\/\/cardinal-tapes.com\/pl\/wp-json\/wp\/v2\/pages\/30781","targetHints":{"allow":["GET"]}}],"collection":[{"href":"https:\/\/cardinal-tapes.com\/pl\/wp-json\/wp\/v2\/pages"}],"about":[{"href":"https:\/\/cardinal-tapes.com\/pl\/wp-json\/wp\/v2\/types\/page"}],"author":[{"embeddable":true,"href":"https:\/\/cardinal-tapes.com\/pl\/wp-json\/wp\/v2\/users\/1"}],"replies":[{"embeddable":true,"href":"https:\/\/cardinal-tapes.com\/pl\/wp-json\/wp\/v2\/comments?post=30781"}],"version-history":[{"count":0,"href":"https:\/\/cardinal-tapes.com\/pl\/wp-json\/wp\/v2\/pages\/30781\/revisions"}],"up":[{"embeddable":true,"href":"https:\/\/cardinal-tapes.com\/pl\/wp-json\/wp\/v2\/pages\/30135"}],"wp:attachment":[{"href":"https:\/\/cardinal-tapes.com\/pl\/wp-json\/wp\/v2\/media?parent=30781"}],"curies":[{"name":"wp","href":"https:\/\/api.w.org\/{rel}","templated":true}]}}