{"id":30726,"date":"2023-06-02T10:57:52","date_gmt":"2023-06-02T08:57:52","guid":{"rendered":"https:\/\/cardinal.pixel-tal.de\/infothek\/instrukcje-przetwarzania\/"},"modified":"2023-06-12T14:22:49","modified_gmt":"2023-06-12T12:22:49","slug":"instrukcje-przetwarzania","status":"publish","type":"page","link":"https:\/\/cardinal-tapes.com\/pl\/infothek\/instrukcje-przetwarzania\/","title":{"rendered":"Instrukcje przetwarzania"},"content":{"rendered":"<div id='av_section_1'  class='avia-section av-59opr9-38a5fd60cb06c8d7b95ab1bc7c88bbb1 main_color avia-section-default avia-no-shadow  avia-builder-el-0  avia-builder-el-no-sibling  avia-bg-style-scroll container_wrap fullsize'  ><div class='container av-section-cont-open' ><main  role=\"main\" itemprop=\"mainContentOfPage\"  class='template-page content  av-content-full alpha units'><div class='post-entry post-entry-type-page post-entry-30726'><div class='entry-content-wrapper clearfix'>\n\n<style type=\"text\/css\" data-created_by=\"avia_inline_auto\" id=\"style-css-av-ibzol-3c16371d6ac5dfbb202655e6d1c677ba\">\n.flex_column.av-ibzol-3c16371d6ac5dfbb202655e6d1c677ba{\nborder-radius:0px 0px 0px 0px;\npadding:0px 0px 0px 0px;\n}\n<\/style>\n<div  class='flex_column av-ibzol-3c16371d6ac5dfbb202655e6d1c677ba av_three_fourth  avia-builder-el-1  el_before_av_codeblock  avia-builder-el-first  max-width-col three-fourth first flex_column_div av-animated-generic left-to-right av-zero-column-padding  '     ><p><div class=\"pxl-headline pxl-hl hl-wrap | hl-sub--bot hl--align-left hl--std-margin    \">\n        <div class=\"hl-inner\">\n            <h1 class=\"hl-main hl-line |  hl_main--default  \">Instrukcje przetwarzania<\/h1>\n            <span class=\"hl-sub hl-line |  hl_sub--default  \">Wa\u017cne wskaz\u00f3wki dotycz\u0105ce obchodzenia si\u0119 z naszymi produktami<\/span>\n    <\/div>\n<\/div>\n<br \/>\n<section  class='av_textblock_section av-lhos7kmg-861e538d039f1b0a9b06ad070313ab17 '   itemscope=\"itemscope\" itemtype=\"https:\/\/schema.org\/CreativeWork\" ><div class='avia_textblock'  itemprop=\"text\" ><p>Poni\u017csze instrukcje przetwarzania s\u0105 og\u00f3lnymi wskaz\u00f3wkami i maj\u0105 zastosowanie do du\u017cej cz\u0119\u015bci naszego standardowego asortymentu. Poniewa\u017c jednak istniej\u0105 oczywi\u015bcie pewne wyj\u0105tki, nale\u017cy zawsze post\u0119powa\u0107 zgodnie z instrukcjami aplikacji specyficznymi dla danego produktu. Je\u015bli brakuje Ci odpowiednich informacji, ch\u0119tnie Ci pomo\u017cemy.<\/p>\n<\/div><\/section><\/p><\/div>\n\n<style type=\"text\/css\" data-created_by=\"avia_inline_auto\" id=\"style-css-av-47d99h-1b08b994b3b3cc46ac25ac7ee02f6573\">\n.flex_column.av-47d99h-1b08b994b3b3cc46ac25ac7ee02f6573{\nborder-radius:0px 0px 0px 0px;\npadding:0px 0px 0px 0px;\nbackground-color:#ffffff;\n}\n<\/style>\n<div  class='flex_column av-47d99h-1b08b994b3b3cc46ac25ac7ee02f6573 av_one_third  avia-builder-el-5  el_after_av_codeblock  el_before_av_one_third  greybox first flex_column_div av-animated-generic left-to-right av-zero-column-padding  '     ><p>\n<style type=\"text\/css\" data-created_by=\"avia_inline_auto\" id=\"style-css-av-41sfbp-6efd185ab6988ae860ce984c86d4a988\">\n.avia-image-container.av-41sfbp-6efd185ab6988ae860ce984c86d4a988 img.avia_image{\nbox-shadow:none;\n}\n.avia-image-container.av-41sfbp-6efd185ab6988ae860ce984c86d4a988 .av-image-caption-overlay-center{\ncolor:#ffffff;\n}\n<\/style>\n<div  class='avia-image-container av-41sfbp-6efd185ab6988ae860ce984c86d4a988 av-styling-no-styling avia-align-center  avia-builder-el-6  el_before_av_textblock  avia-builder-el-first '   itemprop=\"image\" itemscope=\"itemscope\" itemtype=\"https:\/\/schema.org\/ImageObject\" ><div class=\"avia-image-container-inner\"><div class=\"avia-image-overlay-wrap\"><img decoding=\"async\" fetchpriority=\"high\" class='wp-image-29394 avia-img-lazy-loading-not-29394 avia_image ' src=\"https:\/\/cardinal-tapes.com\/wp-content\/uploads\/cardinal-content-abbriebbestaendigkeit.jpg\" alt='' title='cardinal-content-abbriebbestaendigkeit'  height=\"564\" width=\"880\"  itemprop=\"thumbnailUrl\" srcset=\"https:\/\/cardinal-tapes.com\/wp-content\/uploads\/cardinal-content-abbriebbestaendigkeit.jpg 880w, https:\/\/cardinal-tapes.com\/wp-content\/uploads\/cardinal-content-abbriebbestaendigkeit-200x128.jpg 200w, https:\/\/cardinal-tapes.com\/wp-content\/uploads\/cardinal-content-abbriebbestaendigkeit-768x492.jpg 768w, https:\/\/cardinal-tapes.com\/wp-content\/uploads\/cardinal-content-abbriebbestaendigkeit-705x452.jpg 705w, https:\/\/cardinal-tapes.com\/wp-content\/uploads\/cardinal-content-abbriebbestaendigkeit-450x288.jpg 450w\" sizes=\"(max-width: 880px) 100vw, 880px\" \/><\/div><\/div><\/div><br \/>\n<section  class='av_textblock_section av-3orv9p-4cda6a064f76617c7ed3823cce2fda4e '   itemscope=\"itemscope\" itemtype=\"https:\/\/schema.org\/CreativeWork\" ><div class='avia_textblock'  itemprop=\"text\" ><h4>Odporno\u015b\u0107 na \u015bcieranie<\/h4>\n<ul>\n<li>Aby uzyska\u0107 optymaln\u0105 przyczepno\u015b\u0107, klejone pod\u0142o\u017ca musz\u0105 by\u0107 czyste, suche i odt\u0142uszczone.<\/li>\n<li>Przed klejeniem nale\u017cy usun\u0105\u0107 substancje zapobiegaj\u0105ce przywieraniu, takie jak kurz, \u015brodki antyadhezyjne, smary lub woski.<\/li>\n<li>Je\u015bli to mo\u017cliwe, nale\u017cy upewni\u0107 si\u0119, \u017ce pod\u0142o\u017ce nie zawiera plastyfikator\u00f3w.<\/li>\n<\/ul>\n<\/div><\/section><\/p><\/div>\n<style type=\"text\/css\" data-created_by=\"avia_inline_auto\" id=\"style-css-av-3mj1jp-b122fe5a638a1e9f8fc67923a0433cb5\">\n.flex_column.av-3mj1jp-b122fe5a638a1e9f8fc67923a0433cb5{\nborder-radius:0px 0px 0px 0px;\npadding:0px 0px 0px 0px;\nbackground-color:#ffffff;\n}\n<\/style>\n<div  class='flex_column av-3mj1jp-b122fe5a638a1e9f8fc67923a0433cb5 av_one_third  avia-builder-el-8  el_after_av_one_third  el_before_av_one_third  greybox flex_column_div av-animated-generic fade-in av-zero-column-padding  '     ><p>\n<style type=\"text\/css\" data-created_by=\"avia_inline_auto\" id=\"style-css-av-3e29bp-c257c42cb88854f93b98d4da4e26fcd9\">\n.avia-image-container.av-3e29bp-c257c42cb88854f93b98d4da4e26fcd9 img.avia_image{\nbox-shadow:none;\n}\n.avia-image-container.av-3e29bp-c257c42cb88854f93b98d4da4e26fcd9 .av-image-caption-overlay-center{\ncolor:#ffffff;\n}\n<\/style>\n<div  class='avia-image-container av-3e29bp-c257c42cb88854f93b98d4da4e26fcd9 av-styling-no-styling avia-align-center  avia-builder-el-9  el_before_av_textblock  avia-builder-el-first '   itemprop=\"image\" itemscope=\"itemscope\" itemtype=\"https:\/\/schema.org\/ImageObject\" ><div class=\"avia-image-container-inner\"><div class=\"avia-image-overlay-wrap\"><img decoding=\"async\" fetchpriority=\"high\" class='wp-image-29398 avia-img-lazy-loading-not-29398 avia_image ' src=\"https:\/\/cardinal-tapes.com\/wp-content\/uploads\/cardinal-content-unebenheiten.jpg\" alt='' title='cardinal-content-unebenheiten'  height=\"564\" width=\"880\"  itemprop=\"thumbnailUrl\" srcset=\"https:\/\/cardinal-tapes.com\/wp-content\/uploads\/cardinal-content-unebenheiten.jpg 880w, https:\/\/cardinal-tapes.com\/wp-content\/uploads\/cardinal-content-unebenheiten-200x128.jpg 200w, https:\/\/cardinal-tapes.com\/wp-content\/uploads\/cardinal-content-unebenheiten-768x492.jpg 768w, https:\/\/cardinal-tapes.com\/wp-content\/uploads\/cardinal-content-unebenheiten-705x452.jpg 705w, https:\/\/cardinal-tapes.com\/wp-content\/uploads\/cardinal-content-unebenheiten-450x288.jpg 450w\" sizes=\"(max-width: 880px) 100vw, 880px\" \/><\/div><\/div><\/div><br \/>\n<section  class='av_textblock_section av-314knx-ac6e447da971145ad406d10614759134 '   itemscope=\"itemscope\" itemtype=\"https:\/\/schema.org\/CreativeWork\" ><div class='avia_textblock'  itemprop=\"text\" ><h4>Nier\u00f3wno\u015bci<\/h4>\n<ul>\n<li>W przypadku szorstkich i nier\u00f3wnych pod\u0142o\u017cy nale\u017cy u\u017cy\u0107 grubszych, wyr\u00f3wnuj\u0105cych ta\u015bm samoprzylepnych.<\/li>\n<\/ul>\n<\/div><\/section><\/p><\/div>\n<style type=\"text\/css\" data-created_by=\"avia_inline_auto\" id=\"style-css-av-2z0m3h-178f25d703f84e0062fdff03d9130d44\">\n.flex_column.av-2z0m3h-178f25d703f84e0062fdff03d9130d44{\nborder-radius:0px 0px 0px 0px;\npadding:0px 0px 0px 0px;\nbackground-color:#ffffff;\n}\n<\/style>\n<div  class='flex_column av-2z0m3h-178f25d703f84e0062fdff03d9130d44 av_one_third  avia-builder-el-11  el_after_av_one_third  el_before_av_one_third  greybox flex_column_div av-animated-generic right-to-left av-zero-column-padding  '     ><p>\n<style type=\"text\/css\" data-created_by=\"avia_inline_auto\" id=\"style-css-av-2p0uph-f314fb4cbe8884f3b7319a150f944115\">\n.avia-image-container.av-2p0uph-f314fb4cbe8884f3b7319a150f944115 img.avia_image{\nbox-shadow:none;\n}\n.avia-image-container.av-2p0uph-f314fb4cbe8884f3b7319a150f944115 .av-image-caption-overlay-center{\ncolor:#ffffff;\n}\n<\/style>\n<div  class='avia-image-container av-2p0uph-f314fb4cbe8884f3b7319a150f944115 av-styling-no-styling avia-align-center  avia-builder-el-12  el_before_av_textblock  avia-builder-el-first '   itemprop=\"image\" itemscope=\"itemscope\" itemtype=\"https:\/\/schema.org\/ImageObject\" ><div class=\"avia-image-container-inner\"><div class=\"avia-image-overlay-wrap\"><img decoding=\"async\" fetchpriority=\"high\" class='wp-image-29402 avia-img-lazy-loading-not-29402 avia_image ' src=\"https:\/\/cardinal-tapes.com\/wp-content\/uploads\/cardinal-content-temperatur.png\" alt='' title='cardinal-content-temperatur'  height=\"564\" width=\"880\"  itemprop=\"thumbnailUrl\" srcset=\"https:\/\/cardinal-tapes.com\/wp-content\/uploads\/cardinal-content-temperatur.png 880w, https:\/\/cardinal-tapes.com\/wp-content\/uploads\/cardinal-content-temperatur-200x128.png 200w, https:\/\/cardinal-tapes.com\/wp-content\/uploads\/cardinal-content-temperatur-768x492.png 768w, https:\/\/cardinal-tapes.com\/wp-content\/uploads\/cardinal-content-temperatur-705x452.png 705w, https:\/\/cardinal-tapes.com\/wp-content\/uploads\/cardinal-content-temperatur-450x288.png 450w\" sizes=\"(max-width: 880px) 100vw, 880px\" \/><\/div><\/div><\/div><br \/>\n<section  class='av_textblock_section av-2c3nsl-8051de2333d6979a7a29df9f9e9e10ad '   itemscope=\"itemscope\" itemtype=\"https:\/\/schema.org\/CreativeWork\" ><div class='avia_textblock'  itemprop=\"text\" ><h4>Temperatura<\/h4>\n<ul>\n<li>Optymalna temperatura klejenia wynosi od 20 do 30\u00b0C w suchych pomieszczeniach. Je\u015bli to mo\u017cliwe, nie nale\u017cy pracowa\u0107 w temperaturach poni\u017cej 10\u00b0C.<\/li>\n<\/ul>\n<\/div><\/section><\/p><\/div>\n<style type=\"text\/css\" data-created_by=\"avia_inline_auto\" id=\"style-css-av-24wjv1-5d157cfffebc5dfbdd36da7d9d58c3a8\">\n.flex_column.av-24wjv1-5d157cfffebc5dfbdd36da7d9d58c3a8{\nborder-radius:0px 0px 0px 0px;\npadding:0px 0px 0px 0px;\nbackground-color:#ffffff;\n}\n<\/style>\n<div  class='flex_column av-24wjv1-5d157cfffebc5dfbdd36da7d9d58c3a8 av_one_third  avia-builder-el-14  el_after_av_one_third  el_before_av_one_third  greybox first flex_column_div av-animated-generic left-to-right av-zero-column-padding  column-top-margin'     ><p>\n<style type=\"text\/css\" data-created_by=\"avia_inline_auto\" id=\"style-css-av-1ukmz1-55a1422227660d9d323a08348db623f7\">\n.avia-image-container.av-1ukmz1-55a1422227660d9d323a08348db623f7 img.avia_image{\nbox-shadow:none;\n}\n.avia-image-container.av-1ukmz1-55a1422227660d9d323a08348db623f7 .av-image-caption-overlay-center{\ncolor:#ffffff;\n}\n<\/style>\n<div  class='avia-image-container av-1ukmz1-55a1422227660d9d323a08348db623f7 av-styling-no-styling avia-align-center  avia-builder-el-15  el_before_av_textblock  avia-builder-el-first '   itemprop=\"image\" itemscope=\"itemscope\" itemtype=\"https:\/\/schema.org\/ImageObject\" ><div class=\"avia-image-container-inner\"><div class=\"avia-image-overlay-wrap\"><img decoding=\"async\" fetchpriority=\"high\" class='wp-image-29406 avia-img-lazy-loading-not-29406 avia_image ' src=\"https:\/\/cardinal-tapes.com\/wp-content\/uploads\/cardinal-content-applikation.jpg\" alt='' title='cardinal-content-applikation'  height=\"564\" width=\"880\"  itemprop=\"thumbnailUrl\" srcset=\"https:\/\/cardinal-tapes.com\/wp-content\/uploads\/cardinal-content-applikation.jpg 880w, https:\/\/cardinal-tapes.com\/wp-content\/uploads\/cardinal-content-applikation-200x128.jpg 200w, https:\/\/cardinal-tapes.com\/wp-content\/uploads\/cardinal-content-applikation-768x492.jpg 768w, https:\/\/cardinal-tapes.com\/wp-content\/uploads\/cardinal-content-applikation-705x452.jpg 705w, https:\/\/cardinal-tapes.com\/wp-content\/uploads\/cardinal-content-applikation-450x288.jpg 450w\" sizes=\"(max-width: 880px) 100vw, 880px\" \/><\/div><\/div><\/div><br \/>\n<section  class='av_textblock_section av-1ifxit-a0110023f2b3438145c7bae640aab1d7 '   itemscope=\"itemscope\" itemtype=\"https:\/\/schema.org\/CreativeWork\" ><div class='avia_textblock'  itemprop=\"text\" ><h4>Zastosowanie<\/h4>\n<ul>\n<li>Pokrywa separatora musi by\u0107 ca\u0142kowicie zdj\u0119ta.<\/li>\n<li>Po po\u0142\u0105czeniu docisn\u0105\u0107 elementy z wystarczaj\u0105cym i r\u00f3wnomiernym naciskiem (ok. 20 N\/cm\u00b2).<\/li>\n<li>Aby uzyska\u0107 optymalne wi\u0105zanie, nale\u017cy u\u017cy\u0107 wa\u0142ka dociskowego.<\/li>\n<li>Upewni\u0107 si\u0119, \u017ce sprz\u0119t do aplikacji (w tym r\u0119ce) jest wolny od \u015brodk\u00f3w antyadhezyjnych.<\/li>\n<\/ul>\n<\/div><\/section><\/p><\/div>\n<style type=\"text\/css\" data-created_by=\"avia_inline_auto\" id=\"style-css-av-1d267p-ead75e973fd4644aa6a8dc7d45d35ab8\">\n.flex_column.av-1d267p-ead75e973fd4644aa6a8dc7d45d35ab8{\nborder-radius:0px 0px 0px 0px;\npadding:0px 0px 0px 0px;\nbackground-color:#ffffff;\n}\n<\/style>\n<div  class='flex_column av-1d267p-ead75e973fd4644aa6a8dc7d45d35ab8 av_one_third  avia-builder-el-17  el_after_av_one_third  el_before_av_one_third  greybox flex_column_div av-animated-generic fade-in av-zero-column-padding  column-top-margin'     ><p>\n<style type=\"text\/css\" data-created_by=\"avia_inline_auto\" id=\"style-css-av-19qaml-d6006d64f0ada160a6e84765cb782d61\">\n.avia-image-container.av-19qaml-d6006d64f0ada160a6e84765cb782d61 img.avia_image{\nbox-shadow:none;\n}\n.avia-image-container.av-19qaml-d6006d64f0ada160a6e84765cb782d61 .av-image-caption-overlay-center{\ncolor:#ffffff;\n}\n<\/style>\n<div  class='avia-image-container av-19qaml-d6006d64f0ada160a6e84765cb782d61 av-styling-no-styling avia-align-center  avia-builder-el-18  el_before_av_textblock  avia-builder-el-first '   itemprop=\"image\" itemscope=\"itemscope\" itemtype=\"https:\/\/schema.org\/ImageObject\" ><div class=\"avia-image-container-inner\"><div class=\"avia-image-overlay-wrap\"><img decoding=\"async\" fetchpriority=\"high\" class='wp-image-29410 avia-img-lazy-loading-not-29410 avia_image ' src=\"https:\/\/cardinal-tapes.com\/wp-content\/uploads\/cardinal-content-endklebkraft.png\" alt='' title='cardinal-content-endklebkraft'  height=\"564\" width=\"880\"  itemprop=\"thumbnailUrl\" srcset=\"https:\/\/cardinal-tapes.com\/wp-content\/uploads\/cardinal-content-endklebkraft.png 880w, https:\/\/cardinal-tapes.com\/wp-content\/uploads\/cardinal-content-endklebkraft-200x128.png 200w, https:\/\/cardinal-tapes.com\/wp-content\/uploads\/cardinal-content-endklebkraft-768x492.png 768w, https:\/\/cardinal-tapes.com\/wp-content\/uploads\/cardinal-content-endklebkraft-705x452.png 705w, https:\/\/cardinal-tapes.com\/wp-content\/uploads\/cardinal-content-endklebkraft-450x288.png 450w\" sizes=\"(max-width: 880px) 100vw, 880px\" \/><\/div><\/div><\/div><br \/>\n<section  class='av_textblock_section av-vwp1p-d2fb57dd8b43f2ad12a3f4f88fb99a1a '   itemscope=\"itemscope\" itemtype=\"https:\/\/schema.org\/CreativeWork\" ><div class='avia_textblock'  itemprop=\"text\" ><h4>Ko\u0144cowa si\u0142a klejenia<\/h4>\n<ul>\n<li>Aby osi\u0105gn\u0105\u0107 zwykle wy\u017csz\u0105 ko\u0144cow\u0105 si\u0142\u0119 klejenia, konieczny jest czas monta\u017cu do 48 godzin.<\/li>\n<\/ul>\n<\/div><\/section><\/p><\/div>\n<style type=\"text\/css\" data-created_by=\"avia_inline_auto\" id=\"style-css-av-t9zbp-684a9486375d92b7a07085a43e7d23ee\">\n.flex_column.av-t9zbp-684a9486375d92b7a07085a43e7d23ee{\nborder-radius:0px 0px 0px 0px;\npadding:0px 0px 0px 0px;\nbackground-color:#ffffff;\n}\n<\/style>\n<div  class='flex_column av-t9zbp-684a9486375d92b7a07085a43e7d23ee av_one_third  avia-builder-el-20  el_after_av_one_third  el_before_av_codeblock  greybox flex_column_div av-animated-generic right-to-left av-zero-column-padding  column-top-margin'     ><p>\n<style type=\"text\/css\" data-created_by=\"avia_inline_auto\" id=\"style-css-av-m0665-cad47aa47a5a8de0ad57d39bf794c258\">\n.avia-image-container.av-m0665-cad47aa47a5a8de0ad57d39bf794c258 img.avia_image{\nbox-shadow:none;\n}\n.avia-image-container.av-m0665-cad47aa47a5a8de0ad57d39bf794c258 .av-image-caption-overlay-center{\ncolor:#ffffff;\n}\n<\/style>\n<div  class='avia-image-container av-m0665-cad47aa47a5a8de0ad57d39bf794c258 av-styling-no-styling avia-align-center  avia-builder-el-21  el_before_av_textblock  avia-builder-el-first '   itemprop=\"image\" itemscope=\"itemscope\" itemtype=\"https:\/\/schema.org\/ImageObject\" ><div class=\"avia-image-container-inner\"><div class=\"avia-image-overlay-wrap\"><img decoding=\"async\" fetchpriority=\"high\" class='wp-image-29418 avia-img-lazy-loading-not-29418 avia_image ' src=\"https:\/\/cardinal-tapes.com\/wp-content\/uploads\/cardinal-content-lagerung-1.jpg\" alt='' title='cardinal-content-lagerung'  height=\"564\" width=\"880\"  itemprop=\"thumbnailUrl\" srcset=\"https:\/\/cardinal-tapes.com\/wp-content\/uploads\/cardinal-content-lagerung-1.jpg 880w, https:\/\/cardinal-tapes.com\/wp-content\/uploads\/cardinal-content-lagerung-1-200x128.jpg 200w, https:\/\/cardinal-tapes.com\/wp-content\/uploads\/cardinal-content-lagerung-1-768x492.jpg 768w, https:\/\/cardinal-tapes.com\/wp-content\/uploads\/cardinal-content-lagerung-1-705x452.jpg 705w, https:\/\/cardinal-tapes.com\/wp-content\/uploads\/cardinal-content-lagerung-1-450x288.jpg 450w\" sizes=\"(max-width: 880px) 100vw, 880px\" \/><\/div><\/div><\/div><br \/>\n<section  class='av_textblock_section av-7sd0l-905d679f439b4f85516c5f55212fb889 '   itemscope=\"itemscope\" itemtype=\"https:\/\/schema.org\/CreativeWork\" ><div class='avia_textblock'  itemprop=\"text\" ><h4>Przechowywanie<\/h4>\n<ul>\n<li>  Ta\u015bm\u0119 nale\u017cy przechowywa\u0107 w oryginalnym opakowaniu w temperaturze pokojowej (optymalna: 18\u00b0C i 55% wilgotno\u015bci wzgl\u0119dnej).<\/li>\n<\/ul>\n<\/div><\/section><\/p><\/div>\n\n","protected":false},"excerpt":{"rendered":"","protected":false},"author":1,"featured_media":0,"parent":30135,"menu_order":2,"comment_status":"closed","ping_status":"closed","template":"","meta":{"_acf_changed":false,"footnotes":""},"class_list":["post-30726","page","type-page","status-publish","hentry"],"acf":[],"yoast_head":"<!-- This site is optimized with the Yoast SEO plugin v27.3 - https:\/\/yoast.com\/product\/yoast-seo-wordpress\/ -->\n<title>Instrukcje przetwarzania ta\u015bm samoprzylepnych | cardinal TAPES<\/title>\n<meta name=\"description\" content=\"Przetwarzanie ta\u015bm samoprzylepnych jest oczywi\u015bcie szczeg\u00f3lnie wa\u017cne. Tutaj znajduj\u0105 si\u0119 najwa\u017cniejsze instrukcje dotycz\u0105ce przetwarzania ta\u015bm samoprzylepnych.\" \/>\n<meta name=\"robots\" content=\"index, follow, max-snippet:-1, max-image-preview:large, max-video-preview:-1\" \/>\n<link rel=\"canonical\" href=\"https:\/\/cardinal-tapes.com\/pl\/infothek\/instrukcje-przetwarzania\/\" \/>\n<meta property=\"og:locale\" content=\"pl_PL\" \/>\n<meta property=\"og:type\" content=\"article\" \/>\n<meta property=\"og:title\" content=\"Instrukcje przetwarzania ta\u015bm samoprzylepnych | cardinal TAPES\" \/>\n<meta property=\"og:description\" content=\"Przetwarzanie ta\u015bm samoprzylepnych jest oczywi\u015bcie szczeg\u00f3lnie wa\u017cne. Tutaj znajduj\u0105 si\u0119 najwa\u017cniejsze instrukcje dotycz\u0105ce przetwarzania ta\u015bm samoprzylepnych.\" \/>\n<meta property=\"og:url\" content=\"https:\/\/cardinal-tapes.com\/pl\/infothek\/instrukcje-przetwarzania\/\" \/>\n<meta property=\"og:site_name\" content=\"cardinal TAPES\" \/>\n<meta property=\"article:modified_time\" content=\"2023-06-12T12:22:49+00:00\" \/>\n<meta name=\"twitter:card\" content=\"summary_large_image\" \/>\n<meta name=\"twitter:label1\" content=\"Szacowany czas czytania\" \/>\n\t<meta name=\"twitter:data1\" content=\"29 minut\" \/>\n<script type=\"application\/ld+json\" class=\"yoast-schema-graph\">{\"@context\":\"https:\\\/\\\/schema.org\",\"@graph\":[{\"@type\":\"WebPage\",\"@id\":\"https:\\\/\\\/cardinal-tapes.com\\\/pl\\\/infothek\\\/instrukcje-przetwarzania\\\/\",\"url\":\"https:\\\/\\\/cardinal-tapes.com\\\/pl\\\/infothek\\\/instrukcje-przetwarzania\\\/\",\"name\":\"Instrukcje przetwarzania ta\u015bm samoprzylepnych | cardinal TAPES\",\"isPartOf\":{\"@id\":\"https:\\\/\\\/cardinal-tapes.com\\\/#website\"},\"datePublished\":\"2023-06-02T08:57:52+00:00\",\"dateModified\":\"2023-06-12T12:22:49+00:00\",\"description\":\"Przetwarzanie ta\u015bm samoprzylepnych jest oczywi\u015bcie szczeg\u00f3lnie wa\u017cne. Tutaj znajduj\u0105 si\u0119 najwa\u017cniejsze instrukcje dotycz\u0105ce przetwarzania ta\u015bm samoprzylepnych.\",\"breadcrumb\":{\"@id\":\"https:\\\/\\\/cardinal-tapes.com\\\/pl\\\/infothek\\\/instrukcje-przetwarzania\\\/#breadcrumb\"},\"inLanguage\":\"pl-PL\",\"potentialAction\":[{\"@type\":\"ReadAction\",\"target\":[\"https:\\\/\\\/cardinal-tapes.com\\\/pl\\\/infothek\\\/instrukcje-przetwarzania\\\/\"]}]},{\"@type\":\"BreadcrumbList\",\"@id\":\"https:\\\/\\\/cardinal-tapes.com\\\/pl\\\/infothek\\\/instrukcje-przetwarzania\\\/#breadcrumb\",\"itemListElement\":[{\"@type\":\"ListItem\",\"position\":1,\"name\":\"Startseite\",\"item\":\"https:\\\/\\\/cardinal-tapes.com\\\/pl\\\/strona-glowna\\\/\"},{\"@type\":\"ListItem\",\"position\":2,\"name\":\"Infothek\",\"item\":\"https:\\\/\\\/cardinal-tapes.com\\\/pl\\\/infothek\\\/\"},{\"@type\":\"ListItem\",\"position\":3,\"name\":\"Instrukcje przetwarzania\"}]},{\"@type\":\"WebSite\",\"@id\":\"https:\\\/\\\/cardinal-tapes.com\\\/#website\",\"url\":\"https:\\\/\\\/cardinal-tapes.com\\\/\",\"name\":\"cardinal TAPES\",\"description\":\"Klebetechnik aus Wuppertal\",\"potentialAction\":[{\"@type\":\"SearchAction\",\"target\":{\"@type\":\"EntryPoint\",\"urlTemplate\":\"https:\\\/\\\/cardinal-tapes.com\\\/?s={search_term_string}\"},\"query-input\":{\"@type\":\"PropertyValueSpecification\",\"valueRequired\":true,\"valueName\":\"search_term_string\"}}],\"inLanguage\":\"pl-PL\"}]}<\/script>\n<!-- \/ Yoast SEO plugin. -->","yoast_head_json":{"title":"Instrukcje przetwarzania ta\u015bm samoprzylepnych | cardinal TAPES","description":"Przetwarzanie ta\u015bm samoprzylepnych jest oczywi\u015bcie szczeg\u00f3lnie wa\u017cne. Tutaj znajduj\u0105 si\u0119 najwa\u017cniejsze instrukcje dotycz\u0105ce przetwarzania ta\u015bm samoprzylepnych.","robots":{"index":"index","follow":"follow","max-snippet":"max-snippet:-1","max-image-preview":"max-image-preview:large","max-video-preview":"max-video-preview:-1"},"canonical":"https:\/\/cardinal-tapes.com\/pl\/infothek\/instrukcje-przetwarzania\/","og_locale":"pl_PL","og_type":"article","og_title":"Instrukcje przetwarzania ta\u015bm samoprzylepnych | cardinal TAPES","og_description":"Przetwarzanie ta\u015bm samoprzylepnych jest oczywi\u015bcie szczeg\u00f3lnie wa\u017cne. Tutaj znajduj\u0105 si\u0119 najwa\u017cniejsze instrukcje dotycz\u0105ce przetwarzania ta\u015bm samoprzylepnych.","og_url":"https:\/\/cardinal-tapes.com\/pl\/infothek\/instrukcje-przetwarzania\/","og_site_name":"cardinal TAPES","article_modified_time":"2023-06-12T12:22:49+00:00","twitter_card":"summary_large_image","twitter_misc":{"Szacowany czas czytania":"29 minut"},"schema":{"@context":"https:\/\/schema.org","@graph":[{"@type":"WebPage","@id":"https:\/\/cardinal-tapes.com\/pl\/infothek\/instrukcje-przetwarzania\/","url":"https:\/\/cardinal-tapes.com\/pl\/infothek\/instrukcje-przetwarzania\/","name":"Instrukcje przetwarzania ta\u015bm samoprzylepnych | cardinal TAPES","isPartOf":{"@id":"https:\/\/cardinal-tapes.com\/#website"},"datePublished":"2023-06-02T08:57:52+00:00","dateModified":"2023-06-12T12:22:49+00:00","description":"Przetwarzanie ta\u015bm samoprzylepnych jest oczywi\u015bcie szczeg\u00f3lnie wa\u017cne. Tutaj znajduj\u0105 si\u0119 najwa\u017cniejsze instrukcje dotycz\u0105ce przetwarzania ta\u015bm samoprzylepnych.","breadcrumb":{"@id":"https:\/\/cardinal-tapes.com\/pl\/infothek\/instrukcje-przetwarzania\/#breadcrumb"},"inLanguage":"pl-PL","potentialAction":[{"@type":"ReadAction","target":["https:\/\/cardinal-tapes.com\/pl\/infothek\/instrukcje-przetwarzania\/"]}]},{"@type":"BreadcrumbList","@id":"https:\/\/cardinal-tapes.com\/pl\/infothek\/instrukcje-przetwarzania\/#breadcrumb","itemListElement":[{"@type":"ListItem","position":1,"name":"Startseite","item":"https:\/\/cardinal-tapes.com\/pl\/strona-glowna\/"},{"@type":"ListItem","position":2,"name":"Infothek","item":"https:\/\/cardinal-tapes.com\/pl\/infothek\/"},{"@type":"ListItem","position":3,"name":"Instrukcje przetwarzania"}]},{"@type":"WebSite","@id":"https:\/\/cardinal-tapes.com\/#website","url":"https:\/\/cardinal-tapes.com\/","name":"cardinal TAPES","description":"Klebetechnik aus Wuppertal","potentialAction":[{"@type":"SearchAction","target":{"@type":"EntryPoint","urlTemplate":"https:\/\/cardinal-tapes.com\/?s={search_term_string}"},"query-input":{"@type":"PropertyValueSpecification","valueRequired":true,"valueName":"search_term_string"}}],"inLanguage":"pl-PL"}]}},"_links":{"self":[{"href":"https:\/\/cardinal-tapes.com\/pl\/wp-json\/wp\/v2\/pages\/30726","targetHints":{"allow":["GET"]}}],"collection":[{"href":"https:\/\/cardinal-tapes.com\/pl\/wp-json\/wp\/v2\/pages"}],"about":[{"href":"https:\/\/cardinal-tapes.com\/pl\/wp-json\/wp\/v2\/types\/page"}],"author":[{"embeddable":true,"href":"https:\/\/cardinal-tapes.com\/pl\/wp-json\/wp\/v2\/users\/1"}],"replies":[{"embeddable":true,"href":"https:\/\/cardinal-tapes.com\/pl\/wp-json\/wp\/v2\/comments?post=30726"}],"version-history":[{"count":0,"href":"https:\/\/cardinal-tapes.com\/pl\/wp-json\/wp\/v2\/pages\/30726\/revisions"}],"up":[{"embeddable":true,"href":"https:\/\/cardinal-tapes.com\/pl\/wp-json\/wp\/v2\/pages\/30135"}],"wp:attachment":[{"href":"https:\/\/cardinal-tapes.com\/pl\/wp-json\/wp\/v2\/media?parent=30726"}],"curies":[{"name":"wp","href":"https:\/\/api.w.org\/{rel}","templated":true}]}}