{"id":30698,"date":"2023-06-02T10:57:51","date_gmt":"2023-06-02T08:57:51","guid":{"rendered":"https:\/\/cardinal.pixel-tal.de\/infothek\/metody-testowania\/"},"modified":"2023-06-12T14:24:38","modified_gmt":"2023-06-12T12:24:38","slug":"metody-testowania","status":"publish","type":"page","link":"https:\/\/cardinal-tapes.com\/pl\/infothek\/metody-testowania\/","title":{"rendered":"Metody testowania"},"content":{"rendered":"<div id='av_section_1'  class='avia-section av-2vauhv-a76f8a89034928afad3353f92bea1da5 main_color avia-section-default avia-no-shadow  avia-builder-el-0  avia-builder-el-no-sibling  avia-bg-style-scroll container_wrap fullsize'  ><div class='container av-section-cont-open' ><main  role=\"main\" itemprop=\"mainContentOfPage\"  class='template-page content  av-content-full alpha units'><div class='post-entry post-entry-type-page post-entry-30698'><div class='entry-content-wrapper clearfix'>\n\n<style type=\"text\/css\" data-created_by=\"avia_inline_auto\" id=\"style-css-av-2ruxuj-b5284e34876ac82a706c357b3663bdc9\">\n.flex_column.av-2ruxuj-b5284e34876ac82a706c357b3663bdc9{\nborder-radius:0px 0px 0px 0px;\npadding:0px 0px 0px 0px;\n}\n<\/style>\n<div  class='flex_column av-2ruxuj-b5284e34876ac82a706c357b3663bdc9 av_one_full  avia-builder-el-1  el_before_av_codeblock  avia-builder-el-first  first flex_column_div av-animated-generic left-to-right av-zero-column-padding  '     ><div class=\"pxl-headline pxl-hl hl-wrap | hl-sub--bot hl--align-left hl--no-margin    \">\n        <div class=\"hl-inner\">\n            <h1 class=\"hl-main hl-line |  hl_main--default  \">Metody testowania<\/h1>\n            <span class=\"hl-sub hl-line |  hl_sub--default  \">W ten spos\u00f3b gwarantujemy najwy\u017csz\u0105 jako\u015b\u0107<\/span>\n    <\/div>\n<\/div><\/div>\n\n<style type=\"text\/css\" data-created_by=\"avia_inline_auto\" id=\"style-css-av-265o2r-3f7668ad30032958e5bd7299623a25c6\">\n.flex_column.av-265o2r-3f7668ad30032958e5bd7299623a25c6{\nborder-radius:0px 0px 0px 0px;\npadding:0px 0px 0px 0px;\nbackground-color:#ffffff;\n}\n<\/style>\n<div  class='flex_column av-265o2r-3f7668ad30032958e5bd7299623a25c6 av_one_third  avia-builder-el-4  el_after_av_codeblock  el_before_av_one_third  greybox first flex_column_div av-animated-generic left-to-right av-zero-column-padding  '     ><p>\n<style type=\"text\/css\" data-created_by=\"avia_inline_auto\" id=\"style-css-av-7o483-777c4cf7f7158da53a65cc55b6500119\">\n.avia-image-container.av-7o483-777c4cf7f7158da53a65cc55b6500119 img.avia_image{\nbox-shadow:none;\n}\n.avia-image-container.av-7o483-777c4cf7f7158da53a65cc55b6500119 .av-image-caption-overlay-center{\ncolor:#ffffff;\n}\n<\/style>\n<div  class='avia-image-container av-7o483-777c4cf7f7158da53a65cc55b6500119 av-styling-no-styling avia-align-center  avia-builder-el-5  el_before_av_textblock  avia-builder-el-first '   itemprop=\"image\" itemscope=\"itemscope\" itemtype=\"https:\/\/schema.org\/ImageObject\" ><div class=\"avia-image-container-inner\"><div class=\"avia-image-overlay-wrap\"><img decoding=\"async\" fetchpriority=\"high\" class='wp-image-29382 avia-img-lazy-loading-not-29382 avia_image ' src=\"https:\/\/cardinal-tapes.com\/wp-content\/uploads\/cardinal-content-klebkraft.png\" alt='' title='cardinal-content-klebkraft'  height=\"564\" width=\"880\"  itemprop=\"thumbnailUrl\" srcset=\"https:\/\/cardinal-tapes.com\/wp-content\/uploads\/cardinal-content-klebkraft.png 880w, https:\/\/cardinal-tapes.com\/wp-content\/uploads\/cardinal-content-klebkraft-200x128.png 200w, https:\/\/cardinal-tapes.com\/wp-content\/uploads\/cardinal-content-klebkraft-768x492.png 768w, https:\/\/cardinal-tapes.com\/wp-content\/uploads\/cardinal-content-klebkraft-705x452.png 705w, https:\/\/cardinal-tapes.com\/wp-content\/uploads\/cardinal-content-klebkraft-450x288.png 450w\" sizes=\"(max-width: 880px) 100vw, 880px\" \/><\/div><\/div><\/div><br \/>\n<section  class='av_textblock_section av-1rfj77-d4b55f46e124eb6797356da0ed734698 '   itemscope=\"itemscope\" itemtype=\"https:\/\/schema.org\/CreativeWork\" ><div class='avia_textblock'  itemprop=\"text\" ><h4>Wytrzyma\u0142o\u015b\u0107 kleju<\/h4>\n<p>Przyczepno\u015b\u0107 opisuje si\u0142\u0119 przylegania ta\u015bmy do pod\u0142o\u017ca i jest jednym z najwa\u017cniejszych parametr\u00f3w ka\u017cdego zastosowania. Si\u0142a klejenia wzrasta pod wp\u0142ywem nacisku na z\u0142\u0105cze. Zale\u017cy to w du\u017cej mierze od si\u0142y nacisku, czasu oraz rodzaju i stanu powierzchni klejonego materia\u0142u.<\/p>\n<\/div><\/section><\/p><\/div>\n<style type=\"text\/css\" data-created_by=\"avia_inline_auto\" id=\"style-css-av-1j8gij-1e1e5312bffaa23070646467b5d1f007\">\n.flex_column.av-1j8gij-1e1e5312bffaa23070646467b5d1f007{\nborder-radius:0px 0px 0px 0px;\npadding:0px 0px 0px 0px;\nbackground-color:#ffffff;\n}\n<\/style>\n<div  class='flex_column av-1j8gij-1e1e5312bffaa23070646467b5d1f007 av_one_third  avia-builder-el-7  el_after_av_one_third  el_before_av_one_third  greybox flex_column_div av-animated-generic fade-in av-zero-column-padding  '     ><p>\n<style type=\"text\/css\" data-created_by=\"avia_inline_auto\" id=\"style-css-av-1g78ez-0d7c54bfb9b6797e83086946adae72bc\">\n.avia-image-container.av-1g78ez-0d7c54bfb9b6797e83086946adae72bc img.avia_image{\nbox-shadow:none;\n}\n.avia-image-container.av-1g78ez-0d7c54bfb9b6797e83086946adae72bc .av-image-caption-overlay-center{\ncolor:#ffffff;\n}\n<\/style>\n<div  class='avia-image-container av-1g78ez-0d7c54bfb9b6797e83086946adae72bc av-styling-no-styling avia-align-center  avia-builder-el-8  el_before_av_textblock  avia-builder-el-first '   itemprop=\"image\" itemscope=\"itemscope\" itemtype=\"https:\/\/schema.org\/ImageObject\" ><div class=\"avia-image-container-inner\"><div class=\"avia-image-overlay-wrap\"><img decoding=\"async\" fetchpriority=\"high\" class='wp-image-29386 avia-img-lazy-loading-not-29386 avia_image ' src=\"https:\/\/cardinal-tapes.com\/wp-content\/uploads\/cardinal-content-scherfestigkeit.png\" alt='' title='cardinal-content-scherfestigkeit'  height=\"564\" width=\"880\"  itemprop=\"thumbnailUrl\" srcset=\"https:\/\/cardinal-tapes.com\/wp-content\/uploads\/cardinal-content-scherfestigkeit.png 880w, https:\/\/cardinal-tapes.com\/wp-content\/uploads\/cardinal-content-scherfestigkeit-200x128.png 200w, https:\/\/cardinal-tapes.com\/wp-content\/uploads\/cardinal-content-scherfestigkeit-768x492.png 768w, https:\/\/cardinal-tapes.com\/wp-content\/uploads\/cardinal-content-scherfestigkeit-705x452.png 705w, https:\/\/cardinal-tapes.com\/wp-content\/uploads\/cardinal-content-scherfestigkeit-450x288.png 450w\" sizes=\"(max-width: 880px) 100vw, 880px\" \/><\/div><\/div><\/div><br \/>\n<section  class='av_textblock_section av-10pgxv-850949179ee666a021d5102348e1e899 '   itemscope=\"itemscope\" itemtype=\"https:\/\/schema.org\/CreativeWork\" ><div class='avia_textblock konfektionierung_content'  itemprop=\"text\" ><h4>Wytrzyma\u0142o\u015b\u0107 na \u015bcinanie<\/h4>\n<p>Wytrzyma\u0142o\u015b\u0107 na \u015bcinanie jest w du\u017cej mierze okre\u015blana przez wewn\u0119trzn\u0105 wytrzyma\u0142o\u015b\u0107 kleju i opisuje si\u0142\u0119 trzymania ta\u015bmy w danym zastosowaniu. Wytrzyma\u0142o\u015b\u0107 na \u015bcinanie jest istotna w zastosowaniach, w kt\u00f3rych si\u0142y dzia\u0142aj\u0105 r\u00f3wnolegle do klejonej powierzchni.<\/p>\n<\/div><\/section><\/p><\/div>\n<style type=\"text\/css\" data-created_by=\"avia_inline_auto\" id=\"style-css-av-zirwj-7e2731f2a6d4333fcec0119bd9957801\">\n.flex_column.av-zirwj-7e2731f2a6d4333fcec0119bd9957801{\nborder-radius:0px 0px 0px 0px;\npadding:0px 0px 0px 0px;\nbackground-color:#ffffff;\n}\n<\/style>\n<div  class='flex_column av-zirwj-7e2731f2a6d4333fcec0119bd9957801 av_one_third  avia-builder-el-10  el_after_av_one_third  el_before_av_codeblock  greybox flex_column_div av-animated-generic right-to-left av-zero-column-padding  '     ><p>\n<style type=\"text\/css\" data-created_by=\"avia_inline_auto\" id=\"style-css-av-swfnn-fb20abd03dd854d86b7d0a937f30c301\">\n.avia-image-container.av-swfnn-fb20abd03dd854d86b7d0a937f30c301 img.avia_image{\nbox-shadow:none;\n}\n.avia-image-container.av-swfnn-fb20abd03dd854d86b7d0a937f30c301 .av-image-caption-overlay-center{\ncolor:#ffffff;\n}\n<\/style>\n<div  class='avia-image-container av-swfnn-fb20abd03dd854d86b7d0a937f30c301 av-styling-no-styling avia-align-center  avia-builder-el-11  el_before_av_textblock  avia-builder-el-first '   itemprop=\"image\" itemscope=\"itemscope\" itemtype=\"https:\/\/schema.org\/ImageObject\" ><div class=\"avia-image-container-inner\"><div class=\"avia-image-overlay-wrap\"><img decoding=\"async\" fetchpriority=\"high\" class='wp-image-29390 avia-img-lazy-loading-not-29390 avia_image ' src=\"https:\/\/cardinal-tapes.com\/wp-content\/uploads\/cardinal-content-temperaturbestaendigkeit.png\" alt='' title='cardinal-content-temperaturbestaendigkeit'  height=\"564\" width=\"880\"  itemprop=\"thumbnailUrl\" srcset=\"https:\/\/cardinal-tapes.com\/wp-content\/uploads\/cardinal-content-temperaturbestaendigkeit.png 880w, https:\/\/cardinal-tapes.com\/wp-content\/uploads\/cardinal-content-temperaturbestaendigkeit-200x128.png 200w, https:\/\/cardinal-tapes.com\/wp-content\/uploads\/cardinal-content-temperaturbestaendigkeit-768x492.png 768w, https:\/\/cardinal-tapes.com\/wp-content\/uploads\/cardinal-content-temperaturbestaendigkeit-705x452.png 705w, https:\/\/cardinal-tapes.com\/wp-content\/uploads\/cardinal-content-temperaturbestaendigkeit-450x288.png 450w\" sizes=\"(max-width: 880px) 100vw, 880px\" \/><\/div><\/div><\/div><br \/>\n<section  class='av_textblock_section av-d8dbv-5d04ae4a1c308cb65eb5ae651be3be72 '   itemscope=\"itemscope\" itemtype=\"https:\/\/schema.org\/CreativeWork\" ><div class='avia_textblock'  itemprop=\"text\" ><h4>Odporno\u015b\u0107 na temperatur\u0119<\/h4>\n<p>Odporno\u015b\u0107 na temperatur\u0119 jest miar\u0105 si\u0142y trzymania w aplikacji w podwy\u017cszonych temperaturach. Wskazuje temperatur\u0119, do kt\u00f3rej ta\u015bma mo\u017ce utrzyma\u0107 okre\u015blony ci\u0119\u017car. Rozr\u00f3\u017cnia si\u0119 odporno\u015b\u0107 kr\u00f3tkoterminow\u0105 (sek.\/min.) i d\u0142ugoterminow\u0105 (godz.\/rok).<\/p>\n<\/div><\/section><\/p><\/div>\n\n","protected":false},"excerpt":{"rendered":"","protected":false},"author":1,"featured_media":0,"parent":30135,"menu_order":1,"comment_status":"closed","ping_status":"closed","template":"","meta":{"_acf_changed":false,"footnotes":""},"class_list":["post-30698","page","type-page","status-publish","hentry"],"acf":[],"yoast_head":"<!-- This site is optimized with the Yoast SEO plugin v27.3 - https:\/\/yoast.com\/product\/yoast-seo-wordpress\/ -->\n<title>Metody testowania ta\u015bm samoprzylepnych | ta\u015bmy kardynalne<\/title>\n<meta name=\"description\" content=\"W\u0142a\u015bciwe metody testowania s\u0105 bardzo wa\u017cne w przypadku ta\u015bm samoprzylepnych. Tutaj mo\u017cesz dowiedzie\u0107 si\u0119 wszystkiego o r\u00f3\u017cnych metodach testowania.\" \/>\n<meta name=\"robots\" content=\"index, follow, max-snippet:-1, max-image-preview:large, max-video-preview:-1\" \/>\n<link rel=\"canonical\" href=\"https:\/\/cardinal-tapes.com\/pl\/infothek\/metody-testowania\/\" \/>\n<meta property=\"og:locale\" content=\"pl_PL\" \/>\n<meta property=\"og:type\" content=\"article\" \/>\n<meta property=\"og:title\" content=\"Metody testowania ta\u015bm samoprzylepnych | ta\u015bmy kardynalne\" \/>\n<meta property=\"og:description\" content=\"W\u0142a\u015bciwe metody testowania s\u0105 bardzo wa\u017cne w przypadku ta\u015bm samoprzylepnych. Tutaj mo\u017cesz dowiedzie\u0107 si\u0119 wszystkiego o r\u00f3\u017cnych metodach testowania.\" \/>\n<meta property=\"og:url\" content=\"https:\/\/cardinal-tapes.com\/pl\/infothek\/metody-testowania\/\" \/>\n<meta property=\"og:site_name\" content=\"cardinal TAPES\" \/>\n<meta property=\"article:modified_time\" content=\"2023-06-12T12:24:38+00:00\" \/>\n<meta name=\"twitter:card\" content=\"summary_large_image\" \/>\n<meta name=\"twitter:label1\" content=\"Szacowany czas czytania\" \/>\n\t<meta name=\"twitter:data1\" content=\"16 minut\" \/>\n<script type=\"application\/ld+json\" class=\"yoast-schema-graph\">{\"@context\":\"https:\\\/\\\/schema.org\",\"@graph\":[{\"@type\":\"WebPage\",\"@id\":\"https:\\\/\\\/cardinal-tapes.com\\\/pl\\\/infothek\\\/metody-testowania\\\/\",\"url\":\"https:\\\/\\\/cardinal-tapes.com\\\/pl\\\/infothek\\\/metody-testowania\\\/\",\"name\":\"Metody testowania ta\u015bm samoprzylepnych | ta\u015bmy kardynalne\",\"isPartOf\":{\"@id\":\"https:\\\/\\\/cardinal-tapes.com\\\/#website\"},\"datePublished\":\"2023-06-02T08:57:51+00:00\",\"dateModified\":\"2023-06-12T12:24:38+00:00\",\"description\":\"W\u0142a\u015bciwe metody testowania s\u0105 bardzo wa\u017cne w przypadku ta\u015bm samoprzylepnych. Tutaj mo\u017cesz dowiedzie\u0107 si\u0119 wszystkiego o r\u00f3\u017cnych metodach testowania.\",\"breadcrumb\":{\"@id\":\"https:\\\/\\\/cardinal-tapes.com\\\/pl\\\/infothek\\\/metody-testowania\\\/#breadcrumb\"},\"inLanguage\":\"pl-PL\",\"potentialAction\":[{\"@type\":\"ReadAction\",\"target\":[\"https:\\\/\\\/cardinal-tapes.com\\\/pl\\\/infothek\\\/metody-testowania\\\/\"]}]},{\"@type\":\"BreadcrumbList\",\"@id\":\"https:\\\/\\\/cardinal-tapes.com\\\/pl\\\/infothek\\\/metody-testowania\\\/#breadcrumb\",\"itemListElement\":[{\"@type\":\"ListItem\",\"position\":1,\"name\":\"Startseite\",\"item\":\"https:\\\/\\\/cardinal-tapes.com\\\/pl\\\/strona-glowna\\\/\"},{\"@type\":\"ListItem\",\"position\":2,\"name\":\"Infothek\",\"item\":\"https:\\\/\\\/cardinal-tapes.com\\\/pl\\\/infothek\\\/\"},{\"@type\":\"ListItem\",\"position\":3,\"name\":\"Metody testowania\"}]},{\"@type\":\"WebSite\",\"@id\":\"https:\\\/\\\/cardinal-tapes.com\\\/#website\",\"url\":\"https:\\\/\\\/cardinal-tapes.com\\\/\",\"name\":\"cardinal TAPES\",\"description\":\"Klebetechnik aus Wuppertal\",\"potentialAction\":[{\"@type\":\"SearchAction\",\"target\":{\"@type\":\"EntryPoint\",\"urlTemplate\":\"https:\\\/\\\/cardinal-tapes.com\\\/?s={search_term_string}\"},\"query-input\":{\"@type\":\"PropertyValueSpecification\",\"valueRequired\":true,\"valueName\":\"search_term_string\"}}],\"inLanguage\":\"pl-PL\"}]}<\/script>\n<!-- \/ Yoast SEO plugin. -->","yoast_head_json":{"title":"Metody testowania ta\u015bm samoprzylepnych | ta\u015bmy kardynalne","description":"W\u0142a\u015bciwe metody testowania s\u0105 bardzo wa\u017cne w przypadku ta\u015bm samoprzylepnych. Tutaj mo\u017cesz dowiedzie\u0107 si\u0119 wszystkiego o r\u00f3\u017cnych metodach testowania.","robots":{"index":"index","follow":"follow","max-snippet":"max-snippet:-1","max-image-preview":"max-image-preview:large","max-video-preview":"max-video-preview:-1"},"canonical":"https:\/\/cardinal-tapes.com\/pl\/infothek\/metody-testowania\/","og_locale":"pl_PL","og_type":"article","og_title":"Metody testowania ta\u015bm samoprzylepnych | ta\u015bmy kardynalne","og_description":"W\u0142a\u015bciwe metody testowania s\u0105 bardzo wa\u017cne w przypadku ta\u015bm samoprzylepnych. Tutaj mo\u017cesz dowiedzie\u0107 si\u0119 wszystkiego o r\u00f3\u017cnych metodach testowania.","og_url":"https:\/\/cardinal-tapes.com\/pl\/infothek\/metody-testowania\/","og_site_name":"cardinal TAPES","article_modified_time":"2023-06-12T12:24:38+00:00","twitter_card":"summary_large_image","twitter_misc":{"Szacowany czas czytania":"16 minut"},"schema":{"@context":"https:\/\/schema.org","@graph":[{"@type":"WebPage","@id":"https:\/\/cardinal-tapes.com\/pl\/infothek\/metody-testowania\/","url":"https:\/\/cardinal-tapes.com\/pl\/infothek\/metody-testowania\/","name":"Metody testowania ta\u015bm samoprzylepnych | ta\u015bmy kardynalne","isPartOf":{"@id":"https:\/\/cardinal-tapes.com\/#website"},"datePublished":"2023-06-02T08:57:51+00:00","dateModified":"2023-06-12T12:24:38+00:00","description":"W\u0142a\u015bciwe metody testowania s\u0105 bardzo wa\u017cne w przypadku ta\u015bm samoprzylepnych. Tutaj mo\u017cesz dowiedzie\u0107 si\u0119 wszystkiego o r\u00f3\u017cnych metodach testowania.","breadcrumb":{"@id":"https:\/\/cardinal-tapes.com\/pl\/infothek\/metody-testowania\/#breadcrumb"},"inLanguage":"pl-PL","potentialAction":[{"@type":"ReadAction","target":["https:\/\/cardinal-tapes.com\/pl\/infothek\/metody-testowania\/"]}]},{"@type":"BreadcrumbList","@id":"https:\/\/cardinal-tapes.com\/pl\/infothek\/metody-testowania\/#breadcrumb","itemListElement":[{"@type":"ListItem","position":1,"name":"Startseite","item":"https:\/\/cardinal-tapes.com\/pl\/strona-glowna\/"},{"@type":"ListItem","position":2,"name":"Infothek","item":"https:\/\/cardinal-tapes.com\/pl\/infothek\/"},{"@type":"ListItem","position":3,"name":"Metody testowania"}]},{"@type":"WebSite","@id":"https:\/\/cardinal-tapes.com\/#website","url":"https:\/\/cardinal-tapes.com\/","name":"cardinal TAPES","description":"Klebetechnik aus Wuppertal","potentialAction":[{"@type":"SearchAction","target":{"@type":"EntryPoint","urlTemplate":"https:\/\/cardinal-tapes.com\/?s={search_term_string}"},"query-input":{"@type":"PropertyValueSpecification","valueRequired":true,"valueName":"search_term_string"}}],"inLanguage":"pl-PL"}]}},"_links":{"self":[{"href":"https:\/\/cardinal-tapes.com\/pl\/wp-json\/wp\/v2\/pages\/30698","targetHints":{"allow":["GET"]}}],"collection":[{"href":"https:\/\/cardinal-tapes.com\/pl\/wp-json\/wp\/v2\/pages"}],"about":[{"href":"https:\/\/cardinal-tapes.com\/pl\/wp-json\/wp\/v2\/types\/page"}],"author":[{"embeddable":true,"href":"https:\/\/cardinal-tapes.com\/pl\/wp-json\/wp\/v2\/users\/1"}],"replies":[{"embeddable":true,"href":"https:\/\/cardinal-tapes.com\/pl\/wp-json\/wp\/v2\/comments?post=30698"}],"version-history":[{"count":0,"href":"https:\/\/cardinal-tapes.com\/pl\/wp-json\/wp\/v2\/pages\/30698\/revisions"}],"up":[{"embeddable":true,"href":"https:\/\/cardinal-tapes.com\/pl\/wp-json\/wp\/v2\/pages\/30135"}],"wp:attachment":[{"href":"https:\/\/cardinal-tapes.com\/pl\/wp-json\/wp\/v2\/media?parent=30698"}],"curies":[{"name":"wp","href":"https:\/\/api.w.org\/{rel}","templated":true}]}}