{"id":30529,"date":"2023-06-02T10:57:33","date_gmt":"2023-06-02T08:57:33","guid":{"rendered":"https:\/\/cardinal.pixel-tal.de\/firma\/kontakt\/"},"modified":"2024-06-18T10:53:58","modified_gmt":"2024-06-18T08:53:58","slug":"kontakt","status":"publish","type":"page","link":"https:\/\/cardinal-tapes.com\/pl\/firma\/kontakt\/","title":{"rendered":"Osoba do kontaktu"},"content":{"rendered":"\t\t\t<div class=\"headerimage-section has-image  \">\n\t\t\t\t\t\t\t\t\t\t\t\t<div class=\"headerimage__bg overlay\" style=\"background-image: url('https:\/\/cardinal-tapes.com\/wp-content\/uploads\/cardinal_kopfbild_ueberuns.jpg'); background-repeat: no-repeat; background-position: center; background-size: cover;\"><\/div>\n\t\t\t\t\t\t\t\t\t\t\t\t<div class=\"container\">\n\t\t\t\t\t<div class=\"headerimage__inner\">\n\t\t\t\t\t\t<h1 class=\"headerimage__headline\">Osoba do kontaktu<\/h1>\t\t\t\t\t\t<span class=\"headerimage__subheadline\">Wszyscy eksperci w skr\u00f3cie<\/span>\t\t\t\t\t\t\t\t\t\t\t<\/div>\n\t\t\t\t\t\t\t\t\t<\/div>\n\t\t\t<\/div>\n\t\t\t\n<\/div><\/div><\/div><!-- close content main div --><\/div><\/div><div id='av_section_1'  class='avia-section av-blk9r-7fc95ff8b2dc3c535ea60bbdf5031216 main_color avia-section-default avia-no-border-styling  avia-builder-el-1  el_after_pixel_headimage  avia-builder-el-last  avia-bg-style-scroll container_wrap fullsize'  ><div class='container av-section-cont-open' ><div class='template-page content  av-content-full alpha units'><div class='post-entry post-entry-type-page post-entry-30529'><div class='entry-content-wrapper clearfix'>\n<div  class='flex_column av-b0d5j-af32272ab4eaebaca09a0f961163d498 av_one_full  avia-builder-el-2  avia-builder-el-no-sibling  first flex_column_div av-animated-generic left-to-right  '     ><div id=\"contacts\" class=\"grid grid-contacts\">\n\t<a id=\"kontakte\" class=\"anchor\"><\/a>\n\t<div class=\"grid-inner\">\n\t\t\t\t\t\t\t\t\t<div class=\"grid-group grey-bg\">\n\t\t\t\t\t\t\t\t\t\t\t<div class=\"pxl-headline pxl-hl hl-wrap | hl-sub--bot hl--align-left hl--std-margin\">\n\t\t\t\t\t\t\t<div class=\"hl-inner\">\n\t\t\t\t\t\t\t\t\t<h2 class=\"hl-main hl-line |  hl_main--default  \">Dystrybucja<\/h2>\n\t\t\t\t\t\t\t<\/div>\n\t\t\t\t\t\t<\/div>\n\t\t\t\t\t\t\t\t\t\t<div class=\"grid-items facetwp-template\">\n\t\t\t\t\t\t\t\t\t\t\t\t\t<div class=\"card card-contacts card-contacts-small grid-item  av_one_third flex_column first \">\n\t<div class=\"card-media\">\n\t<div class=\"card-image\">\n\n\t\t\n\t\t\t\t\t\t\t<img decoding=\"async\" src=\"https:\/\/cardinal-tapes.com\/wp-content\/uploads\/Cardinal_31._Oktober_2018_0551.jpg\" alt=\"Tim Cardinal\" \/>\n\t\t\t\n\t\t\n\t<\/div>\n<\/div>\n<div class=\"card-content\">\n\t<div class=\"card-title textline contact-heading\">Tim Cardinal | Dipl.-\u00d6k.  <\/div>\t<span class=\"card-subtitle textline\">CEO<\/span>\t<div class=\"card-contact-details\">\n\t\t<span class=\"cardline textline phone\">Telefon: <a href=\"tel:+49202266850\">+49.202.26685-0<\/a><\/span>\t\t\t\t\t\t<span class=\"cardline textline email\"><a href=\"mailto:info@cardinal-tapes.de\">info@cardinal-tapes.de<\/a><\/span>\t<\/div>\n<\/div>\n<\/div>\n\t\t\t\t\t\t\t\t\t\t\t\t\t<div class=\"card card-contacts card-contacts-small grid-item  av_one_third flex_column  \">\n\t<div class=\"card-media\">\n\t<div class=\"card-image\">\n\n\t\t\n\t\t\t\t\t\t\t<img decoding=\"async\" src=\"https:\/\/cardinal-tapes.com\/wp-content\/uploads\/PS-1.jpg\" alt=\"Peter Sieker\" \/>\n\t\t\t\n\t\t\n\t<\/div>\n<\/div>\n<div class=\"card-content\">\n\t<div class=\"card-title textline contact-heading\">Peter Sieker <\/div>\t<span class=\"card-subtitle textline\">Kierownik dzia\u0142u sprzeda\u017cy<\/span>\t<div class=\"card-contact-details\">\n\t\t<span class=\"cardline textline phone\">Telefon: <a href=\"tel:+492022668519\">+49.202.26685-19<\/a><\/span>\t\t\t\t\t\t<span class=\"cardline textline email\"><a href=\"mailto:p.sieker@cardinal-tapes.de\">p.sieker@cardinal-tapes.de<\/a><\/span>\t<\/div>\n<\/div>\n<\/div>\n\t\t\t\t\t\t\t\t\t\t\t\t\t<div class=\"card card-contacts card-contacts-small grid-item  av_one_third flex_column  \">\n\t<div class=\"card-media\">\n\t<div class=\"card-image\">\n\n\t\t\n\t\t\t\t\t\t\t<img decoding=\"async\" src=\"https:\/\/cardinal-tapes.com\/wp-content\/uploads\/JB-02.jpg\" alt=\"Janis Bruder\" \/>\n\t\t\t\n\t\t\n\t<\/div>\n<\/div>\n<div class=\"card-content\">\n\t<div class=\"card-title textline contact-heading\">Janis Bruder | B.A.<\/div>\t<span class=\"card-subtitle textline\">Jr. Account & Marketing Manager<\/span>\t<div class=\"card-contact-details\">\n\t\t<span class=\"cardline textline phone\">Telefon: <a href=\"tel:+492022668526\">+49.202.26685-26<\/a><\/span>\t\t\t\t\t\t<span class=\"cardline textline email\"><a href=\"mailto:j.bruder@cardinal-tapes.de\">j.bruder@cardinal-tapes.de<\/a><\/span>\t<\/div>\n<\/div>\n<\/div>\n\t\t\t\t\t\t\t\t\t\t\t\t\t<div class=\"card card-contacts card-contacts-small grid-item  av_one_third flex_column first column-top-margin\">\n\t<div class=\"card-media\">\n\t<div class=\"card-image\">\n\n\t\t\n\t\t\t\t\t\t\t<img decoding=\"async\" src=\"https:\/\/cardinal-tapes.com\/wp-content\/uploads\/cardinal-tapes-team-martin-schnell.jpg\" alt=\"Martin Schnell\" \/>\n\t\t\t\n\t\t\n\t<\/div>\n<\/div>\n<div class=\"card-content\">\n\t<div class=\"card-title textline contact-heading\">Martin Schnell <\/div>\t<span class=\"card-subtitle textline\">Account Manager<\/span>\t<div class=\"card-contact-details\">\n\t\t<span class=\"cardline textline phone\">Telefon: <a href=\"tel:+492022668516\">+49.202.26685-16<\/a><\/span>\t\t\t\t\t\t<span class=\"cardline textline email\"><a href=\"mailto:m.schnell@cardinal-tapes.de\">m.schnell@cardinal-tapes.de<\/a><\/span>\t<\/div>\n<\/div>\n<\/div>\n\t\t\t\t\t\t\t\t\t\t\t\t\t<div class=\"card card-contacts card-contacts-small grid-item  av_one_third flex_column  column-top-margin\">\n\t<div class=\"card-media\">\n\t<div class=\"card-image\">\n\n\t\t\n\t\t\t\t\t\t\t<img decoding=\"async\" src=\"https:\/\/cardinal-tapes.com\/wp-content\/uploads\/cardinal_mitarbeiter_muenchrath.jpg\" alt=\"Sabrina M\u00fcnchrath\" \/>\n\t\t\t\n\t\t\n\t<\/div>\n<\/div>\n<div class=\"card-content\">\n\t<div class=\"card-title textline contact-heading\">Sabrina M\u00fcnchrath <\/div>\t<span class=\"card-subtitle textline\">Obs\u0142uga klienta<\/span>\t<div class=\"card-contact-details\">\n\t\t<span class=\"cardline textline phone\">Telefon: <a href=\"tel:+492022668512\">+49.202.26685-12<\/a><\/span>\t\t\t\t\t\t<span class=\"cardline textline email\"><a href=\"mailto:s.muenchrath@cardinal-tapes.de\">s.muenchrath@cardinal-tapes.de<\/a><\/span>\t<\/div>\n<\/div>\n<\/div>\n\t\t\t\t\t\t\t\t\t\t\t\t\t<div class=\"card card-contacts card-contacts-small grid-item  av_one_third flex_column  column-top-margin\">\n\t<div class=\"card-media\">\n\t<div class=\"card-image\">\n\n\t\t\n\t\t\t\t\t\t\t<img decoding=\"async\" src=\"https:\/\/cardinal-tapes.com\/wp-content\/uploads\/Cardinal_31._Oktober_2018_0111.jpg\" alt=\"Maren Burkhardt\" \/>\n\t\t\t\n\t\t\n\t<\/div>\n<\/div>\n<div class=\"card-content\">\n\t<div class=\"card-title textline contact-heading\">Maren Burkhardt <\/div>\t<span class=\"card-subtitle textline\">Obs\u0142uga klienta<\/span>\t<div class=\"card-contact-details\">\n\t\t<span class=\"cardline textline phone\">Telefon: <a href=\"tel:+492022668513\">+49.202.26685-13<\/a><\/span>\t\t\t\t\t\t<span class=\"cardline textline email\"><a href=\"mailto:m.burkhardt@cardinal-tapes.de\">m.burkhardt@cardinal-tapes.de<\/a><\/span>\t<\/div>\n<\/div>\n<\/div>\n\t\t\t\t\t\t\t\t\t\t\t\t\t<div class=\"card card-contacts card-contacts-small grid-item  av_one_third flex_column first column-top-margin\">\n\t<div class=\"card-media\">\n\t<div class=\"card-image\">\n\n\t\t\n\t\t\t\t\t\t\t<img decoding=\"async\" src=\"https:\/\/cardinal-tapes.com\/wp-content\/uploads\/cardinal_mitarbeiter_flasdieck-1.jpg\" alt=\"Holger Flasdieck\" \/>\n\t\t\t\n\t\t\n\t<\/div>\n<\/div>\n<div class=\"card-content\">\n\t<div class=\"card-title textline contact-heading\">Holger Flasdieck <\/div>\t<span class=\"card-subtitle textline\">Obs\u0142uga klienta<\/span>\t<div class=\"card-contact-details\">\n\t\t<span class=\"cardline textline phone\">Telefon: <a href=\"tel:+492022668515\">+49.202.26685-15<\/a><\/span>\t\t\t\t\t\t<span class=\"cardline textline email\"><a href=\"mailto:h.flasdieck@cardinal-tapes.de\">h.flasdieck@cardinal-tapes.de<\/a><\/span>\t<\/div>\n<\/div>\n<\/div>\n\t\t\t\t\t\t\t\t\t\t\t\t\t<div class=\"card card-contacts card-contacts-small grid-item  av_one_third flex_column  column-top-margin\">\n\t<div class=\"card-media\">\n\t<div class=\"card-image\">\n\n\t\t\n\t\t\t\t\t\t\t<img decoding=\"async\" src=\"https:\/\/cardinal-tapes.com\/wp-content\/uploads\/cardinal_mitarbeiter_foto_schumacher.jpg\" alt=\"Constantin Schumacher\" \/>\n\t\t\t\n\t\t\n\t<\/div>\n<\/div>\n<div class=\"card-content\">\n\t<div class=\"card-title textline contact-heading\">Constantin Schumacher <\/div>\t<span class=\"card-subtitle textline\">Obs\u0142uga klienta<\/span>\t<div class=\"card-contact-details\">\n\t\t<span class=\"cardline textline phone\">Telefon: <a href=\"tel:+492022668514\">+49.202.26685-14<\/a><\/span>\t\t\t\t\t\t<span class=\"cardline textline email\"><a href=\"mailto:c.schumacher@cardinal-tapes.de\">c.schumacher@cardinal-tapes.de<\/a><\/span>\t<\/div>\n<\/div>\n<\/div>\n\t\t\t\t\t\t\t\t\t\t\t<\/div>\n\t\t\t\t<\/div>\n\t\t\t\t\t\t\t<div class=\"grid-group grey-bg\">\n\t\t\t\t\t\t\t\t\t\t\t<div class=\"pxl-headline pxl-hl hl-wrap | hl-sub--bot hl--align-left hl--std-margin\">\n\t\t\t\t\t\t\t<div class=\"hl-inner\">\n\t\t\t\t\t\t\t\t\t<h2 class=\"hl-main hl-line |  hl_main--default  \">Administracja<\/h2>\n\t\t\t\t\t\t\t<\/div>\n\t\t\t\t\t\t<\/div>\n\t\t\t\t\t\t\t\t\t\t<div class=\"grid-items facetwp-template\">\n\t\t\t\t\t\t\t\t\t\t\t\t\t<div class=\"card card-contacts card-contacts-small grid-item  av_one_third flex_column first \">\n\t<div class=\"card-media\">\n\t<div class=\"card-image\">\n\n\t\t\n\t\t\t\t\t\t\t<img decoding=\"async\" src=\"https:\/\/cardinal-tapes.com\/wp-content\/uploads\/cardinal_mitarbeiter_brass.jpg\" alt=\"Marcel Bra\u00df\" \/>\n\t\t\t\n\t\t\n\t<\/div>\n<\/div>\n<div class=\"card-content\">\n\t<div class=\"card-title textline contact-heading\">Marcel Bra\u00df | B.E.S. (honor.)<\/div>\t<span class=\"card-subtitle textline\">Kontrola \/ Finanse<\/span>\t<div class=\"card-contact-details\">\n\t\t<span class=\"cardline textline phone\">Telefon: <a href=\"tel:+492022668521\">+49.202.26685-21<\/a><\/span>\t\t\t\t\t\t<span class=\"cardline textline email\"><a href=\"mailto:m.brass@cardinal-tapes.de\">m.brass@cardinal-tapes.de<\/a><\/span>\t<\/div>\n<\/div>\n<\/div>\n\t\t\t\t\t\t\t\t\t\t\t\t\t<div class=\"card card-contacts card-contacts-small grid-item  av_one_third flex_column  \">\n\t<div class=\"card-media\">\n\t<div class=\"card-image\">\n\n\t\t\n\t\t\t\t\t\t\t<img decoding=\"async\" src=\"https:\/\/cardinal-tapes.com\/wp-content\/uploads\/cardinal_mitarbeiter_kaschny.jpg\" alt=\"Christoph Kaschny\" \/>\n\t\t\t\n\t\t\n\t<\/div>\n<\/div>\n<div class=\"card-content\">\n\t<div class=\"card-title textline contact-heading\">Christoph Kaschny <\/div>\t<span class=\"card-subtitle textline\">Kierownik ds. zakup\u00f3w<\/span>\t<div class=\"card-contact-details\">\n\t\t<span class=\"cardline textline phone\">Telefon: <a href=\"tel:+492022668524\">+49.202.26685-24<\/a><\/span>\t\t\t\t\t\t<span class=\"cardline textline email\"><a href=\"mailto:c.kaschny@cardinal-tapes.de\">c.kaschny@cardinal-tapes.de<\/a><\/span>\t<\/div>\n<\/div>\n<\/div>\n\t\t\t\t\t\t\t\t\t\t\t\t\t<div class=\"card card-contacts card-contacts-small grid-item  av_one_third flex_column  \">\n\t<div class=\"card-media\">\n\t<div class=\"card-image\">\n\n\t\t\n\t\t\t\t\t\t\t<img decoding=\"async\" src=\"https:\/\/cardinal-tapes.com\/wp-content\/uploads\/cardinal_mitarbeiter_foto_mocar.jpg\" alt=\"Jan Eric Mocar\" \/>\n\t\t\t\n\t\t\n\t<\/div>\n<\/div>\n<div class=\"card-content\">\n\t<div class=\"card-title textline contact-heading\">Jan Eric Mocar <\/div>\t<span class=\"card-subtitle textline\">Zakupy<\/span>\t<div class=\"card-contact-details\">\n\t\t<span class=\"cardline textline phone\">Telefon: <a href=\"tel:+492022668525\">+49.202.26685-25<\/a><\/span>\t\t\t\t\t\t<span class=\"cardline textline email\"><a href=\"mailto:j.mocar@cardinal-tapes.de\">j.mocar@cardinal-tapes.de<\/a><\/span>\t<\/div>\n<\/div>\n<\/div>\n\t\t\t\t\t\t\t\t\t\t\t<\/div>\n\t\t\t\t<\/div>\n\t\t\t\t\t\t\t<div class=\"grid-group grey-bg\">\n\t\t\t\t\t\t\t\t\t\t\t<div class=\"pxl-headline pxl-hl hl-wrap | hl-sub--bot hl--align-left hl--std-margin\">\n\t\t\t\t\t\t\t<div class=\"hl-inner\">\n\t\t\t\t\t\t\t\t\t<h2 class=\"hl-main hl-line |  hl_main--default  \">Zarz\u0105dzanie produkcj\u0105<\/h2>\n\t\t\t\t\t\t\t<\/div>\n\t\t\t\t\t\t<\/div>\n\t\t\t\t\t\t\t\t\t\t<div class=\"grid-items facetwp-template\">\n\t\t\t\t\t\t\t\t\t\t\t\t\t<div class=\"card card-contacts card-contacts-small grid-item  av_one_third flex_column first \">\n\t<div class=\"card-media\">\n\t<div class=\"card-image\">\n\n\t\t\n\t\t\t\t\t\t\t<img decoding=\"async\" src=\"https:\/\/cardinal-tapes.com\/wp-content\/uploads\/Cardinal_Portraets_13.-Februar-2020_067_web.jpg\" alt=\"Sven Wohlfahrt\" \/>\n\t\t\t\n\t\t\n\t<\/div>\n<\/div>\n<div class=\"card-content\">\n\t<div class=\"card-title textline contact-heading\">Sven Wohlfahrt <\/div>\t<span class=\"card-subtitle textline\">Lean Manager<\/span>\t<div class=\"card-contact-details\">\n\t\t<span class=\"cardline textline phone\">Telefon: <a href=\"tel:+492022668542\">+49.202.26685-42<\/a><\/span>\t\t\t\t\t\t<span class=\"cardline textline email\"><a href=\"mailto:s.wohlfahrt@cardinal-tapes.de\">s.wohlfahrt@cardinal-tapes.de<\/a><\/span>\t<\/div>\n<\/div>\n<\/div>\n\t\t\t\t\t\t\t\t\t\t\t\t\t<div class=\"card card-contacts card-contacts-small grid-item  av_one_third flex_column  \">\n\t<div class=\"card-media\">\n\t<div class=\"card-image\">\n\n\t\t\n\t\t\t\t\t\t\t<img decoding=\"async\" src=\"https:\/\/cardinal-tapes.com\/wp-content\/uploads\/Cardinal_27.-Juni-2023_HP2-e1688045704183.jpg\" alt=\"Roland Gollmer\" \/>\n\t\t\t\n\t\t\n\t<\/div>\n<\/div>\n<div class=\"card-content\">\n\t<div class=\"card-title textline contact-heading\">Roland Gollmer <\/div>\t<span class=\"card-subtitle textline\">Koordynator QM<\/span>\t<div class=\"card-contact-details\">\n\t\t<span class=\"cardline textline phone\">Telefon: <a href=\"tel:+492022668543\">+49.202.26685-43<\/a><\/span>\t\t\t\t\t\t<span class=\"cardline textline email\"><a href=\"mailto:r.gollmer@cardinal-tapes.de\">r.gollmer@cardinal-tapes.de<\/a><\/span>\t<\/div>\n<\/div>\n<\/div>\n\t\t\t\t\t\t\t\t\t\t\t<\/div>\n\t\t\t\t<\/div>\n\t\t\t\n\t\t\t<\/div>\n<\/div><\/div>\n","protected":false},"excerpt":{"rendered":"","protected":false},"author":1,"featured_media":0,"parent":30162,"menu_order":1,"comment_status":"closed","ping_status":"closed","template":"","meta":{"_acf_changed":false,"footnotes":""},"class_list":["post-30529","page","type-page","status-publish","hentry"],"acf":[],"yoast_head":"<!-- This site is optimized with the Yoast SEO plugin v27.3 - https:\/\/yoast.com\/product\/yoast-seo-wordpress\/ -->\n<title>Partnerzy kontaktowi | Cardinal TAPES<\/title>\n<meta name=\"description\" content=\"Nasze do\u015bwiadczone osoby kontaktowe z przyjemno\u015bci\u0105 odpowiedz\u0105 na Twoje pytania. Dzi\u0119ki specjalizacji naszych pracownik\u00f3w, Twoje wnioski mog\u0105 by\u0107 przetwarzane jeszcze szybciej i lepiej.\" \/>\n<meta name=\"robots\" content=\"index, follow, max-snippet:-1, max-image-preview:large, max-video-preview:-1\" \/>\n<link rel=\"canonical\" href=\"https:\/\/cardinal-tapes.com\/pl\/firma\/kontakt\/\" \/>\n<meta property=\"og:locale\" content=\"pl_PL\" \/>\n<meta property=\"og:type\" content=\"article\" \/>\n<meta property=\"og:title\" content=\"Partnerzy kontaktowi | Cardinal TAPES\" \/>\n<meta property=\"og:description\" content=\"Nasze do\u015bwiadczone osoby kontaktowe z przyjemno\u015bci\u0105 odpowiedz\u0105 na Twoje pytania. Dzi\u0119ki specjalizacji naszych pracownik\u00f3w, Twoje wnioski mog\u0105 by\u0107 przetwarzane jeszcze szybciej i lepiej.\" \/>\n<meta property=\"og:url\" content=\"https:\/\/cardinal-tapes.com\/pl\/firma\/kontakt\/\" \/>\n<meta property=\"og:site_name\" content=\"cardinal TAPES\" \/>\n<meta property=\"article:modified_time\" content=\"2024-06-18T08:53:58+00:00\" \/>\n<meta name=\"twitter:card\" content=\"summary_large_image\" \/>\n<meta name=\"twitter:label1\" content=\"Szacowany czas czytania\" \/>\n\t<meta name=\"twitter:data1\" content=\"4 minuty\" \/>\n<script type=\"application\/ld+json\" class=\"yoast-schema-graph\">{\"@context\":\"https:\\\/\\\/schema.org\",\"@graph\":[{\"@type\":\"WebPage\",\"@id\":\"https:\\\/\\\/cardinal-tapes.com\\\/pl\\\/firma\\\/kontakt\\\/\",\"url\":\"https:\\\/\\\/cardinal-tapes.com\\\/pl\\\/firma\\\/kontakt\\\/\",\"name\":\"Partnerzy kontaktowi | Cardinal TAPES\",\"isPartOf\":{\"@id\":\"https:\\\/\\\/cardinal-tapes.com\\\/#website\"},\"datePublished\":\"2023-06-02T08:57:33+00:00\",\"dateModified\":\"2024-06-18T08:53:58+00:00\",\"description\":\"Nasze do\u015bwiadczone osoby kontaktowe z przyjemno\u015bci\u0105 odpowiedz\u0105 na Twoje pytania. Dzi\u0119ki specjalizacji naszych pracownik\u00f3w, Twoje wnioski mog\u0105 by\u0107 przetwarzane jeszcze szybciej i lepiej.\",\"breadcrumb\":{\"@id\":\"https:\\\/\\\/cardinal-tapes.com\\\/pl\\\/firma\\\/kontakt\\\/#breadcrumb\"},\"inLanguage\":\"pl-PL\",\"potentialAction\":[{\"@type\":\"ReadAction\",\"target\":[\"https:\\\/\\\/cardinal-tapes.com\\\/pl\\\/firma\\\/kontakt\\\/\"]}]},{\"@type\":\"BreadcrumbList\",\"@id\":\"https:\\\/\\\/cardinal-tapes.com\\\/pl\\\/firma\\\/kontakt\\\/#breadcrumb\",\"itemListElement\":[{\"@type\":\"ListItem\",\"position\":1,\"name\":\"Startseite\",\"item\":\"https:\\\/\\\/cardinal-tapes.com\\\/pl\\\/strona-glowna\\\/\"},{\"@type\":\"ListItem\",\"position\":2,\"name\":\"Firma\",\"item\":\"https:\\\/\\\/cardinal-tapes.com\\\/pl\\\/firma\\\/\"},{\"@type\":\"ListItem\",\"position\":3,\"name\":\"Osoba do kontaktu\"}]},{\"@type\":\"WebSite\",\"@id\":\"https:\\\/\\\/cardinal-tapes.com\\\/#website\",\"url\":\"https:\\\/\\\/cardinal-tapes.com\\\/\",\"name\":\"cardinal TAPES\",\"description\":\"Klebetechnik aus Wuppertal\",\"potentialAction\":[{\"@type\":\"SearchAction\",\"target\":{\"@type\":\"EntryPoint\",\"urlTemplate\":\"https:\\\/\\\/cardinal-tapes.com\\\/?s={search_term_string}\"},\"query-input\":{\"@type\":\"PropertyValueSpecification\",\"valueRequired\":true,\"valueName\":\"search_term_string\"}}],\"inLanguage\":\"pl-PL\"}]}<\/script>\n<!-- \/ Yoast SEO plugin. -->","yoast_head_json":{"title":"Partnerzy kontaktowi | Cardinal TAPES","description":"Nasze do\u015bwiadczone osoby kontaktowe z przyjemno\u015bci\u0105 odpowiedz\u0105 na Twoje pytania. Dzi\u0119ki specjalizacji naszych pracownik\u00f3w, Twoje wnioski mog\u0105 by\u0107 przetwarzane jeszcze szybciej i lepiej.","robots":{"index":"index","follow":"follow","max-snippet":"max-snippet:-1","max-image-preview":"max-image-preview:large","max-video-preview":"max-video-preview:-1"},"canonical":"https:\/\/cardinal-tapes.com\/pl\/firma\/kontakt\/","og_locale":"pl_PL","og_type":"article","og_title":"Partnerzy kontaktowi | Cardinal TAPES","og_description":"Nasze do\u015bwiadczone osoby kontaktowe z przyjemno\u015bci\u0105 odpowiedz\u0105 na Twoje pytania. Dzi\u0119ki specjalizacji naszych pracownik\u00f3w, Twoje wnioski mog\u0105 by\u0107 przetwarzane jeszcze szybciej i lepiej.","og_url":"https:\/\/cardinal-tapes.com\/pl\/firma\/kontakt\/","og_site_name":"cardinal TAPES","article_modified_time":"2024-06-18T08:53:58+00:00","twitter_card":"summary_large_image","twitter_misc":{"Szacowany czas czytania":"4 minuty"},"schema":{"@context":"https:\/\/schema.org","@graph":[{"@type":"WebPage","@id":"https:\/\/cardinal-tapes.com\/pl\/firma\/kontakt\/","url":"https:\/\/cardinal-tapes.com\/pl\/firma\/kontakt\/","name":"Partnerzy kontaktowi | Cardinal TAPES","isPartOf":{"@id":"https:\/\/cardinal-tapes.com\/#website"},"datePublished":"2023-06-02T08:57:33+00:00","dateModified":"2024-06-18T08:53:58+00:00","description":"Nasze do\u015bwiadczone osoby kontaktowe z przyjemno\u015bci\u0105 odpowiedz\u0105 na Twoje pytania. Dzi\u0119ki specjalizacji naszych pracownik\u00f3w, Twoje wnioski mog\u0105 by\u0107 przetwarzane jeszcze szybciej i lepiej.","breadcrumb":{"@id":"https:\/\/cardinal-tapes.com\/pl\/firma\/kontakt\/#breadcrumb"},"inLanguage":"pl-PL","potentialAction":[{"@type":"ReadAction","target":["https:\/\/cardinal-tapes.com\/pl\/firma\/kontakt\/"]}]},{"@type":"BreadcrumbList","@id":"https:\/\/cardinal-tapes.com\/pl\/firma\/kontakt\/#breadcrumb","itemListElement":[{"@type":"ListItem","position":1,"name":"Startseite","item":"https:\/\/cardinal-tapes.com\/pl\/strona-glowna\/"},{"@type":"ListItem","position":2,"name":"Firma","item":"https:\/\/cardinal-tapes.com\/pl\/firma\/"},{"@type":"ListItem","position":3,"name":"Osoba do kontaktu"}]},{"@type":"WebSite","@id":"https:\/\/cardinal-tapes.com\/#website","url":"https:\/\/cardinal-tapes.com\/","name":"cardinal TAPES","description":"Klebetechnik aus Wuppertal","potentialAction":[{"@type":"SearchAction","target":{"@type":"EntryPoint","urlTemplate":"https:\/\/cardinal-tapes.com\/?s={search_term_string}"},"query-input":{"@type":"PropertyValueSpecification","valueRequired":true,"valueName":"search_term_string"}}],"inLanguage":"pl-PL"}]}},"_links":{"self":[{"href":"https:\/\/cardinal-tapes.com\/pl\/wp-json\/wp\/v2\/pages\/30529","targetHints":{"allow":["GET"]}}],"collection":[{"href":"https:\/\/cardinal-tapes.com\/pl\/wp-json\/wp\/v2\/pages"}],"about":[{"href":"https:\/\/cardinal-tapes.com\/pl\/wp-json\/wp\/v2\/types\/page"}],"author":[{"embeddable":true,"href":"https:\/\/cardinal-tapes.com\/pl\/wp-json\/wp\/v2\/users\/1"}],"replies":[{"embeddable":true,"href":"https:\/\/cardinal-tapes.com\/pl\/wp-json\/wp\/v2\/comments?post=30529"}],"version-history":[{"count":0,"href":"https:\/\/cardinal-tapes.com\/pl\/wp-json\/wp\/v2\/pages\/30529\/revisions"}],"up":[{"embeddable":true,"href":"https:\/\/cardinal-tapes.com\/pl\/wp-json\/wp\/v2\/pages\/30162"}],"wp:attachment":[{"href":"https:\/\/cardinal-tapes.com\/pl\/wp-json\/wp\/v2\/media?parent=30529"}],"curies":[{"name":"wp","href":"https:\/\/api.w.org\/{rel}","templated":true}]}}