{"id":30140,"date":"2017-12-19T09:33:58","date_gmt":"2017-12-19T08:33:58","guid":{"rendered":"https:\/\/cardinal.pixel-tal.de\/nadruk\/"},"modified":"2025-08-13T15:22:43","modified_gmt":"2025-08-13T13:22:43","slug":"nadruk","status":"publish","type":"page","link":"https:\/\/cardinal-tapes.com\/pl\/nadruk\/","title":{"rendered":"Nadruk"},"content":{"rendered":"<div id='av_section_1'  class='avia-section av-1krdog-49185bb977df4fc25a7e82fed419bdbe main_color avia-section-default avia-no-shadow  avia-builder-el-0  avia-builder-el-no-sibling  avia-bg-style-scroll container_wrap fullsize'  ><div class='container av-section-cont-open' ><main  role=\"main\" itemprop=\"mainContentOfPage\"  class='template-page content  av-content-full alpha units'><div class='post-entry post-entry-type-page post-entry-30140'><div class='entry-content-wrapper clearfix'>\n\n<style type=\"text\/css\" data-created_by=\"avia_inline_auto\" id=\"style-css-av-1dvmp4-0561f57d00d10b9ffd87380dfc21d0c5\">\n.flex_column.av-1dvmp4-0561f57d00d10b9ffd87380dfc21d0c5{\nborder-radius:0px 0px 0px 0px;\npadding:0px 0px 0px 0px;\n}\n<\/style>\n<div  class='flex_column av-1dvmp4-0561f57d00d10b9ffd87380dfc21d0c5 av_one_full  avia-builder-el-1  el_before_av_one_third  avia-builder-el-first  first av-break-at-tablet flex_column_div av-zero-column-padding  '     ><div class=\"pxl-headline pxl-hl hl-wrap | hl-sub--bot hl--align-left hl--no-margin    \">\n        <div class=\"hl-inner\">\n            <h1 class=\"hl-main hl-line |  hl_main--default  \">Nadruk<\/h1>\n            <span class=\"hl-sub hl-line |  hl_sub--default  \">Informacje o stronie internetowej Cardinal Tapes<\/span>\n    <\/div>\n<\/div><\/div>\n<style type=\"text\/css\" data-created_by=\"avia_inline_auto\" id=\"style-css-av-3q674-ea5afa570d099762894ab5605e7a9ef5\">\n.flex_column.av-3q674-ea5afa570d099762894ab5605e7a9ef5{\nborder-radius:0px 0px 0px 0px;\n}\n<\/style>\n<div  class='flex_column av-3q674-ea5afa570d099762894ab5605e7a9ef5 av_one_third  avia-builder-el-3  el_after_av_one_full  el_before_av_two_third  first av-break-at-tablet flex_column_div  column-top-margin'     ><section  class='av_textblock_section av-urw7k-931bbf8842989da9b30f36315b55e346 '   itemscope=\"itemscope\" itemtype=\"https:\/\/schema.org\/CreativeWork\" ><div class='avia_textblock konfektionierung_content impressum'  itemprop=\"text\" ><p><strong>cardinal GmbH <\/strong><br \/>\nBeule 74<br \/>\n42277 Wuppertal<\/p>\n<h4>Dyrektor zarz\u0105dzaj\u0105cy:<\/h4>\n<p>Tim Cardinal<\/p>\n<h4>Kontakt<\/h4>\n<p>T <a class=\"telelink\" href=\"tel:+490202266850\" target=\"_blank\" rel=\"nofollow\"> +49 202 266 850<\/a><br \/>\nF +49.202.26685-33<br \/>\n<a href=\"mailto:info@cardinal-tapes.de\" target=\"_blank\" rel=\"nofollow\">info@cardinal-tapes.de<\/a><\/p>\n<h4>Wpis do rejestru<\/h4>\n<p>Wpis do rejestru handlowego.<br \/>\nS\u0105d rejestrowy: S\u0105d lokalny w Wuppertalu<br \/>\nNumer rejestracyjny: 23931<\/p>\n<h4>IDENTYFIKATOR VAT<\/h4>\n<p>Numer identyfikacji podatkowej:<br \/>\nDE280685953<\/p>\n<h4>Realizacja<\/h4>\n<p><a href=\"https:\/\/www.pixelproduction.de\/online-medien\/strategie-technologie\/\" target=\"_blank\" rel=\"nofollow\">Koncepcja<\/a>, <a href=\"https:\/\/www.pixelproduction.de\/wuppertal\/webdesign\/\" target=\"_blank\" rel=\"nofollow\">projekt strony internetowej<\/a> i <a href=\"https:\/\/www.pixelproduction.de\/online-medien\/internetpraesenz\/\" target=\"_blank\" rel=\"nofollow\">wdro\u017cenie techniczne<\/a> wykonane przez PixelProduction &#8211; agencj\u0119 komunikacji koncepcyjnej w Wuppertalu. <a href=\"https:\/\/www.pixelproduction.de\/\" target=\"_blank\" rel=\"nofollow\">www.pixelproduction.de<\/a><\/p>\n<p>Zdj\u0119cia produkt\u00f3w i inne obrazy autorstwa Daniela Schmitta &#8211; <a href=\"http:\/\/www.spitzlicht.de\" target=\"_blank\" rel=\"nofollow\">SPITZLICHT FOTOGRAFIE<\/a><\/p>\n<\/div><\/section><\/div>\n<style type=\"text\/css\" data-created_by=\"avia_inline_auto\" id=\"style-css-av-gduio-8a1936a0fa56529cdb28c1e45c381b16\">\n.flex_column.av-gduio-8a1936a0fa56529cdb28c1e45c381b16{\nborder-radius:0px 0px 0px 0px;\n}\n<\/style>\n<div  class='flex_column av-gduio-8a1936a0fa56529cdb28c1e45c381b16 av_two_third  avia-builder-el-5  el_after_av_one_third  avia-builder-el-last  av-break-at-tablet flex_column_div  column-top-margin'     ><section  class='av_textblock_section av-a0vgo-7458cfdecb953e125a8df32d38999373 '   itemscope=\"itemscope\" itemtype=\"https:\/\/schema.org\/CreativeWork\" ><div class='avia_textblock impressum'  itemprop=\"text\" ><h3>Rozstrzyganie spor\u00f3w<\/h3>\n<p>Nie jeste\u015bmy sk\u0142onni ani zobowi\u0105zani do udzia\u0142u w post\u0119powaniu rozstrzygaj\u0105cym spory przed komisj\u0105 arbitra\u017cow\u0105 ds. konsument\u00f3w.<\/p>\n<h3>Odpowiedzialno\u015b\u0107 za zawarto\u015b\u0107<\/h3>\n<p>Zawarto\u015b\u0107 naszych stron zosta\u0142a stworzona z najwi\u0119ksz\u0105 staranno\u015bci\u0105. Nie mo\u017cemy jednak ponosi\u0107 \u017cadnej odpowiedzialno\u015bci za poprawno\u015b\u0107, kompletno\u015b\u0107 i aktualno\u015b\u0107 tre\u015bci. Jako dostawca us\u0142ug jeste\u015bmy, zgodnie z \u00a7 7 ust. 1 DDG ponosi odpowiedzialno\u015b\u0107 za w\u0142asne tre\u015bci na tych stronach zgodnie z og\u00f3lnymi przepisami prawa. Zgodnie z \u00a7\u00a7 8 do 10 DDG nie jeste\u015bmy jednak zobowi\u0105zani jako us\u0142ugodawca do monitorowania przekazywanych lub przechowywanych informacji os\u00f3b trzecich ani do badania okoliczno\u015bci wskazuj\u0105cych na nielegaln\u0105 dzia\u0142alno\u015b\u0107. Nie ma to wp\u0142ywu na zobowi\u0105zania do usuni\u0119cia lub zablokowania korzystania z informacji zgodnie z og\u00f3lnymi przepisami prawa. Odpowiedzialno\u015b\u0107 w tym zakresie jest jednak mo\u017cliwa dopiero od momentu dowiedzenia si\u0119 o konkretnym naruszeniu. Je\u015bli dowiemy si\u0119 o takich naruszeniach, natychmiast usuniemy te tre\u015bci.<\/p>\n<h3>Odpowiedzialno\u015b\u0107 za linki<\/h3>\n<p>Nasza oferta zawiera linki do zewn\u0119trznych stron internetowych os\u00f3b trzecich, na kt\u00f3rych zawarto\u015b\u0107 nie mamy wp\u0142ywu. W zwi\u0105zku z tym nie mo\u017cemy ponosi\u0107 \u017cadnej odpowiedzialno\u015bci za te tre\u015bci zewn\u0119trzne. Odpowiedni dostawca lub operator stron jest zawsze odpowiedzialny za tre\u015b\u0107 stron, do kt\u00f3rych prowadz\u0105 linki. Po\u0142\u0105czone strony zosta\u0142y sprawdzone pod k\u0105tem mo\u017cliwych narusze\u0144 prawa w momencie ich \u0142\u0105czenia. Nielegalna zawarto\u015b\u0107 nie by\u0142a rozpoznawalna w momencie linkowania. Sta\u0142a kontrola zawarto\u015bci stron, do kt\u00f3rych prowadz\u0105 linki, nie jest jednak uzasadniona bez konkretnych przes\u0142anek wskazuj\u0105cych na naruszenie prawa. Je\u015bli dowiemy si\u0119 o jakichkolwiek naruszeniach prawa, natychmiast usuniemy takie linki.<\/p>\n<h3>Prawa autorskie<\/h3>\n<p>Tre\u015bci i dzie\u0142a stworzone przez operator\u00f3w witryny na tych stronach podlegaj\u0105 niemieckiemu prawu autorskiemu. Powielanie, edytowanie, rozpowszechnianie i wszelkiego rodzaju wykorzystywanie poza granicami prawa autorskiego wymaga pisemnej zgody odpowiedniego autora lub tw\u00f3rcy. Pobieranie i kopiowanie tej strony jest dozwolone wy\u0142\u0105cznie do prywatnego, niekomercyjnego u\u017cytku. O ile tre\u015bci na tej stronie nie zosta\u0142y stworzone przez operatora, prawa autorskie os\u00f3b trzecich s\u0105 przestrzegane. W szczeg\u00f3lno\u015bci tre\u015bci os\u00f3b trzecich s\u0105 identyfikowane jako takie. Je\u015bli mimo to dowiesz si\u0119 o naruszeniu praw autorskich, poinformuj nas o tym. Je\u015bli dowiemy si\u0119 o jakichkolwiek naruszeniach, niezw\u0142ocznie usuniemy takie tre\u015bci.<\/p>\n<\/div><\/section><\/div>\n","protected":false},"excerpt":{"rendered":"","protected":false},"author":1,"featured_media":0,"parent":0,"menu_order":10,"comment_status":"closed","ping_status":"closed","template":"","meta":{"_acf_changed":false,"footnotes":""},"class_list":["post-30140","page","type-page","status-publish","hentry"],"acf":[],"yoast_head":"<!-- This site is optimized with the Yoast SEO plugin v27.3 - https:\/\/yoast.com\/product\/yoast-seo-wordpress\/ -->\n<title>Nadruk - cardinal TAPES<\/title>\n<meta name=\"description\" content=\"Tutaj znajdziesz wszystkie informacje prawne i inne informacje o naszej firmie.\" \/>\n<meta name=\"robots\" content=\"index, follow, max-snippet:-1, max-image-preview:large, max-video-preview:-1\" \/>\n<link rel=\"canonical\" href=\"https:\/\/cardinal-tapes.com\/pl\/nadruk\/\" \/>\n<meta property=\"og:locale\" content=\"pl_PL\" \/>\n<meta property=\"og:type\" content=\"article\" \/>\n<meta property=\"og:title\" content=\"Nadruk - cardinal TAPES\" \/>\n<meta property=\"og:description\" content=\"Tutaj znajdziesz wszystkie informacje prawne i inne informacje o naszej firmie.\" \/>\n<meta property=\"og:url\" content=\"https:\/\/cardinal-tapes.com\/pl\/nadruk\/\" \/>\n<meta property=\"og:site_name\" content=\"cardinal TAPES\" \/>\n<meta property=\"article:modified_time\" content=\"2025-08-13T13:22:43+00:00\" \/>\n<meta name=\"twitter:card\" content=\"summary_large_image\" \/>\n<meta name=\"twitter:label1\" content=\"Szacowany czas czytania\" \/>\n\t<meta name=\"twitter:data1\" content=\"3 minuty\" \/>\n<script type=\"application\/ld+json\" class=\"yoast-schema-graph\">{\"@context\":\"https:\\\/\\\/schema.org\",\"@graph\":[{\"@type\":\"WebPage\",\"@id\":\"https:\\\/\\\/cardinal-tapes.com\\\/pl\\\/nadruk\\\/\",\"url\":\"https:\\\/\\\/cardinal-tapes.com\\\/pl\\\/nadruk\\\/\",\"name\":\"Nadruk - cardinal TAPES\",\"isPartOf\":{\"@id\":\"https:\\\/\\\/cardinal-tapes.com\\\/#website\"},\"datePublished\":\"2017-12-19T08:33:58+00:00\",\"dateModified\":\"2025-08-13T13:22:43+00:00\",\"description\":\"Tutaj znajdziesz wszystkie informacje prawne i inne informacje o naszej firmie.\",\"breadcrumb\":{\"@id\":\"https:\\\/\\\/cardinal-tapes.com\\\/pl\\\/nadruk\\\/#breadcrumb\"},\"inLanguage\":\"pl-PL\",\"potentialAction\":[{\"@type\":\"ReadAction\",\"target\":[\"https:\\\/\\\/cardinal-tapes.com\\\/pl\\\/nadruk\\\/\"]}]},{\"@type\":\"BreadcrumbList\",\"@id\":\"https:\\\/\\\/cardinal-tapes.com\\\/pl\\\/nadruk\\\/#breadcrumb\",\"itemListElement\":[{\"@type\":\"ListItem\",\"position\":1,\"name\":\"Startseite\",\"item\":\"https:\\\/\\\/cardinal-tapes.com\\\/pl\\\/strona-glowna\\\/\"},{\"@type\":\"ListItem\",\"position\":2,\"name\":\"Nadruk\"}]},{\"@type\":\"WebSite\",\"@id\":\"https:\\\/\\\/cardinal-tapes.com\\\/#website\",\"url\":\"https:\\\/\\\/cardinal-tapes.com\\\/\",\"name\":\"cardinal TAPES\",\"description\":\"Klebetechnik aus Wuppertal\",\"potentialAction\":[{\"@type\":\"SearchAction\",\"target\":{\"@type\":\"EntryPoint\",\"urlTemplate\":\"https:\\\/\\\/cardinal-tapes.com\\\/?s={search_term_string}\"},\"query-input\":{\"@type\":\"PropertyValueSpecification\",\"valueRequired\":true,\"valueName\":\"search_term_string\"}}],\"inLanguage\":\"pl-PL\"}]}<\/script>\n<!-- \/ Yoast SEO plugin. -->","yoast_head_json":{"title":"Nadruk - cardinal TAPES","description":"Tutaj znajdziesz wszystkie informacje prawne i inne informacje o naszej firmie.","robots":{"index":"index","follow":"follow","max-snippet":"max-snippet:-1","max-image-preview":"max-image-preview:large","max-video-preview":"max-video-preview:-1"},"canonical":"https:\/\/cardinal-tapes.com\/pl\/nadruk\/","og_locale":"pl_PL","og_type":"article","og_title":"Nadruk - cardinal TAPES","og_description":"Tutaj znajdziesz wszystkie informacje prawne i inne informacje o naszej firmie.","og_url":"https:\/\/cardinal-tapes.com\/pl\/nadruk\/","og_site_name":"cardinal TAPES","article_modified_time":"2025-08-13T13:22:43+00:00","twitter_card":"summary_large_image","twitter_misc":{"Szacowany czas czytania":"3 minuty"},"schema":{"@context":"https:\/\/schema.org","@graph":[{"@type":"WebPage","@id":"https:\/\/cardinal-tapes.com\/pl\/nadruk\/","url":"https:\/\/cardinal-tapes.com\/pl\/nadruk\/","name":"Nadruk - cardinal TAPES","isPartOf":{"@id":"https:\/\/cardinal-tapes.com\/#website"},"datePublished":"2017-12-19T08:33:58+00:00","dateModified":"2025-08-13T13:22:43+00:00","description":"Tutaj znajdziesz wszystkie informacje prawne i inne informacje o naszej firmie.","breadcrumb":{"@id":"https:\/\/cardinal-tapes.com\/pl\/nadruk\/#breadcrumb"},"inLanguage":"pl-PL","potentialAction":[{"@type":"ReadAction","target":["https:\/\/cardinal-tapes.com\/pl\/nadruk\/"]}]},{"@type":"BreadcrumbList","@id":"https:\/\/cardinal-tapes.com\/pl\/nadruk\/#breadcrumb","itemListElement":[{"@type":"ListItem","position":1,"name":"Startseite","item":"https:\/\/cardinal-tapes.com\/pl\/strona-glowna\/"},{"@type":"ListItem","position":2,"name":"Nadruk"}]},{"@type":"WebSite","@id":"https:\/\/cardinal-tapes.com\/#website","url":"https:\/\/cardinal-tapes.com\/","name":"cardinal TAPES","description":"Klebetechnik aus Wuppertal","potentialAction":[{"@type":"SearchAction","target":{"@type":"EntryPoint","urlTemplate":"https:\/\/cardinal-tapes.com\/?s={search_term_string}"},"query-input":{"@type":"PropertyValueSpecification","valueRequired":true,"valueName":"search_term_string"}}],"inLanguage":"pl-PL"}]}},"_links":{"self":[{"href":"https:\/\/cardinal-tapes.com\/pl\/wp-json\/wp\/v2\/pages\/30140","targetHints":{"allow":["GET"]}}],"collection":[{"href":"https:\/\/cardinal-tapes.com\/pl\/wp-json\/wp\/v2\/pages"}],"about":[{"href":"https:\/\/cardinal-tapes.com\/pl\/wp-json\/wp\/v2\/types\/page"}],"author":[{"embeddable":true,"href":"https:\/\/cardinal-tapes.com\/pl\/wp-json\/wp\/v2\/users\/1"}],"replies":[{"embeddable":true,"href":"https:\/\/cardinal-tapes.com\/pl\/wp-json\/wp\/v2\/comments?post=30140"}],"version-history":[{"count":1,"href":"https:\/\/cardinal-tapes.com\/pl\/wp-json\/wp\/v2\/pages\/30140\/revisions"}],"predecessor-version":[{"id":79673,"href":"https:\/\/cardinal-tapes.com\/pl\/wp-json\/wp\/v2\/pages\/30140\/revisions\/79673"}],"wp:attachment":[{"href":"https:\/\/cardinal-tapes.com\/pl\/wp-json\/wp\/v2\/media?parent=30140"}],"curies":[{"name":"wp","href":"https:\/\/api.w.org\/{rel}","templated":true}]}}