{"id":30090,"date":"2023-06-02T10:48:54","date_gmt":"2023-06-02T08:48:54","guid":{"rendered":"https:\/\/cardinal.pixel-tal.de\/agb\/"},"modified":"2023-06-02T11:12:28","modified_gmt":"2023-06-02T09:12:28","slug":"agb","status":"publish","type":"page","link":"https:\/\/cardinal-tapes.com\/pl\/agb\/","title":{"rendered":"AGB"},"content":{"rendered":"<div id='av_section_1'  class='avia-section av-c6sdi2-116f8f5fae59651d0b4332fbe30a8358 main_color avia-section-default avia-no-shadow  avia-builder-el-0  avia-builder-el-no-sibling  avia-bg-style-scroll container_wrap fullsize'  ><div class='container av-section-cont-open' ><main  role=\"main\" itemprop=\"mainContentOfPage\"  class='template-page content  av-content-full alpha units'><div class='post-entry post-entry-type-page post-entry-30090'><div class='entry-content-wrapper clearfix'>\n\n<style type=\"text\/css\" data-created_by=\"avia_inline_auto\" id=\"style-css-av-b1415m-8cd63e919468337873946fb82088b1ae\">\n.flex_column.av-b1415m-8cd63e919468337873946fb82088b1ae{\nborder-radius:0px 0px 0px 0px;\npadding:0px 0px 0px 0px;\n}\n<\/style>\n<div  class='flex_column av-b1415m-8cd63e919468337873946fb82088b1ae av_one_full  avia-builder-el-1  el_before_av_one_half  avia-builder-el-first  first av-break-at-tablet flex_column_div av-zero-column-padding  '     ><div class=\"pxl-headline pxl-hl hl-wrap | hl-sub--bot hl--align-left hl--no-margin    \">\n        <div class=\"hl-inner\">\n            <h1 class=\"hl-main hl-line |  hl_main--default  \">Og\u00f3lne warunki handlowe<\/h1>\n            <span class=\"hl-sub hl-line |  hl_sub--default  \">Nasze GTC<\/span>\n    <\/div>\n<\/div><\/div>\n<style type=\"text\/css\" data-created_by=\"avia_inline_auto\" id=\"style-css-av-syfiy-7455796f07e341093af9d052cfcb5be5\">\n.flex_column.av-syfiy-7455796f07e341093af9d052cfcb5be5{\nborder-radius:0px 0px 0px 0px;\n}\n<\/style>\n<div  class='flex_column av-syfiy-7455796f07e341093af9d052cfcb5be5 av_one_half  avia-builder-el-3  el_after_av_one_full  el_before_av_one_half  first av-break-at-tablet flex_column_div  column-top-margin'     ><section  class='av_textblock_section av-5l5f3u-ed1ffc102d603de7445ef10c0fc2d53f '   itemscope=\"itemscope\" itemtype=\"https:\/\/schema.org\/CreativeWork\" ><div class='avia_textblock impressum'  itemprop=\"text\" ><p>1. poni\u017csze warunki sprzeda\u017cy, dostawy i p\u0142atno\u015bci maj\u0105 zastosowanie wy\u0142\u0105cznie do naszych dostaw i sprzeda\u017cy. Odmienne warunki zakupu Kupuj\u0105cego maj\u0105 zastosowanie jako wyj\u0105tek tylko wtedy, gdy zosta\u0142y wyra\u017anie potwierdzone przez Sprzedaj\u0105cego. Je\u017celi jakakolwiek cz\u0119\u015b\u0107 niniejszych warunk\u00f3w lub transakcji dostawy jest niewa\u017cna, nie ma to wp\u0142ywu na wa\u017cno\u015b\u0107 pozosta\u0142ych warunk\u00f3w lub transakcji dostawy. W takim przypadku umawiaj\u0105ce si\u0119 strony uzgodni\u0105 nowe postanowienie w miejsce niewa\u017cnego postanowienia, kt\u00f3re b\u0119dzie jak najbardziej zbli\u017cone do celu realizowanego przez niewa\u017cne postanowienie.<\/p>\n<p>Dokumenty nale\u017c\u0105ce do oferty, takie jak ilustracje, rysunki, specyfikacje wagowe i wymiarowe, s\u0105 wi\u0105\u017c\u0105ce dla realizacji tylko wtedy, gdy zosta\u0142y wyra\u017anie potwierdzone. Dostawca zastrzega sobie prawo w\u0142asno\u015bci i prawa autorskie do kosztorys\u00f3w, rysunk\u00f3w i innych dokument\u00f3w: nie mog\u0105 one by\u0107 udost\u0119pniane osobom trzecim. Klient jest zobowi\u0105zany do udost\u0119pnienia osobom trzecim plan\u00f3w oznaczonych przez dostawc\u0119 jako poufne wy\u0142\u0105cznie za zgod\u0105 dostawcy. Wszelkie umowy z naszymi przedstawicielami wymagaj\u0105 naszego wyra\u017anego pisemnego potwierdzenia. Dotyczy to w szczeg\u00f3lno\u015bci otrzymanych zam\u00f3wie\u0144.<\/p>\n<p>2. obowi\u0105zuj\u0105 ceny z chwili z\u0142o\u017cenia zam\u00f3wienia. Podatek VAT nie jest wliczony w cen\u0119 i b\u0119dzie fakturowany oddzielnie wed\u0142ug odpowiedniej stawki ustawowej. Op\u0142ata za wysy\u0142k\u0119 w okre\u015blonej wysoko\u015bci zostanie naliczona za ka\u017cd\u0105 dostaw\u0119.<br \/>\nJe\u015bli koszty produkcji wzrosn\u0105 o wi\u0119cej ni\u017c 5% mi\u0119dzy dat\u0105 potwierdzenia sprzeda\u017cy a dat\u0105 dostawy, np. z powodu zmian warunk\u00f3w walutowych, p\u0142ac i innych czynnik\u00f3w kosztowych, sprzedawca zastrzega sobie prawo do odpowiedniego podniesienia cen lub odst\u0105pienia od umowy. W takim przypadku klientowi nie przys\u0142uguj\u0105 roszczenia odszkodowawcze z tytu\u0142u niewykonania lub cz\u0119\u015bciowego niewykonania umowy.<\/p>\n<p>3. dostawa zostanie zrealizowana w terminie dostawy okre\u015blonym w potwierdzeniu zam\u00f3wienia loco fabryka lub loco magazyn. Zastrzegamy sobie prawo do dokonywania kr\u00f3tkich lub nadmiernych dostaw do 10% zam\u00f3wionych ilo\u015bci. W odniesieniu do wymiar\u00f3w okre\u015blonych dla naszych przedmiot\u00f3w dostawy, zastrzegamy sobie prawo do odchyle\u0144 zwyczajowo przyj\u0119tych w handlu, chyba \u017ce wyra\u017anie zagwarantowali\u015bmy zgodno\u015b\u0107 z wymiarami. Niezawodn\u0105 wysy\u0142k\u0119 zam\u00f3wionych towar\u00f3w zapewniaj\u0105 zleceni przez nas przewo\u017anicy. Strony uzgadniaj\u0105, \u017ce w przypadku sporu to na Nabywcy spoczywa obowi\u0105zek udowodnienia, \u017ce dostawa nie zosta\u0142a odebrana.<\/p>\n<p>Czas dostawy jest jedynie przybli\u017cony i rozpoczyna si\u0119 wraz z wys\u0142aniem potwierdzenia zam\u00f3wienia, ale nie przed dostarczeniem dokument\u00f3w, zatwierdze\u0144, zezwole\u0144, kt\u00f3re maj\u0105 zosta\u0107 uzyskane przez klienta i przed otrzymaniem uzgodnionej zaliczki. Termin dostawy uwa\u017ca si\u0119 za dotrzymany, je\u015bli przedmiot dostawy opu\u015bci\u0142 fabryk\u0119 lub powiadomiono o gotowo\u015bci do wysy\u0142ki przed up\u0142ywem terminu dostawy. Termin dostawy zostanie odpowiednio przed\u0142u\u017cony w przypadku nieprzewidzianych przeszk\u00f3d niezale\u017cnych od Dostawcy lub jego podwykonawc\u00f3w, np. zak\u0142\u00f3ce\u0144 operacyjnych, odrzut\u00f3w, op\u00f3\u017anie\u0144 w dostawie niezb\u0119dnych surowc\u00f3w i materia\u0142\u00f3w budowlanych, o ile takie przeszkody maj\u0105 wp\u0142yw na uko\u0144czenie lub dostaw\u0119 przedmiotu dostawy, nawet je\u015bli wyst\u0105pi\u0105 podczas op\u00f3\u017anienia w dostawie.<\/p>\n<p>Dotrzymanie terminu dostawy jest uzale\u017cnione od wype\u0142nienia zobowi\u0105za\u0144 umownych klienta. Wszystkie dostawy odbywaj\u0105 si\u0119 ex works i na ryzyko odbiorcy, nawet je\u015bli uzgodniono p\u0142atny przew\u00f3z, dostaw\u0119 fob lub cif. Dodatkowe op\u0142aty frachtowe wynikaj\u0105ce ze szczeg\u00f3lnych okoliczno\u015bci, w szczeg\u00f3lno\u015bci \u017cycze\u0144 klienta lub charakteru towar\u00f3w (towary wielkogabarytowe, towary o specjalnej obj\u0119to\u015bci), ponosi klient. Je\u015bli wysy\u0142ka jest op\u00f3\u017aniona z winy klienta, ryzyko przechodzi na klienta w dniu, w kt\u00f3rym towary s\u0105 gotowe do wysy\u0142ki. Op\u00f3\u017anienia lub przeszkody w dostawie spowodowane si\u0142\u0105 wy\u017csz\u0105, w tym mobilizacj\u0105 i wojn\u0105, wszelkiego rodzaju zak\u0142\u00f3ceniami operacyjnymi, strajkami i lokautami, niedoborami surowc\u00f3w i paliw oraz nieprzewidzianymi \u015brodkami &#8211; nawet je\u015bli dotyczy to naszych dostawc\u00f3w &#8211; uprawniaj\u0105 nas do anulowania istniej\u0105cych zobowi\u0105za\u0144 dostawy w ca\u0142o\u015bci lub w cz\u0119\u015bci, bez prawa kupuj\u0105cego do roszcze\u0144 odszkodowawczych, w tym roszcze\u0144 wynikaj\u0105cych z \u00a7 325 BGB. Ma to r\u00f3wnie\u017c zastosowanie w przypadku tylko cz\u0119\u015bciowego niewykonania umowy. Niewype\u0142nienie obowi\u0105zk\u00f3w ci\u0105\u017c\u0105cych na kupuj\u0105cym lub okoliczno\u015bci, kt\u00f3re uniemo\u017cliwiaj\u0105 dostaw\u0119 sprzedanych towar\u00f3w lub nadmiernie op\u00f3\u017aniaj\u0105 lub komplikuj\u0105 dostaw\u0119, uprawniaj\u0105 sprzedaj\u0105cego do anulowania jego zobowi\u0105zania do dostawy w ca\u0142o\u015bci lub w cz\u0119\u015bci na czas trwania przeszkody lub jej nast\u0119pstw, a tak\u017ce we wszystkich przypadkach si\u0142y wy\u017cszej, \u015brodk\u00f3w urz\u0119dowych, zak\u0142\u00f3ce\u0144 operacyjnych i tym podobnych, r\u00f3wnie\u017c u dostawc\u00f3w sprzedaj\u0105cego. Sprzedaj\u0105cy nie jest zobowi\u0105zany do p\u00f3\u017aniejszej dostawy ilo\u015bci obj\u0119tych tym okresem. Zdarzenia te uprawniaj\u0105 sprzedaj\u0105cego do odst\u0105pienia od umowy nawet bez ponoszenia odpowiedzialno\u015bci odszkodowawczej. Nie ma to wp\u0142ywu na zobowi\u0105zanie kupuj\u0105cego do zap\u0142aty odszkodowania. Dostawy cz\u0119\u015bciowe s\u0105 dopuszczalne, chyba \u017ce wyra\u017anie uzgodniono inaczej.<\/p>\n<p>Wezwania do wykonania poszczeg\u00f3lnych \u015bwiadcze\u0144 cz\u0119\u015bciowych b\u0119d\u0105 dokonywane w miar\u0119 mo\u017cliwo\u015bci w r\u00f3wnych okresach i ilo\u015bciach oraz w takim czasie, aby mo\u017cliwa by\u0142a prawid\u0142owa produkcja i dostawa w terminie umownym, w przeciwnym razie Sprzedaj\u0105cy b\u0119dzie uprawniony do odst\u0105pienia od umowy lub \u017c\u0105dania odszkodowania za poniesione dodatkowe koszty. Je\u015bli termin dostawy nie zosta\u0142 okre\u015blony, uznaje si\u0119, \u017ce uzgodniono termin 4 miesi\u0119cy. W przypadku op\u00f3\u017anie\u0144 w dostawach cz\u0119\u015bciowych Kupuj\u0105cy nie mo\u017ce dochodzi\u0107 \u017cadnych praw w odniesieniu do pozosta\u0142ych ilo\u015bci cz\u0119\u015bciowych. Je\u015bli ustalono okres odbioru, sprzedaj\u0105cy nie jest zobowi\u0105zany do realizacji dostaw po jego up\u0142ywie.<\/p>\n<p>(4) W przypadku maszyn lub komponent\u00f3w instalacji dostawca udziela gwarancji na widoczne i ukryte wady lub brak gwarantowanych cech w ci\u0105gu 6 miesi\u0119cy, ale maksymalnie do 1000 godzin pracy, od dnia dostawy, wy\u0142\u0105cznie w taki spos\u00f3b, \u017ce wed\u0142ug w\u0142asnego uznania bezp\u0142atnie naprawi towar lub dostarczy towar wolny od wad. Nie ponosimy odpowiedzialno\u015bci za wady materia\u0142owe, kt\u00f3re nie mog\u0142y zosta\u0107 wykryte podczas przetwarzania przez dostawc\u0119. Ze wzgl\u0119du na gwarancj\u0119, zwyk\u0142e zu\u017cycie, cz\u0119\u015bci zu\u017cywaj\u0105ce si\u0119, wymagane materia\u0142y, przest\u00f3j lub szkody po\u015brednie jakiegokolwiek rodzaju, koszty robocizny i podr\u00f3\u017cy, wynagrodzenie za nadgodziny i prac\u0119 w niedziele, koszty frachtu i inne szkody wt\u00f3rne nie b\u0119d\u0105 zwracane. Zg\u0142oszenia wad nale\u017cy dokona\u0107 na pi\u015bmie niezw\u0142ocznie, najp\u00f3\u017aniej w ci\u0105gu 10 dni od dostawy towar\u00f3w, a w przypadku wad ukrytych najp\u00f3\u017aniej w ci\u0105gu trzech dni (od wykrycia wady). Je\u015bli te terminy nie zostan\u0105 dotrzymane, roszczenia gwarancyjne nie b\u0119d\u0105 mog\u0142y by\u0107 zg\u0142aszane. Niezale\u017cnie od powy\u017cszego, okres gwarancji producenta tych cz\u0119\u015bci ma zastosowanie do cz\u0119\u015bci pochodz\u0105cych ze \u017ar\u00f3de\u0142 zewn\u0119trznych, kt\u00f3re s\u0105 wbudowane w przedmiot zakupu.<\/p>\n<\/div><\/section><\/div>\n<style type=\"text\/css\" data-created_by=\"avia_inline_auto\" id=\"style-css-av-esqre-1dede6c1c2537bc03ea2d7033ef9db66\">\n.flex_column.av-esqre-1dede6c1c2537bc03ea2d7033ef9db66{\nborder-radius:0px 0px 0px 0px;\n}\n<\/style>\n<div  class='flex_column av-esqre-1dede6c1c2537bc03ea2d7033ef9db66 av_one_half  avia-builder-el-5  el_after_av_one_half  avia-builder-el-last  av-break-at-tablet flex_column_div  column-top-margin'     ><section  class='av_textblock_section av-2l9gkq-740e720e46315e3f519e51c2e819e5a3 '   itemscope=\"itemscope\" itemtype=\"https:\/\/schema.org\/CreativeWork\" ><div class='avia_textblock impressum'  itemprop=\"text\" ><p>W przypadku ta\u015bm samoprzylepnych i podobnych produkt\u00f3w wady towar\u00f3w musz\u0105 by\u0107 zg\u0142aszane na pi\u015bmie niezw\u0142ocznie po ich wykryciu, ale nie p\u00f3\u017aniej ni\u017c 10 dni po otrzymaniu przesy\u0142ki, bez uszczerbku dla jakiegokolwiek wcze\u015bniejszego ustawowego obowi\u0105zku powiadomienia. W przypadku uznanej reklamacji towar zostanie odebrany i, wed\u0142ug naszego uznania, wymieniony lub zwr\u00f3cony do wysoko\u015bci warto\u015bci faktury; je\u015bli dostawa zast\u0119pcza jest wadliwa, klient mo\u017ce za\u017c\u0105da\u0107 obni\u017cenia ceny. Dalsze roszczenia klienta, w szczeg\u00f3lno\u015bci o anulowanie, zmniejszenie lub odszkodowanie, s\u0105 wykluczone. Z powodu wadliwych dostaw cz\u0119\u015bciowych kupuj\u0105cy nie mo\u017ce dochodzi\u0107 \u017cadnych praw w odniesieniu do pozosta\u0142ych ilo\u015bci cz\u0119\u015bciowych. Zalecenia lub sugestie naszego personelu technicznego s\u0105 oparte na do\u015bwiadczeniu zdobytym w praktyce. Nie s\u0105 one jednak wi\u0105\u017c\u0105ce i nie zwalniaj\u0105 nabywcy z obowi\u0105zku przeprowadzenia w\u0142asnych kontroli i test\u00f3w. Sprzedaj\u0105cy nie ponosi odpowiedzialno\u015bci za to, \u017ce dostarczone towary nadaj\u0105 si\u0119 do cel\u00f3w przewidzianych przez kupuj\u0105cego. Odpowiedzialno\u015b\u0107 taka nie mo\u017ce r\u00f3wnie\u017c wynika\u0107 z wydanej przez nas ulotki informacyjnej lub instrukcji obs\u0142ugi. Odpowiedzialno\u015b\u0107 za szkody o charakterze bezpo\u015brednim lub po\u015brednim w zwi\u0105zku z przetwarzaniem lub u\u017cytkowaniem towar\u00f3w jest wykluczona.<\/p>\n<p>Dostawca nie jest zobowi\u0105zany do usuni\u0119cia wady lub wykonania kolejnej dostawy, dop\u00f3ki Nabywca nie wype\u0142ni swoich zobowi\u0105za\u0144 umownych. Zobowi\u0105zanie gwarancyjne wygasa, je\u015bli dostarczone towary zostan\u0105 zmodyfikowane, niew\u0142a\u015bciwie obs\u0142ugiwane, eksploatowane lub przetwarzane lub je\u015bli zostan\u0105 naruszone odpowiednie instrukcje producenta. W przypadku podj\u0119cia pr\u00f3b usuni\u0119cia wad bez zgody dostawcy, gwarancja r\u00f3wnie\u017c wygasa. Inne roszczenia nabywcy z tytu\u0142u wad lub braku w\u0142a\u015bciwo\u015bci obj\u0119tych gwarancj\u0105 s\u0105 wykluczone. Jeste\u015bmy uprawnieni do dokonywania uzasadnionych dostaw cz\u0119\u015bciowych.<\/p>\n<p>(5) Je\u017celi po przyj\u0119ciu lub realizacji zam\u00f3wienia ujawni\u0105 si\u0119 okoliczno\u015bci, z kt\u00f3rych mo\u017cna wywnioskowa\u0107 ni\u017csz\u0105 zdolno\u015b\u0107 kredytow\u0105 kupuj\u0105cego i ryzyko dla roszcze\u0144 sprzedaj\u0105cego, sprzedaj\u0105cy jest uprawniony, poza postanowieniami \u00a7 321 niemieckiego kodeksu cywilnego (BGB), do \u017c\u0105dania natychmiastowego zabezpieczenia lub natychmiastowej p\u0142atno\u015bci got\u00f3wkowej wed\u0142ug w\u0142asnego uznania, swobodnie odbiegaj\u0105c od wszelkich uzgodnionych w inny spos\u00f3b warunk\u00f3w p\u0142atno\u015bci. Wystarczy, \u017ce roszczenia oka\u017c\u0105 si\u0119 jedynie tymczasowo zagro\u017cone. To samo dotyczy sytuacji, gdy Nabywca nie wywi\u0105zuje si\u0119 z ci\u0105\u017c\u0105cych na nim zobowi\u0105za\u0144, takich jak p\u0142atno\u015b\u0107 lub akceptacja.<\/p>\n<p>6. towary pozostaj\u0105 w\u0142asno\u015bci\u0105 sprzedaj\u0105cego do czasu zaspokojenia wszystkich bie\u017c\u0105cych roszcze\u0144 wynikaj\u0105cych ze stosunk\u00f3w handlowych. Do tego czasu kupuj\u0105cy nie jest uprawniony do zastawienia towar\u00f3w lub przew\u0142aszczenia ich na zabezpieczenie bez zgody sprzedaj\u0105cego. W przypadku zaj\u0119cia, konfiskaty lub innego rozporz\u0105dzenia przez osoby trzecie, niezw\u0142ocznie powiadomi nas o tym fakcie. Zastrze\u017cenie przez nas prawa w\u0142asno\u015bci nie stanowi odst\u0105pienia od niewykonanej umowy dostawy. Kupuj\u0105cy jest uprawniony do przetwarzania dostarczonych towar\u00f3w w ramach swojej prawid\u0142owej dzia\u0142alno\u015bci gospodarczej.<\/p>\n<p>Sprzedaj\u0105cy jest uprawniony do wsp\u00f3\u0142w\u0142asno\u015bci nowych rzeczy powsta\u0142ych w wyniku przetworzenia lub po\u0142\u0105czenia z innymi towarami w stosunku warto\u015bci dostarczonych towar\u00f3w do warto\u015bci nowej rzeczy. O ile w\u0142asno\u015b\u0107 towaru wygasa w wyniku przetworzenia lub po\u0142\u0105czenia, Kupuj\u0105cy niniejszym przenosi w\u0142asno\u015b\u0107 przedmiotu powsta\u0142ego w wyniku przetworzenia na Sprzedaj\u0105cego jako zabezpieczenie wszelkich roszcze\u0144 zgodnie z ust. 1; w tym zakresie Kupuj\u0105cy b\u0119dzie przechowywa\u0142 przedmiot g\u0142\u00f3wny oddzielnie od innych towar\u00f3w Kupuj\u0105cego bezp\u0142atnie i z nale\u017cyt\u0105 staranno\u015bci\u0105 w imieniu Sprzedaj\u0105cego. Roszczenia z tytu\u0142u sprzeda\u017cy dostarczonych przez nas towar\u00f3w, niezale\u017cnie od tego, czy s\u0105 one w stanie przetworzonym czy nieprzetworzonym, s\u0105 niniejszym w ca\u0142o\u015bci przenoszone przez kupuj\u0105cego na sprzedaj\u0105cego jako zabezpieczenie. Dop\u00f3ki kupuj\u0105cy nale\u017cycie wywi\u0105zuje si\u0119 ze swoich zobowi\u0105za\u0144 p\u0142atniczych, jest on upowa\u017cniony do dochodzenia tych roszcze\u0144 w imieniu sprzedaj\u0105cego.<\/p>\n<p>Sprzedaj\u0105cy jest jednak uprawniony do powiadomienia nabywc\u00f3w (os\u00f3b trzecich), kt\u00f3rzy zostan\u0105 wskazani na jego wniosek, o przeniesieniu i do wydania instrukcji. Kupuj\u0105cy niezw\u0142ocznie powiadomi Sprzedaj\u0105cego o zaj\u0119ciu przez osoby trzecie towar\u00f3w dostarczonych w ramach zastrze\u017cenia w\u0142asno\u015bci lub o cesji roszcze\u0144. Z towarami obj\u0119tymi zastrze\u017ceniem w\u0142asno\u015bci nale\u017cy obchodzi\u0107 si\u0119 ostro\u017cnie i ubezpieczy\u0107 je od ognia i wody; wszelkie roszczenia ubezpieczeniowe powsta\u0142e w przypadku szkody zostan\u0105 przeniesione na nas. Je\u015bli zabezpieczenia przekraczaj\u0105 roszczenia sprzedaj\u0105cego do ubezpieczenia o wi\u0119cej ni\u017c 20%, sprzedaj\u0105cy zwolni zabezpieczenia przekraczaj\u0105ce t\u0119 kwot\u0119 wed\u0142ug w\u0142asnego uznania na \u017c\u0105danie.<\/p>\n<p>Warunki p\u0142atno\u015bci znajduj\u0105 si\u0119 w przes\u0142anych potwierdzeniach zam\u00f3wie\u0144. Weksle i czeki b\u0119d\u0105 przyjmowane na poczet p\u0142atno\u015bci wy\u0142\u0105cznie po wyra\u017anym uzgodnieniu, z zastrze\u017ceniem zwyczajowych zastrze\u017ce\u0144, i w ka\u017cdym przypadku b\u0119d\u0105 uznawane za p\u0142atno\u015b\u0107 dopiero po ich uznaniu. Odpowiednie koszty zwi\u0105zane z rabatem, odbiorem itp. ponosi klient. Sprzedaj\u0105cy nie ponosi odpowiedzialno\u015bci za terminowe przedstawienie, oprotestowanie i zwrot weksla w przypadku jego nieuznania. Dochodzenie prawa zatrzymania przez Nabywc\u0119 &#8211; r\u00f3wnie\u017c na podstawie reklamacji &#8211; jest wykluczone. Potr\u0105cenie rabatu got\u00f3wkowego z nowych faktur jest niedopuszczalne, o ile starsze faktury s\u0105 nadal niezap\u0142acone. Je\u017celi Kupuj\u0105cy zalega z p\u0142atno\u015bci\u0105, Sprzedaj\u0105cy jest uprawniony, z zastrze\u017ceniem dalszych praw, do \u017c\u0105dania odsetek bez wezwania w wysoko\u015bci 5% powy\u017cej stopy dyskontowej Deutsche Bundesbank obowi\u0105zuj\u0105cej w danym czasie od dnia wymagalno\u015bci do dnia p\u0142atno\u015bci.<\/p>\n<p>8. Miejscem wykonania umowy jest 42277 Wuppertal W przypadku wszelkich spor\u00f3w wynikaj\u0105cych z niniejszej umowy uzgodniono w\u0142a\u015bciwo\u015b\u0107 miejscow\u0105 s\u0105d\u00f3w. Ponadto wyra\u017ca si\u0119 zgod\u0119 na w\u0142a\u015bciwo\u015b\u0107 miejscow\u0105 s\u0105du rejonowego Wuppertal-Elberfeld w przypadku, gdy<br \/>\na) klient jest handlowcem, kt\u00f3ry nie nale\u017cy do grona handlowc\u00f3w okre\u015blonych w \u00a7 4 HGB.<br \/>\nb) po zawarciu umowy klient przenosi swoje miejsce zamieszkania lub zwyk\u0142e miejsce pobytu poza terytorium Republiki Federalnej Niemiec lub Berlina Zachodniego lub jego miejsce zamieszkania lub zwyk\u0142e miejsce pobytu nie jest znane w momencie wniesienia pozwu. O ile powy\u017csze postanowienia nie stanowi\u0105 inaczej, zastosowanie maj\u0105 przepisy ustawowe.<\/p>\n<p>9. warunki AFERA &#8211; najnowsze wydanie &#8211; maj\u0105 zastosowanie do ta\u015bm samoprzylepnych i podobnych produkt\u00f3w, o ile nie zosta\u0142y one zmienione przez powy\u017csze og\u00f3lne warunki.<\/p>\n<p>10. dane osobowe b\u0119d\u0105 przechowywane przez nas w spos\u00f3b dozwolony przez ustaw\u0119 o ochronie danych osobowych.<\/p>\n<\/div><\/section><\/div>\n","protected":false},"excerpt":{"rendered":"","protected":false},"author":1,"featured_media":0,"parent":0,"menu_order":13,"comment_status":"closed","ping_status":"closed","template":"","meta":{"_acf_changed":false,"footnotes":""},"class_list":["post-30090","page","type-page","status-publish","hentry"],"acf":[],"yoast_head":"<!-- This site is optimized with the Yoast SEO plugin v27.3 - https:\/\/yoast.com\/product\/yoast-seo-wordpress\/ -->\n<title>AGB - cardinal TAPES<\/title>\n<meta name=\"description\" content=\"W poni\u017cszym o\u015bwiadczeniu informujemy u\u017cytkownika o rodzaju, zakresie i celach gromadzenia, przetwarzania i wykorzystywania jego danych.\" \/>\n<meta name=\"robots\" content=\"index, follow, max-snippet:-1, max-image-preview:large, max-video-preview:-1\" \/>\n<link rel=\"canonical\" href=\"https:\/\/cardinal-tapes.com\/pl\/agb\/\" \/>\n<meta property=\"og:locale\" content=\"pl_PL\" \/>\n<meta property=\"og:type\" content=\"article\" \/>\n<meta property=\"og:title\" content=\"AGB - cardinal TAPES\" \/>\n<meta property=\"og:description\" content=\"W poni\u017cszym o\u015bwiadczeniu informujemy u\u017cytkownika o rodzaju, zakresie i celach gromadzenia, przetwarzania i wykorzystywania jego danych.\" \/>\n<meta property=\"og:url\" content=\"https:\/\/cardinal-tapes.com\/pl\/agb\/\" \/>\n<meta property=\"og:site_name\" content=\"cardinal TAPES\" \/>\n<meta property=\"article:modified_time\" content=\"2023-06-02T09:12:28+00:00\" \/>\n<meta name=\"twitter:card\" content=\"summary_large_image\" \/>\n<meta name=\"twitter:label1\" content=\"Szacowany czas czytania\" \/>\n\t<meta name=\"twitter:data1\" content=\"18 minut\" \/>\n<script type=\"application\/ld+json\" class=\"yoast-schema-graph\">{\"@context\":\"https:\\\/\\\/schema.org\",\"@graph\":[{\"@type\":\"WebPage\",\"@id\":\"https:\\\/\\\/cardinal-tapes.com\\\/pl\\\/agb\\\/\",\"url\":\"https:\\\/\\\/cardinal-tapes.com\\\/pl\\\/agb\\\/\",\"name\":\"AGB - cardinal TAPES\",\"isPartOf\":{\"@id\":\"https:\\\/\\\/cardinal-tapes.com\\\/#website\"},\"datePublished\":\"2023-06-02T08:48:54+00:00\",\"dateModified\":\"2023-06-02T09:12:28+00:00\",\"description\":\"W poni\u017cszym o\u015bwiadczeniu informujemy u\u017cytkownika o rodzaju, zakresie i celach gromadzenia, przetwarzania i wykorzystywania jego danych.\",\"breadcrumb\":{\"@id\":\"https:\\\/\\\/cardinal-tapes.com\\\/pl\\\/agb\\\/#breadcrumb\"},\"inLanguage\":\"pl-PL\",\"potentialAction\":[{\"@type\":\"ReadAction\",\"target\":[\"https:\\\/\\\/cardinal-tapes.com\\\/pl\\\/agb\\\/\"]}]},{\"@type\":\"BreadcrumbList\",\"@id\":\"https:\\\/\\\/cardinal-tapes.com\\\/pl\\\/agb\\\/#breadcrumb\",\"itemListElement\":[{\"@type\":\"ListItem\",\"position\":1,\"name\":\"Startseite\",\"item\":\"https:\\\/\\\/cardinal-tapes.com\\\/pl\\\/strona-glowna\\\/\"},{\"@type\":\"ListItem\",\"position\":2,\"name\":\"AGB\"}]},{\"@type\":\"WebSite\",\"@id\":\"https:\\\/\\\/cardinal-tapes.com\\\/#website\",\"url\":\"https:\\\/\\\/cardinal-tapes.com\\\/\",\"name\":\"cardinal TAPES\",\"description\":\"Klebetechnik aus Wuppertal\",\"potentialAction\":[{\"@type\":\"SearchAction\",\"target\":{\"@type\":\"EntryPoint\",\"urlTemplate\":\"https:\\\/\\\/cardinal-tapes.com\\\/?s={search_term_string}\"},\"query-input\":{\"@type\":\"PropertyValueSpecification\",\"valueRequired\":true,\"valueName\":\"search_term_string\"}}],\"inLanguage\":\"pl-PL\"}]}<\/script>\n<!-- \/ Yoast SEO plugin. -->","yoast_head_json":{"title":"AGB - cardinal TAPES","description":"W poni\u017cszym o\u015bwiadczeniu informujemy u\u017cytkownika o rodzaju, zakresie i celach gromadzenia, przetwarzania i wykorzystywania jego danych.","robots":{"index":"index","follow":"follow","max-snippet":"max-snippet:-1","max-image-preview":"max-image-preview:large","max-video-preview":"max-video-preview:-1"},"canonical":"https:\/\/cardinal-tapes.com\/pl\/agb\/","og_locale":"pl_PL","og_type":"article","og_title":"AGB - cardinal TAPES","og_description":"W poni\u017cszym o\u015bwiadczeniu informujemy u\u017cytkownika o rodzaju, zakresie i celach gromadzenia, przetwarzania i wykorzystywania jego danych.","og_url":"https:\/\/cardinal-tapes.com\/pl\/agb\/","og_site_name":"cardinal TAPES","article_modified_time":"2023-06-02T09:12:28+00:00","twitter_card":"summary_large_image","twitter_misc":{"Szacowany czas czytania":"18 minut"},"schema":{"@context":"https:\/\/schema.org","@graph":[{"@type":"WebPage","@id":"https:\/\/cardinal-tapes.com\/pl\/agb\/","url":"https:\/\/cardinal-tapes.com\/pl\/agb\/","name":"AGB - cardinal TAPES","isPartOf":{"@id":"https:\/\/cardinal-tapes.com\/#website"},"datePublished":"2023-06-02T08:48:54+00:00","dateModified":"2023-06-02T09:12:28+00:00","description":"W poni\u017cszym o\u015bwiadczeniu informujemy u\u017cytkownika o rodzaju, zakresie i celach gromadzenia, przetwarzania i wykorzystywania jego danych.","breadcrumb":{"@id":"https:\/\/cardinal-tapes.com\/pl\/agb\/#breadcrumb"},"inLanguage":"pl-PL","potentialAction":[{"@type":"ReadAction","target":["https:\/\/cardinal-tapes.com\/pl\/agb\/"]}]},{"@type":"BreadcrumbList","@id":"https:\/\/cardinal-tapes.com\/pl\/agb\/#breadcrumb","itemListElement":[{"@type":"ListItem","position":1,"name":"Startseite","item":"https:\/\/cardinal-tapes.com\/pl\/strona-glowna\/"},{"@type":"ListItem","position":2,"name":"AGB"}]},{"@type":"WebSite","@id":"https:\/\/cardinal-tapes.com\/#website","url":"https:\/\/cardinal-tapes.com\/","name":"cardinal TAPES","description":"Klebetechnik aus Wuppertal","potentialAction":[{"@type":"SearchAction","target":{"@type":"EntryPoint","urlTemplate":"https:\/\/cardinal-tapes.com\/?s={search_term_string}"},"query-input":{"@type":"PropertyValueSpecification","valueRequired":true,"valueName":"search_term_string"}}],"inLanguage":"pl-PL"}]}},"_links":{"self":[{"href":"https:\/\/cardinal-tapes.com\/pl\/wp-json\/wp\/v2\/pages\/30090","targetHints":{"allow":["GET"]}}],"collection":[{"href":"https:\/\/cardinal-tapes.com\/pl\/wp-json\/wp\/v2\/pages"}],"about":[{"href":"https:\/\/cardinal-tapes.com\/pl\/wp-json\/wp\/v2\/types\/page"}],"author":[{"embeddable":true,"href":"https:\/\/cardinal-tapes.com\/pl\/wp-json\/wp\/v2\/users\/1"}],"replies":[{"embeddable":true,"href":"https:\/\/cardinal-tapes.com\/pl\/wp-json\/wp\/v2\/comments?post=30090"}],"version-history":[{"count":0,"href":"https:\/\/cardinal-tapes.com\/pl\/wp-json\/wp\/v2\/pages\/30090\/revisions"}],"wp:attachment":[{"href":"https:\/\/cardinal-tapes.com\/pl\/wp-json\/wp\/v2\/media?parent=30090"}],"curies":[{"name":"wp","href":"https:\/\/api.w.org\/{rel}","templated":true}]}}