{"id":75154,"date":"2023-08-04T10:18:19","date_gmt":"2023-08-04T08:18:19","guid":{"rendered":"https:\/\/cardinal-tapes.com\/?post_type=product&#038;p=75154"},"modified":"2026-02-23T10:03:29","modified_gmt":"2026-02-23T09:03:29","slug":"ca-418-nastro-adesivo-in-pet-it","status":"publish","type":"product","link":"https:\/\/cardinal-tapes.com\/it\/nastri-adesivi\/aree-di-applicazione\/produzione-e-lavorazione-dellalluminio\/ca-418-nastro-adesivo-in-pet-it\/","title":{"rendered":"CA-420 Nastro adesivo in PET"},"content":{"rendered":"<p>CA-420 \u00e8 un nastro biadesivo versatile. Il prodotto \u00e8 costituito da un supporto in film di poliestere rivestito su entrambi i lati da un adesivo acrilico modificato.<br \/>\n\u00c8 caratterizzato da un&#8217;ottima resistenza ai raggi UV, alle sollecitazioni termiche, alle sostanze chimiche, ai solventi e all&#8217;umidit\u00e0.<\/p>\n<p>L&#8217;adesivo ha un&#8217;eccellente adesione permanente, in particolare su superfici metalliche, verniciate e plastiche ad alta energia, ma anche su superfici a bassa energia. Grazie alla sua elevata massa di applicazione, CA-420 \u00e8 adatto anche all&#8217;incollaggio di superfici ruvide o strutturate.<\/p>\n","protected":false},"excerpt":{"rendered":"<p>CA-420 \u00e8 un nastro biadesivo versatile. Il prodotto \u00e8 costituito da un supporto in film di poliestere rivestito su entrambi i lati da un adesivo acrilico modificato. \u00c8 caratterizzato da un&#8217;ottima resistenza ai raggi UV, alle sollecitazioni termiche, alle sostanze chimiche, ai solventi e all&#8217;umidit\u00e0. L&#8217;adesivo ha un&#8217;eccellente adesione permanente, in particolare su superfici metalliche, [&hellip;]<\/p>\n","protected":false},"featured_media":81356,"template":"","meta":{"_acf_changed":false},"pwb-brand":[2174],"product_brand":[],"product_cat":[1683,1724,1726,1728,1731,1732,1780,1824,1675],"product_tag":[],"class_list":{"0":"post-75154","1":"product","2":"type-product","3":"status-publish","4":"has-post-thumbnail","6":"pwb-brand-cardinal-gmbh-it","7":"product_cat-industria-elettrica","8":"product_cat-produzione-di-film","9":"product_cat-riscaldamento-e-condizionamento","10":"product_cat-industria-della-plastica","11":"product_cat-ingegneria-meccanica","12":"product_cat-finitura-del-metallo","13":"product_cat-industria-tessile","14":"product_cat-nastri-biadesivi","15":"product_cat-produzione-e-lavorazione-dellalluminio","17":"first","18":"instock","19":"taxable","20":"shipping-taxable","21":"purchasable","22":"product-type-variable"},"acf":[],"yoast_head":"<!-- This site is optimized with the Yoast SEO plugin v27.3 - https:\/\/yoast.com\/product\/yoast-seo-wordpress\/ -->\n<title>CA-420 nastro adesivo in PET ad alte prestazioni | Cardinal TAPES<\/title>\n<meta name=\"description\" content=\"CA-420 \u00e8 un versatile nastro biadesivo rivestito con un adesivo acrilico modificato.\" \/>\n<meta name=\"robots\" content=\"index, follow, max-snippet:-1, max-image-preview:large, max-video-preview:-1\" \/>\n<link rel=\"canonical\" href=\"https:\/\/cardinal-tapes.com\/it\/nastri-adesivi\/aree-di-applicazione\/produzione-e-lavorazione-dellalluminio\/ca-418-nastro-adesivo-in-pet-it\/\" \/>\n<meta property=\"og:locale\" content=\"it_IT\" \/>\n<meta property=\"og:type\" content=\"article\" \/>\n<meta property=\"og:title\" content=\"CA-420 nastro adesivo in PET ad alte prestazioni | Cardinal TAPES\" \/>\n<meta property=\"og:description\" content=\"CA-420 \u00e8 un versatile nastro biadesivo rivestito con un adesivo acrilico modificato.\" \/>\n<meta property=\"og:url\" content=\"https:\/\/cardinal-tapes.com\/it\/nastri-adesivi\/aree-di-applicazione\/produzione-e-lavorazione-dellalluminio\/ca-418-nastro-adesivo-in-pet-it\/\" \/>\n<meta property=\"og:site_name\" content=\"cardinal TAPES\" \/>\n<meta property=\"article:modified_time\" content=\"2026-02-23T09:03:29+00:00\" \/>\n<meta property=\"og:image\" content=\"https:\/\/cardinal-tapes.com\/wp-content\/uploads\/ca_420_19x50mm.jpg\" \/>\n\t<meta property=\"og:image:width\" content=\"380\" \/>\n\t<meta property=\"og:image:height\" content=\"380\" \/>\n\t<meta property=\"og:image:type\" content=\"image\/jpeg\" \/>\n<meta name=\"twitter:card\" content=\"summary_large_image\" \/>\n<meta name=\"twitter:label1\" content=\"Tempo di lettura stimato\" \/>\n\t<meta name=\"twitter:data1\" content=\"1 minuto\" \/>\n<script type=\"application\/ld+json\" class=\"yoast-schema-graph\">{\"@context\":\"https:\\\/\\\/schema.org\",\"@graph\":[{\"@type\":\"WebPage\",\"@id\":\"https:\\\/\\\/cardinal-tapes.com\\\/it\\\/nastri-adesivi\\\/aree-di-applicazione\\\/produzione-e-lavorazione-dellalluminio\\\/ca-418-nastro-adesivo-in-pet-it\\\/\",\"url\":\"https:\\\/\\\/cardinal-tapes.com\\\/it\\\/nastri-adesivi\\\/aree-di-applicazione\\\/produzione-e-lavorazione-dellalluminio\\\/ca-418-nastro-adesivo-in-pet-it\\\/\",\"name\":\"CA-420 nastro adesivo in PET ad alte prestazioni | Cardinal TAPES\",\"isPartOf\":{\"@id\":\"https:\\\/\\\/cardinal-tapes.com\\\/#website\"},\"primaryImageOfPage\":{\"@id\":\"https:\\\/\\\/cardinal-tapes.com\\\/it\\\/nastri-adesivi\\\/aree-di-applicazione\\\/produzione-e-lavorazione-dellalluminio\\\/ca-418-nastro-adesivo-in-pet-it\\\/#primaryimage\"},\"image\":{\"@id\":\"https:\\\/\\\/cardinal-tapes.com\\\/it\\\/nastri-adesivi\\\/aree-di-applicazione\\\/produzione-e-lavorazione-dellalluminio\\\/ca-418-nastro-adesivo-in-pet-it\\\/#primaryimage\"},\"thumbnailUrl\":\"https:\\\/\\\/cardinal-tapes.com\\\/wp-content\\\/uploads\\\/ca_420_19x50mm.jpg\",\"datePublished\":\"2023-08-04T08:18:19+00:00\",\"dateModified\":\"2026-02-23T09:03:29+00:00\",\"description\":\"CA-420 \u00e8 un versatile nastro biadesivo rivestito con un adesivo acrilico modificato.\",\"breadcrumb\":{\"@id\":\"https:\\\/\\\/cardinal-tapes.com\\\/it\\\/nastri-adesivi\\\/aree-di-applicazione\\\/produzione-e-lavorazione-dellalluminio\\\/ca-418-nastro-adesivo-in-pet-it\\\/#breadcrumb\"},\"inLanguage\":\"it-IT\",\"potentialAction\":[{\"@type\":\"ReadAction\",\"target\":[\"https:\\\/\\\/cardinal-tapes.com\\\/it\\\/nastri-adesivi\\\/aree-di-applicazione\\\/produzione-e-lavorazione-dellalluminio\\\/ca-418-nastro-adesivo-in-pet-it\\\/\"]}]},{\"@type\":\"ImageObject\",\"inLanguage\":\"it-IT\",\"@id\":\"https:\\\/\\\/cardinal-tapes.com\\\/it\\\/nastri-adesivi\\\/aree-di-applicazione\\\/produzione-e-lavorazione-dellalluminio\\\/ca-418-nastro-adesivo-in-pet-it\\\/#primaryimage\",\"url\":\"https:\\\/\\\/cardinal-tapes.com\\\/wp-content\\\/uploads\\\/ca_420_19x50mm.jpg\",\"contentUrl\":\"https:\\\/\\\/cardinal-tapes.com\\\/wp-content\\\/uploads\\\/ca_420_19x50mm.jpg\",\"width\":380,\"height\":380},{\"@type\":\"BreadcrumbList\",\"@id\":\"https:\\\/\\\/cardinal-tapes.com\\\/it\\\/nastri-adesivi\\\/aree-di-applicazione\\\/produzione-e-lavorazione-dellalluminio\\\/ca-418-nastro-adesivo-in-pet-it\\\/#breadcrumb\",\"itemListElement\":[{\"@type\":\"ListItem\",\"position\":1,\"name\":\"Startseite\",\"item\":\"https:\\\/\\\/cardinal-tapes.com\\\/it\\\/casa\\\/\"},{\"@type\":\"ListItem\",\"position\":2,\"name\":\"Nastri adesivi\",\"item\":\"https:\\\/\\\/cardinal-tapes.com\\\/it\\\/nastri-adesivi-it\\\/\"},{\"@type\":\"ListItem\",\"position\":3,\"name\":\"Doppelseitige Klebeb\u00e4nder\",\"item\":\"https:\\\/\\\/cardinal-tapes.com\\\/kategorie\\\/doppelseitige-klebebaender\\\/\"},{\"@type\":\"ListItem\",\"position\":4,\"name\":\"CA-420 Nastro adesivo in PET\"}]},{\"@type\":\"WebSite\",\"@id\":\"https:\\\/\\\/cardinal-tapes.com\\\/#website\",\"url\":\"https:\\\/\\\/cardinal-tapes.com\\\/\",\"name\":\"cardinal TAPES\",\"description\":\"Klebetechnik aus Wuppertal\",\"potentialAction\":[{\"@type\":\"SearchAction\",\"target\":{\"@type\":\"EntryPoint\",\"urlTemplate\":\"https:\\\/\\\/cardinal-tapes.com\\\/?s={search_term_string}\"},\"query-input\":{\"@type\":\"PropertyValueSpecification\",\"valueRequired\":true,\"valueName\":\"search_term_string\"}}],\"inLanguage\":\"it-IT\"}]}<\/script>\n<!-- \/ Yoast SEO plugin. -->","yoast_head_json":{"title":"CA-420 nastro adesivo in PET ad alte prestazioni | Cardinal TAPES","description":"CA-420 \u00e8 un versatile nastro biadesivo rivestito con un adesivo acrilico modificato.","robots":{"index":"index","follow":"follow","max-snippet":"max-snippet:-1","max-image-preview":"max-image-preview:large","max-video-preview":"max-video-preview:-1"},"canonical":"https:\/\/cardinal-tapes.com\/it\/nastri-adesivi\/aree-di-applicazione\/produzione-e-lavorazione-dellalluminio\/ca-418-nastro-adesivo-in-pet-it\/","og_locale":"it_IT","og_type":"article","og_title":"CA-420 nastro adesivo in PET ad alte prestazioni | Cardinal TAPES","og_description":"CA-420 \u00e8 un versatile nastro biadesivo rivestito con un adesivo acrilico modificato.","og_url":"https:\/\/cardinal-tapes.com\/it\/nastri-adesivi\/aree-di-applicazione\/produzione-e-lavorazione-dellalluminio\/ca-418-nastro-adesivo-in-pet-it\/","og_site_name":"cardinal TAPES","article_modified_time":"2026-02-23T09:03:29+00:00","og_image":[{"width":380,"height":380,"url":"https:\/\/cardinal-tapes.com\/wp-content\/uploads\/ca_420_19x50mm.jpg","type":"image\/jpeg"}],"twitter_card":"summary_large_image","twitter_misc":{"Tempo di lettura stimato":"1 minuto"},"schema":{"@context":"https:\/\/schema.org","@graph":[{"@type":"WebPage","@id":"https:\/\/cardinal-tapes.com\/it\/nastri-adesivi\/aree-di-applicazione\/produzione-e-lavorazione-dellalluminio\/ca-418-nastro-adesivo-in-pet-it\/","url":"https:\/\/cardinal-tapes.com\/it\/nastri-adesivi\/aree-di-applicazione\/produzione-e-lavorazione-dellalluminio\/ca-418-nastro-adesivo-in-pet-it\/","name":"CA-420 nastro adesivo in PET ad alte prestazioni | Cardinal TAPES","isPartOf":{"@id":"https:\/\/cardinal-tapes.com\/#website"},"primaryImageOfPage":{"@id":"https:\/\/cardinal-tapes.com\/it\/nastri-adesivi\/aree-di-applicazione\/produzione-e-lavorazione-dellalluminio\/ca-418-nastro-adesivo-in-pet-it\/#primaryimage"},"image":{"@id":"https:\/\/cardinal-tapes.com\/it\/nastri-adesivi\/aree-di-applicazione\/produzione-e-lavorazione-dellalluminio\/ca-418-nastro-adesivo-in-pet-it\/#primaryimage"},"thumbnailUrl":"https:\/\/cardinal-tapes.com\/wp-content\/uploads\/ca_420_19x50mm.jpg","datePublished":"2023-08-04T08:18:19+00:00","dateModified":"2026-02-23T09:03:29+00:00","description":"CA-420 \u00e8 un versatile nastro biadesivo rivestito con un adesivo acrilico modificato.","breadcrumb":{"@id":"https:\/\/cardinal-tapes.com\/it\/nastri-adesivi\/aree-di-applicazione\/produzione-e-lavorazione-dellalluminio\/ca-418-nastro-adesivo-in-pet-it\/#breadcrumb"},"inLanguage":"it-IT","potentialAction":[{"@type":"ReadAction","target":["https:\/\/cardinal-tapes.com\/it\/nastri-adesivi\/aree-di-applicazione\/produzione-e-lavorazione-dellalluminio\/ca-418-nastro-adesivo-in-pet-it\/"]}]},{"@type":"ImageObject","inLanguage":"it-IT","@id":"https:\/\/cardinal-tapes.com\/it\/nastri-adesivi\/aree-di-applicazione\/produzione-e-lavorazione-dellalluminio\/ca-418-nastro-adesivo-in-pet-it\/#primaryimage","url":"https:\/\/cardinal-tapes.com\/wp-content\/uploads\/ca_420_19x50mm.jpg","contentUrl":"https:\/\/cardinal-tapes.com\/wp-content\/uploads\/ca_420_19x50mm.jpg","width":380,"height":380},{"@type":"BreadcrumbList","@id":"https:\/\/cardinal-tapes.com\/it\/nastri-adesivi\/aree-di-applicazione\/produzione-e-lavorazione-dellalluminio\/ca-418-nastro-adesivo-in-pet-it\/#breadcrumb","itemListElement":[{"@type":"ListItem","position":1,"name":"Startseite","item":"https:\/\/cardinal-tapes.com\/it\/casa\/"},{"@type":"ListItem","position":2,"name":"Nastri adesivi","item":"https:\/\/cardinal-tapes.com\/it\/nastri-adesivi-it\/"},{"@type":"ListItem","position":3,"name":"Doppelseitige Klebeb\u00e4nder","item":"https:\/\/cardinal-tapes.com\/kategorie\/doppelseitige-klebebaender\/"},{"@type":"ListItem","position":4,"name":"CA-420 Nastro adesivo in PET"}]},{"@type":"WebSite","@id":"https:\/\/cardinal-tapes.com\/#website","url":"https:\/\/cardinal-tapes.com\/","name":"cardinal TAPES","description":"Klebetechnik aus Wuppertal","potentialAction":[{"@type":"SearchAction","target":{"@type":"EntryPoint","urlTemplate":"https:\/\/cardinal-tapes.com\/?s={search_term_string}"},"query-input":{"@type":"PropertyValueSpecification","valueRequired":true,"valueName":"search_term_string"}}],"inLanguage":"it-IT"}]}},"brands":[{"id":2174,"name":"cardinal GmbH","slug":"cardinal-gmbh-it"}],"_links":{"self":[{"href":"https:\/\/cardinal-tapes.com\/it\/wp-json\/wp\/v2\/product\/75154","targetHints":{"allow":["GET"]}}],"collection":[{"href":"https:\/\/cardinal-tapes.com\/it\/wp-json\/wp\/v2\/product"}],"about":[{"href":"https:\/\/cardinal-tapes.com\/it\/wp-json\/wp\/v2\/types\/product"}],"wp:featuredmedia":[{"embeddable":true,"href":"https:\/\/cardinal-tapes.com\/it\/wp-json\/wp\/v2\/media\/81356"}],"wp:attachment":[{"href":"https:\/\/cardinal-tapes.com\/it\/wp-json\/wp\/v2\/media?parent=75154"}],"wp:term":[{"taxonomy":"pwb-brand","embeddable":true,"href":"https:\/\/cardinal-tapes.com\/it\/wp-json\/wp\/v2\/pwb-brand?post=75154"},{"taxonomy":"product_brand","embeddable":true,"href":"https:\/\/cardinal-tapes.com\/it\/wp-json\/wp\/v2\/product_brand?post=75154"},{"taxonomy":"product_cat","embeddable":true,"href":"https:\/\/cardinal-tapes.com\/it\/wp-json\/wp\/v2\/product_cat?post=75154"},{"taxonomy":"product_tag","embeddable":true,"href":"https:\/\/cardinal-tapes.com\/it\/wp-json\/wp\/v2\/product_tag?post=75154"}],"curies":[{"name":"wp","href":"https:\/\/api.w.org\/{rel}","templated":true}]}}