{"id":63807,"date":"2017-12-08T08:28:16","date_gmt":"2017-12-08T07:28:16","guid":{"rendered":"https:\/\/cardinal.pixel-tal.de\/klebebaender\/senza-categoria\/nastri-biadesivi-3m-983xl-9527\/"},"modified":"2023-06-06T10:21:25","modified_gmt":"2023-06-06T08:21:25","slug":"3m-983xl-9527-double-sided-adhesive-tapes-with-carriers","status":"publish","type":"product","link":"https:\/\/cardinal-tapes.com\/it\/nastri-adesivi\/nastri-biadesivi\/3m-983xl-9527-double-sided-adhesive-tapes-with-carriers\/","title":{"rendered":"Nastri biadesivi 3M\u2122 983xl-9527"},"content":{"rendered":"<p>Questi nastri hanno un&#8217;adesione istantanea molto elevata grazie all&#8217;adesivo in gomma sintetica. I nastri biadesivi sono adatti a un&#8217;ampia gamma di materiali come plastica, metallo, vetro o ceramica. I nastri adesivi possono essere personalizzati molto bene, poich\u00e9 hanno eccellenti propriet\u00e0 di fustellatura.<\/p>\n<p><strong>Propriet\u00e0<\/strong><br \/>\n&#8211; Buona adesione a varie superfici<\/p>\n<p><strong>Applicazioni<\/strong><br \/>\n&#8211; Fissare, trattenere, giuntare, laminare, montare o accoppiare<\/p>\n","protected":false},"excerpt":{"rendered":"<p>Questi nastri hanno un&#8217;adesione istantanea molto elevata grazie all&#8217;adesivo in gomma sintetica. I nastri biadesivi sono adatti a un&#8217;ampia gamma di materiali come plastica, metallo, vetro o ceramica. I nastri adesivi possono essere personalizzati molto bene, poich\u00e9 hanno eccellenti propriet\u00e0 di fustellatura. Propriet\u00e0 &#8211; Buona adesione a varie superfici Applicazioni &#8211; Fissare, trattenere, giuntare, laminare, [&hellip;]<\/p>\n","protected":false},"featured_media":24321,"template":"","meta":{"_acf_changed":false},"pwb-brand":[2166],"product_brand":[],"product_cat":[1824],"product_tag":[],"class_list":{"0":"post-63807","1":"product","2":"type-product","3":"status-publish","4":"has-post-thumbnail","6":"pwb-brand-3m-it","7":"product_cat-nastri-biadesivi","9":"first","10":"instock","11":"taxable","12":"shipping-taxable","13":"purchasable","14":"product-type-simple"},"acf":[],"yoast_head":"<!-- This site is optimized with the Yoast SEO plugin v27.3 - https:\/\/yoast.com\/product\/yoast-seo-wordpress\/ -->\n<title>3M 983xl-9527 Nastri biadesivi con supporto | Cardinal TAPES<\/title>\n<meta name=\"description\" content=\"Questi nastri hanno un&#039;adesione istantanea molto elevata grazie all&#039;adesivo in gomma sintetica. Per saperne di pi\u00f9, cliccate qui.\" \/>\n<meta name=\"robots\" content=\"index, follow, max-snippet:-1, max-image-preview:large, max-video-preview:-1\" \/>\n<link rel=\"canonical\" href=\"https:\/\/cardinal-tapes.com\/it\/nastri-adesivi\/nastri-biadesivi\/3m-983xl-9527-double-sided-adhesive-tapes-with-carriers\/\" \/>\n<meta property=\"og:locale\" content=\"it_IT\" \/>\n<meta property=\"og:type\" content=\"article\" \/>\n<meta property=\"og:title\" content=\"3M 983xl-9527 Nastri biadesivi con supporto | Cardinal TAPES\" \/>\n<meta property=\"og:description\" content=\"Questi nastri hanno un&#039;adesione istantanea molto elevata grazie all&#039;adesivo in gomma sintetica. Per saperne di pi\u00f9, cliccate qui.\" \/>\n<meta property=\"og:url\" content=\"https:\/\/cardinal-tapes.com\/it\/nastri-adesivi\/nastri-biadesivi\/3m-983xl-9527-double-sided-adhesive-tapes-with-carriers\/\" \/>\n<meta property=\"og:site_name\" content=\"cardinal TAPES\" \/>\n<meta property=\"article:modified_time\" content=\"2023-06-06T08:21:25+00:00\" \/>\n<meta property=\"og:image\" content=\"https:\/\/cardinal-tapes.com\/wp-content\/uploads\/3m_doppelseitig_papiervliestraeger_9527.jpg\" \/>\n\t<meta property=\"og:image:width\" content=\"600\" \/>\n\t<meta property=\"og:image:height\" content=\"600\" \/>\n\t<meta property=\"og:image:type\" content=\"image\/jpeg\" \/>\n<meta name=\"twitter:card\" content=\"summary_large_image\" \/>\n<script type=\"application\/ld+json\" class=\"yoast-schema-graph\">{\"@context\":\"https:\\\/\\\/schema.org\",\"@graph\":[{\"@type\":\"WebPage\",\"@id\":\"https:\\\/\\\/cardinal-tapes.com\\\/it\\\/nastri-adesivi\\\/nastri-biadesivi\\\/3m-983xl-9527-double-sided-adhesive-tapes-with-carriers\\\/\",\"url\":\"https:\\\/\\\/cardinal-tapes.com\\\/it\\\/nastri-adesivi\\\/nastri-biadesivi\\\/3m-983xl-9527-double-sided-adhesive-tapes-with-carriers\\\/\",\"name\":\"3M 983xl-9527 Nastri biadesivi con supporto | Cardinal TAPES\",\"isPartOf\":{\"@id\":\"https:\\\/\\\/cardinal-tapes.com\\\/#website\"},\"primaryImageOfPage\":{\"@id\":\"https:\\\/\\\/cardinal-tapes.com\\\/it\\\/nastri-adesivi\\\/nastri-biadesivi\\\/3m-983xl-9527-double-sided-adhesive-tapes-with-carriers\\\/#primaryimage\"},\"image\":{\"@id\":\"https:\\\/\\\/cardinal-tapes.com\\\/it\\\/nastri-adesivi\\\/nastri-biadesivi\\\/3m-983xl-9527-double-sided-adhesive-tapes-with-carriers\\\/#primaryimage\"},\"thumbnailUrl\":\"https:\\\/\\\/cardinal-tapes.com\\\/wp-content\\\/uploads\\\/3m_doppelseitig_papiervliestraeger_9527.jpg\",\"datePublished\":\"2017-12-08T07:28:16+00:00\",\"dateModified\":\"2023-06-06T08:21:25+00:00\",\"description\":\"Questi nastri hanno un'adesione istantanea molto elevata grazie all'adesivo in gomma sintetica. Per saperne di pi\u00f9, cliccate qui.\",\"breadcrumb\":{\"@id\":\"https:\\\/\\\/cardinal-tapes.com\\\/it\\\/nastri-adesivi\\\/nastri-biadesivi\\\/3m-983xl-9527-double-sided-adhesive-tapes-with-carriers\\\/#breadcrumb\"},\"inLanguage\":\"it-IT\",\"potentialAction\":[{\"@type\":\"ReadAction\",\"target\":[\"https:\\\/\\\/cardinal-tapes.com\\\/it\\\/nastri-adesivi\\\/nastri-biadesivi\\\/3m-983xl-9527-double-sided-adhesive-tapes-with-carriers\\\/\"]}]},{\"@type\":\"ImageObject\",\"inLanguage\":\"it-IT\",\"@id\":\"https:\\\/\\\/cardinal-tapes.com\\\/it\\\/nastri-adesivi\\\/nastri-biadesivi\\\/3m-983xl-9527-double-sided-adhesive-tapes-with-carriers\\\/#primaryimage\",\"url\":\"https:\\\/\\\/cardinal-tapes.com\\\/wp-content\\\/uploads\\\/3m_doppelseitig_papiervliestraeger_9527.jpg\",\"contentUrl\":\"https:\\\/\\\/cardinal-tapes.com\\\/wp-content\\\/uploads\\\/3m_doppelseitig_papiervliestraeger_9527.jpg\",\"width\":600,\"height\":600,\"caption\":\"Nastro biadesivo 3M 9527\"},{\"@type\":\"BreadcrumbList\",\"@id\":\"https:\\\/\\\/cardinal-tapes.com\\\/it\\\/nastri-adesivi\\\/nastri-biadesivi\\\/3m-983xl-9527-double-sided-adhesive-tapes-with-carriers\\\/#breadcrumb\",\"itemListElement\":[{\"@type\":\"ListItem\",\"position\":1,\"name\":\"Startseite\",\"item\":\"https:\\\/\\\/cardinal-tapes.com\\\/it\\\/casa\\\/\"},{\"@type\":\"ListItem\",\"position\":2,\"name\":\"Nastri adesivi\",\"item\":\"https:\\\/\\\/cardinal-tapes.com\\\/it\\\/nastri-adesivi-it\\\/\"},{\"@type\":\"ListItem\",\"position\":3,\"name\":\"Nastri biadesivi\",\"item\":\"https:\\\/\\\/cardinal-tapes.com\\\/it\\\/categoria\\\/nastri-biadesivi\\\/\"},{\"@type\":\"ListItem\",\"position\":4,\"name\":\"Nastri biadesivi 3M\u2122 983xl-9527\"}]},{\"@type\":\"WebSite\",\"@id\":\"https:\\\/\\\/cardinal-tapes.com\\\/#website\",\"url\":\"https:\\\/\\\/cardinal-tapes.com\\\/\",\"name\":\"cardinal TAPES\",\"description\":\"Klebetechnik aus Wuppertal\",\"potentialAction\":[{\"@type\":\"SearchAction\",\"target\":{\"@type\":\"EntryPoint\",\"urlTemplate\":\"https:\\\/\\\/cardinal-tapes.com\\\/?s={search_term_string}\"},\"query-input\":{\"@type\":\"PropertyValueSpecification\",\"valueRequired\":true,\"valueName\":\"search_term_string\"}}],\"inLanguage\":\"it-IT\"}]}<\/script>\n<!-- \/ Yoast SEO plugin. -->","yoast_head_json":{"title":"3M 983xl-9527 Nastri biadesivi con supporto | Cardinal TAPES","description":"Questi nastri hanno un'adesione istantanea molto elevata grazie all'adesivo in gomma sintetica. Per saperne di pi\u00f9, cliccate qui.","robots":{"index":"index","follow":"follow","max-snippet":"max-snippet:-1","max-image-preview":"max-image-preview:large","max-video-preview":"max-video-preview:-1"},"canonical":"https:\/\/cardinal-tapes.com\/it\/nastri-adesivi\/nastri-biadesivi\/3m-983xl-9527-double-sided-adhesive-tapes-with-carriers\/","og_locale":"it_IT","og_type":"article","og_title":"3M 983xl-9527 Nastri biadesivi con supporto | Cardinal TAPES","og_description":"Questi nastri hanno un'adesione istantanea molto elevata grazie all'adesivo in gomma sintetica. Per saperne di pi\u00f9, cliccate qui.","og_url":"https:\/\/cardinal-tapes.com\/it\/nastri-adesivi\/nastri-biadesivi\/3m-983xl-9527-double-sided-adhesive-tapes-with-carriers\/","og_site_name":"cardinal TAPES","article_modified_time":"2023-06-06T08:21:25+00:00","og_image":[{"width":600,"height":600,"url":"https:\/\/cardinal-tapes.com\/wp-content\/uploads\/3m_doppelseitig_papiervliestraeger_9527.jpg","type":"image\/jpeg"}],"twitter_card":"summary_large_image","schema":{"@context":"https:\/\/schema.org","@graph":[{"@type":"WebPage","@id":"https:\/\/cardinal-tapes.com\/it\/nastri-adesivi\/nastri-biadesivi\/3m-983xl-9527-double-sided-adhesive-tapes-with-carriers\/","url":"https:\/\/cardinal-tapes.com\/it\/nastri-adesivi\/nastri-biadesivi\/3m-983xl-9527-double-sided-adhesive-tapes-with-carriers\/","name":"3M 983xl-9527 Nastri biadesivi con supporto | Cardinal TAPES","isPartOf":{"@id":"https:\/\/cardinal-tapes.com\/#website"},"primaryImageOfPage":{"@id":"https:\/\/cardinal-tapes.com\/it\/nastri-adesivi\/nastri-biadesivi\/3m-983xl-9527-double-sided-adhesive-tapes-with-carriers\/#primaryimage"},"image":{"@id":"https:\/\/cardinal-tapes.com\/it\/nastri-adesivi\/nastri-biadesivi\/3m-983xl-9527-double-sided-adhesive-tapes-with-carriers\/#primaryimage"},"thumbnailUrl":"https:\/\/cardinal-tapes.com\/wp-content\/uploads\/3m_doppelseitig_papiervliestraeger_9527.jpg","datePublished":"2017-12-08T07:28:16+00:00","dateModified":"2023-06-06T08:21:25+00:00","description":"Questi nastri hanno un'adesione istantanea molto elevata grazie all'adesivo in gomma sintetica. Per saperne di pi\u00f9, cliccate qui.","breadcrumb":{"@id":"https:\/\/cardinal-tapes.com\/it\/nastri-adesivi\/nastri-biadesivi\/3m-983xl-9527-double-sided-adhesive-tapes-with-carriers\/#breadcrumb"},"inLanguage":"it-IT","potentialAction":[{"@type":"ReadAction","target":["https:\/\/cardinal-tapes.com\/it\/nastri-adesivi\/nastri-biadesivi\/3m-983xl-9527-double-sided-adhesive-tapes-with-carriers\/"]}]},{"@type":"ImageObject","inLanguage":"it-IT","@id":"https:\/\/cardinal-tapes.com\/it\/nastri-adesivi\/nastri-biadesivi\/3m-983xl-9527-double-sided-adhesive-tapes-with-carriers\/#primaryimage","url":"https:\/\/cardinal-tapes.com\/wp-content\/uploads\/3m_doppelseitig_papiervliestraeger_9527.jpg","contentUrl":"https:\/\/cardinal-tapes.com\/wp-content\/uploads\/3m_doppelseitig_papiervliestraeger_9527.jpg","width":600,"height":600,"caption":"Nastro biadesivo 3M 9527"},{"@type":"BreadcrumbList","@id":"https:\/\/cardinal-tapes.com\/it\/nastri-adesivi\/nastri-biadesivi\/3m-983xl-9527-double-sided-adhesive-tapes-with-carriers\/#breadcrumb","itemListElement":[{"@type":"ListItem","position":1,"name":"Startseite","item":"https:\/\/cardinal-tapes.com\/it\/casa\/"},{"@type":"ListItem","position":2,"name":"Nastri adesivi","item":"https:\/\/cardinal-tapes.com\/it\/nastri-adesivi-it\/"},{"@type":"ListItem","position":3,"name":"Nastri biadesivi","item":"https:\/\/cardinal-tapes.com\/it\/categoria\/nastri-biadesivi\/"},{"@type":"ListItem","position":4,"name":"Nastri biadesivi 3M\u2122 983xl-9527"}]},{"@type":"WebSite","@id":"https:\/\/cardinal-tapes.com\/#website","url":"https:\/\/cardinal-tapes.com\/","name":"cardinal TAPES","description":"Klebetechnik aus Wuppertal","potentialAction":[{"@type":"SearchAction","target":{"@type":"EntryPoint","urlTemplate":"https:\/\/cardinal-tapes.com\/?s={search_term_string}"},"query-input":{"@type":"PropertyValueSpecification","valueRequired":true,"valueName":"search_term_string"}}],"inLanguage":"it-IT"}]}},"brands":[{"id":2166,"name":"3M","slug":"3m-it"}],"_links":{"self":[{"href":"https:\/\/cardinal-tapes.com\/it\/wp-json\/wp\/v2\/product\/63807","targetHints":{"allow":["GET"]}}],"collection":[{"href":"https:\/\/cardinal-tapes.com\/it\/wp-json\/wp\/v2\/product"}],"about":[{"href":"https:\/\/cardinal-tapes.com\/it\/wp-json\/wp\/v2\/types\/product"}],"wp:featuredmedia":[{"embeddable":true,"href":"https:\/\/cardinal-tapes.com\/it\/wp-json\/wp\/v2\/media\/24321"}],"wp:attachment":[{"href":"https:\/\/cardinal-tapes.com\/it\/wp-json\/wp\/v2\/media?parent=63807"}],"wp:term":[{"taxonomy":"pwb-brand","embeddable":true,"href":"https:\/\/cardinal-tapes.com\/it\/wp-json\/wp\/v2\/pwb-brand?post=63807"},{"taxonomy":"product_brand","embeddable":true,"href":"https:\/\/cardinal-tapes.com\/it\/wp-json\/wp\/v2\/product_brand?post=63807"},{"taxonomy":"product_cat","embeddable":true,"href":"https:\/\/cardinal-tapes.com\/it\/wp-json\/wp\/v2\/product_cat?post=63807"},{"taxonomy":"product_tag","embeddable":true,"href":"https:\/\/cardinal-tapes.com\/it\/wp-json\/wp\/v2\/product_tag?post=63807"}],"curies":[{"name":"wp","href":"https:\/\/api.w.org\/{rel}","templated":true}]}}