{"id":63438,"date":"2017-12-08T08:35:41","date_gmt":"2023-06-06T08:21:10","guid":{"rendered":"https:\/\/cardinal.pixel-tal.de\/klebebaender\/senza-categoria\/nastro-sigillante-ad-alte-prestazioni-3m-4412n\/"},"modified":"2025-07-10T13:18:27","modified_gmt":"2025-07-10T11:18:27","slug":"nastro-sigillante-ad-alte-prestazioni-da-3-m-4412n","status":"publish","type":"product","link":"https:\/\/cardinal-tapes.com\/it\/nastri-adesivi\/nastri-monoadesivi\/nastro-sigillante-ad-alte-prestazioni-da-3-m-4412n\/","title":{"rendered":"Nastro sigillante ad alte prestazioni 3M\u2122 4412N"},"content":{"rendered":"<p>Il nastro sigillante ad alte prestazioni 3M 4412N \u00e8 costituito da un nastro sigillante acrilico monofacciale con un robusto supporto ionomerico e un adesivo viscoelastico. Questi componenti rendono il nastro sigillante particolarmente impermeabile e allo stesso tempo resistente alle temperature e ai raggi UV. Ecco perch\u00e9 il nastro sigillante ad alte prestazioni 4412N viene utilizzato per sigillare teste di viti, passaggi e molto altro. Inoltre, il nastro pu\u00f2 essere laccato per soddisfare le esigenze individuali.<\/p>\n<p><strong>Propriet\u00e0<\/strong><br \/>\nIl nastro adesivo 4412N \u00e8 un nastro sigillante acrilico monofacciale con un robusto supporto ionomerico e un adesivo viscoelastico, che garantisce un&#8217;adesione, una flessibilit\u00e0 e un&#8217;adattabilit\u00e0 estremamente elevate. Il nastro \u00e8 inoltre resistente alla temperatura, agli agenti atmosferici e ai raggi UV. Inoltre, \u00e8 resistente ai solventi, verniciabile e impermeabile.<\/p>\n<p><strong>Applicazioni<\/strong><br \/>\n&#8211; Sigillature impermeabili su contorni, bordi, transizioni, rivetti e teste di viti<br \/>\n&#8211; Applicazioni di sigillatura e riparazioni su materiali ad alta energia come metalli, superfici verniciate, vetro e molte plastiche<br \/>\n&#8211; Per uso interno ed esterno<\/p>\n","protected":false},"excerpt":{"rendered":"<p>Il nastro sigillante ad alte prestazioni 3M 4412N \u00e8 costituito da un nastro sigillante acrilico monofacciale con un robusto supporto ionomerico e un adesivo viscoelastico. Questi componenti rendono il nastro sigillante particolarmente impermeabile e allo stesso tempo resistente alle temperature e ai raggi UV. Ecco perch\u00e9 il nastro sigillante ad alte prestazioni 4412N viene utilizzato [&hellip;]<\/p>\n","protected":false},"featured_media":26769,"template":"","meta":{"_acf_changed":false},"pwb-brand":[2166],"product_brand":[],"product_cat":[1826],"product_tag":[],"class_list":{"0":"post-63438","1":"product","2":"type-product","3":"status-publish","4":"has-post-thumbnail","6":"pwb-brand-3m-it","7":"product_cat-nastri-monoadesivi","9":"first","10":"instock","11":"taxable","12":"shipping-taxable","13":"purchasable","14":"product-type-variable"},"acf":[],"yoast_head":"<!-- This site is optimized with the Yoast SEO plugin v27.3 - https:\/\/yoast.com\/product\/yoast-seo-wordpress\/ -->\n<title>Nastro sigillante ad alte prestazioni 3M 4412N | Nastri Cardinal<\/title>\n<meta name=\"description\" content=\"Il nastro sigillante ad alte prestazioni 3M 4412N \u00e8 costituito da un nastro sigillante acrilico monofacciale con un robusto supporto ionomerico e un adesivo viscoelastico.\" \/>\n<meta name=\"robots\" content=\"index, follow, max-snippet:-1, max-image-preview:large, max-video-preview:-1\" \/>\n<link rel=\"canonical\" href=\"https:\/\/cardinal-tapes.com\/it\/nastri-adesivi\/nastri-monoadesivi\/nastro-sigillante-ad-alte-prestazioni-da-3-m-4412n\/\" \/>\n<meta property=\"og:locale\" content=\"it_IT\" \/>\n<meta property=\"og:type\" content=\"article\" \/>\n<meta property=\"og:title\" content=\"Nastro sigillante ad alte prestazioni 3M 4412N | Nastri Cardinal\" \/>\n<meta property=\"og:description\" content=\"Il nastro sigillante ad alte prestazioni 3M 4412N \u00e8 costituito da un nastro sigillante acrilico monofacciale con un robusto supporto ionomerico e un adesivo viscoelastico.\" \/>\n<meta property=\"og:url\" content=\"https:\/\/cardinal-tapes.com\/it\/nastri-adesivi\/nastri-monoadesivi\/nastro-sigillante-ad-alte-prestazioni-da-3-m-4412n\/\" \/>\n<meta property=\"og:site_name\" content=\"cardinal TAPES\" \/>\n<meta property=\"article:modified_time\" content=\"2025-07-10T11:18:27+00:00\" \/>\n<meta property=\"og:image\" content=\"https:\/\/cardinal-tapes.com\/wp-content\/uploads\/4411g-4411b-4412n.jpg\" \/>\n\t<meta property=\"og:image:width\" content=\"236\" \/>\n\t<meta property=\"og:image:height\" content=\"167\" \/>\n\t<meta property=\"og:image:type\" content=\"image\/jpeg\" \/>\n<meta name=\"twitter:card\" content=\"summary_large_image\" \/>\n<meta name=\"twitter:label1\" content=\"Tempo di lettura stimato\" \/>\n\t<meta name=\"twitter:data1\" content=\"1 minuto\" \/>\n<script type=\"application\/ld+json\" class=\"yoast-schema-graph\">{\"@context\":\"https:\\\/\\\/schema.org\",\"@graph\":[{\"@type\":\"WebPage\",\"@id\":\"https:\\\/\\\/cardinal-tapes.com\\\/it\\\/nastri-adesivi\\\/nastri-monoadesivi\\\/nastro-sigillante-ad-alte-prestazioni-da-3-m-4412n\\\/\",\"url\":\"https:\\\/\\\/cardinal-tapes.com\\\/it\\\/nastri-adesivi\\\/nastri-monoadesivi\\\/nastro-sigillante-ad-alte-prestazioni-da-3-m-4412n\\\/\",\"name\":\"Nastro sigillante ad alte prestazioni 3M 4412N | Nastri Cardinal\",\"isPartOf\":{\"@id\":\"https:\\\/\\\/cardinal-tapes.com\\\/#website\"},\"primaryImageOfPage\":{\"@id\":\"https:\\\/\\\/cardinal-tapes.com\\\/it\\\/nastri-adesivi\\\/nastri-monoadesivi\\\/nastro-sigillante-ad-alte-prestazioni-da-3-m-4412n\\\/#primaryimage\"},\"image\":{\"@id\":\"https:\\\/\\\/cardinal-tapes.com\\\/it\\\/nastri-adesivi\\\/nastri-monoadesivi\\\/nastro-sigillante-ad-alte-prestazioni-da-3-m-4412n\\\/#primaryimage\"},\"thumbnailUrl\":\"https:\\\/\\\/cardinal-tapes.com\\\/wp-content\\\/uploads\\\/4411g-4411b-4412n.jpg\",\"datePublished\":\"2023-06-06T08:21:10+00:00\",\"dateModified\":\"2025-07-10T11:18:27+00:00\",\"description\":\"Il nastro sigillante ad alte prestazioni 3M 4412N \u00e8 costituito da un nastro sigillante acrilico monofacciale con un robusto supporto ionomerico e un adesivo viscoelastico.\",\"breadcrumb\":{\"@id\":\"https:\\\/\\\/cardinal-tapes.com\\\/it\\\/nastri-adesivi\\\/nastri-monoadesivi\\\/nastro-sigillante-ad-alte-prestazioni-da-3-m-4412n\\\/#breadcrumb\"},\"inLanguage\":\"it-IT\",\"potentialAction\":[{\"@type\":\"ReadAction\",\"target\":[\"https:\\\/\\\/cardinal-tapes.com\\\/it\\\/nastri-adesivi\\\/nastri-monoadesivi\\\/nastro-sigillante-ad-alte-prestazioni-da-3-m-4412n\\\/\"]}]},{\"@type\":\"ImageObject\",\"inLanguage\":\"it-IT\",\"@id\":\"https:\\\/\\\/cardinal-tapes.com\\\/it\\\/nastri-adesivi\\\/nastri-monoadesivi\\\/nastro-sigillante-ad-alte-prestazioni-da-3-m-4412n\\\/#primaryimage\",\"url\":\"https:\\\/\\\/cardinal-tapes.com\\\/wp-content\\\/uploads\\\/4411g-4411b-4412n.jpg\",\"contentUrl\":\"https:\\\/\\\/cardinal-tapes.com\\\/wp-content\\\/uploads\\\/4411g-4411b-4412n.jpg\",\"width\":236,\"height\":167,\"caption\":\"4411g-4411b-4412n\"},{\"@type\":\"BreadcrumbList\",\"@id\":\"https:\\\/\\\/cardinal-tapes.com\\\/it\\\/nastri-adesivi\\\/nastri-monoadesivi\\\/nastro-sigillante-ad-alte-prestazioni-da-3-m-4412n\\\/#breadcrumb\",\"itemListElement\":[{\"@type\":\"ListItem\",\"position\":1,\"name\":\"Startseite\",\"item\":\"https:\\\/\\\/cardinal-tapes.com\\\/it\\\/casa\\\/\"},{\"@type\":\"ListItem\",\"position\":2,\"name\":\"Nastri adesivi\",\"item\":\"https:\\\/\\\/cardinal-tapes.com\\\/it\\\/nastri-adesivi-it\\\/\"},{\"@type\":\"ListItem\",\"position\":3,\"name\":\"Nastri monoadesivi\",\"item\":\"https:\\\/\\\/cardinal-tapes.com\\\/it\\\/categoria\\\/nastri-monoadesivi\\\/\"},{\"@type\":\"ListItem\",\"position\":4,\"name\":\"Nastro sigillante ad alte prestazioni 3M\u2122 4412N\"}]},{\"@type\":\"WebSite\",\"@id\":\"https:\\\/\\\/cardinal-tapes.com\\\/#website\",\"url\":\"https:\\\/\\\/cardinal-tapes.com\\\/\",\"name\":\"cardinal TAPES\",\"description\":\"Klebetechnik aus Wuppertal\",\"potentialAction\":[{\"@type\":\"SearchAction\",\"target\":{\"@type\":\"EntryPoint\",\"urlTemplate\":\"https:\\\/\\\/cardinal-tapes.com\\\/?s={search_term_string}\"},\"query-input\":{\"@type\":\"PropertyValueSpecification\",\"valueRequired\":true,\"valueName\":\"search_term_string\"}}],\"inLanguage\":\"it-IT\"}]}<\/script>\n<!-- \/ Yoast SEO plugin. -->","yoast_head_json":{"title":"Nastro sigillante ad alte prestazioni 3M 4412N | Nastri Cardinal","description":"Il nastro sigillante ad alte prestazioni 3M 4412N \u00e8 costituito da un nastro sigillante acrilico monofacciale con un robusto supporto ionomerico e un adesivo viscoelastico.","robots":{"index":"index","follow":"follow","max-snippet":"max-snippet:-1","max-image-preview":"max-image-preview:large","max-video-preview":"max-video-preview:-1"},"canonical":"https:\/\/cardinal-tapes.com\/it\/nastri-adesivi\/nastri-monoadesivi\/nastro-sigillante-ad-alte-prestazioni-da-3-m-4412n\/","og_locale":"it_IT","og_type":"article","og_title":"Nastro sigillante ad alte prestazioni 3M 4412N | Nastri Cardinal","og_description":"Il nastro sigillante ad alte prestazioni 3M 4412N \u00e8 costituito da un nastro sigillante acrilico monofacciale con un robusto supporto ionomerico e un adesivo viscoelastico.","og_url":"https:\/\/cardinal-tapes.com\/it\/nastri-adesivi\/nastri-monoadesivi\/nastro-sigillante-ad-alte-prestazioni-da-3-m-4412n\/","og_site_name":"cardinal TAPES","article_modified_time":"2025-07-10T11:18:27+00:00","og_image":[{"width":236,"height":167,"url":"https:\/\/cardinal-tapes.com\/wp-content\/uploads\/4411g-4411b-4412n.jpg","type":"image\/jpeg"}],"twitter_card":"summary_large_image","twitter_misc":{"Tempo di lettura stimato":"1 minuto"},"schema":{"@context":"https:\/\/schema.org","@graph":[{"@type":"WebPage","@id":"https:\/\/cardinal-tapes.com\/it\/nastri-adesivi\/nastri-monoadesivi\/nastro-sigillante-ad-alte-prestazioni-da-3-m-4412n\/","url":"https:\/\/cardinal-tapes.com\/it\/nastri-adesivi\/nastri-monoadesivi\/nastro-sigillante-ad-alte-prestazioni-da-3-m-4412n\/","name":"Nastro sigillante ad alte prestazioni 3M 4412N | Nastri Cardinal","isPartOf":{"@id":"https:\/\/cardinal-tapes.com\/#website"},"primaryImageOfPage":{"@id":"https:\/\/cardinal-tapes.com\/it\/nastri-adesivi\/nastri-monoadesivi\/nastro-sigillante-ad-alte-prestazioni-da-3-m-4412n\/#primaryimage"},"image":{"@id":"https:\/\/cardinal-tapes.com\/it\/nastri-adesivi\/nastri-monoadesivi\/nastro-sigillante-ad-alte-prestazioni-da-3-m-4412n\/#primaryimage"},"thumbnailUrl":"https:\/\/cardinal-tapes.com\/wp-content\/uploads\/4411g-4411b-4412n.jpg","datePublished":"2023-06-06T08:21:10+00:00","dateModified":"2025-07-10T11:18:27+00:00","description":"Il nastro sigillante ad alte prestazioni 3M 4412N \u00e8 costituito da un nastro sigillante acrilico monofacciale con un robusto supporto ionomerico e un adesivo viscoelastico.","breadcrumb":{"@id":"https:\/\/cardinal-tapes.com\/it\/nastri-adesivi\/nastri-monoadesivi\/nastro-sigillante-ad-alte-prestazioni-da-3-m-4412n\/#breadcrumb"},"inLanguage":"it-IT","potentialAction":[{"@type":"ReadAction","target":["https:\/\/cardinal-tapes.com\/it\/nastri-adesivi\/nastri-monoadesivi\/nastro-sigillante-ad-alte-prestazioni-da-3-m-4412n\/"]}]},{"@type":"ImageObject","inLanguage":"it-IT","@id":"https:\/\/cardinal-tapes.com\/it\/nastri-adesivi\/nastri-monoadesivi\/nastro-sigillante-ad-alte-prestazioni-da-3-m-4412n\/#primaryimage","url":"https:\/\/cardinal-tapes.com\/wp-content\/uploads\/4411g-4411b-4412n.jpg","contentUrl":"https:\/\/cardinal-tapes.com\/wp-content\/uploads\/4411g-4411b-4412n.jpg","width":236,"height":167,"caption":"4411g-4411b-4412n"},{"@type":"BreadcrumbList","@id":"https:\/\/cardinal-tapes.com\/it\/nastri-adesivi\/nastri-monoadesivi\/nastro-sigillante-ad-alte-prestazioni-da-3-m-4412n\/#breadcrumb","itemListElement":[{"@type":"ListItem","position":1,"name":"Startseite","item":"https:\/\/cardinal-tapes.com\/it\/casa\/"},{"@type":"ListItem","position":2,"name":"Nastri adesivi","item":"https:\/\/cardinal-tapes.com\/it\/nastri-adesivi-it\/"},{"@type":"ListItem","position":3,"name":"Nastri monoadesivi","item":"https:\/\/cardinal-tapes.com\/it\/categoria\/nastri-monoadesivi\/"},{"@type":"ListItem","position":4,"name":"Nastro sigillante ad alte prestazioni 3M\u2122 4412N"}]},{"@type":"WebSite","@id":"https:\/\/cardinal-tapes.com\/#website","url":"https:\/\/cardinal-tapes.com\/","name":"cardinal TAPES","description":"Klebetechnik aus Wuppertal","potentialAction":[{"@type":"SearchAction","target":{"@type":"EntryPoint","urlTemplate":"https:\/\/cardinal-tapes.com\/?s={search_term_string}"},"query-input":{"@type":"PropertyValueSpecification","valueRequired":true,"valueName":"search_term_string"}}],"inLanguage":"it-IT"}]}},"brands":[{"id":2166,"name":"3M","slug":"3m-it"}],"_links":{"self":[{"href":"https:\/\/cardinal-tapes.com\/it\/wp-json\/wp\/v2\/product\/63438","targetHints":{"allow":["GET"]}}],"collection":[{"href":"https:\/\/cardinal-tapes.com\/it\/wp-json\/wp\/v2\/product"}],"about":[{"href":"https:\/\/cardinal-tapes.com\/it\/wp-json\/wp\/v2\/types\/product"}],"wp:featuredmedia":[{"embeddable":true,"href":"https:\/\/cardinal-tapes.com\/it\/wp-json\/wp\/v2\/media\/26769"}],"wp:attachment":[{"href":"https:\/\/cardinal-tapes.com\/it\/wp-json\/wp\/v2\/media?parent=63438"}],"wp:term":[{"taxonomy":"pwb-brand","embeddable":true,"href":"https:\/\/cardinal-tapes.com\/it\/wp-json\/wp\/v2\/pwb-brand?post=63438"},{"taxonomy":"product_brand","embeddable":true,"href":"https:\/\/cardinal-tapes.com\/it\/wp-json\/wp\/v2\/product_brand?post=63438"},{"taxonomy":"product_cat","embeddable":true,"href":"https:\/\/cardinal-tapes.com\/it\/wp-json\/wp\/v2\/product_cat?post=63438"},{"taxonomy":"product_tag","embeddable":true,"href":"https:\/\/cardinal-tapes.com\/it\/wp-json\/wp\/v2\/product_tag?post=63438"}],"curies":[{"name":"wp","href":"https:\/\/api.w.org\/{rel}","templated":true}]}}