{"id":63424,"date":"2017-12-08T08:50:18","date_gmt":"2023-06-06T08:21:09","guid":{"rendered":"https:\/\/cardinal.pixel-tal.de\/klebebaender\/senza-categoria\/nastro-di-alluminio-3m-1436f\/"},"modified":"2025-07-11T09:07:01","modified_gmt":"2025-07-11T07:07:01","slug":"3m-1436-p-f-aluminium-klebeband","status":"publish","type":"product","link":"https:\/\/cardinal-tapes.com\/it\/nastri-adesivi\/aree-di-applicazione\/nastri-adesivi-in-alluminio\/3m-1436-p-f-aluminium-klebeband\/","title":{"rendered":"Nastro di alluminio 3M\u2122 1436F"},"content":{"rendered":"<p>Il nastro 3M\u2122 Aluminium Tape 1436F \u00e8 adatto a vari scopi e ha uno spessore di 0,075 mm. Il nastro adesivo in alluminio morbido con adesivo in gomma-resina e una copertura protettiva facile da rimuovere offre una buona conformabilit\u00e0 grazie al materiale di supporto sottile. Questo nastro adesivo \u00e8 adatto per applicazioni interne ed esterne. Aderisce a un&#8217;ampia variet\u00e0 di superfici, tra cui legno, metalli e plastica, e soddisfa lo standard DIN4102B1 per i materiali ignifughi.<\/p>\n<p><b>Propriet\u00e0<\/b><\/p>\n<p>Il nastro \u00e8 un nastro adesivo in alluminio economico per applicazioni semplici. Il nastro 1436F \u00e8 composto da un adesivo in gomma-resina con una buona adesione a un&#8217;ampia variet\u00e0 di substrati e da una copertura protettiva che consente la produzione di pezzi fustellati. Inoltre, offre una buona aderenza grazie al sottile materiale di supporto.<\/p>\n<p><b>Applicazioni<br \/>\n<\/b>&#8211; Resistenza alle alte temperature<br \/>\n&#8211; Adatto per uso interno ed esterno<\/p>\n","protected":false},"excerpt":{"rendered":"<p>Il nastro 3M\u2122 Aluminium Tape 1436F \u00e8 adatto a vari scopi e ha uno spessore di 0,075 mm. Il nastro adesivo in alluminio morbido con adesivo in gomma-resina e una copertura protettiva facile da rimuovere offre una buona conformabilit\u00e0 grazie al materiale di supporto sottile. Questo nastro adesivo \u00e8 adatto per applicazioni interne ed esterne. [&hellip;]<\/p>\n","protected":false},"featured_media":24365,"template":"","meta":{"_acf_changed":false},"pwb-brand":[2166],"product_brand":[],"product_cat":[1676,1826],"product_tag":[],"class_list":{"0":"post-63424","1":"product","2":"type-product","3":"status-publish","4":"has-post-thumbnail","6":"pwb-brand-3m-it","7":"product_cat-nastri-adesivi-in-alluminio","8":"product_cat-nastri-monoadesivi","10":"first","11":"instock","12":"taxable","13":"shipping-taxable","14":"purchasable","15":"product-type-variable"},"acf":[],"yoast_head":"<!-- This site is optimized with the Yoast SEO plugin v27.3 - https:\/\/yoast.com\/product\/yoast-seo-wordpress\/ -->\n<title>3M 1436F Nastro in alluminio | Cardinal TAPES<\/title>\n<meta name=\"description\" content=\"Il nastro adesivo in alluminio 3M 1436 viene utilizzato principalmente per proteggere i componenti dai danni provocati dal fuoco, per gli impianti di condizionamento e nel settore edile.\" \/>\n<meta name=\"robots\" content=\"index, follow, max-snippet:-1, max-image-preview:large, max-video-preview:-1\" \/>\n<link rel=\"canonical\" href=\"https:\/\/cardinal-tapes.com\/it\/nastri-adesivi\/aree-di-applicazione\/nastri-adesivi-in-alluminio\/3m-1436-p-f-aluminium-klebeband\/\" \/>\n<meta property=\"og:locale\" content=\"it_IT\" \/>\n<meta property=\"og:type\" content=\"article\" \/>\n<meta property=\"og:title\" content=\"3M 1436F Nastro in alluminio | Cardinal TAPES\" \/>\n<meta property=\"og:description\" content=\"Il nastro adesivo in alluminio 3M 1436 viene utilizzato principalmente per proteggere i componenti dai danni provocati dal fuoco, per gli impianti di condizionamento e nel settore edile.\" \/>\n<meta property=\"og:url\" content=\"https:\/\/cardinal-tapes.com\/it\/nastri-adesivi\/aree-di-applicazione\/nastri-adesivi-in-alluminio\/3m-1436-p-f-aluminium-klebeband\/\" \/>\n<meta property=\"og:site_name\" content=\"cardinal TAPES\" \/>\n<meta property=\"article:modified_time\" content=\"2025-07-11T07:07:01+00:00\" \/>\n<meta property=\"og:image\" content=\"https:\/\/cardinal-tapes.com\/wp-content\/uploads\/3m_f1.jpg\" \/>\n\t<meta property=\"og:image:width\" content=\"600\" \/>\n\t<meta property=\"og:image:height\" content=\"600\" \/>\n\t<meta property=\"og:image:type\" content=\"image\/jpeg\" \/>\n<meta name=\"twitter:card\" content=\"summary_large_image\" \/>\n<meta name=\"twitter:label1\" content=\"Tempo di lettura stimato\" \/>\n\t<meta name=\"twitter:data1\" content=\"1 minuto\" \/>\n<script type=\"application\/ld+json\" class=\"yoast-schema-graph\">{\"@context\":\"https:\\\/\\\/schema.org\",\"@graph\":[{\"@type\":\"WebPage\",\"@id\":\"https:\\\/\\\/cardinal-tapes.com\\\/it\\\/nastri-adesivi\\\/aree-di-applicazione\\\/nastri-adesivi-in-alluminio\\\/3m-1436-p-f-aluminium-klebeband\\\/\",\"url\":\"https:\\\/\\\/cardinal-tapes.com\\\/it\\\/nastri-adesivi\\\/aree-di-applicazione\\\/nastri-adesivi-in-alluminio\\\/3m-1436-p-f-aluminium-klebeband\\\/\",\"name\":\"3M 1436F Nastro in alluminio | Cardinal TAPES\",\"isPartOf\":{\"@id\":\"https:\\\/\\\/cardinal-tapes.com\\\/#website\"},\"primaryImageOfPage\":{\"@id\":\"https:\\\/\\\/cardinal-tapes.com\\\/it\\\/nastri-adesivi\\\/aree-di-applicazione\\\/nastri-adesivi-in-alluminio\\\/3m-1436-p-f-aluminium-klebeband\\\/#primaryimage\"},\"image\":{\"@id\":\"https:\\\/\\\/cardinal-tapes.com\\\/it\\\/nastri-adesivi\\\/aree-di-applicazione\\\/nastri-adesivi-in-alluminio\\\/3m-1436-p-f-aluminium-klebeband\\\/#primaryimage\"},\"thumbnailUrl\":\"https:\\\/\\\/cardinal-tapes.com\\\/wp-content\\\/uploads\\\/3m_f1.jpg\",\"datePublished\":\"2023-06-06T08:21:09+00:00\",\"dateModified\":\"2025-07-11T07:07:01+00:00\",\"description\":\"Il nastro adesivo in alluminio 3M 1436 viene utilizzato principalmente per proteggere i componenti dai danni provocati dal fuoco, per gli impianti di condizionamento e nel settore edile.\",\"breadcrumb\":{\"@id\":\"https:\\\/\\\/cardinal-tapes.com\\\/it\\\/nastri-adesivi\\\/aree-di-applicazione\\\/nastri-adesivi-in-alluminio\\\/3m-1436-p-f-aluminium-klebeband\\\/#breadcrumb\"},\"inLanguage\":\"it-IT\",\"potentialAction\":[{\"@type\":\"ReadAction\",\"target\":[\"https:\\\/\\\/cardinal-tapes.com\\\/it\\\/nastri-adesivi\\\/aree-di-applicazione\\\/nastri-adesivi-in-alluminio\\\/3m-1436-p-f-aluminium-klebeband\\\/\"]}]},{\"@type\":\"ImageObject\",\"inLanguage\":\"it-IT\",\"@id\":\"https:\\\/\\\/cardinal-tapes.com\\\/it\\\/nastri-adesivi\\\/aree-di-applicazione\\\/nastri-adesivi-in-alluminio\\\/3m-1436-p-f-aluminium-klebeband\\\/#primaryimage\",\"url\":\"https:\\\/\\\/cardinal-tapes.com\\\/wp-content\\\/uploads\\\/3m_f1.jpg\",\"contentUrl\":\"https:\\\/\\\/cardinal-tapes.com\\\/wp-content\\\/uploads\\\/3m_f1.jpg\",\"width\":600,\"height\":600},{\"@type\":\"BreadcrumbList\",\"@id\":\"https:\\\/\\\/cardinal-tapes.com\\\/it\\\/nastri-adesivi\\\/aree-di-applicazione\\\/nastri-adesivi-in-alluminio\\\/3m-1436-p-f-aluminium-klebeband\\\/#breadcrumb\",\"itemListElement\":[{\"@type\":\"ListItem\",\"position\":1,\"name\":\"Startseite\",\"item\":\"https:\\\/\\\/cardinal-tapes.com\\\/it\\\/casa\\\/\"},{\"@type\":\"ListItem\",\"position\":2,\"name\":\"Nastri adesivi\",\"item\":\"https:\\\/\\\/cardinal-tapes.com\\\/it\\\/nastri-adesivi-it\\\/\"},{\"@type\":\"ListItem\",\"position\":3,\"name\":\"Einseitige Klebeb\u00e4nder\",\"item\":\"https:\\\/\\\/cardinal-tapes.com\\\/kategorie\\\/einseitige-klebebaender\\\/\"},{\"@type\":\"ListItem\",\"position\":4,\"name\":\"Nastro di alluminio 3M\u2122 1436F\"}]},{\"@type\":\"WebSite\",\"@id\":\"https:\\\/\\\/cardinal-tapes.com\\\/#website\",\"url\":\"https:\\\/\\\/cardinal-tapes.com\\\/\",\"name\":\"cardinal TAPES\",\"description\":\"Klebetechnik aus Wuppertal\",\"potentialAction\":[{\"@type\":\"SearchAction\",\"target\":{\"@type\":\"EntryPoint\",\"urlTemplate\":\"https:\\\/\\\/cardinal-tapes.com\\\/?s={search_term_string}\"},\"query-input\":{\"@type\":\"PropertyValueSpecification\",\"valueRequired\":true,\"valueName\":\"search_term_string\"}}],\"inLanguage\":\"it-IT\"}]}<\/script>\n<!-- \/ Yoast SEO plugin. -->","yoast_head_json":{"title":"3M 1436F Nastro in alluminio | Cardinal TAPES","description":"Il nastro adesivo in alluminio 3M 1436 viene utilizzato principalmente per proteggere i componenti dai danni provocati dal fuoco, per gli impianti di condizionamento e nel settore edile.","robots":{"index":"index","follow":"follow","max-snippet":"max-snippet:-1","max-image-preview":"max-image-preview:large","max-video-preview":"max-video-preview:-1"},"canonical":"https:\/\/cardinal-tapes.com\/it\/nastri-adesivi\/aree-di-applicazione\/nastri-adesivi-in-alluminio\/3m-1436-p-f-aluminium-klebeband\/","og_locale":"it_IT","og_type":"article","og_title":"3M 1436F Nastro in alluminio | Cardinal TAPES","og_description":"Il nastro adesivo in alluminio 3M 1436 viene utilizzato principalmente per proteggere i componenti dai danni provocati dal fuoco, per gli impianti di condizionamento e nel settore edile.","og_url":"https:\/\/cardinal-tapes.com\/it\/nastri-adesivi\/aree-di-applicazione\/nastri-adesivi-in-alluminio\/3m-1436-p-f-aluminium-klebeband\/","og_site_name":"cardinal TAPES","article_modified_time":"2025-07-11T07:07:01+00:00","og_image":[{"width":600,"height":600,"url":"https:\/\/cardinal-tapes.com\/wp-content\/uploads\/3m_f1.jpg","type":"image\/jpeg"}],"twitter_card":"summary_large_image","twitter_misc":{"Tempo di lettura stimato":"1 minuto"},"schema":{"@context":"https:\/\/schema.org","@graph":[{"@type":"WebPage","@id":"https:\/\/cardinal-tapes.com\/it\/nastri-adesivi\/aree-di-applicazione\/nastri-adesivi-in-alluminio\/3m-1436-p-f-aluminium-klebeband\/","url":"https:\/\/cardinal-tapes.com\/it\/nastri-adesivi\/aree-di-applicazione\/nastri-adesivi-in-alluminio\/3m-1436-p-f-aluminium-klebeband\/","name":"3M 1436F Nastro in alluminio | Cardinal TAPES","isPartOf":{"@id":"https:\/\/cardinal-tapes.com\/#website"},"primaryImageOfPage":{"@id":"https:\/\/cardinal-tapes.com\/it\/nastri-adesivi\/aree-di-applicazione\/nastri-adesivi-in-alluminio\/3m-1436-p-f-aluminium-klebeband\/#primaryimage"},"image":{"@id":"https:\/\/cardinal-tapes.com\/it\/nastri-adesivi\/aree-di-applicazione\/nastri-adesivi-in-alluminio\/3m-1436-p-f-aluminium-klebeband\/#primaryimage"},"thumbnailUrl":"https:\/\/cardinal-tapes.com\/wp-content\/uploads\/3m_f1.jpg","datePublished":"2023-06-06T08:21:09+00:00","dateModified":"2025-07-11T07:07:01+00:00","description":"Il nastro adesivo in alluminio 3M 1436 viene utilizzato principalmente per proteggere i componenti dai danni provocati dal fuoco, per gli impianti di condizionamento e nel settore edile.","breadcrumb":{"@id":"https:\/\/cardinal-tapes.com\/it\/nastri-adesivi\/aree-di-applicazione\/nastri-adesivi-in-alluminio\/3m-1436-p-f-aluminium-klebeband\/#breadcrumb"},"inLanguage":"it-IT","potentialAction":[{"@type":"ReadAction","target":["https:\/\/cardinal-tapes.com\/it\/nastri-adesivi\/aree-di-applicazione\/nastri-adesivi-in-alluminio\/3m-1436-p-f-aluminium-klebeband\/"]}]},{"@type":"ImageObject","inLanguage":"it-IT","@id":"https:\/\/cardinal-tapes.com\/it\/nastri-adesivi\/aree-di-applicazione\/nastri-adesivi-in-alluminio\/3m-1436-p-f-aluminium-klebeband\/#primaryimage","url":"https:\/\/cardinal-tapes.com\/wp-content\/uploads\/3m_f1.jpg","contentUrl":"https:\/\/cardinal-tapes.com\/wp-content\/uploads\/3m_f1.jpg","width":600,"height":600},{"@type":"BreadcrumbList","@id":"https:\/\/cardinal-tapes.com\/it\/nastri-adesivi\/aree-di-applicazione\/nastri-adesivi-in-alluminio\/3m-1436-p-f-aluminium-klebeband\/#breadcrumb","itemListElement":[{"@type":"ListItem","position":1,"name":"Startseite","item":"https:\/\/cardinal-tapes.com\/it\/casa\/"},{"@type":"ListItem","position":2,"name":"Nastri adesivi","item":"https:\/\/cardinal-tapes.com\/it\/nastri-adesivi-it\/"},{"@type":"ListItem","position":3,"name":"Einseitige Klebeb\u00e4nder","item":"https:\/\/cardinal-tapes.com\/kategorie\/einseitige-klebebaender\/"},{"@type":"ListItem","position":4,"name":"Nastro di alluminio 3M\u2122 1436F"}]},{"@type":"WebSite","@id":"https:\/\/cardinal-tapes.com\/#website","url":"https:\/\/cardinal-tapes.com\/","name":"cardinal TAPES","description":"Klebetechnik aus Wuppertal","potentialAction":[{"@type":"SearchAction","target":{"@type":"EntryPoint","urlTemplate":"https:\/\/cardinal-tapes.com\/?s={search_term_string}"},"query-input":{"@type":"PropertyValueSpecification","valueRequired":true,"valueName":"search_term_string"}}],"inLanguage":"it-IT"}]}},"brands":[{"id":2166,"name":"3M","slug":"3m-it"}],"_links":{"self":[{"href":"https:\/\/cardinal-tapes.com\/it\/wp-json\/wp\/v2\/product\/63424","targetHints":{"allow":["GET"]}}],"collection":[{"href":"https:\/\/cardinal-tapes.com\/it\/wp-json\/wp\/v2\/product"}],"about":[{"href":"https:\/\/cardinal-tapes.com\/it\/wp-json\/wp\/v2\/types\/product"}],"wp:featuredmedia":[{"embeddable":true,"href":"https:\/\/cardinal-tapes.com\/it\/wp-json\/wp\/v2\/media\/24365"}],"wp:attachment":[{"href":"https:\/\/cardinal-tapes.com\/it\/wp-json\/wp\/v2\/media?parent=63424"}],"wp:term":[{"taxonomy":"pwb-brand","embeddable":true,"href":"https:\/\/cardinal-tapes.com\/it\/wp-json\/wp\/v2\/pwb-brand?post=63424"},{"taxonomy":"product_brand","embeddable":true,"href":"https:\/\/cardinal-tapes.com\/it\/wp-json\/wp\/v2\/product_brand?post=63424"},{"taxonomy":"product_cat","embeddable":true,"href":"https:\/\/cardinal-tapes.com\/it\/wp-json\/wp\/v2\/product_cat?post=63424"},{"taxonomy":"product_tag","embeddable":true,"href":"https:\/\/cardinal-tapes.com\/it\/wp-json\/wp\/v2\/product_tag?post=63424"}],"curies":[{"name":"wp","href":"https:\/\/api.w.org\/{rel}","templated":true}]}}