{"id":63323,"date":"2017-12-08T08:48:37","date_gmt":"2023-06-06T08:21:07","guid":{"rendered":"https:\/\/cardinal.pixel-tal.de\/klebebaender\/senza-categoria\/3m-nastro-adesivo-in-tessuto-di-vetro-e-alluminio-363\/"},"modified":"2025-07-11T09:04:34","modified_gmt":"2025-07-11T07:04:34","slug":"3m-363-alluminio-vetro-tessuto-nastro-adesivo","status":"publish","type":"product","link":"https:\/\/cardinal-tapes.com\/it\/nastri-adesivi\/aree-di-applicazione\/nastri-adesivi-in-alluminio\/3m-363-alluminio-vetro-tessuto-nastro-adesivo\/","title":{"rendered":"3M\u2122 Nastro adesivo in tessuto di vetro e alluminio 363"},"content":{"rendered":"<p>Il nastro in tessuto di vetro e alluminio 3M\u2122 363, resistente al calore, \u00e8 altamente adesivo e flessibile, ed \u00e8 adatto come scudo termico per applicazioni aerospaziali, automobilistiche e manifatturiere in generale. Questo nastro adesivo \u00e8 costituito da un supporto in alluminio morbido rivestito da un adesivo siliconico in cui \u00e8 stato incorporato un tessuto in fibra di vetro.<\/p>\n<p><strong>Propriet\u00e0<br \/>\n<\/strong>Il nastro 363 \u00e8 un tessuto di vetro robusto e resistente all&#8217;abrasione, laminato con un foglio di alluminio radio-riflettente. Il nastro 363 utilizza un adesivo siliconico altamente adesivo e resistente alle temperature, per cui pu\u00f2 essere utilizzato in applicazioni complesse. \u00c8 inoltre riflettente alla luce e al calore, ignifugo, resistente all&#8217;umidit\u00e0, agli agenti atmosferici e ai raggi UV.<\/p>\n<p><b>Applicazioni<\/b><br \/>\n&#8211; Mascheratura durante la spruzzatura al plasma<br \/>\n&#8211; Protezione di cavi e strumenti nell&#8217;industria aeronautica e automobilistica<\/p>\n","protected":false},"excerpt":{"rendered":"<p>Il nastro in tessuto di vetro e alluminio 3M\u2122 363, resistente al calore, \u00e8 altamente adesivo e flessibile, ed \u00e8 adatto come scudo termico per applicazioni aerospaziali, automobilistiche e manifatturiere in generale. Questo nastro adesivo \u00e8 costituito da un supporto in alluminio morbido rivestito da un adesivo siliconico in cui \u00e8 stato incorporato un tessuto [&hellip;]<\/p>\n","protected":false},"featured_media":24369,"template":"","meta":{"_acf_changed":false},"pwb-brand":[2166],"product_brand":[],"product_cat":[1826,1676],"product_tag":[],"class_list":{"0":"post-63323","1":"product","2":"type-product","3":"status-publish","4":"has-post-thumbnail","6":"pwb-brand-3m-it","7":"product_cat-nastri-monoadesivi","8":"product_cat-nastri-adesivi-in-alluminio","10":"first","11":"outofstock","12":"taxable","13":"shipping-taxable","14":"purchasable","15":"product-type-variable"},"acf":[],"yoast_head":"<!-- This site is optimized with the Yoast SEO plugin v27.3 - https:\/\/yoast.com\/product\/yoast-seo-wordpress\/ -->\n<title>3M 363 Nastro adesivo in alluminio per tessuti di vetro | Nastri Cardinali<\/title>\n<meta name=\"description\" content=\"Il nastro adesivo in tessuto di vetro e alluminio 3M 363 \u00e8 utilizzato principalmente nell&#039;industria aeronautica e automobilistica. Per saperne di pi\u00f9 sul modello 3m 363.\" \/>\n<meta name=\"robots\" content=\"index, follow, max-snippet:-1, max-image-preview:large, max-video-preview:-1\" \/>\n<link rel=\"canonical\" href=\"https:\/\/cardinal-tapes.com\/it\/nastri-adesivi\/aree-di-applicazione\/nastri-adesivi-in-alluminio\/3m-363-alluminio-vetro-tessuto-nastro-adesivo\/\" \/>\n<meta property=\"og:locale\" content=\"it_IT\" \/>\n<meta property=\"og:type\" content=\"article\" \/>\n<meta property=\"og:title\" content=\"3M 363 Nastro adesivo in alluminio per tessuti di vetro | Nastri Cardinali\" \/>\n<meta property=\"og:description\" content=\"Il nastro adesivo in tessuto di vetro e alluminio 3M 363 \u00e8 utilizzato principalmente nell&#039;industria aeronautica e automobilistica. Per saperne di pi\u00f9 sul modello 3m 363.\" \/>\n<meta property=\"og:url\" content=\"https:\/\/cardinal-tapes.com\/it\/nastri-adesivi\/aree-di-applicazione\/nastri-adesivi-in-alluminio\/3m-363-alluminio-vetro-tessuto-nastro-adesivo\/\" \/>\n<meta property=\"og:site_name\" content=\"cardinal TAPES\" \/>\n<meta property=\"article:modified_time\" content=\"2025-07-11T07:04:34+00:00\" \/>\n<meta property=\"og:image\" content=\"https:\/\/cardinal-tapes.com\/wp-content\/uploads\/3m_aluminium_glasgewebe_363.jpg\" \/>\n\t<meta property=\"og:image:width\" content=\"600\" \/>\n\t<meta property=\"og:image:height\" content=\"600\" \/>\n\t<meta property=\"og:image:type\" content=\"image\/jpeg\" \/>\n<meta name=\"twitter:card\" content=\"summary_large_image\" \/>\n<meta name=\"twitter:label1\" content=\"Tempo di lettura stimato\" \/>\n\t<meta name=\"twitter:data1\" content=\"1 minuto\" \/>\n<script type=\"application\/ld+json\" class=\"yoast-schema-graph\">{\"@context\":\"https:\\\/\\\/schema.org\",\"@graph\":[{\"@type\":\"WebPage\",\"@id\":\"https:\\\/\\\/cardinal-tapes.com\\\/it\\\/nastri-adesivi\\\/aree-di-applicazione\\\/nastri-adesivi-in-alluminio\\\/3m-363-alluminio-vetro-tessuto-nastro-adesivo\\\/\",\"url\":\"https:\\\/\\\/cardinal-tapes.com\\\/it\\\/nastri-adesivi\\\/aree-di-applicazione\\\/nastri-adesivi-in-alluminio\\\/3m-363-alluminio-vetro-tessuto-nastro-adesivo\\\/\",\"name\":\"3M 363 Nastro adesivo in alluminio per tessuti di vetro | Nastri Cardinali\",\"isPartOf\":{\"@id\":\"https:\\\/\\\/cardinal-tapes.com\\\/#website\"},\"primaryImageOfPage\":{\"@id\":\"https:\\\/\\\/cardinal-tapes.com\\\/it\\\/nastri-adesivi\\\/aree-di-applicazione\\\/nastri-adesivi-in-alluminio\\\/3m-363-alluminio-vetro-tessuto-nastro-adesivo\\\/#primaryimage\"},\"image\":{\"@id\":\"https:\\\/\\\/cardinal-tapes.com\\\/it\\\/nastri-adesivi\\\/aree-di-applicazione\\\/nastri-adesivi-in-alluminio\\\/3m-363-alluminio-vetro-tessuto-nastro-adesivo\\\/#primaryimage\"},\"thumbnailUrl\":\"https:\\\/\\\/cardinal-tapes.com\\\/wp-content\\\/uploads\\\/3m_aluminium_glasgewebe_363.jpg\",\"datePublished\":\"2023-06-06T08:21:07+00:00\",\"dateModified\":\"2025-07-11T07:04:34+00:00\",\"description\":\"Il nastro adesivo in tessuto di vetro e alluminio 3M 363 \u00e8 utilizzato principalmente nell'industria aeronautica e automobilistica. Per saperne di pi\u00f9 sul modello 3m 363.\",\"breadcrumb\":{\"@id\":\"https:\\\/\\\/cardinal-tapes.com\\\/it\\\/nastri-adesivi\\\/aree-di-applicazione\\\/nastri-adesivi-in-alluminio\\\/3m-363-alluminio-vetro-tessuto-nastro-adesivo\\\/#breadcrumb\"},\"inLanguage\":\"it-IT\",\"potentialAction\":[{\"@type\":\"ReadAction\",\"target\":[\"https:\\\/\\\/cardinal-tapes.com\\\/it\\\/nastri-adesivi\\\/aree-di-applicazione\\\/nastri-adesivi-in-alluminio\\\/3m-363-alluminio-vetro-tessuto-nastro-adesivo\\\/\"]}]},{\"@type\":\"ImageObject\",\"inLanguage\":\"it-IT\",\"@id\":\"https:\\\/\\\/cardinal-tapes.com\\\/it\\\/nastri-adesivi\\\/aree-di-applicazione\\\/nastri-adesivi-in-alluminio\\\/3m-363-alluminio-vetro-tessuto-nastro-adesivo\\\/#primaryimage\",\"url\":\"https:\\\/\\\/cardinal-tapes.com\\\/wp-content\\\/uploads\\\/3m_aluminium_glasgewebe_363.jpg\",\"contentUrl\":\"https:\\\/\\\/cardinal-tapes.com\\\/wp-content\\\/uploads\\\/3m_aluminium_glasgewebe_363.jpg\",\"width\":600,\"height\":600,\"caption\":\"Nastro adesivo 3M in tessuto di alluminio e vetro 363\"},{\"@type\":\"BreadcrumbList\",\"@id\":\"https:\\\/\\\/cardinal-tapes.com\\\/it\\\/nastri-adesivi\\\/aree-di-applicazione\\\/nastri-adesivi-in-alluminio\\\/3m-363-alluminio-vetro-tessuto-nastro-adesivo\\\/#breadcrumb\",\"itemListElement\":[{\"@type\":\"ListItem\",\"position\":1,\"name\":\"Startseite\",\"item\":\"https:\\\/\\\/cardinal-tapes.com\\\/it\\\/casa\\\/\"},{\"@type\":\"ListItem\",\"position\":2,\"name\":\"Nastri adesivi\",\"item\":\"https:\\\/\\\/cardinal-tapes.com\\\/it\\\/nastri-adesivi-it\\\/\"},{\"@type\":\"ListItem\",\"position\":3,\"name\":\"Einseitige Klebeb\u00e4nder\",\"item\":\"https:\\\/\\\/cardinal-tapes.com\\\/kategorie\\\/einseitige-klebebaender\\\/\"},{\"@type\":\"ListItem\",\"position\":4,\"name\":\"3M\u2122 Nastro adesivo in tessuto di vetro e alluminio 363\"}]},{\"@type\":\"WebSite\",\"@id\":\"https:\\\/\\\/cardinal-tapes.com\\\/#website\",\"url\":\"https:\\\/\\\/cardinal-tapes.com\\\/\",\"name\":\"cardinal TAPES\",\"description\":\"Klebetechnik aus Wuppertal\",\"potentialAction\":[{\"@type\":\"SearchAction\",\"target\":{\"@type\":\"EntryPoint\",\"urlTemplate\":\"https:\\\/\\\/cardinal-tapes.com\\\/?s={search_term_string}\"},\"query-input\":{\"@type\":\"PropertyValueSpecification\",\"valueRequired\":true,\"valueName\":\"search_term_string\"}}],\"inLanguage\":\"it-IT\"}]}<\/script>\n<!-- \/ Yoast SEO plugin. -->","yoast_head_json":{"title":"3M 363 Nastro adesivo in alluminio per tessuti di vetro | Nastri Cardinali","description":"Il nastro adesivo in tessuto di vetro e alluminio 3M 363 \u00e8 utilizzato principalmente nell'industria aeronautica e automobilistica. Per saperne di pi\u00f9 sul modello 3m 363.","robots":{"index":"index","follow":"follow","max-snippet":"max-snippet:-1","max-image-preview":"max-image-preview:large","max-video-preview":"max-video-preview:-1"},"canonical":"https:\/\/cardinal-tapes.com\/it\/nastri-adesivi\/aree-di-applicazione\/nastri-adesivi-in-alluminio\/3m-363-alluminio-vetro-tessuto-nastro-adesivo\/","og_locale":"it_IT","og_type":"article","og_title":"3M 363 Nastro adesivo in alluminio per tessuti di vetro | Nastri Cardinali","og_description":"Il nastro adesivo in tessuto di vetro e alluminio 3M 363 \u00e8 utilizzato principalmente nell'industria aeronautica e automobilistica. Per saperne di pi\u00f9 sul modello 3m 363.","og_url":"https:\/\/cardinal-tapes.com\/it\/nastri-adesivi\/aree-di-applicazione\/nastri-adesivi-in-alluminio\/3m-363-alluminio-vetro-tessuto-nastro-adesivo\/","og_site_name":"cardinal TAPES","article_modified_time":"2025-07-11T07:04:34+00:00","og_image":[{"width":600,"height":600,"url":"https:\/\/cardinal-tapes.com\/wp-content\/uploads\/3m_aluminium_glasgewebe_363.jpg","type":"image\/jpeg"}],"twitter_card":"summary_large_image","twitter_misc":{"Tempo di lettura stimato":"1 minuto"},"schema":{"@context":"https:\/\/schema.org","@graph":[{"@type":"WebPage","@id":"https:\/\/cardinal-tapes.com\/it\/nastri-adesivi\/aree-di-applicazione\/nastri-adesivi-in-alluminio\/3m-363-alluminio-vetro-tessuto-nastro-adesivo\/","url":"https:\/\/cardinal-tapes.com\/it\/nastri-adesivi\/aree-di-applicazione\/nastri-adesivi-in-alluminio\/3m-363-alluminio-vetro-tessuto-nastro-adesivo\/","name":"3M 363 Nastro adesivo in alluminio per tessuti di vetro | Nastri Cardinali","isPartOf":{"@id":"https:\/\/cardinal-tapes.com\/#website"},"primaryImageOfPage":{"@id":"https:\/\/cardinal-tapes.com\/it\/nastri-adesivi\/aree-di-applicazione\/nastri-adesivi-in-alluminio\/3m-363-alluminio-vetro-tessuto-nastro-adesivo\/#primaryimage"},"image":{"@id":"https:\/\/cardinal-tapes.com\/it\/nastri-adesivi\/aree-di-applicazione\/nastri-adesivi-in-alluminio\/3m-363-alluminio-vetro-tessuto-nastro-adesivo\/#primaryimage"},"thumbnailUrl":"https:\/\/cardinal-tapes.com\/wp-content\/uploads\/3m_aluminium_glasgewebe_363.jpg","datePublished":"2023-06-06T08:21:07+00:00","dateModified":"2025-07-11T07:04:34+00:00","description":"Il nastro adesivo in tessuto di vetro e alluminio 3M 363 \u00e8 utilizzato principalmente nell'industria aeronautica e automobilistica. Per saperne di pi\u00f9 sul modello 3m 363.","breadcrumb":{"@id":"https:\/\/cardinal-tapes.com\/it\/nastri-adesivi\/aree-di-applicazione\/nastri-adesivi-in-alluminio\/3m-363-alluminio-vetro-tessuto-nastro-adesivo\/#breadcrumb"},"inLanguage":"it-IT","potentialAction":[{"@type":"ReadAction","target":["https:\/\/cardinal-tapes.com\/it\/nastri-adesivi\/aree-di-applicazione\/nastri-adesivi-in-alluminio\/3m-363-alluminio-vetro-tessuto-nastro-adesivo\/"]}]},{"@type":"ImageObject","inLanguage":"it-IT","@id":"https:\/\/cardinal-tapes.com\/it\/nastri-adesivi\/aree-di-applicazione\/nastri-adesivi-in-alluminio\/3m-363-alluminio-vetro-tessuto-nastro-adesivo\/#primaryimage","url":"https:\/\/cardinal-tapes.com\/wp-content\/uploads\/3m_aluminium_glasgewebe_363.jpg","contentUrl":"https:\/\/cardinal-tapes.com\/wp-content\/uploads\/3m_aluminium_glasgewebe_363.jpg","width":600,"height":600,"caption":"Nastro adesivo 3M in tessuto di alluminio e vetro 363"},{"@type":"BreadcrumbList","@id":"https:\/\/cardinal-tapes.com\/it\/nastri-adesivi\/aree-di-applicazione\/nastri-adesivi-in-alluminio\/3m-363-alluminio-vetro-tessuto-nastro-adesivo\/#breadcrumb","itemListElement":[{"@type":"ListItem","position":1,"name":"Startseite","item":"https:\/\/cardinal-tapes.com\/it\/casa\/"},{"@type":"ListItem","position":2,"name":"Nastri adesivi","item":"https:\/\/cardinal-tapes.com\/it\/nastri-adesivi-it\/"},{"@type":"ListItem","position":3,"name":"Einseitige Klebeb\u00e4nder","item":"https:\/\/cardinal-tapes.com\/kategorie\/einseitige-klebebaender\/"},{"@type":"ListItem","position":4,"name":"3M\u2122 Nastro adesivo in tessuto di vetro e alluminio 363"}]},{"@type":"WebSite","@id":"https:\/\/cardinal-tapes.com\/#website","url":"https:\/\/cardinal-tapes.com\/","name":"cardinal TAPES","description":"Klebetechnik aus Wuppertal","potentialAction":[{"@type":"SearchAction","target":{"@type":"EntryPoint","urlTemplate":"https:\/\/cardinal-tapes.com\/?s={search_term_string}"},"query-input":{"@type":"PropertyValueSpecification","valueRequired":true,"valueName":"search_term_string"}}],"inLanguage":"it-IT"}]}},"brands":[{"id":2166,"name":"3M","slug":"3m-it"}],"_links":{"self":[{"href":"https:\/\/cardinal-tapes.com\/it\/wp-json\/wp\/v2\/product\/63323","targetHints":{"allow":["GET"]}}],"collection":[{"href":"https:\/\/cardinal-tapes.com\/it\/wp-json\/wp\/v2\/product"}],"about":[{"href":"https:\/\/cardinal-tapes.com\/it\/wp-json\/wp\/v2\/types\/product"}],"wp:featuredmedia":[{"embeddable":true,"href":"https:\/\/cardinal-tapes.com\/it\/wp-json\/wp\/v2\/media\/24369"}],"wp:attachment":[{"href":"https:\/\/cardinal-tapes.com\/it\/wp-json\/wp\/v2\/media?parent=63323"}],"wp:term":[{"taxonomy":"pwb-brand","embeddable":true,"href":"https:\/\/cardinal-tapes.com\/it\/wp-json\/wp\/v2\/pwb-brand?post=63323"},{"taxonomy":"product_brand","embeddable":true,"href":"https:\/\/cardinal-tapes.com\/it\/wp-json\/wp\/v2\/product_brand?post=63323"},{"taxonomy":"product_cat","embeddable":true,"href":"https:\/\/cardinal-tapes.com\/it\/wp-json\/wp\/v2\/product_cat?post=63323"},{"taxonomy":"product_tag","embeddable":true,"href":"https:\/\/cardinal-tapes.com\/it\/wp-json\/wp\/v2\/product_tag?post=63323"}],"curies":[{"name":"wp","href":"https:\/\/api.w.org\/{rel}","templated":true}]}}